{"id":12797,"date":"2025-04-05T15:21:48","date_gmt":"2025-04-15T20:27:04","guid":{"rendered":"https:\/\/www.ufi.eu\/pcn\/Bez%20kategorije\/izrada-clp-oznake-i-provjera-sukladnosti\/"},"modified":"2025-04-28T12:14:51","modified_gmt":"2025-04-28T12:14:51","slug":"izrada-clp-oznake-i-provjera-sukladnosti","status":"publish","type":"product","link":"https:\/\/www.ufi.eu\/hr\/product\/izrada-clp-oznake-i-provjera-sukladnosti\/","title":{"rendered":"Izrada CLP oznake i provjera sukladnosti"},"content":{"rendered":"\n<p><strong>Profesionalne usluge ozna\u010davanja opasnih smjesa prema Uredbi CLP (EC br. 1272\/2008)<\/strong><\/p>\n\n<p>Specijalizirani smo za izradu i provjeru zakonski uskla\u0111enih oznaka za opasne kemijske proizvode. Bilo da lansirate kozmeti\u010dku bazu s opasnim komponentama, industrijsko sredstvo za \u010di\u0161\u0107enje ili neku drugu kemijsku mje\u0161avinu, na\u0161a usluga ozna\u010davanja CLP osigurava da ozna\u010davanje va\u0161eg proizvoda ispunjava sve zakonske zahtjeve diljem EU i EEA. <\/p>\n\n<h2 class=\"wp-block-heading\" id=\"h-why-clp-compliant-labels-are-essential\">Za\u0161to su oznake uskla\u0111ene s CLP-om klju\u010dne<\/h2>\n\n<p>Prema <strong>Uredbi CLP (Razvrstavanje, ozna\u010davanje i pakiranje)<\/strong> , dobavlja\u010di opasnih tvari i smjesa zakonski su obvezni:<\/p>\n\n<ul class=\"wp-block-list\">\n<li>Klasificiraju svoje proizvode prema fizi\u010dkim, zdravstvenim i okoli\u0161nim opasnostima.<\/li>\n\n\n\n<li>Ozna\u010dite ih na odgovaraju\u0107i na\u010din koriste\u0107i propisane elemente poput piktograma opasnosti, signalnih rije\u010di i standardiziranih izjava o opasnosti i mjerama opreza.<\/li>\n\n\n\n<li>Zapakirajte ih na siguran na\u010din i uklju\u010dite potrebnu identifikaciju dobavlja\u010da.<\/li>\n<\/ul>\n\n<p>Neto\u010dne ili nepotpune oznake mogu rezultirati <strong>povla\u010denjem proizvoda<\/strong> , <strong>zakonskim sankcijama<\/strong> ili <strong>odbijanjem od strane trgovaca<\/strong> i internetskih tr\u017ei\u0161ta.<\/p>\n\n<h2 class=\"wp-block-heading\" id=\"h-what-our-clp-label-service-includes\">\u0160to uklju\u010duje na\u0161a usluga CLP oznake<\/h2>\n\n<h4 class=\"wp-block-heading\" id=\"h-1-clp-label-creation\">1. <strong>Stvaranje CLP oznake<\/strong><\/h4>\n\n<p>Dizajniramo va\u0161u naljepnicu od nule, na temelju sigurnosno-tehni\u010dkog lista (SDS) ili podataka o formulaciji proizvoda. Na\u0161a usluga uklju\u010duje: <\/p>\n\n<ul class=\"wp-block-list\">\n<li>Ispravna klasifikacija opasnosti (na temelju SDS-a ili informacija o sastojcima).<\/li>\n\n\n\n<li>Odabir odgovaraju\u0107ih <strong>piktograma opasnosti<\/strong> , <strong>signalne rije\u010di<\/strong> , <strong>H-izjava<\/strong> i <strong>P-izjava<\/strong> .<\/li>\n\n\n\n<li>Izgled prema tra\u017eenim dimenzijama i \u010ditljivosti.<\/li>\n\n\n\n<li>Uklju\u010divanje imena dobavlja\u010da, UFI (ako je primjenjivo) i drugih pravnih elemenata.<\/li>\n<\/ul>\n\n<h4 class=\"wp-block-heading\" id=\"h-2-label-verification-compliance-check\">2. <strong>Provjera oznake \/ Provjera sukladnosti<\/strong><\/h4>\n\n<p>Ve\u0107 imate etiketu? Provjeravamo va\u0161 dizajn prema trenutnim zahtjevima CLP-a i pru\u017eamo jasne povratne informacije i ispravke, ako je potrebno: <\/p>\n\n<ul class=\"wp-block-list\">\n<li>To\u010dnost klasifikacije opasnosti.<\/li>\n\n\n\n<li>Ispravna uporaba izraza, signalne rije\u010di i piktograma.<\/li>\n\n\n\n<li>\u010citljivost, format i raspored obaveznih elemenata.<\/li>\n\n\n\n<li>Provjera prisutnosti i strukture UFI-ja (ako je potrebno).<\/li>\n<\/ul>\n\n<h4 class=\"wp-block-heading\" id=\"h-3-optional-add-ons\">3. <strong>Izborni dodaci<\/strong><\/h4>\n\n<ul class=\"wp-block-list\">\n<li>Usluga <strong>generiranja UFI-ja<\/strong> i PCN obavijesti.<\/li>\n\n\n\n<li><strong>Pregled sigurnosno-tehni\u010dkog lista (SDS)<\/strong> kako bi se osigurala dosljednost s podacima na etiketi.<\/li>\n\n\n\n<li>Prijevod jezika za oznake namijenjene za vi\u0161e EU tr\u017ei\u0161ta.<\/li>\n<\/ul>\n\n<h2 class=\"wp-block-heading\" id=\"h-which-products-require-clp-compliant-labels\">Koji proizvodi zahtijevaju oznake uskla\u0111ene s CLP-om?<\/h2>\n\n<p>Na\u0161a usluga CLP naljepnica odnosi se na \u0161irok raspon opasnih smjesa, uklju\u010duju\u0107i, ali ne ograni\u010davaju\u0107i se na:<\/p>\n\n<ul class=\"wp-block-list\">\n<li>Industrijska i ku\u0107anska sredstva za \u010di\u0161\u0107enje.<\/li>\n\n\n\n<li>Boje, ljepila, smole i premazi.<\/li>\n\n\n\n<li>Automobilski proizvodi i maziva.<\/li>\n\n\n\n<li>Mirisne mje\u0161avine i koncentrati eteri\u010dnih ulja.<\/li>\n\n\n\n<li>Osvje\u017eiva\u010di zraka, otopine voska i mirisni sprejevi za prostorije.<\/li>\n\n\n\n<li>Tehni\u010dki aerosoli i sprejevi.<\/li>\n<\/ul>\n\n<p>Ako va\u0161 proizvod sadr\u017ei sastojke koji predstavljaju <strong>fizi\u010dku opasnost, opasnost po zdravlje ili okoli\u0161<\/strong> , vjerojatno je potrebna oznaka uskla\u0111ena s CLP-om.<\/p>\n\n<h2 class=\"wp-block-heading\" id=\"h-who-is-this-service-for\">Za koga je ova usluga?<\/h2>\n\n<ul class=\"wp-block-list\">\n<li><strong>Proizvo\u0111a\u010di<\/strong> , <strong>uvoznici<\/strong> i <strong>privatni trgovci<\/strong> kemijskim smjesama.<\/li>\n\n\n\n<li><strong>Novoosnovana poduze\u0107a<\/strong> i mala i srednja poduze\u0107a tra\u017ee pristupa\u010dnu regulatornu podr\u0161ku.<\/li>\n\n\n\n<li><strong>Trgovci na malo i tr\u017enice<\/strong> trebaju uskla\u0111ene oznake za preprodaju.<\/li>\n\n\n\n<li><strong>Izvoznici<\/strong> koji distribuiraju u zemlje EU\/EEA.<\/li>\n<\/ul>\n\n<h2 class=\"wp-block-heading\" id=\"h-why-choose-ufi-eu\">Za\u0161to odabrati UFI.EU?<\/h2>\n\n<ul class=\"wp-block-list\">\n<li><strong>Regulatorna stru\u010dnost<\/strong> u CLP, UFI i PCN u vi\u0161e industrija.<\/li>\n\n\n\n<li><strong>Brzo vrijeme obrade<\/strong> i jasna komunikacija.<\/li>\n\n\n\n<li><strong>To\u010dno, pravno branjivo ozna\u010davanje<\/strong> temeljeno na najnovijim propisima EU.<\/li>\n\n\n\n<li><strong>Vi\u0161ejezi\u010dna podr\u0161ka<\/strong> za paneuropsku uskla\u0111enost.<\/li>\n<\/ul>\n\n<h2 class=\"wp-block-heading\" id=\"h-how-it-works\">Kako to radi<\/h2>\n\n<ol class=\"wp-block-list\">\n<li><strong>Po\u0161aljite svoj SDS ili informacije o formulaciji.<\/strong><\/li>\n\n\n\n<li><strong>Analiziramo podatke i izra\u0111ujemo ili pregledavamo va\u0161u oznaku.<\/strong><\/li>\n\n\n\n<li><strong>Dobivate datoteku CLP oznake spremnu za kori\u0161tenje ili izvje\u0161\u0107e sa potrebnim ispravcima.<\/strong><\/li>\n<\/ol>\n\n<h2 class=\"wp-block-heading\" id=\"h-ready-to-order\">Spremni za naru\u010divanje?<\/h2>\n\n<p>Izbjegnite stres zbog nesukladnih oznaka. Dopustite na\u0161im stru\u010dnjacima da vam pomognu da s povjerenjem ispunite svoje zakonske obveze. <br\/><strong>Naru\u010dite izradu CLP naljepnice ili provjeru uskla\u0111enosti ve\u0107 danas.<\/strong><\/p>\n","protected":false},"excerpt":{"rendered":"<p>Pru\u017eit \u0107emo informacije za va\u0161u etiketu proizvoda. Provjerit \u0107e se uskla\u0111enost va\u0161eg kona\u010dnog dizajna naljepnice s pravnim propisima. <\/p>\n","protected":false},"featured_media":12433,"template":"","meta":[],"product_brand":[],"product_cat":[416],"product_tag":[],"class_list":{"0":"post-12797","1":"product","2":"type-product","3":"status-publish","4":"has-post-thumbnail","6":"product_cat-clp-oznaka","8":"first","9":"instock","10":"virtual","11":"taxable","12":"purchasable","13":"product-type-simple"},"bundled_by":["12844","13425","14490","31753"],"bundle_stock_status":"instock","bundle_stock_quantity":null,"bundle_virtual":false,"bundle_layout":"","bundle_add_to_cart_form_location":"","bundle_editable_in_cart":false,"bundle_sold_individually_context":"","bundle_item_grouping":"","bundle_min_size":"","bundle_max_size":"","bundle_price":[],"bundled_items":[],"bundle_sell_ids":[],"yoast_head":"<!-- This site is optimized with the Yoast SEO Premium plugin v25.1 (Yoast SEO v25.1) - https:\/\/yoast.com\/wordpress\/plugins\/seo\/ -->\n<title>Izrada CLP oznake i provjera sukladnosti - UFI<\/title>\n<meta name=\"description\" content=\"Na\u0161a usluga izrade CLP naljepnica i provjere uskla\u0111enosti osigurava da ozna\u010davanje va\u0161eg proizvoda ispunjava sve zakonske zahtjeve diljem EU i EEA.\" \/>\n<meta name=\"robots\" content=\"index, follow, max-snippet:-1, max-image-preview:large, max-video-preview:-1\" \/>\n<link rel=\"canonical\" href=\"https:\/\/www.ufi.eu\/hr\/product\/izrada-clp-oznake-i-provjera-sukladnosti\/\" \/>\n<meta property=\"og:locale\" content=\"hr_HR\" \/>\n<meta property=\"og:type\" content=\"article\" \/>\n<meta property=\"og:title\" content=\"Izrada CLP oznake i provjera sukladnosti\" \/>\n<meta property=\"og:description\" content=\"Na\u0161a usluga izrade CLP naljepnica i provjere uskla\u0111enosti osigurava da ozna\u010davanje va\u0161eg proizvoda ispunjava sve zakonske zahtjeve diljem EU i EEA.\" \/>\n<meta property=\"og:url\" content=\"https:\/\/www.ufi.eu\/hr\/product\/izrada-clp-oznake-i-provjera-sukladnosti\/\" \/>\n<meta property=\"og:site_name\" content=\"UFI\" \/>\n<meta property=\"article:modified_time\" content=\"2025-04-28T12:14:51+00:00\" \/>\n<meta property=\"og:image\" content=\"https:\/\/www.ufi.eu\/wp-content\/uploads\/2025\/03\/pcn_ufi.jpg\" \/>\n\t<meta property=\"og:image:width\" content=\"1024\" \/>\n\t<meta property=\"og:image:height\" content=\"1024\" \/>\n\t<meta property=\"og:image:type\" content=\"image\/jpeg\" \/>\n<meta name=\"twitter:card\" content=\"summary_large_image\" \/>\n<meta name=\"twitter:label1\" content=\"Price\" \/>\n\t<meta name=\"twitter:data1\" content=\"&euro;50.00\" \/>\n\t<meta name=\"twitter:label2\" content=\"Availability\" \/>\n\t<meta name=\"twitter:data2\" content=\"In stock\" \/>\n<script type=\"application\/ld+json\" class=\"yoast-schema-graph\">{\"@context\":\"https:\/\/schema.org\",\"@graph\":[{\"@type\":\"WebPage\",\"@id\":\"https:\/\/www.ufi.eu\/hr\/product\/izrada-clp-oznake-i-provjera-sukladnosti\/\",\"url\":\"https:\/\/www.ufi.eu\/hr\/product\/izrada-clp-oznake-i-provjera-sukladnosti\/\",\"name\":\"Izrada CLP oznake i provjera sukladnosti - UFI\",\"isPartOf\":{\"@id\":\"https:\/\/www.ufi.eu\/hr\/#website\"},\"primaryImageOfPage\":{\"@id\":\"https:\/\/www.ufi.eu\/hr\/product\/izrada-clp-oznake-i-provjera-sukladnosti\/#primaryimage\"},\"image\":{\"@id\":\"https:\/\/www.ufi.eu\/hr\/product\/izrada-clp-oznake-i-provjera-sukladnosti\/#primaryimage\"},\"thumbnailUrl\":\"https:\/\/www.ufi.eu\/wp-content\/uploads\/2025\/03\/pcn_ufi.jpg\",\"datePublished\":\"2025-04-15T20:27:04+00:00\",\"dateModified\":\"2025-04-28T12:14:51+00:00\",\"description\":\"Na\u0161a usluga izrade CLP naljepnica i provjere uskla\u0111enosti osigurava da ozna\u010davanje va\u0161eg proizvoda ispunjava sve zakonske zahtjeve diljem EU i EEA.\",\"breadcrumb\":{\"@id\":\"https:\/\/www.ufi.eu\/hr\/product\/izrada-clp-oznake-i-provjera-sukladnosti\/#breadcrumb\"},\"inLanguage\":\"hr\",\"potentialAction\":[{\"@type\":\"ReadAction\",\"target\":[\"https:\/\/www.ufi.eu\/hr\/product\/izrada-clp-oznake-i-provjera-sukladnosti\/\"]}]},{\"@type\":\"ImageObject\",\"inLanguage\":\"hr\",\"@id\":\"https:\/\/www.ufi.eu\/hr\/product\/izrada-clp-oznake-i-provjera-sukladnosti\/#primaryimage\",\"url\":\"https:\/\/www.ufi.eu\/wp-content\/uploads\/2025\/03\/pcn_ufi.jpg\",\"contentUrl\":\"https:\/\/www.ufi.eu\/wp-content\/uploads\/2025\/03\/pcn_ufi.jpg\",\"width\":1024,\"height\":1024},{\"@type\":\"BreadcrumbList\",\"@id\":\"https:\/\/www.ufi.eu\/hr\/product\/izrada-clp-oznake-i-provjera-sukladnosti\/#breadcrumb\",\"itemListElement\":[{\"@type\":\"ListItem\",\"position\":1,\"name\":\"Home\",\"item\":\"https:\/\/www.ufi.eu\/hr\/dom\/\"},{\"@type\":\"ListItem\",\"position\":2,\"name\":\"Du\u0107an\",\"item\":\"https:\/\/www.ufi.eu\/hr\/ducan\/\"},{\"@type\":\"ListItem\",\"position\":3,\"name\":\"Izrada CLP oznake i provjera sukladnosti\"}]},{\"@type\":\"WebSite\",\"@id\":\"https:\/\/www.ufi.eu\/hr\/#website\",\"url\":\"https:\/\/www.ufi.eu\/hr\/\",\"name\":\"UFI.EU\",\"description\":\"Poison Centre Notifications (PCN) and UFI\",\"publisher\":{\"@id\":\"https:\/\/www.ufi.eu\/hr\/#organization\"},\"potentialAction\":[{\"@type\":\"SearchAction\",\"target\":{\"@type\":\"EntryPoint\",\"urlTemplate\":\"https:\/\/www.ufi.eu\/hr\/?s={search_term_string}\"},\"query-input\":{\"@type\":\"PropertyValueSpecification\",\"valueRequired\":true,\"valueName\":\"search_term_string\"}}],\"inLanguage\":\"hr\"},{\"@type\":\"Organization\",\"@id\":\"https:\/\/www.ufi.eu\/hr\/#organization\",\"name\":\"UFI.EU\",\"url\":\"https:\/\/www.ufi.eu\/hr\/\",\"logo\":{\"@type\":\"ImageObject\",\"inLanguage\":\"hr\",\"@id\":\"https:\/\/www.ufi.eu\/hr\/#\/schema\/logo\/image\/\",\"url\":\"https:\/\/www.ufi.eu\/wp-content\/uploads\/2025\/03\/cropped-logo_ufi3.jpg\",\"contentUrl\":\"https:\/\/www.ufi.eu\/wp-content\/uploads\/2025\/03\/cropped-logo_ufi3.jpg\",\"width\":231,\"height\":78,\"caption\":\"UFI.EU\"},\"image\":{\"@id\":\"https:\/\/www.ufi.eu\/hr\/#\/schema\/logo\/image\/\"},\"description\":\"UFI.eu specializes in digital registrations for Poison Centre Notifications (PCN), ensuring your chemical products meet EU regulatory requirements effortlessly. Our streamlined solutions help businesses stay compliant while reducing complexity and administrative burden.\",\"email\":\"info@ufi.eu\",\"legalName\":\"UFI.EU\"}]}<\/script>\n<meta property=\"product:price:amount\" content=\"50.00\" \/>\n<meta property=\"product:price:currency\" content=\"EUR\" \/>\n<meta property=\"og:availability\" content=\"instock\" \/>\n<meta property=\"product:availability\" content=\"instock\" \/>\n<meta property=\"product:condition\" content=\"new\" \/>\n<!-- \/ Yoast SEO Premium plugin. -->","yoast_head_json":{"title":"Izrada CLP oznake i provjera sukladnosti - UFI","description":"Na\u0161a usluga izrade CLP naljepnica i provjere uskla\u0111enosti osigurava da ozna\u010davanje va\u0161eg proizvoda ispunjava sve zakonske zahtjeve diljem EU i EEA.","robots":{"index":"index","follow":"follow","max-snippet":"max-snippet:-1","max-image-preview":"max-image-preview:large","max-video-preview":"max-video-preview:-1"},"canonical":"https:\/\/www.ufi.eu\/hr\/product\/izrada-clp-oznake-i-provjera-sukladnosti\/","og_locale":"hr_HR","og_type":"article","og_title":"Izrada CLP oznake i provjera sukladnosti","og_description":"Na\u0161a usluga izrade CLP naljepnica i provjere uskla\u0111enosti osigurava da ozna\u010davanje va\u0161eg proizvoda ispunjava sve zakonske zahtjeve diljem EU i EEA.","og_url":"https:\/\/www.ufi.eu\/hr\/product\/izrada-clp-oznake-i-provjera-sukladnosti\/","og_site_name":"UFI","article_modified_time":"2025-04-28T12:14:51+00:00","og_image":[{"width":1024,"height":1024,"url":"https:\/\/www.ufi.eu\/wp-content\/uploads\/2025\/03\/pcn_ufi.jpg","type":"image\/jpeg"}],"twitter_card":"summary_large_image","twitter_misc":{"Price":"&euro;50.00","Availability":"In stock"},"schema":{"@context":"https:\/\/schema.org","@graph":[{"@type":"WebPage","@id":"https:\/\/www.ufi.eu\/hr\/product\/izrada-clp-oznake-i-provjera-sukladnosti\/","url":"https:\/\/www.ufi.eu\/hr\/product\/izrada-clp-oznake-i-provjera-sukladnosti\/","name":"Izrada CLP oznake i provjera sukladnosti - UFI","isPartOf":{"@id":"https:\/\/www.ufi.eu\/hr\/#website"},"primaryImageOfPage":{"@id":"https:\/\/www.ufi.eu\/hr\/product\/izrada-clp-oznake-i-provjera-sukladnosti\/#primaryimage"},"image":{"@id":"https:\/\/www.ufi.eu\/hr\/product\/izrada-clp-oznake-i-provjera-sukladnosti\/#primaryimage"},"thumbnailUrl":"https:\/\/www.ufi.eu\/wp-content\/uploads\/2025\/03\/pcn_ufi.jpg","datePublished":"2025-04-15T20:27:04+00:00","dateModified":"2025-04-28T12:14:51+00:00","description":"Na\u0161a usluga izrade CLP naljepnica i provjere uskla\u0111enosti osigurava da ozna\u010davanje va\u0161eg proizvoda ispunjava sve zakonske zahtjeve diljem EU i EEA.","breadcrumb":{"@id":"https:\/\/www.ufi.eu\/hr\/product\/izrada-clp-oznake-i-provjera-sukladnosti\/#breadcrumb"},"inLanguage":"hr","potentialAction":[{"@type":"ReadAction","target":["https:\/\/www.ufi.eu\/hr\/product\/izrada-clp-oznake-i-provjera-sukladnosti\/"]}]},{"@type":"ImageObject","inLanguage":"hr","@id":"https:\/\/www.ufi.eu\/hr\/product\/izrada-clp-oznake-i-provjera-sukladnosti\/#primaryimage","url":"https:\/\/www.ufi.eu\/wp-content\/uploads\/2025\/03\/pcn_ufi.jpg","contentUrl":"https:\/\/www.ufi.eu\/wp-content\/uploads\/2025\/03\/pcn_ufi.jpg","width":1024,"height":1024},{"@type":"BreadcrumbList","@id":"https:\/\/www.ufi.eu\/hr\/product\/izrada-clp-oznake-i-provjera-sukladnosti\/#breadcrumb","itemListElement":[{"@type":"ListItem","position":1,"name":"Home","item":"https:\/\/www.ufi.eu\/hr\/dom\/"},{"@type":"ListItem","position":2,"name":"Du\u0107an","item":"https:\/\/www.ufi.eu\/hr\/ducan\/"},{"@type":"ListItem","position":3,"name":"Izrada CLP oznake i provjera sukladnosti"}]},{"@type":"WebSite","@id":"https:\/\/www.ufi.eu\/hr\/#website","url":"https:\/\/www.ufi.eu\/hr\/","name":"UFI.EU","description":"Poison Centre Notifications (PCN) and UFI","publisher":{"@id":"https:\/\/www.ufi.eu\/hr\/#organization"},"potentialAction":[{"@type":"SearchAction","target":{"@type":"EntryPoint","urlTemplate":"https:\/\/www.ufi.eu\/hr\/?s={search_term_string}"},"query-input":{"@type":"PropertyValueSpecification","valueRequired":true,"valueName":"search_term_string"}}],"inLanguage":"hr"},{"@type":"Organization","@id":"https:\/\/www.ufi.eu\/hr\/#organization","name":"UFI.EU","url":"https:\/\/www.ufi.eu\/hr\/","logo":{"@type":"ImageObject","inLanguage":"hr","@id":"https:\/\/www.ufi.eu\/hr\/#\/schema\/logo\/image\/","url":"https:\/\/www.ufi.eu\/wp-content\/uploads\/2025\/03\/cropped-logo_ufi3.jpg","contentUrl":"https:\/\/www.ufi.eu\/wp-content\/uploads\/2025\/03\/cropped-logo_ufi3.jpg","width":231,"height":78,"caption":"UFI.EU"},"image":{"@id":"https:\/\/www.ufi.eu\/hr\/#\/schema\/logo\/image\/"},"description":"UFI.eu specializes in digital registrations for Poison Centre Notifications (PCN), ensuring your chemical products meet EU regulatory requirements effortlessly. Our streamlined solutions help businesses stay compliant while reducing complexity and administrative burden.","email":"info@ufi.eu","legalName":"UFI.EU"}]},"product_price_amount":"50.00","product_price_currency":"EUR","og_availability":"instock","product_availability":"instock","product_condition":"new"},"_links":{"self":[{"href":"https:\/\/www.ufi.eu\/hr\/wp-json\/wp\/v2\/product\/12797","targetHints":{"allow":["GET"]}}],"collection":[{"href":"https:\/\/www.ufi.eu\/hr\/wp-json\/wp\/v2\/product"}],"about":[{"href":"https:\/\/www.ufi.eu\/hr\/wp-json\/wp\/v2\/types\/product"}],"wp:featuredmedia":[{"embeddable":true,"href":"https:\/\/www.ufi.eu\/hr\/wp-json\/wp\/v2\/media\/12433"}],"wp:attachment":[{"href":"https:\/\/www.ufi.eu\/hr\/wp-json\/wp\/v2\/media?parent=12797"}],"wp:term":[{"taxonomy":"product_brand","embeddable":true,"href":"https:\/\/www.ufi.eu\/hr\/wp-json\/wp\/v2\/product_brand?post=12797"},{"taxonomy":"product_cat","embeddable":true,"href":"https:\/\/www.ufi.eu\/hr\/wp-json\/wp\/v2\/product_cat?post=12797"},{"taxonomy":"product_tag","embeddable":true,"href":"https:\/\/www.ufi.eu\/hr\/wp-json\/wp\/v2\/product_tag?post=12797"}],"curies":[{"name":"wp","href":"https:\/\/api.w.org\/{rel}","templated":true}]}}