{"id":12714,"date":"2025-03-18T21:01:23","date_gmt":"2025-04-15T19:53:15","guid":{"rendered":"https:\/\/www.ufi.eu\/pcn\/Bez kategorije\/pcn-ufi-za-osvjezivace-zraka-i-difuzore\/"},"modified":"2025-04-15T19:53:15","modified_gmt":"2025-04-15T19:53:15","slug":"pcn-ufi-za-osvjezivace-zraka-i-difuzore","status":"publish","type":"product","link":"https:\/\/www.ufi.eu\/hr\/product\/pcn-ufi-za-osvjezivace-zraka-i-difuzore\/","title":{"rendered":"PCN &amp; UFI za osvje\u017eiva\u010de zraka i difuzore"},"content":{"rendered":"<h2>Kako funkcionira usluga kreiranja UFI-ja i PCN obavijesti?<\/h2>\n<p>Nakon kupnje ove usluge dobit \u0107ete pristup sigurnom portalu. Ovaj portal sadr\u017ei pregled svih koraka.  Ispunite podatke o proizvodu i mi \u0107emo se baciti na posao.<\/p>\n<h3>Obavijest i UFI Centra za otrove<\/h3>\n<p>Osigurat \u0107emo:<\/p>\n<ul>\n<li>Jedinstveni identifikator formule (UFI) va\u0161eg proizvoda<\/li>\n<li>Izvje\u0161\u0107e Centra za otrovanje (PCN).<\/li>\n<li>Registracija va\u0161eg proizvoda pri relevantnim nacionalnim centrima za otrovanja putem ECHA-e.<\/li>\n<\/ul>\n<h3>Zemlje za PCN registraciju<\/h3>\n<p>Mo\u017eete ra\u010dunati u koliko zemalja \u017eelite registrirati svoj proizvod. Ovo je broj zemalja koje trebate kupiti.  Na portalu \u0107ete mo\u0107i odabrati odre\u0111ene zemlje. Ako kasnije planirate pro\u0161iriti prodaju svojih proizvoda na nove zemlje, uvijek mo\u017eete naru\u010diti dodatne <a href=\"https:\/\/www.ufi.eu\/hr\/pcn\/zemlje\/zemlje-za-pcn-registraciju\/\" target=\"_blank\" title=\"PCN registracije zemalja\">registracije PCN zemalja<\/a> .<br \/> EU ima 27 zemalja, a EEA 30 (EU+Lichtenstein, Norve\u0161ka i Island) Na portalu mo\u017eete odabrati ove zemlje: <\/p>\n<table cellpadding=\"2\" cellspacing=\"0\" border=\"1\">\n<tbody>\n<tr>\n<td>Belgija<\/td>\n<td>(BITI)<\/td>\n<td>\u0160panjolska<\/td>\n<td>(ES)<\/td>\n<td>Ma\u0111arska<\/td>\n<td>(HU)<\/td>\n<td>Slova\u010dka<\/td>\n<td>(SK)<\/td>\n<\/tr>\n<tr>\n<td>Bugarska<\/td>\n<td>(BG)<\/td>\n<td>Francuska<\/td>\n<td>(FR)<\/td>\n<td>Malta<\/td>\n<td>(MT)<\/td>\n<td>Finska<\/td>\n<td>(FI)<\/td>\n<\/tr>\n<tr>\n<td>\u010ce\u0161ka<\/td>\n<td>(CZ)<\/td>\n<td>Hrvatska<\/td>\n<td>(HR)<\/td>\n<td>Nizozemska<\/td>\n<td>(NL)<\/td>\n<td>\u0160vedska<\/td>\n<td>(SE)<\/td>\n<\/tr>\n<tr>\n<td>Danska<\/td>\n<td>(DK)<\/td>\n<td>Italija<\/td>\n<td>(TO)<\/td>\n<td>Austrija<\/td>\n<td>(NA)<\/td>\n<td>Njema\u010dka<\/td>\n<td>(DE)<\/td>\n<\/tr>\n<tr>\n<td>Cipar<\/td>\n<td>(CY)<\/td>\n<td>Poljska<\/td>\n<td>(PL)<\/td>\n<td>Island<\/td>\n<td>(JE)<\/td>\n<td>Estonija<\/td>\n<td>(EE)<\/td>\n<\/tr>\n<tr>\n<td>Latvija<\/td>\n<td>(LV)<\/td>\n<td>Portugal<\/td>\n<td>(PT)<\/td>\n<td>Lihten\u0161tajn<\/td>\n<td>(LI)<\/td>\n<td>Irska<\/td>\n<td>(IE)<\/td>\n<\/tr>\n<tr>\n<td>Litva<\/td>\n<td>(LT)<\/td>\n<td>Rumunija<\/td>\n<td>(RO)<\/td>\n<td>Norve\u0161ka<\/td>\n<td>(NE)<\/td>\n<td>Gr\u010dka<\/td>\n<td>(EL)<\/td>\n<\/tr>\n<tr>\n<td>Luksemburg<\/td>\n<td>(LU)<\/td>\n<td>Slovenija<\/td>\n<td>(SI)<\/td>\n<td>\u0160vicarska*<\/td>\n<td>(CH)<\/td>\n<td><\/td>\n<td><\/td>\n<\/tr>\n<\/tbody>\n<\/table>\n<p>*Za \u0160vicarsku mo\u017eemo izraditi PCN dosje, sa svim potrebnim informacijama za podno\u0161enje na \u0161vicarskom portalu. Kontaktirajte nas za vi\u0161e informacija. <\/p>\n<h3>Informacije o oznaci CLP<\/h3>\n<p>Nudimo mogu\u0107nost kupnje naljepnice proizvoda uskla\u0111ene s CLP-om, koja sadr\u017ei sve obvezne podatke kako zahtijeva EU CLP Uredba. Ovo \u0107e biti dostavljeno kao PDF.  Ovo nije dizajn, ve\u0107 sa\u017eetak potrebnih informacija. To \u0107e vam omogu\u0107iti da integrirate potrebne informacije u dizajn naljepnice proizvoda. <a href=\"https:\/\/www.ufi.eu\/hr\/pcn\/clp-oznaka\/izrada-clp-oznake-i-provjera-sukladnosti\/\" target=\"_blank\" title=\"CLP labelcCreation\">Izradu CLP naljepnice<\/a> mo\u017eete naru\u010diti i zasebno. Ve\u0107 imate etiketu? \u2014 Mo\u017eemo izvr\u0161iti <a href=\"https:\/\/www.ufi.eu\/hr\/pcn\/clp-oznaka\/izrada-clp-oznake-i-provjera-sukladnosti\/\" target=\"_blank\" title=\"Provjera sukladnosti naljepnice CLP\">provjeru uskla\u0111enosti naljepnice s CLP-om<\/a> na va\u0161oj naljepnici u skladu s trenuta\u010dnim zahtjevima CLP-a. Pru\u017eit \u0107emo detaljne povratne informacije i ispravke kako bismo osigurali da va\u0161a oznaka zadovoljava sve regulatorne standarde.     <\/p>\n<h2>Registracija proizvoda za njegu zraka kontinuiranog djelovanja u Centru za otrovanja<\/h2>\n<p>Proizvodi za njegu zraka dizajnirani za kontinuiranu odorizaciju ili dezodoraciju unutarnjeg zraka, kao \u0161to su difuzori, zahtijevaju Obavijest centra za otrovanje (PCN) prema propisima EU-a. Ovi se proizvodi koriste u raznim unutarnjim okru\u017eenjima kao \u0161to su domovi, uredi i javni prostori kako bi pru\u017eili kontinuirani miris. Budu\u0107i da ti proizvodi mogu sadr\u017eavati kemikalije koje predstavljaju potencijalnu opasnost, klju\u010dno je da proizvo\u0111a\u010di i uvoznici dostave PCN kako bi osigurali da su to\u010dne sigurnosne informacije dostupne slu\u017ebama za hitne slu\u010dajeve u slu\u010daju izlaganja. To poma\u017ee u za\u0161titi korisnika osiguravaju\u0107i da su svi relevantni podaci o opasnostima i hitnim slu\u010dajevima dostupni u slu\u010daju incidenta.   <\/p>\n<h3>\u0160to je UFI?<\/h3>\n<p>UFI (Jedinstveni identifikator formule) je jedinstveni kod koji se koristi za identifikaciju specifi\u010dne kemijske formulacije proizvoda. Za proizvode za njegu zraka kontinuiranog djelovanja, UFI osigurava da hitne slu\u017ebe mogu brzo identificirati proizvod i pristupiti potrebnim sigurnosnim podacima u slu\u010daju incidenta. UFI je obavezan zahtjev kao dio procesa Obavijesti centra za otrovanje (PCN) za takve proizvode.  <\/p>\n<h3>\u0160to je PCN?<\/h3>\n<p>PCN (Poison Center Notification) je izvje\u0161\u0107e koje proizvo\u0111a\u010di i uvoznici moraju dostaviti Centru za otrovanja za opasne proizvode. Ova obavijest uklju\u010duje klju\u010dne sigurnosne podatke o proizvodu, kao \u0161to su njegov kemijski sastav, klasifikacija opasnosti, upute za rukovanje u hitnim slu\u010dajevima i kontakt podaci. Podno\u0161enjem PCN-a, proizvo\u0111a\u010di osiguravaju da slu\u017ebe za hitnu pomo\u0107 i pru\u017eatelji zdravstvenih usluga mogu brzo pristupiti tim informacijama tijekom hitne situacije koja uklju\u010duje proizvod.  <\/p>\n<h3>\u0160to je CLP?<\/h3>\n<p>CLP (Razvrstavanje, ozna\u010davanje i pakiranje) propis je EU-a koji zahtijeva klasificiranje proizvoda na temelju njihovih opasnosti, ozna\u010davanje odgovaraju\u0107im simbolima upozorenja i pakiranje sa sigurnosnim uputama. Za proizvode za njegu zraka kontinuiranog djelovanja, sukladnost s CLP-om osigurava da su potro\u0161a\u010di i slu\u017ebe za hitne slu\u010dajeve jasno obavije\u0161teni o svim rizicima, sigurnoj upotrebi proizvoda i odgovaraju\u0107im mjerama prve pomo\u0107i ako je potrebno. <\/p>\n<h3>\u0160to je Centar za otrovanja?<\/h3>\n<p>Centar za otrovanja je centralizirana baza podataka u kojoj se pohranjuju podaci o sigurnosti opasnih kemijskih proizvoda. Zdravstvenim radnicima i hitnim slu\u017ebama pru\u017ea bitne informacije u slu\u010daju izlo\u017eenosti kemikalijama. Registracijom u Centru za otrove, proizvo\u0111a\u010di osiguravaju da su njihovi proizvodi, poput proizvoda za kontinuiranu njegu zraka, dio sustava koji pove\u0107ava sigurnost brzim pru\u017eanjem kriti\u010dnih informacija tijekom hitnih slu\u010dajeva.  <\/p>\n<h3>Za\u0161to je ovo potrebno?<\/h3>\n<p>Proizvodi za njegu zraka s kontinuiranim djelovanjem koji dezodoriraju ili zamiri\u0161u zrak u zatvorenom prostoru mogu predstavljati rizik ako se udi\u0161u ili do\u0111u u dodir s ko\u017eom ili o\u010dima. Registriranje ovih proizvoda u Centru za otrovanja osigurava hitnim slu\u017ebama i zdravstvenim radnicima brz pristup potrebnim sigurnosnim informacijama. To pobolj\u0161ava njihovu sposobnost u\u010dinkovitog rje\u0161avanja incidenata izlo\u017eenosti i za\u0161tite potro\u0161a\u010da od \u0161tete.  <\/p>\n<h3>Otkad je to po zakonu obavezno?<\/h3>\n<p>Od 1. sije\u010dnja 2021. postalo je zakonski obvezno za proizvo\u0111a\u010de i uvoznike da dostave Obavijest centra za otrovanje (PCN) za odre\u0111ene opasne kemijske proizvode, uklju\u010duju\u0107i proizvode za njegu zraka kontinuiranog djelovanja. Ova je uredba uvedena kako bi se osigurala sigurnost potro\u0161a\u010da i pobolj\u0161ale sposobnosti odgovora u hitnim slu\u010dajevima unutar EU-a. <\/p>\n<h2>FAQ<\/h2>\n<h3>Pitanje: \u0160to je UFI i za\u0161to mi je potreban za moj proizvod za njegu zraka kontinuiranog djelovanja?<\/h3>\n<p>Odgovor: UFI (Jedinstveni identifikator formule) jedinstveni je kod koji identificira kemijsku formulaciju va\u0161eg proizvoda za njegu zraka kontinuiranog djelovanja. Potreban je kao dio procesa Obavijesti Centra za otrove (PCN), koji omogu\u0107uje hitnim slu\u017ebama da brzo identificiraju proizvod i pristupe vitalnim sigurnosnim informacijama tijekom hitnog slu\u010daja. <\/p>\n<h3>Pitanje: Trebam li podnijeti PCN za sve proizvode za njegu zraka kontinuiranog djelovanja?<\/h3>\n<p>Odgovor: Da, ako je va\u0161 proizvod namijenjen kontinuiranom mirisanju ili dezodoriranju zraka u zatvorenim prostorima, kao \u0161to je difuzor, zakon mora podnijeti obavijest Centru za otrovanje (PCN) prije nego \u0161to ga plasirate u EU. Ovo se odnosi na sve proizvode koji su klasificirani kao opasni prema CLP propisima. <\/p>\n<h3>Pitanje: \u0160to CLP zna\u010di za moj proizvod za njegu zraka?<\/h3>\n<p>Odgovor: CLP (Razvrstavanje, ozna\u010davanje i pakiranje) je EU propis koji zahtijeva da va\u0161 proizvod za njegu zraka bude klasificiran prema opasnostima, ozna\u010den simbolima opasnosti i pakiran s jasnim sigurnosnim uputama. Osigurava da su potro\u0161a\u010di i slu\u017ebe za hitne slu\u010dajeve informirani o rizicima i da znaju kako sigurno rukovati proizvodom. <\/p>\n<h3>Pitanje: \u0160to je Centar za otrovanja i za\u0161to moram kod njih registrirati svoj proizvod?<\/h3>\n<p>Odgovor: Centar za otrove je sredi\u0161nji repozitorij koji sadr\u017ei sigurnosne informacije za opasne proizvode koji se prodaju u EU. Registracijom svog proizvoda za njegu zraka kontinuiranog djelovanja u Centru za otrovanja, kriti\u010dne sigurnosne podatke stavljate na raspolaganje hitnim slu\u017ebama i zdravstvenim radnicima, osiguravaju\u0107i brzu i u\u010dinkovitu akciju u slu\u010daju izlo\u017eenosti ili nesre\u0107a. <\/p>\n<h3>Pitanje: Kada je postalo obvezno predati PCN za proizvode za njegu zraka s kontinuiranim djelovanjem?<\/h3>\n<p>Odgovor: Zahtjev za podno\u0161enjem Obavijesti centra za otrovanje (PCN) za proizvode kontinuiranog djelovanja za njegu zraka postao je obavezan 1. sije\u010dnja 2021. Ova je uredba donesena kako bi se pobolj\u0161ala sigurnost potro\u0161a\u010da i u\u010dinkovitost hitnog odgovora unutar Europske unije. <\/p>\n<h3>Pitanje: Koliko je vremena potrebno za podno\u0161enje UFI i PCN obavijesti?<\/h3>\n<p>Treba nam nekoliko dana rada. \u010cim u\u010ditate dokumentaciju, odmah \u0107emo zapo\u010deti. <\/p>\n<h3>Pitanje: Jesam li ja vlasnik PCN obavijesti?<\/h3>\n<p>Da, vi ste vlasnik PCN obavijesti. Vi zadr\u017eavate puno vlasni\u0161tvo nad podacima koje ste dali.  PCN obavijest bit \u0107e dostupna na va\u0161em ECHA ra\u010dunu.<\/p>\n<h3>Pitanje: Je li ova usluga za jedan ili vi\u0161e proizvoda?<\/h3>\n<p>Usluga se odnosi na jedan proizvod.<\/p>\n<h3>Pitanje: Za\u0161to moram platiti za izradu UFI-ja?<\/h3>\n<p>Usluga koju nudimo nije samo pru\u017eanje UFI-ja. UFI je komponenta unutar mnogo opse\u017enijeg procesa.  Osnovna usluga koju pru\u017eamo je priprema i podno\u0161enje Va\u0161e Obavijesti Centra za otrovanje (PCN) nacionalnim imenovanim tijelima putem ECHA portala, \u0161to je obavezan uvjet prema EU CLP Uredbi za stavljanje opasnih smjesa na tr\u017ei\u0161te. Generiranje UFI-ja je najjednostavniji dio. Me\u0111utim, PCN izvje\u0161\u0107e je slo\u017eeno. Zahtijeva detaljan pregled sastojaka\u2014kemijske klasifikacije\u2014formatiran precizno za podno\u0161enje Centru za otrovanja putem ECHA-e.   <\/p>\n<h3>Pitanje: Moja tvrtka nema sjedi\u0161te u EU, kako mogu predati PCN?<\/h3>\n<p>Pru\u017eamo rje\u0161enje za tvrtke koje nemaju sjedi\u0161te u EU. Vi\u0161e informacija mo\u017eete prona\u0107i na stranici <a href=\"https:\/\/www.ufi.eu\/hr\/pcn\/izvan-eu\/pcn-ufi-za-tvrtke-izvan-eu\/\" target=\"_blank\" rel=\"noopener\">PCN &amp; UFI za tvrtke izvan EU<\/a> . <\/p>\n<h3>Pitanje: Mo\u017eete li dostaviti sigurnosno-tehni\u010dke listove u potpunosti u skladu s Uredbom EU (REACH &amp; CLP)?<\/h3>\n<p>Da, mo\u017eemo <a href=\"https:\/\/www.ufi.eu\/hr\/pcn\/sigurnosno-tehnicki-list\/usluga-izrade-sigurnosno-tehnickog-lista-msds-sds\/\" target=\"_blank\"><strong>izraditi sigurnosno-tehni\u010dke listove (SDS)<\/strong><\/a> \u2014 poznate i kao <strong>sigurnosno-tehni\u010dki listovi (MSDS)<\/strong> \u2014 prilago\u0111ene va\u0161em proizvodu i u skladu s najnovijim propisima EU-a. Bez obzira proizvodite li kemijske smjese, uvozite proizvode u EU ili distribuirate pod privatnom robnom markom, uskla\u0111en SDS je zakonski obavezan i neophodan za sigurnu upotrebu u cijelom opskrbnom lancu. Vi\u0161e \u0107ete prona\u0107i na stranici <a href=\"https:\/\/www.ufi.eu\/hr\/pcn\/sigurnosno-tehnicki-list\/usluga-izrade-sigurnosno-tehnickog-lista-msds-sds\/\" target=\"_blank\">usluge izrade sigurnosno-tehni\u010dkog lista (MSDS\/SDS)<\/a> .  <\/p>\n","protected":false},"excerpt":{"rendered":"<p>Kako funkcionira usluga kreiranja UFI-ja i PCN obavijesti? Nakon kupnje ove usluge dobit \u0107ete pristup sigurnom portalu. Ovaj portal sadr\u017ei pregled svih koraka. Ispunite podatke o proizvodu i mi \u0107emo se baciti na posao. Obavijest i UFI Centra za otrove Osigurat \u0107emo: Jedinstveni identifikator formule (UFI) va\u0161eg proizvoda Izvje\u0161\u0107e Centra za otrovanje (PCN). Registracija va\u0161eg [&hellip;]<\/p>\n","protected":false},"featured_media":12715,"template":"","meta":[],"product_brand":[],"product_cat":[391],"product_tag":[],"class_list":{"0":"post-12714","1":"product","2":"type-product","3":"status-publish","4":"has-post-thumbnail","6":"product_cat-proizvodi-za-njegu-zraka","8":"first","9":"instock","10":"virtual","11":"taxable","12":"purchasable","13":"product-type-bundle"},"bundled_by":[],"bundle_stock_status":"instock","bundle_stock_quantity":"","bundle_virtual":false,"bundle_layout":"default","bundle_add_to_cart_form_location":"default","bundle_editable_in_cart":false,"bundle_sold_individually_context":"product","bundle_item_grouping":"parent","bundle_min_size":"","bundle_max_size":"","bundle_price":{"price":{"min":{"incl_tax":"121","excl_tax":"100"},"max":{"incl_tax":"","excl_tax":""}},"regular_price":{"min":{"incl_tax":"121","excl_tax":"100"},"max":{"incl_tax":"","excl_tax":""}}},"bundled_items":[{"bundled_item_id":1338,"product_id":12524,"menu_order":0,"quantity_min":1,"quantity_max":1,"quantity_default":1,"priced_individually":true,"shipped_individually":false,"override_title":false,"title":null,"override_description":false,"description":null,"optional":false,"hide_thumbnail":false,"discount":"","override_variations":false,"allowed_variations":[""],"override_default_variation_attributes":false,"default_variation_attributes":[],"single_product_visibility":"visible","cart_visibility":"visible","order_visibility":"visible","single_product_price_visibility":"visible","cart_price_visibility":"visible","order_price_visibility":"visible","stock_status":"in_stock"},{"bundled_item_id":1339,"product_id":12514,"menu_order":1,"quantity_min":1,"quantity_max":"","quantity_default":1,"priced_individually":true,"shipped_individually":false,"override_title":false,"title":null,"override_description":false,"description":null,"optional":false,"hide_thumbnail":false,"discount":"","override_variations":false,"allowed_variations":[""],"override_default_variation_attributes":false,"default_variation_attributes":[],"single_product_visibility":"visible","cart_visibility":"visible","order_visibility":"visible","single_product_price_visibility":"visible","cart_price_visibility":"visible","order_price_visibility":"visible","stock_status":"in_stock"}],"bundle_sell_ids":[],"yoast_head":"<!-- This site is optimized with the Yoast SEO Premium plugin v25.1 (Yoast SEO v25.1) - https:\/\/yoast.com\/wordpress\/plugins\/seo\/ -->\n<title>PCN &amp; UFI za osvje\u017eiva\u010de zraka i difuzore - UFI<\/title>\n<meta name=\"description\" content=\"Dobijte PCN i UFI uskla\u0111enost za osvje\u017eiva\u010de zraka i difuzore. Za vas obra\u0111ujemo obavijesti centra za otrove i jedinstvene identifikatore formule.\" \/>\n<meta name=\"robots\" content=\"index, follow, max-snippet:-1, max-image-preview:large, max-video-preview:-1\" \/>\n<link rel=\"canonical\" href=\"https:\/\/www.ufi.eu\/hr\/product\/pcn-ufi-za-osvjezivace-zraka-i-difuzore\/\" \/>\n<meta property=\"og:locale\" content=\"hr_HR\" \/>\n<meta property=\"og:type\" content=\"article\" \/>\n<meta property=\"og:title\" content=\"PCN &amp; UFI za osvje\u017eiva\u010de zraka i difuzore\" \/>\n<meta property=\"og:description\" content=\"Dobijte PCN i UFI uskla\u0111enost za osvje\u017eiva\u010de zraka i difuzore. Za vas obra\u0111ujemo obavijesti centra za otrove i jedinstvene identifikatore formule.\" \/>\n<meta property=\"og:url\" content=\"https:\/\/www.ufi.eu\/hr\/product\/pcn-ufi-za-osvjezivace-zraka-i-difuzore\/\" \/>\n<meta property=\"og:site_name\" content=\"UFI\" \/>\n<meta property=\"og:image\" content=\"https:\/\/www.ufi.eu\/wp-content\/uploads\/2025\/03\/PC-AIR-1.jpg\" \/>\n\t<meta property=\"og:image:width\" content=\"1024\" \/>\n\t<meta property=\"og:image:height\" content=\"1024\" \/>\n\t<meta property=\"og:image:type\" content=\"image\/jpeg\" \/>\n<meta name=\"twitter:card\" content=\"summary_large_image\" \/>\n<meta name=\"twitter:label1\" content=\"Price\" \/>\n\t<meta name=\"twitter:data1\" content=\"&euro;0.00\" \/>\n\t<meta name=\"twitter:label2\" content=\"Availability\" \/>\n\t<meta name=\"twitter:data2\" content=\"In stock\" \/>\n<script type=\"application\/ld+json\" class=\"yoast-schema-graph\">{\"@context\":\"https:\/\/schema.org\",\"@graph\":[{\"@type\":\"WebPage\",\"@id\":\"https:\/\/www.ufi.eu\/hr\/product\/pcn-ufi-za-osvjezivace-zraka-i-difuzore\/\",\"url\":\"https:\/\/www.ufi.eu\/hr\/product\/pcn-ufi-za-osvjezivace-zraka-i-difuzore\/\",\"name\":\"PCN &amp; UFI za osvje\u017eiva\u010de zraka i difuzore - UFI\",\"isPartOf\":{\"@id\":\"https:\/\/www.ufi.eu\/hr\/#website\"},\"primaryImageOfPage\":{\"@id\":\"https:\/\/www.ufi.eu\/hr\/product\/pcn-ufi-za-osvjezivace-zraka-i-difuzore\/#primaryimage\"},\"image\":{\"@id\":\"https:\/\/www.ufi.eu\/hr\/product\/pcn-ufi-za-osvjezivace-zraka-i-difuzore\/#primaryimage\"},\"thumbnailUrl\":\"https:\/\/www.ufi.eu\/wp-content\/uploads\/2025\/03\/PC-AIR-1.jpg\",\"datePublished\":\"2025-04-15T19:53:15+00:00\",\"description\":\"Dobijte PCN i UFI uskla\u0111enost za osvje\u017eiva\u010de zraka i difuzore. Za vas obra\u0111ujemo obavijesti centra za otrove i jedinstvene identifikatore formule.\",\"breadcrumb\":{\"@id\":\"https:\/\/www.ufi.eu\/hr\/product\/pcn-ufi-za-osvjezivace-zraka-i-difuzore\/#breadcrumb\"},\"inLanguage\":\"hr\",\"potentialAction\":[{\"@type\":\"ReadAction\",\"target\":[\"https:\/\/www.ufi.eu\/hr\/product\/pcn-ufi-za-osvjezivace-zraka-i-difuzore\/\"]}]},{\"@type\":\"ImageObject\",\"inLanguage\":\"hr\",\"@id\":\"https:\/\/www.ufi.eu\/hr\/product\/pcn-ufi-za-osvjezivace-zraka-i-difuzore\/#primaryimage\",\"url\":\"https:\/\/www.ufi.eu\/wp-content\/uploads\/2025\/03\/PC-AIR-1.jpg\",\"contentUrl\":\"https:\/\/www.ufi.eu\/wp-content\/uploads\/2025\/03\/PC-AIR-1.jpg\",\"width\":1024,\"height\":1024},{\"@type\":\"BreadcrumbList\",\"@id\":\"https:\/\/www.ufi.eu\/hr\/product\/pcn-ufi-za-osvjezivace-zraka-i-difuzore\/#breadcrumb\",\"itemListElement\":[{\"@type\":\"ListItem\",\"position\":1,\"name\":\"Home\",\"item\":\"https:\/\/www.ufi.eu\/hr\/dom\/\"},{\"@type\":\"ListItem\",\"position\":2,\"name\":\"Du\u0107an\",\"item\":\"https:\/\/www.ufi.eu\/hr\/ducan\/\"},{\"@type\":\"ListItem\",\"position\":3,\"name\":\"PCN &amp; UFI za osvje\u017eiva\u010de zraka i difuzore\"}]},{\"@type\":\"WebSite\",\"@id\":\"https:\/\/www.ufi.eu\/hr\/#website\",\"url\":\"https:\/\/www.ufi.eu\/hr\/\",\"name\":\"UFI.EU\",\"description\":\"Poison Centre Notifications (PCN) and UFI\",\"publisher\":{\"@id\":\"https:\/\/www.ufi.eu\/hr\/#organization\"},\"potentialAction\":[{\"@type\":\"SearchAction\",\"target\":{\"@type\":\"EntryPoint\",\"urlTemplate\":\"https:\/\/www.ufi.eu\/hr\/?s={search_term_string}\"},\"query-input\":{\"@type\":\"PropertyValueSpecification\",\"valueRequired\":true,\"valueName\":\"search_term_string\"}}],\"inLanguage\":\"hr\"},{\"@type\":\"Organization\",\"@id\":\"https:\/\/www.ufi.eu\/hr\/#organization\",\"name\":\"UFI.EU\",\"url\":\"https:\/\/www.ufi.eu\/hr\/\",\"logo\":{\"@type\":\"ImageObject\",\"inLanguage\":\"hr\",\"@id\":\"https:\/\/www.ufi.eu\/hr\/#\/schema\/logo\/image\/\",\"url\":\"https:\/\/www.ufi.eu\/wp-content\/uploads\/2025\/03\/cropped-logo_ufi3.jpg\",\"contentUrl\":\"https:\/\/www.ufi.eu\/wp-content\/uploads\/2025\/03\/cropped-logo_ufi3.jpg\",\"width\":231,\"height\":78,\"caption\":\"UFI.EU\"},\"image\":{\"@id\":\"https:\/\/www.ufi.eu\/hr\/#\/schema\/logo\/image\/\"},\"description\":\"UFI.eu specializes in digital registrations for Poison Centre Notifications (PCN), ensuring your chemical products meet EU regulatory requirements effortlessly. Our streamlined solutions help businesses stay compliant while reducing complexity and administrative burden.\",\"email\":\"info@ufi.eu\",\"legalName\":\"UFI.EU\"}]}<\/script>\n<meta property=\"product:price:amount\" content=\"0.00\" \/>\n<meta property=\"product:price:currency\" content=\"EUR\" \/>\n<meta property=\"og:availability\" content=\"instock\" \/>\n<meta property=\"product:availability\" content=\"instock\" \/>\n<meta property=\"product:retailer_item_id\" content=\"PC-AIR-1\" \/>\n<meta property=\"product:condition\" content=\"new\" \/>\n<!-- \/ Yoast SEO Premium plugin. -->","yoast_head_json":{"title":"PCN &amp; UFI za osvje\u017eiva\u010de zraka i difuzore - UFI","description":"Dobijte PCN i UFI uskla\u0111enost za osvje\u017eiva\u010de zraka i difuzore. Za vas obra\u0111ujemo obavijesti centra za otrove i jedinstvene identifikatore formule.","robots":{"index":"index","follow":"follow","max-snippet":"max-snippet:-1","max-image-preview":"max-image-preview:large","max-video-preview":"max-video-preview:-1"},"canonical":"https:\/\/www.ufi.eu\/hr\/product\/pcn-ufi-za-osvjezivace-zraka-i-difuzore\/","og_locale":"hr_HR","og_type":"article","og_title":"PCN &amp; UFI za osvje\u017eiva\u010de zraka i difuzore","og_description":"Dobijte PCN i UFI uskla\u0111enost za osvje\u017eiva\u010de zraka i difuzore. Za vas obra\u0111ujemo obavijesti centra za otrove i jedinstvene identifikatore formule.","og_url":"https:\/\/www.ufi.eu\/hr\/product\/pcn-ufi-za-osvjezivace-zraka-i-difuzore\/","og_site_name":"UFI","og_image":[{"width":1024,"height":1024,"url":"https:\/\/www.ufi.eu\/wp-content\/uploads\/2025\/03\/PC-AIR-1.jpg","type":"image\/jpeg"}],"twitter_card":"summary_large_image","twitter_misc":{"Price":"&euro;0.00","Availability":"In stock"},"schema":{"@context":"https:\/\/schema.org","@graph":[{"@type":"WebPage","@id":"https:\/\/www.ufi.eu\/hr\/product\/pcn-ufi-za-osvjezivace-zraka-i-difuzore\/","url":"https:\/\/www.ufi.eu\/hr\/product\/pcn-ufi-za-osvjezivace-zraka-i-difuzore\/","name":"PCN &amp; UFI za osvje\u017eiva\u010de zraka i difuzore - UFI","isPartOf":{"@id":"https:\/\/www.ufi.eu\/hr\/#website"},"primaryImageOfPage":{"@id":"https:\/\/www.ufi.eu\/hr\/product\/pcn-ufi-za-osvjezivace-zraka-i-difuzore\/#primaryimage"},"image":{"@id":"https:\/\/www.ufi.eu\/hr\/product\/pcn-ufi-za-osvjezivace-zraka-i-difuzore\/#primaryimage"},"thumbnailUrl":"https:\/\/www.ufi.eu\/wp-content\/uploads\/2025\/03\/PC-AIR-1.jpg","datePublished":"2025-04-15T19:53:15+00:00","description":"Dobijte PCN i UFI uskla\u0111enost za osvje\u017eiva\u010de zraka i difuzore. Za vas obra\u0111ujemo obavijesti centra za otrove i jedinstvene identifikatore formule.","breadcrumb":{"@id":"https:\/\/www.ufi.eu\/hr\/product\/pcn-ufi-za-osvjezivace-zraka-i-difuzore\/#breadcrumb"},"inLanguage":"hr","potentialAction":[{"@type":"ReadAction","target":["https:\/\/www.ufi.eu\/hr\/product\/pcn-ufi-za-osvjezivace-zraka-i-difuzore\/"]}]},{"@type":"ImageObject","inLanguage":"hr","@id":"https:\/\/www.ufi.eu\/hr\/product\/pcn-ufi-za-osvjezivace-zraka-i-difuzore\/#primaryimage","url":"https:\/\/www.ufi.eu\/wp-content\/uploads\/2025\/03\/PC-AIR-1.jpg","contentUrl":"https:\/\/www.ufi.eu\/wp-content\/uploads\/2025\/03\/PC-AIR-1.jpg","width":1024,"height":1024},{"@type":"BreadcrumbList","@id":"https:\/\/www.ufi.eu\/hr\/product\/pcn-ufi-za-osvjezivace-zraka-i-difuzore\/#breadcrumb","itemListElement":[{"@type":"ListItem","position":1,"name":"Home","item":"https:\/\/www.ufi.eu\/hr\/dom\/"},{"@type":"ListItem","position":2,"name":"Du\u0107an","item":"https:\/\/www.ufi.eu\/hr\/ducan\/"},{"@type":"ListItem","position":3,"name":"PCN &amp; UFI za osvje\u017eiva\u010de zraka i difuzore"}]},{"@type":"WebSite","@id":"https:\/\/www.ufi.eu\/hr\/#website","url":"https:\/\/www.ufi.eu\/hr\/","name":"UFI.EU","description":"Poison Centre Notifications (PCN) and UFI","publisher":{"@id":"https:\/\/www.ufi.eu\/hr\/#organization"},"potentialAction":[{"@type":"SearchAction","target":{"@type":"EntryPoint","urlTemplate":"https:\/\/www.ufi.eu\/hr\/?s={search_term_string}"},"query-input":{"@type":"PropertyValueSpecification","valueRequired":true,"valueName":"search_term_string"}}],"inLanguage":"hr"},{"@type":"Organization","@id":"https:\/\/www.ufi.eu\/hr\/#organization","name":"UFI.EU","url":"https:\/\/www.ufi.eu\/hr\/","logo":{"@type":"ImageObject","inLanguage":"hr","@id":"https:\/\/www.ufi.eu\/hr\/#\/schema\/logo\/image\/","url":"https:\/\/www.ufi.eu\/wp-content\/uploads\/2025\/03\/cropped-logo_ufi3.jpg","contentUrl":"https:\/\/www.ufi.eu\/wp-content\/uploads\/2025\/03\/cropped-logo_ufi3.jpg","width":231,"height":78,"caption":"UFI.EU"},"image":{"@id":"https:\/\/www.ufi.eu\/hr\/#\/schema\/logo\/image\/"},"description":"UFI.eu specializes in digital registrations for Poison Centre Notifications (PCN), ensuring your chemical products meet EU regulatory requirements effortlessly. Our streamlined solutions help businesses stay compliant while reducing complexity and administrative burden.","email":"info@ufi.eu","legalName":"UFI.EU"}]},"product_price_amount":"0.00","product_price_currency":"EUR","og_availability":"instock","product_availability":"instock","product_retailer_item_id":"PC-AIR-1","product_condition":"new"},"_links":{"self":[{"href":"https:\/\/www.ufi.eu\/hr\/wp-json\/wp\/v2\/product\/12714","targetHints":{"allow":["GET"]}}],"collection":[{"href":"https:\/\/www.ufi.eu\/hr\/wp-json\/wp\/v2\/product"}],"about":[{"href":"https:\/\/www.ufi.eu\/hr\/wp-json\/wp\/v2\/types\/product"}],"wp:featuredmedia":[{"embeddable":true,"href":"https:\/\/www.ufi.eu\/hr\/wp-json\/wp\/v2\/media\/12715"}],"wp:attachment":[{"href":"https:\/\/www.ufi.eu\/hr\/wp-json\/wp\/v2\/media?parent=12714"}],"wp:term":[{"taxonomy":"product_brand","embeddable":true,"href":"https:\/\/www.ufi.eu\/hr\/wp-json\/wp\/v2\/product_brand?post=12714"},{"taxonomy":"product_cat","embeddable":true,"href":"https:\/\/www.ufi.eu\/hr\/wp-json\/wp\/v2\/product_cat?post=12714"},{"taxonomy":"product_tag","embeddable":true,"href":"https:\/\/www.ufi.eu\/hr\/wp-json\/wp\/v2\/product_tag?post=12714"}],"curies":[{"name":"wp","href":"https:\/\/api.w.org\/{rel}","templated":true}]}}