{"id":13339,"date":"2025-03-03T16:34:04","date_gmt":"2025-04-15T21:28:13","guid":{"rendered":"https:\/\/www.ufi.eu\/pcn\/non class\u00e9\/pcn-ufi-pour-les-adhesifs-utilisation-a-la-maison-a-lecole-et-au-bureau\/"},"modified":"2025-04-15T21:28:13","modified_gmt":"2025-04-15T21:28:13","slug":"pcn-ufi-pour-les-adhesifs-utilisation-a-la-maison-a-lecole-et-au-bureau","status":"publish","type":"product","link":"https:\/\/www.ufi.eu\/fr\/product\/pcn-ufi-pour-les-adhesifs-utilisation-a-la-maison-a-lecole-et-au-bureau\/","title":{"rendered":"PCN &amp; UFI pour les adh\u00e9sifs &#8211; Utilisation \u00e0 la maison, \u00e0 l&#8217;\u00e9cole et au bureau"},"content":{"rendered":"<h2>Enregistrement des adh\u00e9sifs et des produits d&#8217;\u00e9tanch\u00e9it\u00e9 \u00e0 usage domestique, professionnel ou scolaire<\/h2>\n<p>L&#8217;enregistrement des adh\u00e9sifs et des produits d&#8217;\u00e9tanch\u00e9it\u00e9 destin\u00e9s aux m\u00e9nages, aux bureaux ou aux \u00e9coles est essentiel pour garantir le respect des normes r\u00e9glementaires en mati\u00e8re de s\u00e9curit\u00e9, d&#8217;\u00e9tiquetage et de protection des consommateurs. Ces produits, qui comprennent les colles artisanales, les colles \u00e0 usages multiples, les b\u00e2tons de colle, les colles instantan\u00e9es, les colles \u00e0 bois, les colles de contact et les sprays adh\u00e9sifs, sont largement utilis\u00e9s dans des environnements quotidiens tels que les maisons, les \u00e9coles et les bureaux. Un enregistrement ad\u00e9quat garantit que ces produits r\u00e9pondent aux normes de s\u00e9curit\u00e9 requises, qu&#8217;ils sont clairement \u00e9tiquet\u00e9s avec des informations sur les dangers et qu&#8217;ils fournissent des instructions pour une utilisation s\u00fbre afin de prot\u00e9ger les consommateurs contre les risques potentiels pour la sant\u00e9.  <\/p>\n<h3>Qu&#8217;est-ce qu&#8217;une UFI ?<\/h3>\n<p>Un UFI (Unique Formula Identifier) est un code qui identifie la composition chimique sp\u00e9cifique d&#8217;un produit. Il doit figurer sur l&#8217;\u00e9tiquette du produit et est exig\u00e9 par la loi dans le cadre de la notification au centre antipoison (PCN). L&#8217;UFI aide les intervenants d&#8217;urgence \u00e0 identifier rapidement le produit et \u00e0 \u00e9valuer le risque en cas d&#8217;exposition \u00e0 un produit chimique ou d&#8217;empoisonnement.  <\/p>\n<h3>Qu&#8217;est-ce qu&#8217;une NCP ?<\/h3>\n<p>Une PCN (Poison Centre Notification) est une obligation r\u00e9glementaire pour les fabricants et les distributeurs de produits dangereux de notifier au centre antipoison de l&#8217;UE la composition et les dangers potentiels de leurs produits. Pour les adh\u00e9sifs et les produits d&#8217;\u00e9tanch\u00e9it\u00e9, la NCP garantit que les fournisseurs de soins de sant\u00e9 et les intervenants d&#8217;urgence disposent des ingr\u00e9dients chimiques du produit, des classifications de danger et des instructions d&#8217;utilisation en toute s\u00e9curit\u00e9 en cas d&#8217;exposition ou d&#8217;empoisonnement. <\/p>\n<h3>Qu&#8217;est-ce que le CLP ?<\/h3>\n<p>Le r\u00e8glement CLP (Classification, Labelling, and Packaging) est un r\u00e8glement europ\u00e9en qui classe les produits chimiques en fonction des risques qu&#8217;ils pr\u00e9sentent et garantit qu&#8217;ils sont \u00e9tiquet\u00e9s avec les avertissements de s\u00e9curit\u00e9 et les symboles de danger appropri\u00e9s. Pour les adh\u00e9sifs et les produits d&#8217;\u00e9tanch\u00e9it\u00e9, le r\u00e8glement CLP exige que l&#8217;\u00e9tiquette du produit contienne des informations claires sur les dangers potentiels tels que l&#8217;irritation de la peau, la toxicit\u00e9 ou l&#8217;inflammabilit\u00e9. Cela aide les utilisateurs \u00e0 manipuler les produits en toute s\u00e9curit\u00e9 et r\u00e9duit le risque d&#8217;accident.  <\/p>\n<h3>Qu&#8217;est-ce que le centre antipoison de l&#8217;UE ?<\/h3>\n<p>Le centre antipoison de l&#8217;UE est un organisme central qui g\u00e8re les donn\u00e9es relatives aux produits dangereux dans l&#8217;ensemble de l&#8217;Union europ\u00e9enne. Il joue un r\u00f4le essentiel en mati\u00e8re de s\u00e9curit\u00e9 en fournissant aux intervenants d&#8217;urgence des informations essentielles lors d&#8217;incidents d&#8217;exposition. Les fabricants doivent informer le centre antipoison de leurs produits dangereux, afin que ces donn\u00e9es essentielles soient disponibles en cas de besoin.  <\/p>\n<h3>Pourquoi est-ce n\u00e9cessaire ?<\/h3>\n<p>L&#8217;enregistrement aupr\u00e8s du centre antipoison des adh\u00e9sifs et des produits d&#8217;\u00e9tanch\u00e9it\u00e9 destin\u00e9s aux m\u00e9nages, aux bureaux ou aux \u00e9coles garantit que les produits sont sans danger pour les consommateurs et qu&#8217;ils sont correctement class\u00e9s en fonction des risques qu&#8217;ils pr\u00e9sentent. Il fournit aux intervenants d&#8217;urgence les donn\u00e9es n\u00e9cessaires pour g\u00e9rer efficacement les incidents d&#8217;exposition. \u00c9tant donn\u00e9 que les adh\u00e9sifs et les produits d&#8217;\u00e9tanch\u00e9it\u00e9 peuvent pr\u00e9senter des risques pour la sant\u00e9 s&#8217;ils ne sont pas manipul\u00e9s correctement, il est essentiel de respecter les r\u00e9glementations afin de minimiser les accidents et de prot\u00e9ger les utilisateurs contre les dommages potentiels.  <\/p>\n<h3>Depuis quand est-ce une obligation l\u00e9gale ?<\/h3>\n<p>L&#8217;obligation l\u00e9gale de soumettre un NCP pour les produits dangereux, y compris les adh\u00e9sifs et les produits d&#8217;\u00e9tanch\u00e9it\u00e9, est devenue obligatoire le 1er janvier 2021. \u00c0 partir de cette date, tous les fabricants et distributeurs doivent s&#8217;assurer que leurs produits sont conformes aux normes de s\u00e9curit\u00e9 de l&#8217;UE et soumettre les informations requises au centre antipoison de l&#8217;UE avant de les mettre sur le march\u00e9. <\/p>\n<h2>FAQ<\/h2>\n<h3>Question : Qu&#8217;est-ce qu&#8217;un UFI et pourquoi en ai-je besoin pour mon produit ? Qu&#8217;est-ce qu&#8217;une UFI et pourquoi en ai-je besoin pour mon produit ?<\/h3>\n<p>R\u00e9ponse : L&#8217;UFI (Unique Formula Identifier) est un code qui identifie de mani\u00e8re unique la composition chimique de votre produit. Il est exig\u00e9 par la loi et doit figurer sur l&#8217;\u00e9tiquette de votre produit. L&#8217;UFI permet aux intervenants d&#8217;urgence d&#8217;acc\u00e9der rapidement \u00e0 des informations de s\u00e9curit\u00e9 essentielles en cas d&#8217;exposition ou d&#8217;empoisonnement.  <\/p>\n<h3>Question : Qu&#8217;est-ce qu&#8217;une NCP pour les adh\u00e9sifs et les produits d&#8217;\u00e9tanch\u00e9it\u00e9 ?<\/h3>\n<p>R\u00e9ponse : Une PCN (Poison Centre Notification) consiste \u00e0 notifier au centre antipoison de l&#8217;UE les ingr\u00e9dients et les dangers associ\u00e9s \u00e0 votre produit. Cela permet aux intervenants d&#8217;urgence d&#8217;avoir acc\u00e8s \u00e0 des informations d\u00e9taill\u00e9es sur la s\u00e9curit\u00e9 du produit, ce qui les aide \u00e0 r\u00e9agir efficacement en cas d&#8217;exposition \u00e0 des produits chimiques ou d&#8217;empoisonnement. <\/p>\n<h3>Question : Qu&#8217;est-ce que le CLP et comment s&#8217;applique-t-il aux adh\u00e9sifs et aux produits d&#8217;\u00e9tanch\u00e9it\u00e9 ?<\/h3>\n<p>R\u00e9ponse : Le CLP (Classification, Labelling, and Packaging) est une r\u00e9glementation europ\u00e9enne qui classe les produits chimiques en fonction des risques qu&#8217;ils pr\u00e9sentent et exige un \u00e9tiquetage clair avec des pictogrammes de danger, des mots de signalisation et des consignes de s\u00e9curit\u00e9. Les adh\u00e9sifs et les produits d&#8217;\u00e9tanch\u00e9it\u00e9 doivent \u00eatre conformes au r\u00e8glement CLP afin que les utilisateurs soient inform\u00e9s des risques potentiels et puissent manipuler les produits en toute s\u00e9curit\u00e9. <\/p>\n<h3>Question : Quel est le r\u00f4le du centre antipoison de l&#8217;UE en mati\u00e8re de s\u00e9curit\u00e9 ? Quel r\u00f4le joue le centre antipoison de l&#8217;UE en mati\u00e8re de s\u00e9curit\u00e9 ?<\/h3>\n<p>R\u00e9ponse : Le centre antipoison de l&#8217;UE recueille et traite les donn\u00e9es relatives \u00e0 la s\u00e9curit\u00e9 des produits dangereux. Il fournit des informations essentielles aux prestataires de soins de sant\u00e9 et aux intervenants d&#8217;urgence lors d&#8217;incidents d&#8217;exposition, afin qu&#8217;ils puissent g\u00e9rer efficacement les risques potentiels d&#8217;empoisonnement ou les risques pour la sant\u00e9 li\u00e9s aux produits chimiques. <\/p>\n<h3>Question : Pourquoi est-il n\u00e9cessaire d&#8217;enregistrer les adh\u00e9sifs et les produits d&#8217;\u00e9tanch\u00e9it\u00e9 destin\u00e9s aux m\u00e9nages, aux bureaux ou aux \u00e9coles ?<\/h3>\n<p>R\u00e9ponse : L&#8217;enregistrement garantit que les adh\u00e9sifs et les produits d&#8217;\u00e9tanch\u00e9it\u00e9 r\u00e9pondent aux normes de s\u00e9curit\u00e9 et sont correctement class\u00e9s pour une utilisation dans des environnements quotidiens. Il fournit les informations n\u00e9cessaires pour garantir la s\u00e9curit\u00e9 des consommateurs et permet des r\u00e9ponses rapides et pr\u00e9cises en cas d&#8217;exposition ou d&#8217;empoisonnement. <\/p>\n<h3>Question : Depuis quand la notification des NCP est-elle obligatoire ?<\/h3>\n<p>R\u00e9ponse : L&#8217;obligation de notifier les PCN est entr\u00e9e en vigueur le 1er janvier 2021. Tous les fabricants et distributeurs de produits dangereux, y compris les adh\u00e9sifs et les produits d&#8217;\u00e9tanch\u00e9it\u00e9, doivent s&#8217;assurer de la conformit\u00e9 \u00e0 ces r\u00e8glements avant de mettre leurs produits sur le march\u00e9 de l&#8217;UE. <\/p>\n","protected":false},"excerpt":{"rendered":"<p>Enregistrement des adh\u00e9sifs et des produits d&#8217;\u00e9tanch\u00e9it\u00e9 \u00e0 usage domestique, professionnel ou scolaire L&#8217;enregistrement des adh\u00e9sifs et des produits d&#8217;\u00e9tanch\u00e9it\u00e9 destin\u00e9s aux m\u00e9nages, aux bureaux ou aux \u00e9coles est essentiel pour garantir le respect des normes r\u00e9glementaires en mati\u00e8re de s\u00e9curit\u00e9, d&#8217;\u00e9tiquetage et de protection des consommateurs. Ces produits, qui comprennent les colles artisanales, les [&hellip;]<\/p>\n","protected":false},"featured_media":13340,"template":"","meta":[],"product_brand":[],"product_cat":[521],"product_tag":[],"class_list":{"0":"post-13339","1":"product","2":"type-product","3":"status-publish","4":"has-post-thumbnail","6":"product_cat-adhesifs-et-produits-detancheite","8":"first","9":"instock","10":"virtual","11":"taxable","12":"purchasable","13":"product-type-bundle"},"bundled_by":[],"bundle_stock_status":"instock","bundle_stock_quantity":"","bundle_virtual":false,"bundle_layout":"default","bundle_add_to_cart_form_location":"default","bundle_editable_in_cart":false,"bundle_sold_individually_context":"product","bundle_item_grouping":"parent","bundle_min_size":"","bundle_max_size":"","bundle_price":{"price":{"min":{"incl_tax":"121","excl_tax":"100"},"max":{"incl_tax":"","excl_tax":""}},"regular_price":{"min":{"incl_tax":"121","excl_tax":"100"},"max":{"incl_tax":"","excl_tax":""}}},"bundled_items":[{"bundled_item_id":1962,"product_id":12547,"menu_order":0,"quantity_min":1,"quantity_max":1,"quantity_default":1,"priced_individually":true,"shipped_individually":true,"override_title":false,"title":"Notification au centre antipoison et UFI","override_description":false,"description":"Notification au centre antipoison et UFI","optional":false,"hide_thumbnail":false,"discount":"","override_variations":false,"allowed_variations":[""],"override_default_variation_attributes":false,"default_variation_attributes":[],"single_product_visibility":"visible","cart_visibility":"visible","order_visibility":"visible","single_product_price_visibility":"visible","cart_price_visibility":"visible","order_price_visibility":"visible","stock_status":"in_stock"},{"bundled_item_id":1963,"product_id":12550,"menu_order":1,"quantity_min":1,"quantity_max":"","quantity_default":1,"priced_individually":true,"shipped_individually":true,"override_title":false,"title":"Pays pour l&#8217;enregistrement des NCP","override_description":false,"description":"Pays pour l&#8217;enregistrement des NCP","optional":false,"hide_thumbnail":false,"discount":"","override_variations":false,"allowed_variations":[""],"override_default_variation_attributes":false,"default_variation_attributes":[],"single_product_visibility":"visible","cart_visibility":"visible","order_visibility":"visible","single_product_price_visibility":"visible","cart_price_visibility":"visible","order_price_visibility":"visible","stock_status":"in_stock"},{"bundled_item_id":12936,"product_id":12468,"menu_order":2,"quantity_min":0,"quantity_max":1,"quantity_default":1,"priced_individually":true,"shipped_individually":true,"override_title":false,"title":"Cr\u00e9ation d&#8217;une fiche de donn\u00e9es de s\u00e9curit\u00e9","override_description":false,"description":"Cr\u00e9ation d&#8217;une fiche de donn\u00e9es de s\u00e9curit\u00e9","optional":false,"hide_thumbnail":false,"discount":"","override_variations":false,"allowed_variations":[""],"override_default_variation_attributes":false,"default_variation_attributes":[],"single_product_visibility":"visible","cart_visibility":"visible","order_visibility":"visible","single_product_price_visibility":"visible","cart_price_visibility":"visible","order_price_visibility":"visible","stock_status":"in_stock"},{"bundled_item_id":12937,"product_id":12470,"menu_order":3,"quantity_min":0,"quantity_max":"","quantity_default":1,"priced_individually":true,"shipped_individually":false,"override_title":false,"title":"Traduction de la fiche de donn\u00e9es de s\u00e9curit\u00e9","override_description":false,"description":"Traduction de la fiche de donn\u00e9es de s\u00e9curit\u00e9","optional":false,"hide_thumbnail":false,"discount":"","override_variations":false,"allowed_variations":[""],"override_default_variation_attributes":false,"default_variation_attributes":[],"single_product_visibility":"visible","cart_visibility":"visible","order_visibility":"visible","single_product_price_visibility":"visible","cart_price_visibility":"visible","order_price_visibility":"visible","stock_status":"in_stock"}],"bundle_sell_ids":[],"yoast_head":"<!-- This site is optimized with the Yoast SEO Premium plugin v25.1 (Yoast SEO v25.1) - https:\/\/yoast.com\/wordpress\/plugins\/seo\/ -->\n<title>PCN &amp; UFI pour les adh\u00e9sifs - Utilisation \u00e0 la maison, \u00e0 l&#039;\u00e9cole et au bureau - UFI<\/title>\n<meta name=\"description\" content=\"L&#039;enregistrement des adh\u00e9sifs et des produits d&#039;\u00e9tanch\u00e9it\u00e9 destin\u00e9s aux m\u00e9nages, aux bureaux ou aux \u00e9coles est essentiel pour garantir le respect des normes r\u00e9glementaires en mati\u00e8re de s\u00e9curit\u00e9, d&#039;\u00e9tiquetage et de protection des consommateurs.\" \/>\n<meta name=\"robots\" content=\"index, follow, max-snippet:-1, max-image-preview:large, max-video-preview:-1\" \/>\n<link rel=\"canonical\" href=\"https:\/\/www.ufi.eu\/fr\/product\/pcn-ufi-pour-les-adhesifs-utilisation-a-la-maison-a-lecole-et-au-bureau\/\" \/>\n<meta property=\"og:locale\" content=\"fr_FR\" \/>\n<meta property=\"og:type\" content=\"article\" \/>\n<meta property=\"og:title\" content=\"PCN &amp; UFI pour les adh\u00e9sifs - Utilisation \u00e0 la maison, \u00e0 l&#039;\u00e9cole et au bureau\" \/>\n<meta property=\"og:description\" content=\"L&#039;enregistrement des adh\u00e9sifs et des produits d&#039;\u00e9tanch\u00e9it\u00e9 destin\u00e9s aux m\u00e9nages, aux bureaux ou aux \u00e9coles est essentiel pour garantir le respect des normes r\u00e9glementaires en mati\u00e8re de s\u00e9curit\u00e9, d&#039;\u00e9tiquetage et de protection des consommateurs.\" \/>\n<meta property=\"og:url\" content=\"https:\/\/www.ufi.eu\/fr\/product\/pcn-ufi-pour-les-adhesifs-utilisation-a-la-maison-a-lecole-et-au-bureau\/\" \/>\n<meta property=\"og:site_name\" content=\"UFI\" \/>\n<meta property=\"og:image\" content=\"https:\/\/www.ufi.eu\/wp-content\/uploads\/2025\/03\/PC-ADH-1.jpg\" \/>\n\t<meta property=\"og:image:width\" content=\"1024\" \/>\n\t<meta property=\"og:image:height\" content=\"1024\" \/>\n\t<meta property=\"og:image:type\" content=\"image\/jpeg\" \/>\n<meta name=\"twitter:card\" content=\"summary_large_image\" \/>\n<meta name=\"twitter:label1\" content=\"Prix\" \/>\n\t<meta name=\"twitter:data1\" content=\"&euro;0.00\" \/>\n\t<meta name=\"twitter:label2\" content=\"Disponibilit\u00e9\" \/>\n\t<meta name=\"twitter:data2\" content=\"En stock\" \/>\n<script type=\"application\/ld+json\" class=\"yoast-schema-graph\">{\"@context\":\"https:\/\/schema.org\",\"@graph\":[{\"@type\":\"WebPage\",\"@id\":\"https:\/\/www.ufi.eu\/fr\/product\/pcn-ufi-pour-les-adhesifs-utilisation-a-la-maison-a-lecole-et-au-bureau\/\",\"url\":\"https:\/\/www.ufi.eu\/fr\/product\/pcn-ufi-pour-les-adhesifs-utilisation-a-la-maison-a-lecole-et-au-bureau\/\",\"name\":\"PCN &amp; UFI pour les adh\u00e9sifs - Utilisation \u00e0 la maison, \u00e0 l'\u00e9cole et au bureau - UFI\",\"isPartOf\":{\"@id\":\"https:\/\/www.ufi.eu\/fr\/#website\"},\"primaryImageOfPage\":{\"@id\":\"https:\/\/www.ufi.eu\/fr\/product\/pcn-ufi-pour-les-adhesifs-utilisation-a-la-maison-a-lecole-et-au-bureau\/#primaryimage\"},\"image\":{\"@id\":\"https:\/\/www.ufi.eu\/fr\/product\/pcn-ufi-pour-les-adhesifs-utilisation-a-la-maison-a-lecole-et-au-bureau\/#primaryimage\"},\"thumbnailUrl\":\"https:\/\/www.ufi.eu\/wp-content\/uploads\/2025\/03\/PC-ADH-1.jpg\",\"datePublished\":\"2025-04-15T21:28:13+00:00\",\"description\":\"L'enregistrement des adh\u00e9sifs et des produits d'\u00e9tanch\u00e9it\u00e9 destin\u00e9s aux m\u00e9nages, aux bureaux ou aux \u00e9coles est essentiel pour garantir le respect des normes r\u00e9glementaires en mati\u00e8re de s\u00e9curit\u00e9, d'\u00e9tiquetage et de protection des consommateurs.\",\"breadcrumb\":{\"@id\":\"https:\/\/www.ufi.eu\/fr\/product\/pcn-ufi-pour-les-adhesifs-utilisation-a-la-maison-a-lecole-et-au-bureau\/#breadcrumb\"},\"inLanguage\":\"fr-FR\",\"potentialAction\":[{\"@type\":\"ReadAction\",\"target\":[\"https:\/\/www.ufi.eu\/fr\/product\/pcn-ufi-pour-les-adhesifs-utilisation-a-la-maison-a-lecole-et-au-bureau\/\"]}]},{\"@type\":\"ImageObject\",\"inLanguage\":\"fr-FR\",\"@id\":\"https:\/\/www.ufi.eu\/fr\/product\/pcn-ufi-pour-les-adhesifs-utilisation-a-la-maison-a-lecole-et-au-bureau\/#primaryimage\",\"url\":\"https:\/\/www.ufi.eu\/wp-content\/uploads\/2025\/03\/PC-ADH-1.jpg\",\"contentUrl\":\"https:\/\/www.ufi.eu\/wp-content\/uploads\/2025\/03\/PC-ADH-1.jpg\",\"width\":1024,\"height\":1024},{\"@type\":\"BreadcrumbList\",\"@id\":\"https:\/\/www.ufi.eu\/fr\/product\/pcn-ufi-pour-les-adhesifs-utilisation-a-la-maison-a-lecole-et-au-bureau\/#breadcrumb\",\"itemListElement\":[{\"@type\":\"ListItem\",\"position\":1,\"name\":\"Home\",\"item\":\"https:\/\/www.ufi.eu\/fr\/accueil\/\"},{\"@type\":\"ListItem\",\"position\":2,\"name\":\"Boutique\",\"item\":\"https:\/\/www.ufi.eu\/fr\/boutique\/\"},{\"@type\":\"ListItem\",\"position\":3,\"name\":\"PCN &amp; UFI pour les adh\u00e9sifs &#8211; Utilisation \u00e0 la maison, \u00e0 l&#8217;\u00e9cole et au bureau\"}]},{\"@type\":\"WebSite\",\"@id\":\"https:\/\/www.ufi.eu\/fr\/#website\",\"url\":\"https:\/\/www.ufi.eu\/fr\/\",\"name\":\"UFI.EU\",\"description\":\"Poison Centre Notifications (PCN) and UFI\",\"publisher\":{\"@id\":\"https:\/\/www.ufi.eu\/fr\/#organization\"},\"potentialAction\":[{\"@type\":\"SearchAction\",\"target\":{\"@type\":\"EntryPoint\",\"urlTemplate\":\"https:\/\/www.ufi.eu\/fr\/?s={search_term_string}\"},\"query-input\":{\"@type\":\"PropertyValueSpecification\",\"valueRequired\":true,\"valueName\":\"search_term_string\"}}],\"inLanguage\":\"fr-FR\"},{\"@type\":\"Organization\",\"@id\":\"https:\/\/www.ufi.eu\/fr\/#organization\",\"name\":\"UFI.EU\",\"url\":\"https:\/\/www.ufi.eu\/fr\/\",\"logo\":{\"@type\":\"ImageObject\",\"inLanguage\":\"fr-FR\",\"@id\":\"https:\/\/www.ufi.eu\/fr\/#\/schema\/logo\/image\/\",\"url\":\"https:\/\/www.ufi.eu\/wp-content\/uploads\/2025\/03\/cropped-logo_ufi3.jpg\",\"contentUrl\":\"https:\/\/www.ufi.eu\/wp-content\/uploads\/2025\/03\/cropped-logo_ufi3.jpg\",\"width\":231,\"height\":78,\"caption\":\"UFI.EU\"},\"image\":{\"@id\":\"https:\/\/www.ufi.eu\/fr\/#\/schema\/logo\/image\/\"},\"description\":\"UFI.eu specializes in digital registrations for Poison Centre Notifications (PCN), ensuring your chemical products meet EU regulatory requirements effortlessly. Our streamlined solutions help businesses stay compliant while reducing complexity and administrative burden.\",\"email\":\"info@ufi.eu\",\"legalName\":\"UFI.EU\"}]}<\/script>\n<meta property=\"product:price:amount\" content=\"0.00\" \/>\n<meta property=\"product:price:currency\" content=\"EUR\" \/>\n<meta property=\"og:availability\" content=\"instock\" \/>\n<meta property=\"product:availability\" content=\"instock\" \/>\n<meta property=\"product:retailer_item_id\" content=\"PC-ADH-1\" \/>\n<meta property=\"product:condition\" content=\"new\" \/>\n<!-- \/ Yoast SEO Premium plugin. -->","yoast_head_json":{"title":"PCN &amp; UFI pour les adh\u00e9sifs - Utilisation \u00e0 la maison, \u00e0 l'\u00e9cole et au bureau - UFI","description":"L'enregistrement des adh\u00e9sifs et des produits d'\u00e9tanch\u00e9it\u00e9 destin\u00e9s aux m\u00e9nages, aux bureaux ou aux \u00e9coles est essentiel pour garantir le respect des normes r\u00e9glementaires en mati\u00e8re de s\u00e9curit\u00e9, d'\u00e9tiquetage et de protection des consommateurs.","robots":{"index":"index","follow":"follow","max-snippet":"max-snippet:-1","max-image-preview":"max-image-preview:large","max-video-preview":"max-video-preview:-1"},"canonical":"https:\/\/www.ufi.eu\/fr\/product\/pcn-ufi-pour-les-adhesifs-utilisation-a-la-maison-a-lecole-et-au-bureau\/","og_locale":"fr_FR","og_type":"article","og_title":"PCN &amp; UFI pour les adh\u00e9sifs - Utilisation \u00e0 la maison, \u00e0 l'\u00e9cole et au bureau","og_description":"L'enregistrement des adh\u00e9sifs et des produits d'\u00e9tanch\u00e9it\u00e9 destin\u00e9s aux m\u00e9nages, aux bureaux ou aux \u00e9coles est essentiel pour garantir le respect des normes r\u00e9glementaires en mati\u00e8re de s\u00e9curit\u00e9, d'\u00e9tiquetage et de protection des consommateurs.","og_url":"https:\/\/www.ufi.eu\/fr\/product\/pcn-ufi-pour-les-adhesifs-utilisation-a-la-maison-a-lecole-et-au-bureau\/","og_site_name":"UFI","og_image":[{"width":1024,"height":1024,"url":"https:\/\/www.ufi.eu\/wp-content\/uploads\/2025\/03\/PC-ADH-1.jpg","type":"image\/jpeg"}],"twitter_card":"summary_large_image","twitter_misc":{"Prix":"&euro;0.00","Disponibilit\u00e9":"En stock"},"schema":{"@context":"https:\/\/schema.org","@graph":[{"@type":"WebPage","@id":"https:\/\/www.ufi.eu\/fr\/product\/pcn-ufi-pour-les-adhesifs-utilisation-a-la-maison-a-lecole-et-au-bureau\/","url":"https:\/\/www.ufi.eu\/fr\/product\/pcn-ufi-pour-les-adhesifs-utilisation-a-la-maison-a-lecole-et-au-bureau\/","name":"PCN &amp; UFI pour les adh\u00e9sifs - Utilisation \u00e0 la maison, \u00e0 l'\u00e9cole et au bureau - UFI","isPartOf":{"@id":"https:\/\/www.ufi.eu\/fr\/#website"},"primaryImageOfPage":{"@id":"https:\/\/www.ufi.eu\/fr\/product\/pcn-ufi-pour-les-adhesifs-utilisation-a-la-maison-a-lecole-et-au-bureau\/#primaryimage"},"image":{"@id":"https:\/\/www.ufi.eu\/fr\/product\/pcn-ufi-pour-les-adhesifs-utilisation-a-la-maison-a-lecole-et-au-bureau\/#primaryimage"},"thumbnailUrl":"https:\/\/www.ufi.eu\/wp-content\/uploads\/2025\/03\/PC-ADH-1.jpg","datePublished":"2025-04-15T21:28:13+00:00","description":"L'enregistrement des adh\u00e9sifs et des produits d'\u00e9tanch\u00e9it\u00e9 destin\u00e9s aux m\u00e9nages, aux bureaux ou aux \u00e9coles est essentiel pour garantir le respect des normes r\u00e9glementaires en mati\u00e8re de s\u00e9curit\u00e9, d'\u00e9tiquetage et de protection des consommateurs.","breadcrumb":{"@id":"https:\/\/www.ufi.eu\/fr\/product\/pcn-ufi-pour-les-adhesifs-utilisation-a-la-maison-a-lecole-et-au-bureau\/#breadcrumb"},"inLanguage":"fr-FR","potentialAction":[{"@type":"ReadAction","target":["https:\/\/www.ufi.eu\/fr\/product\/pcn-ufi-pour-les-adhesifs-utilisation-a-la-maison-a-lecole-et-au-bureau\/"]}]},{"@type":"ImageObject","inLanguage":"fr-FR","@id":"https:\/\/www.ufi.eu\/fr\/product\/pcn-ufi-pour-les-adhesifs-utilisation-a-la-maison-a-lecole-et-au-bureau\/#primaryimage","url":"https:\/\/www.ufi.eu\/wp-content\/uploads\/2025\/03\/PC-ADH-1.jpg","contentUrl":"https:\/\/www.ufi.eu\/wp-content\/uploads\/2025\/03\/PC-ADH-1.jpg","width":1024,"height":1024},{"@type":"BreadcrumbList","@id":"https:\/\/www.ufi.eu\/fr\/product\/pcn-ufi-pour-les-adhesifs-utilisation-a-la-maison-a-lecole-et-au-bureau\/#breadcrumb","itemListElement":[{"@type":"ListItem","position":1,"name":"Home","item":"https:\/\/www.ufi.eu\/fr\/accueil\/"},{"@type":"ListItem","position":2,"name":"Boutique","item":"https:\/\/www.ufi.eu\/fr\/boutique\/"},{"@type":"ListItem","position":3,"name":"PCN &amp; UFI pour les adh\u00e9sifs &#8211; Utilisation \u00e0 la maison, \u00e0 l&#8217;\u00e9cole et au bureau"}]},{"@type":"WebSite","@id":"https:\/\/www.ufi.eu\/fr\/#website","url":"https:\/\/www.ufi.eu\/fr\/","name":"UFI.EU","description":"Poison Centre Notifications (PCN) and UFI","publisher":{"@id":"https:\/\/www.ufi.eu\/fr\/#organization"},"potentialAction":[{"@type":"SearchAction","target":{"@type":"EntryPoint","urlTemplate":"https:\/\/www.ufi.eu\/fr\/?s={search_term_string}"},"query-input":{"@type":"PropertyValueSpecification","valueRequired":true,"valueName":"search_term_string"}}],"inLanguage":"fr-FR"},{"@type":"Organization","@id":"https:\/\/www.ufi.eu\/fr\/#organization","name":"UFI.EU","url":"https:\/\/www.ufi.eu\/fr\/","logo":{"@type":"ImageObject","inLanguage":"fr-FR","@id":"https:\/\/www.ufi.eu\/fr\/#\/schema\/logo\/image\/","url":"https:\/\/www.ufi.eu\/wp-content\/uploads\/2025\/03\/cropped-logo_ufi3.jpg","contentUrl":"https:\/\/www.ufi.eu\/wp-content\/uploads\/2025\/03\/cropped-logo_ufi3.jpg","width":231,"height":78,"caption":"UFI.EU"},"image":{"@id":"https:\/\/www.ufi.eu\/fr\/#\/schema\/logo\/image\/"},"description":"UFI.eu specializes in digital registrations for Poison Centre Notifications (PCN), ensuring your chemical products meet EU regulatory requirements effortlessly. Our streamlined solutions help businesses stay compliant while reducing complexity and administrative burden.","email":"info@ufi.eu","legalName":"UFI.EU"}]},"product_price_amount":"0.00","product_price_currency":"EUR","og_availability":"instock","product_availability":"instock","product_retailer_item_id":"PC-ADH-1","product_condition":"new"},"_links":{"self":[{"href":"https:\/\/www.ufi.eu\/fr\/wp-json\/wp\/v2\/product\/13339","targetHints":{"allow":["GET"]}}],"collection":[{"href":"https:\/\/www.ufi.eu\/fr\/wp-json\/wp\/v2\/product"}],"about":[{"href":"https:\/\/www.ufi.eu\/fr\/wp-json\/wp\/v2\/types\/product"}],"wp:featuredmedia":[{"embeddable":true,"href":"https:\/\/www.ufi.eu\/fr\/wp-json\/wp\/v2\/media\/13340"}],"wp:attachment":[{"href":"https:\/\/www.ufi.eu\/fr\/wp-json\/wp\/v2\/media?parent=13339"}],"wp:term":[{"taxonomy":"product_brand","embeddable":true,"href":"https:\/\/www.ufi.eu\/fr\/wp-json\/wp\/v2\/product_brand?post=13339"},{"taxonomy":"product_cat","embeddable":true,"href":"https:\/\/www.ufi.eu\/fr\/wp-json\/wp\/v2\/product_cat?post=13339"},{"taxonomy":"product_tag","embeddable":true,"href":"https:\/\/www.ufi.eu\/fr\/wp-json\/wp\/v2\/product_tag?post=13339"}],"curies":[{"name":"wp","href":"https:\/\/api.w.org\/{rel}","templated":true}]}}