{"id":12825,"date":"2025-04-15T20:37:43","date_gmt":"2025-04-15T20:37:43","guid":{"rendered":"https:\/\/www.ufi.eu\/pcn\/non%20class\u00e9\/pcn-et-ufi-pour-les-entreprises-non-europeennes\/"},"modified":"2025-04-15T20:37:46","modified_gmt":"2025-04-15T20:37:46","slug":"pcn-et-ufi-pour-les-entreprises-non-europeennes","status":"publish","type":"product","link":"https:\/\/www.ufi.eu\/fr\/product\/pcn-et-ufi-pour-les-entreprises-non-europeennes\/","title":{"rendered":"PCN et UFI pour les entreprises non europ\u00e9ennes"},"content":{"rendered":"\n<p>L&#8217;expansion sur le march\u00e9 de l&#8217;UE offre des opportunit\u00e9s int\u00e9ressantes, mais elle s&#8217;accompagne \u00e9galement d&#8217;obligations r\u00e9glementaires strictes. Si votre entreprise est bas\u00e9e en dehors de l&#8217;UE\/EEE ou de l&#8217;Irlande du Nord et que vous envisagez de vendre des m\u00e9langes chimiques tels que des cosm\u00e9tiques, des produits d&#8217;entretien ou d&#8217;autres articles r\u00e9glement\u00e9s dans l&#8217;UE, vous devrez respecter des exigences de conformit\u00e9 sp\u00e9cifiques en vertu du r\u00e8glement CLP (CE n\u00b0 1272\/2008), notamment la notification au centre antipoison (PCN) et l&#8217;utilisation d&#8217;un identificateur de formule unique (UFI). <\/p>\n\n<p>En tant qu&#8217;entreprise non europ\u00e9enne, vous n&#8217;\u00eates pas autoris\u00e9 \u00e0 soumettre directement une PCN, mais <strong>nous pouvons vous aider<\/strong>. Nous vous offrons une assistance compl\u00e8te en mati\u00e8re d&#8217;<strong>orientation r\u00e9glementaire et de pr\u00e9paration d&#8217;\u00e9tiquettes conformes<\/strong>, afin de vous aider \u00e0 naviguer en toute confiance dans les lois de l&#8217;UE et \u00e0 p\u00e9n\u00e9trer le march\u00e9 europ\u00e9en de mani\u00e8re professionnelle et efficace. <\/p>\n\n<p>Si votre entreprise est situ\u00e9e en dehors de l&#8217;UE\/EEE ou de l&#8217;Irlande du Nord, vous n&#8217;\u00eates pas autoris\u00e9 \u00e0 soumettre directement une notification au centre antipoison (PCN) en vertu de l&#8217;annexe VIII du r\u00e8glement (CE) n\u00b0 1272\/2008 (r\u00e8glement CLP).  <\/p>\n\n<h2 class=\"wp-block-heading\" id=\"h-non-eu-companies-must-appoint-an-eu-based-contact\">Les entreprises non europ\u00e9ennes doivent d\u00e9signer un contact bas\u00e9 dans l&#8217;UE.<\/h2>\n\n<p>Veuillez noter que <strong>les entreprises non europ\u00e9ennes ne sont pas autoris\u00e9es \u00e0 soumettre elles-m\u00eames un PCN.<\/strong><br\/>Pour vous conformer \u00e0 la l\u00e9gislation europ\u00e9enne, vous devez nommer une personne charg\u00e9e de la protection de l&#8217;environnement :<\/p>\n\n<ul class=\"wp-block-list\">\n<li><strong>Importateur de l&#8217;UE<\/strong>, ou<\/li>\n\n\n\n<li><strong>Utilisateur en aval&#8221; bas\u00e9 dans l&#8217;UE ou repr\u00e9sentant exclusif<\/strong><\/li>\n<\/ul>\n\n<p>Cette entit\u00e9 d\u00e9sign\u00e9e sera responsable de la soumission de la PCN et doit \u00eatre mentionn\u00e9e dans la notification. Nous pouvons vous aider \u00e0 rendre votre produit conforme. <\/p>\n\n<h2 class=\"wp-block-heading\">Comment fonctionne le service de cr\u00e9ation d&#8217;UFI et de notification de PCN ?<\/h2>\n\n<p>Apr\u00e8s avoir achet\u00e9 ce service, vous recevrez un acc\u00e8s au portail s\u00e9curis\u00e9. Ce portail contient une vue d&#8217;ensemble de toutes les \u00e9tapes.  Vous indiquez les d\u00e9tails de votre produit et nous nous mettons au travail.<\/p>\n\n<h3 class=\"wp-block-heading\">Notification au centre antipoison et UFI<\/h3>\n\n<p>Nous vous fournirons :<\/p>\n\n<ul class=\"wp-block-list\">\n<li>L&#8217;identifiant unique de votre produit (UFI)<\/li>\n\n\n\n<li>Un rapport de notification au centre antipoison (PCN)<\/li>\n\n\n\n<li>Enregistrement de votre produit aupr\u00e8s des centres antipoison nationaux comp\u00e9tents via l&#8217;ECHA.<\/li>\n<\/ul>\n\n<h3 class=\"wp-block-heading\">Pays pour l&#8217;enregistrement des NCP<\/h3>\n\n<p>Comptez le nombre de pays dans lesquels vous souhaitez enregistrer votre produit. Vous pourrez s\u00e9lectionner les pays sp\u00e9cifiques dans le portail. Des pays suppl\u00e9mentaires peuvent \u00eatre ajout\u00e9s ult\u00e9rieurement et vous pouvez toujours commander des <a href=\"https:\/\/www.ufi.eu\/fr\/pcn\/pays\/pays-pour-lenregistrement-des-ncp\/\" target=\"_blank\" rel=\"noreferrer noopener\">enregistrements de pays PCN<\/a> suppl\u00e9mentaires.  <\/p>\n\n<h3 class=\"wp-block-heading\">Informations sur l&#8217;\u00e9tiquette CLP<\/h3>\n\n<p>Nous vous proposons d&#8217;acheter une \u00e9tiquette de produit conforme au r\u00e8glement CLP, contenant toutes les informations obligatoires requises par le r\u00e8glement CLP de l&#8217;UE. Cette \u00e9tiquette vous sera fournie au format PDF, ce qui vous permettra d&#8217;int\u00e9grer les informations n\u00e9cessaires dans la conception de l&#8217;\u00e9tiquette de votre produit. Vous pouvez \u00e9galement commander les <a href=\"https:\/\/www.ufi.eu\/fr\/pcn\/etiquette-clp\/creation-detiquettes-clp-et-controle-de-conformite\/\" target=\"_blank\" rel=\"noreferrer noopener\">informations de l&#8217;\u00e9tiquette CLP<\/a> s\u00e9par\u00e9ment. Vous avez d\u00e9j\u00e0 une \u00e9tiquette ? &#8211; Nous pouvons r\u00e9viser votre \u00e9tiquette conform\u00e9ment aux exigences actuelles du r\u00e8glement CLP. Nous vous fournirons des commentaires d\u00e9taill\u00e9s et des corrections afin que votre \u00e9tiquette r\u00e9ponde \u00e0 toutes les normes r\u00e9glementaires.     <\/p>\n","protected":false},"excerpt":{"rendered":"<p>L&#8217;expansion sur le march\u00e9 de l&#8217;UE offre des opportunit\u00e9s int\u00e9ressantes, mais elle s&#8217;accompagne \u00e9galement d&#8217;obligations r\u00e9glementaires strictes. Si votre entreprise est bas\u00e9e en dehors de l&#8217;UE\/EEE ou de l&#8217;Irlande du Nord et que vous envisagez de vendre des m\u00e9langes chimiques tels que des cosm\u00e9tiques, des produits d&#8217;entretien ou d&#8217;autres articles r\u00e9glement\u00e9s dans l&#8217;UE, vous devrez [&hellip;]<\/p>\n","protected":false},"featured_media":12469,"template":"","meta":[],"product_brand":[],"product_cat":[432],"product_tag":[],"class_list":{"0":"post-12825","1":"product","2":"type-product","3":"status-publish","4":"has-post-thumbnail","6":"product_cat-hors-ue","8":"first","9":"instock","10":"virtual","11":"taxable","12":"purchasable","13":"product-type-bundle"},"bundled_by":[],"bundle_stock_status":"instock","bundle_stock_quantity":"","bundle_virtual":false,"bundle_layout":"default","bundle_add_to_cart_form_location":"default","bundle_editable_in_cart":false,"bundle_sold_individually_context":"product","bundle_item_grouping":"parent","bundle_min_size":"","bundle_max_size":"","bundle_price":{"price":{"min":{"incl_tax":"78.65","excl_tax":"65"},"max":{"incl_tax":"","excl_tax":""}},"regular_price":{"min":{"incl_tax":"78.65","excl_tax":"65"},"max":{"incl_tax":"","excl_tax":""}}},"bundled_items":[{"bundled_item_id":1396,"product_id":12547,"menu_order":0,"quantity_min":1,"quantity_max":1,"quantity_default":1,"priced_individually":true,"shipped_individually":true,"override_title":false,"title":null,"override_description":false,"description":null,"optional":false,"hide_thumbnail":false,"discount":"","override_variations":false,"allowed_variations":[""],"override_default_variation_attributes":false,"default_variation_attributes":[],"single_product_visibility":"visible","cart_visibility":"visible","order_visibility":"visible","single_product_price_visibility":"visible","cart_price_visibility":"visible","order_price_visibility":"visible","stock_status":"in_stock"},{"bundled_item_id":1397,"product_id":12550,"menu_order":1,"quantity_min":0,"quantity_max":"","quantity_default":0,"priced_individually":true,"shipped_individually":true,"override_title":false,"title":null,"override_description":false,"description":null,"optional":false,"hide_thumbnail":false,"discount":"","override_variations":false,"allowed_variations":[""],"override_default_variation_attributes":false,"default_variation_attributes":[],"single_product_visibility":"visible","cart_visibility":"visible","order_visibility":"visible","single_product_price_visibility":"visible","cart_price_visibility":"visible","order_price_visibility":"visible","stock_status":"in_stock"},{"bundled_item_id":1398,"product_id":12778,"menu_order":2,"quantity_min":1,"quantity_max":1,"quantity_default":1,"priced_individually":true,"shipped_individually":true,"override_title":false,"title":null,"override_description":false,"description":null,"optional":true,"hide_thumbnail":false,"discount":"","override_variations":false,"allowed_variations":[""],"override_default_variation_attributes":false,"default_variation_attributes":[],"single_product_visibility":"visible","cart_visibility":"visible","order_visibility":"visible","single_product_price_visibility":"visible","cart_price_visibility":"visible","order_price_visibility":"visible","stock_status":"in_stock"}],"bundle_sell_ids":[],"yoast_head":"<!-- This site is optimized with the Yoast SEO Premium plugin v25.1 (Yoast SEO v25.1) - https:\/\/yoast.com\/wordpress\/plugins\/seo\/ -->\n<title>PCN et UFI pour les entreprises non europ\u00e9ennes - UFI<\/title>\n<meta name=\"description\" content=\"Nous vous aidons \u00e0 obtenir un PCN et un UFI pour les entreprises non europ\u00e9ennes. Entreprises bas\u00e9es en dehors de l&#039;UE\/EEE ou de l&#039;Irlande du Nord.\" \/>\n<meta name=\"robots\" content=\"index, follow, max-snippet:-1, max-image-preview:large, max-video-preview:-1\" \/>\n<link rel=\"canonical\" href=\"https:\/\/www.ufi.eu\/fr\/product\/pcn-et-ufi-pour-les-entreprises-non-europeennes\/\" \/>\n<meta property=\"og:locale\" content=\"fr_FR\" \/>\n<meta property=\"og:type\" content=\"article\" \/>\n<meta property=\"og:title\" content=\"PCN et UFI pour les entreprises non europ\u00e9ennes\" \/>\n<meta property=\"og:description\" content=\"Nous vous aidons \u00e0 obtenir un PCN et un UFI pour les entreprises non europ\u00e9ennes. Entreprises bas\u00e9es en dehors de l&#039;UE\/EEE ou de l&#039;Irlande du Nord.\" \/>\n<meta property=\"og:url\" content=\"https:\/\/www.ufi.eu\/fr\/product\/pcn-et-ufi-pour-les-entreprises-non-europeennes\/\" \/>\n<meta property=\"og:site_name\" content=\"UFI\" \/>\n<meta property=\"article:modified_time\" content=\"2025-04-15T20:37:46+00:00\" \/>\n<meta property=\"og:image\" content=\"https:\/\/www.ufi.eu\/wp-content\/uploads\/2025\/03\/pcn_ufi.jpg\" \/>\n\t<meta property=\"og:image:width\" content=\"1024\" \/>\n\t<meta property=\"og:image:height\" content=\"1024\" \/>\n\t<meta property=\"og:image:type\" content=\"image\/jpeg\" \/>\n<meta name=\"twitter:card\" content=\"summary_large_image\" \/>\n<meta name=\"twitter:label1\" content=\"Prix\" \/>\n\t<meta name=\"twitter:data1\" content=\"&euro;0.00\" \/>\n\t<meta name=\"twitter:label2\" content=\"Disponibilit\u00e9\" \/>\n\t<meta name=\"twitter:data2\" content=\"En stock\" \/>\n<script type=\"application\/ld+json\" class=\"yoast-schema-graph\">{\"@context\":\"https:\/\/schema.org\",\"@graph\":[{\"@type\":\"WebPage\",\"@id\":\"https:\/\/www.ufi.eu\/fr\/product\/pcn-et-ufi-pour-les-entreprises-non-europeennes\/\",\"url\":\"https:\/\/www.ufi.eu\/fr\/product\/pcn-et-ufi-pour-les-entreprises-non-europeennes\/\",\"name\":\"PCN et UFI pour les entreprises non europ\u00e9ennes - UFI\",\"isPartOf\":{\"@id\":\"https:\/\/www.ufi.eu\/fr\/#website\"},\"primaryImageOfPage\":{\"@id\":\"https:\/\/www.ufi.eu\/fr\/product\/pcn-et-ufi-pour-les-entreprises-non-europeennes\/#primaryimage\"},\"image\":{\"@id\":\"https:\/\/www.ufi.eu\/fr\/product\/pcn-et-ufi-pour-les-entreprises-non-europeennes\/#primaryimage\"},\"thumbnailUrl\":\"https:\/\/www.ufi.eu\/wp-content\/uploads\/2025\/03\/pcn_ufi.jpg\",\"datePublished\":\"2025-04-15T20:37:43+00:00\",\"dateModified\":\"2025-04-15T20:37:46+00:00\",\"description\":\"Nous vous aidons \u00e0 obtenir un PCN et un UFI pour les entreprises non europ\u00e9ennes. Entreprises bas\u00e9es en dehors de l'UE\/EEE ou de l'Irlande du Nord.\",\"breadcrumb\":{\"@id\":\"https:\/\/www.ufi.eu\/fr\/product\/pcn-et-ufi-pour-les-entreprises-non-europeennes\/#breadcrumb\"},\"inLanguage\":\"fr-FR\",\"potentialAction\":[{\"@type\":\"ReadAction\",\"target\":[\"https:\/\/www.ufi.eu\/fr\/product\/pcn-et-ufi-pour-les-entreprises-non-europeennes\/\"]}]},{\"@type\":\"ImageObject\",\"inLanguage\":\"fr-FR\",\"@id\":\"https:\/\/www.ufi.eu\/fr\/product\/pcn-et-ufi-pour-les-entreprises-non-europeennes\/#primaryimage\",\"url\":\"https:\/\/www.ufi.eu\/wp-content\/uploads\/2025\/03\/pcn_ufi.jpg\",\"contentUrl\":\"https:\/\/www.ufi.eu\/wp-content\/uploads\/2025\/03\/pcn_ufi.jpg\",\"width\":1024,\"height\":1024},{\"@type\":\"BreadcrumbList\",\"@id\":\"https:\/\/www.ufi.eu\/fr\/product\/pcn-et-ufi-pour-les-entreprises-non-europeennes\/#breadcrumb\",\"itemListElement\":[{\"@type\":\"ListItem\",\"position\":1,\"name\":\"Home\",\"item\":\"https:\/\/www.ufi.eu\/fr\/accueil\/\"},{\"@type\":\"ListItem\",\"position\":2,\"name\":\"Boutique\",\"item\":\"https:\/\/www.ufi.eu\/fr\/boutique\/\"},{\"@type\":\"ListItem\",\"position\":3,\"name\":\"PCN et UFI pour les entreprises non europ\u00e9ennes\"}]},{\"@type\":\"WebSite\",\"@id\":\"https:\/\/www.ufi.eu\/fr\/#website\",\"url\":\"https:\/\/www.ufi.eu\/fr\/\",\"name\":\"UFI.EU\",\"description\":\"Poison Centre Notifications (PCN) and UFI\",\"publisher\":{\"@id\":\"https:\/\/www.ufi.eu\/fr\/#organization\"},\"potentialAction\":[{\"@type\":\"SearchAction\",\"target\":{\"@type\":\"EntryPoint\",\"urlTemplate\":\"https:\/\/www.ufi.eu\/fr\/?s={search_term_string}\"},\"query-input\":{\"@type\":\"PropertyValueSpecification\",\"valueRequired\":true,\"valueName\":\"search_term_string\"}}],\"inLanguage\":\"fr-FR\"},{\"@type\":\"Organization\",\"@id\":\"https:\/\/www.ufi.eu\/fr\/#organization\",\"name\":\"UFI.EU\",\"url\":\"https:\/\/www.ufi.eu\/fr\/\",\"logo\":{\"@type\":\"ImageObject\",\"inLanguage\":\"fr-FR\",\"@id\":\"https:\/\/www.ufi.eu\/fr\/#\/schema\/logo\/image\/\",\"url\":\"https:\/\/www.ufi.eu\/wp-content\/uploads\/2025\/03\/cropped-logo_ufi3.jpg\",\"contentUrl\":\"https:\/\/www.ufi.eu\/wp-content\/uploads\/2025\/03\/cropped-logo_ufi3.jpg\",\"width\":231,\"height\":78,\"caption\":\"UFI.EU\"},\"image\":{\"@id\":\"https:\/\/www.ufi.eu\/fr\/#\/schema\/logo\/image\/\"},\"description\":\"UFI.eu specializes in digital registrations for Poison Centre Notifications (PCN), ensuring your chemical products meet EU regulatory requirements effortlessly. Our streamlined solutions help businesses stay compliant while reducing complexity and administrative burden.\",\"email\":\"info@ufi.eu\",\"legalName\":\"UFI.EU\"}]}<\/script>\n<meta property=\"product:price:amount\" content=\"0.00\" \/>\n<meta property=\"product:price:currency\" content=\"EUR\" \/>\n<meta property=\"og:availability\" content=\"instock\" \/>\n<meta property=\"product:availability\" content=\"instock\" \/>\n<meta property=\"product:condition\" content=\"new\" \/>\n<!-- \/ Yoast SEO Premium plugin. -->","yoast_head_json":{"title":"PCN et UFI pour les entreprises non europ\u00e9ennes - UFI","description":"Nous vous aidons \u00e0 obtenir un PCN et un UFI pour les entreprises non europ\u00e9ennes. Entreprises bas\u00e9es en dehors de l'UE\/EEE ou de l'Irlande du Nord.","robots":{"index":"index","follow":"follow","max-snippet":"max-snippet:-1","max-image-preview":"max-image-preview:large","max-video-preview":"max-video-preview:-1"},"canonical":"https:\/\/www.ufi.eu\/fr\/product\/pcn-et-ufi-pour-les-entreprises-non-europeennes\/","og_locale":"fr_FR","og_type":"article","og_title":"PCN et UFI pour les entreprises non europ\u00e9ennes","og_description":"Nous vous aidons \u00e0 obtenir un PCN et un UFI pour les entreprises non europ\u00e9ennes. Entreprises bas\u00e9es en dehors de l'UE\/EEE ou de l'Irlande du Nord.","og_url":"https:\/\/www.ufi.eu\/fr\/product\/pcn-et-ufi-pour-les-entreprises-non-europeennes\/","og_site_name":"UFI","article_modified_time":"2025-04-15T20:37:46+00:00","og_image":[{"width":1024,"height":1024,"url":"https:\/\/www.ufi.eu\/wp-content\/uploads\/2025\/03\/pcn_ufi.jpg","type":"image\/jpeg"}],"twitter_card":"summary_large_image","twitter_misc":{"Prix":"&euro;0.00","Disponibilit\u00e9":"En stock"},"schema":{"@context":"https:\/\/schema.org","@graph":[{"@type":"WebPage","@id":"https:\/\/www.ufi.eu\/fr\/product\/pcn-et-ufi-pour-les-entreprises-non-europeennes\/","url":"https:\/\/www.ufi.eu\/fr\/product\/pcn-et-ufi-pour-les-entreprises-non-europeennes\/","name":"PCN et UFI pour les entreprises non europ\u00e9ennes - UFI","isPartOf":{"@id":"https:\/\/www.ufi.eu\/fr\/#website"},"primaryImageOfPage":{"@id":"https:\/\/www.ufi.eu\/fr\/product\/pcn-et-ufi-pour-les-entreprises-non-europeennes\/#primaryimage"},"image":{"@id":"https:\/\/www.ufi.eu\/fr\/product\/pcn-et-ufi-pour-les-entreprises-non-europeennes\/#primaryimage"},"thumbnailUrl":"https:\/\/www.ufi.eu\/wp-content\/uploads\/2025\/03\/pcn_ufi.jpg","datePublished":"2025-04-15T20:37:43+00:00","dateModified":"2025-04-15T20:37:46+00:00","description":"Nous vous aidons \u00e0 obtenir un PCN et un UFI pour les entreprises non europ\u00e9ennes. Entreprises bas\u00e9es en dehors de l'UE\/EEE ou de l'Irlande du Nord.","breadcrumb":{"@id":"https:\/\/www.ufi.eu\/fr\/product\/pcn-et-ufi-pour-les-entreprises-non-europeennes\/#breadcrumb"},"inLanguage":"fr-FR","potentialAction":[{"@type":"ReadAction","target":["https:\/\/www.ufi.eu\/fr\/product\/pcn-et-ufi-pour-les-entreprises-non-europeennes\/"]}]},{"@type":"ImageObject","inLanguage":"fr-FR","@id":"https:\/\/www.ufi.eu\/fr\/product\/pcn-et-ufi-pour-les-entreprises-non-europeennes\/#primaryimage","url":"https:\/\/www.ufi.eu\/wp-content\/uploads\/2025\/03\/pcn_ufi.jpg","contentUrl":"https:\/\/www.ufi.eu\/wp-content\/uploads\/2025\/03\/pcn_ufi.jpg","width":1024,"height":1024},{"@type":"BreadcrumbList","@id":"https:\/\/www.ufi.eu\/fr\/product\/pcn-et-ufi-pour-les-entreprises-non-europeennes\/#breadcrumb","itemListElement":[{"@type":"ListItem","position":1,"name":"Home","item":"https:\/\/www.ufi.eu\/fr\/accueil\/"},{"@type":"ListItem","position":2,"name":"Boutique","item":"https:\/\/www.ufi.eu\/fr\/boutique\/"},{"@type":"ListItem","position":3,"name":"PCN et UFI pour les entreprises non europ\u00e9ennes"}]},{"@type":"WebSite","@id":"https:\/\/www.ufi.eu\/fr\/#website","url":"https:\/\/www.ufi.eu\/fr\/","name":"UFI.EU","description":"Poison Centre Notifications (PCN) and UFI","publisher":{"@id":"https:\/\/www.ufi.eu\/fr\/#organization"},"potentialAction":[{"@type":"SearchAction","target":{"@type":"EntryPoint","urlTemplate":"https:\/\/www.ufi.eu\/fr\/?s={search_term_string}"},"query-input":{"@type":"PropertyValueSpecification","valueRequired":true,"valueName":"search_term_string"}}],"inLanguage":"fr-FR"},{"@type":"Organization","@id":"https:\/\/www.ufi.eu\/fr\/#organization","name":"UFI.EU","url":"https:\/\/www.ufi.eu\/fr\/","logo":{"@type":"ImageObject","inLanguage":"fr-FR","@id":"https:\/\/www.ufi.eu\/fr\/#\/schema\/logo\/image\/","url":"https:\/\/www.ufi.eu\/wp-content\/uploads\/2025\/03\/cropped-logo_ufi3.jpg","contentUrl":"https:\/\/www.ufi.eu\/wp-content\/uploads\/2025\/03\/cropped-logo_ufi3.jpg","width":231,"height":78,"caption":"UFI.EU"},"image":{"@id":"https:\/\/www.ufi.eu\/fr\/#\/schema\/logo\/image\/"},"description":"UFI.eu specializes in digital registrations for Poison Centre Notifications (PCN), ensuring your chemical products meet EU regulatory requirements effortlessly. Our streamlined solutions help businesses stay compliant while reducing complexity and administrative burden.","email":"info@ufi.eu","legalName":"UFI.EU"}]},"product_price_amount":"0.00","product_price_currency":"EUR","og_availability":"instock","product_availability":"instock","product_condition":"new"},"_links":{"self":[{"href":"https:\/\/www.ufi.eu\/fr\/wp-json\/wp\/v2\/product\/12825","targetHints":{"allow":["GET"]}}],"collection":[{"href":"https:\/\/www.ufi.eu\/fr\/wp-json\/wp\/v2\/product"}],"about":[{"href":"https:\/\/www.ufi.eu\/fr\/wp-json\/wp\/v2\/types\/product"}],"wp:featuredmedia":[{"embeddable":true,"href":"https:\/\/www.ufi.eu\/fr\/wp-json\/wp\/v2\/media\/12469"}],"wp:attachment":[{"href":"https:\/\/www.ufi.eu\/fr\/wp-json\/wp\/v2\/media?parent=12825"}],"wp:term":[{"taxonomy":"product_brand","embeddable":true,"href":"https:\/\/www.ufi.eu\/fr\/wp-json\/wp\/v2\/product_brand?post=12825"},{"taxonomy":"product_cat","embeddable":true,"href":"https:\/\/www.ufi.eu\/fr\/wp-json\/wp\/v2\/product_cat?post=12825"},{"taxonomy":"product_tag","embeddable":true,"href":"https:\/\/www.ufi.eu\/fr\/wp-json\/wp\/v2\/product_tag?post=12825"}],"curies":[{"name":"wp","href":"https:\/\/api.w.org\/{rel}","templated":true}]}}