{"id":12550,"date":"2025-03-09T14:12:29","date_gmt":"2025-04-15T19:37:03","guid":{"rendered":"https:\/\/www.ufi.eu\/pcn\/non%20class\u00e9\/pays-pour-lenregistrement-des-ncp\/"},"modified":"2025-05-15T16:47:38","modified_gmt":"2025-05-15T16:47:38","slug":"pays-pour-lenregistrement-des-ncp","status":"publish","type":"product","link":"https:\/\/www.ufi.eu\/fr\/product\/pays-pour-lenregistrement-des-ncp\/","title":{"rendered":"Pays pour l&#8217;enregistrement des NCP"},"content":{"rendered":"\n<h2 class=\"wp-block-heading\" id=\"h-launch-your-product-across-europe-with-ease\">Lancez votre produit dans toute l&#8217;Europe en toute simplicit\u00e9<\/h2>\n\n<p>Lors de l&#8217;enregistrement de votre produit pour la notification au centre antipoison de l&#8217;UE (PCN), chaque pays dans lequel vous pr\u00e9voyez de vendre votre produit doit \u00eatre soumis \u00e0 son autorit\u00e9 nationale respective. Gr\u00e2ce \u00e0 notre syst\u00e8me d&#8217;enregistrement des pays de l&#8217;UE pour la PCN, vous pouvez s\u00e9lectionner les pays exacts dans lesquels vous souhaitez lancer votre produit, ce qui vous permet de b\u00e9n\u00e9ficier d&#8217;une flexibilit\u00e9 totale et de contr\u00f4ler l&#8217;\u00e9tendue de votre march\u00e9. <\/p>\n\n<h2 class=\"wp-block-heading\" id=\"h-what-you-re-purchasing\">Ce que vous achetez<\/h2>\n\n<p>Ce produit vous permet d&#8217;<strong>acheter des jetons pays<\/strong> pour les 27 \u00c9tats membres de l&#8217;UE. Ces jetons peuvent \u00eatre utilis\u00e9s <strong>pour tout enregistrement PCN<\/strong> que vous effectuez aupr\u00e8s de nous. Une fois achet\u00e9s, les pays sont <strong>ajout\u00e9s \u00e0 <a href=\"https:\/\/www.ufi.eu\/my-account\/points\/\">votre liste de pays PCN<\/a><\/strong> et peuvent \u00eatre utilis\u00e9s lorsque vous remplissez notre <strong>formulaire d&#8217;enregistrement PCN<\/strong> pour votre produit.    <\/p>\n\n<p><strong>Vous devrez \u00e9galement <a href=\"https:\/\/www.ufi.eu\/shop\/\">acheter un PCN pour votre produit<\/a>. Ce produit n&#8217;est qu&#8217;un pays libre, pas le PCN. <\/strong><\/p>\n\n<h4 class=\"wp-block-heading\">\u2705 Comment cela fonctionne-t-il ?<\/h4>\n\n<ol class=\"wp-block-list\">\n<li>D\u00e9terminez <strong>les pays<\/strong> dans lesquels vous envisagez de vendre.<\/li>\n\n\n\n<li>Achetez le nombre de <strong>jetons pays.<\/strong><\/li>\n\n\n\n<li><a href=\"https:\/\/www.ufi.eu\/fr\/nouveau-produit\/\">Soumettez-nous le formulaire d&#8217;admission de votre produit<\/a>.<\/li>\n\n\n\n<li>Il vous suffit d&#8217;indiquer les pays dans lesquels vous souhaitez que nous soumettions votre produit \u00e0 la proc\u00e9dure PCN.<\/li>\n\n\n\n<li>Les jetons de pays sont d\u00e9duits de votre total lorsque vous soumettez votre formulaire.<\/li>\n<\/ol>\n\n<p>Que vous lanciez un seul produit ou que vous g\u00e9riez un portefeuille complet, vous pouvez <strong>utiliser les <a href=\"https:\/\/www.ufi.eu\/my-account\/points\/\">jetons nationaux que vous avez achet\u00e9s<\/a><\/strong> pour diff\u00e9rentes soumissions de PCN, ce qui vous permet de gagner du temps, de garantir la conformit\u00e9 et d&#8217;\u00e9tendre votre pr\u00e9sence sur le march\u00e9 de l&#8217;UE sans effort.<\/p>\n\n<h3 class=\"wp-block-heading\" id=\"h-supported-eu-countries\">Pays de l&#8217;UE soutenus<\/h3>\n\n<p>L&#8217;UE compte 27 pays et l&#8217;EEE en compte 30 (UE + Liechtenstein, Norv\u00e8ge et Islande). Dans le portail, vous pouvez s\u00e9lectionner ces pays :<\/p>\n\n<figure class=\"wp-block-table\"><table class=\"has-fixed-layout\"><tbody><tr><td>Belgique<\/td><td>(BE)<\/td><td>Espagne<\/td><td>(ES)<\/td><td>Hongrie<\/td><td>(HU)<\/td><td>Slovaquie<\/td><td>(SK)<\/td><\/tr><tr><td>Bulgarie<\/td><td>(BG)<\/td><td>France<\/td><td>(FR)<\/td><td>Malte<\/td><td>(MT)<\/td><td>Finlande<\/td><td>(FI)<\/td><\/tr><tr><td>Tch\u00e9coslovaquie<\/td><td>(CZ)<\/td><td>Croatie<\/td><td>(HR)<\/td><td>Pays-Bas<\/td><td>(NL)<\/td><td>Su\u00e8de<\/td><td>(SE)<\/td><\/tr><tr><td>Danemark<\/td><td>(DK)<\/td><td>Italie<\/td><td>(IT)<\/td><td>Autriche<\/td><td>(AT)<\/td><td>Allemagne<\/td><td>(DE)<\/td><\/tr><tr><td>Chypre<\/td><td>(CY)<\/td><td>Pologne<\/td><td>(PL)<\/td><td>Islande<\/td><td>(IS)<\/td><td>Estonie<\/td><td>(EE)<\/td><\/tr><tr><td>Lettonie<\/td><td>(LV)<\/td><td>Portugal<\/td><td>(PT)<\/td><td>Liechtenstein<\/td><td>(LI)<\/td><td>Irlande<\/td><td>(IE)<\/td><\/tr><tr><td>Lituanie<\/td><td>(LT)<\/td><td>Roumanie<\/td><td>(RO)<\/td><td>Norv\u00e8ge<\/td><td>(NON)<\/td><td>Gr\u00e8ce<\/td><td>(EL)<\/td><\/tr><tr><td>Luxembourg<\/td><td>(LU)<\/td><td>Slov\u00e9nie<\/td><td>(SI)<\/td><td>Suisse*<\/td><td>(CH)<\/td><td><\/td><td><\/td><\/tr><\/tbody><\/table><\/figure>\n\n<p>*Pour la Suisse, nous pouvons cr\u00e9er le dossier PCN, avec toutes les informations n\u00e9cessaires pour effectuer une soumission dans le portail suisse. Contactez-nous pour plus d&#8217;informations. <\/p>\n\n<h2 class=\"wp-block-heading\" id=\"h-example-of-how-it-works\">Exemple de fonctionnement<\/h2>\n\n<p>Vous lancez un nouveau produit de nettoyage en <strong>France, en Allemagne et en Espagne<\/strong>. Il vous suffit d&#8217;acheter trois pays. Lorsque vous remplirez le formulaire de demande de PCN avec nous, vous attribuerez ces jetons de pays au produit, ce qui garantira la conformit\u00e9 l\u00e9gale sur les trois march\u00e9s sans les inconv\u00e9nients des soumissions individuelles.  <\/p>\n","protected":false},"excerpt":{"rendered":"<p>Veuillez s\u00e9lectionner le nombre de pays dans lesquels vous souhaitez enregistrer votre produit.<\/p>\n","protected":false},"featured_media":12552,"template":"","meta":[],"product_brand":[],"product_cat":[336],"product_tag":[],"class_list":{"0":"post-12550","1":"product","2":"type-product","3":"status-publish","4":"has-post-thumbnail","6":"product_cat-pays","8":"first","9":"instock","10":"virtual","11":"taxable","12":"purchasable","13":"product-type-simple"},"bundled_by":["12646","12676","12825","12958","12978","12998","13018","13026","13239","13249","13279","13339","13516","13532","13549","13585","13684","13788","13806","13824","13842","13850","14012","14018","14034","14060","14078","14362","14380","14398","14416","14434","14452","14604","14704","14752","14778","14797","14969","14990","14992","15063","15255","15273","15293","15297","15319","15345","15421","15439","15457","15475","15631","15841","15855","15863","15879","15950","15961","15974","16005","16008","16243","16261","16279","16297","16323","16547","16555","16581","16609","16617","16645","16891","16899","16927","16935","16963","16981","17245","17263","17271","17289","17317","17325","17351","17667","17685","17703","17721","17749","17757","17785","17803","17819","18019","18184","18191","18201","18211","18345","18363","18381","18391","18417","18427","18611","18733","18739","18757","18785","18975","18991","19041","19059","19077","19105","19163","19387","19395","19413","19441","19489","19507","19525","19821","19845","19863","19865","19891","19899","19917","19971","19999","20311","20329","20347","20361","20369","20387","20415","20423","20729","20737","20765","20813","20839","20847","20865","20955","21123","21137","21155","21383","21427","21437","21447","21477","21481","21583","21613","21631","21635","21929","21955","21963","21981","22069","22091","22095","22105","22133","22141","22159","22415","22607","22625","22651","22667","22683","22689","22707","22741","22759","23073","23091","23167","23183","23211","23221","23237","23265","23293","23311","23605","23613","23631","23717","23735","23753","23761","23839","23957","24100","24134","24154","31731"],"bundle_stock_status":"instock","bundle_stock_quantity":null,"bundle_virtual":false,"bundle_layout":"","bundle_add_to_cart_form_location":"","bundle_editable_in_cart":false,"bundle_sold_individually_context":"","bundle_item_grouping":"","bundle_min_size":"","bundle_max_size":"","bundle_price":[],"bundled_items":[],"bundle_sell_ids":[],"yoast_head":"<!-- This site is optimized with the Yoast SEO Premium plugin v25.1 (Yoast SEO v25.1) - https:\/\/yoast.com\/wordpress\/plugins\/seo\/ -->\n<title>Pays pour l&#039;enregistrement des NCP - UFI<\/title>\n<meta name=\"description\" content=\"Gr\u00e2ce \u00e0 notre syst\u00e8me d&#039;enregistrement des PCN dans les pays de l&#039;UE, vous pouvez s\u00e9lectionner les pays exacts o\u00f9 vous souhaitez lancer votre produit, ce qui vous permet de b\u00e9n\u00e9ficier d&#039;une flexibilit\u00e9 et d&#039;un contr\u00f4le complets sur votre port\u00e9e commerciale.\" \/>\n<meta name=\"robots\" content=\"index, follow, max-snippet:-1, max-image-preview:large, max-video-preview:-1\" \/>\n<link rel=\"canonical\" href=\"https:\/\/www.ufi.eu\/fr\/product\/pays-pour-lenregistrement-des-ncp\/\" \/>\n<meta property=\"og:locale\" content=\"fr_FR\" \/>\n<meta property=\"og:type\" content=\"article\" \/>\n<meta property=\"og:title\" content=\"Pays pour l&#039;enregistrement des NCP\" \/>\n<meta property=\"og:description\" content=\"Gr\u00e2ce \u00e0 notre syst\u00e8me d&#039;enregistrement des PCN dans les pays de l&#039;UE, vous pouvez s\u00e9lectionner les pays exacts o\u00f9 vous souhaitez lancer votre produit, ce qui vous permet de b\u00e9n\u00e9ficier d&#039;une flexibilit\u00e9 et d&#039;un contr\u00f4le complets sur votre port\u00e9e commerciale.\" \/>\n<meta property=\"og:url\" content=\"https:\/\/www.ufi.eu\/fr\/product\/pays-pour-lenregistrement-des-ncp\/\" \/>\n<meta property=\"og:site_name\" content=\"UFI\" \/>\n<meta property=\"article:modified_time\" content=\"2025-05-15T16:47:38+00:00\" \/>\n<meta property=\"og:image\" content=\"https:\/\/www.ufi.eu\/wp-content\/uploads\/2025\/03\/eu.jpg\" \/>\n\t<meta property=\"og:image:width\" content=\"800\" \/>\n\t<meta property=\"og:image:height\" content=\"800\" \/>\n\t<meta property=\"og:image:type\" content=\"image\/jpeg\" \/>\n<meta name=\"twitter:card\" content=\"summary_large_image\" \/>\n<meta name=\"twitter:label1\" content=\"Prix\" \/>\n\t<meta name=\"twitter:data1\" content=\"&euro;35.00\" \/>\n\t<meta name=\"twitter:label2\" content=\"Disponibilit\u00e9\" \/>\n\t<meta name=\"twitter:data2\" content=\"En stock\" \/>\n<script type=\"application\/ld+json\" class=\"yoast-schema-graph\">{\"@context\":\"https:\/\/schema.org\",\"@graph\":[{\"@type\":\"WebPage\",\"@id\":\"https:\/\/www.ufi.eu\/fr\/product\/pays-pour-lenregistrement-des-ncp\/\",\"url\":\"https:\/\/www.ufi.eu\/fr\/product\/pays-pour-lenregistrement-des-ncp\/\",\"name\":\"Pays pour l'enregistrement des NCP - UFI\",\"isPartOf\":{\"@id\":\"https:\/\/www.ufi.eu\/fr\/#website\"},\"primaryImageOfPage\":{\"@id\":\"https:\/\/www.ufi.eu\/fr\/product\/pays-pour-lenregistrement-des-ncp\/#primaryimage\"},\"image\":{\"@id\":\"https:\/\/www.ufi.eu\/fr\/product\/pays-pour-lenregistrement-des-ncp\/#primaryimage\"},\"thumbnailUrl\":\"https:\/\/www.ufi.eu\/wp-content\/uploads\/2025\/03\/eu.jpg\",\"datePublished\":\"2025-04-15T19:37:03+00:00\",\"dateModified\":\"2025-05-15T16:47:38+00:00\",\"description\":\"Gr\u00e2ce \u00e0 notre syst\u00e8me d'enregistrement des PCN dans les pays de l'UE, vous pouvez s\u00e9lectionner les pays exacts o\u00f9 vous souhaitez lancer votre produit, ce qui vous permet de b\u00e9n\u00e9ficier d'une flexibilit\u00e9 et d'un contr\u00f4le complets sur votre port\u00e9e commerciale.\",\"breadcrumb\":{\"@id\":\"https:\/\/www.ufi.eu\/fr\/product\/pays-pour-lenregistrement-des-ncp\/#breadcrumb\"},\"inLanguage\":\"fr-FR\",\"potentialAction\":[{\"@type\":\"ReadAction\",\"target\":[\"https:\/\/www.ufi.eu\/fr\/product\/pays-pour-lenregistrement-des-ncp\/\"]}]},{\"@type\":\"ImageObject\",\"inLanguage\":\"fr-FR\",\"@id\":\"https:\/\/www.ufi.eu\/fr\/product\/pays-pour-lenregistrement-des-ncp\/#primaryimage\",\"url\":\"https:\/\/www.ufi.eu\/wp-content\/uploads\/2025\/03\/eu.jpg\",\"contentUrl\":\"https:\/\/www.ufi.eu\/wp-content\/uploads\/2025\/03\/eu.jpg\",\"width\":800,\"height\":800},{\"@type\":\"BreadcrumbList\",\"@id\":\"https:\/\/www.ufi.eu\/fr\/product\/pays-pour-lenregistrement-des-ncp\/#breadcrumb\",\"itemListElement\":[{\"@type\":\"ListItem\",\"position\":1,\"name\":\"Home\",\"item\":\"https:\/\/www.ufi.eu\/fr\/accueil\/\"},{\"@type\":\"ListItem\",\"position\":2,\"name\":\"Boutique\",\"item\":\"https:\/\/www.ufi.eu\/fr\/boutique\/\"},{\"@type\":\"ListItem\",\"position\":3,\"name\":\"Pays pour l&#8217;enregistrement des NCP\"}]},{\"@type\":\"WebSite\",\"@id\":\"https:\/\/www.ufi.eu\/fr\/#website\",\"url\":\"https:\/\/www.ufi.eu\/fr\/\",\"name\":\"UFI.EU\",\"description\":\"Poison Centre Notifications (PCN) and UFI\",\"publisher\":{\"@id\":\"https:\/\/www.ufi.eu\/fr\/#organization\"},\"potentialAction\":[{\"@type\":\"SearchAction\",\"target\":{\"@type\":\"EntryPoint\",\"urlTemplate\":\"https:\/\/www.ufi.eu\/fr\/?s={search_term_string}\"},\"query-input\":{\"@type\":\"PropertyValueSpecification\",\"valueRequired\":true,\"valueName\":\"search_term_string\"}}],\"inLanguage\":\"fr-FR\"},{\"@type\":\"Organization\",\"@id\":\"https:\/\/www.ufi.eu\/fr\/#organization\",\"name\":\"UFI.EU\",\"url\":\"https:\/\/www.ufi.eu\/fr\/\",\"logo\":{\"@type\":\"ImageObject\",\"inLanguage\":\"fr-FR\",\"@id\":\"https:\/\/www.ufi.eu\/fr\/#\/schema\/logo\/image\/\",\"url\":\"https:\/\/www.ufi.eu\/wp-content\/uploads\/2025\/03\/cropped-logo_ufi3.jpg\",\"contentUrl\":\"https:\/\/www.ufi.eu\/wp-content\/uploads\/2025\/03\/cropped-logo_ufi3.jpg\",\"width\":231,\"height\":78,\"caption\":\"UFI.EU\"},\"image\":{\"@id\":\"https:\/\/www.ufi.eu\/fr\/#\/schema\/logo\/image\/\"},\"description\":\"UFI.eu specializes in digital registrations for Poison Centre Notifications (PCN), ensuring your chemical products meet EU regulatory requirements effortlessly. Our streamlined solutions help businesses stay compliant while reducing complexity and administrative burden.\",\"email\":\"info@ufi.eu\",\"legalName\":\"UFI.EU\"}]}<\/script>\n<meta property=\"product:price:amount\" content=\"35.00\" \/>\n<meta property=\"product:price:currency\" content=\"EUR\" \/>\n<meta property=\"og:availability\" content=\"instock\" \/>\n<meta property=\"product:availability\" content=\"instock\" \/>\n<meta property=\"product:retailer_item_id\" content=\"PCN-COUNTRIES\" \/>\n<meta property=\"product:condition\" content=\"new\" \/>\n<!-- \/ Yoast SEO Premium plugin. -->","yoast_head_json":{"title":"Pays pour l'enregistrement des NCP - UFI","description":"Gr\u00e2ce \u00e0 notre syst\u00e8me d'enregistrement des PCN dans les pays de l'UE, vous pouvez s\u00e9lectionner les pays exacts o\u00f9 vous souhaitez lancer votre produit, ce qui vous permet de b\u00e9n\u00e9ficier d'une flexibilit\u00e9 et d'un contr\u00f4le complets sur votre port\u00e9e commerciale.","robots":{"index":"index","follow":"follow","max-snippet":"max-snippet:-1","max-image-preview":"max-image-preview:large","max-video-preview":"max-video-preview:-1"},"canonical":"https:\/\/www.ufi.eu\/fr\/product\/pays-pour-lenregistrement-des-ncp\/","og_locale":"fr_FR","og_type":"article","og_title":"Pays pour l'enregistrement des NCP","og_description":"Gr\u00e2ce \u00e0 notre syst\u00e8me d'enregistrement des PCN dans les pays de l'UE, vous pouvez s\u00e9lectionner les pays exacts o\u00f9 vous souhaitez lancer votre produit, ce qui vous permet de b\u00e9n\u00e9ficier d'une flexibilit\u00e9 et d'un contr\u00f4le complets sur votre port\u00e9e commerciale.","og_url":"https:\/\/www.ufi.eu\/fr\/product\/pays-pour-lenregistrement-des-ncp\/","og_site_name":"UFI","article_modified_time":"2025-05-15T16:47:38+00:00","og_image":[{"width":800,"height":800,"url":"https:\/\/www.ufi.eu\/wp-content\/uploads\/2025\/03\/eu.jpg","type":"image\/jpeg"}],"twitter_card":"summary_large_image","twitter_misc":{"Prix":"&euro;35.00","Disponibilit\u00e9":"En stock"},"schema":{"@context":"https:\/\/schema.org","@graph":[{"@type":"WebPage","@id":"https:\/\/www.ufi.eu\/fr\/product\/pays-pour-lenregistrement-des-ncp\/","url":"https:\/\/www.ufi.eu\/fr\/product\/pays-pour-lenregistrement-des-ncp\/","name":"Pays pour l'enregistrement des NCP - UFI","isPartOf":{"@id":"https:\/\/www.ufi.eu\/fr\/#website"},"primaryImageOfPage":{"@id":"https:\/\/www.ufi.eu\/fr\/product\/pays-pour-lenregistrement-des-ncp\/#primaryimage"},"image":{"@id":"https:\/\/www.ufi.eu\/fr\/product\/pays-pour-lenregistrement-des-ncp\/#primaryimage"},"thumbnailUrl":"https:\/\/www.ufi.eu\/wp-content\/uploads\/2025\/03\/eu.jpg","datePublished":"2025-04-15T19:37:03+00:00","dateModified":"2025-05-15T16:47:38+00:00","description":"Gr\u00e2ce \u00e0 notre syst\u00e8me d'enregistrement des PCN dans les pays de l'UE, vous pouvez s\u00e9lectionner les pays exacts o\u00f9 vous souhaitez lancer votre produit, ce qui vous permet de b\u00e9n\u00e9ficier d'une flexibilit\u00e9 et d'un contr\u00f4le complets sur votre port\u00e9e commerciale.","breadcrumb":{"@id":"https:\/\/www.ufi.eu\/fr\/product\/pays-pour-lenregistrement-des-ncp\/#breadcrumb"},"inLanguage":"fr-FR","potentialAction":[{"@type":"ReadAction","target":["https:\/\/www.ufi.eu\/fr\/product\/pays-pour-lenregistrement-des-ncp\/"]}]},{"@type":"ImageObject","inLanguage":"fr-FR","@id":"https:\/\/www.ufi.eu\/fr\/product\/pays-pour-lenregistrement-des-ncp\/#primaryimage","url":"https:\/\/www.ufi.eu\/wp-content\/uploads\/2025\/03\/eu.jpg","contentUrl":"https:\/\/www.ufi.eu\/wp-content\/uploads\/2025\/03\/eu.jpg","width":800,"height":800},{"@type":"BreadcrumbList","@id":"https:\/\/www.ufi.eu\/fr\/product\/pays-pour-lenregistrement-des-ncp\/#breadcrumb","itemListElement":[{"@type":"ListItem","position":1,"name":"Home","item":"https:\/\/www.ufi.eu\/fr\/accueil\/"},{"@type":"ListItem","position":2,"name":"Boutique","item":"https:\/\/www.ufi.eu\/fr\/boutique\/"},{"@type":"ListItem","position":3,"name":"Pays pour l&#8217;enregistrement des NCP"}]},{"@type":"WebSite","@id":"https:\/\/www.ufi.eu\/fr\/#website","url":"https:\/\/www.ufi.eu\/fr\/","name":"UFI.EU","description":"Poison Centre Notifications (PCN) and UFI","publisher":{"@id":"https:\/\/www.ufi.eu\/fr\/#organization"},"potentialAction":[{"@type":"SearchAction","target":{"@type":"EntryPoint","urlTemplate":"https:\/\/www.ufi.eu\/fr\/?s={search_term_string}"},"query-input":{"@type":"PropertyValueSpecification","valueRequired":true,"valueName":"search_term_string"}}],"inLanguage":"fr-FR"},{"@type":"Organization","@id":"https:\/\/www.ufi.eu\/fr\/#organization","name":"UFI.EU","url":"https:\/\/www.ufi.eu\/fr\/","logo":{"@type":"ImageObject","inLanguage":"fr-FR","@id":"https:\/\/www.ufi.eu\/fr\/#\/schema\/logo\/image\/","url":"https:\/\/www.ufi.eu\/wp-content\/uploads\/2025\/03\/cropped-logo_ufi3.jpg","contentUrl":"https:\/\/www.ufi.eu\/wp-content\/uploads\/2025\/03\/cropped-logo_ufi3.jpg","width":231,"height":78,"caption":"UFI.EU"},"image":{"@id":"https:\/\/www.ufi.eu\/fr\/#\/schema\/logo\/image\/"},"description":"UFI.eu specializes in digital registrations for Poison Centre Notifications (PCN), ensuring your chemical products meet EU regulatory requirements effortlessly. Our streamlined solutions help businesses stay compliant while reducing complexity and administrative burden.","email":"info@ufi.eu","legalName":"UFI.EU"}]},"product_price_amount":"35.00","product_price_currency":"EUR","og_availability":"instock","product_availability":"instock","product_retailer_item_id":"PCN-COUNTRIES","product_condition":"new"},"_links":{"self":[{"href":"https:\/\/www.ufi.eu\/fr\/wp-json\/wp\/v2\/product\/12550","targetHints":{"allow":["GET"]}}],"collection":[{"href":"https:\/\/www.ufi.eu\/fr\/wp-json\/wp\/v2\/product"}],"about":[{"href":"https:\/\/www.ufi.eu\/fr\/wp-json\/wp\/v2\/types\/product"}],"wp:featuredmedia":[{"embeddable":true,"href":"https:\/\/www.ufi.eu\/fr\/wp-json\/wp\/v2\/media\/12552"}],"wp:attachment":[{"href":"https:\/\/www.ufi.eu\/fr\/wp-json\/wp\/v2\/media?parent=12550"}],"wp:term":[{"taxonomy":"product_brand","embeddable":true,"href":"https:\/\/www.ufi.eu\/fr\/wp-json\/wp\/v2\/product_brand?post=12550"},{"taxonomy":"product_cat","embeddable":true,"href":"https:\/\/www.ufi.eu\/fr\/wp-json\/wp\/v2\/product_cat?post=12550"},{"taxonomy":"product_tag","embeddable":true,"href":"https:\/\/www.ufi.eu\/fr\/wp-json\/wp\/v2\/product_tag?post=12550"}],"curies":[{"name":"wp","href":"https:\/\/api.w.org\/{rel}","templated":true}]}}