{"id":12470,"date":"2025-04-09T20:22:00","date_gmt":"2025-04-15T19:34:03","guid":{"rendered":"https:\/\/www.ufi.eu\/pcn\/non%20class\u00e9\/traduction-de-la-fiche-de-donnees-de-securite\/"},"modified":"2026-02-12T11:23:45","modified_gmt":"2026-02-12T11:23:45","slug":"traduction-de-la-fiche-de-donnees-de-securite","status":"publish","type":"product","link":"https:\/\/www.ufi.eu\/fr\/product\/traduction-de-la-fiche-de-donnees-de-securite\/","title":{"rendered":"Langue de la fiche de donn\u00e9es de s\u00e9curit\u00e9"},"content":{"rendered":"\n<p>Dans le march\u00e9 mondialis\u00e9 d&#8217;aujourd&#8217;hui, le respect des normes de s\u00e9curit\u00e9 internationales n&#8217;est pas seulement une n\u00e9cessit\u00e9 juridique &#8211; c&#8217;est un \u00e9l\u00e9ment vital pour faire des affaires de mani\u00e8re responsable et efficace. Dans le cadre de la conformit\u00e9 r\u00e9glementaire des industries chimiques et cosm\u00e9tiques, il est important que les informations relatives \u00e0 la s\u00e9curit\u00e9 soient communiqu\u00e9es de mani\u00e8re pr\u00e9cise et accessible. C&#8217;est l\u00e0 qu&#8217;intervient UFI.EU avec son <strong>service de traduction<\/strong> professionnelle <strong>des FDS<\/strong>, qui propose des traductions pr\u00e9cises et conformes \u00e0 la r\u00e9glementation des fiches de donn\u00e9es de s\u00e9curit\u00e9 (FDS), \u00e9galement appel\u00e9es fiches de donn\u00e9es de s\u00e9curit\u00e9 (FDS), dans toutes les langues de l&#8217;Union europ\u00e9enne et au-del\u00e0.  <\/p>\n\n<h4 class=\"wp-block-heading\" id=\"h-what-is-an-msds\">Qu&#8217;est-ce qu&#8217;une fiche de donn\u00e9es de s\u00e9curit\u00e9 ?<\/h4>\n\n<p>Une fiche de donn\u00e9es de s\u00e9curit\u00e9 (FDS) est un document qui fournit des informations d\u00e9taill\u00e9es sur une substance ou un m\u00e9lange chimique. Elle d\u00e9crit les risques potentiels (sant\u00e9, incendie, r\u00e9activit\u00e9, environnement), la mani\u00e8re de travailler en toute s\u00e9curit\u00e9 avec le produit et les mesures de contr\u00f4le en cas d&#8217;urgence. Dans le cadre des r\u00e8glements de l&#8217;UE, tels que les r\u00e8glements <strong>REACH<\/strong> (enregistrement, \u00e9valuation, autorisation et restriction des substances chimiques) et <strong>CLP<\/strong> (classification, \u00e9tiquetage et emballage), la fiche de donn\u00e9es de s\u00e9curit\u00e9 joue un r\u00f4le essentiel pour garantir la s\u00e9curit\u00e9 de l&#8217;utilisation et du transport des substances dangereuses.   <\/p>\n\n<h4 class=\"wp-block-heading\" id=\"h-why-accurate-translation-is-crucial\">Pourquoi une traduction pr\u00e9cise est cruciale<\/h4>\n\n<p>Chaque \u00c9tat membre de l&#8217;UE a ses propres exigences en mati\u00e8re de langue pour les documents de la FDS. Si vous exportez un produit vers un autre pays de l&#8217;UE ou si vous en importez un, vous \u00eates tenu de fournir une FDS dans la ou les langues officielles du pays de destination. Une fiche de donn\u00e9es de s\u00e9curit\u00e9 traduite de mani\u00e8re inexacte peut conduire \u00e0<\/p>\n\n<ul class=\"wp-block-list\">\n<li>Amendes r\u00e9glementaires ou responsabilit\u00e9s juridiques<\/li>\n\n\n\n<li>Retards \u00e0 la douane ou interruptions de transport<\/li>\n\n\n\n<li>Mauvaise utilisation de substances dangereuses<\/li>\n\n\n\n<li>Risque accru d&#8217;accidents ou de dommages environnementaux<\/li>\n<\/ul>\n\n<p>Nous sommes conscients de la complexit\u00e9 et de la sensibilit\u00e9 de ce processus. Notre service de traduction des fiches de donn\u00e9es de s\u00e9curit\u00e9 garantit que vos documents sont non seulement exacts d&#8217;un point de vue linguistique, mais aussi parfaitement conformes \u00e0 l&#8217;<strong>annexe II de REACH<\/strong> et aux derni\u00e8res directives de l <strong>&#8216;ECHA (Agence europ\u00e9enne des produits chimiques)<\/strong>. <\/p>\n\n<h3 class=\"wp-block-heading\" id=\"h-our-msds-translation-services\">Nos services de traduction des fiches de donn\u00e9es de s\u00e9curit\u00e9<\/h3>\n\n<p>Nous proposons une gamme compl\u00e8te de services de traduction adapt\u00e9s aux secteurs de la chimie, des cosm\u00e9tiques, des parfums, du nettoyage et de l&#8217;industrie. Nos solutions de traduction des fiches de donn\u00e9es de s\u00e9curit\u00e9 comprennent<\/p>\n\n<h4 class=\"wp-block-heading\" id=\"h-multilingual-sds-translations\">\u2714 Traductions multilingues de la FDS<\/h4>\n\n<p>Nous traduisons les fiches de donn\u00e9es de s\u00e9curit\u00e9 dans toutes les langues officielles de l&#8217;UE, ainsi que dans d&#8217;autres langues requises pour le commerce mondial. Chaque traduction est soigneusement r\u00e9vis\u00e9e pour s&#8217;assurer qu&#8217;elle est conforme \u00e0 la l\u00e9gislation locale sur les produits chimiques, \u00e0 la terminologie et aux normes de formatage.<\/p>\n\n<h4 class=\"wp-block-heading\" id=\"h-compliance-verification\">\u2714 V\u00e9rification de la conformit\u00e9<\/h4>\n\n<p>La traduction n&#8217;est pas qu&#8217;une question de langue, c&#8217;est aussi une question d&#8217;<strong>exactitude juridique<\/strong>. Notre \u00e9quipe d&#8217;experts en r\u00e9glementation examine votre fiche de donn\u00e9es de s\u00e9curit\u00e9 pour s&#8217;assurer que la version traduite est conforme aux exigences REACH et CLP, notamment : <\/p>\n\n<ul class=\"wp-block-list\">\n<li>Classification et \u00e9tiquetage harmonis\u00e9s<\/li>\n\n\n\n<li>Placement et structure de l&#8217;UFI (Unique Formula Identifier)<\/li>\n\n\n\n<li>Sc\u00e9narios d&#8217;exposition (le cas \u00e9ch\u00e9ant)<\/li>\n\n\n\n<li>Pictogrammes, mots de signalisation et mentions de danger du SGH<\/li>\n<\/ul>\n\n<h4 class=\"wp-block-heading\" id=\"h-sector-specific-terminology\">\u2714 Terminologie sp\u00e9cifique au secteur<\/h4>\n\n<p>Nous sommes sp\u00e9cialis\u00e9s dans les secteurs qui exigent une compr\u00e9hension pr\u00e9cise de la terminologie et des nuances r\u00e9glementaires. Il s&#8217;agit notamment de<\/p>\n\n<ul class=\"wp-block-list\">\n<li><strong>Cosm\u00e9tiques et soins personnels<\/strong><\/li>\n\n\n\n<li><strong>Huiles essentielles et parfums<\/strong><\/li>\n\n\n\n<li><strong>Produits d&#8217;entretien m\u00e9nager<\/strong><\/li>\n\n\n\n<li><strong>Peintures et rev\u00eatements<\/strong><\/li>\n\n\n\n<li><strong>Produits chimiques de laboratoire<\/strong><\/li>\n\n\n\n<li><strong>Mati\u00e8res premi\u00e8res industrielles<\/strong><\/li>\n<\/ul>\n\n<p>Nos traducteurs sont des experts en la mati\u00e8re, et non des g\u00e9n\u00e9ralistes, ce qui signifie qu&#8217;ils connaissent la diff\u00e9rence entre un agent tensioactif et un solvant, et l&#8217;importance de cette diff\u00e9rence pour la classification.<\/p>\n\n<h3 class=\"wp-block-heading\" id=\"h-why-choose-ufi-eu\">Pourquoi choisir UFI.EU ?<\/h3>\n\n<p>Nous ne sommes pas seulement des traducteurs, nous sommes aussi des sp\u00e9cialistes de la conformit\u00e9 r\u00e9glementaire. Notre \u00e9quipe allie l&#8217;<strong>excellence linguistique<\/strong> \u00e0 la <strong>connaissance technique de la r\u00e9glementation<\/strong>, ce qui nous place dans une position unique pour soutenir vos activit\u00e9s dans toute l&#8217;Europe. <\/p>\n\n<h4 class=\"wp-block-heading\" id=\"h-fast-turnaround\">\u2705 D\u00e9lai d&#8217;ex\u00e9cution rapide<\/h4>\n\n<p>Nous comprenons que les documents relatifs aux SDD sont souvent soumis \u00e0 des contraintes de temps. Que vous lanciez un nouveau produit ou que vous exp\u00e9diiez des marchandises \u00e0 l&#8217;\u00e9chelle internationale, nos d\u00e9lais d&#8217;ex\u00e9cution sont con\u00e7us pour assurer la continuit\u00e9 de vos activit\u00e9s.<\/p>\n\n<h4 class=\"wp-block-heading\" id=\"h-competitive-pricing\">\u2705 Prix comp\u00e9titifs<\/h4>\n\n<p>Nous proposons des prix transparents, sans frais cach\u00e9s. Nos tarifs sont fixes et vous pouvez acheter directement sur notre site web.<\/p>\n\n<h4 class=\"wp-block-heading\" id=\"h-confidentiality\">\u2705 Confidentialit\u00e9<\/h4>\n\n<p>Tous vos documents sont trait\u00e9s avec une stricte confidentialit\u00e9. Nous signons volontiers des accords de confidentialit\u00e9 sur demande, et tous les transferts de fichiers sont crypt\u00e9s et s\u00e9curis\u00e9s.<\/p>\n\n<h3 class=\"wp-block-heading\" id=\"h-common-use-cases-for-our-msds-translation-service\">Cas d&#8217;utilisation courants de notre service de traduction de FDS<\/h3>\n\n<p><strong>1. Exportation d&#8217;ingr\u00e9dients cosm\u00e9tiques :<\/strong><br\/>Si vous \u00eates un fournisseur d&#8217;huiles essentielles ou d&#8217;actifs cosm\u00e9tiques et que vous souhaitez exporter vers la France, l&#8217;Allemagne ou l&#8217;Espagne, vous aurez besoin d&#8217;une fiche de donn\u00e9es de s\u00e9curit\u00e9 traduite dans la langue appropri\u00e9e pour le d\u00e9douanement et la conformit\u00e9 l\u00e9gale.<\/p>\n\n<p><strong>2. Lancement d&#8217;un nouveau produit d&#8217;entretien :<\/strong><br\/>Avant de mettre un produit d&#8217;entretien m\u00e9nager sur le march\u00e9 de l&#8217;UE, vous devez fournir une FDS dans la langue nationale de chaque march\u00e9. Notre \u00e9quipe peut traduire et valider vos documents dans plusieurs juridictions. <\/p>\n\n<p><strong>3. Assistance \u00e0 la soumission de PCN :<\/strong><br\/>Si votre FDS comprend un UFI et que vous soumettez une notification au centre antipoison (PCN), votre FDS traduite doit correspondre aux donn\u00e9es soumises au portail de l&#8217;ECHA. Nous vous aidons \u00e0 assurer la coh\u00e9rence entre votre FDS, l&#8217;\u00e9tiquette du produit et la PCN. <\/p>\n\n<p><strong>4. Acquisitions ou changements de fournisseurs :<\/strong><br\/>Si votre entreprise a r\u00e9cemment acquis de nouvelles formulations chimiques aupr\u00e8s d&#8217;un fournisseur \u00e9tranger, nous pouvons traduire et localiser la FDS pour vos \u00e9quipes internes et vos clients.<\/p>\n\n<h3 class=\"wp-block-heading\" id=\"h-more-than-just-translation-additional-services\">Plus qu&#8217;une simple traduction : Services compl\u00e9mentaires<\/h3>\n\n<p>En plus de notre service de traduction des FDS, UFI.EU vous propose \u00e9galement :<\/p>\n\n<ul class=\"wp-block-list\">\n<li><strong><a href=\"https:\/\/www.ufi.eu\/pcn\/safety-data-sheet\/safety-data-sheet-creation\/\">Cr\u00e9ation de la fiche de donn\u00e9es de s\u00e9curit\u00e9<\/a><\/strong> de votre produit<\/li>\n\n\n\n<li><strong>G\u00e9n\u00e9ration de codes UFI<\/strong> et placement sur les \u00e9tiquettes<\/li>\n\n\n\n<li><strong><a href=\"https:\/\/www.ufi.eu\/pcn\/clp-label\/clp-label-creation-compliance-check\/\">Informations sur l&#8217;\u00e9tiquette CLP<\/a><\/strong> avec des pictogrammes de danger, des mots de signalisation et des mentions de danger dans la langue locale<\/li>\n\n\n\n<li><strong>Services de soumission PCN<\/strong> &#8211; assistance compl\u00e8te pour le t\u00e9l\u00e9chargement des donn\u00e9es SDS dans le portail de l&#8217;ECHA<\/li>\n\n\n\n<li><strong>Pr\u00e9s\u00e9lection toxicologique<\/strong> des formulations<\/li>\n\n\n\n<li><strong>Soutien \u00e0 l&#8217;enregistrement des produits<\/strong> aupr\u00e8s des centres antipoison nationaux<\/li>\n<\/ul>\n\n<p>Cette approche de service complet garantit que votre entreprise dispose d&#8217;<strong>un partenaire fiable<\/strong> pour tous ses besoins en mati\u00e8re de s\u00e9curit\u00e9 chimique et de documentation.<\/p>\n","protected":false},"excerpt":{"rendered":"<p>Dans le march\u00e9 mondialis\u00e9 d&#8217;aujourd&#8217;hui, le respect des normes de s\u00e9curit\u00e9 internationales n&#8217;est pas seulement une n\u00e9cessit\u00e9 juridique &#8211; c&#8217;est un \u00e9l\u00e9ment vital pour faire des affaires de mani\u00e8re responsable et efficace. Dans le cadre de la conformit\u00e9 r\u00e9glementaire des industries chimiques et cosm\u00e9tiques, il est important que les informations relatives \u00e0 la s\u00e9curit\u00e9 soient [&hellip;]<\/p>\n","protected":false},"featured_media":12552,"template":"","meta":[],"product_brand":[],"product_cat":[297],"product_tag":[],"class_list":{"0":"post-12470","1":"product","2":"type-product","3":"status-publish","4":"has-post-thumbnail","6":"product_cat-fiche-de-donnees-de-securite","8":"first","9":"instock","10":"taxable","11":"shipping-taxable","12":"purchasable","13":"product-type-simple"},"bundled_by":["12834","13339","31731"],"bundle_stock_status":"instock","bundle_stock_quantity":null,"bundle_virtual":false,"bundle_layout":"","bundle_add_to_cart_form_location":"","bundle_editable_in_cart":false,"bundle_sold_individually_context":"","bundle_item_grouping":"","bundle_min_size":"","bundle_max_size":"","bundle_price":[],"bundled_items":[],"bundle_sell_ids":[],"yoast_head":"<!-- This site is optimized with the Yoast SEO Premium plugin v25.1 (Yoast SEO v25.1) - https:\/\/yoast.com\/wordpress\/plugins\/seo\/ -->\n<title>Service de traduction des FDS - Traduisez votre fiche de donn\u00e9es de s\u00e9curit\u00e9 (FDS)<\/title>\n<meta name=\"description\" content=\"Notre service de traduction des FDS et FDSM garantit que vos documents sont non seulement exacts d&#039;un point de vue linguistique, mais aussi parfaitement conformes.\" \/>\n<meta name=\"robots\" content=\"index, follow, max-snippet:-1, max-image-preview:large, max-video-preview:-1\" \/>\n<link rel=\"canonical\" href=\"https:\/\/www.ufi.eu\/fr\/product\/traduction-de-la-fiche-de-donnees-de-securite\/\" \/>\n<meta property=\"og:locale\" content=\"fr_FR\" \/>\n<meta property=\"og:type\" content=\"article\" \/>\n<meta property=\"og:title\" content=\"Langue de la fiche de donn\u00e9es de s\u00e9curit\u00e9\" \/>\n<meta property=\"og:description\" content=\"Notre service de traduction des FDS et FDSM garantit que vos documents sont non seulement exacts d&#039;un point de vue linguistique, mais aussi parfaitement conformes.\" \/>\n<meta property=\"og:url\" content=\"https:\/\/www.ufi.eu\/fr\/product\/traduction-de-la-fiche-de-donnees-de-securite\/\" \/>\n<meta property=\"og:site_name\" content=\"UFI\" \/>\n<meta property=\"article:modified_time\" content=\"2026-02-12T11:23:45+00:00\" \/>\n<meta property=\"og:image\" content=\"https:\/\/www.ufi.eu\/wp-content\/uploads\/2025\/03\/eu.jpg\" \/>\n\t<meta property=\"og:image:width\" content=\"800\" \/>\n\t<meta property=\"og:image:height\" content=\"800\" \/>\n\t<meta property=\"og:image:type\" content=\"image\/jpeg\" \/>\n<meta name=\"twitter:card\" content=\"summary_large_image\" \/>\n<meta name=\"twitter:label1\" content=\"Prix\" \/>\n\t<meta name=\"twitter:data1\" content=\"&euro;50.00\" \/>\n\t<meta name=\"twitter:label2\" content=\"Disponibilit\u00e9\" \/>\n\t<meta name=\"twitter:data2\" content=\"En stock\" \/>\n<script type=\"application\/ld+json\" class=\"yoast-schema-graph\">{\"@context\":\"https:\/\/schema.org\",\"@graph\":[{\"@type\":\"WebPage\",\"@id\":\"https:\/\/www.ufi.eu\/fr\/product\/traduction-de-la-fiche-de-donnees-de-securite\/\",\"url\":\"https:\/\/www.ufi.eu\/fr\/product\/traduction-de-la-fiche-de-donnees-de-securite\/\",\"name\":\"Service de traduction des FDS - Traduisez votre fiche de donn\u00e9es de s\u00e9curit\u00e9 (FDS)\",\"isPartOf\":{\"@id\":\"https:\/\/www.ufi.eu\/fr\/#website\"},\"primaryImageOfPage\":{\"@id\":\"https:\/\/www.ufi.eu\/fr\/product\/traduction-de-la-fiche-de-donnees-de-securite\/#primaryimage\"},\"image\":{\"@id\":\"https:\/\/www.ufi.eu\/fr\/product\/traduction-de-la-fiche-de-donnees-de-securite\/#primaryimage\"},\"thumbnailUrl\":\"https:\/\/www.ufi.eu\/wp-content\/uploads\/2025\/03\/eu.jpg\",\"datePublished\":\"2025-04-15T19:34:03+00:00\",\"dateModified\":\"2026-02-12T11:23:45+00:00\",\"description\":\"Notre service de traduction des FDS et FDSM garantit que vos documents sont non seulement exacts d'un point de vue linguistique, mais aussi parfaitement conformes.\",\"breadcrumb\":{\"@id\":\"https:\/\/www.ufi.eu\/fr\/product\/traduction-de-la-fiche-de-donnees-de-securite\/#breadcrumb\"},\"inLanguage\":\"fr-FR\",\"potentialAction\":[{\"@type\":\"ReadAction\",\"target\":[\"https:\/\/www.ufi.eu\/fr\/product\/traduction-de-la-fiche-de-donnees-de-securite\/\"]}]},{\"@type\":\"ImageObject\",\"inLanguage\":\"fr-FR\",\"@id\":\"https:\/\/www.ufi.eu\/fr\/product\/traduction-de-la-fiche-de-donnees-de-securite\/#primaryimage\",\"url\":\"https:\/\/www.ufi.eu\/wp-content\/uploads\/2025\/03\/eu.jpg\",\"contentUrl\":\"https:\/\/www.ufi.eu\/wp-content\/uploads\/2025\/03\/eu.jpg\",\"width\":800,\"height\":800},{\"@type\":\"BreadcrumbList\",\"@id\":\"https:\/\/www.ufi.eu\/fr\/product\/traduction-de-la-fiche-de-donnees-de-securite\/#breadcrumb\",\"itemListElement\":[{\"@type\":\"ListItem\",\"position\":1,\"name\":\"Home\",\"item\":\"https:\/\/www.ufi.eu\/fr\/accueil\/\"},{\"@type\":\"ListItem\",\"position\":2,\"name\":\"Boutique\",\"item\":\"https:\/\/www.ufi.eu\/fr\/boutique\/\"},{\"@type\":\"ListItem\",\"position\":3,\"name\":\"Langue de la fiche de donn\u00e9es de s\u00e9curit\u00e9\"}]},{\"@type\":\"WebSite\",\"@id\":\"https:\/\/www.ufi.eu\/fr\/#website\",\"url\":\"https:\/\/www.ufi.eu\/fr\/\",\"name\":\"UFI.EU\",\"description\":\"Poison Centre Notifications (PCN) and UFI\",\"publisher\":{\"@id\":\"https:\/\/www.ufi.eu\/fr\/#organization\"},\"potentialAction\":[{\"@type\":\"SearchAction\",\"target\":{\"@type\":\"EntryPoint\",\"urlTemplate\":\"https:\/\/www.ufi.eu\/fr\/?s={search_term_string}\"},\"query-input\":{\"@type\":\"PropertyValueSpecification\",\"valueRequired\":true,\"valueName\":\"search_term_string\"}}],\"inLanguage\":\"fr-FR\"},{\"@type\":\"Organization\",\"@id\":\"https:\/\/www.ufi.eu\/fr\/#organization\",\"name\":\"UFI.EU\",\"url\":\"https:\/\/www.ufi.eu\/fr\/\",\"logo\":{\"@type\":\"ImageObject\",\"inLanguage\":\"fr-FR\",\"@id\":\"https:\/\/www.ufi.eu\/fr\/#\/schema\/logo\/image\/\",\"url\":\"https:\/\/www.ufi.eu\/wp-content\/uploads\/2025\/03\/cropped-logo_ufi3.jpg\",\"contentUrl\":\"https:\/\/www.ufi.eu\/wp-content\/uploads\/2025\/03\/cropped-logo_ufi3.jpg\",\"width\":231,\"height\":78,\"caption\":\"UFI.EU\"},\"image\":{\"@id\":\"https:\/\/www.ufi.eu\/fr\/#\/schema\/logo\/image\/\"},\"description\":\"UFI.eu specializes in digital registrations for Poison Centre Notifications (PCN), ensuring your chemical products meet EU regulatory requirements effortlessly. Our streamlined solutions help businesses stay compliant while reducing complexity and administrative burden.\",\"email\":\"info@ufi.eu\",\"legalName\":\"UFI.EU\"}]}<\/script>\n<meta property=\"product:price:amount\" content=\"50.00\" \/>\n<meta property=\"product:price:currency\" content=\"EUR\" \/>\n<meta property=\"og:availability\" content=\"instock\" \/>\n<meta property=\"product:availability\" content=\"instock\" \/>\n<meta property=\"product:condition\" content=\"new\" \/>\n<!-- \/ Yoast SEO Premium plugin. -->","yoast_head_json":{"title":"Service de traduction des FDS - Traduisez votre fiche de donn\u00e9es de s\u00e9curit\u00e9 (FDS)","description":"Notre service de traduction des FDS et FDSM garantit que vos documents sont non seulement exacts d'un point de vue linguistique, mais aussi parfaitement conformes.","robots":{"index":"index","follow":"follow","max-snippet":"max-snippet:-1","max-image-preview":"max-image-preview:large","max-video-preview":"max-video-preview:-1"},"canonical":"https:\/\/www.ufi.eu\/fr\/product\/traduction-de-la-fiche-de-donnees-de-securite\/","og_locale":"fr_FR","og_type":"article","og_title":"Langue de la fiche de donn\u00e9es de s\u00e9curit\u00e9","og_description":"Notre service de traduction des FDS et FDSM garantit que vos documents sont non seulement exacts d'un point de vue linguistique, mais aussi parfaitement conformes.","og_url":"https:\/\/www.ufi.eu\/fr\/product\/traduction-de-la-fiche-de-donnees-de-securite\/","og_site_name":"UFI","article_modified_time":"2026-02-12T11:23:45+00:00","og_image":[{"width":800,"height":800,"url":"https:\/\/www.ufi.eu\/wp-content\/uploads\/2025\/03\/eu.jpg","type":"image\/jpeg"}],"twitter_card":"summary_large_image","twitter_misc":{"Prix":"&euro;50.00","Disponibilit\u00e9":"En stock"},"schema":{"@context":"https:\/\/schema.org","@graph":[{"@type":"WebPage","@id":"https:\/\/www.ufi.eu\/fr\/product\/traduction-de-la-fiche-de-donnees-de-securite\/","url":"https:\/\/www.ufi.eu\/fr\/product\/traduction-de-la-fiche-de-donnees-de-securite\/","name":"Service de traduction des FDS - Traduisez votre fiche de donn\u00e9es de s\u00e9curit\u00e9 (FDS)","isPartOf":{"@id":"https:\/\/www.ufi.eu\/fr\/#website"},"primaryImageOfPage":{"@id":"https:\/\/www.ufi.eu\/fr\/product\/traduction-de-la-fiche-de-donnees-de-securite\/#primaryimage"},"image":{"@id":"https:\/\/www.ufi.eu\/fr\/product\/traduction-de-la-fiche-de-donnees-de-securite\/#primaryimage"},"thumbnailUrl":"https:\/\/www.ufi.eu\/wp-content\/uploads\/2025\/03\/eu.jpg","datePublished":"2025-04-15T19:34:03+00:00","dateModified":"2026-02-12T11:23:45+00:00","description":"Notre service de traduction des FDS et FDSM garantit que vos documents sont non seulement exacts d'un point de vue linguistique, mais aussi parfaitement conformes.","breadcrumb":{"@id":"https:\/\/www.ufi.eu\/fr\/product\/traduction-de-la-fiche-de-donnees-de-securite\/#breadcrumb"},"inLanguage":"fr-FR","potentialAction":[{"@type":"ReadAction","target":["https:\/\/www.ufi.eu\/fr\/product\/traduction-de-la-fiche-de-donnees-de-securite\/"]}]},{"@type":"ImageObject","inLanguage":"fr-FR","@id":"https:\/\/www.ufi.eu\/fr\/product\/traduction-de-la-fiche-de-donnees-de-securite\/#primaryimage","url":"https:\/\/www.ufi.eu\/wp-content\/uploads\/2025\/03\/eu.jpg","contentUrl":"https:\/\/www.ufi.eu\/wp-content\/uploads\/2025\/03\/eu.jpg","width":800,"height":800},{"@type":"BreadcrumbList","@id":"https:\/\/www.ufi.eu\/fr\/product\/traduction-de-la-fiche-de-donnees-de-securite\/#breadcrumb","itemListElement":[{"@type":"ListItem","position":1,"name":"Home","item":"https:\/\/www.ufi.eu\/fr\/accueil\/"},{"@type":"ListItem","position":2,"name":"Boutique","item":"https:\/\/www.ufi.eu\/fr\/boutique\/"},{"@type":"ListItem","position":3,"name":"Langue de la fiche de donn\u00e9es de s\u00e9curit\u00e9"}]},{"@type":"WebSite","@id":"https:\/\/www.ufi.eu\/fr\/#website","url":"https:\/\/www.ufi.eu\/fr\/","name":"UFI.EU","description":"Poison Centre Notifications (PCN) and UFI","publisher":{"@id":"https:\/\/www.ufi.eu\/fr\/#organization"},"potentialAction":[{"@type":"SearchAction","target":{"@type":"EntryPoint","urlTemplate":"https:\/\/www.ufi.eu\/fr\/?s={search_term_string}"},"query-input":{"@type":"PropertyValueSpecification","valueRequired":true,"valueName":"search_term_string"}}],"inLanguage":"fr-FR"},{"@type":"Organization","@id":"https:\/\/www.ufi.eu\/fr\/#organization","name":"UFI.EU","url":"https:\/\/www.ufi.eu\/fr\/","logo":{"@type":"ImageObject","inLanguage":"fr-FR","@id":"https:\/\/www.ufi.eu\/fr\/#\/schema\/logo\/image\/","url":"https:\/\/www.ufi.eu\/wp-content\/uploads\/2025\/03\/cropped-logo_ufi3.jpg","contentUrl":"https:\/\/www.ufi.eu\/wp-content\/uploads\/2025\/03\/cropped-logo_ufi3.jpg","width":231,"height":78,"caption":"UFI.EU"},"image":{"@id":"https:\/\/www.ufi.eu\/fr\/#\/schema\/logo\/image\/"},"description":"UFI.eu specializes in digital registrations for Poison Centre Notifications (PCN), ensuring your chemical products meet EU regulatory requirements effortlessly. Our streamlined solutions help businesses stay compliant while reducing complexity and administrative burden.","email":"info@ufi.eu","legalName":"UFI.EU"}]},"product_price_amount":"50.00","product_price_currency":"EUR","og_availability":"instock","product_availability":"instock","product_condition":"new"},"_links":{"self":[{"href":"https:\/\/www.ufi.eu\/fr\/wp-json\/wp\/v2\/product\/12470","targetHints":{"allow":["GET"]}}],"collection":[{"href":"https:\/\/www.ufi.eu\/fr\/wp-json\/wp\/v2\/product"}],"about":[{"href":"https:\/\/www.ufi.eu\/fr\/wp-json\/wp\/v2\/types\/product"}],"wp:featuredmedia":[{"embeddable":true,"href":"https:\/\/www.ufi.eu\/fr\/wp-json\/wp\/v2\/media\/12552"}],"wp:attachment":[{"href":"https:\/\/www.ufi.eu\/fr\/wp-json\/wp\/v2\/media?parent=12470"}],"wp:term":[{"taxonomy":"product_brand","embeddable":true,"href":"https:\/\/www.ufi.eu\/fr\/wp-json\/wp\/v2\/product_brand?post=12470"},{"taxonomy":"product_cat","embeddable":true,"href":"https:\/\/www.ufi.eu\/fr\/wp-json\/wp\/v2\/product_cat?post=12470"},{"taxonomy":"product_tag","embeddable":true,"href":"https:\/\/www.ufi.eu\/fr\/wp-json\/wp\/v2\/product_tag?post=12470"}],"curies":[{"name":"wp","href":"https:\/\/api.w.org\/{rel}","templated":true}]}}