{"id":31733,"date":"2025-06-25T10:04:58","date_gmt":"2025-09-24T14:39:59","guid":{"rendered":"https:\/\/www.ufi.eu\/product\/pcn-ufi-paketti\/"},"modified":"2026-01-09T16:12:59","modified_gmt":"2026-01-09T16:12:59","slug":"pcn-ufi-paketti","status":"publish","type":"product","link":"https:\/\/www.ufi.eu\/fi\/product\/pcn-ufi-paketti\/","title":{"rendered":"PCN &amp; UFI-paketti"},"content":{"rendered":"\n<h2 class=\"wp-block-heading\" id=\"h-how-does-the-ufi-creation-and-pcn-notification-service-work\">Miten UFI:n luominen ja PCN-ilmoituspalvelu toimii?<\/h2>\n\n<p>Kun olet ostanut t\u00e4m\u00e4n palvelun, saat p\u00e4\u00e4syn suojattuun portaaliin. Portaali sis\u00e4lt\u00e4\u00e4 yleiskatsauksen kaikista vaiheista.  T\u00e4yt\u00e4 tuotetietosi, niin ryhdymme t\u00f6ihin.<\/p>\n\n<h3 class=\"wp-block-heading\" id=\"h-poison-center-notification-amp-ufi\">Myrkytyskeskusilmoitus &amp; UFI<\/h3>\n\n<p>Me tarjoamme:<\/p>\n\n<ul class=\"wp-block-list\">\n<li>Tuotteen yksil\u00f6llinen kaavatunniste (UFI, Unique Formula Identifier).<\/li>\n\n\n\n<li>Myrkytyskeskusilmoitus (Poison Centre Notification, PCN) -raportti.<\/li>\n\n\n\n<li>Tuotteen rekister\u00f6inti asianomaisissa kansallisissa myrkytyskeskuksissa ECHAn kautta.<\/li>\n\n\n\n<li>Tuotteen k\u00e4ytt\u00f6turvallisuustiedote<\/li>\n<\/ul>\n\n<h3 class=\"wp-block-heading\" id=\"h-countries-for-pcn-registration\">PCN-rekister\u00f6intimaat<\/h3>\n\n<p>Voit laskea niiden maiden m\u00e4\u00e4r\u00e4n, joissa haluat rekister\u00f6id\u00e4 tuotteesi. T\u00e4m\u00e4 on niiden maiden lukum\u00e4\u00e4r\u00e4, jotka sinun on ostettava.  Voit valita tietyt maat portaalissa. Jos aiot my\u00f6hemmin laajentaa tuotteidesi myynti\u00e4 uusiin maihin, voit aina tilata lis\u00e4\u00e4 <a href=\"https:\/\/www.ufi.eu\/pcn\/countries\/countries-for-pcn-registration\/\" target=\"_blank\" rel=\"noreferrer noopener\">PCN-maarekister\u00f6intej\u00e4<\/a>.<br\/>EU:ssa on 27 maata ja ETA:ssa 30 maata (EU+Lichtenstein, Norja ja Islanti) Portaalissa voit valita n\u00e4m\u00e4 maat: <\/p>\n\n<figure class=\"wp-block-table\"><table class=\"has-fixed-layout\"><tbody><tr><td>Belgia<\/td><td>(BE)<\/td><td>Espanja<\/td><td>(ES)<\/td><td>Unkari<\/td><td>(HU)<\/td><td>Slovakia<\/td><td>(SK)<\/td><\/tr><tr><td>Bulgaria<\/td><td>(BG)<\/td><td>Ranska<\/td><td>(FR)<\/td><td>Malta<\/td><td>(MT)<\/td><td>Suomi<\/td><td>(FI)<\/td><\/tr><tr><td>T\u0161ekki<\/td><td>(CZ)<\/td><td>Kroatia<\/td><td>(HR)<\/td><td>Alankomaat<\/td><td>(NL)<\/td><td>Ruotsi<\/td><td>(SE)<\/td><\/tr><tr><td>Tanska<\/td><td>(DK)<\/td><td>Italia<\/td><td>(IT)<\/td><td>It\u00e4valta<\/td><td>(AT)<\/td><td>Saksa<\/td><td>(DE)<\/td><\/tr><tr><td>Kypros<\/td><td>(CY)<\/td><td>Puola<\/td><td>(PL)<\/td><td>Islanti<\/td><td>(IS)<\/td><td>Viro<\/td><td>(EE)<\/td><\/tr><tr><td>Latvia<\/td><td>(LV)<\/td><td>Portugali<\/td><td>(PT)<\/td><td>Liechtenstein<\/td><td>(LI)<\/td><td>Irlanti<\/td><td>(IE)<\/td><\/tr><tr><td>Liettua<\/td><td>(LT)<\/td><td>Romania<\/td><td>(RO)<\/td><td>Norja<\/td><td>(EI)<\/td><td>Kreikka<\/td><td>(EL)<\/td><\/tr><tr><td>Luxemburg<\/td><td>(LU)<\/td><td>Slovenia<\/td><td>(SI)<\/td><td>Sveitsi*<\/td><td>(CH)<\/td><td>\u00a0<\/td><td>\u00a0<\/td><\/tr><\/tbody><\/table><\/figure>\n\n<p>*Sveitsin osalta voimme luoda PCN-asiakirjat, joissa on kaikki tarvittavat tiedot Sveitsin portaalissa tapahtuvaa hakemuksen j\u00e4tt\u00e4mist\u00e4 varten. Ota meihin yhteytt\u00e4 saadaksesi lis\u00e4tietoja. <\/p>\n\n<h3 class=\"wp-block-heading\" id=\"h-clp-label-information\">CLP-merkint\u00e4\u00e4 koskevat tiedot<\/h3>\n\n<p>Tarjoamme mahdollisuuden ostaa CLP-asetuksen mukaisen tuoteselosteen, joka sis\u00e4lt\u00e4\u00e4 kaikki EU:n CLP-asetuksen edellytt\u00e4m\u00e4t pakolliset tiedot. T\u00e4m\u00e4 toimitetaan PDF-tiedostona.  T\u00e4m\u00e4 ei ole suunnitelma, vaan tiivistelm\u00e4 tarvittavista tiedoista. N\u00e4in voit sis\u00e4llytt\u00e4\u00e4 tarvittavat tiedot tuoteselosteesi suunnitteluun. Voit tilata <a href=\"https:\/\/www.ufi.eu\/pcn\/clp-label\/clp-label-creation-compliance-check\/\" target=\"_blank\" rel=\"noreferrer noopener\">CLP-etikettien luomisen<\/a> my\u00f6s erikseen. Onko sinulla jo etiketti? &#8211; Voimme tehd\u00e4 <a href=\"https:\/\/www.ufi.eu\/pcn\/clp-label\/clp-label-creation-compliance-check\/\" target=\"_blank\" rel=\"noreferrer noopener\">CLP-etikettisi CLP-vaatimustenmukaisuuden tarkistuksen<\/a> nykyisten CLP-vaatimusten mukaisesti. Annamme yksityiskohtaista palautetta ja teemme korjauksia, jotta etikettisi t\u00e4ytt\u00e4\u00e4 kaikki viranomaisvaatimukset.     <\/p>\n\n<h2 class=\"wp-block-heading\" id=\"h-registering-formulations-with-the-eu-poison-centre\">Valmisteiden rekister\u00f6inti EU:n myrkytyskeskukseen<\/h2>\n\n<p>Formulaatiot ovat kemiallisia seoksia, jotka on tarkoitettu edelleen formuloitaviksi muiksi seoksiksi tai jotka on tarkoitettu suoraan loppuk\u00e4ytt\u00f6\u00f6n. N\u00e4m\u00e4 seokset on rekister\u00f6it\u00e4v\u00e4 EU:n myrkytyskeskuksessa, jotta varmistetaan, ett\u00e4 h\u00e4t\u00e4tilanteessa pelastushenkil\u00f6st\u00f6ll\u00e4 on k\u00e4ytett\u00e4viss\u00e4\u00e4n ratkaisevan t\u00e4rke\u00e4t turvallisuustiedot vahingossa tapahtuvan altistumisen varalta. Myrkytyskeskusilmoitusmenettelyll\u00e4 (PCN) varmistetaan, ett\u00e4 asiaankuuluvat vaaraluokitukset ja toksikologiset profiilit ovat helposti l\u00e4\u00e4ketieteen ammattilaisten ja viranomaisten saatavilla.  <\/p>\n\n<h3 class=\"wp-block-heading\" id=\"h-what-is-a-ufi\">Mik\u00e4 on UFI?<\/h3>\n\n<p>UFI (Unique Formula Identifier) on 16-merkkinen aakkosnumeerinen koodi, jota k\u00e4ytet\u00e4\u00e4n kemiallisen seoksen yksil\u00f6imiseen. Se on painettava tuotteen etikettiin ja sis\u00e4llytett\u00e4v\u00e4 k\u00e4ytt\u00f6turvallisuustiedotteeseen (SDS). UFI:n avulla myrkytyskeskukset voivat nopeasti hakea seosta koskevia turvallisuus- ja toksikologisia tietoja vaaratilanteessa.  <\/p>\n\n<h3 class=\"wp-block-heading\" id=\"h-what-is-a-pcn\">Mik\u00e4 on PCN?<\/h3>\n\n<p>Myrkytyskeskusilmoitus (Poison Centre Notification, PCN) on viranomaisilmoitus, joka sis\u00e4lt\u00e4\u00e4 yksityiskohtaisia turvallisuus- ja toksikologisia tietoja vaarallisista seoksista. PCN sis\u00e4lt\u00e4\u00e4 tietoja, kuten seoksen koostumuksen, luokituksen, vaaravaroitukset ja h\u00e4t\u00e4toimenpiteet. Se on pakollinen kaikille vaarallisille seoksille, jotka saatetaan EU:n markkinoille.  <\/p>\n\n<h3 class=\"wp-block-heading\" id=\"h-what-is-clp\">Mik\u00e4 on CLP?<\/h3>\n\n<p>CLP (Classification, Labelling, and Packaging) on EU:n asetus (EY N:o 1272\/2008), jolla varmistetaan, ett\u00e4 kemialliset tuotteet luokitellaan ja merkit\u00e4\u00e4n niiden vaarojen mukaisesti. Se on yhdenmukainen YK:n maailmanlaajuisesti yhdenmukaistetun j\u00e4rjestelm\u00e4n (GHS) kanssa ja varmistaa, ett\u00e4 kaikissa vaarallisissa seoksissa on asianmukaiset varoitusmerkinn\u00e4t ja turvallisuusohjeet. <\/p>\n\n<h3 class=\"wp-block-heading\" id=\"h-what-is-the-eu-poison-centre\">Mik\u00e4 on EU:n myrkytyskeskus?<\/h3>\n\n<p>EU:n myrkytyskeskus on virallinen elin, joka ker\u00e4\u00e4 ja tallentaa vaarallisia seoksia koskevia turvallisuustietoja. Terveydenhuollon ammattilaiset ja pelastushenkil\u00f6st\u00f6 luottavat siihen, ett\u00e4 myrkytyskeskus antaa tarkkoja kemikaaliturvallisuustietoja vahingossa tapahtuvan altistumisen tai myrkytystapausten yhteydess\u00e4. <\/p>\n\n<h3 class=\"wp-block-heading\" id=\"h-why-is-this-needed\">Miksi t\u00e4t\u00e4 tarvitaan?<\/h3>\n\n<p>Teollisuusvalmisteet sis\u00e4lt\u00e4v\u00e4t usein vaarallisia kemikaaleja, jotka on tunnistettava selke\u00e4sti h\u00e4t\u00e4tilanteissa. Toimittamalla PCN-ilmoituksen yritykset varmistavat, ett\u00e4 myrkytyskeskukset ja l\u00e4\u00e4ketieteen ammattilaiset saavat v\u00e4litt\u00f6m\u00e4sti tarvittavat tiedot, mik\u00e4 parantaa turvallisuustuloksia altistumistapauksissa. <\/p>\n\n<h3 class=\"wp-block-heading\" id=\"h-since-when-is-it-by-law-obligatory\">Mist\u00e4 l\u00e4htien se on lain mukaan pakollista?<\/h3>\n\n<p>Lakis\u00e4\u00e4teinen vaatimus PCN-numeron toimittamisesta vaarallisista seoksista tuli voimaan 1. tammikuuta 2021. Yksinomaan jatkojalostuksessa k\u00e4ytett\u00e4vien teollisten valmisteiden osalta vaatimusten noudattaminen on ollut pakollista 1. tammikuuta 2024 alkaen. <\/p>\n","protected":false},"excerpt":{"rendered":"<p>Miten UFI:n luominen ja PCN-ilmoituspalvelu toimii? Kun olet ostanut t\u00e4m\u00e4n palvelun, saat p\u00e4\u00e4syn suojattuun portaaliin. Portaali sis\u00e4lt\u00e4\u00e4 yleiskatsauksen kaikista vaiheista. T\u00e4yt\u00e4 tuotetietosi, niin ryhdymme t\u00f6ihin. Myrkytyskeskusilmoitus &amp; UFI Me tarjoamme: PCN-rekister\u00f6intimaat Voit laskea niiden maiden m\u00e4\u00e4r\u00e4n, joissa haluat rekister\u00f6id\u00e4 tuotteesi. T\u00e4m\u00e4 on niiden maiden lukum\u00e4\u00e4r\u00e4, jotka sinun on ostettava. Voit valita tietyt maat portaalissa. Jos [&hellip;]<\/p>\n","protected":false},"featured_media":12453,"template":"","meta":[],"product_brand":[],"product_cat":[410],"product_tag":[],"class_list":{"0":"post-31733","1":"product","2":"type-product","3":"status-publish","4":"has-post-thumbnail","6":"product_cat-clp-etiketti","8":"first","9":"instock","10":"virtual","11":"taxable","12":"purchasable","13":"product-type-bundle"},"bundled_by":[],"bundle_stock_status":"instock","bundle_stock_quantity":"","bundle_virtual":false,"bundle_layout":"default","bundle_add_to_cart_form_location":"default","bundle_editable_in_cart":false,"bundle_sold_individually_context":"product","bundle_item_grouping":"parent","bundle_min_size":"","bundle_max_size":"","bundle_price":{"price":{"min":{"incl_tax":"78.65","excl_tax":"65"},"max":{"incl_tax":"","excl_tax":""}},"regular_price":{"min":{"incl_tax":"78.65","excl_tax":"65"},"max":{"incl_tax":"","excl_tax":""}}},"bundled_items":[{"bundled_item_id":13032,"product_id":12551,"menu_order":0,"quantity_min":1,"quantity_max":"","quantity_default":1,"priced_individually":true,"shipped_individually":true,"override_title":false,"title":"Myrkytyskeskusilmoitus &amp; UFI","override_description":false,"description":"Myrkytyskeskusilmoitus &amp; UFI","optional":false,"hide_thumbnail":false,"discount":"","override_variations":false,"allowed_variations":[""],"override_default_variation_attributes":false,"default_variation_attributes":[],"single_product_visibility":"visible","cart_visibility":"visible","order_visibility":"visible","single_product_price_visibility":"visible","cart_price_visibility":"visible","order_price_visibility":"visible","stock_status":"in_stock"},{"bundled_item_id":13033,"product_id":31715,"menu_order":1,"quantity_min":0,"quantity_max":"","quantity_default":0,"priced_individually":true,"shipped_individually":false,"override_title":false,"title":"Kaikki ETA-maat PCN-rekister\u00f6inti\u00e4 varten Bundle","override_description":false,"description":"Kaikki ETA-maat PCN-rekister\u00f6inti\u00e4 varten Bundle","optional":false,"hide_thumbnail":false,"discount":"","override_variations":false,"allowed_variations":[""],"override_default_variation_attributes":false,"default_variation_attributes":[],"single_product_visibility":"visible","cart_visibility":"visible","order_visibility":"visible","single_product_price_visibility":"visible","cart_price_visibility":"visible","order_price_visibility":"visible","stock_status":"in_stock"},{"bundled_item_id":13148,"product_id":12530,"menu_order":1,"quantity_min":0,"quantity_max":"","quantity_default":1,"priced_individually":true,"shipped_individually":true,"override_title":false,"title":"PCN-rekister\u00f6intimaat","override_description":false,"description":"PCN-rekister\u00f6intimaat","optional":false,"hide_thumbnail":false,"discount":"","override_variations":false,"allowed_variations":[""],"override_default_variation_attributes":false,"default_variation_attributes":[],"single_product_visibility":"visible","cart_visibility":"visible","order_visibility":"visible","single_product_price_visibility":"visible","cart_price_visibility":"visible","order_price_visibility":"visible","stock_status":"in_stock"},{"bundled_item_id":13034,"product_id":12779,"menu_order":2,"quantity_min":0,"quantity_max":"","quantity_default":0,"priced_individually":true,"shipped_individually":true,"override_title":false,"title":"CLP-etikettien luominen ja vaatimustenmukaisuuden tarkistus","override_description":true,"description":"","optional":false,"hide_thumbnail":false,"discount":"","override_variations":false,"allowed_variations":[""],"override_default_variation_attributes":false,"default_variation_attributes":[],"single_product_visibility":"visible","cart_visibility":"visible","order_visibility":"visible","single_product_price_visibility":"visible","cart_price_visibility":"visible","order_price_visibility":"visible","stock_status":"in_stock"},{"bundled_item_id":13035,"product_id":12452,"menu_order":3,"quantity_min":0,"quantity_max":"","quantity_default":0,"priced_individually":true,"shipped_individually":true,"override_title":false,"title":"K\u00e4ytt\u00f6turvallisuustiedotteen luominen","override_description":false,"description":"K\u00e4ytt\u00f6turvallisuustiedotteen luominen","optional":false,"hide_thumbnail":false,"discount":"","override_variations":false,"allowed_variations":[""],"override_default_variation_attributes":false,"default_variation_attributes":[],"single_product_visibility":"visible","cart_visibility":"visible","order_visibility":"visible","single_product_price_visibility":"visible","cart_price_visibility":"visible","order_price_visibility":"visible","stock_status":"in_stock"},{"bundled_item_id":13036,"product_id":12471,"menu_order":4,"quantity_min":0,"quantity_max":"","quantity_default":0,"priced_individually":true,"shipped_individually":false,"override_title":true,"title":"K\u00e4ytt\u00f6turvallisuustiedotteen kieli","override_description":false,"description":"K\u00e4ytt\u00f6turvallisuustiedotteen kieli","optional":false,"hide_thumbnail":false,"discount":"","override_variations":false,"allowed_variations":[""],"override_default_variation_attributes":false,"default_variation_attributes":[],"single_product_visibility":"visible","cart_visibility":"visible","order_visibility":"visible","single_product_price_visibility":"visible","cart_price_visibility":"visible","order_price_visibility":"visible","stock_status":"in_stock"}],"bundle_sell_ids":[],"yoast_head":"<!-- This site is optimized with the Yoast SEO Premium plugin v25.1 (Yoast SEO v25.1) - https:\/\/yoast.com\/wordpress\/plugins\/seo\/ -->\n<title>PCN &amp; UFI-paketti - UFI<\/title>\n<meta name=\"description\" content=\"PCN- ja UFI-paketti antaa sinulle kaiken, mit\u00e4 tarvitset aloittaaksesi tuotteen myynnin EU:ssa.\" \/>\n<meta name=\"robots\" content=\"index, follow, max-snippet:-1, max-image-preview:large, max-video-preview:-1\" \/>\n<link rel=\"canonical\" href=\"https:\/\/www.ufi.eu\/fi\/product\/pcn-ufi-paketti\/\" \/>\n<meta property=\"og:locale\" content=\"fi_FI\" \/>\n<meta property=\"og:type\" content=\"article\" \/>\n<meta property=\"og:title\" content=\"PCN &amp; UFI-paketti\" \/>\n<meta property=\"og:description\" content=\"PCN- ja UFI-paketti antaa sinulle kaiken, mit\u00e4 tarvitset aloittaaksesi tuotteen myynnin EU:ssa.\" \/>\n<meta property=\"og:url\" content=\"https:\/\/www.ufi.eu\/fi\/product\/pcn-ufi-paketti\/\" \/>\n<meta property=\"og:site_name\" content=\"UFI\" \/>\n<meta property=\"article:modified_time\" content=\"2026-01-09T16:12:59+00:00\" \/>\n<meta property=\"og:image\" content=\"https:\/\/www.ufi.eu\/wp-content\/uploads\/2025\/03\/pcn_ufi.jpg\" \/>\n\t<meta property=\"og:image:width\" content=\"1024\" \/>\n\t<meta property=\"og:image:height\" content=\"1024\" \/>\n\t<meta property=\"og:image:type\" content=\"image\/jpeg\" \/>\n<meta name=\"twitter:card\" content=\"summary_large_image\" \/>\n<meta name=\"twitter:label1\" content=\"Hinta\" \/>\n\t<meta name=\"twitter:data1\" content=\"&euro;0.00\" \/>\n\t<meta name=\"twitter:label2\" content=\"Saatavuus\" \/>\n\t<meta name=\"twitter:data2\" content=\"Varastossa\" \/>\n<script type=\"application\/ld+json\" class=\"yoast-schema-graph\">{\"@context\":\"https:\/\/schema.org\",\"@graph\":[{\"@type\":\"WebPage\",\"@id\":\"https:\/\/www.ufi.eu\/fi\/product\/pcn-ufi-paketti\/\",\"url\":\"https:\/\/www.ufi.eu\/fi\/product\/pcn-ufi-paketti\/\",\"name\":\"PCN &amp; UFI-paketti - UFI\",\"isPartOf\":{\"@id\":\"https:\/\/www.ufi.eu\/fi\/#website\"},\"primaryImageOfPage\":{\"@id\":\"https:\/\/www.ufi.eu\/fi\/product\/pcn-ufi-paketti\/#primaryimage\"},\"image\":{\"@id\":\"https:\/\/www.ufi.eu\/fi\/product\/pcn-ufi-paketti\/#primaryimage\"},\"thumbnailUrl\":\"https:\/\/www.ufi.eu\/wp-content\/uploads\/2025\/03\/pcn_ufi.jpg\",\"datePublished\":\"2025-09-24T14:39:59+00:00\",\"dateModified\":\"2026-01-09T16:12:59+00:00\",\"description\":\"PCN- ja UFI-paketti antaa sinulle kaiken, mit\u00e4 tarvitset aloittaaksesi tuotteen myynnin EU:ssa.\",\"breadcrumb\":{\"@id\":\"https:\/\/www.ufi.eu\/fi\/product\/pcn-ufi-paketti\/#breadcrumb\"},\"inLanguage\":\"fi\",\"potentialAction\":[{\"@type\":\"ReadAction\",\"target\":[\"https:\/\/www.ufi.eu\/fi\/product\/pcn-ufi-paketti\/\"]}]},{\"@type\":\"ImageObject\",\"inLanguage\":\"fi\",\"@id\":\"https:\/\/www.ufi.eu\/fi\/product\/pcn-ufi-paketti\/#primaryimage\",\"url\":\"https:\/\/www.ufi.eu\/wp-content\/uploads\/2025\/03\/pcn_ufi.jpg\",\"contentUrl\":\"https:\/\/www.ufi.eu\/wp-content\/uploads\/2025\/03\/pcn_ufi.jpg\",\"width\":1024,\"height\":1024},{\"@type\":\"BreadcrumbList\",\"@id\":\"https:\/\/www.ufi.eu\/fi\/product\/pcn-ufi-paketti\/#breadcrumb\",\"itemListElement\":[{\"@type\":\"ListItem\",\"position\":1,\"name\":\"Home\",\"item\":\"https:\/\/www.ufi.eu\/fi\/etusivu\/\"},{\"@type\":\"ListItem\",\"position\":2,\"name\":\"Kauppa\",\"item\":\"https:\/\/www.ufi.eu\/fi\/kauppa\/\"},{\"@type\":\"ListItem\",\"position\":3,\"name\":\"PCN &amp; UFI-paketti\"}]},{\"@type\":\"WebSite\",\"@id\":\"https:\/\/www.ufi.eu\/fi\/#website\",\"url\":\"https:\/\/www.ufi.eu\/fi\/\",\"name\":\"UFI.EU\",\"description\":\"Poison Centre Notifications (PCN) and UFI\",\"publisher\":{\"@id\":\"https:\/\/www.ufi.eu\/fi\/#organization\"},\"potentialAction\":[{\"@type\":\"SearchAction\",\"target\":{\"@type\":\"EntryPoint\",\"urlTemplate\":\"https:\/\/www.ufi.eu\/fi\/?s={search_term_string}\"},\"query-input\":{\"@type\":\"PropertyValueSpecification\",\"valueRequired\":true,\"valueName\":\"search_term_string\"}}],\"inLanguage\":\"fi\"},{\"@type\":\"Organization\",\"@id\":\"https:\/\/www.ufi.eu\/fi\/#organization\",\"name\":\"UFI.EU\",\"url\":\"https:\/\/www.ufi.eu\/fi\/\",\"logo\":{\"@type\":\"ImageObject\",\"inLanguage\":\"fi\",\"@id\":\"https:\/\/www.ufi.eu\/fi\/#\/schema\/logo\/image\/\",\"url\":\"https:\/\/www.ufi.eu\/wp-content\/uploads\/2025\/03\/cropped-logo_ufi3.jpg\",\"contentUrl\":\"https:\/\/www.ufi.eu\/wp-content\/uploads\/2025\/03\/cropped-logo_ufi3.jpg\",\"width\":231,\"height\":78,\"caption\":\"UFI.EU\"},\"image\":{\"@id\":\"https:\/\/www.ufi.eu\/fi\/#\/schema\/logo\/image\/\"},\"description\":\"UFI.eu specializes in digital registrations for Poison Centre Notifications (PCN), ensuring your chemical products meet EU regulatory requirements effortlessly. Our streamlined solutions help businesses stay compliant while reducing complexity and administrative burden.\",\"email\":\"info@ufi.eu\",\"legalName\":\"UFI.EU\"}]}<\/script>\n<meta property=\"product:price:amount\" content=\"0.00\" \/>\n<meta property=\"product:price:currency\" content=\"EUR\" \/>\n<meta property=\"og:availability\" content=\"instock\" \/>\n<meta property=\"product:availability\" content=\"instock\" \/>\n<meta property=\"product:condition\" content=\"new\" \/>\n<!-- \/ Yoast SEO Premium plugin. -->","yoast_head_json":{"title":"PCN &amp; UFI-paketti - UFI","description":"PCN- ja UFI-paketti antaa sinulle kaiken, mit\u00e4 tarvitset aloittaaksesi tuotteen myynnin EU:ssa.","robots":{"index":"index","follow":"follow","max-snippet":"max-snippet:-1","max-image-preview":"max-image-preview:large","max-video-preview":"max-video-preview:-1"},"canonical":"https:\/\/www.ufi.eu\/fi\/product\/pcn-ufi-paketti\/","og_locale":"fi_FI","og_type":"article","og_title":"PCN &amp; UFI-paketti","og_description":"PCN- ja UFI-paketti antaa sinulle kaiken, mit\u00e4 tarvitset aloittaaksesi tuotteen myynnin EU:ssa.","og_url":"https:\/\/www.ufi.eu\/fi\/product\/pcn-ufi-paketti\/","og_site_name":"UFI","article_modified_time":"2026-01-09T16:12:59+00:00","og_image":[{"width":1024,"height":1024,"url":"https:\/\/www.ufi.eu\/wp-content\/uploads\/2025\/03\/pcn_ufi.jpg","type":"image\/jpeg"}],"twitter_card":"summary_large_image","twitter_misc":{"Hinta":"&euro;0.00","Saatavuus":"Varastossa"},"schema":{"@context":"https:\/\/schema.org","@graph":[{"@type":"WebPage","@id":"https:\/\/www.ufi.eu\/fi\/product\/pcn-ufi-paketti\/","url":"https:\/\/www.ufi.eu\/fi\/product\/pcn-ufi-paketti\/","name":"PCN &amp; UFI-paketti - UFI","isPartOf":{"@id":"https:\/\/www.ufi.eu\/fi\/#website"},"primaryImageOfPage":{"@id":"https:\/\/www.ufi.eu\/fi\/product\/pcn-ufi-paketti\/#primaryimage"},"image":{"@id":"https:\/\/www.ufi.eu\/fi\/product\/pcn-ufi-paketti\/#primaryimage"},"thumbnailUrl":"https:\/\/www.ufi.eu\/wp-content\/uploads\/2025\/03\/pcn_ufi.jpg","datePublished":"2025-09-24T14:39:59+00:00","dateModified":"2026-01-09T16:12:59+00:00","description":"PCN- ja UFI-paketti antaa sinulle kaiken, mit\u00e4 tarvitset aloittaaksesi tuotteen myynnin EU:ssa.","breadcrumb":{"@id":"https:\/\/www.ufi.eu\/fi\/product\/pcn-ufi-paketti\/#breadcrumb"},"inLanguage":"fi","potentialAction":[{"@type":"ReadAction","target":["https:\/\/www.ufi.eu\/fi\/product\/pcn-ufi-paketti\/"]}]},{"@type":"ImageObject","inLanguage":"fi","@id":"https:\/\/www.ufi.eu\/fi\/product\/pcn-ufi-paketti\/#primaryimage","url":"https:\/\/www.ufi.eu\/wp-content\/uploads\/2025\/03\/pcn_ufi.jpg","contentUrl":"https:\/\/www.ufi.eu\/wp-content\/uploads\/2025\/03\/pcn_ufi.jpg","width":1024,"height":1024},{"@type":"BreadcrumbList","@id":"https:\/\/www.ufi.eu\/fi\/product\/pcn-ufi-paketti\/#breadcrumb","itemListElement":[{"@type":"ListItem","position":1,"name":"Home","item":"https:\/\/www.ufi.eu\/fi\/etusivu\/"},{"@type":"ListItem","position":2,"name":"Kauppa","item":"https:\/\/www.ufi.eu\/fi\/kauppa\/"},{"@type":"ListItem","position":3,"name":"PCN &amp; UFI-paketti"}]},{"@type":"WebSite","@id":"https:\/\/www.ufi.eu\/fi\/#website","url":"https:\/\/www.ufi.eu\/fi\/","name":"UFI.EU","description":"Poison Centre Notifications (PCN) and UFI","publisher":{"@id":"https:\/\/www.ufi.eu\/fi\/#organization"},"potentialAction":[{"@type":"SearchAction","target":{"@type":"EntryPoint","urlTemplate":"https:\/\/www.ufi.eu\/fi\/?s={search_term_string}"},"query-input":{"@type":"PropertyValueSpecification","valueRequired":true,"valueName":"search_term_string"}}],"inLanguage":"fi"},{"@type":"Organization","@id":"https:\/\/www.ufi.eu\/fi\/#organization","name":"UFI.EU","url":"https:\/\/www.ufi.eu\/fi\/","logo":{"@type":"ImageObject","inLanguage":"fi","@id":"https:\/\/www.ufi.eu\/fi\/#\/schema\/logo\/image\/","url":"https:\/\/www.ufi.eu\/wp-content\/uploads\/2025\/03\/cropped-logo_ufi3.jpg","contentUrl":"https:\/\/www.ufi.eu\/wp-content\/uploads\/2025\/03\/cropped-logo_ufi3.jpg","width":231,"height":78,"caption":"UFI.EU"},"image":{"@id":"https:\/\/www.ufi.eu\/fi\/#\/schema\/logo\/image\/"},"description":"UFI.eu specializes in digital registrations for Poison Centre Notifications (PCN), ensuring your chemical products meet EU regulatory requirements effortlessly. Our streamlined solutions help businesses stay compliant while reducing complexity and administrative burden.","email":"info@ufi.eu","legalName":"UFI.EU"}]},"product_price_amount":"0.00","product_price_currency":"EUR","og_availability":"instock","product_availability":"instock","product_condition":"new"},"_links":{"self":[{"href":"https:\/\/www.ufi.eu\/fi\/wp-json\/wp\/v2\/product\/31733","targetHints":{"allow":["GET"]}}],"collection":[{"href":"https:\/\/www.ufi.eu\/fi\/wp-json\/wp\/v2\/product"}],"about":[{"href":"https:\/\/www.ufi.eu\/fi\/wp-json\/wp\/v2\/types\/product"}],"wp:featuredmedia":[{"embeddable":true,"href":"https:\/\/www.ufi.eu\/fi\/wp-json\/wp\/v2\/media\/12453"}],"wp:attachment":[{"href":"https:\/\/www.ufi.eu\/fi\/wp-json\/wp\/v2\/media?parent=31733"}],"wp:term":[{"taxonomy":"product_brand","embeddable":true,"href":"https:\/\/www.ufi.eu\/fi\/wp-json\/wp\/v2\/product_brand?post=31733"},{"taxonomy":"product_cat","embeddable":true,"href":"https:\/\/www.ufi.eu\/fi\/wp-json\/wp\/v2\/product_cat?post=31733"},{"taxonomy":"product_tag","embeddable":true,"href":"https:\/\/www.ufi.eu\/fi\/wp-json\/wp\/v2\/product_tag?post=31733"}],"curies":[{"name":"wp","href":"https:\/\/api.w.org\/{rel}","templated":true}]}}