{"id":31715,"date":"2025-09-24T14:37:35","date_gmt":"2025-09-24T14:37:35","guid":{"rendered":"https:\/\/www.ufi.eu\/product\/kaikki-eta-maat-pcn-rekisterointia-varten-bundle\/"},"modified":"2025-09-24T14:37:38","modified_gmt":"2025-09-24T14:37:38","slug":"kaikki-eta-maat-pcn-rekisterointia-varten-bundle","status":"publish","type":"product","link":"https:\/\/www.ufi.eu\/fi\/product\/kaikki-eta-maat-pcn-rekisterointia-varten-bundle\/","title":{"rendered":"Kaikki ETA-maat PCN-rekister\u00f6inti\u00e4 varten Bundle"},"content":{"rendered":"\n<h2 class=\"wp-block-heading\" id=\"h-launch-your-product-across-europe-with-ease\">Lanseeraa tuotteesi Euroopassa helposti<\/h2>\n\n<p>Kun rekister\u00f6it tuotteesi EU:n myrkytyskeskusilmoitusta (PCN) varten, kukin maa, jossa aiot myyd\u00e4 tuotetta, edellytt\u00e4\u00e4, ett\u00e4 ilmoitat asiasta omalle kansalliselle viranomaiselle. PCN-rekister\u00f6intiin tarkoitettujen EU-maiden avulla voit valita tarkalleen ne maat, joissa haluat tuoda tuotteesi markkinoille, mik\u00e4 antaa sinulle t\u00e4ydellisen joustavuuden ja mahdollisuuden valvoa markkinoitasi.<\/p>\n\n<h2 class=\"wp-block-heading\" id=\"h-what-you-re-purchasing\">Mit\u00e4 ostat<\/h2>\n\n<p>T\u00e4m\u00e4 tuote on <strong>niputettu paketti kaikille ETA-maille<\/strong>. N\u00e4it\u00e4 30 kuponkia voi k\u00e4ytt\u00e4\u00e4 <strong>mink\u00e4 tahansa PCN-rekister\u00f6innin yhteydess\u00e4<\/strong>, jonka teet kanssamme. Kun olet ostanut n\u00e4m\u00e4 maat, ne <strong>lis\u00e4t\u00e4\u00e4n <a href=\"https:\/\/www.ufi.eu\/my-account\/points\/\">PCN-maaluetteloosi<\/a><\/strong>, ja niit\u00e4 voidaan k\u00e4ytt\u00e4\u00e4, kun t\u00e4yt\u00e4t tuotteesi <strong>PCN-ilmoituslomakkeen<\/strong>.  <\/p>\n\n<p><strong>Sinun on my\u00f6s <a href=\"https:\/\/www.ufi.eu\/shop\/\">ostettava tuotteellesi PCN-numero<\/a>. T\u00e4m\u00e4 tuote on vain irtonainen maa, ei PCN. <\/strong><\/p>\n\n<h4 class=\"wp-block-heading\">\u2705 Miten se toimii:<\/h4>\n\n<ol class=\"wp-block-list\">\n<li>M\u00e4\u00e4rit\u00e4 <strong>maat,<\/strong> joihin aiot myyd\u00e4.<\/li>\n\n\n\n<li>Osta <strong>maamerkkien<\/strong> m\u00e4\u00e4r\u00e4.<\/li>\n\n\n\n<li><a href=\"https:\/\/www.ufi.eu\/fi\/uusi-tuote\/\">L\u00e4het\u00e4 tuotteesi vastaanottolomake<\/a> meille.<\/li>\n\n\n\n<li>M\u00e4\u00e4rit\u00e4 vain maat, joissa haluat meid\u00e4n toimittavan tuotteesi PCN-ilmoitusta varten.<\/li>\n\n\n\n<li>Maakohtainen merkki v\u00e4hennet\u00e4\u00e4n kokonaissummasta, kun l\u00e4het\u00e4t lomakkeen meille.<\/li>\n<\/ol>\n\n<p>Olitpa sitten lanseeraamassa yht\u00e4 tuotetta tai hallinnoimassa kokonaista tuotevalikoimaa, voit <strong>k\u00e4ytt\u00e4\u00e4 <a href=\"https:\/\/www.ufi.eu\/my-account\/points\/\">ostamiasi maakohtaisia tunnuksia<\/a><\/strong> eri PCN-l\u00e4hetysten yhteydess\u00e4 &#8211; n\u00e4in s\u00e4\u00e4st\u00e4t aikaa, varmistat vaatimustenmukaisuuden ja laajennat EU:n markkinoiden l\u00e4sn\u00e4oloa vaivattomasti.<\/p>\n\n<h3 class=\"wp-block-heading\" id=\"h-supported-eu-countries\">Tuetut EU-maat<\/h3>\n\n<p>EU:ssa on 27 maata ja ETA:ssa 30 maata (EU+Lichtenstein, Norja ja Islanti).Portaalissa voit valita n\u00e4m\u00e4 maat:<\/p>\n\n<figure class=\"wp-block-table\"><table class=\"has-fixed-layout\"><tbody><tr><td>Belgia<\/td><td>(BE)<\/td><td>Espanja<\/td><td>(ES)<\/td><td>Unkari<\/td><td>(HU)<\/td><td>Slovakia<\/td><td>(SK)<\/td><\/tr><tr><td>Bulgaria<\/td><td>(BG)<\/td><td>Ranska<\/td><td>(FR)<\/td><td>Malta<\/td><td>(MT)<\/td><td>Suomi<\/td><td>(FI)<\/td><\/tr><tr><td>T\u0161ekki<\/td><td>(CZ)<\/td><td>Kroatia<\/td><td>(HR)<\/td><td>Alankomaat<\/td><td>(NL)<\/td><td>Ruotsi<\/td><td>(SE)<\/td><\/tr><tr><td>Tanska<\/td><td>(DK)<\/td><td>Italia<\/td><td>(IT)<\/td><td>It\u00e4valta<\/td><td>(AT)<\/td><td>Saksa<\/td><td>(DE)<\/td><\/tr><tr><td>Kypros<\/td><td>(CY)<\/td><td>Puola<\/td><td>(PL)<\/td><td>Islanti<\/td><td>(IS)<\/td><td>Viro<\/td><td>(EE)<\/td><\/tr><tr><td>Latvia<\/td><td>(LV)<\/td><td>Portugali<\/td><td>(PT)<\/td><td>Liechtenstein<\/td><td>(LI)<\/td><td>Irlanti<\/td><td>(IE)<\/td><\/tr><tr><td>Liettua<\/td><td>(LT)<\/td><td>Romania<\/td><td>(RO)<\/td><td>Norja<\/td><td>(EI)<\/td><td>Kreikka<\/td><td>(EL)<\/td><\/tr><tr><td>Luxemburg<\/td><td>(LU)<\/td><td>Slovenia<\/td><td>(SI)<\/td><td>Sveitsi*<\/td><td>(CH)<\/td><td><\/td><td><\/td><\/tr><\/tbody><\/table><\/figure>\n\n<p>*Sveitsin osalta voimme luoda PCN-asiakirjat, joissa on kaikki tarvittavat tiedot Sveitsin portaalissa tapahtuvaa hakemuksen j\u00e4tt\u00e4mist\u00e4 varten. Ota meihin yhteytt\u00e4 saadaksesi lis\u00e4tietoja. <\/p>\n\n<h2 class=\"wp-block-heading\" id=\"h-example-of-how-it-works\">Esimerkki siit\u00e4, miten se toimii<\/h2>\n\n<p>Olet tuomassa markkinoille uutta puhdistustuotetta <strong>Ranskassa, Saksassa ja Espanjassa<\/strong>. Osta vain kolme maata. Kun t\u00e4yt\u00e4t kanssamme PCN-ilmoituslomakkeen, osoitat n\u00e4m\u00e4 maakohtaiset tunnukset tuotteelle, mik\u00e4 takaa lainmukaisuuden kaikilla kolmella markkina-alueella ilman yksitt\u00e4isten ilmoitusten tekemist\u00e4.  <\/p>\n\n<p><\/p>\n","protected":false},"excerpt":{"rendered":"<p>Lanseeraa tuotteesi Euroopassa helposti Kun rekister\u00f6it tuotteesi EU:n myrkytyskeskusilmoitusta (PCN) varten, kukin maa, jossa aiot myyd\u00e4 tuotetta, edellytt\u00e4\u00e4, ett\u00e4 ilmoitat asiasta omalle kansalliselle viranomaiselle. PCN-rekister\u00f6intiin tarkoitettujen EU-maiden avulla voit valita tarkalleen ne maat, joissa haluat tuoda tuotteesi markkinoille, mik\u00e4 antaa sinulle t\u00e4ydellisen joustavuuden ja mahdollisuuden valvoa markkinoitasi. Mit\u00e4 ostat T\u00e4m\u00e4 tuote on niputettu paketti kaikille [&hellip;]<\/p>\n","protected":false},"featured_media":12531,"template":"","meta":[],"product_brand":[],"product_cat":[289],"product_tag":[],"class_list":{"0":"post-31715","1":"product","2":"type-product","3":"status-publish","4":"has-post-thumbnail","6":"product_cat-kayttoturvallisuustiedote","8":"first","9":"instock","10":"taxable","11":"shipping-taxable","12":"purchasable","13":"product-type-simple"},"bundled_by":["31733"],"bundle_stock_status":"instock","bundle_stock_quantity":null,"bundle_virtual":false,"bundle_layout":"","bundle_add_to_cart_form_location":"","bundle_editable_in_cart":false,"bundle_sold_individually_context":"","bundle_item_grouping":"","bundle_min_size":"","bundle_max_size":"","bundle_price":[],"bundled_items":[],"bundle_sell_ids":[],"yoast_head":"<!-- This site is optimized with the Yoast SEO Premium plugin v25.1 (Yoast SEO v25.1) - https:\/\/yoast.com\/wordpress\/plugins\/seo\/ -->\n<title>Kaikki ETA-maat PCN-rekister\u00f6inti\u00e4 varten Bundle - UFI<\/title>\n<meta name=\"description\" content=\"T\u00e4m\u00e4 tuote on niputettu paketti kaikille ETA-maille. N\u00e4it\u00e4 30 kuponkia voi k\u00e4ytt\u00e4\u00e4 mink\u00e4 tahansa PCN-rekister\u00f6innin yhteydess\u00e4, jonka teet kanssamme. Kun olet ostanut n\u00e4m\u00e4 maat, ne lis\u00e4t\u00e4\u00e4n PCN-maaluetteloosi, ja niit\u00e4 voidaan k\u00e4ytt\u00e4\u00e4, kun t\u00e4yt\u00e4t tuotteesi PCN-ilmoituslomakkeen.\" \/>\n<meta name=\"robots\" content=\"index, follow, max-snippet:-1, max-image-preview:large, max-video-preview:-1\" \/>\n<link rel=\"canonical\" href=\"https:\/\/www.ufi.eu\/fi\/product\/kaikki-eta-maat-pcn-rekisterointia-varten-bundle\/\" \/>\n<meta property=\"og:locale\" content=\"fi_FI\" \/>\n<meta property=\"og:type\" content=\"article\" \/>\n<meta property=\"og:title\" content=\"Kaikki ETA-maat PCN-rekister\u00f6inti\u00e4 varten Bundle\" \/>\n<meta property=\"og:description\" content=\"T\u00e4m\u00e4 tuote on niputettu paketti kaikille ETA-maille. N\u00e4it\u00e4 30 kuponkia voi k\u00e4ytt\u00e4\u00e4 mink\u00e4 tahansa PCN-rekister\u00f6innin yhteydess\u00e4, jonka teet kanssamme. Kun olet ostanut n\u00e4m\u00e4 maat, ne lis\u00e4t\u00e4\u00e4n PCN-maaluetteloosi, ja niit\u00e4 voidaan k\u00e4ytt\u00e4\u00e4, kun t\u00e4yt\u00e4t tuotteesi PCN-ilmoituslomakkeen.\" \/>\n<meta property=\"og:url\" content=\"https:\/\/www.ufi.eu\/fi\/product\/kaikki-eta-maat-pcn-rekisterointia-varten-bundle\/\" \/>\n<meta property=\"og:site_name\" content=\"UFI\" \/>\n<meta property=\"article:modified_time\" content=\"2025-09-24T14:37:38+00:00\" \/>\n<meta property=\"og:image\" content=\"https:\/\/www.ufi.eu\/wp-content\/uploads\/2025\/03\/eu.jpg\" \/>\n\t<meta property=\"og:image:width\" content=\"800\" \/>\n\t<meta property=\"og:image:height\" content=\"800\" \/>\n\t<meta property=\"og:image:type\" content=\"image\/jpeg\" \/>\n<meta name=\"twitter:card\" content=\"summary_large_image\" \/>\n<meta name=\"twitter:label1\" content=\"Hinta\" \/>\n\t<meta name=\"twitter:data1\" content=\"&euro;415.00\" \/>\n\t<meta name=\"twitter:label2\" content=\"Saatavuus\" \/>\n\t<meta name=\"twitter:data2\" content=\"Varastossa\" \/>\n<script type=\"application\/ld+json\" class=\"yoast-schema-graph\">{\"@context\":\"https:\/\/schema.org\",\"@graph\":[{\"@type\":\"WebPage\",\"@id\":\"https:\/\/www.ufi.eu\/fi\/product\/kaikki-eta-maat-pcn-rekisterointia-varten-bundle\/\",\"url\":\"https:\/\/www.ufi.eu\/fi\/product\/kaikki-eta-maat-pcn-rekisterointia-varten-bundle\/\",\"name\":\"Kaikki ETA-maat PCN-rekister\u00f6inti\u00e4 varten Bundle - UFI\",\"isPartOf\":{\"@id\":\"https:\/\/www.ufi.eu\/fi\/#website\"},\"primaryImageOfPage\":{\"@id\":\"https:\/\/www.ufi.eu\/fi\/product\/kaikki-eta-maat-pcn-rekisterointia-varten-bundle\/#primaryimage\"},\"image\":{\"@id\":\"https:\/\/www.ufi.eu\/fi\/product\/kaikki-eta-maat-pcn-rekisterointia-varten-bundle\/#primaryimage\"},\"thumbnailUrl\":\"https:\/\/www.ufi.eu\/wp-content\/uploads\/2025\/03\/eu.jpg\",\"datePublished\":\"2025-09-24T14:37:35+00:00\",\"dateModified\":\"2025-09-24T14:37:38+00:00\",\"description\":\"T\u00e4m\u00e4 tuote on niputettu paketti kaikille ETA-maille. N\u00e4it\u00e4 30 kuponkia voi k\u00e4ytt\u00e4\u00e4 mink\u00e4 tahansa PCN-rekister\u00f6innin yhteydess\u00e4, jonka teet kanssamme. Kun olet ostanut n\u00e4m\u00e4 maat, ne lis\u00e4t\u00e4\u00e4n PCN-maaluetteloosi, ja niit\u00e4 voidaan k\u00e4ytt\u00e4\u00e4, kun t\u00e4yt\u00e4t tuotteesi PCN-ilmoituslomakkeen.\",\"breadcrumb\":{\"@id\":\"https:\/\/www.ufi.eu\/fi\/product\/kaikki-eta-maat-pcn-rekisterointia-varten-bundle\/#breadcrumb\"},\"inLanguage\":\"fi\",\"potentialAction\":[{\"@type\":\"ReadAction\",\"target\":[\"https:\/\/www.ufi.eu\/fi\/product\/kaikki-eta-maat-pcn-rekisterointia-varten-bundle\/\"]}]},{\"@type\":\"ImageObject\",\"inLanguage\":\"fi\",\"@id\":\"https:\/\/www.ufi.eu\/fi\/product\/kaikki-eta-maat-pcn-rekisterointia-varten-bundle\/#primaryimage\",\"url\":\"https:\/\/www.ufi.eu\/wp-content\/uploads\/2025\/03\/eu.jpg\",\"contentUrl\":\"https:\/\/www.ufi.eu\/wp-content\/uploads\/2025\/03\/eu.jpg\",\"width\":800,\"height\":800},{\"@type\":\"BreadcrumbList\",\"@id\":\"https:\/\/www.ufi.eu\/fi\/product\/kaikki-eta-maat-pcn-rekisterointia-varten-bundle\/#breadcrumb\",\"itemListElement\":[{\"@type\":\"ListItem\",\"position\":1,\"name\":\"Home\",\"item\":\"https:\/\/www.ufi.eu\/fi\/etusivu\/\"},{\"@type\":\"ListItem\",\"position\":2,\"name\":\"Kauppa\",\"item\":\"https:\/\/www.ufi.eu\/fi\/kauppa\/\"},{\"@type\":\"ListItem\",\"position\":3,\"name\":\"Kaikki ETA-maat PCN-rekister\u00f6inti\u00e4 varten Bundle\"}]},{\"@type\":\"WebSite\",\"@id\":\"https:\/\/www.ufi.eu\/fi\/#website\",\"url\":\"https:\/\/www.ufi.eu\/fi\/\",\"name\":\"UFI.EU\",\"description\":\"Poison Centre Notifications (PCN) and UFI\",\"publisher\":{\"@id\":\"https:\/\/www.ufi.eu\/fi\/#organization\"},\"potentialAction\":[{\"@type\":\"SearchAction\",\"target\":{\"@type\":\"EntryPoint\",\"urlTemplate\":\"https:\/\/www.ufi.eu\/fi\/?s={search_term_string}\"},\"query-input\":{\"@type\":\"PropertyValueSpecification\",\"valueRequired\":true,\"valueName\":\"search_term_string\"}}],\"inLanguage\":\"fi\"},{\"@type\":\"Organization\",\"@id\":\"https:\/\/www.ufi.eu\/fi\/#organization\",\"name\":\"UFI.EU\",\"url\":\"https:\/\/www.ufi.eu\/fi\/\",\"logo\":{\"@type\":\"ImageObject\",\"inLanguage\":\"fi\",\"@id\":\"https:\/\/www.ufi.eu\/fi\/#\/schema\/logo\/image\/\",\"url\":\"https:\/\/www.ufi.eu\/wp-content\/uploads\/2025\/03\/cropped-logo_ufi3.jpg\",\"contentUrl\":\"https:\/\/www.ufi.eu\/wp-content\/uploads\/2025\/03\/cropped-logo_ufi3.jpg\",\"width\":231,\"height\":78,\"caption\":\"UFI.EU\"},\"image\":{\"@id\":\"https:\/\/www.ufi.eu\/fi\/#\/schema\/logo\/image\/\"},\"description\":\"UFI.eu specializes in digital registrations for Poison Centre Notifications (PCN), ensuring your chemical products meet EU regulatory requirements effortlessly. Our streamlined solutions help businesses stay compliant while reducing complexity and administrative burden.\",\"email\":\"info@ufi.eu\",\"legalName\":\"UFI.EU\"}]}<\/script>\n<meta property=\"product:price:amount\" content=\"415.00\" \/>\n<meta property=\"product:price:currency\" content=\"EUR\" \/>\n<meta property=\"og:availability\" content=\"instock\" \/>\n<meta property=\"product:availability\" content=\"instock\" \/>\n<meta property=\"product:condition\" content=\"new\" \/>\n<!-- \/ Yoast SEO Premium plugin. -->","yoast_head_json":{"title":"Kaikki ETA-maat PCN-rekister\u00f6inti\u00e4 varten Bundle - UFI","description":"T\u00e4m\u00e4 tuote on niputettu paketti kaikille ETA-maille. N\u00e4it\u00e4 30 kuponkia voi k\u00e4ytt\u00e4\u00e4 mink\u00e4 tahansa PCN-rekister\u00f6innin yhteydess\u00e4, jonka teet kanssamme. Kun olet ostanut n\u00e4m\u00e4 maat, ne lis\u00e4t\u00e4\u00e4n PCN-maaluetteloosi, ja niit\u00e4 voidaan k\u00e4ytt\u00e4\u00e4, kun t\u00e4yt\u00e4t tuotteesi PCN-ilmoituslomakkeen.","robots":{"index":"index","follow":"follow","max-snippet":"max-snippet:-1","max-image-preview":"max-image-preview:large","max-video-preview":"max-video-preview:-1"},"canonical":"https:\/\/www.ufi.eu\/fi\/product\/kaikki-eta-maat-pcn-rekisterointia-varten-bundle\/","og_locale":"fi_FI","og_type":"article","og_title":"Kaikki ETA-maat PCN-rekister\u00f6inti\u00e4 varten Bundle","og_description":"T\u00e4m\u00e4 tuote on niputettu paketti kaikille ETA-maille. N\u00e4it\u00e4 30 kuponkia voi k\u00e4ytt\u00e4\u00e4 mink\u00e4 tahansa PCN-rekister\u00f6innin yhteydess\u00e4, jonka teet kanssamme. Kun olet ostanut n\u00e4m\u00e4 maat, ne lis\u00e4t\u00e4\u00e4n PCN-maaluetteloosi, ja niit\u00e4 voidaan k\u00e4ytt\u00e4\u00e4, kun t\u00e4yt\u00e4t tuotteesi PCN-ilmoituslomakkeen.","og_url":"https:\/\/www.ufi.eu\/fi\/product\/kaikki-eta-maat-pcn-rekisterointia-varten-bundle\/","og_site_name":"UFI","article_modified_time":"2025-09-24T14:37:38+00:00","og_image":[{"width":800,"height":800,"url":"https:\/\/www.ufi.eu\/wp-content\/uploads\/2025\/03\/eu.jpg","type":"image\/jpeg"}],"twitter_card":"summary_large_image","twitter_misc":{"Hinta":"&euro;415.00","Saatavuus":"Varastossa"},"schema":{"@context":"https:\/\/schema.org","@graph":[{"@type":"WebPage","@id":"https:\/\/www.ufi.eu\/fi\/product\/kaikki-eta-maat-pcn-rekisterointia-varten-bundle\/","url":"https:\/\/www.ufi.eu\/fi\/product\/kaikki-eta-maat-pcn-rekisterointia-varten-bundle\/","name":"Kaikki ETA-maat PCN-rekister\u00f6inti\u00e4 varten Bundle - UFI","isPartOf":{"@id":"https:\/\/www.ufi.eu\/fi\/#website"},"primaryImageOfPage":{"@id":"https:\/\/www.ufi.eu\/fi\/product\/kaikki-eta-maat-pcn-rekisterointia-varten-bundle\/#primaryimage"},"image":{"@id":"https:\/\/www.ufi.eu\/fi\/product\/kaikki-eta-maat-pcn-rekisterointia-varten-bundle\/#primaryimage"},"thumbnailUrl":"https:\/\/www.ufi.eu\/wp-content\/uploads\/2025\/03\/eu.jpg","datePublished":"2025-09-24T14:37:35+00:00","dateModified":"2025-09-24T14:37:38+00:00","description":"T\u00e4m\u00e4 tuote on niputettu paketti kaikille ETA-maille. N\u00e4it\u00e4 30 kuponkia voi k\u00e4ytt\u00e4\u00e4 mink\u00e4 tahansa PCN-rekister\u00f6innin yhteydess\u00e4, jonka teet kanssamme. Kun olet ostanut n\u00e4m\u00e4 maat, ne lis\u00e4t\u00e4\u00e4n PCN-maaluetteloosi, ja niit\u00e4 voidaan k\u00e4ytt\u00e4\u00e4, kun t\u00e4yt\u00e4t tuotteesi PCN-ilmoituslomakkeen.","breadcrumb":{"@id":"https:\/\/www.ufi.eu\/fi\/product\/kaikki-eta-maat-pcn-rekisterointia-varten-bundle\/#breadcrumb"},"inLanguage":"fi","potentialAction":[{"@type":"ReadAction","target":["https:\/\/www.ufi.eu\/fi\/product\/kaikki-eta-maat-pcn-rekisterointia-varten-bundle\/"]}]},{"@type":"ImageObject","inLanguage":"fi","@id":"https:\/\/www.ufi.eu\/fi\/product\/kaikki-eta-maat-pcn-rekisterointia-varten-bundle\/#primaryimage","url":"https:\/\/www.ufi.eu\/wp-content\/uploads\/2025\/03\/eu.jpg","contentUrl":"https:\/\/www.ufi.eu\/wp-content\/uploads\/2025\/03\/eu.jpg","width":800,"height":800},{"@type":"BreadcrumbList","@id":"https:\/\/www.ufi.eu\/fi\/product\/kaikki-eta-maat-pcn-rekisterointia-varten-bundle\/#breadcrumb","itemListElement":[{"@type":"ListItem","position":1,"name":"Home","item":"https:\/\/www.ufi.eu\/fi\/etusivu\/"},{"@type":"ListItem","position":2,"name":"Kauppa","item":"https:\/\/www.ufi.eu\/fi\/kauppa\/"},{"@type":"ListItem","position":3,"name":"Kaikki ETA-maat PCN-rekister\u00f6inti\u00e4 varten Bundle"}]},{"@type":"WebSite","@id":"https:\/\/www.ufi.eu\/fi\/#website","url":"https:\/\/www.ufi.eu\/fi\/","name":"UFI.EU","description":"Poison Centre Notifications (PCN) and UFI","publisher":{"@id":"https:\/\/www.ufi.eu\/fi\/#organization"},"potentialAction":[{"@type":"SearchAction","target":{"@type":"EntryPoint","urlTemplate":"https:\/\/www.ufi.eu\/fi\/?s={search_term_string}"},"query-input":{"@type":"PropertyValueSpecification","valueRequired":true,"valueName":"search_term_string"}}],"inLanguage":"fi"},{"@type":"Organization","@id":"https:\/\/www.ufi.eu\/fi\/#organization","name":"UFI.EU","url":"https:\/\/www.ufi.eu\/fi\/","logo":{"@type":"ImageObject","inLanguage":"fi","@id":"https:\/\/www.ufi.eu\/fi\/#\/schema\/logo\/image\/","url":"https:\/\/www.ufi.eu\/wp-content\/uploads\/2025\/03\/cropped-logo_ufi3.jpg","contentUrl":"https:\/\/www.ufi.eu\/wp-content\/uploads\/2025\/03\/cropped-logo_ufi3.jpg","width":231,"height":78,"caption":"UFI.EU"},"image":{"@id":"https:\/\/www.ufi.eu\/fi\/#\/schema\/logo\/image\/"},"description":"UFI.eu specializes in digital registrations for Poison Centre Notifications (PCN), ensuring your chemical products meet EU regulatory requirements effortlessly. Our streamlined solutions help businesses stay compliant while reducing complexity and administrative burden.","email":"info@ufi.eu","legalName":"UFI.EU"}]},"product_price_amount":"415.00","product_price_currency":"EUR","og_availability":"instock","product_availability":"instock","product_condition":"new"},"_links":{"self":[{"href":"https:\/\/www.ufi.eu\/fi\/wp-json\/wp\/v2\/product\/31715","targetHints":{"allow":["GET"]}}],"collection":[{"href":"https:\/\/www.ufi.eu\/fi\/wp-json\/wp\/v2\/product"}],"about":[{"href":"https:\/\/www.ufi.eu\/fi\/wp-json\/wp\/v2\/types\/product"}],"wp:featuredmedia":[{"embeddable":true,"href":"https:\/\/www.ufi.eu\/fi\/wp-json\/wp\/v2\/media\/12531"}],"wp:attachment":[{"href":"https:\/\/www.ufi.eu\/fi\/wp-json\/wp\/v2\/media?parent=31715"}],"wp:term":[{"taxonomy":"product_brand","embeddable":true,"href":"https:\/\/www.ufi.eu\/fi\/wp-json\/wp\/v2\/product_brand?post=31715"},{"taxonomy":"product_cat","embeddable":true,"href":"https:\/\/www.ufi.eu\/fi\/wp-json\/wp\/v2\/product_cat?post=31715"},{"taxonomy":"product_tag","embeddable":true,"href":"https:\/\/www.ufi.eu\/fi\/wp-json\/wp\/v2\/product_tag?post=31715"}],"curies":[{"name":"wp","href":"https:\/\/api.w.org\/{rel}","templated":true}]}}