{"id":23737,"date":"2025-03-20T08:24:00","date_gmt":"2025-04-17T15:42:47","guid":{"rendered":"https:\/\/www.ufi.eu\/pcn\/Ei-luokiteltu\/muiden-pyykinpesuaineiden-pcn-ja-ufi\/"},"modified":"2025-04-17T15:42:47","modified_gmt":"2025-04-17T15:42:47","slug":"muiden-pyykinpesuaineiden-pcn-ja-ufi","status":"publish","type":"product","link":"https:\/\/www.ufi.eu\/fi\/product\/muiden-pyykinpesuaineiden-pcn-ja-ufi\/","title":{"rendered":"Muiden pyykinpesuaineiden PCN ja UFI"},"content":{"rendered":"<h2>Miten UFI:n luominen ja PCN-ilmoituspalvelu toimii?<\/h2>\n<p>Kun olet ostanut t\u00e4m\u00e4n palvelun, saat p\u00e4\u00e4syn suojattuun portaaliin. Portaali sis\u00e4lt\u00e4\u00e4 yleiskatsauksen kaikista vaiheista.  T\u00e4yt\u00e4 tuotetietosi ja me ryhdymme t\u00f6ihin.<\/p>\n<h3>Myrkytyskeskusilmoitus &amp; UFI<\/h3>\n<p>Me tarjoamme:<\/p>\n<ul>\n<li>Tuotteen yksil\u00f6llinen kaavatunniste (UFI, Unique Formula Identifier).<\/li>\n<li>Myrkytyskeskusilmoitus (Poison Centre Notification, PCN) -raportti.<\/li>\n<li>Tuotteen rekister\u00f6inti asianomaisissa kansallisissa myrkytyskeskuksissa ECHAn kautta.<\/li>\n<\/ul>\n<h3>PCN-rekister\u00f6intimaat<\/h3>\n<p>Voit laskea niiden maiden m\u00e4\u00e4r\u00e4n, joissa haluat rekister\u00f6id\u00e4 tuotteesi. T\u00e4m\u00e4 on niiden maiden lukum\u00e4\u00e4r\u00e4, jotka sinun on ostettava.  Voit valita tietyt maat portaalissa. Jos aiot my\u00f6hemmin laajentaa tuotteidesi myynti\u00e4 uusiin maihin, voit aina tilata lis\u00e4\u00e4 <a href=\"https:\/\/www.ufi.eu\/fi\/pcn\/maat\/pcn-rekisterointimaat\/\" target=\"_blank\" title=\"PCN-maarekister\u00f6innit\">PCN-maarekister\u00f6intej\u00e4<\/a>.<br \/>EU:ssa on 27 maata ja ETA:ssa 30 maata (EU+Lichtenstein, Norja ja Islanti) Portaalissa voit valita n\u00e4m\u00e4 maat: <\/p>\n<table cellpadding=\"2\" cellspacing=\"0\" border=\"1\">\n<tbody>\n<tr>\n<td>Belgia<\/td>\n<td>(BE)<\/td>\n<td>Espanja<\/td>\n<td>(ES)<\/td>\n<td>Unkari<\/td>\n<td>(HU)<\/td>\n<td>Slovakia<\/td>\n<td>(SK)<\/td>\n<\/tr>\n<tr>\n<td>Bulgaria<\/td>\n<td>(BG)<\/td>\n<td>Ranska<\/td>\n<td>(FR)<\/td>\n<td>Malta<\/td>\n<td>(MT)<\/td>\n<td>Suomi<\/td>\n<td>(FI)<\/td>\n<\/tr>\n<tr>\n<td>T\u0161ekki<\/td>\n<td>(CZ)<\/td>\n<td>Kroatia<\/td>\n<td>(HR)<\/td>\n<td>Alankomaat<\/td>\n<td>(NL)<\/td>\n<td>Ruotsi<\/td>\n<td>(SE)<\/td>\n<\/tr>\n<tr>\n<td>Tanska<\/td>\n<td>(DK)<\/td>\n<td>Italia<\/td>\n<td>(IT)<\/td>\n<td>It\u00e4valta<\/td>\n<td>(AT)<\/td>\n<td>Saksa<\/td>\n<td>(DE)<\/td>\n<\/tr>\n<tr>\n<td>Kypros<\/td>\n<td>(CY)<\/td>\n<td>Puola<\/td>\n<td>(PL)<\/td>\n<td>Islanti<\/td>\n<td>(IS)<\/td>\n<td>Viro<\/td>\n<td>(EE)<\/td>\n<\/tr>\n<tr>\n<td>Latvia<\/td>\n<td>(LV)<\/td>\n<td>Portugali<\/td>\n<td>(PT)<\/td>\n<td>Liechtenstein<\/td>\n<td>(LI)<\/td>\n<td>Irlanti<\/td>\n<td>(IE)<\/td>\n<\/tr>\n<tr>\n<td>Liettua<\/td>\n<td>(LT)<\/td>\n<td>Romania<\/td>\n<td>(RO)<\/td>\n<td>Norja<\/td>\n<td>(EI)<\/td>\n<td>Kreikka<\/td>\n<td>(EL)<\/td>\n<\/tr>\n<tr>\n<td>Luxemburg<\/td>\n<td>(LU)<\/td>\n<td>Slovenia<\/td>\n<td>(SI)<\/td>\n<td>Sveitsi*<\/td>\n<td>(CH)<\/td>\n<td><\/td>\n<td><\/td>\n<\/tr>\n<\/tbody>\n<\/table>\n<p>*Sveitsin osalta voimme luoda PCN-asiakirjat, joissa on kaikki tarvittavat tiedot Sveitsin portaalissa tapahtuvaa hakemuksen j\u00e4tt\u00e4mist\u00e4 varten. Ota meihin yhteytt\u00e4 saadaksesi lis\u00e4tietoja. <\/p>\n<h3>CLP-merkinn\u00e4n tiedot<\/h3>\n<p>Tarjoamme mahdollisuuden ostaa CLP-asetuksen mukaisen tuoteselosteen, joka sis\u00e4lt\u00e4\u00e4 kaikki EU:n CLP-asetuksen edellytt\u00e4m\u00e4t pakolliset tiedot. T\u00e4m\u00e4 toimitetaan PDF-tiedostona.  T\u00e4m\u00e4 ei ole suunnitelma, vaan tiivistelm\u00e4 tarvittavista tiedoista. N\u00e4in voit sis\u00e4llytt\u00e4\u00e4 tarvittavat tiedot tuoteselosteesi suunnitteluun. Voit tilata <a href=\"https:\/\/www.ufi.eu\/fi\/pcn\/clp-etiketti\/clp-etikettien-luominen-ja-vaatimustenmukaisuuden-tarkistus\/\" target=\"_blank\" title=\"CLP-merkint\u00e4Creation\">CLP-etikettien luomisen<\/a> my\u00f6s erikseen. Onko sinulla jo etiketti? &#8211; Voimme tehd\u00e4 <a href=\"https:\/\/www.ufi.eu\/fi\/pcn\/clp-etiketti\/clp-etikettien-luominen-ja-vaatimustenmukaisuuden-tarkistus\/\" target=\"_blank\" title=\"CLP-etikettien vaatimustenmukaisuuden tarkistus\">CLP-etikettisi CLP-vaatimustenmukaisuuden tarkistuksen<\/a> nykyisten CLP-vaatimusten mukaisesti. Annamme yksityiskohtaista palautetta ja teemme korjauksia, jotta etikettisi t\u00e4ytt\u00e4\u00e4 kaikki viranomaisvaatimukset.     <\/p>\n<h2>Muita pyykinpesuaineita koskeva myrkytyskeskusilmoitus<\/h2>\n<p>Muut pyykinpesuaineet, jotka eiv\u00e4t kuulu yleisiin luokkiin (kuten tavanomaiset kotitalous- tai ammattik\u00e4ytt\u00f6\u00f6n tarkoitetut pesuaineet), voivat silti sis\u00e4lt\u00e4\u00e4 kemiallisia ainesosia, jotka voivat olla vaarallisia EU:n s\u00e4\u00e4nn\u00f6sten mukaan. Jos pesuaineen koostumus t\u00e4ytt\u00e4\u00e4 vaaraluokitusperusteet, siit\u00e4 on teht\u00e4v\u00e4 myrkytyskeskusilmoitus (PCN). Ilmoittamalla PCN-ilmoituksen valmistajat ja jakelijat varmistavat, ett\u00e4 myrkytyskeskukset saavat k\u00e4ytt\u00f6\u00f6ns\u00e4 kriittiset turvallisuustiedot, kuten kemiallisen koostumuksen, vaaraluokituksen ja ensiaputoimenpiteet, mik\u00e4 nopeuttaa t\u00e4sm\u00e4llist\u00e4 l\u00e4\u00e4ketieteellist\u00e4 toimintaa, jos altistuminen tapahtuu vahingossa.  <\/p>\n<h3>Mik\u00e4 on UFI?<\/h3>\n<p>UFI-tunnus (Unique Formula Identifier) on 16-merkkinen aakkosnumeerinen koodi, joka vastaa vaarallisen tuotteen tarkkaa kemiallista koostumusta. Muiden vaarallisiksi luokiteltujen pyykinpesuaineiden UFI-tunnus on ilmoitettava tuotteen etiketiss\u00e4, yleens\u00e4 vaarasymbolien tai turvallisuusvaroitusten l\u00e4heisyydess\u00e4. H\u00e4t\u00e4tilanteissa myrkytyskeskukset k\u00e4ytt\u00e4v\u00e4t t\u00e4t\u00e4 koodia tuotteen koostumuksen nopeassa m\u00e4\u00e4ritt\u00e4misess\u00e4, mink\u00e4 ansiosta ne voivat antaa kohdennettuja ja tehokkaita l\u00e4\u00e4ketieteellisi\u00e4 neuvoja.  <\/p>\n<h3>Mik\u00e4 on PCN?<\/h3>\n<p>Myrkytyskeskusilmoitus (PCN) on EU:n lains\u00e4\u00e4d\u00e4nn\u00f6ss\u00e4 edellytetty pakollinen ilmoitus vaarallisiksi luokitelluista kemiallisista seoksista. Muiden pyykinpesuaineiden osalta PCN-ilmoitus antaa myrkytyskeskuksille keskeiset tiedot, kuten pesuaineen ainesosat, vaaraluokituksen, k\u00e4ytt\u00f6ohjeet ja suositellut ensiaputoimenpiteet. N\u00e4m\u00e4 tiedot ovat elint\u00e4rkeit\u00e4, jotta terveydenhuollon ammattilaiset voivat reagoida nopeasti ja oikein k\u00e4sitelless\u00e4\u00e4n vahingossa tapahtuvaa altistumista.  <\/p>\n<h3>Mik\u00e4 on CLP?<\/h3>\n<p>CLP-asetuksella (Classification, Labelling and Packaging) standardoidaan kemikaalien tunnistaminen ja merkitseminen EU:n j\u00e4senvaltioissa. Jos muut pyykinpesuaineet luokitellaan vaarallisiksi, niiden pakkauksissa on oltava vaarasymbolit, riski-\/varoituslausekkeet ja UFI. N\u00e4m\u00e4 merkinn\u00e4t auttavat k\u00e4ytt\u00e4ji\u00e4 tunnistamaan mahdolliset riskit ja ryhtym\u00e4\u00e4n asianmukaisiin turvatoimiin.  <\/p>\n<h3>Mik\u00e4 on myrkytyskeskus?<\/h3>\n<p>Myrkytyskeskus on kansallisten myrkytyskeskusten yhteisty\u00f6verkosto, joka antaa kiireellist\u00e4 l\u00e4\u00e4ketieteellist\u00e4 neuvontaa kemikaalialtistustapauksissa. Rekister\u00f6im\u00e4ll\u00e4 vaarallisen pesuaineen myrkytyskeskukseen PCN:n avulla yritykset varmistavat, ett\u00e4 terveydenhuollon ammattilaiset saavat tarvittavat tiedot, mik\u00e4 helpottaa nopeampia ja tarkempia toimenpiteit\u00e4. <\/p>\n<h3>Miksi t\u00e4t\u00e4 tarvitaan?<\/h3>\n<p>Vaikka muut pyykinpesuaineet eroavat tavanomaisista kuluttaja- tai ammattik\u00e4ytt\u00f6\u00f6n tarkoitetuista pesuaineista, ne voivat silti sis\u00e4lt\u00e4\u00e4 liuottimia, pinta-aktiivisia aineita tai muita aineita, jotka aiheuttavat terveysvaaraa hengitettyn\u00e4, nieltyn\u00e4 tai joutuessaan kosketuksiin ihon tai silmien kanssa. PCN takaa, ett\u00e4 myrkytystietokeskukset voivat viitata tarvittaviin turvallisuustietoihin nopeasti, mik\u00e4 mahdollistaa tehokkaan hoidon ja EU:n turvallisuusm\u00e4\u00e4r\u00e4ysten noudattamisen. <\/p>\n<h3>Mist\u00e4 l\u00e4htien t\u00e4m\u00e4 on ollut lain mukaan pakollista?<\/h3>\n<p>Tammikuun 1. p\u00e4iv\u00e4st\u00e4 2021 alkaen kaikista vaarallisista kemikaaliseoksista, my\u00f6s muista pyykinpesuaineista, on vaadittu EU:n CLP-s\u00e4\u00e4nn\u00f6sten mukainen PCN-numero. Lains\u00e4\u00e4d\u00e4nn\u00f6ll\u00e4 pyrit\u00e4\u00e4n yhten\u00e4ist\u00e4m\u00e4\u00e4n turvallisuusstandardeja ja varmistamaan nopea reagointi h\u00e4t\u00e4tilanteissa EU:ssa. <\/p>\n<h2>FAQ<\/h2>\n<h3>Kysymys: Tarvitsevatko kaikki &#8220;muut&#8221; pyykinpesuaineet PCN-todistuksen?<\/h3>\n<p>Vastaa: Vain CLP-asetuksen mukaan vaarallisiksi luokitellut tuotteet vaativat PCN-numeron. Jos pesuaine on vaaraton, rekister\u00f6inti\u00e4 ei tarvita. <\/p>\n<h3>Kysymys: Miss\u00e4 UFI sijaitsee tuotteen etiketiss\u00e4?<\/h3>\n<p>Vastaa: UFI on yleens\u00e4 painettu vaaravaroitusten tai turvallisuusohjeiden l\u00e4heisyyteen, jotta se on helposti saatavilla h\u00e4t\u00e4tilanteessa.<\/p>\n<h3>Kysymys: Mit\u00e4 tietoja n\u00e4it\u00e4 pesuaineita koskevassa PCN-ilmoituksessa on oltava?<\/h3>\n<p>Vastaa: PCN:ss\u00e4 esitet\u00e4\u00e4n tuotteen kemiallinen koostumus, vaaraluokitus, suositeltu ensiapu, k\u00e4ytt\u00f6ohjeet ja pakkaustiedot, joiden avulla myrkytyskeskukset voivat toimia tehokkaasti.<\/p>\n<h3>Kysymys: Kuka on vastuussa PCN:n j\u00e4tt\u00e4misest\u00e4?<\/h3>\n<p>Vastaa: Tavallisesti valmistajan, maahantuojan tai jakelijan, joka saattaa vaarallisen tuotteen EU:n markkinoille, on huolehdittava PCN-numeron toimittamisesta.<\/p>\n<h3>Kysymys: Ovatko my\u00f6s vaarattomat pesuaineet PCN-vaatimusten alaisia?<\/h3>\n<p>Vastaa: Ei, vain CLP-asetusten mukaan vaarallisiksi luokitellut pesuaineet kuuluvat PCN-rekister\u00f6innin piiriin. Vaarattomia pesuaineita ei tarvitse rekister\u00f6id\u00e4. <\/p>\n<h3>Kysymys: Mitk\u00e4 ovat seuraamukset PCN-ilmoituksen toimittamatta j\u00e4tt\u00e4misest\u00e4?<\/h3>\n<p>Vastaa: Vaatimusten noudattamatta j\u00e4tt\u00e4minen voi johtaa oikeudellisiin seuraamuksiin, kuten sakkoihin tai tuoterajoituksiin, kunnes PCN-velvoitteet on t\u00e4ytetty.<\/p>\n<h3>Kysymys: Milloin vaarallisia pesuaineita koskeva PCN-vaatimus tuli voimaan?<\/h3>\n<p>Vastaa: Vaatimus otettiin k\u00e4ytt\u00f6\u00f6n 1. tammikuuta 2021 EU:n CLP-asetusten nojalla, mik\u00e4 varmistaa h\u00e4t\u00e4tilanteiden toimintaohjeiden yhdenmukaisuuden kaikissa EU:n j\u00e4senvaltioissa.<\/p>\n<h3>Kysymys: Kuinka kauan kest\u00e4\u00e4 UFI- ja PCN-ilmoituksen toimittaminen?<\/h3>\n<p>Se vie muutaman p\u00e4iv\u00e4n. Heti kun olet ladannut asiakirjat, aloitamme heti. <\/p>\n<h3>Kysymys: Olenko min\u00e4 PCN-ilmoituksen omistaja?<\/h3>\n<p>Kyll\u00e4, olet PCN-ilmoituksen omistaja. Sinulla s\u00e4ilyy t\u00e4ysi omistusoikeus antamiisi tietoihin.  PCN-ilmoitus on saatavilla ECHA-tilill\u00e4si.<\/p>\n<h3>Kysymys: Koskeeko t\u00e4m\u00e4 palvelu yht\u00e4 vai useampaa tuotetta?<\/h3>\n<p>Palvelu koskee yht\u00e4 tuotetta.<\/p>\n<h3>Kysymys: Miksi minun on maksettava UFI:n luomisesta?<\/h3>\n<p>Tarjoamassamme palvelussa ei ole kyse pelk\u00e4st\u00e4\u00e4n rahalaitoksen tarjoamisesta. UFI on osa paljon laajempaa prosessia.  Tarjoamamme ydinpalvelu on myrkytyskeskusilmoituksen (PCN) laatiminen ja toimittaminen kansallisille nimetyille elimille ECHA-portaalin kautta, mik\u00e4 on EU:n CLP-asetuksen mukainen pakollinen vaatimus vaarallisten seosten markkinoille saattamiseksi. UFI-ilmoituksen laatiminen on yksinkertaisin osa. PCN-raportti on kuitenkin monimutkainen. Se edellytt\u00e4\u00e4 yksityiskohtaista ainesosien tarkastelua &#8211; kemialliset luokitukset -, jotka on muotoiltu t\u00e4sm\u00e4llisesti myrkytyskeskuksen ECHA:n kautta toimittamista varten.   <\/p>\n<h3>Kysymys: Miten voin l\u00e4hett\u00e4\u00e4 PCN-ilmoituksen?<\/h3>\n<p>Tarjoamme ratkaisun yrityksille, joiden kotipaikka ei ole EU:ssa. L\u00f6yd\u00e4t lis\u00e4tietoja <a href=\"https:\/\/www.ufi.eu\/fi\/pcn\/eun-ulkopuolella\/pcn-ufi-eun-ulkopuolisille-yrityksille\/\" target=\"_blank\" rel=\"noopener\">PCN &amp; UFI for non-EU companies<\/a> -sivulta. <\/p>\n<h3>Kysymys: Voitteko toimittaa k\u00e4ytt\u00f6turvallisuustiedotteita, jotka ovat t\u00e4ysin EU:n asetuksen (REACH ja CLP) mukaisia?<\/h3>\n<p>Kyll\u00e4, voimme <a href=\"https:\/\/www.ufi.eu\/fi\/pcn\/kayttoturvallisuustiedote\/kayttoturvallisuustiedotteen-msds-sds-luontipalvelu\/\" target=\"_blank\"><strong>luoda k\u00e4ytt\u00f6turvallisuustiedotteita (SDS)<\/strong><\/a>&#8211; jotka tunnetaan my\u00f6s nimell\u00e4 <strong>k\u00e4ytt\u00f6turvallisuustiedotteet (MSDS, Material Safety Data Sheets<\/strong>) &#8211; r\u00e4\u00e4t\u00e4l\u00f6ityn\u00e4 tuotteellesi ja viimeisimpien EU-s\u00e4\u00e4d\u00f6sten mukaisina. Olitpa sitten valmistamassa kemiallisia seoksia, tuomassa tuotteita EU:hun tai jakelemassa niit\u00e4 omalla tuotemerkill\u00e4, vaatimustenmukainen k\u00e4ytt\u00f6turvallisuustiedote on lakis\u00e4\u00e4teinen vaatimus ja v\u00e4ltt\u00e4m\u00e4t\u00f6n edellytys turvalliselle k\u00e4yt\u00f6lle koko toimitusketjussa. Lis\u00e4tietoja l\u00f6yd\u00e4t <a href=\"https:\/\/www.ufi.eu\/fi\/pcn\/kayttoturvallisuustiedote\/kayttoturvallisuustiedotteen-msds-sds-luontipalvelu\/\" target=\"_blank\">k\u00e4ytt\u00f6turvallisuustiedotteen (MSDS\/SDS) luontipalvelun<\/a> sivulta.  <\/p>\n","protected":false},"excerpt":{"rendered":"<p>Miten UFI:n luominen ja PCN-ilmoituspalvelu toimii? Kun olet ostanut t\u00e4m\u00e4n palvelun, saat p\u00e4\u00e4syn suojattuun portaaliin. Portaali sis\u00e4lt\u00e4\u00e4 yleiskatsauksen kaikista vaiheista. T\u00e4yt\u00e4 tuotetietosi ja me ryhdymme t\u00f6ihin. Myrkytyskeskusilmoitus &amp; UFI Me tarjoamme: Tuotteen yksil\u00f6llinen kaavatunniste (UFI, Unique Formula Identifier). Myrkytyskeskusilmoitus (Poison Centre Notification, PCN) -raportti. Tuotteen rekister\u00f6inti asianomaisissa kansallisissa myrkytyskeskuksissa ECHAn kautta. PCN-rekister\u00f6intimaat Voit laskea niiden [&hellip;]<\/p>\n","protected":false},"featured_media":23738,"template":"","meta":[],"product_brand":[],"product_cat":[1222],"product_tag":[],"class_list":{"0":"post-23737","1":"product","2":"type-product","3":"status-publish","4":"has-post-thumbnail","6":"product_cat-pyykinpesuaineet","8":"first","9":"instock","10":"virtual","11":"taxable","12":"purchasable","13":"product-type-bundle"},"bundled_by":[],"bundle_stock_status":"instock","bundle_stock_quantity":"","bundle_virtual":false,"bundle_layout":"default","bundle_add_to_cart_form_location":"default","bundle_editable_in_cart":false,"bundle_sold_individually_context":"product","bundle_item_grouping":"parent","bundle_min_size":"","bundle_max_size":"","bundle_price":{"price":{"min":{"incl_tax":"121","excl_tax":"100"},"max":{"incl_tax":"","excl_tax":""}},"regular_price":{"min":{"incl_tax":"121","excl_tax":"100"},"max":{"incl_tax":"","excl_tax":""}}},"bundled_items":[{"bundled_item_id":12468,"product_id":12551,"menu_order":0,"quantity_min":1,"quantity_max":1,"quantity_default":1,"priced_individually":true,"shipped_individually":false,"override_title":false,"title":null,"override_description":false,"description":null,"optional":false,"hide_thumbnail":false,"discount":"","override_variations":false,"allowed_variations":[""],"override_default_variation_attributes":false,"default_variation_attributes":[],"single_product_visibility":"visible","cart_visibility":"visible","order_visibility":"visible","single_product_price_visibility":"visible","cart_price_visibility":"visible","order_price_visibility":"visible","stock_status":"in_stock"},{"bundled_item_id":12469,"product_id":12530,"menu_order":1,"quantity_min":1,"quantity_max":"","quantity_default":1,"priced_individually":true,"shipped_individually":false,"override_title":false,"title":null,"override_description":false,"description":null,"optional":false,"hide_thumbnail":false,"discount":"","override_variations":false,"allowed_variations":[""],"override_default_variation_attributes":false,"default_variation_attributes":[],"single_product_visibility":"visible","cart_visibility":"visible","order_visibility":"visible","single_product_price_visibility":"visible","cart_price_visibility":"visible","order_price_visibility":"visible","stock_status":"in_stock"}],"bundle_sell_ids":[],"yoast_head":"<!-- This site is optimized with the Yoast SEO Premium plugin v25.1 (Yoast SEO v25.1) - https:\/\/yoast.com\/wordpress\/plugins\/seo\/ -->\n<title>Muiden pyykinpesuaineiden PCN ja UFI - UFI<\/title>\n<meta name=\"description\" content=\"Hanki PCN &amp; UFI muille pyykinpesuaineille. Varmista EU:n myrkytyskeskuksen vaatimustenmukaisuus nopealla ja luotettavalla ilmoituspalvelullamme!\" \/>\n<meta name=\"robots\" content=\"index, follow, max-snippet:-1, max-image-preview:large, max-video-preview:-1\" \/>\n<link rel=\"canonical\" href=\"https:\/\/www.ufi.eu\/fi\/product\/muiden-pyykinpesuaineiden-pcn-ja-ufi\/\" \/>\n<meta property=\"og:locale\" content=\"fi_FI\" \/>\n<meta property=\"og:type\" content=\"article\" \/>\n<meta property=\"og:title\" content=\"Muiden pyykinpesuaineiden PCN ja UFI\" \/>\n<meta property=\"og:description\" content=\"Hanki PCN &amp; UFI muille pyykinpesuaineille. Varmista EU:n myrkytyskeskuksen vaatimustenmukaisuus nopealla ja luotettavalla ilmoituspalvelullamme!\" \/>\n<meta property=\"og:url\" content=\"https:\/\/www.ufi.eu\/fi\/product\/muiden-pyykinpesuaineiden-pcn-ja-ufi\/\" \/>\n<meta property=\"og:site_name\" content=\"UFI\" \/>\n<meta property=\"og:image\" content=\"https:\/\/www.ufi.eu\/wp-content\/uploads\/2025\/03\/PC-DET-1_OTH.jpg\" \/>\n\t<meta property=\"og:image:width\" content=\"1024\" \/>\n\t<meta property=\"og:image:height\" content=\"1024\" \/>\n\t<meta property=\"og:image:type\" content=\"image\/jpeg\" \/>\n<meta name=\"twitter:card\" content=\"summary_large_image\" \/>\n<meta name=\"twitter:label1\" content=\"Hinta\" \/>\n\t<meta name=\"twitter:data1\" content=\"&euro;0.00\" \/>\n\t<meta name=\"twitter:label2\" content=\"Saatavuus\" \/>\n\t<meta name=\"twitter:data2\" content=\"Varastossa\" \/>\n<script type=\"application\/ld+json\" class=\"yoast-schema-graph\">{\"@context\":\"https:\/\/schema.org\",\"@graph\":[{\"@type\":\"WebPage\",\"@id\":\"https:\/\/www.ufi.eu\/fi\/product\/muiden-pyykinpesuaineiden-pcn-ja-ufi\/\",\"url\":\"https:\/\/www.ufi.eu\/fi\/product\/muiden-pyykinpesuaineiden-pcn-ja-ufi\/\",\"name\":\"Muiden pyykinpesuaineiden PCN ja UFI - UFI\",\"isPartOf\":{\"@id\":\"https:\/\/www.ufi.eu\/fi\/#website\"},\"primaryImageOfPage\":{\"@id\":\"https:\/\/www.ufi.eu\/fi\/product\/muiden-pyykinpesuaineiden-pcn-ja-ufi\/#primaryimage\"},\"image\":{\"@id\":\"https:\/\/www.ufi.eu\/fi\/product\/muiden-pyykinpesuaineiden-pcn-ja-ufi\/#primaryimage\"},\"thumbnailUrl\":\"https:\/\/www.ufi.eu\/wp-content\/uploads\/2025\/03\/PC-DET-1_OTH.jpg\",\"datePublished\":\"2025-04-17T15:42:47+00:00\",\"description\":\"Hanki PCN & UFI muille pyykinpesuaineille. Varmista EU:n myrkytyskeskuksen vaatimustenmukaisuus nopealla ja luotettavalla ilmoituspalvelullamme!\",\"breadcrumb\":{\"@id\":\"https:\/\/www.ufi.eu\/fi\/product\/muiden-pyykinpesuaineiden-pcn-ja-ufi\/#breadcrumb\"},\"inLanguage\":\"fi\",\"potentialAction\":[{\"@type\":\"ReadAction\",\"target\":[\"https:\/\/www.ufi.eu\/fi\/product\/muiden-pyykinpesuaineiden-pcn-ja-ufi\/\"]}]},{\"@type\":\"ImageObject\",\"inLanguage\":\"fi\",\"@id\":\"https:\/\/www.ufi.eu\/fi\/product\/muiden-pyykinpesuaineiden-pcn-ja-ufi\/#primaryimage\",\"url\":\"https:\/\/www.ufi.eu\/wp-content\/uploads\/2025\/03\/PC-DET-1_OTH.jpg\",\"contentUrl\":\"https:\/\/www.ufi.eu\/wp-content\/uploads\/2025\/03\/PC-DET-1_OTH.jpg\",\"width\":1024,\"height\":1024},{\"@type\":\"BreadcrumbList\",\"@id\":\"https:\/\/www.ufi.eu\/fi\/product\/muiden-pyykinpesuaineiden-pcn-ja-ufi\/#breadcrumb\",\"itemListElement\":[{\"@type\":\"ListItem\",\"position\":1,\"name\":\"Home\",\"item\":\"https:\/\/www.ufi.eu\/fi\/etusivu\/\"},{\"@type\":\"ListItem\",\"position\":2,\"name\":\"Kauppa\",\"item\":\"https:\/\/www.ufi.eu\/fi\/kauppa\/\"},{\"@type\":\"ListItem\",\"position\":3,\"name\":\"Muiden pyykinpesuaineiden PCN ja UFI\"}]},{\"@type\":\"WebSite\",\"@id\":\"https:\/\/www.ufi.eu\/fi\/#website\",\"url\":\"https:\/\/www.ufi.eu\/fi\/\",\"name\":\"UFI.EU\",\"description\":\"Poison Centre Notifications (PCN) and UFI\",\"publisher\":{\"@id\":\"https:\/\/www.ufi.eu\/fi\/#organization\"},\"potentialAction\":[{\"@type\":\"SearchAction\",\"target\":{\"@type\":\"EntryPoint\",\"urlTemplate\":\"https:\/\/www.ufi.eu\/fi\/?s={search_term_string}\"},\"query-input\":{\"@type\":\"PropertyValueSpecification\",\"valueRequired\":true,\"valueName\":\"search_term_string\"}}],\"inLanguage\":\"fi\"},{\"@type\":\"Organization\",\"@id\":\"https:\/\/www.ufi.eu\/fi\/#organization\",\"name\":\"UFI.EU\",\"url\":\"https:\/\/www.ufi.eu\/fi\/\",\"logo\":{\"@type\":\"ImageObject\",\"inLanguage\":\"fi\",\"@id\":\"https:\/\/www.ufi.eu\/fi\/#\/schema\/logo\/image\/\",\"url\":\"https:\/\/www.ufi.eu\/wp-content\/uploads\/2025\/03\/cropped-logo_ufi3.jpg\",\"contentUrl\":\"https:\/\/www.ufi.eu\/wp-content\/uploads\/2025\/03\/cropped-logo_ufi3.jpg\",\"width\":231,\"height\":78,\"caption\":\"UFI.EU\"},\"image\":{\"@id\":\"https:\/\/www.ufi.eu\/fi\/#\/schema\/logo\/image\/\"},\"description\":\"UFI.eu specializes in digital registrations for Poison Centre Notifications (PCN), ensuring your chemical products meet EU regulatory requirements effortlessly. Our streamlined solutions help businesses stay compliant while reducing complexity and administrative burden.\",\"email\":\"info@ufi.eu\",\"legalName\":\"UFI.EU\"}]}<\/script>\n<meta property=\"product:price:amount\" content=\"0.00\" \/>\n<meta property=\"product:price:currency\" content=\"EUR\" \/>\n<meta property=\"og:availability\" content=\"instock\" \/>\n<meta property=\"product:availability\" content=\"instock\" \/>\n<meta property=\"product:retailer_item_id\" content=\"PC-DET-1_OTH\" \/>\n<meta property=\"product:condition\" content=\"new\" \/>\n<!-- \/ Yoast SEO Premium plugin. -->","yoast_head_json":{"title":"Muiden pyykinpesuaineiden PCN ja UFI - UFI","description":"Hanki PCN & UFI muille pyykinpesuaineille. Varmista EU:n myrkytyskeskuksen vaatimustenmukaisuus nopealla ja luotettavalla ilmoituspalvelullamme!","robots":{"index":"index","follow":"follow","max-snippet":"max-snippet:-1","max-image-preview":"max-image-preview:large","max-video-preview":"max-video-preview:-1"},"canonical":"https:\/\/www.ufi.eu\/fi\/product\/muiden-pyykinpesuaineiden-pcn-ja-ufi\/","og_locale":"fi_FI","og_type":"article","og_title":"Muiden pyykinpesuaineiden PCN ja UFI","og_description":"Hanki PCN & UFI muille pyykinpesuaineille. Varmista EU:n myrkytyskeskuksen vaatimustenmukaisuus nopealla ja luotettavalla ilmoituspalvelullamme!","og_url":"https:\/\/www.ufi.eu\/fi\/product\/muiden-pyykinpesuaineiden-pcn-ja-ufi\/","og_site_name":"UFI","og_image":[{"width":1024,"height":1024,"url":"https:\/\/www.ufi.eu\/wp-content\/uploads\/2025\/03\/PC-DET-1_OTH.jpg","type":"image\/jpeg"}],"twitter_card":"summary_large_image","twitter_misc":{"Hinta":"&euro;0.00","Saatavuus":"Varastossa"},"schema":{"@context":"https:\/\/schema.org","@graph":[{"@type":"WebPage","@id":"https:\/\/www.ufi.eu\/fi\/product\/muiden-pyykinpesuaineiden-pcn-ja-ufi\/","url":"https:\/\/www.ufi.eu\/fi\/product\/muiden-pyykinpesuaineiden-pcn-ja-ufi\/","name":"Muiden pyykinpesuaineiden PCN ja UFI - UFI","isPartOf":{"@id":"https:\/\/www.ufi.eu\/fi\/#website"},"primaryImageOfPage":{"@id":"https:\/\/www.ufi.eu\/fi\/product\/muiden-pyykinpesuaineiden-pcn-ja-ufi\/#primaryimage"},"image":{"@id":"https:\/\/www.ufi.eu\/fi\/product\/muiden-pyykinpesuaineiden-pcn-ja-ufi\/#primaryimage"},"thumbnailUrl":"https:\/\/www.ufi.eu\/wp-content\/uploads\/2025\/03\/PC-DET-1_OTH.jpg","datePublished":"2025-04-17T15:42:47+00:00","description":"Hanki PCN & UFI muille pyykinpesuaineille. Varmista EU:n myrkytyskeskuksen vaatimustenmukaisuus nopealla ja luotettavalla ilmoituspalvelullamme!","breadcrumb":{"@id":"https:\/\/www.ufi.eu\/fi\/product\/muiden-pyykinpesuaineiden-pcn-ja-ufi\/#breadcrumb"},"inLanguage":"fi","potentialAction":[{"@type":"ReadAction","target":["https:\/\/www.ufi.eu\/fi\/product\/muiden-pyykinpesuaineiden-pcn-ja-ufi\/"]}]},{"@type":"ImageObject","inLanguage":"fi","@id":"https:\/\/www.ufi.eu\/fi\/product\/muiden-pyykinpesuaineiden-pcn-ja-ufi\/#primaryimage","url":"https:\/\/www.ufi.eu\/wp-content\/uploads\/2025\/03\/PC-DET-1_OTH.jpg","contentUrl":"https:\/\/www.ufi.eu\/wp-content\/uploads\/2025\/03\/PC-DET-1_OTH.jpg","width":1024,"height":1024},{"@type":"BreadcrumbList","@id":"https:\/\/www.ufi.eu\/fi\/product\/muiden-pyykinpesuaineiden-pcn-ja-ufi\/#breadcrumb","itemListElement":[{"@type":"ListItem","position":1,"name":"Home","item":"https:\/\/www.ufi.eu\/fi\/etusivu\/"},{"@type":"ListItem","position":2,"name":"Kauppa","item":"https:\/\/www.ufi.eu\/fi\/kauppa\/"},{"@type":"ListItem","position":3,"name":"Muiden pyykinpesuaineiden PCN ja UFI"}]},{"@type":"WebSite","@id":"https:\/\/www.ufi.eu\/fi\/#website","url":"https:\/\/www.ufi.eu\/fi\/","name":"UFI.EU","description":"Poison Centre Notifications (PCN) and UFI","publisher":{"@id":"https:\/\/www.ufi.eu\/fi\/#organization"},"potentialAction":[{"@type":"SearchAction","target":{"@type":"EntryPoint","urlTemplate":"https:\/\/www.ufi.eu\/fi\/?s={search_term_string}"},"query-input":{"@type":"PropertyValueSpecification","valueRequired":true,"valueName":"search_term_string"}}],"inLanguage":"fi"},{"@type":"Organization","@id":"https:\/\/www.ufi.eu\/fi\/#organization","name":"UFI.EU","url":"https:\/\/www.ufi.eu\/fi\/","logo":{"@type":"ImageObject","inLanguage":"fi","@id":"https:\/\/www.ufi.eu\/fi\/#\/schema\/logo\/image\/","url":"https:\/\/www.ufi.eu\/wp-content\/uploads\/2025\/03\/cropped-logo_ufi3.jpg","contentUrl":"https:\/\/www.ufi.eu\/wp-content\/uploads\/2025\/03\/cropped-logo_ufi3.jpg","width":231,"height":78,"caption":"UFI.EU"},"image":{"@id":"https:\/\/www.ufi.eu\/fi\/#\/schema\/logo\/image\/"},"description":"UFI.eu specializes in digital registrations for Poison Centre Notifications (PCN), ensuring your chemical products meet EU regulatory requirements effortlessly. Our streamlined solutions help businesses stay compliant while reducing complexity and administrative burden.","email":"info@ufi.eu","legalName":"UFI.EU"}]},"product_price_amount":"0.00","product_price_currency":"EUR","og_availability":"instock","product_availability":"instock","product_retailer_item_id":"PC-DET-1_OTH","product_condition":"new"},"_links":{"self":[{"href":"https:\/\/www.ufi.eu\/fi\/wp-json\/wp\/v2\/product\/23737","targetHints":{"allow":["GET"]}}],"collection":[{"href":"https:\/\/www.ufi.eu\/fi\/wp-json\/wp\/v2\/product"}],"about":[{"href":"https:\/\/www.ufi.eu\/fi\/wp-json\/wp\/v2\/types\/product"}],"wp:featuredmedia":[{"embeddable":true,"href":"https:\/\/www.ufi.eu\/fi\/wp-json\/wp\/v2\/media\/23738"}],"wp:attachment":[{"href":"https:\/\/www.ufi.eu\/fi\/wp-json\/wp\/v2\/media?parent=23737"}],"wp:term":[{"taxonomy":"product_brand","embeddable":true,"href":"https:\/\/www.ufi.eu\/fi\/wp-json\/wp\/v2\/product_brand?post=23737"},{"taxonomy":"product_cat","embeddable":true,"href":"https:\/\/www.ufi.eu\/fi\/wp-json\/wp\/v2\/product_cat?post=23737"},{"taxonomy":"product_tag","embeddable":true,"href":"https:\/\/www.ufi.eu\/fi\/wp-json\/wp\/v2\/product_tag?post=23737"}],"curies":[{"name":"wp","href":"https:\/\/api.w.org\/{rel}","templated":true}]}}