{"id":22553,"date":"2025-03-20T08:24:38","date_gmt":"2025-04-17T10:46:13","guid":{"rendered":"https:\/\/www.ufi.eu\/pcn\/Ei-luokiteltu\/pcn-ufi-lannoiteyhdistelmatuotteille\/"},"modified":"2025-04-17T10:46:13","modified_gmt":"2025-04-17T10:46:13","slug":"pcn-ufi-lannoiteyhdistelmatuotteille","status":"publish","type":"product","link":"https:\/\/www.ufi.eu\/fi\/product\/pcn-ufi-lannoiteyhdistelmatuotteille\/","title":{"rendered":"PCN &amp; UFI lannoiteyhdistelm\u00e4tuotteille"},"content":{"rendered":"<h2>Miten UFI:n luominen ja PCN-ilmoituspalvelu toimii?<\/h2>\n<p>Kun olet ostanut t\u00e4m\u00e4n palvelun, saat p\u00e4\u00e4syn suojattuun portaaliin. Portaali sis\u00e4lt\u00e4\u00e4 yleiskatsauksen kaikista vaiheista.  T\u00e4yt\u00e4 tuotetietosi ja me ryhdymme t\u00f6ihin.<\/p>\n<h3>Myrkytyskeskusilmoitus &amp; UFI<\/h3>\n<p>Me tarjoamme:<\/p>\n<ul>\n<li>Tuotteen yksil\u00f6llinen kaavatunniste (UFI, Unique Formula Identifier).<\/li>\n<li>Myrkytyskeskusilmoitus (Poison Centre Notification, PCN) -raportti.<\/li>\n<li>Tuotteen rekister\u00f6inti asianomaisissa kansallisissa myrkytyskeskuksissa ECHAn kautta.<\/li>\n<\/ul>\n<h3>PCN-rekister\u00f6intimaat<\/h3>\n<p>Voit laskea niiden maiden m\u00e4\u00e4r\u00e4n, joissa haluat rekister\u00f6id\u00e4 tuotteesi. T\u00e4m\u00e4 on niiden maiden lukum\u00e4\u00e4r\u00e4, jotka sinun on ostettava.  Voit valita tietyt maat portaalissa. Jos aiot my\u00f6hemmin laajentaa tuotteidesi myynti\u00e4 uusiin maihin, voit aina tilata lis\u00e4\u00e4 <a href=\"https:\/\/www.ufi.eu\/fi\/pcn\/maat\/pcn-rekisterointimaat\/\" target=\"_blank\" title=\"PCN-maarekister\u00f6innit\">PCN-maarekister\u00f6intej\u00e4<\/a>.<br \/>EU:ssa on 27 maata ja ETA:ssa 30 maata (EU+Lichtenstein, Norja ja Islanti) Portaalissa voit valita n\u00e4m\u00e4 maat: <\/p>\n<table cellpadding=\"2\" cellspacing=\"0\" border=\"1\">\n<tbody>\n<tr>\n<td>Belgia<\/td>\n<td>(BE)<\/td>\n<td>Espanja<\/td>\n<td>(ES)<\/td>\n<td>Unkari<\/td>\n<td>(HU)<\/td>\n<td>Slovakia<\/td>\n<td>(SK)<\/td>\n<\/tr>\n<tr>\n<td>Bulgaria<\/td>\n<td>(BG)<\/td>\n<td>Ranska<\/td>\n<td>(FR)<\/td>\n<td>Malta<\/td>\n<td>(MT)<\/td>\n<td>Suomi<\/td>\n<td>(FI)<\/td>\n<\/tr>\n<tr>\n<td>T\u0161ekki<\/td>\n<td>(CZ)<\/td>\n<td>Kroatia<\/td>\n<td>(HR)<\/td>\n<td>Alankomaat<\/td>\n<td>(NL)<\/td>\n<td>Ruotsi<\/td>\n<td>(SE)<\/td>\n<\/tr>\n<tr>\n<td>Tanska<\/td>\n<td>(DK)<\/td>\n<td>Italia<\/td>\n<td>(IT)<\/td>\n<td>It\u00e4valta<\/td>\n<td>(AT)<\/td>\n<td>Saksa<\/td>\n<td>(DE)<\/td>\n<\/tr>\n<tr>\n<td>Kypros<\/td>\n<td>(CY)<\/td>\n<td>Puola<\/td>\n<td>(PL)<\/td>\n<td>Islanti<\/td>\n<td>(IS)<\/td>\n<td>Viro<\/td>\n<td>(EE)<\/td>\n<\/tr>\n<tr>\n<td>Latvia<\/td>\n<td>(LV)<\/td>\n<td>Portugali<\/td>\n<td>(PT)<\/td>\n<td>Liechtenstein<\/td>\n<td>(LI)<\/td>\n<td>Irlanti<\/td>\n<td>(IE)<\/td>\n<\/tr>\n<tr>\n<td>Liettua<\/td>\n<td>(LT)<\/td>\n<td>Romania<\/td>\n<td>(RO)<\/td>\n<td>Norja<\/td>\n<td>(EI)<\/td>\n<td>Kreikka<\/td>\n<td>(EL)<\/td>\n<\/tr>\n<tr>\n<td>Luxemburg<\/td>\n<td>(LU)<\/td>\n<td>Slovenia<\/td>\n<td>(SI)<\/td>\n<td>Sveitsi*<\/td>\n<td>(CH)<\/td>\n<td><\/td>\n<td><\/td>\n<\/tr>\n<\/tbody>\n<\/table>\n<p>*Sveitsin osalta voimme luoda PCN-asiakirjat, joissa on kaikki tarvittavat tiedot Sveitsin portaalissa tapahtuvaa hakemuksen j\u00e4tt\u00e4mist\u00e4 varten. Ota meihin yhteytt\u00e4 saadaksesi lis\u00e4tietoja. <\/p>\n<h3>CLP-merkinn\u00e4n tiedot<\/h3>\n<p>Tarjoamme mahdollisuuden ostaa CLP-asetuksen mukaisen tuoteselosteen, joka sis\u00e4lt\u00e4\u00e4 kaikki EU:n CLP-asetuksen edellytt\u00e4m\u00e4t pakolliset tiedot. T\u00e4m\u00e4 toimitetaan PDF-tiedostona.  T\u00e4m\u00e4 ei ole suunnitelma, vaan tiivistelm\u00e4 tarvittavista tiedoista. N\u00e4in voit sis\u00e4llytt\u00e4\u00e4 tarvittavat tiedot tuoteselosteesi suunnitteluun. Voit tilata <a href=\"https:\/\/www.ufi.eu\/fi\/pcn\/clp-etiketti\/clp-etikettien-luominen-ja-vaatimustenmukaisuuden-tarkistus\/\" target=\"_blank\" title=\"CLP-merkint\u00e4Creation\">CLP-etikettien luomisen<\/a> my\u00f6s erikseen. Onko sinulla jo etiketti? &#8211; Voimme tehd\u00e4 <a href=\"https:\/\/www.ufi.eu\/fi\/pcn\/clp-etiketti\/clp-etikettien-luominen-ja-vaatimustenmukaisuuden-tarkistus\/\" target=\"_blank\" title=\"CLP-etikettien vaatimustenmukaisuuden tarkistus\">CLP-etikettisi CLP-vaatimustenmukaisuuden tarkistuksen<\/a> nykyisten CLP-vaatimusten mukaisesti. Annamme yksityiskohtaista palautetta ja teemme korjauksia, jotta etikettisi t\u00e4ytt\u00e4\u00e4 kaikki viranomaisvaatimukset.     <\/p>\n<h2>Myrkytyskeskusilmoitus lannoitteiden ja lannoitevalmisteiden yhdistelm\u00e4st\u00e4<\/h2>\n<p>Yhdistelm\u00e4tuotteet, joissa lannoitteet yhdistet\u00e4\u00e4n muihin lannoitevalmisteryhmiin, ovat arvokkaita v\u00e4lineit\u00e4 kasvien kasvun ja maaper\u00e4n laadun parantamiseksi. N\u00e4ihin tuotteisiin voi sis\u00e4lty\u00e4 aineita, kuten maanparannusaineita, kalkitusaineita tai agronomisia lis\u00e4aineita. Vaikka ne tarjoavat monipuolisia hy\u00f6tyj\u00e4, niiden erilaiset kemialliset koostumukset voivat aiheuttaa riskej\u00e4 ihmisten terveydelle tai ymp\u00e4rist\u00f6lle, jos niit\u00e4 k\u00e4sitell\u00e4\u00e4n v\u00e4\u00e4rin. Jotta voidaan varmistaa EU:n turvallisuusstandardien noudattaminen ja antaa myrkytyskeskuksille t\u00e4rkeit\u00e4 tuotetietoja, vaarallisista yhdistelm\u00e4tuotteista on teht\u00e4v\u00e4 myrkytyskeskusilmoitus (Poison Centre Notification, PCN).   <\/p>\n<h3>Mik\u00e4 on UFI?<\/h3>\n<p>Yksil\u00f6llinen kaavatunniste (Unique Formula Identifier, UFI) on 16-merkkinen aakkosnumeerinen koodi, joka yhdist\u00e4\u00e4 tietyn tuotteen sen myrkytyskeskusilmoitukseen. Yhdistelm\u00e4lannoitevalmisteiden osalta UFI takaa nopean tunnistamisen h\u00e4t\u00e4tilanteissa, jolloin myrkytyskeskukset voivat antaa tarkkaa ja oikea-aikaista l\u00e4\u00e4ketieteellist\u00e4 neuvontaa. UFI-koodi on ilmoitettava tuotteen etiketiss\u00e4 vaaratietojen ja varotoimenpiteiden l\u00e4heisyydess\u00e4.  <\/p>\n<h3>Mik\u00e4 on PCN?<\/h3>\n<p>Myrkytyskeskusilmoitus (PCN) on pakollinen ilmoitus, jossa annetaan yksityiskohtaiset tiedot tuotteen kemiallisesta koostumuksesta, vaaraluokituksesta, k\u00e4ytt\u00f6tarkoituksesta ja pakkauksesta. Yhdistelm\u00e4valmisteiden osalta PCN-ilmoitus varmistaa, ett\u00e4 myrkytyskeskuksilla on tarvittavat tiedot, jotta ne voivat reagoida tehokkaasti tapauksiin, joihin liittyy tahaton altistuminen tai v\u00e4\u00e4rink\u00e4ytt\u00f6. <\/p>\n<h3>Mik\u00e4 on CLP?<\/h3>\n<p>CLP-asetuksella (Classification, Labelling and Packaging) yhdenmukaistetaan vaarallisten kemikaalien luokitus ja merkinn\u00e4t koko EU:ssa. CLP-asetuksen mukaan vaarallisiksi luokiteltujen yhdistelm\u00e4lannoitevalmisteiden merkinn\u00f6iss\u00e4 on oltava asianmukaiset vaarasymbolit, varoituslausekkeet ja UFI, jotta k\u00e4ytt\u00e4jille voidaan tiedottaa mahdollisista riskeist\u00e4 ja turvallisista k\u00e4sittelyk\u00e4yt\u00e4nn\u00f6ist\u00e4. <\/p>\n<h3>Mik\u00e4 on myrkytyskeskus?<\/h3>\n<p>Myrkytyskeskus on kansallisten organisaatioiden verkosto, jonka teht\u00e4v\u00e4n\u00e4 on antaa l\u00e4\u00e4ketieteellist\u00e4 neuvontaa ja h\u00e4t\u00e4apua kemikaalialtistukseen liittyviss\u00e4 vaaratilanteissa. Myrkytystietokeskukset voivat PCN:n tietojen avulla reagoida tehokkaasti h\u00e4t\u00e4tilanteisiin, joihin liittyy yhdistelm\u00e4lannoitevalmisteita, ja suojella n\u00e4in sek\u00e4 ihmisten terveytt\u00e4 ett\u00e4 ymp\u00e4rist\u00f6\u00e4. <\/p>\n<h3>Miksi t\u00e4t\u00e4 tarvitaan?<\/h3>\n<p>Yhdistelm\u00e4lannoitevalmisteet sis\u00e4lt\u00e4v\u00e4t usein monimutkaisia kemiallisia seoksia, jotka voivat aiheuttaa riskej\u00e4, jos niit\u00e4 k\u00e4sitell\u00e4\u00e4n v\u00e4\u00e4rin tai varastoidaan v\u00e4\u00e4rin. PCN-ilmoituksen toimittaminen varmistaa, ett\u00e4 myrkytyskeskuksilla on yksityiskohtaiset tuotetiedot, joiden avulla ne voivat antaa tarkkoja ohjeita h\u00e4t\u00e4tilanteissa. T\u00e4m\u00e4 on t\u00e4rke\u00e4\u00e4 k\u00e4ytt\u00e4jien turvallisuuden, ymp\u00e4rist\u00f6nsuojelun ja s\u00e4\u00e4nn\u00f6sten noudattamisen kannalta.  <\/p>\n<h3>Mist\u00e4 l\u00e4htien t\u00e4m\u00e4 on ollut lain mukaan pakollista?<\/h3>\n<p>CLP-asetuksen liitteen VIII mukaan vaarallisista seoksista, mukaan lukien yhdistelm\u00e4lannoitevalmisteet, on 1. tammikuuta 2021 alkaen ollut pakko toimittaa PCN-numero.<\/p>\n<h2>FAQ<\/h2>\n<h3>Kysymys: Tarvitaanko kaikkiin yhdistelm\u00e4lannoitteisiin PCN-todistus?<\/h3>\n<p>Vastaa: Ei, vain CLP-asetuksen mukaan vaarallisiksi luokitellut yhdistelm\u00e4tuotteet vaativat PCN-numeron.<\/p>\n<h3>Kysymys: Mit\u00e4 tietoja PCN-ilmoituksen toimittaminen edellytt\u00e4\u00e4?<\/h3>\n<p>Vastaa: PCN-ilmoituksen on sis\u00e4llett\u00e4v\u00e4 yksityiskohtaiset tiedot tuotteen kemiallisesta koostumuksesta, vaaraluokituksesta, k\u00e4ytt\u00f6tarkoituksesta, pakkauksesta ja yksil\u00f6llisest\u00e4 kaavatunnuksesta (Unique Formula Identifier, UFI).<\/p>\n<h3>Kysymys: Miss\u00e4 yhdistelm\u00e4lannoitevalmisteissa on ilmoitettava UFI?<\/h3>\n<p>Vastaa: UFI on painettava tuotteen etikettiin, vaaratietojen ja varotoimenpiteiden l\u00e4heisyyteen.<\/p>\n<h3>Kysymys: Kuka on vastuussa PCN-numeron toimittamisesta yhdistelm\u00e4lannoitevalmisteiden osalta?<\/h3>\n<p>Vastaa: Valmistajan, maahantuojan tai jatkok\u00e4ytt\u00e4j\u00e4n, joka saattaa yhdistelm\u00e4tuotteen EU:n markkinoille, on vastuussa PCN-numeron toimittamisesta.<\/p>\n<h3>Kysymys: Mit\u00e4 seurauksia on siit\u00e4, ett\u00e4 PCN-ilmoitusta ei toimiteta?<\/h3>\n<p>Vastaa: Vaatimusten noudattamatta j\u00e4tt\u00e4minen voi johtaa sakkoihin, tuotteiden palautusmenettelyihin tai tuotteen myynnin rajoittamiseen EU:ssa.<\/p>\n<h3>Kysymys: Onko ensisijaisesti ravitsemukseen tarkoitetut yhdistelm\u00e4tuotteet vapautettu PCN-vaatimuksista?<\/h3>\n<p>Vastaa: Tuotteet, joiden ensisijaisena tarkoituksena on tarjota ravintoa, kuuluvat luokkaan &#8220;lannoitteet&#8221;, ja niit\u00e4 koskevat erilliset s\u00e4\u00e4ntelyn\u00e4k\u00f6kohdat. Ainoastaan vaaralliset yhdistelm\u00e4tuotteet edellytt\u00e4v\u00e4t PCN-numeroa. <\/p>\n<h3>Kysymys: Voiko yksi PCN kattaa useita yhdistelm\u00e4tuotteita?<\/h3>\n<p>Vastaa: Ei, jokaisella yksil\u00f6llisell\u00e4 valmisteella on oltava oma PCN- ja UFI-numeronsa, jotta varmistetaan tarkka tunnistaminen ja vaatimustenmukaisuus.<\/p>\n<h3>Kysymys: Kuinka kauan kest\u00e4\u00e4 UFI- ja PCN-ilmoituksen toimittaminen?<\/h3>\n<p>Se vie muutaman p\u00e4iv\u00e4n. Heti kun olet ladannut asiakirjat, aloitamme heti. <\/p>\n<h3>Kysymys: Olenko min\u00e4 PCN-ilmoituksen omistaja?<\/h3>\n<p>Kyll\u00e4, olet PCN-ilmoituksen omistaja. Sinulla s\u00e4ilyy t\u00e4ysi omistusoikeus antamiisi tietoihin.  PCN-ilmoitus on saatavilla ECHA-tilill\u00e4si.<\/p>\n<h3>Kysymys: Koskeeko t\u00e4m\u00e4 palvelu yht\u00e4 vai useampaa tuotetta?<\/h3>\n<p>Palvelu koskee yht\u00e4 tuotetta.<\/p>\n<h3>Kysymys: Miksi minun on maksettava UFI:n luomisesta?<\/h3>\n<p>Tarjoamassamme palvelussa ei ole kyse pelk\u00e4st\u00e4\u00e4n rahalaitoksen tarjoamisesta. UFI on osa paljon laajempaa prosessia.  Tarjoamamme ydinpalvelu on myrkytyskeskusilmoituksen (PCN) laatiminen ja toimittaminen kansallisille nimetyille elimille ECHA-portaalin kautta, mik\u00e4 on EU:n CLP-asetuksen mukainen pakollinen vaatimus vaarallisten seosten markkinoille saattamiseksi. UFI-ilmoituksen laatiminen on yksinkertaisin osa. PCN-raportti on kuitenkin monimutkainen. Se edellytt\u00e4\u00e4 yksityiskohtaista ainesosien tarkastelua &#8211; kemialliset luokitukset -, jotka on muotoiltu t\u00e4sm\u00e4llisesti myrkytyskeskuksen ECHA:n kautta toimittamista varten.   <\/p>\n<h3>Kysymys: Miten voin l\u00e4hett\u00e4\u00e4 PCN-ilmoituksen?<\/h3>\n<p>Tarjoamme ratkaisun yrityksille, joiden kotipaikka ei ole EU:ssa. L\u00f6yd\u00e4t lis\u00e4tietoja <a href=\"https:\/\/www.ufi.eu\/fi\/pcn\/eun-ulkopuolella\/pcn-ufi-eun-ulkopuolisille-yrityksille\/\" target=\"_blank\" rel=\"noopener\">PCN &amp; UFI for non-EU companies<\/a> -sivulta. <\/p>\n<h3>Kysymys: Voitteko toimittaa k\u00e4ytt\u00f6turvallisuustiedotteita, jotka ovat t\u00e4ysin EU:n asetuksen (REACH ja CLP) mukaisia?<\/h3>\n<p>Kyll\u00e4, voimme <a href=\"https:\/\/www.ufi.eu\/fi\/pcn\/kayttoturvallisuustiedote\/kayttoturvallisuustiedotteen-msds-sds-luontipalvelu\/\" target=\"_blank\"><strong>luoda k\u00e4ytt\u00f6turvallisuustiedotteita (SDS)<\/strong><\/a>&#8211; jotka tunnetaan my\u00f6s nimell\u00e4 <strong>k\u00e4ytt\u00f6turvallisuustiedotteet (MSDS, Material Safety Data Sheets<\/strong>) &#8211; r\u00e4\u00e4t\u00e4l\u00f6ityn\u00e4 tuotteellesi ja viimeisimpien EU-s\u00e4\u00e4d\u00f6sten mukaisina. Olitpa sitten valmistamassa kemiallisia seoksia, tuomassa tuotteita EU:hun tai jakelemassa niit\u00e4 omalla tuotemerkill\u00e4, vaatimustenmukainen k\u00e4ytt\u00f6turvallisuustiedote on lakis\u00e4\u00e4teinen vaatimus ja v\u00e4ltt\u00e4m\u00e4t\u00f6n edellytys turvalliselle k\u00e4yt\u00f6lle koko toimitusketjussa. Lis\u00e4tietoja l\u00f6yd\u00e4t <a href=\"https:\/\/www.ufi.eu\/fi\/pcn\/kayttoturvallisuustiedote\/kayttoturvallisuustiedotteen-msds-sds-luontipalvelu\/\" target=\"_blank\">k\u00e4ytt\u00f6turvallisuustiedotteen (MSDS\/SDS) luontipalvelun<\/a> sivulta.  <\/p>\n","protected":false},"excerpt":{"rendered":"<p>Miten UFI:n luominen ja PCN-ilmoituspalvelu toimii? Kun olet ostanut t\u00e4m\u00e4n palvelun, saat p\u00e4\u00e4syn suojattuun portaaliin. Portaali sis\u00e4lt\u00e4\u00e4 yleiskatsauksen kaikista vaiheista. T\u00e4yt\u00e4 tuotetietosi ja me ryhdymme t\u00f6ihin. Myrkytyskeskusilmoitus &amp; UFI Me tarjoamme: Tuotteen yksil\u00f6llinen kaavatunniste (UFI, Unique Formula Identifier). Myrkytyskeskusilmoitus (Poison Centre Notification, PCN) -raportti. Tuotteen rekister\u00f6inti asianomaisissa kansallisissa myrkytyskeskuksissa ECHAn kautta. PCN-rekister\u00f6intimaat Voit laskea niiden [&hellip;]<\/p>\n","protected":false},"featured_media":22554,"template":"","meta":[],"product_brand":[],"product_cat":[1084],"product_tag":[],"class_list":{"0":"post-22553","1":"product","2":"type-product","3":"status-publish","4":"has-post-thumbnail","6":"product_cat-lannoitteet-ja-lannoitevalmisteet","8":"first","9":"instock","10":"virtual","11":"taxable","12":"purchasable","13":"product-type-bundle"},"bundled_by":[],"bundle_stock_status":"instock","bundle_stock_quantity":"","bundle_virtual":false,"bundle_layout":"default","bundle_add_to_cart_form_location":"default","bundle_editable_in_cart":false,"bundle_sold_individually_context":"product","bundle_item_grouping":"parent","bundle_min_size":"","bundle_max_size":"","bundle_price":{"price":{"min":{"incl_tax":"121","excl_tax":"100"},"max":{"incl_tax":"","excl_tax":""}},"regular_price":{"min":{"incl_tax":"121","excl_tax":"100"},"max":{"incl_tax":"","excl_tax":""}}},"bundled_items":[{"bundled_item_id":11284,"product_id":12551,"menu_order":0,"quantity_min":1,"quantity_max":1,"quantity_default":1,"priced_individually":true,"shipped_individually":false,"override_title":false,"title":null,"override_description":false,"description":null,"optional":false,"hide_thumbnail":false,"discount":"","override_variations":false,"allowed_variations":[""],"override_default_variation_attributes":false,"default_variation_attributes":[],"single_product_visibility":"visible","cart_visibility":"visible","order_visibility":"visible","single_product_price_visibility":"visible","cart_price_visibility":"visible","order_price_visibility":"visible","stock_status":"in_stock"},{"bundled_item_id":11285,"product_id":12530,"menu_order":1,"quantity_min":1,"quantity_max":"","quantity_default":1,"priced_individually":true,"shipped_individually":false,"override_title":false,"title":null,"override_description":false,"description":null,"optional":false,"hide_thumbnail":false,"discount":"","override_variations":false,"allowed_variations":[""],"override_default_variation_attributes":false,"default_variation_attributes":[],"single_product_visibility":"visible","cart_visibility":"visible","order_visibility":"visible","single_product_price_visibility":"visible","cart_price_visibility":"visible","order_price_visibility":"visible","stock_status":"in_stock"}],"bundle_sell_ids":[],"yoast_head":"<!-- This site is optimized with the Yoast SEO Premium plugin v25.1 (Yoast SEO v25.1) - https:\/\/yoast.com\/wordpress\/plugins\/seo\/ -->\n<title>PCN &amp; UFI lannoiteyhdistelm\u00e4tuotteille - UFI<\/title>\n<meta name=\"description\" content=\"Hanki PCN &amp; UFI lannoiteyhdistelm\u00e4tuotteille. Varmista EU:n myrkytyskeskuksen vaatimustenmukaisuus nopealla ja luotettavalla ilmoituspalvelullamme!\" \/>\n<meta name=\"robots\" content=\"index, follow, max-snippet:-1, max-image-preview:large, max-video-preview:-1\" \/>\n<link rel=\"canonical\" href=\"https:\/\/www.ufi.eu\/fi\/product\/pcn-ufi-lannoiteyhdistelmatuotteille\/\" \/>\n<meta property=\"og:locale\" content=\"fi_FI\" \/>\n<meta property=\"og:type\" content=\"article\" \/>\n<meta property=\"og:title\" content=\"PCN &amp; UFI lannoiteyhdistelm\u00e4tuotteille\" \/>\n<meta property=\"og:description\" content=\"Hanki PCN &amp; UFI lannoiteyhdistelm\u00e4tuotteille. Varmista EU:n myrkytyskeskuksen vaatimustenmukaisuus nopealla ja luotettavalla ilmoituspalvelullamme!\" \/>\n<meta property=\"og:url\" content=\"https:\/\/www.ufi.eu\/fi\/product\/pcn-ufi-lannoiteyhdistelmatuotteille\/\" \/>\n<meta property=\"og:site_name\" content=\"UFI\" \/>\n<meta property=\"og:image\" content=\"https:\/\/www.ufi.eu\/wp-content\/uploads\/2025\/03\/PC-FER-7.jpg\" \/>\n\t<meta property=\"og:image:width\" content=\"1024\" \/>\n\t<meta property=\"og:image:height\" content=\"1024\" \/>\n\t<meta property=\"og:image:type\" content=\"image\/jpeg\" \/>\n<meta name=\"twitter:card\" content=\"summary_large_image\" \/>\n<meta name=\"twitter:label1\" content=\"Hinta\" \/>\n\t<meta name=\"twitter:data1\" content=\"&euro;0.00\" \/>\n\t<meta name=\"twitter:label2\" content=\"Saatavuus\" \/>\n\t<meta name=\"twitter:data2\" content=\"Varastossa\" \/>\n<script type=\"application\/ld+json\" class=\"yoast-schema-graph\">{\"@context\":\"https:\/\/schema.org\",\"@graph\":[{\"@type\":\"WebPage\",\"@id\":\"https:\/\/www.ufi.eu\/fi\/product\/pcn-ufi-lannoiteyhdistelmatuotteille\/\",\"url\":\"https:\/\/www.ufi.eu\/fi\/product\/pcn-ufi-lannoiteyhdistelmatuotteille\/\",\"name\":\"PCN &amp; UFI lannoiteyhdistelm\u00e4tuotteille - UFI\",\"isPartOf\":{\"@id\":\"https:\/\/www.ufi.eu\/fi\/#website\"},\"primaryImageOfPage\":{\"@id\":\"https:\/\/www.ufi.eu\/fi\/product\/pcn-ufi-lannoiteyhdistelmatuotteille\/#primaryimage\"},\"image\":{\"@id\":\"https:\/\/www.ufi.eu\/fi\/product\/pcn-ufi-lannoiteyhdistelmatuotteille\/#primaryimage\"},\"thumbnailUrl\":\"https:\/\/www.ufi.eu\/wp-content\/uploads\/2025\/03\/PC-FER-7.jpg\",\"datePublished\":\"2025-04-17T10:46:13+00:00\",\"description\":\"Hanki PCN & UFI lannoiteyhdistelm\u00e4tuotteille. Varmista EU:n myrkytyskeskuksen vaatimustenmukaisuus nopealla ja luotettavalla ilmoituspalvelullamme!\",\"breadcrumb\":{\"@id\":\"https:\/\/www.ufi.eu\/fi\/product\/pcn-ufi-lannoiteyhdistelmatuotteille\/#breadcrumb\"},\"inLanguage\":\"fi\",\"potentialAction\":[{\"@type\":\"ReadAction\",\"target\":[\"https:\/\/www.ufi.eu\/fi\/product\/pcn-ufi-lannoiteyhdistelmatuotteille\/\"]}]},{\"@type\":\"ImageObject\",\"inLanguage\":\"fi\",\"@id\":\"https:\/\/www.ufi.eu\/fi\/product\/pcn-ufi-lannoiteyhdistelmatuotteille\/#primaryimage\",\"url\":\"https:\/\/www.ufi.eu\/wp-content\/uploads\/2025\/03\/PC-FER-7.jpg\",\"contentUrl\":\"https:\/\/www.ufi.eu\/wp-content\/uploads\/2025\/03\/PC-FER-7.jpg\",\"width\":1024,\"height\":1024},{\"@type\":\"BreadcrumbList\",\"@id\":\"https:\/\/www.ufi.eu\/fi\/product\/pcn-ufi-lannoiteyhdistelmatuotteille\/#breadcrumb\",\"itemListElement\":[{\"@type\":\"ListItem\",\"position\":1,\"name\":\"Home\",\"item\":\"https:\/\/www.ufi.eu\/fi\/etusivu\/\"},{\"@type\":\"ListItem\",\"position\":2,\"name\":\"Kauppa\",\"item\":\"https:\/\/www.ufi.eu\/fi\/kauppa\/\"},{\"@type\":\"ListItem\",\"position\":3,\"name\":\"PCN &amp; UFI lannoiteyhdistelm\u00e4tuotteille\"}]},{\"@type\":\"WebSite\",\"@id\":\"https:\/\/www.ufi.eu\/fi\/#website\",\"url\":\"https:\/\/www.ufi.eu\/fi\/\",\"name\":\"UFI.EU\",\"description\":\"Poison Centre Notifications (PCN) and UFI\",\"publisher\":{\"@id\":\"https:\/\/www.ufi.eu\/fi\/#organization\"},\"potentialAction\":[{\"@type\":\"SearchAction\",\"target\":{\"@type\":\"EntryPoint\",\"urlTemplate\":\"https:\/\/www.ufi.eu\/fi\/?s={search_term_string}\"},\"query-input\":{\"@type\":\"PropertyValueSpecification\",\"valueRequired\":true,\"valueName\":\"search_term_string\"}}],\"inLanguage\":\"fi\"},{\"@type\":\"Organization\",\"@id\":\"https:\/\/www.ufi.eu\/fi\/#organization\",\"name\":\"UFI.EU\",\"url\":\"https:\/\/www.ufi.eu\/fi\/\",\"logo\":{\"@type\":\"ImageObject\",\"inLanguage\":\"fi\",\"@id\":\"https:\/\/www.ufi.eu\/fi\/#\/schema\/logo\/image\/\",\"url\":\"https:\/\/www.ufi.eu\/wp-content\/uploads\/2025\/03\/cropped-logo_ufi3.jpg\",\"contentUrl\":\"https:\/\/www.ufi.eu\/wp-content\/uploads\/2025\/03\/cropped-logo_ufi3.jpg\",\"width\":231,\"height\":78,\"caption\":\"UFI.EU\"},\"image\":{\"@id\":\"https:\/\/www.ufi.eu\/fi\/#\/schema\/logo\/image\/\"},\"description\":\"UFI.eu specializes in digital registrations for Poison Centre Notifications (PCN), ensuring your chemical products meet EU regulatory requirements effortlessly. Our streamlined solutions help businesses stay compliant while reducing complexity and administrative burden.\",\"email\":\"info@ufi.eu\",\"legalName\":\"UFI.EU\"}]}<\/script>\n<meta property=\"product:price:amount\" content=\"0.00\" \/>\n<meta property=\"product:price:currency\" content=\"EUR\" \/>\n<meta property=\"og:availability\" content=\"instock\" \/>\n<meta property=\"product:availability\" content=\"instock\" \/>\n<meta property=\"product:retailer_item_id\" content=\"PC-FER-7\" \/>\n<meta property=\"product:condition\" content=\"new\" \/>\n<!-- \/ Yoast SEO Premium plugin. -->","yoast_head_json":{"title":"PCN &amp; UFI lannoiteyhdistelm\u00e4tuotteille - UFI","description":"Hanki PCN & UFI lannoiteyhdistelm\u00e4tuotteille. Varmista EU:n myrkytyskeskuksen vaatimustenmukaisuus nopealla ja luotettavalla ilmoituspalvelullamme!","robots":{"index":"index","follow":"follow","max-snippet":"max-snippet:-1","max-image-preview":"max-image-preview:large","max-video-preview":"max-video-preview:-1"},"canonical":"https:\/\/www.ufi.eu\/fi\/product\/pcn-ufi-lannoiteyhdistelmatuotteille\/","og_locale":"fi_FI","og_type":"article","og_title":"PCN &amp; UFI lannoiteyhdistelm\u00e4tuotteille","og_description":"Hanki PCN & UFI lannoiteyhdistelm\u00e4tuotteille. Varmista EU:n myrkytyskeskuksen vaatimustenmukaisuus nopealla ja luotettavalla ilmoituspalvelullamme!","og_url":"https:\/\/www.ufi.eu\/fi\/product\/pcn-ufi-lannoiteyhdistelmatuotteille\/","og_site_name":"UFI","og_image":[{"width":1024,"height":1024,"url":"https:\/\/www.ufi.eu\/wp-content\/uploads\/2025\/03\/PC-FER-7.jpg","type":"image\/jpeg"}],"twitter_card":"summary_large_image","twitter_misc":{"Hinta":"&euro;0.00","Saatavuus":"Varastossa"},"schema":{"@context":"https:\/\/schema.org","@graph":[{"@type":"WebPage","@id":"https:\/\/www.ufi.eu\/fi\/product\/pcn-ufi-lannoiteyhdistelmatuotteille\/","url":"https:\/\/www.ufi.eu\/fi\/product\/pcn-ufi-lannoiteyhdistelmatuotteille\/","name":"PCN &amp; UFI lannoiteyhdistelm\u00e4tuotteille - UFI","isPartOf":{"@id":"https:\/\/www.ufi.eu\/fi\/#website"},"primaryImageOfPage":{"@id":"https:\/\/www.ufi.eu\/fi\/product\/pcn-ufi-lannoiteyhdistelmatuotteille\/#primaryimage"},"image":{"@id":"https:\/\/www.ufi.eu\/fi\/product\/pcn-ufi-lannoiteyhdistelmatuotteille\/#primaryimage"},"thumbnailUrl":"https:\/\/www.ufi.eu\/wp-content\/uploads\/2025\/03\/PC-FER-7.jpg","datePublished":"2025-04-17T10:46:13+00:00","description":"Hanki PCN & UFI lannoiteyhdistelm\u00e4tuotteille. Varmista EU:n myrkytyskeskuksen vaatimustenmukaisuus nopealla ja luotettavalla ilmoituspalvelullamme!","breadcrumb":{"@id":"https:\/\/www.ufi.eu\/fi\/product\/pcn-ufi-lannoiteyhdistelmatuotteille\/#breadcrumb"},"inLanguage":"fi","potentialAction":[{"@type":"ReadAction","target":["https:\/\/www.ufi.eu\/fi\/product\/pcn-ufi-lannoiteyhdistelmatuotteille\/"]}]},{"@type":"ImageObject","inLanguage":"fi","@id":"https:\/\/www.ufi.eu\/fi\/product\/pcn-ufi-lannoiteyhdistelmatuotteille\/#primaryimage","url":"https:\/\/www.ufi.eu\/wp-content\/uploads\/2025\/03\/PC-FER-7.jpg","contentUrl":"https:\/\/www.ufi.eu\/wp-content\/uploads\/2025\/03\/PC-FER-7.jpg","width":1024,"height":1024},{"@type":"BreadcrumbList","@id":"https:\/\/www.ufi.eu\/fi\/product\/pcn-ufi-lannoiteyhdistelmatuotteille\/#breadcrumb","itemListElement":[{"@type":"ListItem","position":1,"name":"Home","item":"https:\/\/www.ufi.eu\/fi\/etusivu\/"},{"@type":"ListItem","position":2,"name":"Kauppa","item":"https:\/\/www.ufi.eu\/fi\/kauppa\/"},{"@type":"ListItem","position":3,"name":"PCN &amp; UFI lannoiteyhdistelm\u00e4tuotteille"}]},{"@type":"WebSite","@id":"https:\/\/www.ufi.eu\/fi\/#website","url":"https:\/\/www.ufi.eu\/fi\/","name":"UFI.EU","description":"Poison Centre Notifications (PCN) and UFI","publisher":{"@id":"https:\/\/www.ufi.eu\/fi\/#organization"},"potentialAction":[{"@type":"SearchAction","target":{"@type":"EntryPoint","urlTemplate":"https:\/\/www.ufi.eu\/fi\/?s={search_term_string}"},"query-input":{"@type":"PropertyValueSpecification","valueRequired":true,"valueName":"search_term_string"}}],"inLanguage":"fi"},{"@type":"Organization","@id":"https:\/\/www.ufi.eu\/fi\/#organization","name":"UFI.EU","url":"https:\/\/www.ufi.eu\/fi\/","logo":{"@type":"ImageObject","inLanguage":"fi","@id":"https:\/\/www.ufi.eu\/fi\/#\/schema\/logo\/image\/","url":"https:\/\/www.ufi.eu\/wp-content\/uploads\/2025\/03\/cropped-logo_ufi3.jpg","contentUrl":"https:\/\/www.ufi.eu\/wp-content\/uploads\/2025\/03\/cropped-logo_ufi3.jpg","width":231,"height":78,"caption":"UFI.EU"},"image":{"@id":"https:\/\/www.ufi.eu\/fi\/#\/schema\/logo\/image\/"},"description":"UFI.eu specializes in digital registrations for Poison Centre Notifications (PCN), ensuring your chemical products meet EU regulatory requirements effortlessly. Our streamlined solutions help businesses stay compliant while reducing complexity and administrative burden.","email":"info@ufi.eu","legalName":"UFI.EU"}]},"product_price_amount":"0.00","product_price_currency":"EUR","og_availability":"instock","product_availability":"instock","product_retailer_item_id":"PC-FER-7","product_condition":"new"},"_links":{"self":[{"href":"https:\/\/www.ufi.eu\/fi\/wp-json\/wp\/v2\/product\/22553","targetHints":{"allow":["GET"]}}],"collection":[{"href":"https:\/\/www.ufi.eu\/fi\/wp-json\/wp\/v2\/product"}],"about":[{"href":"https:\/\/www.ufi.eu\/fi\/wp-json\/wp\/v2\/types\/product"}],"wp:featuredmedia":[{"embeddable":true,"href":"https:\/\/www.ufi.eu\/fi\/wp-json\/wp\/v2\/media\/22554"}],"wp:attachment":[{"href":"https:\/\/www.ufi.eu\/fi\/wp-json\/wp\/v2\/media?parent=22553"}],"wp:term":[{"taxonomy":"product_brand","embeddable":true,"href":"https:\/\/www.ufi.eu\/fi\/wp-json\/wp\/v2\/product_brand?post=22553"},{"taxonomy":"product_cat","embeddable":true,"href":"https:\/\/www.ufi.eu\/fi\/wp-json\/wp\/v2\/product_cat?post=22553"},{"taxonomy":"product_tag","embeddable":true,"href":"https:\/\/www.ufi.eu\/fi\/wp-json\/wp\/v2\/product_tag?post=22553"}],"curies":[{"name":"wp","href":"https:\/\/api.w.org\/{rel}","templated":true}]}}