{"id":17751,"date":"2025-03-20T08:28:01","date_gmt":"2025-04-16T22:06:18","guid":{"rendered":"https:\/\/www.ufi.eu\/pcn\/Ei-luokiteltu\/pcn-ufi-keittion-puhdistustuotteille-2\/"},"modified":"2025-04-16T22:06:18","modified_gmt":"2025-04-16T22:06:18","slug":"pcn-ufi-keittion-puhdistustuotteille-2","status":"publish","type":"product","link":"https:\/\/www.ufi.eu\/fi\/product\/pcn-ufi-keittion-puhdistustuotteille-2\/","title":{"rendered":"PCN &amp; UFI keitti\u00f6n puhdistustuotteille"},"content":{"rendered":"<h2>Miten UFI:n luominen ja PCN-ilmoituspalvelu toimii?<\/h2>\n<p>Kun olet ostanut t\u00e4m\u00e4n palvelun, saat p\u00e4\u00e4syn suojattuun portaaliin. Portaali sis\u00e4lt\u00e4\u00e4 yleiskatsauksen kaikista vaiheista.  T\u00e4yt\u00e4 tuotetietosi ja me ryhdymme t\u00f6ihin.<\/p>\n<h3>Myrkytyskeskusilmoitus &amp; UFI<\/h3>\n<p>Me tarjoamme:<\/p>\n<ul>\n<li>Tuotteen yksil\u00f6llinen kaavatunniste (UFI, Unique Formula Identifier).<\/li>\n<li>Myrkytyskeskusilmoitus (Poison Centre Notification, PCN) -raportti.<\/li>\n<li>Tuotteen rekister\u00f6inti asianomaisissa kansallisissa myrkytyskeskuksissa ECHAn kautta.<\/li>\n<\/ul>\n<h3>PCN-rekister\u00f6intimaat<\/h3>\n<p>Voit laskea niiden maiden m\u00e4\u00e4r\u00e4n, joissa haluat rekister\u00f6id\u00e4 tuotteesi. T\u00e4m\u00e4 on niiden maiden lukum\u00e4\u00e4r\u00e4, jotka sinun on ostettava.  Voit valita tietyt maat portaalissa. Jos aiot my\u00f6hemmin laajentaa tuotteidesi myynti\u00e4 uusiin maihin, voit aina tilata lis\u00e4\u00e4 <a href=\"https:\/\/www.ufi.eu\/fi\/pcn\/maat\/pcn-rekisterointimaat\/\" target=\"_blank\" title=\"PCN-maarekister\u00f6innit\">PCN-maarekister\u00f6intej\u00e4<\/a>.<br \/>EU:ssa on 27 maata ja ETA:ssa 30 maata (EU+Lichtenstein, Norja ja Islanti) Portaalissa voit valita n\u00e4m\u00e4 maat: <\/p>\n<table cellpadding=\"2\" cellspacing=\"0\" border=\"1\">\n<tbody>\n<tr>\n<td>Belgia<\/td>\n<td>(BE)<\/td>\n<td>Espanja<\/td>\n<td>(ES)<\/td>\n<td>Unkari<\/td>\n<td>(HU)<\/td>\n<td>Slovakia<\/td>\n<td>(SK)<\/td>\n<\/tr>\n<tr>\n<td>Bulgaria<\/td>\n<td>(BG)<\/td>\n<td>Ranska<\/td>\n<td>(FR)<\/td>\n<td>Malta<\/td>\n<td>(MT)<\/td>\n<td>Suomi<\/td>\n<td>(FI)<\/td>\n<\/tr>\n<tr>\n<td>T\u0161ekki<\/td>\n<td>(CZ)<\/td>\n<td>Kroatia<\/td>\n<td>(HR)<\/td>\n<td>Alankomaat<\/td>\n<td>(NL)<\/td>\n<td>Ruotsi<\/td>\n<td>(SE)<\/td>\n<\/tr>\n<tr>\n<td>Tanska<\/td>\n<td>(DK)<\/td>\n<td>Italia<\/td>\n<td>(IT)<\/td>\n<td>It\u00e4valta<\/td>\n<td>(AT)<\/td>\n<td>Saksa<\/td>\n<td>(DE)<\/td>\n<\/tr>\n<tr>\n<td>Kypros<\/td>\n<td>(CY)<\/td>\n<td>Puola<\/td>\n<td>(PL)<\/td>\n<td>Islanti<\/td>\n<td>(IS)<\/td>\n<td>Viro<\/td>\n<td>(EE)<\/td>\n<\/tr>\n<tr>\n<td>Latvia<\/td>\n<td>(LV)<\/td>\n<td>Portugali<\/td>\n<td>(PT)<\/td>\n<td>Liechtenstein<\/td>\n<td>(LI)<\/td>\n<td>Irlanti<\/td>\n<td>(IE)<\/td>\n<\/tr>\n<tr>\n<td>Liettua<\/td>\n<td>(LT)<\/td>\n<td>Romania<\/td>\n<td>(RO)<\/td>\n<td>Norja<\/td>\n<td>(EI)<\/td>\n<td>Kreikka<\/td>\n<td>(EL)<\/td>\n<\/tr>\n<tr>\n<td>Luxemburg<\/td>\n<td>(LU)<\/td>\n<td>Slovenia<\/td>\n<td>(SI)<\/td>\n<td>Sveitsi*<\/td>\n<td>(CH)<\/td>\n<td><\/td>\n<td><\/td>\n<\/tr>\n<\/tbody>\n<\/table>\n<p>*Sveitsin osalta voimme luoda PCN-asiakirjat, joissa on kaikki tarvittavat tiedot Sveitsin portaalissa tapahtuvaa hakemuksen j\u00e4tt\u00e4mist\u00e4 varten. Ota meihin yhteytt\u00e4 saadaksesi lis\u00e4tietoja. <\/p>\n<h3>CLP-merkinn\u00e4n tiedot<\/h3>\n<p>Tarjoamme mahdollisuuden ostaa CLP-asetuksen mukaisen tuoteselosteen, joka sis\u00e4lt\u00e4\u00e4 kaikki EU:n CLP-asetuksen edellytt\u00e4m\u00e4t pakolliset tiedot. T\u00e4m\u00e4 toimitetaan PDF-tiedostona.  T\u00e4m\u00e4 ei ole suunnitelma, vaan tiivistelm\u00e4 tarvittavista tiedoista. N\u00e4in voit sis\u00e4llytt\u00e4\u00e4 tarvittavat tiedot tuoteselosteesi suunnitteluun. Voit tilata <a href=\"https:\/\/www.ufi.eu\/fi\/pcn\/clp-etiketti\/clp-etikettien-luominen-ja-vaatimustenmukaisuuden-tarkistus\/\" target=\"_blank\" title=\"CLP-merkint\u00e4Creation\">CLP-etikettien luomisen<\/a> my\u00f6s erikseen. Onko sinulla jo etiketti? &#8211; Voimme tehd\u00e4 <a href=\"https:\/\/www.ufi.eu\/fi\/pcn\/clp-etiketti\/clp-etikettien-luominen-ja-vaatimustenmukaisuuden-tarkistus\/\" target=\"_blank\" title=\"CLP-etikettien vaatimustenmukaisuuden tarkistus\">CLP-etikettisi CLP-vaatimustenmukaisuuden tarkistuksen<\/a> nykyisten CLP-vaatimusten mukaisesti. Annamme yksityiskohtaista palautetta ja teemme korjauksia, jotta etikettisi t\u00e4ytt\u00e4\u00e4 kaikki viranomaisvaatimukset.     <\/p>\n<h2>Myrkytyskeskusilmoitus muista keitti\u00f6n ja siihen liittyvien tuotteiden puhdistustuotteista<\/h2>\n<p>Muut keitti\u00f6n ja siihen liittyv\u00e4t puhdistusaineet, kuten erikoispintapuhdistusaineet, kodinkoneiden puhdistusaineet tai erikoiskeitti\u00f6iden hoitotuotteet, sis\u00e4lt\u00e4v\u00e4t usein kemiallisia ainesosia, jotka voivat aiheuttaa terveysriskej\u00e4, jos niit\u00e4 k\u00e4ytet\u00e4\u00e4n v\u00e4\u00e4rin. N\u00e4ihin tuotteisiin voi kuulua pesuaineita, rasvanpoistoaineita tai erikoispuhdistusaineita, jotka on suunniteltu erityisiin k\u00e4ytt\u00f6tarkoituksiin. Kun varmistetaan, ett\u00e4 n\u00e4m\u00e4 tuotteet on rekister\u00f6ity Myrkytyskeskukseen Myrkytyskeskusilmoituksen (PCN) avulla, varmistetaan, ett\u00e4 h\u00e4t\u00e4tilanteessa toimivilla henkil\u00f6ill\u00e4 on tarvittavat tiedot altistumistapausten k\u00e4sittelemiseksi tehokkaasti.  <\/p>\n<h3>Mik\u00e4 on UFI?<\/h3>\n<p>UFI-tunnus (Unique Formula Identifier) on 16-merkkinen aakkosnumeerinen koodi, joka on osoitettu tietylle valmisteyhteenvedolle. Muiden keitti\u00f6npuhdistusaineiden osalta UFI-tunnisteen avulla pelastushenkil\u00f6st\u00f6 voi tunnistaa tuotteen tarkan koostumuksen ja antaa r\u00e4\u00e4t\u00e4l\u00f6ity\u00e4 ensiapua tai l\u00e4\u00e4ketieteellist\u00e4 hoitoa, jos tuote altistuu vahingossa. <\/p>\n<h3>Mik\u00e4 on PCN?<\/h3>\n<p>Myrkytyskeskusilmoitus (Poison Centre Notification, PCN) on CLP-asetuksen mukaan vaarallisiksi luokiteltuja tuotteita koskeva lakis\u00e4\u00e4teinen vaatimus. PCN-ilmoituksessa annetaan myrkytyskeskukselle yksityiskohtaiset tiedot tuotteen kemiallisesta koostumuksesta, vaaroista ja turvallisuustoimenpiteist\u00e4. N\u00e4in varmistetaan, ett\u00e4 h\u00e4t\u00e4tilanteessa toimivat henkil\u00f6t saavat tarkat ja asianmukaiset tiedot, jotka liittyv\u00e4t n\u00e4ille tuotteille altistumiseen.  <\/p>\n<h3>Mik\u00e4 on CLP?<\/h3>\n<p>CLP (Classification, Labelling, and Packaging) on EU:n asetus, jossa kemikaalit luokitellaan niiden vaarojen perusteella ja vaaditaan asianmukaisia merkint\u00f6j\u00e4. Muiden keitti\u00f6- ja muiden siivousaineiden osalta CLP-asetuksella varmistetaan, ett\u00e4 kuluttajat ja ammattilaiset saavat tietoa n\u00e4iden tuotteiden k\u00e4yt\u00f6n mahdollisista riskeist\u00e4 ja siit\u00e4, miten niit\u00e4 voidaan k\u00e4sitell\u00e4 turvallisesti. <\/p>\n<h3>Mik\u00e4 on myrkytyskeskus?<\/h3>\n<p>Myrkytyskeskus on keskitetty yksikk\u00f6, joka ker\u00e4\u00e4 ja hallinnoi EU:ssa myyt\u00e4vien vaarallisten tuotteiden turvallisuustietoja. N\u00e4m\u00e4 tiedot auttavat l\u00e4\u00e4ketieteen ammattilaisia ja h\u00e4t\u00e4keskuksia tarjoamaan oikea-aikaista ja tehokasta hoitoa, jos altistutaan esimerkiksi keitti\u00f6n puhdistusaineissa oleville haitallisille kemikaaleille. <\/p>\n<h3>Miksi t\u00e4t\u00e4 tarvitaan?<\/h3>\n<p>Muut keitti\u00f6n ja siihen liittyv\u00e4t puhdistusaineet sis\u00e4lt\u00e4v\u00e4t usein kemikaaleja, jotka voivat aiheuttaa iho\u00e4rsytyst\u00e4, hengitystieongelmia tai muita terveysriskej\u00e4. Rekister\u00f6im\u00e4ll\u00e4 n\u00e4m\u00e4 tuotteet myrkytyskeskukseen varmistetaan, ett\u00e4 h\u00e4t\u00e4keskus voi saada kriittisi\u00e4 turvallisuustietoja onnettomuuksien hoitamiseksi tehokkaasti. Se parantaa my\u00f6s kuluttajien turvallisuutta varmistamalla asianmukaiset merkinn\u00e4t ja k\u00e4ytt\u00f6ohjeet.  <\/p>\n<h3>Mist\u00e4 l\u00e4htien t\u00e4m\u00e4 on ollut lain mukaan pakollista?<\/h3>\n<p>Vaatimus ilmoittaa vaarallisista tuotteista, mukaan lukien muut keitti\u00f6tuotteet ja niihin liittyv\u00e4t puhdistusaineet, myrkytyskeskukselle tuli pakolliseksi 1. tammikuuta 2021. T\u00e4t\u00e4 lakia sovelletaan kaikkiin CLP-asetuksen mukaan vaarallisiksi luokiteltuihin tuotteisiin. <\/p>\n<h2>FAQ<\/h2>\n<h3>Kysymys: Onko kaikilla keitti\u00f6n puhdistusaineilla oltava PCN?<\/h3>\n<p>Vastaa: Vain CLP-asetuksen mukaan vaarallisiksi luokitellut keitti\u00f6npuhdistusaineet vaativat PCN-numeron. T\u00e4h\u00e4n kuuluvat tuotteet, joiden kemikaalit aiheuttavat terveys- tai ymp\u00e4rist\u00f6riskej\u00e4. <\/p>\n<h3>Kysymys: Mik\u00e4 on UFI ja miten sit\u00e4 k\u00e4ytet\u00e4\u00e4n keitti\u00f6n puhdistusaineissa?<\/h3>\n<p>Vastaa: UFI (Unique Formula Identifier) on tuotteen etikettiin painettu koodi. Se auttaa myrkytyskeskuksia tunnistamaan tuotteen tarkan kemiallisen koostumuksen altistumisen tai tahattoman v\u00e4\u00e4rink\u00e4yt\u00f6n yhteydess\u00e4. <\/p>\n<h3>Kysymys: Miksi PCN on t\u00e4rke\u00e4 keitti\u00f6n puhdistusaineille?<\/h3>\n<p>Vastaa: PCN antaa myrkytyskeskukselle yksityiskohtaiset turvallisuustiedot tuotteesta. N\u00e4in varmistetaan, ett\u00e4 h\u00e4t\u00e4keskus voi k\u00e4sitell\u00e4 altistumistapauksia tehokkaasti ja antaa asianmukaista l\u00e4\u00e4ketieteellist\u00e4 hoitoa. <\/p>\n<h3>Kysymys: Mit\u00e4 CLP-merkint\u00e4 tarkoittaa keitti\u00f6n puhdistusaineissa?<\/h3>\n<p>Vastaa: CLP-merkinn\u00f6iss\u00e4 annetaan selke\u00e4\u00e4 tietoa tuotteeseen liittyvist\u00e4 vaaroista, mukaan lukien symbolit, varoitukset ja varotoimia koskevat lausumat. T\u00e4m\u00e4 auttaa k\u00e4ytt\u00e4ji\u00e4 k\u00e4sittelem\u00e4\u00e4n tuotetta turvallisesti ja v\u00e4hent\u00e4\u00e4 onnettomuusriski\u00e4. <\/p>\n<h3>Kysymys: Milloin vaarallisia keitti\u00f6n puhdistusaineita koskeva PCN-vaatimus tuli voimaan?<\/h3>\n<p>Vastaa: Vaatimus rekister\u00f6id\u00e4 vaaralliset keitti\u00f6n puhdistusaineet Myrkytystietokeskukseen tuli voimaan 1. tammikuuta 2021 osana EU:n s\u00e4\u00e4nn\u00f6ksi\u00e4.<\/p>\n<h3>Kysymys: Kuinka kauan kest\u00e4\u00e4 UFI- ja PCN-ilmoituksen toimittaminen?<\/h3>\n<p>Se vie muutaman p\u00e4iv\u00e4n. Heti kun olet ladannut asiakirjat, aloitamme heti. <\/p>\n<h3>Kysymys: Olenko min\u00e4 PCN-ilmoituksen omistaja?<\/h3>\n<p>Kyll\u00e4, olet PCN-ilmoituksen omistaja. Sinulla s\u00e4ilyy t\u00e4ysi omistusoikeus antamiisi tietoihin.  PCN-ilmoitus on saatavilla ECHA-tilill\u00e4si.<\/p>\n<h3>Kysymys: Koskeeko t\u00e4m\u00e4 palvelu yht\u00e4 vai useampaa tuotetta?<\/h3>\n<p>Palvelu koskee yht\u00e4 tuotetta.<\/p>\n<h3>Kysymys: Miksi minun on maksettava UFI:n luomisesta?<\/h3>\n<p>Tarjoamassamme palvelussa ei ole kyse pelk\u00e4st\u00e4\u00e4n rahalaitoksen tarjoamisesta. UFI on osa paljon laajempaa prosessia.  Tarjoamamme ydinpalvelu on myrkytyskeskusilmoituksen (PCN) laatiminen ja toimittaminen kansallisille nimetyille elimille ECHA-portaalin kautta, mik\u00e4 on EU:n CLP-asetuksen mukainen pakollinen vaatimus vaarallisten seosten markkinoille saattamiseksi. UFI-ilmoituksen laatiminen on yksinkertaisin osa. PCN-raportti on kuitenkin monimutkainen. Se edellytt\u00e4\u00e4 yksityiskohtaista ainesosien tarkastelua &#8211; kemialliset luokitukset -, jotka on muotoiltu t\u00e4sm\u00e4llisesti myrkytyskeskuksen ECHA:n kautta toimittamista varten.   <\/p>\n<h3>Kysymys: Miten voin l\u00e4hett\u00e4\u00e4 PCN-ilmoituksen?<\/h3>\n<p>Tarjoamme ratkaisun yrityksille, joiden kotipaikka ei ole EU:ssa. L\u00f6yd\u00e4t lis\u00e4tietoja <a href=\"https:\/\/www.ufi.eu\/fi\/pcn\/eun-ulkopuolella\/pcn-ufi-eun-ulkopuolisille-yrityksille\/\" target=\"_blank\" rel=\"noopener\">PCN &amp; UFI for non-EU companies<\/a> -sivulta. <\/p>\n<h3>Kysymys: Voitteko toimittaa k\u00e4ytt\u00f6turvallisuustiedotteita, jotka ovat t\u00e4ysin EU:n asetuksen (REACH ja CLP) mukaisia?<\/h3>\n<p>Kyll\u00e4, voimme <a href=\"https:\/\/www.ufi.eu\/fi\/pcn\/kayttoturvallisuustiedote\/kayttoturvallisuustiedotteen-msds-sds-luontipalvelu\/\" target=\"_blank\"><strong>luoda k\u00e4ytt\u00f6turvallisuustiedotteita (SDS)<\/strong><\/a>&#8211; jotka tunnetaan my\u00f6s nimell\u00e4 <strong>k\u00e4ytt\u00f6turvallisuustiedotteet (MSDS, Material Safety Data Sheets<\/strong>) &#8211; r\u00e4\u00e4t\u00e4l\u00f6ityn\u00e4 tuotteellesi ja viimeisimpien EU-s\u00e4\u00e4d\u00f6sten mukaisina. Olitpa sitten valmistamassa kemiallisia seoksia, tuomassa tuotteita EU:hun tai jakelemassa niit\u00e4 omalla tuotemerkill\u00e4, vaatimustenmukainen k\u00e4ytt\u00f6turvallisuustiedote on lakis\u00e4\u00e4teinen vaatimus ja v\u00e4ltt\u00e4m\u00e4t\u00f6n edellytys turvalliselle k\u00e4yt\u00f6lle koko toimitusketjussa. Lis\u00e4tietoja l\u00f6yd\u00e4t <a href=\"https:\/\/www.ufi.eu\/fi\/pcn\/kayttoturvallisuustiedote\/kayttoturvallisuustiedotteen-msds-sds-luontipalvelu\/\" target=\"_blank\">k\u00e4ytt\u00f6turvallisuustiedotteen (MSDS\/SDS) luontipalvelun<\/a> sivulta.  <\/p>\n","protected":false},"excerpt":{"rendered":"<p>Miten UFI:n luominen ja PCN-ilmoituspalvelu toimii? Kun olet ostanut t\u00e4m\u00e4n palvelun, saat p\u00e4\u00e4syn suojattuun portaaliin. Portaali sis\u00e4lt\u00e4\u00e4 yleiskatsauksen kaikista vaiheista. T\u00e4yt\u00e4 tuotetietosi ja me ryhdymme t\u00f6ihin. Myrkytyskeskusilmoitus &amp; UFI Me tarjoamme: Tuotteen yksil\u00f6llinen kaavatunniste (UFI, Unique Formula Identifier). Myrkytyskeskusilmoitus (Poison Centre Notification, PCN) -raportti. Tuotteen rekister\u00f6inti asianomaisissa kansallisissa myrkytyskeskuksissa ECHAn kautta. PCN-rekister\u00f6intimaat Voit laskea niiden [&hellip;]<\/p>\n","protected":false},"featured_media":17752,"template":"","meta":[],"product_brand":[],"product_cat":[887],"product_tag":[],"class_list":{"0":"post-17751","1":"product","2":"type-product","3":"status-publish","4":"has-post-thumbnail","6":"product_cat-keittion-puhdistusaineet","8":"first","9":"instock","10":"virtual","11":"taxable","12":"purchasable","13":"product-type-bundle"},"bundled_by":[],"bundle_stock_status":"instock","bundle_stock_quantity":"","bundle_virtual":false,"bundle_layout":"default","bundle_add_to_cart_form_location":"default","bundle_editable_in_cart":false,"bundle_sold_individually_context":"product","bundle_item_grouping":"parent","bundle_min_size":"","bundle_max_size":"","bundle_price":{"price":{"min":{"incl_tax":"121","excl_tax":"100"},"max":{"incl_tax":"","excl_tax":""}},"regular_price":{"min":{"incl_tax":"121","excl_tax":"100"},"max":{"incl_tax":"","excl_tax":""}}},"bundled_items":[{"bundled_item_id":6454,"product_id":12551,"menu_order":0,"quantity_min":1,"quantity_max":1,"quantity_default":1,"priced_individually":true,"shipped_individually":false,"override_title":false,"title":null,"override_description":false,"description":null,"optional":false,"hide_thumbnail":false,"discount":"","override_variations":false,"allowed_variations":[""],"override_default_variation_attributes":false,"default_variation_attributes":[],"single_product_visibility":"visible","cart_visibility":"visible","order_visibility":"visible","single_product_price_visibility":"visible","cart_price_visibility":"visible","order_price_visibility":"visible","stock_status":"in_stock"},{"bundled_item_id":6455,"product_id":12530,"menu_order":1,"quantity_min":1,"quantity_max":"","quantity_default":1,"priced_individually":true,"shipped_individually":false,"override_title":false,"title":null,"override_description":false,"description":null,"optional":false,"hide_thumbnail":false,"discount":"","override_variations":false,"allowed_variations":[""],"override_default_variation_attributes":false,"default_variation_attributes":[],"single_product_visibility":"visible","cart_visibility":"visible","order_visibility":"visible","single_product_price_visibility":"visible","cart_price_visibility":"visible","order_price_visibility":"visible","stock_status":"in_stock"}],"bundle_sell_ids":[],"yoast_head":"<!-- This site is optimized with the Yoast SEO Premium plugin v25.1 (Yoast SEO v25.1) - https:\/\/yoast.com\/wordpress\/plugins\/seo\/ -->\n<title>PCN &amp; UFI keitti\u00f6n puhdistustuotteille - UFI<\/title>\n<meta name=\"description\" content=\"Varmistaa PCN- ja UFI-vaatimusten noudattaminen keitti\u00f6n ja siihen liittyvien siivoojien osalta. Hoidamme myrkytyskeskusilmoitukset ja ainutlaatuiset kaavatunnisteet puolestasi.\" \/>\n<meta name=\"robots\" content=\"index, follow, max-snippet:-1, max-image-preview:large, max-video-preview:-1\" \/>\n<link rel=\"canonical\" href=\"https:\/\/www.ufi.eu\/fi\/product\/pcn-ufi-keittion-puhdistustuotteille-2\/\" \/>\n<meta property=\"og:locale\" content=\"fi_FI\" \/>\n<meta property=\"og:type\" content=\"article\" \/>\n<meta property=\"og:title\" content=\"PCN &amp; UFI keitti\u00f6n puhdistustuotteille\" \/>\n<meta property=\"og:description\" content=\"Varmistaa PCN- ja UFI-vaatimusten noudattaminen keitti\u00f6n ja siihen liittyvien siivoojien osalta. Hoidamme myrkytyskeskusilmoitukset ja ainutlaatuiset kaavatunnisteet puolestasi.\" \/>\n<meta property=\"og:url\" content=\"https:\/\/www.ufi.eu\/fi\/product\/pcn-ufi-keittion-puhdistustuotteille-2\/\" \/>\n<meta property=\"og:site_name\" content=\"UFI\" \/>\n<meta property=\"og:image\" content=\"https:\/\/www.ufi.eu\/wp-content\/uploads\/2025\/03\/PC-CLN-10_OTH.jpg\" \/>\n\t<meta property=\"og:image:width\" content=\"1024\" \/>\n\t<meta property=\"og:image:height\" content=\"1024\" \/>\n\t<meta property=\"og:image:type\" content=\"image\/jpeg\" \/>\n<meta name=\"twitter:card\" content=\"summary_large_image\" \/>\n<meta name=\"twitter:label1\" content=\"Hinta\" \/>\n\t<meta name=\"twitter:data1\" content=\"&euro;0.00\" \/>\n\t<meta name=\"twitter:label2\" content=\"Saatavuus\" \/>\n\t<meta name=\"twitter:data2\" content=\"Varastossa\" \/>\n<script type=\"application\/ld+json\" class=\"yoast-schema-graph\">{\"@context\":\"https:\/\/schema.org\",\"@graph\":[{\"@type\":\"WebPage\",\"@id\":\"https:\/\/www.ufi.eu\/fi\/product\/pcn-ufi-keittion-puhdistustuotteille-2\/\",\"url\":\"https:\/\/www.ufi.eu\/fi\/product\/pcn-ufi-keittion-puhdistustuotteille-2\/\",\"name\":\"PCN &amp; UFI keitti\u00f6n puhdistustuotteille - UFI\",\"isPartOf\":{\"@id\":\"https:\/\/www.ufi.eu\/fi\/#website\"},\"primaryImageOfPage\":{\"@id\":\"https:\/\/www.ufi.eu\/fi\/product\/pcn-ufi-keittion-puhdistustuotteille-2\/#primaryimage\"},\"image\":{\"@id\":\"https:\/\/www.ufi.eu\/fi\/product\/pcn-ufi-keittion-puhdistustuotteille-2\/#primaryimage\"},\"thumbnailUrl\":\"https:\/\/www.ufi.eu\/wp-content\/uploads\/2025\/03\/PC-CLN-10_OTH.jpg\",\"datePublished\":\"2025-04-16T22:06:18+00:00\",\"description\":\"Varmistaa PCN- ja UFI-vaatimusten noudattaminen keitti\u00f6n ja siihen liittyvien siivoojien osalta. Hoidamme myrkytyskeskusilmoitukset ja ainutlaatuiset kaavatunnisteet puolestasi.\",\"breadcrumb\":{\"@id\":\"https:\/\/www.ufi.eu\/fi\/product\/pcn-ufi-keittion-puhdistustuotteille-2\/#breadcrumb\"},\"inLanguage\":\"fi\",\"potentialAction\":[{\"@type\":\"ReadAction\",\"target\":[\"https:\/\/www.ufi.eu\/fi\/product\/pcn-ufi-keittion-puhdistustuotteille-2\/\"]}]},{\"@type\":\"ImageObject\",\"inLanguage\":\"fi\",\"@id\":\"https:\/\/www.ufi.eu\/fi\/product\/pcn-ufi-keittion-puhdistustuotteille-2\/#primaryimage\",\"url\":\"https:\/\/www.ufi.eu\/wp-content\/uploads\/2025\/03\/PC-CLN-10_OTH.jpg\",\"contentUrl\":\"https:\/\/www.ufi.eu\/wp-content\/uploads\/2025\/03\/PC-CLN-10_OTH.jpg\",\"width\":1024,\"height\":1024},{\"@type\":\"BreadcrumbList\",\"@id\":\"https:\/\/www.ufi.eu\/fi\/product\/pcn-ufi-keittion-puhdistustuotteille-2\/#breadcrumb\",\"itemListElement\":[{\"@type\":\"ListItem\",\"position\":1,\"name\":\"Home\",\"item\":\"https:\/\/www.ufi.eu\/fi\/etusivu\/\"},{\"@type\":\"ListItem\",\"position\":2,\"name\":\"Kauppa\",\"item\":\"https:\/\/www.ufi.eu\/fi\/kauppa\/\"},{\"@type\":\"ListItem\",\"position\":3,\"name\":\"PCN &amp; UFI keitti\u00f6n puhdistustuotteille\"}]},{\"@type\":\"WebSite\",\"@id\":\"https:\/\/www.ufi.eu\/fi\/#website\",\"url\":\"https:\/\/www.ufi.eu\/fi\/\",\"name\":\"UFI.EU\",\"description\":\"Poison Centre Notifications (PCN) and UFI\",\"publisher\":{\"@id\":\"https:\/\/www.ufi.eu\/fi\/#organization\"},\"potentialAction\":[{\"@type\":\"SearchAction\",\"target\":{\"@type\":\"EntryPoint\",\"urlTemplate\":\"https:\/\/www.ufi.eu\/fi\/?s={search_term_string}\"},\"query-input\":{\"@type\":\"PropertyValueSpecification\",\"valueRequired\":true,\"valueName\":\"search_term_string\"}}],\"inLanguage\":\"fi\"},{\"@type\":\"Organization\",\"@id\":\"https:\/\/www.ufi.eu\/fi\/#organization\",\"name\":\"UFI.EU\",\"url\":\"https:\/\/www.ufi.eu\/fi\/\",\"logo\":{\"@type\":\"ImageObject\",\"inLanguage\":\"fi\",\"@id\":\"https:\/\/www.ufi.eu\/fi\/#\/schema\/logo\/image\/\",\"url\":\"https:\/\/www.ufi.eu\/wp-content\/uploads\/2025\/03\/cropped-logo_ufi3.jpg\",\"contentUrl\":\"https:\/\/www.ufi.eu\/wp-content\/uploads\/2025\/03\/cropped-logo_ufi3.jpg\",\"width\":231,\"height\":78,\"caption\":\"UFI.EU\"},\"image\":{\"@id\":\"https:\/\/www.ufi.eu\/fi\/#\/schema\/logo\/image\/\"},\"description\":\"UFI.eu specializes in digital registrations for Poison Centre Notifications (PCN), ensuring your chemical products meet EU regulatory requirements effortlessly. Our streamlined solutions help businesses stay compliant while reducing complexity and administrative burden.\",\"email\":\"info@ufi.eu\",\"legalName\":\"UFI.EU\"}]}<\/script>\n<meta property=\"product:price:amount\" content=\"0.00\" \/>\n<meta property=\"product:price:currency\" content=\"EUR\" \/>\n<meta property=\"og:availability\" content=\"instock\" \/>\n<meta property=\"product:availability\" content=\"instock\" \/>\n<meta property=\"product:retailer_item_id\" content=\"PC-CLN-10_OTH\" \/>\n<meta property=\"product:condition\" content=\"new\" \/>\n<!-- \/ Yoast SEO Premium plugin. -->","yoast_head_json":{"title":"PCN &amp; UFI keitti\u00f6n puhdistustuotteille - UFI","description":"Varmistaa PCN- ja UFI-vaatimusten noudattaminen keitti\u00f6n ja siihen liittyvien siivoojien osalta. Hoidamme myrkytyskeskusilmoitukset ja ainutlaatuiset kaavatunnisteet puolestasi.","robots":{"index":"index","follow":"follow","max-snippet":"max-snippet:-1","max-image-preview":"max-image-preview:large","max-video-preview":"max-video-preview:-1"},"canonical":"https:\/\/www.ufi.eu\/fi\/product\/pcn-ufi-keittion-puhdistustuotteille-2\/","og_locale":"fi_FI","og_type":"article","og_title":"PCN &amp; UFI keitti\u00f6n puhdistustuotteille","og_description":"Varmistaa PCN- ja UFI-vaatimusten noudattaminen keitti\u00f6n ja siihen liittyvien siivoojien osalta. Hoidamme myrkytyskeskusilmoitukset ja ainutlaatuiset kaavatunnisteet puolestasi.","og_url":"https:\/\/www.ufi.eu\/fi\/product\/pcn-ufi-keittion-puhdistustuotteille-2\/","og_site_name":"UFI","og_image":[{"width":1024,"height":1024,"url":"https:\/\/www.ufi.eu\/wp-content\/uploads\/2025\/03\/PC-CLN-10_OTH.jpg","type":"image\/jpeg"}],"twitter_card":"summary_large_image","twitter_misc":{"Hinta":"&euro;0.00","Saatavuus":"Varastossa"},"schema":{"@context":"https:\/\/schema.org","@graph":[{"@type":"WebPage","@id":"https:\/\/www.ufi.eu\/fi\/product\/pcn-ufi-keittion-puhdistustuotteille-2\/","url":"https:\/\/www.ufi.eu\/fi\/product\/pcn-ufi-keittion-puhdistustuotteille-2\/","name":"PCN &amp; UFI keitti\u00f6n puhdistustuotteille - UFI","isPartOf":{"@id":"https:\/\/www.ufi.eu\/fi\/#website"},"primaryImageOfPage":{"@id":"https:\/\/www.ufi.eu\/fi\/product\/pcn-ufi-keittion-puhdistustuotteille-2\/#primaryimage"},"image":{"@id":"https:\/\/www.ufi.eu\/fi\/product\/pcn-ufi-keittion-puhdistustuotteille-2\/#primaryimage"},"thumbnailUrl":"https:\/\/www.ufi.eu\/wp-content\/uploads\/2025\/03\/PC-CLN-10_OTH.jpg","datePublished":"2025-04-16T22:06:18+00:00","description":"Varmistaa PCN- ja UFI-vaatimusten noudattaminen keitti\u00f6n ja siihen liittyvien siivoojien osalta. Hoidamme myrkytyskeskusilmoitukset ja ainutlaatuiset kaavatunnisteet puolestasi.","breadcrumb":{"@id":"https:\/\/www.ufi.eu\/fi\/product\/pcn-ufi-keittion-puhdistustuotteille-2\/#breadcrumb"},"inLanguage":"fi","potentialAction":[{"@type":"ReadAction","target":["https:\/\/www.ufi.eu\/fi\/product\/pcn-ufi-keittion-puhdistustuotteille-2\/"]}]},{"@type":"ImageObject","inLanguage":"fi","@id":"https:\/\/www.ufi.eu\/fi\/product\/pcn-ufi-keittion-puhdistustuotteille-2\/#primaryimage","url":"https:\/\/www.ufi.eu\/wp-content\/uploads\/2025\/03\/PC-CLN-10_OTH.jpg","contentUrl":"https:\/\/www.ufi.eu\/wp-content\/uploads\/2025\/03\/PC-CLN-10_OTH.jpg","width":1024,"height":1024},{"@type":"BreadcrumbList","@id":"https:\/\/www.ufi.eu\/fi\/product\/pcn-ufi-keittion-puhdistustuotteille-2\/#breadcrumb","itemListElement":[{"@type":"ListItem","position":1,"name":"Home","item":"https:\/\/www.ufi.eu\/fi\/etusivu\/"},{"@type":"ListItem","position":2,"name":"Kauppa","item":"https:\/\/www.ufi.eu\/fi\/kauppa\/"},{"@type":"ListItem","position":3,"name":"PCN &amp; UFI keitti\u00f6n puhdistustuotteille"}]},{"@type":"WebSite","@id":"https:\/\/www.ufi.eu\/fi\/#website","url":"https:\/\/www.ufi.eu\/fi\/","name":"UFI.EU","description":"Poison Centre Notifications (PCN) and UFI","publisher":{"@id":"https:\/\/www.ufi.eu\/fi\/#organization"},"potentialAction":[{"@type":"SearchAction","target":{"@type":"EntryPoint","urlTemplate":"https:\/\/www.ufi.eu\/fi\/?s={search_term_string}"},"query-input":{"@type":"PropertyValueSpecification","valueRequired":true,"valueName":"search_term_string"}}],"inLanguage":"fi"},{"@type":"Organization","@id":"https:\/\/www.ufi.eu\/fi\/#organization","name":"UFI.EU","url":"https:\/\/www.ufi.eu\/fi\/","logo":{"@type":"ImageObject","inLanguage":"fi","@id":"https:\/\/www.ufi.eu\/fi\/#\/schema\/logo\/image\/","url":"https:\/\/www.ufi.eu\/wp-content\/uploads\/2025\/03\/cropped-logo_ufi3.jpg","contentUrl":"https:\/\/www.ufi.eu\/wp-content\/uploads\/2025\/03\/cropped-logo_ufi3.jpg","width":231,"height":78,"caption":"UFI.EU"},"image":{"@id":"https:\/\/www.ufi.eu\/fi\/#\/schema\/logo\/image\/"},"description":"UFI.eu specializes in digital registrations for Poison Centre Notifications (PCN), ensuring your chemical products meet EU regulatory requirements effortlessly. Our streamlined solutions help businesses stay compliant while reducing complexity and administrative burden.","email":"info@ufi.eu","legalName":"UFI.EU"}]},"product_price_amount":"0.00","product_price_currency":"EUR","og_availability":"instock","product_availability":"instock","product_retailer_item_id":"PC-CLN-10_OTH","product_condition":"new"},"_links":{"self":[{"href":"https:\/\/www.ufi.eu\/fi\/wp-json\/wp\/v2\/product\/17751","targetHints":{"allow":["GET"]}}],"collection":[{"href":"https:\/\/www.ufi.eu\/fi\/wp-json\/wp\/v2\/product"}],"about":[{"href":"https:\/\/www.ufi.eu\/fi\/wp-json\/wp\/v2\/types\/product"}],"wp:featuredmedia":[{"embeddable":true,"href":"https:\/\/www.ufi.eu\/fi\/wp-json\/wp\/v2\/media\/17752"}],"wp:attachment":[{"href":"https:\/\/www.ufi.eu\/fi\/wp-json\/wp\/v2\/media?parent=17751"}],"wp:term":[{"taxonomy":"product_brand","embeddable":true,"href":"https:\/\/www.ufi.eu\/fi\/wp-json\/wp\/v2\/product_brand?post=17751"},{"taxonomy":"product_cat","embeddable":true,"href":"https:\/\/www.ufi.eu\/fi\/wp-json\/wp\/v2\/product_cat?post=17751"},{"taxonomy":"product_tag","embeddable":true,"href":"https:\/\/www.ufi.eu\/fi\/wp-json\/wp\/v2\/product_tag?post=17751"}],"curies":[{"name":"wp","href":"https:\/\/api.w.org\/{rel}","templated":true}]}}