{"id":15275,"date":"2025-03-20T08:29:18","date_gmt":"2025-04-16T13:21:04","guid":{"rendered":"https:\/\/www.ufi.eu\/pcn\/Ei-luokiteltu\/tuulilasinpesunesteiden-pcn-ja-ufi\/"},"modified":"2025-04-16T13:21:04","modified_gmt":"2025-04-16T13:21:04","slug":"tuulilasinpesunesteiden-pcn-ja-ufi","status":"publish","type":"product","link":"https:\/\/www.ufi.eu\/fi\/product\/tuulilasinpesunesteiden-pcn-ja-ufi\/","title":{"rendered":"Tuulilasinpesunesteiden PCN ja UFI"},"content":{"rendered":"<h2>Miten UFI:n luominen ja PCN-ilmoituspalvelu toimii?<\/h2>\n<p>Kun olet ostanut t\u00e4m\u00e4n palvelun, saat p\u00e4\u00e4syn suojattuun portaaliin. Portaali sis\u00e4lt\u00e4\u00e4 yleiskatsauksen kaikista vaiheista.  T\u00e4yt\u00e4 tuotetietosi ja me ryhdymme t\u00f6ihin.<\/p>\n<h3>Myrkytyskeskusilmoitus &amp; UFI<\/h3>\n<p>Me tarjoamme:<\/p>\n<ul>\n<li>Tuotteen yksil\u00f6llinen kaavatunniste (UFI, Unique Formula Identifier).<\/li>\n<li>Myrkytyskeskusilmoitus (Poison Centre Notification, PCN) -raportti.<\/li>\n<li>Tuotteen rekister\u00f6inti asianomaisissa kansallisissa myrkytyskeskuksissa ECHAn kautta.<\/li>\n<\/ul>\n<h3>PCN-rekister\u00f6intimaat<\/h3>\n<p>Voit laskea niiden maiden m\u00e4\u00e4r\u00e4n, joissa haluat rekister\u00f6id\u00e4 tuotteesi. T\u00e4m\u00e4 on niiden maiden lukum\u00e4\u00e4r\u00e4, jotka sinun on ostettava.  Voit valita tietyt maat portaalissa. Jos aiot my\u00f6hemmin laajentaa tuotteidesi myynti\u00e4 uusiin maihin, voit aina tilata lis\u00e4\u00e4 <a href=\"https:\/\/www.ufi.eu\/fi\/pcn\/maat\/pcn-rekisterointimaat\/\" target=\"_blank\" title=\"PCN-maarekister\u00f6innit\">PCN-maarekister\u00f6intej\u00e4<\/a>.<br \/>EU:ssa on 27 maata ja ETA:ssa 30 maata (EU+Lichtenstein, Norja ja Islanti) Portaalissa voit valita n\u00e4m\u00e4 maat: <\/p>\n<table cellpadding=\"2\" cellspacing=\"0\" border=\"1\">\n<tbody>\n<tr>\n<td>Belgia<\/td>\n<td>(BE)<\/td>\n<td>Espanja<\/td>\n<td>(ES)<\/td>\n<td>Unkari<\/td>\n<td>(HU)<\/td>\n<td>Slovakia<\/td>\n<td>(SK)<\/td>\n<\/tr>\n<tr>\n<td>Bulgaria<\/td>\n<td>(BG)<\/td>\n<td>Ranska<\/td>\n<td>(FR)<\/td>\n<td>Malta<\/td>\n<td>(MT)<\/td>\n<td>Suomi<\/td>\n<td>(FI)<\/td>\n<\/tr>\n<tr>\n<td>T\u0161ekki<\/td>\n<td>(CZ)<\/td>\n<td>Kroatia<\/td>\n<td>(HR)<\/td>\n<td>Alankomaat<\/td>\n<td>(NL)<\/td>\n<td>Ruotsi<\/td>\n<td>(SE)<\/td>\n<\/tr>\n<tr>\n<td>Tanska<\/td>\n<td>(DK)<\/td>\n<td>Italia<\/td>\n<td>(IT)<\/td>\n<td>It\u00e4valta<\/td>\n<td>(AT)<\/td>\n<td>Saksa<\/td>\n<td>(DE)<\/td>\n<\/tr>\n<tr>\n<td>Kypros<\/td>\n<td>(CY)<\/td>\n<td>Puola<\/td>\n<td>(PL)<\/td>\n<td>Islanti<\/td>\n<td>(IS)<\/td>\n<td>Viro<\/td>\n<td>(EE)<\/td>\n<\/tr>\n<tr>\n<td>Latvia<\/td>\n<td>(LV)<\/td>\n<td>Portugali<\/td>\n<td>(PT)<\/td>\n<td>Liechtenstein<\/td>\n<td>(LI)<\/td>\n<td>Irlanti<\/td>\n<td>(IE)<\/td>\n<\/tr>\n<tr>\n<td>Liettua<\/td>\n<td>(LT)<\/td>\n<td>Romania<\/td>\n<td>(RO)<\/td>\n<td>Norja<\/td>\n<td>(EI)<\/td>\n<td>Kreikka<\/td>\n<td>(EL)<\/td>\n<\/tr>\n<tr>\n<td>Luxemburg<\/td>\n<td>(LU)<\/td>\n<td>Slovenia<\/td>\n<td>(SI)<\/td>\n<td>Sveitsi*<\/td>\n<td>(CH)<\/td>\n<td><\/td>\n<td><\/td>\n<\/tr>\n<\/tbody>\n<\/table>\n<p>*Sveitsin osalta voimme luoda PCN-asiakirjat, joissa on kaikki tarvittavat tiedot Sveitsin portaalissa tapahtuvaa hakemuksen j\u00e4tt\u00e4mist\u00e4 varten. Ota meihin yhteytt\u00e4 saadaksesi lis\u00e4tietoja. <\/p>\n<h3>CLP-merkinn\u00e4n tiedot<\/h3>\n<p>Tarjoamme mahdollisuuden ostaa CLP-asetuksen mukaisen tuoteselosteen, joka sis\u00e4lt\u00e4\u00e4 kaikki EU:n CLP-asetuksen edellytt\u00e4m\u00e4t pakolliset tiedot. T\u00e4m\u00e4 toimitetaan PDF-tiedostona.  T\u00e4m\u00e4 ei ole suunnitelma, vaan tiivistelm\u00e4 tarvittavista tiedoista. N\u00e4in voit sis\u00e4llytt\u00e4\u00e4 tarvittavat tiedot tuoteselosteesi suunnitteluun. Voit tilata <a href=\"https:\/\/www.ufi.eu\/fi\/pcn\/clp-etiketti\/clp-etikettien-luominen-ja-vaatimustenmukaisuuden-tarkistus\/\" target=\"_blank\" title=\"CLP-merkint\u00e4Creation\">CLP-etikettien luomisen<\/a> my\u00f6s erikseen. Onko sinulla jo etiketti? &#8211; Voimme tehd\u00e4 <a href=\"https:\/\/www.ufi.eu\/fi\/pcn\/clp-etiketti\/clp-etikettien-luominen-ja-vaatimustenmukaisuuden-tarkistus\/\" target=\"_blank\" title=\"CLP-etikettien vaatimustenmukaisuuden tarkistus\">CLP-etikettisi CLP-vaatimustenmukaisuuden tarkistuksen<\/a> nykyisten CLP-vaatimusten mukaisesti. Annamme yksityiskohtaista palautetta ja teemme korjauksia, jotta etikettisi t\u00e4ytt\u00e4\u00e4 kaikki viranomaisvaatimukset.     <\/p>\n<h2>Tuulilasin\/lasinpesunestett\u00e4 koskeva myrkytyskeskusilmoitus<\/h2>\n<p>Tuulilasinpesunestett\u00e4 lis\u00e4t\u00e4\u00e4n ajoneuvon s\u00e4ili\u00f6\u00f6n, jotta se pyyhkij\u00f6iden tuulilasille suihkuttamana auttaa poistamaan lian, \u00f6t\u00f6k\u00e4t ja lian. N\u00e4m\u00e4 nesteet sis\u00e4lt\u00e4v\u00e4t usein liuottimia, alkoholeja ja pesuaineita, jotka voivat aiheuttaa terveys- tai ymp\u00e4rist\u00f6riskej\u00e4, jos niit\u00e4 k\u00e4ytet\u00e4\u00e4n v\u00e4\u00e4rin. Jos neste luokitellaan EU:n s\u00e4\u00e4d\u00f6sten mukaan vaaralliseksi, tarvitaan myrkytystietoilmoitus (PCN). PCN-ilmoituksen toimittamisella valmistajat ja jakelijat varmistavat, ett\u00e4 myrkytyskeskukset saavat nopeasti k\u00e4ytt\u00f6\u00f6ns\u00e4 keskeiset tuotetiedot, mik\u00e4 mahdollistaa nopean reagoinnin vahingossa tapahtuvan altistumisen yhteydess\u00e4.   <\/p>\n<h3>UFI (Unique Formula Identifier, kaavan yksil\u00f6llinen tunniste)<\/h3>\n<p>UFI-tunnus (Unique Formula Identifier) on 16-merkkinen aakkosnumeerinen koodi, joka on annettu vaarallisen tuotteen erityiselle koostumukselle. Tuulilasin\/ tuulilasinpesunesteen osalta UFI-tunnus on ilmoitettava tuotteen etiketiss\u00e4, yleens\u00e4 vaaravaroitusten tai turvallisuusohjeiden l\u00e4heisyydess\u00e4. H\u00e4t\u00e4tilanteessa myrkytyskeskukset k\u00e4ytt\u00e4v\u00e4t UFI-tunnusta tuotteen nopeaan tunnistamiseen ja parhaiden toimintatapojen neuvontaan.  <\/p>\n<h3>PCN (myrkytyskeskusilmoitus)<\/h3>\n<p>Myrkytyskeskusilmoitus (PCN) on EU:n lains\u00e4\u00e4d\u00e4nn\u00f6ss\u00e4 s\u00e4\u00e4detty vaatimus, joka koskee kaikkia vaarallisiksi katsottuja kemiallisia seoksia. Ilmoittamalla tuulilasin\/ tuulilasinpesunesteen PCN-ilmoituksen valmistajat ja jakelijat toimittavat myrkytyskeskuksille yksityiskohtaiset tiedot tuotteen koostumuksesta, vaaraluokituksesta, k\u00e4ytt\u00f6ohjeista ja asianmukaisista ensiaputoimenpiteist\u00e4. N\u00e4m\u00e4 keskitetyt tiedot varmistavat altistumistapausten tehokkaamman k\u00e4sittelyn.  <\/p>\n<h3>CLP (luokitus, merkinn\u00e4t ja pakkaaminen)<\/h3>\n<p>CLP-asetuksessa (Classification, Labelling and Packaging) m\u00e4\u00e4ritell\u00e4\u00e4n, miten kemikaalit luokitellaan ja merkit\u00e4\u00e4n kaikkialla EU:ssa. Vaarallisten pesunesteiden etiketeiss\u00e4 on oltava asianmukaiset vaarasymbolit, turvalausekkeet ja UFI. N\u00e4m\u00e4 merkinn\u00e4t auttavat k\u00e4ytt\u00e4ji\u00e4 tunnistamaan mahdolliset riskit ja soveltamaan turvallisia k\u00e4sittelyk\u00e4yt\u00e4nt\u00f6j\u00e4.  <\/p>\n<h3>Myrkytyskeskus<\/h3>\n<p>Myrkytyskeskus on kansallisten myrkytyskeskusten verkosto, joka tarjoaa kiireellist\u00e4 l\u00e4\u00e4ketieteellist\u00e4 neuvontaa kemikaalialtistuksen yhteydess\u00e4. PCN-ilmoituksen tekeminen takaa, ett\u00e4 n\u00e4m\u00e4 keskukset saavat tuotetiedot v\u00e4litt\u00f6m\u00e4sti k\u00e4ytt\u00f6\u00f6ns\u00e4, mik\u00e4 ohjaa terveydenhuollon ammattilaisia antamaan t\u00e4sm\u00e4llist\u00e4 apua, jos joku altistuu vahingossa pesunesteelle. <\/p>\n<h3>Miksi t\u00e4t\u00e4 tarvitaan?<\/h3>\n<p>Tuulilasin\/ tuulilasinpesunesteet voivat sis\u00e4lt\u00e4\u00e4 kemikaaleja, kuten metanolia tai etyleeniglykolia, jotka voivat olla vaarallisia, jos niit\u00e4 niell\u00e4\u00e4n tai k\u00e4sitell\u00e4\u00e4n v\u00e4\u00e4rin. PCN-numeron antaminen varmistaa, ett\u00e4 myrkytyskeskukset tiet\u00e4v\u00e4t nesteen koostumuksen, mik\u00e4 nopeuttaa ja tarkentaa l\u00e4\u00e4ketieteellisten tai ensiapuohjeiden antamista tarvittaessa. <\/p>\n<h3>Mist\u00e4 l\u00e4htien t\u00e4m\u00e4 on ollut lain mukaan pakollista?<\/h3>\n<p>Tammikuun 1. p\u00e4iv\u00e4st\u00e4 2021 alkaen kaikki EU:n vaarallisuuskriteerit t\u00e4ytt\u00e4v\u00e4t kemialliset seokset, mukaan lukien tietyt tuulilasinpesunesteet, on rekister\u00f6it\u00e4v\u00e4 myrkytyskeskusilmoituksella. T\u00e4m\u00e4 asetus parantaa kuluttajien turvallisuutta ja yhdenmukaistaa h\u00e4t\u00e4tilaprotokollia kaikissa EU:n j\u00e4senvaltioissa. <\/p>\n<h2>FAQ<\/h2>\n<h3>Kysymys: Tarvitsevatko kaikki tuulilasinpesunesteet PCN-numeron?<\/h3>\n<p>Vastaa: Vain CLP-asetusten mukaan vaarallisiksi luokitellut aineet vaativat PCN-numeron. Vaarattomat nesteet eiv\u00e4t tarvitse rekister\u00f6inti\u00e4. <\/p>\n<h3>Kysymys: Miss\u00e4 UFI-tiedon pit\u00e4isi sijaita tuoteselosteessa?<\/h3>\n<p>Vastaa: UFI sijoitetaan yleens\u00e4 vaarasymbolien tai turvallisuusvaroitusten l\u00e4heisyyteen, jotta se on nopeasti saatavilla h\u00e4t\u00e4tilanteissa.<\/p>\n<h3>Kysymys: Mit\u00e4 yksityiskohtia pesunesteiden PCN-ilmoitus sis\u00e4lt\u00e4\u00e4?<\/h3>\n<p>Vastaa: PCN-ilmoituksessa on annettava tiedot nesteen kemiallisesta koostumuksesta, luokituksesta, pakkauksesta, k\u00e4ytt\u00f6ohjeista ja suositelluista ensiaputoimenpiteist\u00e4.<\/p>\n<h3>Kysymys: Kuuluvatko my\u00f6s ammattik\u00e4ytt\u00f6\u00f6n tai teollisuuteen tarkoitetut pesunesteet n\u00e4iden s\u00e4\u00e4nt\u00f6jen soveltamisalaan?<\/h3>\n<p>Vastaa: Vastaus: Kyll\u00e4. Jos tuote luokitellaan CLP:n mukaan vaaralliseksi, se edellytt\u00e4\u00e4 PCN-ilmoituksen toimittamista riippumatta siit\u00e4, mik\u00e4 on sen k\u00e4ytt\u00f6tarkoitus. <\/p>\n<h3>Kysymys: Kuka on vastuussa PCN:n toimittamisesta?<\/h3>\n<p>Vastaa: Valmistajan, maahantuojan tai jakelijan, joka saattaa vaarallisen tuotteen EU:n markkinoille, on k\u00e4sitelt\u00e4v\u00e4 PCN-ilmoitukset.<\/p>\n<h3>Kysymys: Mit\u00e4 tapahtuu, jos yritys j\u00e4tt\u00e4\u00e4 PCN-ilmoituksen tekem\u00e4tt\u00e4?<\/h3>\n<p>Vastaa: Vaatimusten noudattamatta j\u00e4tt\u00e4minen voi johtaa oikeudellisiin seuraamuksiin, kuten sakkoihin tai rajoituksiin, jotka koskevat tuotteen myynti\u00e4 EU:n markkinoilla siihen asti, kunnes PCN on toimitettu.<\/p>\n<h3>Kysymys: Milloin PCN-vaatimus tuli pakolliseksi?<\/h3>\n<p>Vastaa: Velvoite tuli voimaan 1. tammikuuta 2021 kaikkien EU:n CLP-asetusten mukaisten vaarallisten kemikaaliseosten osalta.<\/p>\n<h3>Kysymys: Kuinka kauan kest\u00e4\u00e4 UFI- ja PCN-ilmoituksen toimittaminen?<\/h3>\n<p>Se vie muutaman p\u00e4iv\u00e4n. Heti kun olet ladannut asiakirjat, aloitamme heti. <\/p>\n<h3>Kysymys: Olenko min\u00e4 PCN-ilmoituksen omistaja?<\/h3>\n<p>Kyll\u00e4, olet PCN-ilmoituksen omistaja. Sinulla s\u00e4ilyy t\u00e4ysi omistusoikeus antamiisi tietoihin.  PCN-ilmoitus on saatavilla ECHA-tilill\u00e4si.<\/p>\n<h3>Kysymys: Koskeeko t\u00e4m\u00e4 palvelu yht\u00e4 vai useampaa tuotetta?<\/h3>\n<p>Palvelu koskee yht\u00e4 tuotetta.<\/p>\n<h3>Kysymys: Miksi minun on maksettava UFI:n luomisesta?<\/h3>\n<p>Tarjoamassamme palvelussa ei ole kyse pelk\u00e4st\u00e4\u00e4n rahalaitoksen tarjoamisesta. UFI on osa paljon laajempaa prosessia.  Tarjoamamme ydinpalvelu on myrkytyskeskusilmoituksen (PCN) laatiminen ja toimittaminen kansallisille nimetyille elimille ECHA-portaalin kautta, mik\u00e4 on EU:n CLP-asetuksen mukainen pakollinen vaatimus vaarallisten seosten markkinoille saattamiseksi. UFI-ilmoituksen laatiminen on yksinkertaisin osa. PCN-raportti on kuitenkin monimutkainen. Se edellytt\u00e4\u00e4 yksityiskohtaista ainesosien tarkastelua &#8211; kemialliset luokitukset -, jotka on muotoiltu t\u00e4sm\u00e4llisesti myrkytyskeskuksen ECHA:n kautta toimittamista varten.   <\/p>\n<h3>Kysymys: Miten voin l\u00e4hett\u00e4\u00e4 PCN-ilmoituksen?<\/h3>\n<p>Tarjoamme ratkaisun yrityksille, joiden kotipaikka ei ole EU:ssa. L\u00f6yd\u00e4t lis\u00e4tietoja <a href=\"https:\/\/www.ufi.eu\/fi\/pcn\/eun-ulkopuolella\/pcn-ufi-eun-ulkopuolisille-yrityksille\/\" target=\"_blank\" rel=\"noopener\">PCN &amp; UFI for non-EU companies<\/a> -sivulta. <\/p>\n<h3>Kysymys: Voitteko toimittaa k\u00e4ytt\u00f6turvallisuustiedotteita, jotka ovat t\u00e4ysin EU:n asetuksen (REACH ja CLP) mukaisia?<\/h3>\n<p>Kyll\u00e4, voimme <a href=\"https:\/\/www.ufi.eu\/fi\/pcn\/kayttoturvallisuustiedote\/kayttoturvallisuustiedotteen-msds-sds-luontipalvelu\/\" target=\"_blank\"><strong>luoda k\u00e4ytt\u00f6turvallisuustiedotteita (SDS)<\/strong><\/a>&#8211; jotka tunnetaan my\u00f6s nimell\u00e4 <strong>k\u00e4ytt\u00f6turvallisuustiedotteet (MSDS, Material Safety Data Sheets<\/strong>) &#8211; r\u00e4\u00e4t\u00e4l\u00f6ityn\u00e4 tuotteellesi ja viimeisimpien EU-s\u00e4\u00e4d\u00f6sten mukaisina. Olitpa sitten valmistamassa kemiallisia seoksia, tuomassa tuotteita EU:hun tai jakelemassa niit\u00e4 omalla tuotemerkill\u00e4, vaatimustenmukainen k\u00e4ytt\u00f6turvallisuustiedote on lakis\u00e4\u00e4teinen vaatimus ja v\u00e4ltt\u00e4m\u00e4t\u00f6n edellytys turvalliselle k\u00e4yt\u00f6lle koko toimitusketjussa. Lis\u00e4tietoja l\u00f6yd\u00e4t <a href=\"https:\/\/www.ufi.eu\/fi\/pcn\/kayttoturvallisuustiedote\/kayttoturvallisuustiedotteen-msds-sds-luontipalvelu\/\" target=\"_blank\">k\u00e4ytt\u00f6turvallisuustiedotteen (MSDS\/SDS) luontipalvelun<\/a> sivulta.  <\/p>\n","protected":false},"excerpt":{"rendered":"<p>Miten UFI:n luominen ja PCN-ilmoituspalvelu toimii? Kun olet ostanut t\u00e4m\u00e4n palvelun, saat p\u00e4\u00e4syn suojattuun portaaliin. Portaali sis\u00e4lt\u00e4\u00e4 yleiskatsauksen kaikista vaiheista. T\u00e4yt\u00e4 tuotetietosi ja me ryhdymme t\u00f6ihin. Myrkytyskeskusilmoitus &amp; UFI Me tarjoamme: Tuotteen yksil\u00f6llinen kaavatunniste (UFI, Unique Formula Identifier). Myrkytyskeskusilmoitus (Poison Centre Notification, PCN) -raportti. Tuotteen rekister\u00f6inti asianomaisissa kansallisissa myrkytyskeskuksissa ECHAn kautta. PCN-rekister\u00f6intimaat Voit laskea niiden [&hellip;]<\/p>\n","protected":false},"featured_media":15276,"template":"","meta":[],"product_brand":[],"product_cat":[615],"product_tag":[],"class_list":{"0":"post-15275","1":"product","2":"type-product","3":"status-publish","4":"has-post-thumbnail","6":"product_cat-ajoneuvojen-puhdistustuotteet","8":"first","9":"instock","10":"virtual","11":"taxable","12":"purchasable","13":"product-type-bundle"},"bundled_by":[],"bundle_stock_status":"instock","bundle_stock_quantity":"","bundle_virtual":false,"bundle_layout":"default","bundle_add_to_cart_form_location":"default","bundle_editable_in_cart":false,"bundle_sold_individually_context":"product","bundle_item_grouping":"parent","bundle_min_size":"","bundle_max_size":"","bundle_price":{"price":{"min":{"incl_tax":"121","excl_tax":"100"},"max":{"incl_tax":"","excl_tax":""}},"regular_price":{"min":{"incl_tax":"121","excl_tax":"100"},"max":{"incl_tax":"","excl_tax":""}}},"bundled_items":[{"bundled_item_id":3978,"product_id":12551,"menu_order":0,"quantity_min":1,"quantity_max":1,"quantity_default":1,"priced_individually":true,"shipped_individually":false,"override_title":false,"title":null,"override_description":false,"description":null,"optional":false,"hide_thumbnail":false,"discount":"","override_variations":false,"allowed_variations":[""],"override_default_variation_attributes":false,"default_variation_attributes":[],"single_product_visibility":"visible","cart_visibility":"visible","order_visibility":"visible","single_product_price_visibility":"visible","cart_price_visibility":"visible","order_price_visibility":"visible","stock_status":"in_stock"},{"bundled_item_id":3979,"product_id":12530,"menu_order":1,"quantity_min":1,"quantity_max":"","quantity_default":1,"priced_individually":true,"shipped_individually":false,"override_title":false,"title":null,"override_description":false,"description":null,"optional":false,"hide_thumbnail":false,"discount":"","override_variations":false,"allowed_variations":[""],"override_default_variation_attributes":false,"default_variation_attributes":[],"single_product_visibility":"visible","cart_visibility":"visible","order_visibility":"visible","single_product_price_visibility":"visible","cart_price_visibility":"visible","order_price_visibility":"visible","stock_status":"in_stock"}],"bundle_sell_ids":[],"yoast_head":"<!-- This site is optimized with the Yoast SEO Premium plugin v25.1 (Yoast SEO v25.1) - https:\/\/yoast.com\/wordpress\/plugins\/seo\/ -->\n<title>Tuulilasinpesunesteiden PCN ja UFI - UFI<\/title>\n<meta name=\"description\" content=\"Hanki PCN &amp; UFI tuulilasinpesunesteist\u00e4. Varmista EU:n myrkytyskeskuksen vaatimustenmukaisuus nopealla ja luotettavalla ilmoituspalvelullamme!\" \/>\n<meta name=\"robots\" content=\"index, follow, max-snippet:-1, max-image-preview:large, max-video-preview:-1\" \/>\n<link rel=\"canonical\" href=\"https:\/\/www.ufi.eu\/fi\/product\/tuulilasinpesunesteiden-pcn-ja-ufi\/\" \/>\n<meta property=\"og:locale\" content=\"fi_FI\" \/>\n<meta property=\"og:type\" content=\"article\" \/>\n<meta property=\"og:title\" content=\"Tuulilasinpesunesteiden PCN ja UFI\" \/>\n<meta property=\"og:description\" content=\"Hanki PCN &amp; UFI tuulilasinpesunesteist\u00e4. Varmista EU:n myrkytyskeskuksen vaatimustenmukaisuus nopealla ja luotettavalla ilmoituspalvelullamme!\" \/>\n<meta property=\"og:url\" content=\"https:\/\/www.ufi.eu\/fi\/product\/tuulilasinpesunesteiden-pcn-ja-ufi\/\" \/>\n<meta property=\"og:site_name\" content=\"UFI\" \/>\n<meta property=\"og:image\" content=\"https:\/\/www.ufi.eu\/wp-content\/uploads\/2025\/03\/PC-CLN-17_8.jpg\" \/>\n\t<meta property=\"og:image:width\" content=\"1024\" \/>\n\t<meta property=\"og:image:height\" content=\"1024\" \/>\n\t<meta property=\"og:image:type\" content=\"image\/jpeg\" \/>\n<meta name=\"twitter:card\" content=\"summary_large_image\" \/>\n<meta name=\"twitter:label1\" content=\"Hinta\" \/>\n\t<meta name=\"twitter:data1\" content=\"&euro;0.00\" \/>\n\t<meta name=\"twitter:label2\" content=\"Saatavuus\" \/>\n\t<meta name=\"twitter:data2\" content=\"Varastossa\" \/>\n<script type=\"application\/ld+json\" class=\"yoast-schema-graph\">{\"@context\":\"https:\/\/schema.org\",\"@graph\":[{\"@type\":\"WebPage\",\"@id\":\"https:\/\/www.ufi.eu\/fi\/product\/tuulilasinpesunesteiden-pcn-ja-ufi\/\",\"url\":\"https:\/\/www.ufi.eu\/fi\/product\/tuulilasinpesunesteiden-pcn-ja-ufi\/\",\"name\":\"Tuulilasinpesunesteiden PCN ja UFI - UFI\",\"isPartOf\":{\"@id\":\"https:\/\/www.ufi.eu\/fi\/#website\"},\"primaryImageOfPage\":{\"@id\":\"https:\/\/www.ufi.eu\/fi\/product\/tuulilasinpesunesteiden-pcn-ja-ufi\/#primaryimage\"},\"image\":{\"@id\":\"https:\/\/www.ufi.eu\/fi\/product\/tuulilasinpesunesteiden-pcn-ja-ufi\/#primaryimage\"},\"thumbnailUrl\":\"https:\/\/www.ufi.eu\/wp-content\/uploads\/2025\/03\/PC-CLN-17_8.jpg\",\"datePublished\":\"2025-04-16T13:21:04+00:00\",\"description\":\"Hanki PCN & UFI tuulilasinpesunesteist\u00e4. Varmista EU:n myrkytyskeskuksen vaatimustenmukaisuus nopealla ja luotettavalla ilmoituspalvelullamme!\",\"breadcrumb\":{\"@id\":\"https:\/\/www.ufi.eu\/fi\/product\/tuulilasinpesunesteiden-pcn-ja-ufi\/#breadcrumb\"},\"inLanguage\":\"fi\",\"potentialAction\":[{\"@type\":\"ReadAction\",\"target\":[\"https:\/\/www.ufi.eu\/fi\/product\/tuulilasinpesunesteiden-pcn-ja-ufi\/\"]}]},{\"@type\":\"ImageObject\",\"inLanguage\":\"fi\",\"@id\":\"https:\/\/www.ufi.eu\/fi\/product\/tuulilasinpesunesteiden-pcn-ja-ufi\/#primaryimage\",\"url\":\"https:\/\/www.ufi.eu\/wp-content\/uploads\/2025\/03\/PC-CLN-17_8.jpg\",\"contentUrl\":\"https:\/\/www.ufi.eu\/wp-content\/uploads\/2025\/03\/PC-CLN-17_8.jpg\",\"width\":1024,\"height\":1024},{\"@type\":\"BreadcrumbList\",\"@id\":\"https:\/\/www.ufi.eu\/fi\/product\/tuulilasinpesunesteiden-pcn-ja-ufi\/#breadcrumb\",\"itemListElement\":[{\"@type\":\"ListItem\",\"position\":1,\"name\":\"Home\",\"item\":\"https:\/\/www.ufi.eu\/fi\/etusivu\/\"},{\"@type\":\"ListItem\",\"position\":2,\"name\":\"Kauppa\",\"item\":\"https:\/\/www.ufi.eu\/fi\/kauppa\/\"},{\"@type\":\"ListItem\",\"position\":3,\"name\":\"Tuulilasinpesunesteiden PCN ja UFI\"}]},{\"@type\":\"WebSite\",\"@id\":\"https:\/\/www.ufi.eu\/fi\/#website\",\"url\":\"https:\/\/www.ufi.eu\/fi\/\",\"name\":\"UFI.EU\",\"description\":\"Poison Centre Notifications (PCN) and UFI\",\"publisher\":{\"@id\":\"https:\/\/www.ufi.eu\/fi\/#organization\"},\"potentialAction\":[{\"@type\":\"SearchAction\",\"target\":{\"@type\":\"EntryPoint\",\"urlTemplate\":\"https:\/\/www.ufi.eu\/fi\/?s={search_term_string}\"},\"query-input\":{\"@type\":\"PropertyValueSpecification\",\"valueRequired\":true,\"valueName\":\"search_term_string\"}}],\"inLanguage\":\"fi\"},{\"@type\":\"Organization\",\"@id\":\"https:\/\/www.ufi.eu\/fi\/#organization\",\"name\":\"UFI.EU\",\"url\":\"https:\/\/www.ufi.eu\/fi\/\",\"logo\":{\"@type\":\"ImageObject\",\"inLanguage\":\"fi\",\"@id\":\"https:\/\/www.ufi.eu\/fi\/#\/schema\/logo\/image\/\",\"url\":\"https:\/\/www.ufi.eu\/wp-content\/uploads\/2025\/03\/cropped-logo_ufi3.jpg\",\"contentUrl\":\"https:\/\/www.ufi.eu\/wp-content\/uploads\/2025\/03\/cropped-logo_ufi3.jpg\",\"width\":231,\"height\":78,\"caption\":\"UFI.EU\"},\"image\":{\"@id\":\"https:\/\/www.ufi.eu\/fi\/#\/schema\/logo\/image\/\"},\"description\":\"UFI.eu specializes in digital registrations for Poison Centre Notifications (PCN), ensuring your chemical products meet EU regulatory requirements effortlessly. Our streamlined solutions help businesses stay compliant while reducing complexity and administrative burden.\",\"email\":\"info@ufi.eu\",\"legalName\":\"UFI.EU\"}]}<\/script>\n<meta property=\"product:price:amount\" content=\"0.00\" \/>\n<meta property=\"product:price:currency\" content=\"EUR\" \/>\n<meta property=\"og:availability\" content=\"instock\" \/>\n<meta property=\"product:availability\" content=\"instock\" \/>\n<meta property=\"product:retailer_item_id\" content=\"PC-CLN-17_8\" \/>\n<meta property=\"product:condition\" content=\"new\" \/>\n<!-- \/ Yoast SEO Premium plugin. -->","yoast_head_json":{"title":"Tuulilasinpesunesteiden PCN ja UFI - UFI","description":"Hanki PCN & UFI tuulilasinpesunesteist\u00e4. Varmista EU:n myrkytyskeskuksen vaatimustenmukaisuus nopealla ja luotettavalla ilmoituspalvelullamme!","robots":{"index":"index","follow":"follow","max-snippet":"max-snippet:-1","max-image-preview":"max-image-preview:large","max-video-preview":"max-video-preview:-1"},"canonical":"https:\/\/www.ufi.eu\/fi\/product\/tuulilasinpesunesteiden-pcn-ja-ufi\/","og_locale":"fi_FI","og_type":"article","og_title":"Tuulilasinpesunesteiden PCN ja UFI","og_description":"Hanki PCN & UFI tuulilasinpesunesteist\u00e4. Varmista EU:n myrkytyskeskuksen vaatimustenmukaisuus nopealla ja luotettavalla ilmoituspalvelullamme!","og_url":"https:\/\/www.ufi.eu\/fi\/product\/tuulilasinpesunesteiden-pcn-ja-ufi\/","og_site_name":"UFI","og_image":[{"width":1024,"height":1024,"url":"https:\/\/www.ufi.eu\/wp-content\/uploads\/2025\/03\/PC-CLN-17_8.jpg","type":"image\/jpeg"}],"twitter_card":"summary_large_image","twitter_misc":{"Hinta":"&euro;0.00","Saatavuus":"Varastossa"},"schema":{"@context":"https:\/\/schema.org","@graph":[{"@type":"WebPage","@id":"https:\/\/www.ufi.eu\/fi\/product\/tuulilasinpesunesteiden-pcn-ja-ufi\/","url":"https:\/\/www.ufi.eu\/fi\/product\/tuulilasinpesunesteiden-pcn-ja-ufi\/","name":"Tuulilasinpesunesteiden PCN ja UFI - UFI","isPartOf":{"@id":"https:\/\/www.ufi.eu\/fi\/#website"},"primaryImageOfPage":{"@id":"https:\/\/www.ufi.eu\/fi\/product\/tuulilasinpesunesteiden-pcn-ja-ufi\/#primaryimage"},"image":{"@id":"https:\/\/www.ufi.eu\/fi\/product\/tuulilasinpesunesteiden-pcn-ja-ufi\/#primaryimage"},"thumbnailUrl":"https:\/\/www.ufi.eu\/wp-content\/uploads\/2025\/03\/PC-CLN-17_8.jpg","datePublished":"2025-04-16T13:21:04+00:00","description":"Hanki PCN & UFI tuulilasinpesunesteist\u00e4. Varmista EU:n myrkytyskeskuksen vaatimustenmukaisuus nopealla ja luotettavalla ilmoituspalvelullamme!","breadcrumb":{"@id":"https:\/\/www.ufi.eu\/fi\/product\/tuulilasinpesunesteiden-pcn-ja-ufi\/#breadcrumb"},"inLanguage":"fi","potentialAction":[{"@type":"ReadAction","target":["https:\/\/www.ufi.eu\/fi\/product\/tuulilasinpesunesteiden-pcn-ja-ufi\/"]}]},{"@type":"ImageObject","inLanguage":"fi","@id":"https:\/\/www.ufi.eu\/fi\/product\/tuulilasinpesunesteiden-pcn-ja-ufi\/#primaryimage","url":"https:\/\/www.ufi.eu\/wp-content\/uploads\/2025\/03\/PC-CLN-17_8.jpg","contentUrl":"https:\/\/www.ufi.eu\/wp-content\/uploads\/2025\/03\/PC-CLN-17_8.jpg","width":1024,"height":1024},{"@type":"BreadcrumbList","@id":"https:\/\/www.ufi.eu\/fi\/product\/tuulilasinpesunesteiden-pcn-ja-ufi\/#breadcrumb","itemListElement":[{"@type":"ListItem","position":1,"name":"Home","item":"https:\/\/www.ufi.eu\/fi\/etusivu\/"},{"@type":"ListItem","position":2,"name":"Kauppa","item":"https:\/\/www.ufi.eu\/fi\/kauppa\/"},{"@type":"ListItem","position":3,"name":"Tuulilasinpesunesteiden PCN ja UFI"}]},{"@type":"WebSite","@id":"https:\/\/www.ufi.eu\/fi\/#website","url":"https:\/\/www.ufi.eu\/fi\/","name":"UFI.EU","description":"Poison Centre Notifications (PCN) and UFI","publisher":{"@id":"https:\/\/www.ufi.eu\/fi\/#organization"},"potentialAction":[{"@type":"SearchAction","target":{"@type":"EntryPoint","urlTemplate":"https:\/\/www.ufi.eu\/fi\/?s={search_term_string}"},"query-input":{"@type":"PropertyValueSpecification","valueRequired":true,"valueName":"search_term_string"}}],"inLanguage":"fi"},{"@type":"Organization","@id":"https:\/\/www.ufi.eu\/fi\/#organization","name":"UFI.EU","url":"https:\/\/www.ufi.eu\/fi\/","logo":{"@type":"ImageObject","inLanguage":"fi","@id":"https:\/\/www.ufi.eu\/fi\/#\/schema\/logo\/image\/","url":"https:\/\/www.ufi.eu\/wp-content\/uploads\/2025\/03\/cropped-logo_ufi3.jpg","contentUrl":"https:\/\/www.ufi.eu\/wp-content\/uploads\/2025\/03\/cropped-logo_ufi3.jpg","width":231,"height":78,"caption":"UFI.EU"},"image":{"@id":"https:\/\/www.ufi.eu\/fi\/#\/schema\/logo\/image\/"},"description":"UFI.eu specializes in digital registrations for Poison Centre Notifications (PCN), ensuring your chemical products meet EU regulatory requirements effortlessly. Our streamlined solutions help businesses stay compliant while reducing complexity and administrative burden.","email":"info@ufi.eu","legalName":"UFI.EU"}]},"product_price_amount":"0.00","product_price_currency":"EUR","og_availability":"instock","product_availability":"instock","product_retailer_item_id":"PC-CLN-17_8","product_condition":"new"},"_links":{"self":[{"href":"https:\/\/www.ufi.eu\/fi\/wp-json\/wp\/v2\/product\/15275","targetHints":{"allow":["GET"]}}],"collection":[{"href":"https:\/\/www.ufi.eu\/fi\/wp-json\/wp\/v2\/product"}],"about":[{"href":"https:\/\/www.ufi.eu\/fi\/wp-json\/wp\/v2\/types\/product"}],"wp:featuredmedia":[{"embeddable":true,"href":"https:\/\/www.ufi.eu\/fi\/wp-json\/wp\/v2\/media\/15276"}],"wp:attachment":[{"href":"https:\/\/www.ufi.eu\/fi\/wp-json\/wp\/v2\/media?parent=15275"}],"wp:term":[{"taxonomy":"product_brand","embeddable":true,"href":"https:\/\/www.ufi.eu\/fi\/wp-json\/wp\/v2\/product_brand?post=15275"},{"taxonomy":"product_cat","embeddable":true,"href":"https:\/\/www.ufi.eu\/fi\/wp-json\/wp\/v2\/product_cat?post=15275"},{"taxonomy":"product_tag","embeddable":true,"href":"https:\/\/www.ufi.eu\/fi\/wp-json\/wp\/v2\/product_tag?post=15275"}],"curies":[{"name":"wp","href":"https:\/\/api.w.org\/{rel}","templated":true}]}}