{"id":14979,"date":"2025-03-20T08:29:21","date_gmt":"2025-04-16T10:46:06","guid":{"rendered":"https:\/\/www.ufi.eu\/pcn\/Ei-luokiteltu\/pcn-ufi-muiden-elaintuotteiden-osalta\/"},"modified":"2025-04-16T10:46:06","modified_gmt":"2025-04-16T10:46:06","slug":"pcn-ufi-muiden-elaintuotteiden-osalta","status":"publish","type":"product","link":"https:\/\/www.ufi.eu\/fi\/product\/pcn-ufi-muiden-elaintuotteiden-osalta\/","title":{"rendered":"PCN &amp; UFI muiden el\u00e4intuotteiden osalta"},"content":{"rendered":"<h2>Miten UFI:n luominen ja PCN-ilmoituspalvelu toimii?<\/h2>\n<p>Kun olet ostanut t\u00e4m\u00e4n palvelun, saat p\u00e4\u00e4syn suojattuun portaaliin. Portaali sis\u00e4lt\u00e4\u00e4 yleiskatsauksen kaikista vaiheista.  T\u00e4yt\u00e4 tuotetietosi ja me ryhdymme t\u00f6ihin.<\/p>\n<h3>Myrkytyskeskusilmoitus &amp; UFI<\/h3>\n<p>Me tarjoamme:<\/p>\n<ul>\n<li>Tuotteen yksil\u00f6llinen kaavatunniste (UFI, Unique Formula Identifier).<\/li>\n<li>Myrkytyskeskusilmoitus (Poison Centre Notification, PCN) -raportti.<\/li>\n<li>Tuotteen rekister\u00f6inti asianomaisissa kansallisissa myrkytyskeskuksissa ECHAn kautta.<\/li>\n<\/ul>\n<h3>PCN-rekister\u00f6intimaat<\/h3>\n<p>Voit laskea niiden maiden m\u00e4\u00e4r\u00e4n, joissa haluat rekister\u00f6id\u00e4 tuotteesi. T\u00e4m\u00e4 on niiden maiden lukum\u00e4\u00e4r\u00e4, jotka sinun on ostettava.  Voit valita tietyt maat portaalissa. Jos aiot my\u00f6hemmin laajentaa tuotteidesi myynti\u00e4 uusiin maihin, voit aina tilata lis\u00e4\u00e4 <a href=\"https:\/\/www.ufi.eu\/fi\/pcn\/maat\/pcn-rekisterointimaat\/\" target=\"_blank\" title=\"PCN-maarekister\u00f6innit\">PCN-maarekister\u00f6intej\u00e4<\/a>.<br \/>EU:ssa on 27 maata ja ETA:ssa 30 maata (EU+Lichtenstein, Norja ja Islanti) Portaalissa voit valita n\u00e4m\u00e4 maat: <\/p>\n<table cellpadding=\"2\" cellspacing=\"0\" border=\"1\">\n<tbody>\n<tr>\n<td>Belgia<\/td>\n<td>(BE)<\/td>\n<td>Espanja<\/td>\n<td>(ES)<\/td>\n<td>Unkari<\/td>\n<td>(HU)<\/td>\n<td>Slovakia<\/td>\n<td>(SK)<\/td>\n<\/tr>\n<tr>\n<td>Bulgaria<\/td>\n<td>(BG)<\/td>\n<td>Ranska<\/td>\n<td>(FR)<\/td>\n<td>Malta<\/td>\n<td>(MT)<\/td>\n<td>Suomi<\/td>\n<td>(FI)<\/td>\n<\/tr>\n<tr>\n<td>T\u0161ekki<\/td>\n<td>(CZ)<\/td>\n<td>Kroatia<\/td>\n<td>(HR)<\/td>\n<td>Alankomaat<\/td>\n<td>(NL)<\/td>\n<td>Ruotsi<\/td>\n<td>(SE)<\/td>\n<\/tr>\n<tr>\n<td>Tanska<\/td>\n<td>(DK)<\/td>\n<td>Italia<\/td>\n<td>(IT)<\/td>\n<td>It\u00e4valta<\/td>\n<td>(AT)<\/td>\n<td>Saksa<\/td>\n<td>(DE)<\/td>\n<\/tr>\n<tr>\n<td>Kypros<\/td>\n<td>(CY)<\/td>\n<td>Puola<\/td>\n<td>(PL)<\/td>\n<td>Islanti<\/td>\n<td>(IS)<\/td>\n<td>Viro<\/td>\n<td>(EE)<\/td>\n<\/tr>\n<tr>\n<td>Latvia<\/td>\n<td>(LV)<\/td>\n<td>Portugali<\/td>\n<td>(PT)<\/td>\n<td>Liechtenstein<\/td>\n<td>(LI)<\/td>\n<td>Irlanti<\/td>\n<td>(IE)<\/td>\n<\/tr>\n<tr>\n<td>Liettua<\/td>\n<td>(LT)<\/td>\n<td>Romania<\/td>\n<td>(RO)<\/td>\n<td>Norja<\/td>\n<td>(EI)<\/td>\n<td>Kreikka<\/td>\n<td>(EL)<\/td>\n<\/tr>\n<tr>\n<td>Luxemburg<\/td>\n<td>(LU)<\/td>\n<td>Slovenia<\/td>\n<td>(SI)<\/td>\n<td>Sveitsi*<\/td>\n<td>(CH)<\/td>\n<td><\/td>\n<td><\/td>\n<\/tr>\n<\/tbody>\n<\/table>\n<p>*Sveitsin osalta voimme luoda PCN-asiakirjat, joissa on kaikki tarvittavat tiedot Sveitsin portaalissa tapahtuvaa hakemuksen j\u00e4tt\u00e4mist\u00e4 varten. Ota meihin yhteytt\u00e4 saadaksesi lis\u00e4tietoja. <\/p>\n<h3>CLP-merkinn\u00e4n tiedot<\/h3>\n<p>Tarjoamme mahdollisuuden ostaa CLP-asetuksen mukaisen tuoteselosteen, joka sis\u00e4lt\u00e4\u00e4 kaikki EU:n CLP-asetuksen edellytt\u00e4m\u00e4t pakolliset tiedot. T\u00e4m\u00e4 toimitetaan PDF-tiedostona.  T\u00e4m\u00e4 ei ole suunnitelma, vaan tiivistelm\u00e4 tarvittavista tiedoista. N\u00e4in voit sis\u00e4llytt\u00e4\u00e4 tarvittavat tiedot tuoteselosteesi suunnitteluun. Voit tilata <a href=\"https:\/\/www.ufi.eu\/fi\/pcn\/clp-etiketti\/clp-etikettien-luominen-ja-vaatimustenmukaisuuden-tarkistus\/\" target=\"_blank\" title=\"CLP-merkint\u00e4Creation\">CLP-etikettien luomisen<\/a> my\u00f6s erikseen. Onko sinulla jo etiketti? &#8211; Voimme tehd\u00e4 <a href=\"https:\/\/www.ufi.eu\/fi\/pcn\/clp-etiketti\/clp-etikettien-luominen-ja-vaatimustenmukaisuuden-tarkistus\/\" target=\"_blank\" title=\"CLP-etikettien vaatimustenmukaisuuden tarkistus\">CLP-etikettisi CLP-vaatimustenmukaisuuden tarkistuksen<\/a> nykyisten CLP-vaatimusten mukaisesti. Annamme yksityiskohtaista palautetta ja teemme korjauksia, jotta etikettisi t\u00e4ytt\u00e4\u00e4 kaikki viranomaisvaatimukset.     <\/p>\n<h2>Muiden el\u00e4imille tarkoitettujen tuotteiden rekister\u00f6inti myrkytyskeskukseen<\/h2>\n<p>Muista el\u00e4imille tarkoitetuista valmisteista (lukuun ottamatta biosidivalmisteita) on lain mukaan teht\u00e4v\u00e4 myrkytyskeskusilmoitus (PCN) myrkytyskeskukselle. N\u00e4ihin tuotteisiin voi kuulua monenlaisia el\u00e4intenhoitotuotteita, kuten hoito- ja puhdistusaineita sek\u00e4 muita ei-biologisia hoitotuotteita. PCN-ilmoituksella varmistetaan, ett\u00e4 n\u00e4m\u00e4 tuotteet luokitellaan asianmukaisesti ja ett\u00e4 niiden turvallisuustiedot ovat h\u00e4t\u00e4keskusten ja el\u00e4inl\u00e4\u00e4kint\u00e4alan ammattilaisten saatavilla, mik\u00e4 auttaa heit\u00e4 reagoimaan nopeasti ja tehokkaasti, jos tuotteeseen liittyy haittavaikutuksia tai onnettomuuksia.  <\/p>\n<h3>Mik\u00e4 on UFI?<\/h3>\n<p>UFI (Unique Formula Identifier) on yksil\u00f6llinen koodi, joka on annettu tietylle tuotemuodolle. Se auttaa j\u00e4ljitt\u00e4m\u00e4\u00e4n tuotteessa k\u00e4ytettyjen kemikaalien ja ainesosien tarkan seoksen. Muiden el\u00e4inper\u00e4isten tuotteiden osalta UFI on elint\u00e4rke\u00e4 tuotteen tunnistamiseksi ja tarvittaessa asianmukaisen h\u00e4t\u00e4k\u00e4sittelyn varmistamiseksi.  <\/p>\n<h3>Mik\u00e4 on PCN?<\/h3>\n<p>Myrkytyskeskusilmoitus (PCN) on pakollinen raportti, joka sis\u00e4lt\u00e4\u00e4 yksityiskohtaiset turvallisuustiedot, vaaraluokitukset ja tuotteen h\u00e4t\u00e4k\u00e4sittelyohjeet. El\u00e4intenhoitotuotteiden osalta PCN varmistaa, ett\u00e4 myrkytyskeskuksella on k\u00e4ytett\u00e4viss\u00e4\u00e4n kaikki tarvittavat tiedot turvallista k\u00e4ytt\u00f6\u00e4 ja tarvittaessa h\u00e4t\u00e4toimenpiteit\u00e4 varten. <\/p>\n<h3>Mik\u00e4 on CLP?<\/h3>\n<p>CLP (Classification, Labelling, and Packaging) on eurooppalainen asetus, jolla varmistetaan, ett\u00e4 kaikki vaarallisia aineita sis\u00e4lt\u00e4v\u00e4t tuotteet luokitellaan asianmukaisesti ja merkit\u00e4\u00e4n oikeilla turvallisuustiedoilla. El\u00e4intuotteiden osalta CLP-asetuksella varmistetaan, ett\u00e4 kaikki vaaralliset aineet merkit\u00e4\u00e4n asianmukaisilla vaarasymboleilla ja ett\u00e4 tarvittavat varotoimenpiteet sis\u00e4llytet\u00e4\u00e4n tuoteselosteisiin. <\/p>\n<h3>Mik\u00e4 on myrkytyskeskus?<\/h3>\n<p>Myrkytyskeskus on keskusorganisaatio, joka vastaa vaarallisia tuotteita koskevien turvallisuustietojen ker\u00e4\u00e4misest\u00e4 ja hallinnoinnista. Se toimii h\u00e4t\u00e4keskusten, terveydenhuollon ammattilaisten ja s\u00e4\u00e4ntelyviranomaisten t\u00e4rkeimp\u00e4n\u00e4 resurssina, jonka avulla he voivat saada ajantasaista tietoa tuotteista h\u00e4t\u00e4tilanteessa tai vahingossa tapahtuvan altistumisen yhteydess\u00e4. <\/p>\n<h3>Miksi t\u00e4t\u00e4 tarvitaan?<\/h3>\n<p>El\u00e4intuotteita koskevilla PCN-ilmoituksilla varmistetaan, ett\u00e4 turvallisuustiedot ovat saatavilla niille, jotka k\u00e4sittelev\u00e4t tuotetta tai joutuvat kosketuksiin sen kanssa. T\u00e4m\u00e4 on ratkaisevan t\u00e4rke\u00e4\u00e4 vaarallisille aineille altistumisen riskin v\u00e4hent\u00e4miseksi ja sen varmistamiseksi, ett\u00e4 h\u00e4t\u00e4tilanteessa pelastushenkil\u00f6st\u00f6ll\u00e4 on tarvittavat tiedot, jotta he voivat toimia nopeasti ja tehokkaasti vaaratilanteessa. <\/p>\n<h3>Mist\u00e4 l\u00e4htien t\u00e4m\u00e4 on ollut lain mukaan pakollista?<\/h3>\n<p>Vaatimus myrkytyskeskusilmoituksen (PCN) tekemisest\u00e4 vaarallisista tuotteista, my\u00f6s muista el\u00e4intenhoitotuotteista, tuli pakolliseksi 1. tammikuuta 2021. Vaatimus on osa EU:n asetuksia, joilla pyrit\u00e4\u00e4n parantamaan kemiallisten tuotteiden turvallista k\u00e4ytt\u00f6\u00e4 ja ehk\u00e4isem\u00e4\u00e4n vaarallisiin aineisiin liittyvi\u00e4 vaaratilanteita. <\/p>\n<h2>FAQ<\/h2>\n<h3>Kysymys: T\u00e4ytyyk\u00f6 muut el\u00e4imille tarkoitetut tuotteet rekister\u00f6id\u00e4 Myrkytystietokeskukseen?<\/h3>\n<p>Vastaa: Kyll\u00e4, jos tuote sis\u00e4lt\u00e4\u00e4 vaarallisia aineita, se on rekister\u00f6it\u00e4v\u00e4 myrkytyskeskukseen. N\u00e4in varmistetaan, ett\u00e4 h\u00e4t\u00e4keskusten ja el\u00e4inl\u00e4\u00e4k\u00e4reiden k\u00e4ytett\u00e4viss\u00e4 on t\u00e4rkeit\u00e4 turvallisuustietoja altistumisen tai onnettomuuksien varalta. <\/p>\n<h3>Kysymys: Mik\u00e4 on UFI:n tarkoitus el\u00e4intuotteiden osalta?<\/h3>\n<p>Vastaa: UFI-tunnusta (Unique Formula Identifier) k\u00e4ytet\u00e4\u00e4n el\u00e4intuotteen tarkan koostumuksen tunnistamiseen. Se auttaa pelastushenkil\u00f6st\u00f6\u00e4 j\u00e4ljitt\u00e4m\u00e4\u00e4n nopeasti tuotteen ainesosat ja m\u00e4\u00e4ritt\u00e4m\u00e4\u00e4n tarvittavat toimet onnettomuus- tai altistumistapauksessa. <\/p>\n<h3>Kysymys: Miksi minun on teht\u00e4v\u00e4 PCN-ilmoitus el\u00e4intuotteista?<\/h3>\n<p>Vastaa: PCN-ilmoituksen toimittaminen varmistaa, ett\u00e4 kriittiset turvallisuustiedot tuotteestasi ovat h\u00e4t\u00e4keskusten ja el\u00e4inl\u00e4\u00e4kint\u00e4alan ammattilaisten saatavilla. N\u00e4m\u00e4 tiedot auttavat heit\u00e4 reagoimaan tuotteeseen liittyviin vaaratilanteisiin tehokkaammin ja tarkemmin. <\/p>\n<h3>Kysymys: Miten CLP-yleissopimusta sovelletaan muihin el\u00e4intuotteisiin?<\/h3>\n<p>Vastaa: CLP:n avulla varmistetaan, ett\u00e4 vaarallisia aineita sis\u00e4lt\u00e4v\u00e4t el\u00e4intuotteet merkit\u00e4\u00e4n asianmukaisesti vaarasymboleilla, jolloin k\u00e4ytt\u00e4j\u00e4t ja pelastushenkil\u00f6st\u00f6 saavat olennaiset turvallisuustiedot riskien minimoimiseksi.<\/p>\n<h3>Kysymys: Milloin el\u00e4intuotteita koskevan PCN-ilmoituksen toimittaminen tuli pakolliseksi?<\/h3>\n<p>Vastaa: Myrkytystietoilmoituksen (Poison Centre Notification, PCN) tekeminen vaarallisista tuotteista tuli pakolliseksi 1. tammikuuta 2021 osana EU:n sitoutumista tuoteturvallisuuden parantamiseen ja vaarallisten kemikaalien aiheuttamien riskien v\u00e4hent\u00e4miseen.<\/p>\n<h3>Kysymys: Kuinka kauan kest\u00e4\u00e4 UFI- ja PCN-ilmoituksen toimittaminen?<\/h3>\n<p>Se vie muutaman p\u00e4iv\u00e4n. Heti kun olet ladannut asiakirjat, aloitamme heti. <\/p>\n<h3>Kysymys: Olenko min\u00e4 PCN-ilmoituksen omistaja?<\/h3>\n<p>Kyll\u00e4, olet PCN-ilmoituksen omistaja. Sinulla s\u00e4ilyy t\u00e4ysi omistusoikeus antamiisi tietoihin.  PCN-ilmoitus on saatavilla ECHA-tilill\u00e4si.<\/p>\n<h3>Kysymys: Koskeeko t\u00e4m\u00e4 palvelu yht\u00e4 vai useampaa tuotetta?<\/h3>\n<p>Palvelu koskee yht\u00e4 tuotetta.<\/p>\n<h3>Kysymys: Miksi minun on maksettava UFI:n luomisesta?<\/h3>\n<p>Tarjoamassamme palvelussa ei ole kyse pelk\u00e4st\u00e4\u00e4n rahalaitoksen tarjoamisesta. UFI on osa paljon laajempaa prosessia.  Tarjoamamme ydinpalvelu on myrkytyskeskusilmoituksen (PCN) laatiminen ja toimittaminen kansallisille nimetyille elimille ECHA-portaalin kautta, mik\u00e4 on EU:n CLP-asetuksen mukainen pakollinen vaatimus vaarallisten seosten markkinoille saattamiseksi. UFI-ilmoituksen laatiminen on yksinkertaisin osa. PCN-raportti on kuitenkin monimutkainen. Se edellytt\u00e4\u00e4 yksityiskohtaista ainesosien tarkastelua &#8211; kemialliset luokitukset -, jotka on muotoiltu t\u00e4sm\u00e4llisesti myrkytyskeskuksen ECHA:n kautta toimittamista varten.   <\/p>\n<h3>Kysymys: Miten voin l\u00e4hett\u00e4\u00e4 PCN-ilmoituksen?<\/h3>\n<p>Tarjoamme ratkaisun yrityksille, joiden kotipaikka ei ole EU:ssa. L\u00f6yd\u00e4t lis\u00e4tietoja <a href=\"https:\/\/www.ufi.eu\/fi\/pcn\/eun-ulkopuolella\/pcn-ufi-eun-ulkopuolisille-yrityksille\/\" target=\"_blank\" rel=\"noopener\">PCN &amp; UFI for non-EU companies<\/a> -sivulta. <\/p>\n<h3>Kysymys: Voitteko toimittaa k\u00e4ytt\u00f6turvallisuustiedotteita, jotka ovat t\u00e4ysin EU:n asetuksen (REACH ja CLP) mukaisia?<\/h3>\n<p>Kyll\u00e4, voimme <a href=\"https:\/\/www.ufi.eu\/fi\/pcn\/kayttoturvallisuustiedote\/kayttoturvallisuustiedotteen-msds-sds-luontipalvelu\/\" target=\"_blank\"><strong>luoda k\u00e4ytt\u00f6turvallisuustiedotteita (SDS)<\/strong><\/a>&#8211; jotka tunnetaan my\u00f6s nimell\u00e4 <strong>k\u00e4ytt\u00f6turvallisuustiedotteet (MSDS, Material Safety Data Sheets<\/strong>) &#8211; r\u00e4\u00e4t\u00e4l\u00f6ityn\u00e4 tuotteellesi ja viimeisimpien EU-s\u00e4\u00e4d\u00f6sten mukaisina. Olitpa sitten valmistamassa kemiallisia seoksia, tuomassa tuotteita EU:hun tai jakelemassa niit\u00e4 omalla tuotemerkill\u00e4, vaatimustenmukainen k\u00e4ytt\u00f6turvallisuustiedote on lakis\u00e4\u00e4teinen vaatimus ja v\u00e4ltt\u00e4m\u00e4t\u00f6n edellytys turvalliselle k\u00e4yt\u00f6lle koko toimitusketjussa. Lis\u00e4tietoja l\u00f6yd\u00e4t <a href=\"https:\/\/www.ufi.eu\/fi\/pcn\/kayttoturvallisuustiedote\/kayttoturvallisuustiedotteen-msds-sds-luontipalvelu\/\" target=\"_blank\">k\u00e4ytt\u00f6turvallisuustiedotteen (MSDS\/SDS) luontipalvelun<\/a> sivulta.  <\/p>\n","protected":false},"excerpt":{"rendered":"<p>Miten UFI:n luominen ja PCN-ilmoituspalvelu toimii? Kun olet ostanut t\u00e4m\u00e4n palvelun, saat p\u00e4\u00e4syn suojattuun portaaliin. Portaali sis\u00e4lt\u00e4\u00e4 yleiskatsauksen kaikista vaiheista. T\u00e4yt\u00e4 tuotetietosi ja me ryhdymme t\u00f6ihin. Myrkytyskeskusilmoitus &amp; UFI Me tarjoamme: Tuotteen yksil\u00f6llinen kaavatunniste (UFI, Unique Formula Identifier). Myrkytyskeskusilmoitus (Poison Centre Notification, PCN) -raportti. Tuotteen rekister\u00f6inti asianomaisissa kansallisissa myrkytyskeskuksissa ECHAn kautta. PCN-rekister\u00f6intimaat Voit laskea niiden [&hellip;]<\/p>\n","protected":false},"featured_media":14980,"template":"","meta":[],"product_brand":[],"product_cat":[566],"product_tag":[],"class_list":{"0":"post-14979","1":"product","2":"type-product","3":"status-publish","4":"has-post-thumbnail","6":"product_cat-elaimille-tarkoitetut-tuotteet","8":"first","9":"instock","10":"virtual","11":"taxable","12":"purchasable","13":"product-type-bundle"},"bundled_by":[],"bundle_stock_status":"instock","bundle_stock_quantity":"","bundle_virtual":false,"bundle_layout":"default","bundle_add_to_cart_form_location":"default","bundle_editable_in_cart":false,"bundle_sold_individually_context":"product","bundle_item_grouping":"parent","bundle_min_size":"","bundle_max_size":"","bundle_price":{"price":{"min":{"incl_tax":"121","excl_tax":"100"},"max":{"incl_tax":"","excl_tax":""}},"regular_price":{"min":{"incl_tax":"121","excl_tax":"100"},"max":{"incl_tax":"","excl_tax":""}}},"bundled_items":[{"bundled_item_id":3650,"product_id":12551,"menu_order":0,"quantity_min":1,"quantity_max":1,"quantity_default":1,"priced_individually":true,"shipped_individually":false,"override_title":false,"title":null,"override_description":false,"description":null,"optional":false,"hide_thumbnail":false,"discount":"","override_variations":false,"allowed_variations":[""],"override_default_variation_attributes":false,"default_variation_attributes":[],"single_product_visibility":"visible","cart_visibility":"visible","order_visibility":"visible","single_product_price_visibility":"visible","cart_price_visibility":"visible","order_price_visibility":"visible","stock_status":"in_stock"},{"bundled_item_id":3651,"product_id":12530,"menu_order":1,"quantity_min":1,"quantity_max":"","quantity_default":1,"priced_individually":true,"shipped_individually":false,"override_title":false,"title":null,"override_description":false,"description":null,"optional":false,"hide_thumbnail":false,"discount":"","override_variations":false,"allowed_variations":[""],"override_default_variation_attributes":false,"default_variation_attributes":[],"single_product_visibility":"visible","cart_visibility":"visible","order_visibility":"visible","single_product_price_visibility":"visible","cart_price_visibility":"visible","order_price_visibility":"visible","stock_status":"in_stock"}],"bundle_sell_ids":[],"yoast_head":"<!-- This site is optimized with the Yoast SEO Premium plugin v25.1 (Yoast SEO v25.1) - https:\/\/yoast.com\/wordpress\/plugins\/seo\/ -->\n<title>PCN &amp; UFI muiden el\u00e4intuotteiden osalta - UFI<\/title>\n<meta name=\"description\" content=\"Varmistaa PCN- ja UFI-vaatimusten noudattaminen el\u00e4intuotteiden osalta (ei-biosidit). Hoidamme puolestasi myrkytyskeskusilmoitukset ja ainutlaatuiset kaavatunnisteet.\" \/>\n<meta name=\"robots\" content=\"index, follow, max-snippet:-1, max-image-preview:large, max-video-preview:-1\" \/>\n<link rel=\"canonical\" href=\"https:\/\/www.ufi.eu\/fi\/product\/pcn-ufi-muiden-elaintuotteiden-osalta\/\" \/>\n<meta property=\"og:locale\" content=\"fi_FI\" \/>\n<meta property=\"og:type\" content=\"article\" \/>\n<meta property=\"og:title\" content=\"PCN &amp; UFI muiden el\u00e4intuotteiden osalta\" \/>\n<meta property=\"og:description\" content=\"Varmistaa PCN- ja UFI-vaatimusten noudattaminen el\u00e4intuotteiden osalta (ei-biosidit). Hoidamme puolestasi myrkytyskeskusilmoitukset ja ainutlaatuiset kaavatunnisteet.\" \/>\n<meta property=\"og:url\" content=\"https:\/\/www.ufi.eu\/fi\/product\/pcn-ufi-muiden-elaintuotteiden-osalta\/\" \/>\n<meta property=\"og:site_name\" content=\"UFI\" \/>\n<meta property=\"og:image\" content=\"https:\/\/www.ufi.eu\/wp-content\/uploads\/2025\/03\/PC-ANI-OTH.jpg\" \/>\n\t<meta property=\"og:image:width\" content=\"1024\" \/>\n\t<meta property=\"og:image:height\" content=\"1024\" \/>\n\t<meta property=\"og:image:type\" content=\"image\/jpeg\" \/>\n<meta name=\"twitter:card\" content=\"summary_large_image\" \/>\n<meta name=\"twitter:label1\" content=\"Hinta\" \/>\n\t<meta name=\"twitter:data1\" content=\"&euro;0.00\" \/>\n\t<meta name=\"twitter:label2\" content=\"Saatavuus\" \/>\n\t<meta name=\"twitter:data2\" content=\"Varastossa\" \/>\n<script type=\"application\/ld+json\" class=\"yoast-schema-graph\">{\"@context\":\"https:\/\/schema.org\",\"@graph\":[{\"@type\":\"WebPage\",\"@id\":\"https:\/\/www.ufi.eu\/fi\/product\/pcn-ufi-muiden-elaintuotteiden-osalta\/\",\"url\":\"https:\/\/www.ufi.eu\/fi\/product\/pcn-ufi-muiden-elaintuotteiden-osalta\/\",\"name\":\"PCN &amp; UFI muiden el\u00e4intuotteiden osalta - UFI\",\"isPartOf\":{\"@id\":\"https:\/\/www.ufi.eu\/fi\/#website\"},\"primaryImageOfPage\":{\"@id\":\"https:\/\/www.ufi.eu\/fi\/product\/pcn-ufi-muiden-elaintuotteiden-osalta\/#primaryimage\"},\"image\":{\"@id\":\"https:\/\/www.ufi.eu\/fi\/product\/pcn-ufi-muiden-elaintuotteiden-osalta\/#primaryimage\"},\"thumbnailUrl\":\"https:\/\/www.ufi.eu\/wp-content\/uploads\/2025\/03\/PC-ANI-OTH.jpg\",\"datePublished\":\"2025-04-16T10:46:06+00:00\",\"description\":\"Varmistaa PCN- ja UFI-vaatimusten noudattaminen el\u00e4intuotteiden osalta (ei-biosidit). Hoidamme puolestasi myrkytyskeskusilmoitukset ja ainutlaatuiset kaavatunnisteet.\",\"breadcrumb\":{\"@id\":\"https:\/\/www.ufi.eu\/fi\/product\/pcn-ufi-muiden-elaintuotteiden-osalta\/#breadcrumb\"},\"inLanguage\":\"fi\",\"potentialAction\":[{\"@type\":\"ReadAction\",\"target\":[\"https:\/\/www.ufi.eu\/fi\/product\/pcn-ufi-muiden-elaintuotteiden-osalta\/\"]}]},{\"@type\":\"ImageObject\",\"inLanguage\":\"fi\",\"@id\":\"https:\/\/www.ufi.eu\/fi\/product\/pcn-ufi-muiden-elaintuotteiden-osalta\/#primaryimage\",\"url\":\"https:\/\/www.ufi.eu\/wp-content\/uploads\/2025\/03\/PC-ANI-OTH.jpg\",\"contentUrl\":\"https:\/\/www.ufi.eu\/wp-content\/uploads\/2025\/03\/PC-ANI-OTH.jpg\",\"width\":1024,\"height\":1024},{\"@type\":\"BreadcrumbList\",\"@id\":\"https:\/\/www.ufi.eu\/fi\/product\/pcn-ufi-muiden-elaintuotteiden-osalta\/#breadcrumb\",\"itemListElement\":[{\"@type\":\"ListItem\",\"position\":1,\"name\":\"Home\",\"item\":\"https:\/\/www.ufi.eu\/fi\/etusivu\/\"},{\"@type\":\"ListItem\",\"position\":2,\"name\":\"Kauppa\",\"item\":\"https:\/\/www.ufi.eu\/fi\/kauppa\/\"},{\"@type\":\"ListItem\",\"position\":3,\"name\":\"PCN &amp; UFI muiden el\u00e4intuotteiden osalta\"}]},{\"@type\":\"WebSite\",\"@id\":\"https:\/\/www.ufi.eu\/fi\/#website\",\"url\":\"https:\/\/www.ufi.eu\/fi\/\",\"name\":\"UFI.EU\",\"description\":\"Poison Centre Notifications (PCN) and UFI\",\"publisher\":{\"@id\":\"https:\/\/www.ufi.eu\/fi\/#organization\"},\"potentialAction\":[{\"@type\":\"SearchAction\",\"target\":{\"@type\":\"EntryPoint\",\"urlTemplate\":\"https:\/\/www.ufi.eu\/fi\/?s={search_term_string}\"},\"query-input\":{\"@type\":\"PropertyValueSpecification\",\"valueRequired\":true,\"valueName\":\"search_term_string\"}}],\"inLanguage\":\"fi\"},{\"@type\":\"Organization\",\"@id\":\"https:\/\/www.ufi.eu\/fi\/#organization\",\"name\":\"UFI.EU\",\"url\":\"https:\/\/www.ufi.eu\/fi\/\",\"logo\":{\"@type\":\"ImageObject\",\"inLanguage\":\"fi\",\"@id\":\"https:\/\/www.ufi.eu\/fi\/#\/schema\/logo\/image\/\",\"url\":\"https:\/\/www.ufi.eu\/wp-content\/uploads\/2025\/03\/cropped-logo_ufi3.jpg\",\"contentUrl\":\"https:\/\/www.ufi.eu\/wp-content\/uploads\/2025\/03\/cropped-logo_ufi3.jpg\",\"width\":231,\"height\":78,\"caption\":\"UFI.EU\"},\"image\":{\"@id\":\"https:\/\/www.ufi.eu\/fi\/#\/schema\/logo\/image\/\"},\"description\":\"UFI.eu specializes in digital registrations for Poison Centre Notifications (PCN), ensuring your chemical products meet EU regulatory requirements effortlessly. Our streamlined solutions help businesses stay compliant while reducing complexity and administrative burden.\",\"email\":\"info@ufi.eu\",\"legalName\":\"UFI.EU\"}]}<\/script>\n<meta property=\"product:price:amount\" content=\"0.00\" \/>\n<meta property=\"product:price:currency\" content=\"EUR\" \/>\n<meta property=\"og:availability\" content=\"instock\" \/>\n<meta property=\"product:availability\" content=\"instock\" \/>\n<meta property=\"product:retailer_item_id\" content=\"PC-ANI-OTH\" \/>\n<meta property=\"product:condition\" content=\"new\" \/>\n<!-- \/ Yoast SEO Premium plugin. -->","yoast_head_json":{"title":"PCN &amp; UFI muiden el\u00e4intuotteiden osalta - UFI","description":"Varmistaa PCN- ja UFI-vaatimusten noudattaminen el\u00e4intuotteiden osalta (ei-biosidit). Hoidamme puolestasi myrkytyskeskusilmoitukset ja ainutlaatuiset kaavatunnisteet.","robots":{"index":"index","follow":"follow","max-snippet":"max-snippet:-1","max-image-preview":"max-image-preview:large","max-video-preview":"max-video-preview:-1"},"canonical":"https:\/\/www.ufi.eu\/fi\/product\/pcn-ufi-muiden-elaintuotteiden-osalta\/","og_locale":"fi_FI","og_type":"article","og_title":"PCN &amp; UFI muiden el\u00e4intuotteiden osalta","og_description":"Varmistaa PCN- ja UFI-vaatimusten noudattaminen el\u00e4intuotteiden osalta (ei-biosidit). Hoidamme puolestasi myrkytyskeskusilmoitukset ja ainutlaatuiset kaavatunnisteet.","og_url":"https:\/\/www.ufi.eu\/fi\/product\/pcn-ufi-muiden-elaintuotteiden-osalta\/","og_site_name":"UFI","og_image":[{"width":1024,"height":1024,"url":"https:\/\/www.ufi.eu\/wp-content\/uploads\/2025\/03\/PC-ANI-OTH.jpg","type":"image\/jpeg"}],"twitter_card":"summary_large_image","twitter_misc":{"Hinta":"&euro;0.00","Saatavuus":"Varastossa"},"schema":{"@context":"https:\/\/schema.org","@graph":[{"@type":"WebPage","@id":"https:\/\/www.ufi.eu\/fi\/product\/pcn-ufi-muiden-elaintuotteiden-osalta\/","url":"https:\/\/www.ufi.eu\/fi\/product\/pcn-ufi-muiden-elaintuotteiden-osalta\/","name":"PCN &amp; UFI muiden el\u00e4intuotteiden osalta - UFI","isPartOf":{"@id":"https:\/\/www.ufi.eu\/fi\/#website"},"primaryImageOfPage":{"@id":"https:\/\/www.ufi.eu\/fi\/product\/pcn-ufi-muiden-elaintuotteiden-osalta\/#primaryimage"},"image":{"@id":"https:\/\/www.ufi.eu\/fi\/product\/pcn-ufi-muiden-elaintuotteiden-osalta\/#primaryimage"},"thumbnailUrl":"https:\/\/www.ufi.eu\/wp-content\/uploads\/2025\/03\/PC-ANI-OTH.jpg","datePublished":"2025-04-16T10:46:06+00:00","description":"Varmistaa PCN- ja UFI-vaatimusten noudattaminen el\u00e4intuotteiden osalta (ei-biosidit). Hoidamme puolestasi myrkytyskeskusilmoitukset ja ainutlaatuiset kaavatunnisteet.","breadcrumb":{"@id":"https:\/\/www.ufi.eu\/fi\/product\/pcn-ufi-muiden-elaintuotteiden-osalta\/#breadcrumb"},"inLanguage":"fi","potentialAction":[{"@type":"ReadAction","target":["https:\/\/www.ufi.eu\/fi\/product\/pcn-ufi-muiden-elaintuotteiden-osalta\/"]}]},{"@type":"ImageObject","inLanguage":"fi","@id":"https:\/\/www.ufi.eu\/fi\/product\/pcn-ufi-muiden-elaintuotteiden-osalta\/#primaryimage","url":"https:\/\/www.ufi.eu\/wp-content\/uploads\/2025\/03\/PC-ANI-OTH.jpg","contentUrl":"https:\/\/www.ufi.eu\/wp-content\/uploads\/2025\/03\/PC-ANI-OTH.jpg","width":1024,"height":1024},{"@type":"BreadcrumbList","@id":"https:\/\/www.ufi.eu\/fi\/product\/pcn-ufi-muiden-elaintuotteiden-osalta\/#breadcrumb","itemListElement":[{"@type":"ListItem","position":1,"name":"Home","item":"https:\/\/www.ufi.eu\/fi\/etusivu\/"},{"@type":"ListItem","position":2,"name":"Kauppa","item":"https:\/\/www.ufi.eu\/fi\/kauppa\/"},{"@type":"ListItem","position":3,"name":"PCN &amp; UFI muiden el\u00e4intuotteiden osalta"}]},{"@type":"WebSite","@id":"https:\/\/www.ufi.eu\/fi\/#website","url":"https:\/\/www.ufi.eu\/fi\/","name":"UFI.EU","description":"Poison Centre Notifications (PCN) and UFI","publisher":{"@id":"https:\/\/www.ufi.eu\/fi\/#organization"},"potentialAction":[{"@type":"SearchAction","target":{"@type":"EntryPoint","urlTemplate":"https:\/\/www.ufi.eu\/fi\/?s={search_term_string}"},"query-input":{"@type":"PropertyValueSpecification","valueRequired":true,"valueName":"search_term_string"}}],"inLanguage":"fi"},{"@type":"Organization","@id":"https:\/\/www.ufi.eu\/fi\/#organization","name":"UFI.EU","url":"https:\/\/www.ufi.eu\/fi\/","logo":{"@type":"ImageObject","inLanguage":"fi","@id":"https:\/\/www.ufi.eu\/fi\/#\/schema\/logo\/image\/","url":"https:\/\/www.ufi.eu\/wp-content\/uploads\/2025\/03\/cropped-logo_ufi3.jpg","contentUrl":"https:\/\/www.ufi.eu\/wp-content\/uploads\/2025\/03\/cropped-logo_ufi3.jpg","width":231,"height":78,"caption":"UFI.EU"},"image":{"@id":"https:\/\/www.ufi.eu\/fi\/#\/schema\/logo\/image\/"},"description":"UFI.eu specializes in digital registrations for Poison Centre Notifications (PCN), ensuring your chemical products meet EU regulatory requirements effortlessly. Our streamlined solutions help businesses stay compliant while reducing complexity and administrative burden.","email":"info@ufi.eu","legalName":"UFI.EU"}]},"product_price_amount":"0.00","product_price_currency":"EUR","og_availability":"instock","product_availability":"instock","product_retailer_item_id":"PC-ANI-OTH","product_condition":"new"},"_links":{"self":[{"href":"https:\/\/www.ufi.eu\/fi\/wp-json\/wp\/v2\/product\/14979","targetHints":{"allow":["GET"]}}],"collection":[{"href":"https:\/\/www.ufi.eu\/fi\/wp-json\/wp\/v2\/product"}],"about":[{"href":"https:\/\/www.ufi.eu\/fi\/wp-json\/wp\/v2\/types\/product"}],"wp:featuredmedia":[{"embeddable":true,"href":"https:\/\/www.ufi.eu\/fi\/wp-json\/wp\/v2\/media\/14980"}],"wp:attachment":[{"href":"https:\/\/www.ufi.eu\/fi\/wp-json\/wp\/v2\/media?parent=14979"}],"wp:term":[{"taxonomy":"product_brand","embeddable":true,"href":"https:\/\/www.ufi.eu\/fi\/wp-json\/wp\/v2\/product_brand?post=14979"},{"taxonomy":"product_cat","embeddable":true,"href":"https:\/\/www.ufi.eu\/fi\/wp-json\/wp\/v2\/product_cat?post=14979"},{"taxonomy":"product_tag","embeddable":true,"href":"https:\/\/www.ufi.eu\/fi\/wp-json\/wp\/v2\/product_tag?post=14979"}],"curies":[{"name":"wp","href":"https:\/\/api.w.org\/{rel}","templated":true}]}}