{"id":13341,"date":"2025-03-03T16:34:04","date_gmt":"2025-04-15T21:28:14","guid":{"rendered":"https:\/\/www.ufi.eu\/pcn\/Ei-luokiteltu\/pcn-ufi-liimoille-koti-koulu-ja-toimistokayttoon\/"},"modified":"2025-04-15T21:28:14","modified_gmt":"2025-04-15T21:28:14","slug":"pcn-ufi-liimoille-koti-koulu-ja-toimistokayttoon","status":"publish","type":"product","link":"https:\/\/www.ufi.eu\/fi\/product\/pcn-ufi-liimoille-koti-koulu-ja-toimistokayttoon\/","title":{"rendered":"PCN &amp; UFI liimoille &#8211; koti-, koulu- ja toimistok\u00e4ytt\u00f6\u00f6n"},"content":{"rendered":"<h2>Kotitalous-, toimisto- tai kouluk\u00e4ytt\u00f6\u00f6n tarkoitettujen liimojen ja tiivisteiden rekister\u00f6inti<\/h2>\n<p>Kotitalous-, toimisto- tai kouluk\u00e4ytt\u00f6\u00f6n tarkoitettujen liimojen ja tiivisteiden rekister\u00f6inti on ratkaisevan t\u00e4rke\u00e4\u00e4, jotta voidaan varmistaa turvallisuutta, merkint\u00f6j\u00e4 ja kuluttajansuojaa koskevien s\u00e4\u00e4ntelystandardien noudattaminen. N\u00e4it\u00e4 tuotteita, kuten askarteluliimoja, monik\u00e4ytt\u00f6liimoja, liimapuikkoja, pikaliimoja, puuliimoja, kontaktiliimoja ja liimasuihkeita, k\u00e4ytet\u00e4\u00e4n laajalti jokap\u00e4iv\u00e4isiss\u00e4 ymp\u00e4rist\u00f6iss\u00e4, kuten kodeissa, kouluissa ja toimistoissa. Asianmukaisella rekister\u00f6innill\u00e4 varmistetaan, ett\u00e4 n\u00e4m\u00e4 tuotteet t\u00e4ytt\u00e4v\u00e4t vaaditut turvallisuusstandardit, ett\u00e4 niiss\u00e4 on selke\u00e4t merkinn\u00e4t, joissa on vaaratiedot, ja ett\u00e4 niiss\u00e4 annetaan turvallisen k\u00e4yt\u00f6n ohjeet, jotta kuluttajia voidaan suojella mahdollisilta terveysriskeilt\u00e4.  <\/p>\n<h3>Mik\u00e4 on UFI?<\/h3>\n<p>UFI (Unique Formula Identifier) on koodi, joka yksil\u00f6i tuotteen erityisen kemiallisen koostumuksen. Se on mainittava tuotteen merkinn\u00f6iss\u00e4, ja sit\u00e4 vaaditaan laissa osana myrkytyskeskusilmoitusta (Poison Centre Notification, PCN). UFI-tunnus auttaa pelastushenkil\u00f6st\u00f6\u00e4 tunnistamaan tuotteen nopeasti ja arvioimaan riskin kemikaalialtistumis- tai myrkytystapauksissa.  <\/p>\n<h3>Mik\u00e4 on PCN?<\/h3>\n<p>PCN (Poison Centre Notification) on vaarallisten tuotteiden valmistajia ja jakelijoita koskeva lakis\u00e4\u00e4teinen vaatimus ilmoittaa EU:n myrkytyskeskukselle tuotteidensa koostumuksesta ja mahdollisista vaaroista. Liimojen ja tiivisteiden osalta PCN varmistaa, ett\u00e4 tuotteen kemialliset ainesosat, vaaraluokitukset ja turvalliset k\u00e4ytt\u00f6ohjeet ovat terveydenhuollon tarjoajien ja pelastushenkil\u00f6st\u00f6n saatavilla altistumisen tai myrkytyksen sattuessa. <\/p>\n<h3>Mik\u00e4 on CLP?<\/h3>\n<p>CLP (Classification, Labelling, and Packaging) on EU:n asetus, jossa kemikaalit luokitellaan niiden vaarojen perusteella ja varmistetaan, ett\u00e4 ne on merkitty asianmukaisilla varoituksilla ja vaarasymboleilla. CLP-asetuksen mukaan liimojen ja tiivisteiden tuoteselosteissa on oltava selke\u00e4t tiedot mahdollisista vaaroista, kuten iho\u00e4rsytyksest\u00e4, myrkyllisyydest\u00e4 tai syttyvyydest\u00e4. T\u00e4m\u00e4 auttaa k\u00e4ytt\u00e4ji\u00e4 k\u00e4sittelem\u00e4\u00e4n tuotteita turvallisesti ja v\u00e4hent\u00e4\u00e4 onnettomuusriski\u00e4.  <\/p>\n<h3>Mik\u00e4 on EU:n myrkytyskeskus?<\/h3>\n<p>EU:n myrkytyskeskus on keskeinen elin, joka hallinnoi vaarallisiin tuotteisiin liittyvi\u00e4 tietoja koko Euroopan unionissa. Sill\u00e4 on ratkaiseva rooli turvallisuuden varmistamisessa, sill\u00e4 se antaa pelastushenkil\u00f6st\u00f6lle t\u00e4rkeit\u00e4 tietoja altistumistapahtumien aikana. Valmistajien on ilmoitettava vaarallisista tuotteistaan myrkytyskeskukselle, jotta varmistetaan, ett\u00e4 n\u00e4m\u00e4 kriittiset tiedot ovat saatavilla tarvittaessa.  <\/p>\n<h3>Miksi t\u00e4t\u00e4 tarvitaan?<\/h3>\n<p>Kotitalous-, toimisto- tai kouluk\u00e4ytt\u00f6\u00f6n tarkoitettujen liimojen ja tiivisteiden rekister\u00f6inti Myrkytystietokeskukseen varmistaa, ett\u00e4 tuotteet ovat turvallisia kuluttajille ja ett\u00e4 ne on luokiteltu asianmukaisesti vaarojensa mukaan. Se antaa h\u00e4t\u00e4tilanteiden hoitajille tarvittavat tiedot, jotta he voivat k\u00e4sitell\u00e4 altistumistapauksia tehokkaasti. Koska liimat ja tiivistysaineet voivat aiheuttaa terveysriskej\u00e4, jos niit\u00e4 ei k\u00e4sitell\u00e4 asianmukaisesti, on t\u00e4rke\u00e4\u00e4 noudattaa s\u00e4\u00e4nn\u00f6ksi\u00e4 onnettomuuksien minimoimiseksi ja k\u00e4ytt\u00e4jien suojelemiseksi mahdollisilta haitoilta.  <\/p>\n<h3>Mist\u00e4 l\u00e4htien se on ollut oikeudellisesti pakollista?<\/h3>\n<p>Lakis\u00e4\u00e4teinen velvollisuus toimittaa PCN-numero vaarallisista tuotteista, mukaan lukien liimat ja tiivistysaineet, tuli pakolliseksi 1. tammikuuta 2021. T\u00e4st\u00e4 p\u00e4iv\u00e4st\u00e4 alkaen kaikkien valmistajien ja jakelijoiden on varmistettava, ett\u00e4 niiden tuotteet t\u00e4ytt\u00e4v\u00e4t EU:n turvallisuusstandardit, ja toimitettava vaaditut tiedot EU:n myrkytyskeskukselle ennen niiden markkinoille saattamista. <\/p>\n<h2>FAQ<\/h2>\n<h3>Kysymys: Mik\u00e4 on UFI ja miksi tarvitsen sit\u00e4 tuotteelleni?<\/h3>\n<p>Vastaa: UFI (Unique Formula Identifier) on koodi, joka yksil\u00f6i yksiselitteisesti tuotteesi kemiallisen koostumuksen. Sit\u00e4 vaaditaan laissa, ja se on mainittava tuotteen etiketiss\u00e4. UFI-tunnisteen avulla pelastushenkil\u00f6st\u00f6 saa nopeasti k\u00e4ytt\u00f6\u00f6ns\u00e4 kriittiset turvallisuustiedot altistumis- tai myrkytystapauksissa.  <\/p>\n<h3>Kysymys: Mit\u00e4 PCN tarkoittaa liimojen ja tiivisteiden osalta?<\/h3>\n<p>Vastaa: PCN-ilmoitus (Poison Centre Notification, myrkytyskeskusilmoitus) tarkoittaa, ett\u00e4 EU:n myrkytyskeskukselle ilmoitetaan tuotteeseen liittyvist\u00e4 ainesosista ja vaaroista. N\u00e4in h\u00e4t\u00e4tilanteessa toimivat voivat saada yksityiskohtaisia turvallisuustietoja tuotteesta, mik\u00e4 auttaa heit\u00e4 reagoimaan tehokkaasti kemikaalialtistumis- tai myrkytystapauksiin. <\/p>\n<h3>Kysymys: Mik\u00e4 on CLP ja miten se koskee liimoja ja tiivistysmassoja?<\/h3>\n<p>Vastaa: CLP (Classification, Labelling, and Packaging) on EU:n asetus, jossa kemialliset tuotteet luokitellaan niiden vaarojen perusteella ja vaaditaan selke\u00e4t merkinn\u00e4t, joissa on vaarakuvamerkit, merkkisanat ja turvallisuusohjeet. Liimojen ja tiivisteiden on oltava CLP-vaatimusten mukaisia, jotta k\u00e4ytt\u00e4j\u00e4t saavat tietoa mahdollisista riskeist\u00e4 ja voivat k\u00e4sitell\u00e4 tuotteita turvallisesti. <\/p>\n<h3>Kysymys: Millainen rooli EU:n myrkytyskeskuksella on turvallisuuden kannalta?<\/h3>\n<p>Vastaa: EU:n myrkytyskeskus ker\u00e4\u00e4 ja k\u00e4sittelee vaarallisia tuotteita koskevia turvallisuustietoja. Se tarjoaa kriittist\u00e4 tietoa terveydenhuollon tarjoajille ja pelastushenkil\u00f6st\u00f6lle altistumistapahtumien aikana, jotta he voivat tehokkaasti hallita kemiallisiin tuotteisiin liittyvi\u00e4 mahdollisia myrkytyksi\u00e4 tai terveysriskej\u00e4. <\/p>\n<h3>Kysymys: Miksi kotitalous-, toimisto- tai kouluk\u00e4ytt\u00f6\u00f6n tarkoitetut liimat ja tiivisteet on rekister\u00f6it\u00e4v\u00e4?<\/h3>\n<p>Vastaa: Rekister\u00f6innill\u00e4 varmistetaan, ett\u00e4 liimat ja tiivistysaineet t\u00e4ytt\u00e4v\u00e4t turvallisuusstandardit ja ett\u00e4 ne on luokiteltu asianmukaisesti k\u00e4ytett\u00e4v\u00e4ksi jokap\u00e4iv\u00e4isiss\u00e4 ymp\u00e4rist\u00f6iss\u00e4. Se antaa tarvittavat tiedot kuluttajien turvallisuuden varmistamiseksi ja mahdollistaa nopean ja t\u00e4sm\u00e4llisen reagoinnin altistumis- tai myrkytystapauksissa. <\/p>\n<h3>Kysymys: Mist\u00e4 l\u00e4htien PCN-ilmoitukset ovat olleet pakollisia?<\/h3>\n<p>Vastaa: PCN-ilmoituksia koskeva vaatimus tuli pakolliseksi 1. tammikuuta 2021. Kaikkien vaarallisten tuotteiden, my\u00f6s liimojen ja tiivisteiden, valmistajien ja jakelijoiden on varmistettava, ett\u00e4 ne noudattavat n\u00e4it\u00e4 s\u00e4\u00e4nn\u00f6ksi\u00e4 ennen tuotteidensa saattamista EU:n markkinoille. <\/p>\n","protected":false},"excerpt":{"rendered":"<p>Kotitalous-, toimisto- tai kouluk\u00e4ytt\u00f6\u00f6n tarkoitettujen liimojen ja tiivisteiden rekister\u00f6inti Kotitalous-, toimisto- tai kouluk\u00e4ytt\u00f6\u00f6n tarkoitettujen liimojen ja tiivisteiden rekister\u00f6inti on ratkaisevan t\u00e4rke\u00e4\u00e4, jotta voidaan varmistaa turvallisuutta, merkint\u00f6j\u00e4 ja kuluttajansuojaa koskevien s\u00e4\u00e4ntelystandardien noudattaminen. N\u00e4it\u00e4 tuotteita, kuten askarteluliimoja, monik\u00e4ytt\u00f6liimoja, liimapuikkoja, pikaliimoja, puuliimoja, kontaktiliimoja ja liimasuihkeita, k\u00e4ytet\u00e4\u00e4n laajalti jokap\u00e4iv\u00e4isiss\u00e4 ymp\u00e4rist\u00f6iss\u00e4, kuten kodeissa, kouluissa ja toimistoissa. Asianmukaisella rekister\u00f6innill\u00e4 varmistetaan, ett\u00e4 [&hellip;]<\/p>\n","protected":false},"featured_media":13342,"template":"","meta":[],"product_brand":[],"product_cat":[522],"product_tag":[],"class_list":{"0":"post-13341","1":"product","2":"type-product","3":"status-publish","4":"has-post-thumbnail","6":"product_cat-liimat-ja-tiivisteet","8":"first","9":"instock","10":"virtual","11":"taxable","12":"purchasable","13":"product-type-bundle"},"bundled_by":[],"bundle_stock_status":"instock","bundle_stock_quantity":"","bundle_virtual":false,"bundle_layout":"default","bundle_add_to_cart_form_location":"default","bundle_editable_in_cart":false,"bundle_sold_individually_context":"product","bundle_item_grouping":"parent","bundle_min_size":"","bundle_max_size":"","bundle_price":{"price":{"min":{"incl_tax":"121","excl_tax":"100"},"max":{"incl_tax":"","excl_tax":""}},"regular_price":{"min":{"incl_tax":"121","excl_tax":"100"},"max":{"incl_tax":"","excl_tax":""}}},"bundled_items":[{"bundled_item_id":1964,"product_id":12551,"menu_order":0,"quantity_min":1,"quantity_max":1,"quantity_default":1,"priced_individually":true,"shipped_individually":true,"override_title":false,"title":"Myrkytyskeskusilmoitus &amp; UFI","override_description":false,"description":"Myrkytyskeskusilmoitus &amp; UFI","optional":false,"hide_thumbnail":false,"discount":"","override_variations":false,"allowed_variations":[""],"override_default_variation_attributes":false,"default_variation_attributes":[],"single_product_visibility":"visible","cart_visibility":"visible","order_visibility":"visible","single_product_price_visibility":"visible","cart_price_visibility":"visible","order_price_visibility":"visible","stock_status":"in_stock"},{"bundled_item_id":1965,"product_id":12530,"menu_order":1,"quantity_min":1,"quantity_max":"","quantity_default":1,"priced_individually":true,"shipped_individually":true,"override_title":false,"title":"PCN-rekister\u00f6intimaat","override_description":false,"description":"PCN-rekister\u00f6intimaat","optional":false,"hide_thumbnail":false,"discount":"","override_variations":false,"allowed_variations":[""],"override_default_variation_attributes":false,"default_variation_attributes":[],"single_product_visibility":"visible","cart_visibility":"visible","order_visibility":"visible","single_product_price_visibility":"visible","cart_price_visibility":"visible","order_price_visibility":"visible","stock_status":"in_stock"},{"bundled_item_id":12934,"product_id":12452,"menu_order":2,"quantity_min":0,"quantity_max":1,"quantity_default":1,"priced_individually":true,"shipped_individually":true,"override_title":false,"title":"K\u00e4ytt\u00f6turvallisuustiedotteen luominen","override_description":false,"description":"K\u00e4ytt\u00f6turvallisuustiedotteen luominen","optional":false,"hide_thumbnail":false,"discount":"","override_variations":false,"allowed_variations":[""],"override_default_variation_attributes":false,"default_variation_attributes":[],"single_product_visibility":"visible","cart_visibility":"visible","order_visibility":"visible","single_product_price_visibility":"visible","cart_price_visibility":"visible","order_price_visibility":"visible","stock_status":"in_stock"},{"bundled_item_id":12935,"product_id":12471,"menu_order":3,"quantity_min":0,"quantity_max":"","quantity_default":1,"priced_individually":true,"shipped_individually":false,"override_title":false,"title":"K\u00e4ytt\u00f6turvallisuustiedotteen k\u00e4\u00e4nn\u00f6s","override_description":false,"description":"K\u00e4ytt\u00f6turvallisuustiedotteen k\u00e4\u00e4nn\u00f6s","optional":false,"hide_thumbnail":false,"discount":"","override_variations":false,"allowed_variations":[""],"override_default_variation_attributes":false,"default_variation_attributes":[],"single_product_visibility":"visible","cart_visibility":"visible","order_visibility":"visible","single_product_price_visibility":"visible","cart_price_visibility":"visible","order_price_visibility":"visible","stock_status":"in_stock"}],"bundle_sell_ids":[],"yoast_head":"<!-- This site is optimized with the Yoast SEO Premium plugin v25.1 (Yoast SEO v25.1) - https:\/\/yoast.com\/wordpress\/plugins\/seo\/ -->\n<title>PCN &amp; UFI liimoille - koti-, koulu- ja toimistok\u00e4ytt\u00f6\u00f6n - UFI<\/title>\n<meta name=\"description\" content=\"Kotitalous-, toimisto- tai kouluk\u00e4ytt\u00f6\u00f6n tarkoitettujen liimojen ja tiivisteiden rekister\u00f6inti on ratkaisevan t\u00e4rke\u00e4\u00e4, jotta voidaan varmistaa turvallisuutta, merkint\u00f6j\u00e4 ja kuluttajansuojaa koskevien s\u00e4\u00e4ntelystandardien noudattaminen.\" \/>\n<meta name=\"robots\" content=\"index, follow, max-snippet:-1, max-image-preview:large, max-video-preview:-1\" \/>\n<link rel=\"canonical\" href=\"https:\/\/www.ufi.eu\/fi\/product\/pcn-ufi-liimoille-koti-koulu-ja-toimistokayttoon\/\" \/>\n<meta property=\"og:locale\" content=\"fi_FI\" \/>\n<meta property=\"og:type\" content=\"article\" \/>\n<meta property=\"og:title\" content=\"PCN &amp; UFI liimoille - koti-, koulu- ja toimistok\u00e4ytt\u00f6\u00f6n\" \/>\n<meta property=\"og:description\" content=\"Kotitalous-, toimisto- tai kouluk\u00e4ytt\u00f6\u00f6n tarkoitettujen liimojen ja tiivisteiden rekister\u00f6inti on ratkaisevan t\u00e4rke\u00e4\u00e4, jotta voidaan varmistaa turvallisuutta, merkint\u00f6j\u00e4 ja kuluttajansuojaa koskevien s\u00e4\u00e4ntelystandardien noudattaminen.\" \/>\n<meta property=\"og:url\" content=\"https:\/\/www.ufi.eu\/fi\/product\/pcn-ufi-liimoille-koti-koulu-ja-toimistokayttoon\/\" \/>\n<meta property=\"og:site_name\" content=\"UFI\" \/>\n<meta property=\"og:image\" content=\"https:\/\/www.ufi.eu\/wp-content\/uploads\/2025\/03\/PC-ADH-1.jpg\" \/>\n\t<meta property=\"og:image:width\" content=\"1024\" \/>\n\t<meta property=\"og:image:height\" content=\"1024\" \/>\n\t<meta property=\"og:image:type\" content=\"image\/jpeg\" \/>\n<meta name=\"twitter:card\" content=\"summary_large_image\" \/>\n<meta name=\"twitter:label1\" content=\"Hinta\" \/>\n\t<meta name=\"twitter:data1\" content=\"&euro;0.00\" \/>\n\t<meta name=\"twitter:label2\" content=\"Saatavuus\" \/>\n\t<meta name=\"twitter:data2\" content=\"Varastossa\" \/>\n<script type=\"application\/ld+json\" class=\"yoast-schema-graph\">{\"@context\":\"https:\/\/schema.org\",\"@graph\":[{\"@type\":\"WebPage\",\"@id\":\"https:\/\/www.ufi.eu\/fi\/product\/pcn-ufi-liimoille-koti-koulu-ja-toimistokayttoon\/\",\"url\":\"https:\/\/www.ufi.eu\/fi\/product\/pcn-ufi-liimoille-koti-koulu-ja-toimistokayttoon\/\",\"name\":\"PCN &amp; UFI liimoille - koti-, koulu- ja toimistok\u00e4ytt\u00f6\u00f6n - UFI\",\"isPartOf\":{\"@id\":\"https:\/\/www.ufi.eu\/fi\/#website\"},\"primaryImageOfPage\":{\"@id\":\"https:\/\/www.ufi.eu\/fi\/product\/pcn-ufi-liimoille-koti-koulu-ja-toimistokayttoon\/#primaryimage\"},\"image\":{\"@id\":\"https:\/\/www.ufi.eu\/fi\/product\/pcn-ufi-liimoille-koti-koulu-ja-toimistokayttoon\/#primaryimage\"},\"thumbnailUrl\":\"https:\/\/www.ufi.eu\/wp-content\/uploads\/2025\/03\/PC-ADH-1.jpg\",\"datePublished\":\"2025-04-15T21:28:14+00:00\",\"description\":\"Kotitalous-, toimisto- tai kouluk\u00e4ytt\u00f6\u00f6n tarkoitettujen liimojen ja tiivisteiden rekister\u00f6inti on ratkaisevan t\u00e4rke\u00e4\u00e4, jotta voidaan varmistaa turvallisuutta, merkint\u00f6j\u00e4 ja kuluttajansuojaa koskevien s\u00e4\u00e4ntelystandardien noudattaminen.\",\"breadcrumb\":{\"@id\":\"https:\/\/www.ufi.eu\/fi\/product\/pcn-ufi-liimoille-koti-koulu-ja-toimistokayttoon\/#breadcrumb\"},\"inLanguage\":\"fi\",\"potentialAction\":[{\"@type\":\"ReadAction\",\"target\":[\"https:\/\/www.ufi.eu\/fi\/product\/pcn-ufi-liimoille-koti-koulu-ja-toimistokayttoon\/\"]}]},{\"@type\":\"ImageObject\",\"inLanguage\":\"fi\",\"@id\":\"https:\/\/www.ufi.eu\/fi\/product\/pcn-ufi-liimoille-koti-koulu-ja-toimistokayttoon\/#primaryimage\",\"url\":\"https:\/\/www.ufi.eu\/wp-content\/uploads\/2025\/03\/PC-ADH-1.jpg\",\"contentUrl\":\"https:\/\/www.ufi.eu\/wp-content\/uploads\/2025\/03\/PC-ADH-1.jpg\",\"width\":1024,\"height\":1024},{\"@type\":\"BreadcrumbList\",\"@id\":\"https:\/\/www.ufi.eu\/fi\/product\/pcn-ufi-liimoille-koti-koulu-ja-toimistokayttoon\/#breadcrumb\",\"itemListElement\":[{\"@type\":\"ListItem\",\"position\":1,\"name\":\"Home\",\"item\":\"https:\/\/www.ufi.eu\/fi\/etusivu\/\"},{\"@type\":\"ListItem\",\"position\":2,\"name\":\"Kauppa\",\"item\":\"https:\/\/www.ufi.eu\/fi\/kauppa\/\"},{\"@type\":\"ListItem\",\"position\":3,\"name\":\"PCN &amp; UFI liimoille &#8211; koti-, koulu- ja toimistok\u00e4ytt\u00f6\u00f6n\"}]},{\"@type\":\"WebSite\",\"@id\":\"https:\/\/www.ufi.eu\/fi\/#website\",\"url\":\"https:\/\/www.ufi.eu\/fi\/\",\"name\":\"UFI.EU\",\"description\":\"Poison Centre Notifications (PCN) and UFI\",\"publisher\":{\"@id\":\"https:\/\/www.ufi.eu\/fi\/#organization\"},\"potentialAction\":[{\"@type\":\"SearchAction\",\"target\":{\"@type\":\"EntryPoint\",\"urlTemplate\":\"https:\/\/www.ufi.eu\/fi\/?s={search_term_string}\"},\"query-input\":{\"@type\":\"PropertyValueSpecification\",\"valueRequired\":true,\"valueName\":\"search_term_string\"}}],\"inLanguage\":\"fi\"},{\"@type\":\"Organization\",\"@id\":\"https:\/\/www.ufi.eu\/fi\/#organization\",\"name\":\"UFI.EU\",\"url\":\"https:\/\/www.ufi.eu\/fi\/\",\"logo\":{\"@type\":\"ImageObject\",\"inLanguage\":\"fi\",\"@id\":\"https:\/\/www.ufi.eu\/fi\/#\/schema\/logo\/image\/\",\"url\":\"https:\/\/www.ufi.eu\/wp-content\/uploads\/2025\/03\/cropped-logo_ufi3.jpg\",\"contentUrl\":\"https:\/\/www.ufi.eu\/wp-content\/uploads\/2025\/03\/cropped-logo_ufi3.jpg\",\"width\":231,\"height\":78,\"caption\":\"UFI.EU\"},\"image\":{\"@id\":\"https:\/\/www.ufi.eu\/fi\/#\/schema\/logo\/image\/\"},\"description\":\"UFI.eu specializes in digital registrations for Poison Centre Notifications (PCN), ensuring your chemical products meet EU regulatory requirements effortlessly. Our streamlined solutions help businesses stay compliant while reducing complexity and administrative burden.\",\"email\":\"info@ufi.eu\",\"legalName\":\"UFI.EU\"}]}<\/script>\n<meta property=\"product:price:amount\" content=\"0.00\" \/>\n<meta property=\"product:price:currency\" content=\"EUR\" \/>\n<meta property=\"og:availability\" content=\"instock\" \/>\n<meta property=\"product:availability\" content=\"instock\" \/>\n<meta property=\"product:retailer_item_id\" content=\"PC-ADH-1\" \/>\n<meta property=\"product:condition\" content=\"new\" \/>\n<!-- \/ Yoast SEO Premium plugin. -->","yoast_head_json":{"title":"PCN &amp; UFI liimoille - koti-, koulu- ja toimistok\u00e4ytt\u00f6\u00f6n - UFI","description":"Kotitalous-, toimisto- tai kouluk\u00e4ytt\u00f6\u00f6n tarkoitettujen liimojen ja tiivisteiden rekister\u00f6inti on ratkaisevan t\u00e4rke\u00e4\u00e4, jotta voidaan varmistaa turvallisuutta, merkint\u00f6j\u00e4 ja kuluttajansuojaa koskevien s\u00e4\u00e4ntelystandardien noudattaminen.","robots":{"index":"index","follow":"follow","max-snippet":"max-snippet:-1","max-image-preview":"max-image-preview:large","max-video-preview":"max-video-preview:-1"},"canonical":"https:\/\/www.ufi.eu\/fi\/product\/pcn-ufi-liimoille-koti-koulu-ja-toimistokayttoon\/","og_locale":"fi_FI","og_type":"article","og_title":"PCN &amp; UFI liimoille - koti-, koulu- ja toimistok\u00e4ytt\u00f6\u00f6n","og_description":"Kotitalous-, toimisto- tai kouluk\u00e4ytt\u00f6\u00f6n tarkoitettujen liimojen ja tiivisteiden rekister\u00f6inti on ratkaisevan t\u00e4rke\u00e4\u00e4, jotta voidaan varmistaa turvallisuutta, merkint\u00f6j\u00e4 ja kuluttajansuojaa koskevien s\u00e4\u00e4ntelystandardien noudattaminen.","og_url":"https:\/\/www.ufi.eu\/fi\/product\/pcn-ufi-liimoille-koti-koulu-ja-toimistokayttoon\/","og_site_name":"UFI","og_image":[{"width":1024,"height":1024,"url":"https:\/\/www.ufi.eu\/wp-content\/uploads\/2025\/03\/PC-ADH-1.jpg","type":"image\/jpeg"}],"twitter_card":"summary_large_image","twitter_misc":{"Hinta":"&euro;0.00","Saatavuus":"Varastossa"},"schema":{"@context":"https:\/\/schema.org","@graph":[{"@type":"WebPage","@id":"https:\/\/www.ufi.eu\/fi\/product\/pcn-ufi-liimoille-koti-koulu-ja-toimistokayttoon\/","url":"https:\/\/www.ufi.eu\/fi\/product\/pcn-ufi-liimoille-koti-koulu-ja-toimistokayttoon\/","name":"PCN &amp; UFI liimoille - koti-, koulu- ja toimistok\u00e4ytt\u00f6\u00f6n - UFI","isPartOf":{"@id":"https:\/\/www.ufi.eu\/fi\/#website"},"primaryImageOfPage":{"@id":"https:\/\/www.ufi.eu\/fi\/product\/pcn-ufi-liimoille-koti-koulu-ja-toimistokayttoon\/#primaryimage"},"image":{"@id":"https:\/\/www.ufi.eu\/fi\/product\/pcn-ufi-liimoille-koti-koulu-ja-toimistokayttoon\/#primaryimage"},"thumbnailUrl":"https:\/\/www.ufi.eu\/wp-content\/uploads\/2025\/03\/PC-ADH-1.jpg","datePublished":"2025-04-15T21:28:14+00:00","description":"Kotitalous-, toimisto- tai kouluk\u00e4ytt\u00f6\u00f6n tarkoitettujen liimojen ja tiivisteiden rekister\u00f6inti on ratkaisevan t\u00e4rke\u00e4\u00e4, jotta voidaan varmistaa turvallisuutta, merkint\u00f6j\u00e4 ja kuluttajansuojaa koskevien s\u00e4\u00e4ntelystandardien noudattaminen.","breadcrumb":{"@id":"https:\/\/www.ufi.eu\/fi\/product\/pcn-ufi-liimoille-koti-koulu-ja-toimistokayttoon\/#breadcrumb"},"inLanguage":"fi","potentialAction":[{"@type":"ReadAction","target":["https:\/\/www.ufi.eu\/fi\/product\/pcn-ufi-liimoille-koti-koulu-ja-toimistokayttoon\/"]}]},{"@type":"ImageObject","inLanguage":"fi","@id":"https:\/\/www.ufi.eu\/fi\/product\/pcn-ufi-liimoille-koti-koulu-ja-toimistokayttoon\/#primaryimage","url":"https:\/\/www.ufi.eu\/wp-content\/uploads\/2025\/03\/PC-ADH-1.jpg","contentUrl":"https:\/\/www.ufi.eu\/wp-content\/uploads\/2025\/03\/PC-ADH-1.jpg","width":1024,"height":1024},{"@type":"BreadcrumbList","@id":"https:\/\/www.ufi.eu\/fi\/product\/pcn-ufi-liimoille-koti-koulu-ja-toimistokayttoon\/#breadcrumb","itemListElement":[{"@type":"ListItem","position":1,"name":"Home","item":"https:\/\/www.ufi.eu\/fi\/etusivu\/"},{"@type":"ListItem","position":2,"name":"Kauppa","item":"https:\/\/www.ufi.eu\/fi\/kauppa\/"},{"@type":"ListItem","position":3,"name":"PCN &amp; UFI liimoille &#8211; koti-, koulu- ja toimistok\u00e4ytt\u00f6\u00f6n"}]},{"@type":"WebSite","@id":"https:\/\/www.ufi.eu\/fi\/#website","url":"https:\/\/www.ufi.eu\/fi\/","name":"UFI.EU","description":"Poison Centre Notifications (PCN) and UFI","publisher":{"@id":"https:\/\/www.ufi.eu\/fi\/#organization"},"potentialAction":[{"@type":"SearchAction","target":{"@type":"EntryPoint","urlTemplate":"https:\/\/www.ufi.eu\/fi\/?s={search_term_string}"},"query-input":{"@type":"PropertyValueSpecification","valueRequired":true,"valueName":"search_term_string"}}],"inLanguage":"fi"},{"@type":"Organization","@id":"https:\/\/www.ufi.eu\/fi\/#organization","name":"UFI.EU","url":"https:\/\/www.ufi.eu\/fi\/","logo":{"@type":"ImageObject","inLanguage":"fi","@id":"https:\/\/www.ufi.eu\/fi\/#\/schema\/logo\/image\/","url":"https:\/\/www.ufi.eu\/wp-content\/uploads\/2025\/03\/cropped-logo_ufi3.jpg","contentUrl":"https:\/\/www.ufi.eu\/wp-content\/uploads\/2025\/03\/cropped-logo_ufi3.jpg","width":231,"height":78,"caption":"UFI.EU"},"image":{"@id":"https:\/\/www.ufi.eu\/fi\/#\/schema\/logo\/image\/"},"description":"UFI.eu specializes in digital registrations for Poison Centre Notifications (PCN), ensuring your chemical products meet EU regulatory requirements effortlessly. Our streamlined solutions help businesses stay compliant while reducing complexity and administrative burden.","email":"info@ufi.eu","legalName":"UFI.EU"}]},"product_price_amount":"0.00","product_price_currency":"EUR","og_availability":"instock","product_availability":"instock","product_retailer_item_id":"PC-ADH-1","product_condition":"new"},"_links":{"self":[{"href":"https:\/\/www.ufi.eu\/fi\/wp-json\/wp\/v2\/product\/13341","targetHints":{"allow":["GET"]}}],"collection":[{"href":"https:\/\/www.ufi.eu\/fi\/wp-json\/wp\/v2\/product"}],"about":[{"href":"https:\/\/www.ufi.eu\/fi\/wp-json\/wp\/v2\/types\/product"}],"wp:featuredmedia":[{"embeddable":true,"href":"https:\/\/www.ufi.eu\/fi\/wp-json\/wp\/v2\/media\/13342"}],"wp:attachment":[{"href":"https:\/\/www.ufi.eu\/fi\/wp-json\/wp\/v2\/media?parent=13341"}],"wp:term":[{"taxonomy":"product_brand","embeddable":true,"href":"https:\/\/www.ufi.eu\/fi\/wp-json\/wp\/v2\/product_brand?post=13341"},{"taxonomy":"product_cat","embeddable":true,"href":"https:\/\/www.ufi.eu\/fi\/wp-json\/wp\/v2\/product_cat?post=13341"},{"taxonomy":"product_tag","embeddable":true,"href":"https:\/\/www.ufi.eu\/fi\/wp-json\/wp\/v2\/product_tag?post=13341"}],"curies":[{"name":"wp","href":"https:\/\/api.w.org\/{rel}","templated":true}]}}