{"id":12835,"date":"2025-04-15T20:38:02","date_gmt":"2025-04-15T20:38:02","guid":{"rendered":"https:\/\/www.ufi.eu\/pcn\/Ei-luokiteltu\/kayttoturvallisuustiedotteen-msds-sds-luontipalvelu\/"},"modified":"2025-04-15T20:38:05","modified_gmt":"2025-04-15T20:38:05","slug":"kayttoturvallisuustiedotteen-msds-sds-luontipalvelu","status":"publish","type":"product","link":"https:\/\/www.ufi.eu\/fi\/product\/kayttoturvallisuustiedotteen-msds-sds-luontipalvelu\/","title":{"rendered":"K\u00e4ytt\u00f6turvallisuustiedotteen (MSDS\/SDS) luontipalvelu"},"content":{"rendered":"\n<p><strong>Ammattimaisesti kirjoitetut k\u00e4ytt\u00f6turvallisuustiedotteet, jotka ovat t\u00e4ysin EU:n asetuksen (REACH &amp; CLP) mukaisia.<\/strong><\/p>\n\n<p>Tarjoamme asiantuntevasti laadittuja <strong>k\u00e4ytt\u00f6turvallisuustiedotteita (SDS<\/strong> ) &#8211; jotka tunnetaan my\u00f6s nimell\u00e4 <strong>k\u00e4ytt\u00f6turvallisuustiedotteet (MSDS)<\/strong> &#8211; r\u00e4\u00e4t\u00e4l\u00f6ityn\u00e4 tuotteellesi ja uusimpien EU-s\u00e4\u00e4d\u00f6sten mukaisesti. Olitpa sitten valmistamassa kemiallisia seoksia, tuomassa tuotteita EU:hun tai jakelemassa niit\u00e4 omalla tuotemerkill\u00e4, vaatimustenmukainen k\u00e4ytt\u00f6turvallisuustiedote on lakis\u00e4\u00e4teinen ja v\u00e4ltt\u00e4m\u00e4t\u00f6n edellytys turvalliselle k\u00e4yt\u00f6lle koko toimitusketjussa. <\/p>\n\n<h2 class=\"wp-block-heading\" id=\"h-what-is-an-safety-data-sheet-msds-sds-and-why-do-you-need-one\">Mik\u00e4 on k\u00e4ytt\u00f6turvallisuustiedote (MSDS\/SDS) ja mihin sit\u00e4 tarvitaan?<\/h2>\n\n<p><strong>K\u00e4ytt\u00f6turvallisuustiedote<\/strong> on lakis\u00e4\u00e4teinen asiakirja, jossa annetaan kattavat tiedot kemiallisen aineen tai seoksen ominaisuuksista. <strong>REACH-asetuksen (EY) N:o 1907\/2006<\/strong> ja <strong><a href=\"https:\/\/www.ufi.eu\/fi\/pcn\/clp-etiketti\/clp-etikettien-luominen-ja-vaatimustenmukaisuuden-tarkistus\/\">CLP (EY N:o 1272\/2008)<\/a><\/strong>mukaisesti toimittajien on toimitettava k\u00e4ytt\u00f6turvallisuustiedote jatkok\u00e4ytt\u00e4jille kaikista tuotteista, jotka ovat vaarallisia tai sis\u00e4lt\u00e4v\u00e4t huolta aiheuttavia aineita. <\/p>\n\n<p>Tarkan ja t\u00e4ydellisen k\u00e4ytt\u00f6turvallisuustiedotteen toimittamatta j\u00e4tt\u00e4minen voi johtaa:<\/p>\n\n<ul class=\"wp-block-list\">\n<li><strong>Oikeudelliset seuraamukset<\/strong> tai tulliviiv\u00e4stykset<\/li>\n\n\n\n<li><strong>Hyl\u00e4tyt l\u00e4hetykset<\/strong> tai menetetyt liikekumppanit<\/li>\n\n\n\n<li><strong>Riski ihmisten terveydelle ja ymp\u00e4rist\u00f6lle<\/strong><\/li>\n<\/ul>\n\n<h2 class=\"wp-block-heading\" id=\"h-what-our-sds-creation-service-includes\">Mit\u00e4 SDS-luontipalvelumme sis\u00e4lt\u00e4\u00e4<\/h2>\n\n<h4 class=\"wp-block-heading\" id=\"h-1-fully-compliant-sds-creation-16-sections\">1. <strong>T\u00e4ysin vaatimustenmukaisen SDS:n luominen (16 osiota).<\/strong><\/h4>\n\n<p>Luomme SDS:n tyhj\u00e4st\u00e4 tuotteen koostumuksen ja\/tai olemassa olevien tietojen perusteella, mukaan lukien:<\/p>\n\n<ul class=\"wp-block-list\">\n<li>Vaaraluokitus- ja merkint\u00e4tiedot (CLP-vaatimusten mukaiset)<\/li>\n\n\n\n<li>Koostumus ja ainesosien ilmoittaminen<\/li>\n\n\n\n<li>Turvallisen k\u00e4sittelyn, varastoinnin ja kuljetuksen ohjeet<\/li>\n\n\n\n<li>Ensiapu-, palontorjunta- ja onnettomuusp\u00e4\u00e4st\u00f6toimenpiteet<\/li>\n\n\n\n<li>S\u00e4\u00e4d\u00f6sviittaukset (REACH-asetuksen liite II)<\/li>\n<\/ul>\n\n<p>Kukin k\u00e4ytt\u00f6turvallisuustiedote toimitetaan <strong>REACH-asetuksen liitteen II<\/strong> mukaisesti, viimeisimpien p\u00e4ivitysten ja yhdenmukaistettujen luokitusten mukaisesti.<\/p>\n\n<h4 class=\"wp-block-heading\" id=\"h-2-multilingual-sds-versions\">2. <strong>Monikieliset SDS-versiot<\/strong><\/h4>\n\n<p>Tarjoamme SDS:n luomista useilla EU:n virallisilla kielill\u00e4, valmiina rajat ylitt\u00e4v\u00e4\u00e4 jakelua varten. T\u00e4m\u00e4 sis\u00e4lt\u00e4\u00e4: <\/p>\n\n<ul class=\"wp-block-list\">\n<li>Kemiallista terminologiaa tuntevat asiantuntijat <a href=\"https:\/\/www.ufi.eu\/fi\/pcn\/kayttoturvallisuustiedote\/kayttoturvallisuustiedotteen-kaannos\/\">k\u00e4\u00e4nt\u00e4v\u00e4t k\u00e4ytt\u00f6turvallisuustiedotteita<\/a>.<\/li>\n\n\n\n<li>Tarvittaessa maakohtaiset mukautukset (esim. kansalliset altistumisrajat).<\/li>\n<\/ul>\n\n<h4 class=\"wp-block-heading\" id=\"h-3-update-amp-conversion-service\">3. <strong>P\u00e4ivitys- ja muuntamispalvelu<\/strong><\/h4>\n\n<p>Onko sinulla jo vanhentunut tai vaatimustenvastainen SDS? Me voimme: <\/p>\n\n<ul class=\"wp-block-list\">\n<li>Tarkista ja p\u00e4ivit\u00e4 olemassa oleva arkki vastaamaan nykyisi\u00e4 standardeja.<\/li>\n\n\n\n<li>Muunna EU:n ulkopuoliset SDS-muodot (esim. US OSHA) EU:n REACH-asetuksen mukaisiksi versioiksi.<\/li>\n<\/ul>\n\n<h4 class=\"wp-block-heading\" id=\"h-4-optional-add-ons\">4. <strong>Valinnaiset lis\u00e4osat<\/strong><\/h4>\n\n<ul class=\"wp-block-list\">\n<li><a href=\"https:\/\/www.ufi.eu\/fi\/pcn\/clp-etiketti\/clp-etikettien-luominen-ja-vaatimustenmukaisuuden-tarkistus\/\">CLP-etikettien luominen<\/a> SDS:n mukaisesti<\/li>\n\n\n\n<li>UFI:n luominen ja PCN-ilmoitus<\/li>\n\n\n\n<li>Tuotteiden luokittelu raaka-aineiden tai ainesosaluetteloiden perusteella<\/li>\n<\/ul>\n\n<h2 class=\"wp-block-heading\" id=\"h-which-products-need-an-sds\">Mitk\u00e4 tuotteet tarvitsevat SDS:n?<\/h2>\n\n<p>SDS vaaditaan, jos tuotteesi:<\/p>\n\n<ul class=\"wp-block-list\">\n<li>On luokiteltu vaaralliseksi (esim. syttyv\u00e4ksi, \u00e4rsytt\u00e4v\u00e4ksi, myrkylliseksi, sy\u00f6vytt\u00e4v\u00e4ksi).<\/li>\n\n\n\n<li>Sis\u00e4lt\u00e4\u00e4 aineita, jotka ovat vaarallisia tai jotka on lueteltu tietyiss\u00e4 viranomaisluetteloissa (esim. SVHC).<\/li>\n\n\n\n<li>on tarkoitettu ammattimaiseen tai teolliseen k\u00e4ytt\u00f6\u00f6n, vaikka niit\u00e4 ei olisi luokiteltu vaarallisiksi.<\/li>\n<\/ul>\n\n<p>T\u00e4m\u00e4 koskee monia erilaisia tuotteita:<\/p>\n\n<ul class=\"wp-block-list\">\n<li>Tuoksut ja eteeriset \u00f6ljysekoitukset<\/li>\n\n\n\n<li>Puhdistusaineet ja pintasuihkeet<\/li>\n\n\n\n<li>Maalit, pinnoitteet ja hartsit<\/li>\n\n\n\n<li>Vahasulatteet, huonesuihkeet ja ilmanraikastimet.<\/li>\n\n\n\n<li>Teollisuuskemikaalit ja v\u00e4lituotteet<\/li>\n<\/ul>\n\n<h2 class=\"wp-block-heading\" id=\"h-who-is-this-service-for\">Kenelle t\u00e4m\u00e4 palvelu on tarkoitettu?<\/h2>\n\n<ul class=\"wp-block-list\">\n<li>Kemiallisten seosten valmistajat ja tuotemerkkien omistajat<\/li>\n\n\n\n<li>EU:n ulkopuolelta tulevien tuotteiden maahantuojat<\/li>\n\n\n\n<li>Private label- ja white label -jakelijat<\/li>\n\n\n\n<li>Yritykset, jotka myyv\u00e4t vaarallisia tavaroita verkkomarkkinoilla tai v\u00e4hitt\u00e4iskaupassa.<\/li>\n<\/ul>\n\n<h2 class=\"wp-block-heading\" id=\"h-why-choose-ufi-eu\">Miksi valita UFI.EU?<\/h2>\n\n<ul class=\"wp-block-list\">\n<li><strong>Kokenut s\u00e4\u00e4ntelytiimi<\/strong>, joka on erikoistunut CLP-, REACH- ja PCN-vaatimuksiin.<\/li>\n\n\n\n<li>Tuotteellesi r\u00e4\u00e4t\u00e4l\u00f6idyt <strong>tarkat ja t\u00e4ysin vaatimustenmukaiset SDS-tiedotteet<\/strong> <\/li>\n\n\n\n<li><strong>Monikielinen tuki<\/strong> EU:n laajuista vaatimustenmukaisuutta varten<\/li>\n\n\n\n<li><strong>Nopeat l\u00e4pimenoajat<\/strong> ja avoin hinnoittelu<\/li>\n<\/ul>\n\n<h2 class=\"wp-block-heading\" id=\"h-how-it-works\">Miten se toimii<\/h2>\n\n<ol class=\"wp-block-list\">\n<li><strong>Toimita tuotteen koostumus tai olemassa oleva SDS<\/strong><\/li>\n\n\n\n<li><strong>Analysoimme ainesosat ja laadimme SDS:n.<\/strong><\/li>\n\n\n\n<li><strong>Saat ammattimaisesti muotoillun asiakirjan, joka on valmis jakelua tai rekister\u00f6inti\u00e4 varten.<\/strong><\/li>\n<\/ol>\n\n<h2 class=\"wp-block-heading\" id=\"h-order-your-sds-today\">Tilaa SDS t\u00e4n\u00e4\u00e4n<\/h2>\n\n<p>Tarvitsitpa sitten uuden SDS:n, p\u00e4ivityksen tai monikielisi\u00e4 versioita eri markkinoille, <strong>UFI.EU<\/strong> on luotettava kumppanisi kemikaalien vaatimustenmukaisuuden varmistamisessa.<br\/><strong>Tilaa SDS:n luontipalvelu nyt ja pysy t\u00e4ysin EU-lains\u00e4\u00e4d\u00e4nn\u00f6n mukaisena.<\/strong><\/p>\n","protected":false},"excerpt":{"rendered":"<p>Ammattimaisesti kirjoitetut k\u00e4ytt\u00f6turvallisuustiedotteet, jotka ovat t\u00e4ysin EU:n asetuksen (REACH &amp; CLP) mukaisia. Tarjoamme asiantuntevasti laadittuja k\u00e4ytt\u00f6turvallisuustiedotteita (SDS ) &#8211; jotka tunnetaan my\u00f6s nimell\u00e4 k\u00e4ytt\u00f6turvallisuustiedotteet (MSDS) &#8211; r\u00e4\u00e4t\u00e4l\u00f6ityn\u00e4 tuotteellesi ja uusimpien EU-s\u00e4\u00e4d\u00f6sten mukaisesti. Olitpa sitten valmistamassa kemiallisia seoksia, tuomassa tuotteita EU:hun tai jakelemassa niit\u00e4 omalla tuotemerkill\u00e4, vaatimustenmukainen k\u00e4ytt\u00f6turvallisuustiedote on lakis\u00e4\u00e4teinen ja v\u00e4ltt\u00e4m\u00e4t\u00f6n edellytys turvalliselle k\u00e4yt\u00f6lle koko [&hellip;]<\/p>\n","protected":false},"featured_media":12453,"template":"","meta":[],"product_brand":[],"product_cat":[289],"product_tag":[],"class_list":{"0":"post-12835","1":"product","2":"type-product","3":"status-publish","4":"has-post-thumbnail","6":"product_cat-kayttoturvallisuustiedote","8":"first","9":"instock","10":"virtual","11":"taxable","12":"purchasable","13":"product-type-bundle"},"bundled_by":[],"bundle_stock_status":"instock","bundle_stock_quantity":"","bundle_virtual":false,"bundle_layout":"default","bundle_add_to_cart_form_location":"default","bundle_editable_in_cart":false,"bundle_sold_individually_context":"product","bundle_item_grouping":"parent","bundle_min_size":"","bundle_max_size":"","bundle_price":{"price":{"min":{"incl_tax":"119.79","excl_tax":"99"},"max":{"incl_tax":"","excl_tax":""}},"regular_price":{"min":{"incl_tax":"119.79","excl_tax":"99"},"max":{"incl_tax":"","excl_tax":""}}},"bundled_items":[{"bundled_item_id":1423,"product_id":12452,"menu_order":0,"quantity_min":1,"quantity_max":1,"quantity_default":1,"priced_individually":true,"shipped_individually":true,"override_title":false,"title":null,"override_description":false,"description":null,"optional":false,"hide_thumbnail":false,"discount":"","override_variations":false,"allowed_variations":[""],"override_default_variation_attributes":false,"default_variation_attributes":[],"single_product_visibility":"visible","cart_visibility":"visible","order_visibility":"visible","single_product_price_visibility":"visible","cart_price_visibility":"visible","order_price_visibility":"visible","stock_status":"in_stock"},{"bundled_item_id":1424,"product_id":12471,"menu_order":1,"quantity_min":1,"quantity_max":"","quantity_default":1,"priced_individually":true,"shipped_individually":false,"override_title":false,"title":null,"override_description":false,"description":null,"optional":false,"hide_thumbnail":false,"discount":"","override_variations":false,"allowed_variations":[""],"override_default_variation_attributes":false,"default_variation_attributes":[],"single_product_visibility":"visible","cart_visibility":"visible","order_visibility":"visible","single_product_price_visibility":"visible","cart_price_visibility":"visible","order_price_visibility":"visible","stock_status":"in_stock"}],"bundle_sell_ids":[],"yoast_head":"<!-- This site is optimized with the Yoast SEO Premium plugin v25.1 (Yoast SEO v25.1) - https:\/\/yoast.com\/wordpress\/plugins\/seo\/ -->\n<title>K\u00e4ytt\u00f6turvallisuustiedotteen (MSDS\/SDS) luontipalvelu - UFI<\/title>\n<meta name=\"description\" content=\"Tarjoamme asiantuntevasti laadittuja k\u00e4ytt\u00f6turvallisuustiedotteita (SDS) - jotka tunnetaan my\u00f6s nimell\u00e4 k\u00e4ytt\u00f6turvallisuustiedotteet (MSDS) - r\u00e4\u00e4t\u00e4l\u00f6ityn\u00e4 tuotteellesi ja uusimpien EU-s\u00e4\u00e4d\u00f6sten mukaisesti.\" \/>\n<meta name=\"robots\" content=\"index, follow, max-snippet:-1, max-image-preview:large, max-video-preview:-1\" \/>\n<link rel=\"canonical\" href=\"https:\/\/www.ufi.eu\/fi\/product\/kayttoturvallisuustiedotteen-msds-sds-luontipalvelu\/\" \/>\n<meta property=\"og:locale\" content=\"fi_FI\" \/>\n<meta property=\"og:type\" content=\"article\" \/>\n<meta property=\"og:title\" content=\"K\u00e4ytt\u00f6turvallisuustiedotteen (MSDS\/SDS) luontipalvelu\" \/>\n<meta property=\"og:description\" content=\"Tarjoamme asiantuntevasti laadittuja k\u00e4ytt\u00f6turvallisuustiedotteita (SDS) - jotka tunnetaan my\u00f6s nimell\u00e4 k\u00e4ytt\u00f6turvallisuustiedotteet (MSDS) - r\u00e4\u00e4t\u00e4l\u00f6ityn\u00e4 tuotteellesi ja uusimpien EU-s\u00e4\u00e4d\u00f6sten mukaisesti.\" \/>\n<meta property=\"og:url\" content=\"https:\/\/www.ufi.eu\/fi\/product\/kayttoturvallisuustiedotteen-msds-sds-luontipalvelu\/\" \/>\n<meta property=\"og:site_name\" content=\"UFI\" \/>\n<meta property=\"article:modified_time\" content=\"2025-04-15T20:38:05+00:00\" \/>\n<meta property=\"og:image\" content=\"https:\/\/www.ufi.eu\/wp-content\/uploads\/2025\/03\/pcn_ufi.jpg\" \/>\n\t<meta property=\"og:image:width\" content=\"1024\" \/>\n\t<meta property=\"og:image:height\" content=\"1024\" \/>\n\t<meta property=\"og:image:type\" content=\"image\/jpeg\" \/>\n<meta name=\"twitter:card\" content=\"summary_large_image\" \/>\n<meta name=\"twitter:label1\" content=\"Hinta\" \/>\n\t<meta name=\"twitter:data1\" content=\"&euro;0.00\" \/>\n\t<meta name=\"twitter:label2\" content=\"Saatavuus\" \/>\n\t<meta name=\"twitter:data2\" content=\"Varastossa\" \/>\n<script type=\"application\/ld+json\" class=\"yoast-schema-graph\">{\"@context\":\"https:\/\/schema.org\",\"@graph\":[{\"@type\":\"WebPage\",\"@id\":\"https:\/\/www.ufi.eu\/fi\/product\/kayttoturvallisuustiedotteen-msds-sds-luontipalvelu\/\",\"url\":\"https:\/\/www.ufi.eu\/fi\/product\/kayttoturvallisuustiedotteen-msds-sds-luontipalvelu\/\",\"name\":\"K\u00e4ytt\u00f6turvallisuustiedotteen (MSDS\/SDS) luontipalvelu - UFI\",\"isPartOf\":{\"@id\":\"https:\/\/www.ufi.eu\/fi\/#website\"},\"primaryImageOfPage\":{\"@id\":\"https:\/\/www.ufi.eu\/fi\/product\/kayttoturvallisuustiedotteen-msds-sds-luontipalvelu\/#primaryimage\"},\"image\":{\"@id\":\"https:\/\/www.ufi.eu\/fi\/product\/kayttoturvallisuustiedotteen-msds-sds-luontipalvelu\/#primaryimage\"},\"thumbnailUrl\":\"https:\/\/www.ufi.eu\/wp-content\/uploads\/2025\/03\/pcn_ufi.jpg\",\"datePublished\":\"2025-04-15T20:38:02+00:00\",\"dateModified\":\"2025-04-15T20:38:05+00:00\",\"description\":\"Tarjoamme asiantuntevasti laadittuja k\u00e4ytt\u00f6turvallisuustiedotteita (SDS) - jotka tunnetaan my\u00f6s nimell\u00e4 k\u00e4ytt\u00f6turvallisuustiedotteet (MSDS) - r\u00e4\u00e4t\u00e4l\u00f6ityn\u00e4 tuotteellesi ja uusimpien EU-s\u00e4\u00e4d\u00f6sten mukaisesti.\",\"breadcrumb\":{\"@id\":\"https:\/\/www.ufi.eu\/fi\/product\/kayttoturvallisuustiedotteen-msds-sds-luontipalvelu\/#breadcrumb\"},\"inLanguage\":\"fi\",\"potentialAction\":[{\"@type\":\"ReadAction\",\"target\":[\"https:\/\/www.ufi.eu\/fi\/product\/kayttoturvallisuustiedotteen-msds-sds-luontipalvelu\/\"]}]},{\"@type\":\"ImageObject\",\"inLanguage\":\"fi\",\"@id\":\"https:\/\/www.ufi.eu\/fi\/product\/kayttoturvallisuustiedotteen-msds-sds-luontipalvelu\/#primaryimage\",\"url\":\"https:\/\/www.ufi.eu\/wp-content\/uploads\/2025\/03\/pcn_ufi.jpg\",\"contentUrl\":\"https:\/\/www.ufi.eu\/wp-content\/uploads\/2025\/03\/pcn_ufi.jpg\",\"width\":1024,\"height\":1024},{\"@type\":\"BreadcrumbList\",\"@id\":\"https:\/\/www.ufi.eu\/fi\/product\/kayttoturvallisuustiedotteen-msds-sds-luontipalvelu\/#breadcrumb\",\"itemListElement\":[{\"@type\":\"ListItem\",\"position\":1,\"name\":\"Home\",\"item\":\"https:\/\/www.ufi.eu\/fi\/etusivu\/\"},{\"@type\":\"ListItem\",\"position\":2,\"name\":\"Kauppa\",\"item\":\"https:\/\/www.ufi.eu\/fi\/kauppa\/\"},{\"@type\":\"ListItem\",\"position\":3,\"name\":\"K\u00e4ytt\u00f6turvallisuustiedotteen (MSDS\/SDS) luontipalvelu\"}]},{\"@type\":\"WebSite\",\"@id\":\"https:\/\/www.ufi.eu\/fi\/#website\",\"url\":\"https:\/\/www.ufi.eu\/fi\/\",\"name\":\"UFI.EU\",\"description\":\"Poison Centre Notifications (PCN) and UFI\",\"publisher\":{\"@id\":\"https:\/\/www.ufi.eu\/fi\/#organization\"},\"potentialAction\":[{\"@type\":\"SearchAction\",\"target\":{\"@type\":\"EntryPoint\",\"urlTemplate\":\"https:\/\/www.ufi.eu\/fi\/?s={search_term_string}\"},\"query-input\":{\"@type\":\"PropertyValueSpecification\",\"valueRequired\":true,\"valueName\":\"search_term_string\"}}],\"inLanguage\":\"fi\"},{\"@type\":\"Organization\",\"@id\":\"https:\/\/www.ufi.eu\/fi\/#organization\",\"name\":\"UFI.EU\",\"url\":\"https:\/\/www.ufi.eu\/fi\/\",\"logo\":{\"@type\":\"ImageObject\",\"inLanguage\":\"fi\",\"@id\":\"https:\/\/www.ufi.eu\/fi\/#\/schema\/logo\/image\/\",\"url\":\"https:\/\/www.ufi.eu\/wp-content\/uploads\/2025\/03\/cropped-logo_ufi3.jpg\",\"contentUrl\":\"https:\/\/www.ufi.eu\/wp-content\/uploads\/2025\/03\/cropped-logo_ufi3.jpg\",\"width\":231,\"height\":78,\"caption\":\"UFI.EU\"},\"image\":{\"@id\":\"https:\/\/www.ufi.eu\/fi\/#\/schema\/logo\/image\/\"},\"description\":\"UFI.eu specializes in digital registrations for Poison Centre Notifications (PCN), ensuring your chemical products meet EU regulatory requirements effortlessly. Our streamlined solutions help businesses stay compliant while reducing complexity and administrative burden.\",\"email\":\"info@ufi.eu\",\"legalName\":\"UFI.EU\"}]}<\/script>\n<meta property=\"product:price:amount\" content=\"0.00\" \/>\n<meta property=\"product:price:currency\" content=\"EUR\" \/>\n<meta property=\"og:availability\" content=\"instock\" \/>\n<meta property=\"product:availability\" content=\"instock\" \/>\n<meta property=\"product:condition\" content=\"new\" \/>\n<!-- \/ Yoast SEO Premium plugin. -->","yoast_head_json":{"title":"K\u00e4ytt\u00f6turvallisuustiedotteen (MSDS\/SDS) luontipalvelu - UFI","description":"Tarjoamme asiantuntevasti laadittuja k\u00e4ytt\u00f6turvallisuustiedotteita (SDS) - jotka tunnetaan my\u00f6s nimell\u00e4 k\u00e4ytt\u00f6turvallisuustiedotteet (MSDS) - r\u00e4\u00e4t\u00e4l\u00f6ityn\u00e4 tuotteellesi ja uusimpien EU-s\u00e4\u00e4d\u00f6sten mukaisesti.","robots":{"index":"index","follow":"follow","max-snippet":"max-snippet:-1","max-image-preview":"max-image-preview:large","max-video-preview":"max-video-preview:-1"},"canonical":"https:\/\/www.ufi.eu\/fi\/product\/kayttoturvallisuustiedotteen-msds-sds-luontipalvelu\/","og_locale":"fi_FI","og_type":"article","og_title":"K\u00e4ytt\u00f6turvallisuustiedotteen (MSDS\/SDS) luontipalvelu","og_description":"Tarjoamme asiantuntevasti laadittuja k\u00e4ytt\u00f6turvallisuustiedotteita (SDS) - jotka tunnetaan my\u00f6s nimell\u00e4 k\u00e4ytt\u00f6turvallisuustiedotteet (MSDS) - r\u00e4\u00e4t\u00e4l\u00f6ityn\u00e4 tuotteellesi ja uusimpien EU-s\u00e4\u00e4d\u00f6sten mukaisesti.","og_url":"https:\/\/www.ufi.eu\/fi\/product\/kayttoturvallisuustiedotteen-msds-sds-luontipalvelu\/","og_site_name":"UFI","article_modified_time":"2025-04-15T20:38:05+00:00","og_image":[{"width":1024,"height":1024,"url":"https:\/\/www.ufi.eu\/wp-content\/uploads\/2025\/03\/pcn_ufi.jpg","type":"image\/jpeg"}],"twitter_card":"summary_large_image","twitter_misc":{"Hinta":"&euro;0.00","Saatavuus":"Varastossa"},"schema":{"@context":"https:\/\/schema.org","@graph":[{"@type":"WebPage","@id":"https:\/\/www.ufi.eu\/fi\/product\/kayttoturvallisuustiedotteen-msds-sds-luontipalvelu\/","url":"https:\/\/www.ufi.eu\/fi\/product\/kayttoturvallisuustiedotteen-msds-sds-luontipalvelu\/","name":"K\u00e4ytt\u00f6turvallisuustiedotteen (MSDS\/SDS) luontipalvelu - UFI","isPartOf":{"@id":"https:\/\/www.ufi.eu\/fi\/#website"},"primaryImageOfPage":{"@id":"https:\/\/www.ufi.eu\/fi\/product\/kayttoturvallisuustiedotteen-msds-sds-luontipalvelu\/#primaryimage"},"image":{"@id":"https:\/\/www.ufi.eu\/fi\/product\/kayttoturvallisuustiedotteen-msds-sds-luontipalvelu\/#primaryimage"},"thumbnailUrl":"https:\/\/www.ufi.eu\/wp-content\/uploads\/2025\/03\/pcn_ufi.jpg","datePublished":"2025-04-15T20:38:02+00:00","dateModified":"2025-04-15T20:38:05+00:00","description":"Tarjoamme asiantuntevasti laadittuja k\u00e4ytt\u00f6turvallisuustiedotteita (SDS) - jotka tunnetaan my\u00f6s nimell\u00e4 k\u00e4ytt\u00f6turvallisuustiedotteet (MSDS) - r\u00e4\u00e4t\u00e4l\u00f6ityn\u00e4 tuotteellesi ja uusimpien EU-s\u00e4\u00e4d\u00f6sten mukaisesti.","breadcrumb":{"@id":"https:\/\/www.ufi.eu\/fi\/product\/kayttoturvallisuustiedotteen-msds-sds-luontipalvelu\/#breadcrumb"},"inLanguage":"fi","potentialAction":[{"@type":"ReadAction","target":["https:\/\/www.ufi.eu\/fi\/product\/kayttoturvallisuustiedotteen-msds-sds-luontipalvelu\/"]}]},{"@type":"ImageObject","inLanguage":"fi","@id":"https:\/\/www.ufi.eu\/fi\/product\/kayttoturvallisuustiedotteen-msds-sds-luontipalvelu\/#primaryimage","url":"https:\/\/www.ufi.eu\/wp-content\/uploads\/2025\/03\/pcn_ufi.jpg","contentUrl":"https:\/\/www.ufi.eu\/wp-content\/uploads\/2025\/03\/pcn_ufi.jpg","width":1024,"height":1024},{"@type":"BreadcrumbList","@id":"https:\/\/www.ufi.eu\/fi\/product\/kayttoturvallisuustiedotteen-msds-sds-luontipalvelu\/#breadcrumb","itemListElement":[{"@type":"ListItem","position":1,"name":"Home","item":"https:\/\/www.ufi.eu\/fi\/etusivu\/"},{"@type":"ListItem","position":2,"name":"Kauppa","item":"https:\/\/www.ufi.eu\/fi\/kauppa\/"},{"@type":"ListItem","position":3,"name":"K\u00e4ytt\u00f6turvallisuustiedotteen (MSDS\/SDS) luontipalvelu"}]},{"@type":"WebSite","@id":"https:\/\/www.ufi.eu\/fi\/#website","url":"https:\/\/www.ufi.eu\/fi\/","name":"UFI.EU","description":"Poison Centre Notifications (PCN) and UFI","publisher":{"@id":"https:\/\/www.ufi.eu\/fi\/#organization"},"potentialAction":[{"@type":"SearchAction","target":{"@type":"EntryPoint","urlTemplate":"https:\/\/www.ufi.eu\/fi\/?s={search_term_string}"},"query-input":{"@type":"PropertyValueSpecification","valueRequired":true,"valueName":"search_term_string"}}],"inLanguage":"fi"},{"@type":"Organization","@id":"https:\/\/www.ufi.eu\/fi\/#organization","name":"UFI.EU","url":"https:\/\/www.ufi.eu\/fi\/","logo":{"@type":"ImageObject","inLanguage":"fi","@id":"https:\/\/www.ufi.eu\/fi\/#\/schema\/logo\/image\/","url":"https:\/\/www.ufi.eu\/wp-content\/uploads\/2025\/03\/cropped-logo_ufi3.jpg","contentUrl":"https:\/\/www.ufi.eu\/wp-content\/uploads\/2025\/03\/cropped-logo_ufi3.jpg","width":231,"height":78,"caption":"UFI.EU"},"image":{"@id":"https:\/\/www.ufi.eu\/fi\/#\/schema\/logo\/image\/"},"description":"UFI.eu specializes in digital registrations for Poison Centre Notifications (PCN), ensuring your chemical products meet EU regulatory requirements effortlessly. Our streamlined solutions help businesses stay compliant while reducing complexity and administrative burden.","email":"info@ufi.eu","legalName":"UFI.EU"}]},"product_price_amount":"0.00","product_price_currency":"EUR","og_availability":"instock","product_availability":"instock","product_condition":"new"},"_links":{"self":[{"href":"https:\/\/www.ufi.eu\/fi\/wp-json\/wp\/v2\/product\/12835","targetHints":{"allow":["GET"]}}],"collection":[{"href":"https:\/\/www.ufi.eu\/fi\/wp-json\/wp\/v2\/product"}],"about":[{"href":"https:\/\/www.ufi.eu\/fi\/wp-json\/wp\/v2\/types\/product"}],"wp:featuredmedia":[{"embeddable":true,"href":"https:\/\/www.ufi.eu\/fi\/wp-json\/wp\/v2\/media\/12453"}],"wp:attachment":[{"href":"https:\/\/www.ufi.eu\/fi\/wp-json\/wp\/v2\/media?parent=12835"}],"wp:term":[{"taxonomy":"product_brand","embeddable":true,"href":"https:\/\/www.ufi.eu\/fi\/wp-json\/wp\/v2\/product_brand?post=12835"},{"taxonomy":"product_cat","embeddable":true,"href":"https:\/\/www.ufi.eu\/fi\/wp-json\/wp\/v2\/product_cat?post=12835"},{"taxonomy":"product_tag","embeddable":true,"href":"https:\/\/www.ufi.eu\/fi\/wp-json\/wp\/v2\/product_tag?post=12835"}],"curies":[{"name":"wp","href":"https:\/\/api.w.org\/{rel}","templated":true}]}}