{"id":12779,"date":"2025-04-05T15:21:48","date_gmt":"2025-04-15T20:26:28","guid":{"rendered":"https:\/\/www.ufi.eu\/pcn\/Ei-luokiteltu\/clp-etikettien-luominen-ja-vaatimustenmukaisuuden-tarkistus\/"},"modified":"2025-04-28T12:14:56","modified_gmt":"2025-04-28T12:14:56","slug":"clp-etikettien-luominen-ja-vaatimustenmukaisuuden-tarkistus","status":"publish","type":"product","link":"https:\/\/www.ufi.eu\/fi\/product\/clp-etikettien-luominen-ja-vaatimustenmukaisuuden-tarkistus\/","title":{"rendered":"CLP-etikettien luominen ja vaatimustenmukaisuuden tarkistus"},"content":{"rendered":"<p><strong>CLP-asetuksen (EY N:o 1272\/2008) mukaiset vaarallisten seosten ammattimaiset merkint\u00e4palvelut.<\/strong><\/p><p>Olemme erikoistuneet vaarallisten kemiallisten tuotteiden lakis\u00e4\u00e4teisten etikettien luomiseen ja tarkistamiseen. Olitpa sitten tuomassa markkinoille kosmetiikkapohjaa, jossa on vaarallisia ainesosia, teollista puhdistusainetta tai muuta kemiallista seosta, CLP-merkint\u00e4palvelumme varmistaa, ett\u00e4 tuoteselosteesi t\u00e4ytt\u00e4\u00e4 kaikki EU:n ja ETA:n lakis\u00e4\u00e4teiset vaatimukset. <\/p><h2 class=\"wp-block-heading\" id=\"h-why-clp-compliant-labels-are-essential\">Miksi CLP-yhteensopivat etiketit ovat v\u00e4ltt\u00e4m\u00e4tt\u00f6mi\u00e4<\/h2><p><strong>CLP-asetuksen (luokitus, merkinn\u00e4t ja pakkaaminen<\/strong>) mukaan vaarallisten aineiden ja seosten toimittajilta vaaditaan:<\/p><ul class=\"wp-block-list\"><li>Luokittelevat tuotteensa fysikaalisten, terveydellisten ja ymp\u00e4rist\u00f6riskien mukaan.<\/li>\n\n<li>Merkitse ne asianmukaisesti k\u00e4ytt\u00e4m\u00e4ll\u00e4 m\u00e4\u00e4r\u00e4ttyj\u00e4 elementtej\u00e4, kuten vaarakuvia, merkkisanoja sek\u00e4 standardoituja vaara- ja varoituslausekkeita.<\/li>\n\n<li>Pakkaa ne turvallisesti ja liit\u00e4 mukaan vaaditut toimittajan tunnistetiedot.<\/li><\/ul><p>Virheelliset tai ep\u00e4t\u00e4ydelliset merkinn\u00e4t voivat johtaa <strong>tuotteiden takaisinvetoon<\/strong>, <strong>oikeudellisiin seuraamuksiin<\/strong> tai siihen, <strong>ett\u00e4 v\u00e4hitt\u00e4ismyyj\u00e4t<\/strong> ja verkkokaupat <strong>hylk\u00e4\u00e4v\u00e4t<\/strong> tuotteet.<\/p><h2 class=\"wp-block-heading\" id=\"h-what-our-clp-label-service-includes\">Mit\u00e4 CLP-etikettipalvelumme sis\u00e4lt\u00e4\u00e4<\/h2><h4 class=\"wp-block-heading\" id=\"h-1-clp-label-creation\">1. <strong>CLP-merkinn\u00e4n luominen<\/strong><\/h4><p>Suunnittelemme etiketin alusta alkaen tuotteen k\u00e4ytt\u00f6turvallisuustiedotteen (SDS) tai koostumustietojen perusteella. Palvelumme sis\u00e4lt\u00e4\u00e4: <\/p><ul class=\"wp-block-list\"><li>Vaarojen oikea luokittelu (SDS:n tai ainesosatietojen perusteella).<\/li>\n\n<li>Sopivien <strong>vaarakuvamerkkien<\/strong>, <strong>merkkisanojen<\/strong>, <strong>H-<\/strong> ja <strong>P-lausekkeiden<\/strong> valinta.<\/li>\n\n<li>Asettelu vaadittujen mittojen ja luettavuuden mukaan.<\/li>\n\n<li>Toimittajan nimi, UFI (tarvittaessa) ja muut oikeudelliset tiedot.<\/li><\/ul><h4 class=\"wp-block-heading\" id=\"h-2-label-verification-compliance-check\">2. <strong>Etiketin todentaminen \/ vaatimustenmukaisuuden tarkastus<\/strong><\/h4><p>Onko sinulla jo etiketti? Tarkistamme, ett\u00e4 suunnitelmasi vastaa nykyisi\u00e4 CLP-vaatimuksia, ja annamme selke\u00e4\u00e4 palautetta ja teemme tarvittaessa korjauksia: <\/p><ul class=\"wp-block-list\"><li>Vaaraluokituksen tarkkuus.<\/li>\n\n<li>Lauseiden, merkkisanojen ja kuvamerkkien oikea k\u00e4ytt\u00f6.<\/li>\n\n<li>Pakollisten elementtien luettavuus, muoto ja sijoittelu.<\/li>\n\n<li>Rahalaitoksen olemassaolon ja rakenteen todentaminen (tarvittaessa).<\/li><\/ul><h4 class=\"wp-block-heading\" id=\"h-3-optional-add-ons\">3. <strong>Valinnaiset lis\u00e4osat<\/strong><\/h4><ul class=\"wp-block-list\"><li><strong>UFI-tuotanto<\/strong> ja PCN-ilmoituspalvelu.<\/li>\n\n<li><strong>K\u00e4ytt\u00f6turvallisuustiedotteen (SDS) tarkistaminen<\/strong> johdonmukaisuuden varmistamiseksi etiketin tietojen kanssa.<\/li>\n\n<li>Useille EU:n markkinoille tarkoitettujen etikettien kielik\u00e4\u00e4nn\u00f6kset.<\/li><\/ul><h2 class=\"wp-block-heading\" id=\"h-which-products-require-clp-compliant-labels\">Mitk\u00e4 tuotteet vaativat CLP-yhteensopivat etiketit?<\/h2><p>CLP-etikettipalvelumme koskee monenlaisia vaarallisia seoksia, mukaan lukien, mutta ei rajoittuen:<\/p><ul class=\"wp-block-list\"><li>Teollisuuden ja kotitalouksien puhdistusaineet.<\/li>\n\n<li>Maalit, liimat, hartsit ja pinnoitteet.<\/li>\n\n<li>Autoteollisuuden tuotteet ja voiteluaineet.<\/li>\n\n<li>Tuoksusekoitukset ja eteeriset \u00f6ljykonsentraatit.<\/li>\n\n<li>Ilmanraikastimet, vahasulatteet ja tuoksuvat huonesuihkeet.<\/li>\n\n<li>Tekniset aerosolit ja suihkeet.<\/li><\/ul><p>Jos tuotteesi sis\u00e4lt\u00e4\u00e4 ainesosia, jotka aiheuttavat <strong>fysikaalisia, terveydellisi\u00e4 tai ymp\u00e4rist\u00f6\u00f6n kohdistuvia vaaroja<\/strong>, tarvitaan todenn\u00e4k\u00f6isesti CLP-vaatimusten mukainen merkint\u00e4.<\/p><h2 class=\"wp-block-heading\" id=\"h-who-is-this-service-for\">Kenelle t\u00e4m\u00e4 palvelu on tarkoitettu?<\/h2><ul class=\"wp-block-list\"><li>Kemiallisten seosten <strong>valmistajat<\/strong>, <strong>maahantuojat<\/strong> ja <strong>yksityiset merkitsij\u00e4t<\/strong>.<\/li>\n\n<li><strong>Aloittavat yritykset<\/strong> ja pk-yritykset, jotka etsiv\u00e4t kohtuuhintaista s\u00e4\u00e4ntelytukea.<\/li>\n\n<li><strong>J\u00e4lleenmyyj\u00e4t ja kauppapaikat<\/strong>, jotka tarvitsevat vaatimustenmukaisia etikettej\u00e4 j\u00e4lleenmyynti\u00e4 varten.<\/li>\n\n<li>EU\/ETA-maihin toimittavat <strong>viej\u00e4t<\/strong>.<\/li><\/ul><h2 class=\"wp-block-heading\" id=\"h-why-choose-ufi-eu\">Miksi valita UFI.EU?<\/h2><ul class=\"wp-block-list\"><li>CLP-, UFI- ja <strong>PCN-s\u00e4\u00e4ntelyasiantuntemus<\/strong> useilla eri teollisuudenaloilla.<\/li>\n\n<li><strong>Nopeat l\u00e4pimenoajat<\/strong> ja selke\u00e4 viestint\u00e4.<\/li>\n\n<li><strong>Tarkat, oikeudellisesti kest\u00e4v\u00e4t merkinn\u00e4t<\/strong>, jotka perustuvat uusimpiin EU-s\u00e4\u00e4d\u00f6ksiin.<\/li>\n\n<li><strong>Monikielinen tuki<\/strong> yleiseurooppalaista vaatimustenmukaisuutta varten.<\/li><\/ul><h2 class=\"wp-block-heading\" id=\"h-how-it-works\">Miten se toimii<\/h2><ol class=\"wp-block-list\"><li><strong>L\u00e4het\u00e4 SDS- tai koostumustietosi.<\/strong><\/li>\n\n<li><strong>Analysoimme tiedot ja luomme tai tarkistamme etikettisi.<\/strong><\/li>\n\n<li><strong>Saat valmiin CLP-etikettitiedoston tai raportin, jossa on tarvittavat korjaukset.<\/strong><\/li><\/ol><h2 class=\"wp-block-heading\" id=\"h-ready-to-order\">Oletko valmis tilaamaan?<\/h2><p>V\u00e4lt\u00e4 vaatimustenvastaisten etikettien aiheuttama stressi. Anna asiantuntijoidemme auttaa sinua t\u00e4ytt\u00e4m\u00e4\u00e4n lakis\u00e4\u00e4teiset velvoitteesi luottavaisin mielin. <br\/><strong>Tilaa CLP-etikettien luominen tai vaatimustenmukaisuustarkastus jo t\u00e4n\u00e4\u00e4n.<\/strong><\/p>","protected":false},"excerpt":{"rendered":"<p>Me annamme tiedot tuoteselostetta varten. Lopullinen etikettisuunnitelmasi tarkistetaan, ett\u00e4 se on lainmukainen. <\/p>\n","protected":false},"featured_media":12453,"template":"","meta":[],"product_brand":[],"product_cat":[410],"product_tag":[],"class_list":{"0":"post-12779","1":"product","2":"type-product","3":"status-publish","4":"has-post-thumbnail","6":"product_cat-clp-etiketti","8":"first","9":"instock","10":"virtual","11":"taxable","12":"purchasable","13":"product-type-simple"},"bundled_by":["12826","13511","14382","31733"],"bundle_stock_status":"instock","bundle_stock_quantity":null,"bundle_virtual":false,"bundle_layout":"","bundle_add_to_cart_form_location":"","bundle_editable_in_cart":false,"bundle_sold_individually_context":"","bundle_item_grouping":"","bundle_min_size":"","bundle_max_size":"","bundle_price":[],"bundled_items":[],"bundle_sell_ids":[],"yoast_head":"<!-- This site is optimized with the Yoast SEO Premium plugin v25.1 (Yoast SEO v25.1) - https:\/\/yoast.com\/wordpress\/plugins\/seo\/ -->\n<title>CLP-etikettien luominen ja vaatimustenmukaisuuden tarkistus - UFI<\/title>\n<meta name=\"description\" content=\"CLP-merkint\u00f6jen luonti- ja vaatimustenmukaisuustarkastuspalvelumme varmistaa, ett\u00e4 tuotemerkint\u00f6jenne merkinn\u00e4t t\u00e4ytt\u00e4v\u00e4t kaikki EU:n ja ETA:n lakis\u00e4\u00e4teiset vaatimukset.\" \/>\n<meta name=\"robots\" content=\"index, follow, max-snippet:-1, max-image-preview:large, max-video-preview:-1\" \/>\n<link rel=\"canonical\" href=\"https:\/\/www.ufi.eu\/fi\/product\/clp-etikettien-luominen-ja-vaatimustenmukaisuuden-tarkistus\/\" \/>\n<meta property=\"og:locale\" content=\"fi_FI\" \/>\n<meta property=\"og:type\" content=\"article\" \/>\n<meta property=\"og:title\" content=\"CLP-etikettien luominen ja vaatimustenmukaisuuden tarkistus\" \/>\n<meta property=\"og:description\" content=\"CLP-merkint\u00f6jen luonti- ja vaatimustenmukaisuustarkastuspalvelumme varmistaa, ett\u00e4 tuotemerkint\u00f6jenne merkinn\u00e4t t\u00e4ytt\u00e4v\u00e4t kaikki EU:n ja ETA:n lakis\u00e4\u00e4teiset vaatimukset.\" \/>\n<meta property=\"og:url\" content=\"https:\/\/www.ufi.eu\/fi\/product\/clp-etikettien-luominen-ja-vaatimustenmukaisuuden-tarkistus\/\" \/>\n<meta property=\"og:site_name\" content=\"UFI\" \/>\n<meta property=\"article:modified_time\" content=\"2025-04-28T12:14:56+00:00\" \/>\n<meta property=\"og:image\" content=\"https:\/\/www.ufi.eu\/wp-content\/uploads\/2025\/03\/pcn_ufi.jpg\" \/>\n\t<meta property=\"og:image:width\" content=\"1024\" \/>\n\t<meta property=\"og:image:height\" content=\"1024\" \/>\n\t<meta property=\"og:image:type\" content=\"image\/jpeg\" \/>\n<meta name=\"twitter:card\" content=\"summary_large_image\" \/>\n<meta name=\"twitter:label1\" content=\"Hinta\" \/>\n\t<meta name=\"twitter:data1\" content=\"&euro;50.00\" \/>\n\t<meta name=\"twitter:label2\" content=\"Saatavuus\" \/>\n\t<meta name=\"twitter:data2\" content=\"Varastossa\" \/>\n<script type=\"application\/ld+json\" class=\"yoast-schema-graph\">{\"@context\":\"https:\/\/schema.org\",\"@graph\":[{\"@type\":\"WebPage\",\"@id\":\"https:\/\/www.ufi.eu\/fi\/product\/clp-etikettien-luominen-ja-vaatimustenmukaisuuden-tarkistus\/\",\"url\":\"https:\/\/www.ufi.eu\/fi\/product\/clp-etikettien-luominen-ja-vaatimustenmukaisuuden-tarkistus\/\",\"name\":\"CLP-etikettien luominen ja vaatimustenmukaisuuden tarkistus - UFI\",\"isPartOf\":{\"@id\":\"https:\/\/www.ufi.eu\/fi\/#website\"},\"primaryImageOfPage\":{\"@id\":\"https:\/\/www.ufi.eu\/fi\/product\/clp-etikettien-luominen-ja-vaatimustenmukaisuuden-tarkistus\/#primaryimage\"},\"image\":{\"@id\":\"https:\/\/www.ufi.eu\/fi\/product\/clp-etikettien-luominen-ja-vaatimustenmukaisuuden-tarkistus\/#primaryimage\"},\"thumbnailUrl\":\"https:\/\/www.ufi.eu\/wp-content\/uploads\/2025\/03\/pcn_ufi.jpg\",\"datePublished\":\"2025-04-15T20:26:28+00:00\",\"dateModified\":\"2025-04-28T12:14:56+00:00\",\"description\":\"CLP-merkint\u00f6jen luonti- ja vaatimustenmukaisuustarkastuspalvelumme varmistaa, ett\u00e4 tuotemerkint\u00f6jenne merkinn\u00e4t t\u00e4ytt\u00e4v\u00e4t kaikki EU:n ja ETA:n lakis\u00e4\u00e4teiset vaatimukset.\",\"breadcrumb\":{\"@id\":\"https:\/\/www.ufi.eu\/fi\/product\/clp-etikettien-luominen-ja-vaatimustenmukaisuuden-tarkistus\/#breadcrumb\"},\"inLanguage\":\"fi\",\"potentialAction\":[{\"@type\":\"ReadAction\",\"target\":[\"https:\/\/www.ufi.eu\/fi\/product\/clp-etikettien-luominen-ja-vaatimustenmukaisuuden-tarkistus\/\"]}]},{\"@type\":\"ImageObject\",\"inLanguage\":\"fi\",\"@id\":\"https:\/\/www.ufi.eu\/fi\/product\/clp-etikettien-luominen-ja-vaatimustenmukaisuuden-tarkistus\/#primaryimage\",\"url\":\"https:\/\/www.ufi.eu\/wp-content\/uploads\/2025\/03\/pcn_ufi.jpg\",\"contentUrl\":\"https:\/\/www.ufi.eu\/wp-content\/uploads\/2025\/03\/pcn_ufi.jpg\",\"width\":1024,\"height\":1024},{\"@type\":\"BreadcrumbList\",\"@id\":\"https:\/\/www.ufi.eu\/fi\/product\/clp-etikettien-luominen-ja-vaatimustenmukaisuuden-tarkistus\/#breadcrumb\",\"itemListElement\":[{\"@type\":\"ListItem\",\"position\":1,\"name\":\"Home\",\"item\":\"https:\/\/www.ufi.eu\/fi\/etusivu\/\"},{\"@type\":\"ListItem\",\"position\":2,\"name\":\"Kauppa\",\"item\":\"https:\/\/www.ufi.eu\/fi\/kauppa\/\"},{\"@type\":\"ListItem\",\"position\":3,\"name\":\"CLP-etikettien luominen ja vaatimustenmukaisuuden tarkistus\"}]},{\"@type\":\"WebSite\",\"@id\":\"https:\/\/www.ufi.eu\/fi\/#website\",\"url\":\"https:\/\/www.ufi.eu\/fi\/\",\"name\":\"UFI.EU\",\"description\":\"Poison Centre Notifications (PCN) and UFI\",\"publisher\":{\"@id\":\"https:\/\/www.ufi.eu\/fi\/#organization\"},\"potentialAction\":[{\"@type\":\"SearchAction\",\"target\":{\"@type\":\"EntryPoint\",\"urlTemplate\":\"https:\/\/www.ufi.eu\/fi\/?s={search_term_string}\"},\"query-input\":{\"@type\":\"PropertyValueSpecification\",\"valueRequired\":true,\"valueName\":\"search_term_string\"}}],\"inLanguage\":\"fi\"},{\"@type\":\"Organization\",\"@id\":\"https:\/\/www.ufi.eu\/fi\/#organization\",\"name\":\"UFI.EU\",\"url\":\"https:\/\/www.ufi.eu\/fi\/\",\"logo\":{\"@type\":\"ImageObject\",\"inLanguage\":\"fi\",\"@id\":\"https:\/\/www.ufi.eu\/fi\/#\/schema\/logo\/image\/\",\"url\":\"https:\/\/www.ufi.eu\/wp-content\/uploads\/2025\/03\/cropped-logo_ufi3.jpg\",\"contentUrl\":\"https:\/\/www.ufi.eu\/wp-content\/uploads\/2025\/03\/cropped-logo_ufi3.jpg\",\"width\":231,\"height\":78,\"caption\":\"UFI.EU\"},\"image\":{\"@id\":\"https:\/\/www.ufi.eu\/fi\/#\/schema\/logo\/image\/\"},\"description\":\"UFI.eu specializes in digital registrations for Poison Centre Notifications (PCN), ensuring your chemical products meet EU regulatory requirements effortlessly. Our streamlined solutions help businesses stay compliant while reducing complexity and administrative burden.\",\"email\":\"info@ufi.eu\",\"legalName\":\"UFI.EU\"}]}<\/script>\n<meta property=\"product:price:amount\" content=\"50.00\" \/>\n<meta property=\"product:price:currency\" content=\"EUR\" \/>\n<meta property=\"og:availability\" content=\"instock\" \/>\n<meta property=\"product:availability\" content=\"instock\" \/>\n<meta property=\"product:condition\" content=\"new\" \/>\n<!-- \/ Yoast SEO Premium plugin. -->","yoast_head_json":{"title":"CLP-etikettien luominen ja vaatimustenmukaisuuden tarkistus - UFI","description":"CLP-merkint\u00f6jen luonti- ja vaatimustenmukaisuustarkastuspalvelumme varmistaa, ett\u00e4 tuotemerkint\u00f6jenne merkinn\u00e4t t\u00e4ytt\u00e4v\u00e4t kaikki EU:n ja ETA:n lakis\u00e4\u00e4teiset vaatimukset.","robots":{"index":"index","follow":"follow","max-snippet":"max-snippet:-1","max-image-preview":"max-image-preview:large","max-video-preview":"max-video-preview:-1"},"canonical":"https:\/\/www.ufi.eu\/fi\/product\/clp-etikettien-luominen-ja-vaatimustenmukaisuuden-tarkistus\/","og_locale":"fi_FI","og_type":"article","og_title":"CLP-etikettien luominen ja vaatimustenmukaisuuden tarkistus","og_description":"CLP-merkint\u00f6jen luonti- ja vaatimustenmukaisuustarkastuspalvelumme varmistaa, ett\u00e4 tuotemerkint\u00f6jenne merkinn\u00e4t t\u00e4ytt\u00e4v\u00e4t kaikki EU:n ja ETA:n lakis\u00e4\u00e4teiset vaatimukset.","og_url":"https:\/\/www.ufi.eu\/fi\/product\/clp-etikettien-luominen-ja-vaatimustenmukaisuuden-tarkistus\/","og_site_name":"UFI","article_modified_time":"2025-04-28T12:14:56+00:00","og_image":[{"width":1024,"height":1024,"url":"https:\/\/www.ufi.eu\/wp-content\/uploads\/2025\/03\/pcn_ufi.jpg","type":"image\/jpeg"}],"twitter_card":"summary_large_image","twitter_misc":{"Hinta":"&euro;50.00","Saatavuus":"Varastossa"},"schema":{"@context":"https:\/\/schema.org","@graph":[{"@type":"WebPage","@id":"https:\/\/www.ufi.eu\/fi\/product\/clp-etikettien-luominen-ja-vaatimustenmukaisuuden-tarkistus\/","url":"https:\/\/www.ufi.eu\/fi\/product\/clp-etikettien-luominen-ja-vaatimustenmukaisuuden-tarkistus\/","name":"CLP-etikettien luominen ja vaatimustenmukaisuuden tarkistus - UFI","isPartOf":{"@id":"https:\/\/www.ufi.eu\/fi\/#website"},"primaryImageOfPage":{"@id":"https:\/\/www.ufi.eu\/fi\/product\/clp-etikettien-luominen-ja-vaatimustenmukaisuuden-tarkistus\/#primaryimage"},"image":{"@id":"https:\/\/www.ufi.eu\/fi\/product\/clp-etikettien-luominen-ja-vaatimustenmukaisuuden-tarkistus\/#primaryimage"},"thumbnailUrl":"https:\/\/www.ufi.eu\/wp-content\/uploads\/2025\/03\/pcn_ufi.jpg","datePublished":"2025-04-15T20:26:28+00:00","dateModified":"2025-04-28T12:14:56+00:00","description":"CLP-merkint\u00f6jen luonti- ja vaatimustenmukaisuustarkastuspalvelumme varmistaa, ett\u00e4 tuotemerkint\u00f6jenne merkinn\u00e4t t\u00e4ytt\u00e4v\u00e4t kaikki EU:n ja ETA:n lakis\u00e4\u00e4teiset vaatimukset.","breadcrumb":{"@id":"https:\/\/www.ufi.eu\/fi\/product\/clp-etikettien-luominen-ja-vaatimustenmukaisuuden-tarkistus\/#breadcrumb"},"inLanguage":"fi","potentialAction":[{"@type":"ReadAction","target":["https:\/\/www.ufi.eu\/fi\/product\/clp-etikettien-luominen-ja-vaatimustenmukaisuuden-tarkistus\/"]}]},{"@type":"ImageObject","inLanguage":"fi","@id":"https:\/\/www.ufi.eu\/fi\/product\/clp-etikettien-luominen-ja-vaatimustenmukaisuuden-tarkistus\/#primaryimage","url":"https:\/\/www.ufi.eu\/wp-content\/uploads\/2025\/03\/pcn_ufi.jpg","contentUrl":"https:\/\/www.ufi.eu\/wp-content\/uploads\/2025\/03\/pcn_ufi.jpg","width":1024,"height":1024},{"@type":"BreadcrumbList","@id":"https:\/\/www.ufi.eu\/fi\/product\/clp-etikettien-luominen-ja-vaatimustenmukaisuuden-tarkistus\/#breadcrumb","itemListElement":[{"@type":"ListItem","position":1,"name":"Home","item":"https:\/\/www.ufi.eu\/fi\/etusivu\/"},{"@type":"ListItem","position":2,"name":"Kauppa","item":"https:\/\/www.ufi.eu\/fi\/kauppa\/"},{"@type":"ListItem","position":3,"name":"CLP-etikettien luominen ja vaatimustenmukaisuuden tarkistus"}]},{"@type":"WebSite","@id":"https:\/\/www.ufi.eu\/fi\/#website","url":"https:\/\/www.ufi.eu\/fi\/","name":"UFI.EU","description":"Poison Centre Notifications (PCN) and UFI","publisher":{"@id":"https:\/\/www.ufi.eu\/fi\/#organization"},"potentialAction":[{"@type":"SearchAction","target":{"@type":"EntryPoint","urlTemplate":"https:\/\/www.ufi.eu\/fi\/?s={search_term_string}"},"query-input":{"@type":"PropertyValueSpecification","valueRequired":true,"valueName":"search_term_string"}}],"inLanguage":"fi"},{"@type":"Organization","@id":"https:\/\/www.ufi.eu\/fi\/#organization","name":"UFI.EU","url":"https:\/\/www.ufi.eu\/fi\/","logo":{"@type":"ImageObject","inLanguage":"fi","@id":"https:\/\/www.ufi.eu\/fi\/#\/schema\/logo\/image\/","url":"https:\/\/www.ufi.eu\/wp-content\/uploads\/2025\/03\/cropped-logo_ufi3.jpg","contentUrl":"https:\/\/www.ufi.eu\/wp-content\/uploads\/2025\/03\/cropped-logo_ufi3.jpg","width":231,"height":78,"caption":"UFI.EU"},"image":{"@id":"https:\/\/www.ufi.eu\/fi\/#\/schema\/logo\/image\/"},"description":"UFI.eu specializes in digital registrations for Poison Centre Notifications (PCN), ensuring your chemical products meet EU regulatory requirements effortlessly. Our streamlined solutions help businesses stay compliant while reducing complexity and administrative burden.","email":"info@ufi.eu","legalName":"UFI.EU"}]},"product_price_amount":"50.00","product_price_currency":"EUR","og_availability":"instock","product_availability":"instock","product_condition":"new"},"_links":{"self":[{"href":"https:\/\/www.ufi.eu\/fi\/wp-json\/wp\/v2\/product\/12779","targetHints":{"allow":["GET"]}}],"collection":[{"href":"https:\/\/www.ufi.eu\/fi\/wp-json\/wp\/v2\/product"}],"about":[{"href":"https:\/\/www.ufi.eu\/fi\/wp-json\/wp\/v2\/types\/product"}],"wp:featuredmedia":[{"embeddable":true,"href":"https:\/\/www.ufi.eu\/fi\/wp-json\/wp\/v2\/media\/12453"}],"wp:attachment":[{"href":"https:\/\/www.ufi.eu\/fi\/wp-json\/wp\/v2\/media?parent=12779"}],"wp:term":[{"taxonomy":"product_brand","embeddable":true,"href":"https:\/\/www.ufi.eu\/fi\/wp-json\/wp\/v2\/product_brand?post=12779"},{"taxonomy":"product_cat","embeddable":true,"href":"https:\/\/www.ufi.eu\/fi\/wp-json\/wp\/v2\/product_cat?post=12779"},{"taxonomy":"product_tag","embeddable":true,"href":"https:\/\/www.ufi.eu\/fi\/wp-json\/wp\/v2\/product_tag?post=12779"}],"curies":[{"name":"wp","href":"https:\/\/api.w.org\/{rel}","templated":true}]}}