{"id":12775,"date":"2025-04-05T15:24:57","date_gmt":"2025-04-15T20:26:20","guid":{"rendered":"https:\/\/www.ufi.eu\/pcn\/Ei-luokiteltu\/clp-etikettien-luominen-ja-vaatimustenmukaisuuden-tarkistus-pesuaineille\/"},"modified":"2025-04-28T12:21:13","modified_gmt":"2025-04-28T12:21:13","slug":"clp-etikettien-luominen-ja-vaatimustenmukaisuuden-tarkistus-pesuaineille","status":"publish","type":"product","link":"https:\/\/www.ufi.eu\/fi\/product\/clp-etikettien-luominen-ja-vaatimustenmukaisuuden-tarkistus-pesuaineille\/","title":{"rendered":"CLP-etikettien luominen ja vaatimustenmukaisuuden tarkistus pesuaineille"},"content":{"rendered":"\n<p><strong>Varmista CLP- ja pesuaineasetuksen t\u00e4ydellinen noudattaminen asiantuntijapalvelumme avulla.<\/strong><\/p>\n\n<p>Olemme erikoistuneet auttamaan yrityksi\u00e4 t\u00e4ytt\u00e4m\u00e4\u00e4n lains\u00e4\u00e4d\u00e4nn\u00f6lliset vaatimukset, jotka koskevat pesuaineiden saattamista Euroopan markkinoille. CLP-etikettien luonti- ja tarkastuspalvelumme varmistaa, ett\u00e4 tuotetarrat ovat t\u00e4ysin sek\u00e4 <strong>CLP-asetuksen (EY N:o 1272\/2008<\/strong> ) ett\u00e4 <strong>pesuaineasetuksen (EY N:o 648\/2004<\/strong>) mukaisia. <\/p>\n\n<h2 class=\"wp-block-heading\" id=\"h-why-correct-labeling-for-detergents-is-crucial\">Miksi pesuaineiden oikeat merkinn\u00e4t ovat ratkaisevan t\u00e4rkeit\u00e4?<\/h2>\n\n<p>Pesuaineisiin sovelletaan kahta keskeist\u00e4 eurooppalaista asetusta:<\/p>\n\n<ul class=\"wp-block-list\">\n<li><strong>CLP-asetus<\/strong>, joka koskee vaarallisten aineiden ja seosten luokitusta, merkint\u00f6j\u00e4 ja pakkaamista.<\/li>\n\n\n\n<li><strong>Pesuaineasetus<\/strong>, jolla lis\u00e4t\u00e4\u00e4n erityisi\u00e4 merkint\u00e4velvoitteita erityisesti kuluttajien k\u00e4ytt\u00e4mille pesuaineille.<\/li>\n<\/ul>\n\n<p>Vaatimusten noudattamatta j\u00e4tt\u00e4minen voi johtaa tuotteiden takaisinvetoon, sakkoihin tai jopa markkinakieltoon. Tiimimme varmistaa, ett\u00e4 etiketit ovat tarkkoja, t\u00e4ydellisi\u00e4 ja oikeudellisesti puolustettavia. <\/p>\n\n<h2 class=\"wp-block-heading\" id=\"h-what-we-offer\">Mit\u00e4 me tarjoamme<\/h2>\n\n<h4 class=\"wp-block-heading\" id=\"h-1-clp-label-creation-for-detergents\">1. <strong>CLP-merkinn\u00e4n luominen pesuaineille<\/strong><\/h4>\n\n<p>Laadimme tuoteselosteen pesuainevalmisteesi erityisen vaaraluokituksen perusteella. T\u00e4m\u00e4 sis\u00e4lt\u00e4\u00e4: <\/p>\n\n<ul class=\"wp-block-list\">\n<li>Oikeiden <strong>vaarakuvamerkkien<\/strong>, <strong>merkkisanojen<\/strong>, <strong>H-<\/strong> ja <strong>P-lausekkeiden<\/strong> valinta.<\/li>\n\n\n\n<li><strong>UFI:n<\/strong> oikea <strong>sijoittelu<\/strong> ja muotoilu (tarvittaessa).<\/li>\n\n\n\n<li>Pakolliset toimittajan ja tuotteen tunnistetiedot.<\/li>\n<\/ul>\n\n<h4 class=\"wp-block-heading\" id=\"h-2-label-check-for-existing-detergent-products\">2. <strong>Olemassa olevien pesuaineiden etikettitarkastus<\/strong><\/h4>\n\n<p>Onko sinulla jo etiketti? Tarkistamme ja tarkistamme: <\/p>\n\n<ul class=\"wp-block-list\">\n<li>CLP:n mukainen asianmukainen vaaraluokitus.<\/li>\n\n\n\n<li>Merkint\u00e4teksti ja -muoto nykyisten s\u00e4\u00e4nn\u00f6sten mukaisesti.<\/li>\n\n\n\n<li>pesuainekohtaiset vaatimukset, kuten ainesosaluettelon ja allergeeniluettelon laatiminen.<\/li>\n<\/ul>\n\n<h4 class=\"wp-block-heading\" id=\"h-3-compliance-with-detergents-regulation-ec-no-648-2004\">3. <strong>Pesuaineasetuksen (EY) N:o 648\/2004 noudattaminen.<\/strong><\/h4>\n\n<p>Varmistamme, ett\u00e4 etikettisi t\u00e4ytt\u00e4\u00e4 pesuaineille asetetut vaatimukset, mukaan lukien:<\/p>\n\n<ul class=\"wp-block-list\">\n<li>Ainesosien vaihteluv\u00e4li\u00e4 koskevat ilmoitukset (esim. &#8220;5-15 % anionisia pinta-aktiivisia aineita&#8221;).<\/li>\n\n\n\n<li>Allergisoivien hajusteiden paljastuminen (esim. limoneeni, linalool).<\/li>\n\n\n\n<li>Ainesosaluettelon m\u00e4\u00e4ritt\u00e4minen verkossa (tarvittaessa).<\/li>\n<\/ul>\n\n<h2 class=\"wp-block-heading\" id=\"h-when-is-a-clp-label-and-ufi-required\">Milloin CLP-merkint\u00e4 ja UFI vaaditaan?<\/h2>\n\n<p>CLP-vaatimusten mukainen merkint\u00e4 (ja mahdollisesti PCN-ilmoitus UFI:n kanssa) vaaditaan, jos pesuaineesi:<\/p>\n\n<ul class=\"wp-block-list\">\n<li>Sis\u00e4lt\u00e4\u00e4 vaarallisia ainesosia, jotka on luokiteltu terveydellisten tai fysikaalisten vaikutusten perusteella.<\/li>\n\n\n\n<li>Markkinoidaan kuluttajille tai ammattilaisille.<\/li>\n<\/ul>\n\n<p>Autamme sinua m\u00e4\u00e4ritt\u00e4m\u00e4\u00e4n, tarvitseeko tuotteesi <strong>UFI-<\/strong> tai <strong>PCN-vaatimuksen<\/strong> vai pelk\u00e4st\u00e4\u00e4n pesuaineasetuksen mukaisen merkinn\u00e4n.<\/p>\n\n<h2 class=\"wp-block-heading\" id=\"h-who-is-this-service-for\">Kenelle t\u00e4m\u00e4 palvelu on tarkoitettu?<\/h2>\n\n<ul class=\"wp-block-list\">\n<li>Nestem\u00e4isten tai jauhemaisten pesuaineiden valmistajat.<\/li>\n\n\n\n<li>Puhdistusaineiden ja pesutuotteiden maahantuojat.<\/li>\n\n\n\n<li>Private label -br\u00e4ndit, jotka tarvitsevat t\u00e4ydellist\u00e4 tukea tuotemerkkien vaatimustenmukaisuudelle.<\/li>\n\n\n\n<li>Yritykset ovat ep\u00e4varmoja siit\u00e4, onko niiden tuote vaarallinen vai ei.<\/li>\n<\/ul>\n\n<h2 class=\"wp-block-heading\" id=\"h-why-choose-ufi-eu\">Miksi valita UFI.EU?<\/h2>\n\n<ul class=\"wp-block-list\">\n<li><strong>CLP- ja pesuaineasetuksen asiantuntijat<\/strong>, joilla on vuosien kokemus.<\/li>\n\n\n\n<li><strong>Nopea ja tarkka palvelu<\/strong>, joka on r\u00e4\u00e4t\u00e4l\u00f6ity tuotteesi tarpeisiin.<\/li>\n\n\n\n<li><strong>Selke\u00e4 hinnoittelu<\/strong> ja henkil\u00f6kohtainen viestint\u00e4.<\/li>\n\n\n\n<li><strong>Valinnaiset lis\u00e4osat<\/strong>: PCN-ilmoitus, SDS:n luominen ja UFI:n luominen.<\/li>\n<\/ul>\n\n<h2 class=\"wp-block-heading\" id=\"h-get-started-today\">Aloita t\u00e4n\u00e4\u00e4n<\/h2>\n\n<p>Tarvitsitpa sitten uuden merkin tai halusitko tarkistaa olemassa olevan merkkisi, UFI.EU tukee vaatimustenmukaisuusprosessia.<br\/><strong>Anna meid\u00e4n hoitaa oikeudelliset yksityiskohdat, jotta voit keskitty\u00e4 liiketoimintaasi.<\/strong><\/p>\n\n<p>Napsauta alla olevaa painiketta pyyt\u00e4\u00e4ksesi <strong>CLP-etikettien luomista tai pesuaineiden tarkistamista<\/strong>.<\/p>\n","protected":false},"excerpt":{"rendered":"<p>Varmista CLP- ja pesuaineasetuksen t\u00e4ydellinen noudattaminen asiantuntijapalvelumme avulla. Olemme erikoistuneet auttamaan yrityksi\u00e4 t\u00e4ytt\u00e4m\u00e4\u00e4n lains\u00e4\u00e4d\u00e4nn\u00f6lliset vaatimukset, jotka koskevat pesuaineiden saattamista Euroopan markkinoille. CLP-etikettien luonti- ja tarkastuspalvelumme varmistaa, ett\u00e4 tuotetarrat ovat t\u00e4ysin sek\u00e4 CLP-asetuksen (EY N:o 1272\/2008 ) ett\u00e4 pesuaineasetuksen (EY N:o 648\/2004) mukaisia. Miksi pesuaineiden oikeat merkinn\u00e4t ovat ratkaisevan t\u00e4rkeit\u00e4? Pesuaineisiin sovelletaan kahta keskeist\u00e4 eurooppalaista asetusta: [&hellip;]<\/p>\n","protected":false},"featured_media":12453,"template":"","meta":[],"product_brand":[],"product_cat":[410],"product_tag":[],"class_list":{"0":"post-12775","1":"product","2":"type-product","3":"status-publish","4":"has-post-thumbnail","6":"product_cat-clp-etiketti","8":"first","9":"instock","10":"virtual","11":"taxable","12":"purchasable","13":"product-type-simple"},"bundled_by":[],"bundle_stock_status":"instock","bundle_stock_quantity":null,"bundle_virtual":false,"bundle_layout":"","bundle_add_to_cart_form_location":"","bundle_editable_in_cart":false,"bundle_sold_individually_context":"","bundle_item_grouping":"","bundle_min_size":"","bundle_max_size":"","bundle_price":[],"bundled_items":[],"bundle_sell_ids":[],"yoast_head":"<!-- This site is optimized with the Yoast SEO Premium plugin v25.1 (Yoast SEO v25.1) - https:\/\/yoast.com\/wordpress\/plugins\/seo\/ -->\n<title>CLP-etikettien luominen ja vaatimustenmukaisuuden tarkistus pesuaineille - UFI<\/title>\n<meta name=\"description\" content=\"CLP-etikettien luonti- ja tarkastuspalvelumme varmistaa, ett\u00e4 tuotetarrat ovat t\u00e4ysin CLP-asetuksen (EY N:o 1272\/2008) ja pesuaineasetuksen (EY N:o 648\/2004) mukaisia.\" \/>\n<meta name=\"robots\" content=\"index, follow, max-snippet:-1, max-image-preview:large, max-video-preview:-1\" \/>\n<link rel=\"canonical\" href=\"https:\/\/www.ufi.eu\/fi\/product\/clp-etikettien-luominen-ja-vaatimustenmukaisuuden-tarkistus-pesuaineille\/\" \/>\n<meta property=\"og:locale\" content=\"fi_FI\" \/>\n<meta property=\"og:type\" content=\"article\" \/>\n<meta property=\"og:title\" content=\"CLP-etikettien luominen ja vaatimustenmukaisuuden tarkistus pesuaineille\" \/>\n<meta property=\"og:description\" content=\"CLP-etikettien luonti- ja tarkastuspalvelumme varmistaa, ett\u00e4 tuotetarrat ovat t\u00e4ysin CLP-asetuksen (EY N:o 1272\/2008) ja pesuaineasetuksen (EY N:o 648\/2004) mukaisia.\" \/>\n<meta property=\"og:url\" content=\"https:\/\/www.ufi.eu\/fi\/product\/clp-etikettien-luominen-ja-vaatimustenmukaisuuden-tarkistus-pesuaineille\/\" \/>\n<meta property=\"og:site_name\" content=\"UFI\" \/>\n<meta property=\"article:modified_time\" content=\"2025-04-28T12:21:13+00:00\" \/>\n<meta property=\"og:image\" content=\"https:\/\/www.ufi.eu\/wp-content\/uploads\/2025\/03\/pcn_ufi.jpg\" \/>\n\t<meta property=\"og:image:width\" content=\"1024\" \/>\n\t<meta property=\"og:image:height\" content=\"1024\" \/>\n\t<meta property=\"og:image:type\" content=\"image\/jpeg\" \/>\n<meta name=\"twitter:card\" content=\"summary_large_image\" \/>\n<meta name=\"twitter:label1\" content=\"Hinta\" \/>\n\t<meta name=\"twitter:data1\" content=\"&euro;50.00\" \/>\n\t<meta name=\"twitter:label2\" content=\"Saatavuus\" \/>\n\t<meta name=\"twitter:data2\" content=\"Varastossa\" \/>\n<script type=\"application\/ld+json\" class=\"yoast-schema-graph\">{\"@context\":\"https:\/\/schema.org\",\"@graph\":[{\"@type\":\"WebPage\",\"@id\":\"https:\/\/www.ufi.eu\/fi\/product\/clp-etikettien-luominen-ja-vaatimustenmukaisuuden-tarkistus-pesuaineille\/\",\"url\":\"https:\/\/www.ufi.eu\/fi\/product\/clp-etikettien-luominen-ja-vaatimustenmukaisuuden-tarkistus-pesuaineille\/\",\"name\":\"CLP-etikettien luominen ja vaatimustenmukaisuuden tarkistus pesuaineille - UFI\",\"isPartOf\":{\"@id\":\"https:\/\/www.ufi.eu\/fi\/#website\"},\"primaryImageOfPage\":{\"@id\":\"https:\/\/www.ufi.eu\/fi\/product\/clp-etikettien-luominen-ja-vaatimustenmukaisuuden-tarkistus-pesuaineille\/#primaryimage\"},\"image\":{\"@id\":\"https:\/\/www.ufi.eu\/fi\/product\/clp-etikettien-luominen-ja-vaatimustenmukaisuuden-tarkistus-pesuaineille\/#primaryimage\"},\"thumbnailUrl\":\"https:\/\/www.ufi.eu\/wp-content\/uploads\/2025\/03\/pcn_ufi.jpg\",\"datePublished\":\"2025-04-15T20:26:20+00:00\",\"dateModified\":\"2025-04-28T12:21:13+00:00\",\"description\":\"CLP-etikettien luonti- ja tarkastuspalvelumme varmistaa, ett\u00e4 tuotetarrat ovat t\u00e4ysin CLP-asetuksen (EY N:o 1272\/2008) ja pesuaineasetuksen (EY N:o 648\/2004) mukaisia.\",\"breadcrumb\":{\"@id\":\"https:\/\/www.ufi.eu\/fi\/product\/clp-etikettien-luominen-ja-vaatimustenmukaisuuden-tarkistus-pesuaineille\/#breadcrumb\"},\"inLanguage\":\"fi\",\"potentialAction\":[{\"@type\":\"ReadAction\",\"target\":[\"https:\/\/www.ufi.eu\/fi\/product\/clp-etikettien-luominen-ja-vaatimustenmukaisuuden-tarkistus-pesuaineille\/\"]}]},{\"@type\":\"ImageObject\",\"inLanguage\":\"fi\",\"@id\":\"https:\/\/www.ufi.eu\/fi\/product\/clp-etikettien-luominen-ja-vaatimustenmukaisuuden-tarkistus-pesuaineille\/#primaryimage\",\"url\":\"https:\/\/www.ufi.eu\/wp-content\/uploads\/2025\/03\/pcn_ufi.jpg\",\"contentUrl\":\"https:\/\/www.ufi.eu\/wp-content\/uploads\/2025\/03\/pcn_ufi.jpg\",\"width\":1024,\"height\":1024},{\"@type\":\"BreadcrumbList\",\"@id\":\"https:\/\/www.ufi.eu\/fi\/product\/clp-etikettien-luominen-ja-vaatimustenmukaisuuden-tarkistus-pesuaineille\/#breadcrumb\",\"itemListElement\":[{\"@type\":\"ListItem\",\"position\":1,\"name\":\"Home\",\"item\":\"https:\/\/www.ufi.eu\/fi\/etusivu\/\"},{\"@type\":\"ListItem\",\"position\":2,\"name\":\"Kauppa\",\"item\":\"https:\/\/www.ufi.eu\/fi\/kauppa\/\"},{\"@type\":\"ListItem\",\"position\":3,\"name\":\"CLP-etikettien luominen ja vaatimustenmukaisuuden tarkistus pesuaineille\"}]},{\"@type\":\"WebSite\",\"@id\":\"https:\/\/www.ufi.eu\/fi\/#website\",\"url\":\"https:\/\/www.ufi.eu\/fi\/\",\"name\":\"UFI.EU\",\"description\":\"Poison Centre Notifications (PCN) and UFI\",\"publisher\":{\"@id\":\"https:\/\/www.ufi.eu\/fi\/#organization\"},\"potentialAction\":[{\"@type\":\"SearchAction\",\"target\":{\"@type\":\"EntryPoint\",\"urlTemplate\":\"https:\/\/www.ufi.eu\/fi\/?s={search_term_string}\"},\"query-input\":{\"@type\":\"PropertyValueSpecification\",\"valueRequired\":true,\"valueName\":\"search_term_string\"}}],\"inLanguage\":\"fi\"},{\"@type\":\"Organization\",\"@id\":\"https:\/\/www.ufi.eu\/fi\/#organization\",\"name\":\"UFI.EU\",\"url\":\"https:\/\/www.ufi.eu\/fi\/\",\"logo\":{\"@type\":\"ImageObject\",\"inLanguage\":\"fi\",\"@id\":\"https:\/\/www.ufi.eu\/fi\/#\/schema\/logo\/image\/\",\"url\":\"https:\/\/www.ufi.eu\/wp-content\/uploads\/2025\/03\/cropped-logo_ufi3.jpg\",\"contentUrl\":\"https:\/\/www.ufi.eu\/wp-content\/uploads\/2025\/03\/cropped-logo_ufi3.jpg\",\"width\":231,\"height\":78,\"caption\":\"UFI.EU\"},\"image\":{\"@id\":\"https:\/\/www.ufi.eu\/fi\/#\/schema\/logo\/image\/\"},\"description\":\"UFI.eu specializes in digital registrations for Poison Centre Notifications (PCN), ensuring your chemical products meet EU regulatory requirements effortlessly. Our streamlined solutions help businesses stay compliant while reducing complexity and administrative burden.\",\"email\":\"info@ufi.eu\",\"legalName\":\"UFI.EU\"}]}<\/script>\n<meta property=\"product:price:amount\" content=\"50.00\" \/>\n<meta property=\"product:price:currency\" content=\"EUR\" \/>\n<meta property=\"og:availability\" content=\"instock\" \/>\n<meta property=\"product:availability\" content=\"instock\" \/>\n<meta property=\"product:condition\" content=\"new\" \/>\n<!-- \/ Yoast SEO Premium plugin. -->","yoast_head_json":{"title":"CLP-etikettien luominen ja vaatimustenmukaisuuden tarkistus pesuaineille - UFI","description":"CLP-etikettien luonti- ja tarkastuspalvelumme varmistaa, ett\u00e4 tuotetarrat ovat t\u00e4ysin CLP-asetuksen (EY N:o 1272\/2008) ja pesuaineasetuksen (EY N:o 648\/2004) mukaisia.","robots":{"index":"index","follow":"follow","max-snippet":"max-snippet:-1","max-image-preview":"max-image-preview:large","max-video-preview":"max-video-preview:-1"},"canonical":"https:\/\/www.ufi.eu\/fi\/product\/clp-etikettien-luominen-ja-vaatimustenmukaisuuden-tarkistus-pesuaineille\/","og_locale":"fi_FI","og_type":"article","og_title":"CLP-etikettien luominen ja vaatimustenmukaisuuden tarkistus pesuaineille","og_description":"CLP-etikettien luonti- ja tarkastuspalvelumme varmistaa, ett\u00e4 tuotetarrat ovat t\u00e4ysin CLP-asetuksen (EY N:o 1272\/2008) ja pesuaineasetuksen (EY N:o 648\/2004) mukaisia.","og_url":"https:\/\/www.ufi.eu\/fi\/product\/clp-etikettien-luominen-ja-vaatimustenmukaisuuden-tarkistus-pesuaineille\/","og_site_name":"UFI","article_modified_time":"2025-04-28T12:21:13+00:00","og_image":[{"width":1024,"height":1024,"url":"https:\/\/www.ufi.eu\/wp-content\/uploads\/2025\/03\/pcn_ufi.jpg","type":"image\/jpeg"}],"twitter_card":"summary_large_image","twitter_misc":{"Hinta":"&euro;50.00","Saatavuus":"Varastossa"},"schema":{"@context":"https:\/\/schema.org","@graph":[{"@type":"WebPage","@id":"https:\/\/www.ufi.eu\/fi\/product\/clp-etikettien-luominen-ja-vaatimustenmukaisuuden-tarkistus-pesuaineille\/","url":"https:\/\/www.ufi.eu\/fi\/product\/clp-etikettien-luominen-ja-vaatimustenmukaisuuden-tarkistus-pesuaineille\/","name":"CLP-etikettien luominen ja vaatimustenmukaisuuden tarkistus pesuaineille - UFI","isPartOf":{"@id":"https:\/\/www.ufi.eu\/fi\/#website"},"primaryImageOfPage":{"@id":"https:\/\/www.ufi.eu\/fi\/product\/clp-etikettien-luominen-ja-vaatimustenmukaisuuden-tarkistus-pesuaineille\/#primaryimage"},"image":{"@id":"https:\/\/www.ufi.eu\/fi\/product\/clp-etikettien-luominen-ja-vaatimustenmukaisuuden-tarkistus-pesuaineille\/#primaryimage"},"thumbnailUrl":"https:\/\/www.ufi.eu\/wp-content\/uploads\/2025\/03\/pcn_ufi.jpg","datePublished":"2025-04-15T20:26:20+00:00","dateModified":"2025-04-28T12:21:13+00:00","description":"CLP-etikettien luonti- ja tarkastuspalvelumme varmistaa, ett\u00e4 tuotetarrat ovat t\u00e4ysin CLP-asetuksen (EY N:o 1272\/2008) ja pesuaineasetuksen (EY N:o 648\/2004) mukaisia.","breadcrumb":{"@id":"https:\/\/www.ufi.eu\/fi\/product\/clp-etikettien-luominen-ja-vaatimustenmukaisuuden-tarkistus-pesuaineille\/#breadcrumb"},"inLanguage":"fi","potentialAction":[{"@type":"ReadAction","target":["https:\/\/www.ufi.eu\/fi\/product\/clp-etikettien-luominen-ja-vaatimustenmukaisuuden-tarkistus-pesuaineille\/"]}]},{"@type":"ImageObject","inLanguage":"fi","@id":"https:\/\/www.ufi.eu\/fi\/product\/clp-etikettien-luominen-ja-vaatimustenmukaisuuden-tarkistus-pesuaineille\/#primaryimage","url":"https:\/\/www.ufi.eu\/wp-content\/uploads\/2025\/03\/pcn_ufi.jpg","contentUrl":"https:\/\/www.ufi.eu\/wp-content\/uploads\/2025\/03\/pcn_ufi.jpg","width":1024,"height":1024},{"@type":"BreadcrumbList","@id":"https:\/\/www.ufi.eu\/fi\/product\/clp-etikettien-luominen-ja-vaatimustenmukaisuuden-tarkistus-pesuaineille\/#breadcrumb","itemListElement":[{"@type":"ListItem","position":1,"name":"Home","item":"https:\/\/www.ufi.eu\/fi\/etusivu\/"},{"@type":"ListItem","position":2,"name":"Kauppa","item":"https:\/\/www.ufi.eu\/fi\/kauppa\/"},{"@type":"ListItem","position":3,"name":"CLP-etikettien luominen ja vaatimustenmukaisuuden tarkistus pesuaineille"}]},{"@type":"WebSite","@id":"https:\/\/www.ufi.eu\/fi\/#website","url":"https:\/\/www.ufi.eu\/fi\/","name":"UFI.EU","description":"Poison Centre Notifications (PCN) and UFI","publisher":{"@id":"https:\/\/www.ufi.eu\/fi\/#organization"},"potentialAction":[{"@type":"SearchAction","target":{"@type":"EntryPoint","urlTemplate":"https:\/\/www.ufi.eu\/fi\/?s={search_term_string}"},"query-input":{"@type":"PropertyValueSpecification","valueRequired":true,"valueName":"search_term_string"}}],"inLanguage":"fi"},{"@type":"Organization","@id":"https:\/\/www.ufi.eu\/fi\/#organization","name":"UFI.EU","url":"https:\/\/www.ufi.eu\/fi\/","logo":{"@type":"ImageObject","inLanguage":"fi","@id":"https:\/\/www.ufi.eu\/fi\/#\/schema\/logo\/image\/","url":"https:\/\/www.ufi.eu\/wp-content\/uploads\/2025\/03\/cropped-logo_ufi3.jpg","contentUrl":"https:\/\/www.ufi.eu\/wp-content\/uploads\/2025\/03\/cropped-logo_ufi3.jpg","width":231,"height":78,"caption":"UFI.EU"},"image":{"@id":"https:\/\/www.ufi.eu\/fi\/#\/schema\/logo\/image\/"},"description":"UFI.eu specializes in digital registrations for Poison Centre Notifications (PCN), ensuring your chemical products meet EU regulatory requirements effortlessly. Our streamlined solutions help businesses stay compliant while reducing complexity and administrative burden.","email":"info@ufi.eu","legalName":"UFI.EU"}]},"product_price_amount":"50.00","product_price_currency":"EUR","og_availability":"instock","product_availability":"instock","product_condition":"new"},"_links":{"self":[{"href":"https:\/\/www.ufi.eu\/fi\/wp-json\/wp\/v2\/product\/12775","targetHints":{"allow":["GET"]}}],"collection":[{"href":"https:\/\/www.ufi.eu\/fi\/wp-json\/wp\/v2\/product"}],"about":[{"href":"https:\/\/www.ufi.eu\/fi\/wp-json\/wp\/v2\/types\/product"}],"wp:featuredmedia":[{"embeddable":true,"href":"https:\/\/www.ufi.eu\/fi\/wp-json\/wp\/v2\/media\/12453"}],"wp:attachment":[{"href":"https:\/\/www.ufi.eu\/fi\/wp-json\/wp\/v2\/media?parent=12775"}],"wp:term":[{"taxonomy":"product_brand","embeddable":true,"href":"https:\/\/www.ufi.eu\/fi\/wp-json\/wp\/v2\/product_brand?post=12775"},{"taxonomy":"product_cat","embeddable":true,"href":"https:\/\/www.ufi.eu\/fi\/wp-json\/wp\/v2\/product_cat?post=12775"},{"taxonomy":"product_tag","embeddable":true,"href":"https:\/\/www.ufi.eu\/fi\/wp-json\/wp\/v2\/product_tag?post=12775"}],"curies":[{"name":"wp","href":"https:\/\/api.w.org\/{rel}","templated":true}]}}