{"id":12471,"date":"2025-04-09T20:22:00","date_gmt":"2025-04-15T19:34:04","guid":{"rendered":"https:\/\/www.ufi.eu\/pcn\/Ei-luokiteltu\/kayttoturvallisuustiedotteen-kaannos\/"},"modified":"2026-02-12T11:23:42","modified_gmt":"2026-02-12T11:23:42","slug":"kayttoturvallisuustiedotteen-kaannos","status":"publish","type":"product","link":"https:\/\/www.ufi.eu\/fi\/product\/kayttoturvallisuustiedotteen-kaannos\/","title":{"rendered":"K\u00e4ytt\u00f6turvallisuustiedotteen kieli"},"content":{"rendered":"\n<p>Nykyp\u00e4iv\u00e4n globalisoituneilla markkinoilla kansainv\u00e4listen turvallisuusstandardien noudattaminen ei ole vain oikeudellinen v\u00e4ltt\u00e4m\u00e4tt\u00f6myys &#8211; se on olennainen osa vastuullista ja tehokasta liiketoimintaa. Kemikaali- ja kosmetiikkateollisuuden s\u00e4\u00e4ntelyn noudattamisessa on t\u00e4rke\u00e4\u00e4, ett\u00e4 turvallisuustiedot ovat t\u00e4sm\u00e4llisi\u00e4 ja helposti saatavilla. T\u00e4ss\u00e4 UFI.EU auttaa ammattimaisella <strong>k\u00e4ytt\u00f6turvallisuustiedotteiden k\u00e4\u00e4nn\u00f6spalvelullaan<\/strong>, joka tarjoaa tarkat, s\u00e4\u00e4nn\u00f6sten mukaiset k\u00e4\u00e4nn\u00f6kset k\u00e4ytt\u00f6turvallisuustiedotteista (MSDS), joita kutsutaan my\u00f6s k\u00e4ytt\u00f6turvallisuustiedotteiksi (SDS), kaikilla EU:n kielill\u00e4 ja muilla kielill\u00e4.  <\/p>\n\n<h4 class=\"wp-block-heading\" id=\"h-what-is-an-msds\">Mik\u00e4 on k\u00e4ytt\u00f6turvallisuustiedote?<\/h4>\n\n<p>K\u00e4ytt\u00f6turvallisuustiedote on asiakirja, jossa annetaan yksityiskohtaista tietoa kemiallisesta aineesta tai seoksesta. Siin\u00e4 kerrotaan mahdollisista vaaroista (terveys, tulipalo, reaktiivisuus, ymp\u00e4rist\u00f6), miten tuotteen kanssa ty\u00f6skennell\u00e4\u00e4n turvallisesti ja h\u00e4t\u00e4tilanteiden torjuntatoimenpiteist\u00e4. EU:n s\u00e4\u00e4d\u00f6sten, kuten <strong>REACH-asetuksen<\/strong> (kemikaalien rekister\u00f6inti\u00e4, arviointia, lupamenettelyj\u00e4 ja rajoituksia koskeva asetus) ja <strong>CLP-asetuksen<\/strong> (luokitus-, merkint\u00e4- ja pakkausasetus) mukaan k\u00e4ytt\u00f6turvallisuustiedotteella on keskeinen rooli vaarallisten aineiden turvallisen k\u00e4yt\u00f6n ja kuljetuksen varmistamisessa.   <\/p>\n\n<h4 class=\"wp-block-heading\" id=\"h-why-accurate-translation-is-crucial\">Miksi tarkka k\u00e4\u00e4nn\u00f6s on ratkaisevan t\u00e4rke\u00e4\u00e4<\/h4>\n\n<p>Kullakin EU:n j\u00e4senvaltiolla on omat kielivaatimuksensa SDS-asiakirjoille. Jos viet tai tuot tuotetta toiseen EU-maahan, sinun on toimitettava k\u00e4ytt\u00f6turvallisuustiedote kohdemaan virallisella kielell\u00e4 tai virallisilla kielill\u00e4. Ep\u00e4tarkasti k\u00e4\u00e4nnetty k\u00e4ytt\u00f6turvallisuustiedote voi johtaa:<\/p>\n\n<ul class=\"wp-block-list\">\n<li>S\u00e4\u00e4ntelysakot tai oikeudelliset vastuut<\/li>\n\n\n\n<li>Viiv\u00e4stykset tullissa tai kuljetuksen keskeytyminen<\/li>\n\n\n\n<li>Vaarallisten aineiden v\u00e4\u00e4rink\u00e4ytt\u00f6<\/li>\n\n\n\n<li>Onnettomuuksien tai ymp\u00e4rist\u00f6vahinkojen lis\u00e4\u00e4ntynyt riski<\/li>\n<\/ul>\n\n<p>Tunnustamme t\u00e4m\u00e4n prosessin monimutkaisuuden ja arkaluonteisuuden. K\u00e4ytt\u00f6turvallisuustiedotteiden k\u00e4\u00e4nn\u00f6spalvelumme varmistaa, ett\u00e4 asiakirjasi ovat paitsi kielellisesti t\u00e4sm\u00e4llisi\u00e4 my\u00f6s t\u00e4ysin <strong>REACH-asetuksen liitteen II<\/strong> ja <strong>ECHA:n (Euroopan kemikaalivirasto<\/strong> ) uusimpien ohjeiden mukaisia. <\/p>\n\n<h3 class=\"wp-block-heading\" id=\"h-our-msds-translation-services\">Meid\u00e4n k\u00e4ytt\u00f6turvallisuustiedotteiden k\u00e4\u00e4nn\u00f6spalvelut<\/h3>\n\n<p>Tarjoamme t\u00e4yden valikoiman k\u00e4\u00e4nn\u00f6spalveluja, jotka on r\u00e4\u00e4t\u00e4l\u00f6ity kemian, kosmetiikan, hajusteiden, puhdistuksen ja teollisuuden aloille. K\u00e4ytt\u00e4mi\u00e4mme k\u00e4ytt\u00f6turvallisuustiedotteiden k\u00e4\u00e4nn\u00f6sratkaisuja ovat:<\/p>\n\n<h4 class=\"wp-block-heading\" id=\"h-multilingual-sds-translations\">\u2714 Monikieliset SDS-k\u00e4\u00e4nn\u00f6kset<\/h4>\n\n<p>K\u00e4\u00e4nn\u00e4mme k\u00e4ytt\u00f6turvallisuustiedotteita kaikille EU:n virallisille kielille sek\u00e4 muille kielille, joita tarvitaan maailmanlaajuisessa kaupassa. Jokainen k\u00e4\u00e4nn\u00f6s tarkistetaan huolellisesti sen varmistamiseksi, ett\u00e4 se vastaa paikallista kemikaalilains\u00e4\u00e4d\u00e4nt\u00f6\u00e4, terminologiaa ja muotoilustandardeja.<\/p>\n\n<h4 class=\"wp-block-heading\" id=\"h-compliance-verification\">\u2714 Vaatimustenmukaisuuden todentaminen<\/h4>\n\n<p>K\u00e4\u00e4nt\u00e4minen on muutakin kuin kielt\u00e4 &#8211; kyse on my\u00f6s <strong>oikeudellisesta tarkkuudesta<\/strong>. Lains\u00e4\u00e4d\u00e4nn\u00f6n asiantuntijoista koostuva tiimimme tarkistaa k\u00e4ytt\u00f6turvallisuustiedotteesi varmistaakseen, ett\u00e4 k\u00e4\u00e4nnetty versio on REACH- ja CLP-vaatimusten mukainen, mukaan lukien: <\/p>\n\n<ul class=\"wp-block-list\">\n<li>Yhdenmukaistettu luokitus ja merkinn\u00e4t<\/li>\n\n\n\n<li>UFI:n (Unique Formula Identifier) sijoittaminen ja rakenne.<\/li>\n\n\n\n<li>Altistumisskenaariot (tarvittaessa)<\/li>\n\n\n\n<li>GHS-piktogrammit, merkkisanat ja vaaralausekkeet<\/li>\n<\/ul>\n\n<h4 class=\"wp-block-heading\" id=\"h-sector-specific-terminology\">\u2714 Alakohtainen terminologia<\/h4>\n\n<p>Olemme erikoistuneet toimialoihin, jotka vaativat terminologian ja s\u00e4\u00e4ntelyn vivahteiden tarkkaa ymm\u00e4rt\u00e4mist\u00e4. N\u00e4ihin kuuluvat:<\/p>\n\n<ul class=\"wp-block-list\">\n<li><strong>Kosmetiikka ja henkil\u00f6kohtainen hygienia<\/strong><\/li>\n\n\n\n<li><strong>Eteeriset \u00f6ljyt ja hajusteet<\/strong><\/li>\n\n\n\n<li><strong>Kotitalouksien puhdistusaineet<\/strong><\/li>\n\n\n\n<li><strong>Maalit ja pinnoitteet<\/strong><\/li>\n\n\n\n<li><strong>Laboratoriokemikaalit<\/strong><\/li>\n\n\n\n<li><strong>Teolliset raaka-aineet<\/strong><\/li>\n<\/ul>\n\n<p>K\u00e4\u00e4nt\u00e4j\u00e4mme ovat aihepiirin asiantuntijoita, eiv\u00e4t generalisteja, mik\u00e4 tarkoittaa, ett\u00e4 he tiet\u00e4v\u00e4t, mit\u00e4 eroa on pinta-aktiivisella aineella ja liuottimella, ja miksi sill\u00e4 on merkityst\u00e4 luokittelussa.<\/p>\n\n<h3 class=\"wp-block-heading\" id=\"h-why-choose-ufi-eu\">Miksi valita UFI.EU?<\/h3>\n\n<p>Emme ole vain k\u00e4\u00e4nt\u00e4ji\u00e4, vaan my\u00f6s s\u00e4\u00e4ntelyn noudattamisen asiantuntijoita. Tiimiss\u00e4mme yhdistyv\u00e4t <strong>kielellinen osaaminen<\/strong> ja <strong>tekninen s\u00e4\u00e4ntelytiet\u00e4mys<\/strong>, mink\u00e4 ansiosta meill\u00e4 on ainutlaatuiset mahdollisuudet tukea yrityst\u00e4si kaikkialla Euroopassa. <\/p>\n\n<h4 class=\"wp-block-heading\" id=\"h-fast-turnaround\">\u2705 Nopea l\u00e4pimenoaika<\/h4>\n\n<p>Ymm\u00e4rr\u00e4mme, ett\u00e4 SDS-asiakirjat ovat usein kiireellisi\u00e4. Olipa kyseess\u00e4 uuden tuotteen lanseeraus tai kansainv\u00e4linen toimitus, l\u00e4pimenoaikamme on suunniteltu niin, ett\u00e4 toimintasi pysyy k\u00e4ynniss\u00e4.<\/p>\n\n<h4 class=\"wp-block-heading\" id=\"h-competitive-pricing\">\u2705 Kilpailukykyinen hinnoittelu<\/h4>\n\n<p>Tarjoamme l\u00e4pin\u00e4kyv\u00e4\u00e4 hinnoittelua ilman piilotettuja maksuja. Hintamme ovat kiinte\u00e4t, ja voit ostaa suoraan verkkosivuiltamme.<\/p>\n\n<h4 class=\"wp-block-heading\" id=\"h-confidentiality\">\u2705 Luottamuksellisuus<\/h4>\n\n<p>Kaikkia asiakirjojasi k\u00e4sitell\u00e4\u00e4n ehdottoman luottamuksellisesti. Allekirjoitamme pyydett\u00e4ess\u00e4 mielell\u00e4mme NDA-sopimukset, ja kaikki tiedostojen siirrot ovat salattuja ja turvallisia.<\/p>\n\n<h3 class=\"wp-block-heading\" id=\"h-common-use-cases-for-our-msds-translation-service\">Yleiset k\u00e4ytt\u00f6tapaukset meid\u00e4n k\u00e4ytt\u00f6turvallisuustiedotteiden k\u00e4\u00e4nn\u00f6spalvelun osalta<\/h3>\n\n<p><strong>1. Kosmeettisten ainesosien vienti:<\/strong><br\/>Jos toimitat eteerisi\u00e4 \u00f6ljyj\u00e4 tai kosmeettisia ainesosia ja haluat vied\u00e4 niit\u00e4 Ranskaan, Saksaan tai Espanjaan, tarvitset tullausmenettely\u00e4 ja lains\u00e4\u00e4d\u00e4nn\u00f6n noudattamista varten k\u00e4\u00e4nnetyn k\u00e4ytt\u00f6turvallisuustiedotteen kyseiselle kielelle.<\/p>\n\n<p><strong>2. Uuden siivoustuotteen lanseeraus:<\/strong><br\/>Ennen kuin kotitalouksien siivoustuote saatetaan EU:n markkinoille, sinun on toimitettava k\u00e4ytt\u00f6turvallisuustiedote kunkin markkina-alueen kansallisella kielell\u00e4. Tiimimme voi k\u00e4\u00e4nt\u00e4\u00e4 ja validoida asiakirjasi useilla laink\u00e4ytt\u00f6alueilla. <\/p>\n\n<p><strong>3. PCN-ilmoituksen toimittamisen tuki:<\/strong><br\/>Jos k\u00e4ytt\u00f6turvallisuustiedotteesi sis\u00e4lt\u00e4\u00e4 UFI:n ja toimitat myrkytyskeskusilmoituksen (PCN), k\u00e4\u00e4nnetyn k\u00e4ytt\u00f6turvallisuustiedotteesi on vastattava ECHA-portaaliin toimitettuja tietoja. Autamme varmistamaan SDS:n, tuoteselosteen ja PCN:n yhdenmukaisuuden. <\/p>\n\n<p><strong>4. Yritysostot tai toimittajan vaihtuminen:<\/strong><br\/>Jos yrityksesi on hiljattain hankkinut uusia kemikaalivalmisteita ulkomaiselta toimittajalta, voimme k\u00e4\u00e4nt\u00e4\u00e4 ja lokalisoida SDS:n sis\u00e4isi\u00e4 tiimej\u00e4si ja asiakkaitasi varten.<\/p>\n\n<h3 class=\"wp-block-heading\" id=\"h-more-than-just-translation-additional-services\">Enemm\u00e4n kuin pelkk\u00e4 k\u00e4\u00e4nn\u00f6s: Lis\u00e4palvelut<\/h3>\n\n<p>K\u00e4ytt\u00f6turvallisuustiedotteiden k\u00e4\u00e4nn\u00f6spalvelun lis\u00e4ksi UFI.EU tarjoaa my\u00f6s:<\/p>\n\n<ul class=\"wp-block-list\">\n<li><strong><a href=\"https:\/\/www.ufi.eu\/pcn\/safety-data-sheet\/safety-data-sheet-creation\/\">K\u00e4ytt\u00f6turvallisuustiedotteen luominen<\/a><\/strong> tuotteesi<\/li>\n\n\n\n<li><strong>UFI-koodin luominen<\/strong> ja sijoittaminen etiketteihin<\/li>\n\n\n\n<li><strong><a href=\"https:\/\/www.ufi.eu\/pcn\/clp-label\/clp-label-creation-compliance-check\/\">CLP-etikettitiedot<\/a><\/strong> vaarakuvamerkit, merkkisanat ja vaaralausekkeet paikallisella kielell\u00e4.<\/li>\n\n\n\n<li><strong>PCN Submission Services<\/strong> &#8211; t\u00e4ydellinen tuki SDS-tietojen lataamisessa ECHA-portaaliin.<\/li>\n\n\n\n<li>Valmisteiden <strong>toksikologinen esiseulonta<\/strong> <\/li>\n\n\n\n<li><strong>Tuotteiden rekister\u00f6innin tukeminen<\/strong> kansallisten myrkytyskeskusten kanssa<\/li>\n<\/ul>\n\n<p>T\u00e4m\u00e4 t\u00e4yden palvelun l\u00e4hestymistapa varmistaa, ett\u00e4 yrityksell\u00e4si on <strong>yksi luotettava kumppani<\/strong> kaikkiin kemikaaliturvallisuus- ja dokumentointitarpeisiin.<\/p>\n","protected":false},"excerpt":{"rendered":"<p>Nykyp\u00e4iv\u00e4n globalisoituneilla markkinoilla kansainv\u00e4listen turvallisuusstandardien noudattaminen ei ole vain oikeudellinen v\u00e4ltt\u00e4m\u00e4tt\u00f6myys &#8211; se on olennainen osa vastuullista ja tehokasta liiketoimintaa. Kemikaali- ja kosmetiikkateollisuuden s\u00e4\u00e4ntelyn noudattamisessa on t\u00e4rke\u00e4\u00e4, ett\u00e4 turvallisuustiedot ovat t\u00e4sm\u00e4llisi\u00e4 ja helposti saatavilla. T\u00e4ss\u00e4 UFI.EU auttaa ammattimaisella k\u00e4ytt\u00f6turvallisuustiedotteiden k\u00e4\u00e4nn\u00f6spalvelullaan, joka tarjoaa tarkat, s\u00e4\u00e4nn\u00f6sten mukaiset k\u00e4\u00e4nn\u00f6kset k\u00e4ytt\u00f6turvallisuustiedotteista (MSDS), joita kutsutaan my\u00f6s k\u00e4ytt\u00f6turvallisuustiedotteiksi (SDS), kaikilla EU:n [&hellip;]<\/p>\n","protected":false},"featured_media":12531,"template":"","meta":[],"product_brand":[],"product_cat":[289],"product_tag":[],"class_list":{"0":"post-12471","1":"product","2":"type-product","3":"status-publish","4":"has-post-thumbnail","6":"product_cat-kayttoturvallisuustiedote","8":"first","9":"instock","10":"taxable","11":"shipping-taxable","12":"purchasable","13":"product-type-simple"},"bundled_by":["12835","13341","31733"],"bundle_stock_status":"instock","bundle_stock_quantity":null,"bundle_virtual":false,"bundle_layout":"","bundle_add_to_cart_form_location":"","bundle_editable_in_cart":false,"bundle_sold_individually_context":"","bundle_item_grouping":"","bundle_min_size":"","bundle_max_size":"","bundle_price":[],"bundled_items":[],"bundle_sell_ids":[],"yoast_head":"<!-- This site is optimized with the Yoast SEO Premium plugin v25.1 (Yoast SEO v25.1) - https:\/\/yoast.com\/wordpress\/plugins\/seo\/ -->\n<title>K\u00e4ytt\u00f6turvallisuustiedotteiden k\u00e4\u00e4nn\u00f6spalvelu - K\u00e4\u00e4nn\u00e4 SDS k\u00e4ytt\u00f6turvallisuustiedoteasi.<\/title>\n<meta name=\"description\" content=\"SDS- ja k\u00e4ytt\u00f6turvallisuustiedotteiden k\u00e4\u00e4nn\u00f6spalvelumme varmistaa, ett\u00e4 asiakirjasi ovat paitsi kielellisesti t\u00e4sm\u00e4llisi\u00e4 my\u00f6s t\u00e4ysin vaatimustenmukaisia.\" \/>\n<meta name=\"robots\" content=\"index, follow, max-snippet:-1, max-image-preview:large, max-video-preview:-1\" \/>\n<link rel=\"canonical\" href=\"https:\/\/www.ufi.eu\/fi\/product\/kayttoturvallisuustiedotteen-kaannos\/\" \/>\n<meta property=\"og:locale\" content=\"fi_FI\" \/>\n<meta property=\"og:type\" content=\"article\" \/>\n<meta property=\"og:title\" content=\"K\u00e4ytt\u00f6turvallisuustiedotteen kieli\" \/>\n<meta property=\"og:description\" content=\"SDS- ja k\u00e4ytt\u00f6turvallisuustiedotteiden k\u00e4\u00e4nn\u00f6spalvelumme varmistaa, ett\u00e4 asiakirjasi ovat paitsi kielellisesti t\u00e4sm\u00e4llisi\u00e4 my\u00f6s t\u00e4ysin vaatimustenmukaisia.\" \/>\n<meta property=\"og:url\" content=\"https:\/\/www.ufi.eu\/fi\/product\/kayttoturvallisuustiedotteen-kaannos\/\" \/>\n<meta property=\"og:site_name\" content=\"UFI\" \/>\n<meta property=\"article:modified_time\" content=\"2026-02-12T11:23:42+00:00\" \/>\n<meta property=\"og:image\" content=\"https:\/\/www.ufi.eu\/wp-content\/uploads\/2025\/03\/eu.jpg\" \/>\n\t<meta property=\"og:image:width\" content=\"800\" \/>\n\t<meta property=\"og:image:height\" content=\"800\" \/>\n\t<meta property=\"og:image:type\" content=\"image\/jpeg\" \/>\n<meta name=\"twitter:card\" content=\"summary_large_image\" \/>\n<meta name=\"twitter:label1\" content=\"Hinta\" \/>\n\t<meta name=\"twitter:data1\" content=\"&euro;50.00\" \/>\n\t<meta name=\"twitter:label2\" content=\"Saatavuus\" \/>\n\t<meta name=\"twitter:data2\" content=\"Varastossa\" \/>\n<script type=\"application\/ld+json\" class=\"yoast-schema-graph\">{\"@context\":\"https:\/\/schema.org\",\"@graph\":[{\"@type\":\"WebPage\",\"@id\":\"https:\/\/www.ufi.eu\/fi\/product\/kayttoturvallisuustiedotteen-kaannos\/\",\"url\":\"https:\/\/www.ufi.eu\/fi\/product\/kayttoturvallisuustiedotteen-kaannos\/\",\"name\":\"K\u00e4ytt\u00f6turvallisuustiedotteiden k\u00e4\u00e4nn\u00f6spalvelu - K\u00e4\u00e4nn\u00e4 SDS k\u00e4ytt\u00f6turvallisuustiedoteasi.\",\"isPartOf\":{\"@id\":\"https:\/\/www.ufi.eu\/fi\/#website\"},\"primaryImageOfPage\":{\"@id\":\"https:\/\/www.ufi.eu\/fi\/product\/kayttoturvallisuustiedotteen-kaannos\/#primaryimage\"},\"image\":{\"@id\":\"https:\/\/www.ufi.eu\/fi\/product\/kayttoturvallisuustiedotteen-kaannos\/#primaryimage\"},\"thumbnailUrl\":\"https:\/\/www.ufi.eu\/wp-content\/uploads\/2025\/03\/eu.jpg\",\"datePublished\":\"2025-04-15T19:34:04+00:00\",\"dateModified\":\"2026-02-12T11:23:42+00:00\",\"description\":\"SDS- ja k\u00e4ytt\u00f6turvallisuustiedotteiden k\u00e4\u00e4nn\u00f6spalvelumme varmistaa, ett\u00e4 asiakirjasi ovat paitsi kielellisesti t\u00e4sm\u00e4llisi\u00e4 my\u00f6s t\u00e4ysin vaatimustenmukaisia.\",\"breadcrumb\":{\"@id\":\"https:\/\/www.ufi.eu\/fi\/product\/kayttoturvallisuustiedotteen-kaannos\/#breadcrumb\"},\"inLanguage\":\"fi\",\"potentialAction\":[{\"@type\":\"ReadAction\",\"target\":[\"https:\/\/www.ufi.eu\/fi\/product\/kayttoturvallisuustiedotteen-kaannos\/\"]}]},{\"@type\":\"ImageObject\",\"inLanguage\":\"fi\",\"@id\":\"https:\/\/www.ufi.eu\/fi\/product\/kayttoturvallisuustiedotteen-kaannos\/#primaryimage\",\"url\":\"https:\/\/www.ufi.eu\/wp-content\/uploads\/2025\/03\/eu.jpg\",\"contentUrl\":\"https:\/\/www.ufi.eu\/wp-content\/uploads\/2025\/03\/eu.jpg\",\"width\":800,\"height\":800},{\"@type\":\"BreadcrumbList\",\"@id\":\"https:\/\/www.ufi.eu\/fi\/product\/kayttoturvallisuustiedotteen-kaannos\/#breadcrumb\",\"itemListElement\":[{\"@type\":\"ListItem\",\"position\":1,\"name\":\"Home\",\"item\":\"https:\/\/www.ufi.eu\/fi\/etusivu\/\"},{\"@type\":\"ListItem\",\"position\":2,\"name\":\"Kauppa\",\"item\":\"https:\/\/www.ufi.eu\/fi\/kauppa\/\"},{\"@type\":\"ListItem\",\"position\":3,\"name\":\"K\u00e4ytt\u00f6turvallisuustiedotteen kieli\"}]},{\"@type\":\"WebSite\",\"@id\":\"https:\/\/www.ufi.eu\/fi\/#website\",\"url\":\"https:\/\/www.ufi.eu\/fi\/\",\"name\":\"UFI.EU\",\"description\":\"Poison Centre Notifications (PCN) and UFI\",\"publisher\":{\"@id\":\"https:\/\/www.ufi.eu\/fi\/#organization\"},\"potentialAction\":[{\"@type\":\"SearchAction\",\"target\":{\"@type\":\"EntryPoint\",\"urlTemplate\":\"https:\/\/www.ufi.eu\/fi\/?s={search_term_string}\"},\"query-input\":{\"@type\":\"PropertyValueSpecification\",\"valueRequired\":true,\"valueName\":\"search_term_string\"}}],\"inLanguage\":\"fi\"},{\"@type\":\"Organization\",\"@id\":\"https:\/\/www.ufi.eu\/fi\/#organization\",\"name\":\"UFI.EU\",\"url\":\"https:\/\/www.ufi.eu\/fi\/\",\"logo\":{\"@type\":\"ImageObject\",\"inLanguage\":\"fi\",\"@id\":\"https:\/\/www.ufi.eu\/fi\/#\/schema\/logo\/image\/\",\"url\":\"https:\/\/www.ufi.eu\/wp-content\/uploads\/2025\/03\/cropped-logo_ufi3.jpg\",\"contentUrl\":\"https:\/\/www.ufi.eu\/wp-content\/uploads\/2025\/03\/cropped-logo_ufi3.jpg\",\"width\":231,\"height\":78,\"caption\":\"UFI.EU\"},\"image\":{\"@id\":\"https:\/\/www.ufi.eu\/fi\/#\/schema\/logo\/image\/\"},\"description\":\"UFI.eu specializes in digital registrations for Poison Centre Notifications (PCN), ensuring your chemical products meet EU regulatory requirements effortlessly. Our streamlined solutions help businesses stay compliant while reducing complexity and administrative burden.\",\"email\":\"info@ufi.eu\",\"legalName\":\"UFI.EU\"}]}<\/script>\n<meta property=\"product:price:amount\" content=\"50.00\" \/>\n<meta property=\"product:price:currency\" content=\"EUR\" \/>\n<meta property=\"og:availability\" content=\"instock\" \/>\n<meta property=\"product:availability\" content=\"instock\" \/>\n<meta property=\"product:condition\" content=\"new\" \/>\n<!-- \/ Yoast SEO Premium plugin. -->","yoast_head_json":{"title":"K\u00e4ytt\u00f6turvallisuustiedotteiden k\u00e4\u00e4nn\u00f6spalvelu - K\u00e4\u00e4nn\u00e4 SDS k\u00e4ytt\u00f6turvallisuustiedoteasi.","description":"SDS- ja k\u00e4ytt\u00f6turvallisuustiedotteiden k\u00e4\u00e4nn\u00f6spalvelumme varmistaa, ett\u00e4 asiakirjasi ovat paitsi kielellisesti t\u00e4sm\u00e4llisi\u00e4 my\u00f6s t\u00e4ysin vaatimustenmukaisia.","robots":{"index":"index","follow":"follow","max-snippet":"max-snippet:-1","max-image-preview":"max-image-preview:large","max-video-preview":"max-video-preview:-1"},"canonical":"https:\/\/www.ufi.eu\/fi\/product\/kayttoturvallisuustiedotteen-kaannos\/","og_locale":"fi_FI","og_type":"article","og_title":"K\u00e4ytt\u00f6turvallisuustiedotteen kieli","og_description":"SDS- ja k\u00e4ytt\u00f6turvallisuustiedotteiden k\u00e4\u00e4nn\u00f6spalvelumme varmistaa, ett\u00e4 asiakirjasi ovat paitsi kielellisesti t\u00e4sm\u00e4llisi\u00e4 my\u00f6s t\u00e4ysin vaatimustenmukaisia.","og_url":"https:\/\/www.ufi.eu\/fi\/product\/kayttoturvallisuustiedotteen-kaannos\/","og_site_name":"UFI","article_modified_time":"2026-02-12T11:23:42+00:00","og_image":[{"width":800,"height":800,"url":"https:\/\/www.ufi.eu\/wp-content\/uploads\/2025\/03\/eu.jpg","type":"image\/jpeg"}],"twitter_card":"summary_large_image","twitter_misc":{"Hinta":"&euro;50.00","Saatavuus":"Varastossa"},"schema":{"@context":"https:\/\/schema.org","@graph":[{"@type":"WebPage","@id":"https:\/\/www.ufi.eu\/fi\/product\/kayttoturvallisuustiedotteen-kaannos\/","url":"https:\/\/www.ufi.eu\/fi\/product\/kayttoturvallisuustiedotteen-kaannos\/","name":"K\u00e4ytt\u00f6turvallisuustiedotteiden k\u00e4\u00e4nn\u00f6spalvelu - K\u00e4\u00e4nn\u00e4 SDS k\u00e4ytt\u00f6turvallisuustiedoteasi.","isPartOf":{"@id":"https:\/\/www.ufi.eu\/fi\/#website"},"primaryImageOfPage":{"@id":"https:\/\/www.ufi.eu\/fi\/product\/kayttoturvallisuustiedotteen-kaannos\/#primaryimage"},"image":{"@id":"https:\/\/www.ufi.eu\/fi\/product\/kayttoturvallisuustiedotteen-kaannos\/#primaryimage"},"thumbnailUrl":"https:\/\/www.ufi.eu\/wp-content\/uploads\/2025\/03\/eu.jpg","datePublished":"2025-04-15T19:34:04+00:00","dateModified":"2026-02-12T11:23:42+00:00","description":"SDS- ja k\u00e4ytt\u00f6turvallisuustiedotteiden k\u00e4\u00e4nn\u00f6spalvelumme varmistaa, ett\u00e4 asiakirjasi ovat paitsi kielellisesti t\u00e4sm\u00e4llisi\u00e4 my\u00f6s t\u00e4ysin vaatimustenmukaisia.","breadcrumb":{"@id":"https:\/\/www.ufi.eu\/fi\/product\/kayttoturvallisuustiedotteen-kaannos\/#breadcrumb"},"inLanguage":"fi","potentialAction":[{"@type":"ReadAction","target":["https:\/\/www.ufi.eu\/fi\/product\/kayttoturvallisuustiedotteen-kaannos\/"]}]},{"@type":"ImageObject","inLanguage":"fi","@id":"https:\/\/www.ufi.eu\/fi\/product\/kayttoturvallisuustiedotteen-kaannos\/#primaryimage","url":"https:\/\/www.ufi.eu\/wp-content\/uploads\/2025\/03\/eu.jpg","contentUrl":"https:\/\/www.ufi.eu\/wp-content\/uploads\/2025\/03\/eu.jpg","width":800,"height":800},{"@type":"BreadcrumbList","@id":"https:\/\/www.ufi.eu\/fi\/product\/kayttoturvallisuustiedotteen-kaannos\/#breadcrumb","itemListElement":[{"@type":"ListItem","position":1,"name":"Home","item":"https:\/\/www.ufi.eu\/fi\/etusivu\/"},{"@type":"ListItem","position":2,"name":"Kauppa","item":"https:\/\/www.ufi.eu\/fi\/kauppa\/"},{"@type":"ListItem","position":3,"name":"K\u00e4ytt\u00f6turvallisuustiedotteen kieli"}]},{"@type":"WebSite","@id":"https:\/\/www.ufi.eu\/fi\/#website","url":"https:\/\/www.ufi.eu\/fi\/","name":"UFI.EU","description":"Poison Centre Notifications (PCN) and UFI","publisher":{"@id":"https:\/\/www.ufi.eu\/fi\/#organization"},"potentialAction":[{"@type":"SearchAction","target":{"@type":"EntryPoint","urlTemplate":"https:\/\/www.ufi.eu\/fi\/?s={search_term_string}"},"query-input":{"@type":"PropertyValueSpecification","valueRequired":true,"valueName":"search_term_string"}}],"inLanguage":"fi"},{"@type":"Organization","@id":"https:\/\/www.ufi.eu\/fi\/#organization","name":"UFI.EU","url":"https:\/\/www.ufi.eu\/fi\/","logo":{"@type":"ImageObject","inLanguage":"fi","@id":"https:\/\/www.ufi.eu\/fi\/#\/schema\/logo\/image\/","url":"https:\/\/www.ufi.eu\/wp-content\/uploads\/2025\/03\/cropped-logo_ufi3.jpg","contentUrl":"https:\/\/www.ufi.eu\/wp-content\/uploads\/2025\/03\/cropped-logo_ufi3.jpg","width":231,"height":78,"caption":"UFI.EU"},"image":{"@id":"https:\/\/www.ufi.eu\/fi\/#\/schema\/logo\/image\/"},"description":"UFI.eu specializes in digital registrations for Poison Centre Notifications (PCN), ensuring your chemical products meet EU regulatory requirements effortlessly. Our streamlined solutions help businesses stay compliant while reducing complexity and administrative burden.","email":"info@ufi.eu","legalName":"UFI.EU"}]},"product_price_amount":"50.00","product_price_currency":"EUR","og_availability":"instock","product_availability":"instock","product_condition":"new"},"_links":{"self":[{"href":"https:\/\/www.ufi.eu\/fi\/wp-json\/wp\/v2\/product\/12471","targetHints":{"allow":["GET"]}}],"collection":[{"href":"https:\/\/www.ufi.eu\/fi\/wp-json\/wp\/v2\/product"}],"about":[{"href":"https:\/\/www.ufi.eu\/fi\/wp-json\/wp\/v2\/types\/product"}],"wp:featuredmedia":[{"embeddable":true,"href":"https:\/\/www.ufi.eu\/fi\/wp-json\/wp\/v2\/media\/12531"}],"wp:attachment":[{"href":"https:\/\/www.ufi.eu\/fi\/wp-json\/wp\/v2\/media?parent=12471"}],"wp:term":[{"taxonomy":"product_brand","embeddable":true,"href":"https:\/\/www.ufi.eu\/fi\/wp-json\/wp\/v2\/product_brand?post=12471"},{"taxonomy":"product_cat","embeddable":true,"href":"https:\/\/www.ufi.eu\/fi\/wp-json\/wp\/v2\/product_cat?post=12471"},{"taxonomy":"product_tag","embeddable":true,"href":"https:\/\/www.ufi.eu\/fi\/wp-json\/wp\/v2\/product_tag?post=12471"}],"curies":[{"name":"wp","href":"https:\/\/api.w.org\/{rel}","templated":true}]}}