{"id":31717,"date":"2025-09-24T14:37:42","date_gmt":"2025-09-24T14:37:42","guid":{"rendered":"https:\/\/www.ufi.eu\/product\/koik-emp-riigid-pcni-registreerimise-pakett\/"},"modified":"2025-09-24T14:37:55","modified_gmt":"2025-09-24T14:37:55","slug":"koik-emp-riigid-pcni-registreerimise-pakett","status":"publish","type":"product","link":"https:\/\/www.ufi.eu\/et\/product\/koik-emp-riigid-pcni-registreerimise-pakett\/","title":{"rendered":"K\u00f5ik EMP riigid PCNi registreerimise pakett"},"content":{"rendered":"\n<h2 class=\"wp-block-heading\" id=\"h-launch-your-product-across-europe-with-ease\">Viige oma toode h\u00f5lpsasti turule kogu Euroopas<\/h2>\n\n<p>Kui registreerite oma toote ELi m\u00fcrgistusteatise (PCN) jaoks, tuleb iga riik, kus te kavatsete m\u00fc\u00fca, esitada teave vastavale riiklikule asutusele. Meie PCN-registreerimise ELi riikides saate valida t\u00e4pselt need riigid, kus soovite oma toodet turule tuua, mis annab teile t\u00e4ieliku paindlikkuse ja kontrolli oma turuosa \u00fcle.<\/p>\n\n<h2 class=\"wp-block-heading\" id=\"h-what-you-re-purchasing\">Mida te ostate<\/h2>\n\n<p>See toode on <strong>komplektpakett k\u00f5ikidele EMP riikidele<\/strong>. Neid 30 \u017eetooni saab kasutada <strong>mis tahes PCN-registreerimise<\/strong> puhul, mida te meiega teete. P\u00e4rast ostu sooritamist <strong>lisatakse<\/strong> need riigid <strong> <a href=\"https:\/\/www.ufi.eu\/my-account\/points\/\">teie PCN-riikide nimekirja<\/a><\/strong> ja neid saab kasutada, kui t\u00e4idate meie <strong>PCN-i vastuv\u00f5tuvormi<\/strong> oma toote jaoks.  <\/p>\n\n<p><strong>Samuti peate <a href=\"https:\/\/www.ufi.eu\/shop\/\">ostma oma toote jaoks PCNi<\/a>. See toode on ainult lahtine riik, mitte PCN. <\/strong><\/p>\n\n<h4 class=\"wp-block-heading\">\u2705 Kuidas see toimib:<\/h4>\n\n<ol class=\"wp-block-list\">\n<li>M\u00e4\u00e4rake kindlaks <strong>riigid,<\/strong> kus te kavatsete m\u00fc\u00fca.<\/li>\n\n\n\n<li>Ostke <strong>riigim\u00e4rkide<\/strong> arv.<\/li>\n\n\n\n<li><a href=\"https:\/\/www.ufi.eu\/et\/uus-toode\/\">Esitage meile oma toote vastuv\u00f5tuvorm<\/a>.<\/li>\n\n\n\n<li>M\u00e4\u00e4rake lihtsalt riigid, kus soovite, et me esitaksime teie toote PCNi esitamiseks.<\/li>\n\n\n\n<li>Riigim\u00e4rk arvatakse teie kogusummast maha, kui esitate meile oma vormi.<\/li>\n<\/ol>\n\n<p>Olenemata sellest, kas k\u00e4ivitate \u00fche toote v\u00f5i haldate tervet tooteportfelli, saate <strong>kasutada <a href=\"https:\/\/www.ufi.eu\/my-account\/points\/\">oma ostetud riigit\u00e4hiseid<\/a><\/strong> erinevates PCNi esitamistes &#8211; nii s\u00e4\u00e4state aega, tagate vastavuse ja laiendate h\u00f5lpsasti oma kohalolekut ELi turul.<\/p>\n\n<h3 class=\"wp-block-heading\" id=\"h-supported-eu-countries\">Toetatavad ELi riigid<\/h3>\n\n<p>ELis on 27 riiki ja EMPs 30 riiki (EL+Lichtenstein, Norra ja Island) Portaalis saate valida nende riikide vahel:<\/p>\n\n<figure class=\"wp-block-table\"><table class=\"has-fixed-layout\"><tbody><tr><td>Belgia<\/td><td>(BE)<\/td><td>Hispaania<\/td><td>(ES)<\/td><td>Ungari<\/td><td>(HU)<\/td><td>Slovakkia<\/td><td>(SK)<\/td><\/tr><tr><td>Bulgaaria<\/td><td>(BG)<\/td><td>Prantsusmaa<\/td><td>(FR)<\/td><td>Malta<\/td><td>(MT)<\/td><td>Soome<\/td><td>(FI)<\/td><\/tr><tr><td>T\u0161ehhi<\/td><td>(CZ)<\/td><td>Horvaatia<\/td><td>(HR)<\/td><td>Madalmaad<\/td><td>(NL)<\/td><td>Rootsi<\/td><td>(SE)<\/td><\/tr><tr><td>Taani<\/td><td>(DK)<\/td><td>Itaalia<\/td><td>(IT)<\/td><td>Austria<\/td><td>(AT)<\/td><td>Saksamaa<\/td><td>(DE)<\/td><\/tr><tr><td>K\u00fcpros<\/td><td>(CY)<\/td><td>Poola<\/td><td>(PL)<\/td><td>Island<\/td><td>(IS)<\/td><td>Eesti<\/td><td>(EE)<\/td><\/tr><tr><td>L\u00e4ti<\/td><td>(LV)<\/td><td>Portugal<\/td><td>(PT)<\/td><td>Liechtenstein<\/td><td>(LI)<\/td><td>Iirimaa<\/td><td>(IE)<\/td><\/tr><tr><td>Leedu<\/td><td>(LT)<\/td><td>Rumeenia<\/td><td>(RO)<\/td><td>Norra<\/td><td>(EI)<\/td><td>Kreeka<\/td><td>(EL)<\/td><\/tr><tr><td>Luksemburg<\/td><td>(LU)<\/td><td>Sloveenia<\/td><td>(SI)<\/td><td>\u0160veits*<\/td><td>(CH)<\/td><td><\/td><td><\/td><\/tr><\/tbody><\/table><\/figure>\n\n<p>*Sveitsi jaoks saame luua PCN-dokumendi koos kogu vajaliku teabega, et esitada taotlus \u0160veitsi portaalis. Lisateabe saamiseks v\u00f5tke meiega \u00fchendust. <\/p>\n\n<h2 class=\"wp-block-heading\" id=\"h-example-of-how-it-works\">N\u00e4ide selle toimimise kohta<\/h2>\n\n<p>Te toite <strong>Prantsusmaal, Saksamaal ja Hispaanias<\/strong> turule uue puhastustoote. Ostke lihtsalt kolm riiki. Kui t\u00e4idate koos meiega PCNi vastuv\u00f5tuvormi, m\u00e4\u00e4rate need riigim\u00e4rgid tootele &#8211; see tagab \u00f5igusliku vastavuse k\u00f5igil kolmel turul, ilma et oleks vaja eraldi esitada.  <\/p>\n\n<p><\/p>\n","protected":false},"excerpt":{"rendered":"<p>Viige oma toode h\u00f5lpsasti turule kogu Euroopas Kui registreerite oma toote ELi m\u00fcrgistusteatise (PCN) jaoks, tuleb iga riik, kus te kavatsete m\u00fc\u00fca, esitada teave vastavale riiklikule asutusele. Meie PCN-registreerimise ELi riikides saate valida t\u00e4pselt need riigid, kus soovite oma toodet turule tuua, mis annab teile t\u00e4ieliku paindlikkuse ja kontrolli oma turuosa \u00fcle. Mida te ostate [&hellip;]<\/p>\n","protected":false},"featured_media":12519,"template":"","meta":[],"product_brand":[],"product_cat":[288],"product_tag":[],"class_list":{"0":"post-31717","1":"product","2":"type-product","3":"status-publish","4":"has-post-thumbnail","6":"product_cat-ohutuskaart","8":"first","9":"instock","10":"taxable","11":"shipping-taxable","12":"purchasable","13":"product-type-simple"},"bundled_by":["31735"],"bundle_stock_status":"instock","bundle_stock_quantity":null,"bundle_virtual":false,"bundle_layout":"","bundle_add_to_cart_form_location":"","bundle_editable_in_cart":false,"bundle_sold_individually_context":"","bundle_item_grouping":"","bundle_min_size":"","bundle_max_size":"","bundle_price":[],"bundled_items":[],"bundle_sell_ids":[],"yoast_head":"<!-- This site is optimized with the Yoast SEO Premium plugin v25.1 (Yoast SEO v25.1) - https:\/\/yoast.com\/wordpress\/plugins\/seo\/ -->\n<title>K\u00f5ik EMP riigid PCNi registreerimise pakett - UFI<\/title>\n<meta name=\"description\" content=\"See toode on komplektpakett k\u00f5ikidele EMP riikidele. Neid 30 \u017eetooni saab kasutada mis tahes PCN-registreerimise puhul, mida te meiega teete. P\u00e4rast ostu sooritamist lisatakse need riigid teie PCN-riikide nimekirja ja neid saab kasutada, kui t\u00e4idate meie PCN-i vastuv\u00f5tuvormi oma toote jaoks.\" \/>\n<meta name=\"robots\" content=\"index, follow, max-snippet:-1, max-image-preview:large, max-video-preview:-1\" \/>\n<link rel=\"canonical\" href=\"https:\/\/www.ufi.eu\/et\/product\/koik-emp-riigid-pcni-registreerimise-pakett\/\" \/>\n<meta property=\"og:locale\" content=\"et_EE\" \/>\n<meta property=\"og:type\" content=\"article\" \/>\n<meta property=\"og:title\" content=\"K\u00f5ik EMP riigid PCNi registreerimise pakett\" \/>\n<meta property=\"og:description\" content=\"See toode on komplektpakett k\u00f5ikidele EMP riikidele. Neid 30 \u017eetooni saab kasutada mis tahes PCN-registreerimise puhul, mida te meiega teete. P\u00e4rast ostu sooritamist lisatakse need riigid teie PCN-riikide nimekirja ja neid saab kasutada, kui t\u00e4idate meie PCN-i vastuv\u00f5tuvormi oma toote jaoks.\" \/>\n<meta property=\"og:url\" content=\"https:\/\/www.ufi.eu\/et\/product\/koik-emp-riigid-pcni-registreerimise-pakett\/\" \/>\n<meta property=\"og:site_name\" content=\"UFI\" \/>\n<meta property=\"article:modified_time\" content=\"2025-09-24T14:37:55+00:00\" \/>\n<meta property=\"og:image\" content=\"https:\/\/www.ufi.eu\/wp-content\/uploads\/2025\/03\/eu.jpg\" \/>\n\t<meta property=\"og:image:width\" content=\"800\" \/>\n\t<meta property=\"og:image:height\" content=\"800\" \/>\n\t<meta property=\"og:image:type\" content=\"image\/jpeg\" \/>\n<meta name=\"twitter:card\" content=\"summary_large_image\" \/>\n<meta name=\"twitter:label1\" content=\"Price\" \/>\n\t<meta name=\"twitter:data1\" content=\"&euro;415.00\" \/>\n\t<meta name=\"twitter:label2\" content=\"Availability\" \/>\n\t<meta name=\"twitter:data2\" content=\"In stock\" \/>\n<script type=\"application\/ld+json\" class=\"yoast-schema-graph\">{\"@context\":\"https:\/\/schema.org\",\"@graph\":[{\"@type\":\"WebPage\",\"@id\":\"https:\/\/www.ufi.eu\/et\/product\/koik-emp-riigid-pcni-registreerimise-pakett\/\",\"url\":\"https:\/\/www.ufi.eu\/et\/product\/koik-emp-riigid-pcni-registreerimise-pakett\/\",\"name\":\"K\u00f5ik EMP riigid PCNi registreerimise pakett - UFI\",\"isPartOf\":{\"@id\":\"https:\/\/www.ufi.eu\/et\/#website\"},\"primaryImageOfPage\":{\"@id\":\"https:\/\/www.ufi.eu\/et\/product\/koik-emp-riigid-pcni-registreerimise-pakett\/#primaryimage\"},\"image\":{\"@id\":\"https:\/\/www.ufi.eu\/et\/product\/koik-emp-riigid-pcni-registreerimise-pakett\/#primaryimage\"},\"thumbnailUrl\":\"https:\/\/www.ufi.eu\/wp-content\/uploads\/2025\/03\/eu.jpg\",\"datePublished\":\"2025-09-24T14:37:42+00:00\",\"dateModified\":\"2025-09-24T14:37:55+00:00\",\"description\":\"See toode on komplektpakett k\u00f5ikidele EMP riikidele. Neid 30 \u017eetooni saab kasutada mis tahes PCN-registreerimise puhul, mida te meiega teete. P\u00e4rast ostu sooritamist lisatakse need riigid teie PCN-riikide nimekirja ja neid saab kasutada, kui t\u00e4idate meie PCN-i vastuv\u00f5tuvormi oma toote jaoks.\",\"breadcrumb\":{\"@id\":\"https:\/\/www.ufi.eu\/et\/product\/koik-emp-riigid-pcni-registreerimise-pakett\/#breadcrumb\"},\"inLanguage\":\"et\",\"potentialAction\":[{\"@type\":\"ReadAction\",\"target\":[\"https:\/\/www.ufi.eu\/et\/product\/koik-emp-riigid-pcni-registreerimise-pakett\/\"]}]},{\"@type\":\"ImageObject\",\"inLanguage\":\"et\",\"@id\":\"https:\/\/www.ufi.eu\/et\/product\/koik-emp-riigid-pcni-registreerimise-pakett\/#primaryimage\",\"url\":\"https:\/\/www.ufi.eu\/wp-content\/uploads\/2025\/03\/eu.jpg\",\"contentUrl\":\"https:\/\/www.ufi.eu\/wp-content\/uploads\/2025\/03\/eu.jpg\",\"width\":800,\"height\":800},{\"@type\":\"BreadcrumbList\",\"@id\":\"https:\/\/www.ufi.eu\/et\/product\/koik-emp-riigid-pcni-registreerimise-pakett\/#breadcrumb\",\"itemListElement\":[{\"@type\":\"ListItem\",\"position\":1,\"name\":\"Home\",\"item\":\"https:\/\/www.ufi.eu\/et\/kodu\/\"},{\"@type\":\"ListItem\",\"position\":2,\"name\":\"Kauplus\",\"item\":\"https:\/\/www.ufi.eu\/et\/kauplus\/\"},{\"@type\":\"ListItem\",\"position\":3,\"name\":\"K\u00f5ik EMP riigid PCNi registreerimise pakett\"}]},{\"@type\":\"WebSite\",\"@id\":\"https:\/\/www.ufi.eu\/et\/#website\",\"url\":\"https:\/\/www.ufi.eu\/et\/\",\"name\":\"UFI.EU\",\"description\":\"Poison Centre Notifications (PCN) and UFI\",\"publisher\":{\"@id\":\"https:\/\/www.ufi.eu\/et\/#organization\"},\"potentialAction\":[{\"@type\":\"SearchAction\",\"target\":{\"@type\":\"EntryPoint\",\"urlTemplate\":\"https:\/\/www.ufi.eu\/et\/?s={search_term_string}\"},\"query-input\":{\"@type\":\"PropertyValueSpecification\",\"valueRequired\":true,\"valueName\":\"search_term_string\"}}],\"inLanguage\":\"et\"},{\"@type\":\"Organization\",\"@id\":\"https:\/\/www.ufi.eu\/et\/#organization\",\"name\":\"UFI.EU\",\"url\":\"https:\/\/www.ufi.eu\/et\/\",\"logo\":{\"@type\":\"ImageObject\",\"inLanguage\":\"et\",\"@id\":\"https:\/\/www.ufi.eu\/et\/#\/schema\/logo\/image\/\",\"url\":\"https:\/\/www.ufi.eu\/wp-content\/uploads\/2025\/03\/cropped-logo_ufi3.jpg\",\"contentUrl\":\"https:\/\/www.ufi.eu\/wp-content\/uploads\/2025\/03\/cropped-logo_ufi3.jpg\",\"width\":231,\"height\":78,\"caption\":\"UFI.EU\"},\"image\":{\"@id\":\"https:\/\/www.ufi.eu\/et\/#\/schema\/logo\/image\/\"},\"description\":\"UFI.eu specializes in digital registrations for Poison Centre Notifications (PCN), ensuring your chemical products meet EU regulatory requirements effortlessly. Our streamlined solutions help businesses stay compliant while reducing complexity and administrative burden.\",\"email\":\"info@ufi.eu\",\"legalName\":\"UFI.EU\"}]}<\/script>\n<meta property=\"product:price:amount\" content=\"415.00\" \/>\n<meta property=\"product:price:currency\" content=\"EUR\" \/>\n<meta property=\"og:availability\" content=\"instock\" \/>\n<meta property=\"product:availability\" content=\"instock\" \/>\n<meta property=\"product:condition\" content=\"new\" \/>\n<!-- \/ Yoast SEO Premium plugin. -->","yoast_head_json":{"title":"K\u00f5ik EMP riigid PCNi registreerimise pakett - UFI","description":"See toode on komplektpakett k\u00f5ikidele EMP riikidele. Neid 30 \u017eetooni saab kasutada mis tahes PCN-registreerimise puhul, mida te meiega teete. P\u00e4rast ostu sooritamist lisatakse need riigid teie PCN-riikide nimekirja ja neid saab kasutada, kui t\u00e4idate meie PCN-i vastuv\u00f5tuvormi oma toote jaoks.","robots":{"index":"index","follow":"follow","max-snippet":"max-snippet:-1","max-image-preview":"max-image-preview:large","max-video-preview":"max-video-preview:-1"},"canonical":"https:\/\/www.ufi.eu\/et\/product\/koik-emp-riigid-pcni-registreerimise-pakett\/","og_locale":"et_EE","og_type":"article","og_title":"K\u00f5ik EMP riigid PCNi registreerimise pakett","og_description":"See toode on komplektpakett k\u00f5ikidele EMP riikidele. Neid 30 \u017eetooni saab kasutada mis tahes PCN-registreerimise puhul, mida te meiega teete. P\u00e4rast ostu sooritamist lisatakse need riigid teie PCN-riikide nimekirja ja neid saab kasutada, kui t\u00e4idate meie PCN-i vastuv\u00f5tuvormi oma toote jaoks.","og_url":"https:\/\/www.ufi.eu\/et\/product\/koik-emp-riigid-pcni-registreerimise-pakett\/","og_site_name":"UFI","article_modified_time":"2025-09-24T14:37:55+00:00","og_image":[{"width":800,"height":800,"url":"https:\/\/www.ufi.eu\/wp-content\/uploads\/2025\/03\/eu.jpg","type":"image\/jpeg"}],"twitter_card":"summary_large_image","twitter_misc":{"Price":"&euro;415.00","Availability":"In stock"},"schema":{"@context":"https:\/\/schema.org","@graph":[{"@type":"WebPage","@id":"https:\/\/www.ufi.eu\/et\/product\/koik-emp-riigid-pcni-registreerimise-pakett\/","url":"https:\/\/www.ufi.eu\/et\/product\/koik-emp-riigid-pcni-registreerimise-pakett\/","name":"K\u00f5ik EMP riigid PCNi registreerimise pakett - UFI","isPartOf":{"@id":"https:\/\/www.ufi.eu\/et\/#website"},"primaryImageOfPage":{"@id":"https:\/\/www.ufi.eu\/et\/product\/koik-emp-riigid-pcni-registreerimise-pakett\/#primaryimage"},"image":{"@id":"https:\/\/www.ufi.eu\/et\/product\/koik-emp-riigid-pcni-registreerimise-pakett\/#primaryimage"},"thumbnailUrl":"https:\/\/www.ufi.eu\/wp-content\/uploads\/2025\/03\/eu.jpg","datePublished":"2025-09-24T14:37:42+00:00","dateModified":"2025-09-24T14:37:55+00:00","description":"See toode on komplektpakett k\u00f5ikidele EMP riikidele. Neid 30 \u017eetooni saab kasutada mis tahes PCN-registreerimise puhul, mida te meiega teete. P\u00e4rast ostu sooritamist lisatakse need riigid teie PCN-riikide nimekirja ja neid saab kasutada, kui t\u00e4idate meie PCN-i vastuv\u00f5tuvormi oma toote jaoks.","breadcrumb":{"@id":"https:\/\/www.ufi.eu\/et\/product\/koik-emp-riigid-pcni-registreerimise-pakett\/#breadcrumb"},"inLanguage":"et","potentialAction":[{"@type":"ReadAction","target":["https:\/\/www.ufi.eu\/et\/product\/koik-emp-riigid-pcni-registreerimise-pakett\/"]}]},{"@type":"ImageObject","inLanguage":"et","@id":"https:\/\/www.ufi.eu\/et\/product\/koik-emp-riigid-pcni-registreerimise-pakett\/#primaryimage","url":"https:\/\/www.ufi.eu\/wp-content\/uploads\/2025\/03\/eu.jpg","contentUrl":"https:\/\/www.ufi.eu\/wp-content\/uploads\/2025\/03\/eu.jpg","width":800,"height":800},{"@type":"BreadcrumbList","@id":"https:\/\/www.ufi.eu\/et\/product\/koik-emp-riigid-pcni-registreerimise-pakett\/#breadcrumb","itemListElement":[{"@type":"ListItem","position":1,"name":"Home","item":"https:\/\/www.ufi.eu\/et\/kodu\/"},{"@type":"ListItem","position":2,"name":"Kauplus","item":"https:\/\/www.ufi.eu\/et\/kauplus\/"},{"@type":"ListItem","position":3,"name":"K\u00f5ik EMP riigid PCNi registreerimise pakett"}]},{"@type":"WebSite","@id":"https:\/\/www.ufi.eu\/et\/#website","url":"https:\/\/www.ufi.eu\/et\/","name":"UFI.EU","description":"Poison Centre Notifications (PCN) and UFI","publisher":{"@id":"https:\/\/www.ufi.eu\/et\/#organization"},"potentialAction":[{"@type":"SearchAction","target":{"@type":"EntryPoint","urlTemplate":"https:\/\/www.ufi.eu\/et\/?s={search_term_string}"},"query-input":{"@type":"PropertyValueSpecification","valueRequired":true,"valueName":"search_term_string"}}],"inLanguage":"et"},{"@type":"Organization","@id":"https:\/\/www.ufi.eu\/et\/#organization","name":"UFI.EU","url":"https:\/\/www.ufi.eu\/et\/","logo":{"@type":"ImageObject","inLanguage":"et","@id":"https:\/\/www.ufi.eu\/et\/#\/schema\/logo\/image\/","url":"https:\/\/www.ufi.eu\/wp-content\/uploads\/2025\/03\/cropped-logo_ufi3.jpg","contentUrl":"https:\/\/www.ufi.eu\/wp-content\/uploads\/2025\/03\/cropped-logo_ufi3.jpg","width":231,"height":78,"caption":"UFI.EU"},"image":{"@id":"https:\/\/www.ufi.eu\/et\/#\/schema\/logo\/image\/"},"description":"UFI.eu specializes in digital registrations for Poison Centre Notifications (PCN), ensuring your chemical products meet EU regulatory requirements effortlessly. Our streamlined solutions help businesses stay compliant while reducing complexity and administrative burden.","email":"info@ufi.eu","legalName":"UFI.EU"}]},"product_price_amount":"415.00","product_price_currency":"EUR","og_availability":"instock","product_availability":"instock","product_condition":"new"},"_links":{"self":[{"href":"https:\/\/www.ufi.eu\/et\/wp-json\/wp\/v2\/product\/31717","targetHints":{"allow":["GET"]}}],"collection":[{"href":"https:\/\/www.ufi.eu\/et\/wp-json\/wp\/v2\/product"}],"about":[{"href":"https:\/\/www.ufi.eu\/et\/wp-json\/wp\/v2\/types\/product"}],"wp:featuredmedia":[{"embeddable":true,"href":"https:\/\/www.ufi.eu\/et\/wp-json\/wp\/v2\/media\/12519"}],"wp:attachment":[{"href":"https:\/\/www.ufi.eu\/et\/wp-json\/wp\/v2\/media?parent=31717"}],"wp:term":[{"taxonomy":"product_brand","embeddable":true,"href":"https:\/\/www.ufi.eu\/et\/wp-json\/wp\/v2\/product_brand?post=31717"},{"taxonomy":"product_cat","embeddable":true,"href":"https:\/\/www.ufi.eu\/et\/wp-json\/wp\/v2\/product_cat?post=31717"},{"taxonomy":"product_tag","embeddable":true,"href":"https:\/\/www.ufi.eu\/et\/wp-json\/wp\/v2\/product_tag?post=31717"}],"curies":[{"name":"wp","href":"https:\/\/api.w.org\/{rel}","templated":true}]}}