{"id":21729,"date":"2025-03-20T08:25:19","date_gmt":"2025-04-17T10:13:03","guid":{"rendered":"https:\/\/www.ufi.eu\/pcn\/maaratlemata\/pcn-ja-ufi-kutuselisandite-puhul\/"},"modified":"2025-04-17T10:13:03","modified_gmt":"2025-04-17T10:13:03","slug":"pcn-ja-ufi-kutuselisandite-puhul","status":"publish","type":"product","link":"https:\/\/www.ufi.eu\/et\/product\/pcn-ja-ufi-kutuselisandite-puhul\/","title":{"rendered":"PCN ja UFI k\u00fctuselisandite puhul"},"content":{"rendered":"<h2>Kuidas toimib UFI loomise ja PCNi teavitamise teenus?<\/h2>\n<p>P\u00e4rast selle teenuse ostmist saate juurdep\u00e4\u00e4su turvalisele portaalile. See portaal sisaldab \u00fclevaadet k\u00f5igist sammudest.  T\u00e4itke oma toote andmed ja me asume t\u00f6\u00f6le.<\/p>\n<h3>M\u00fcrgistuskeskuse teavitamine ja UFI<\/h3>\n<p>Me pakume:<\/p>\n<ul>\n<li>Teie toote unikaalne valemitunnus (Unique Formula Identifier &#8211; UFI)<\/li>\n<li>M\u00fcrgistuskeskuse teatis (PCN).<\/li>\n<li>Teie toote registreerimine asjaomastes riiklikes m\u00fcrgistuskeskustes ECHA kaudu.<\/li>\n<\/ul>\n<h3>PCNi registreerimise riigid<\/h3>\n<p>Saate loendada riikide arvu, kus soovite oma toodet registreerida. See on riikide arv, mida peate ostma.  Saate valida konkreetseid riike portaalis. Kui te kavatsete hiljem laiendada oma toodete m\u00fc\u00fcki uutesse riikidesse, saate alati tellida t\u00e4iendavaid <a href=\"https:\/\/www.ufi.eu\/et\/pcn\/riigid\/pcni-registreerimise-riigid\/\" target=\"_blank\" title=\"PCN riigiregistreeringud\">PCN-riigiregistreeringuid<\/a>.<br \/>ELis on 27 riiki ja EMPs 30 riiki (EL+Lichtenstein, Norra ja Island) Portaalis saate valida need riigid: <\/p>\n<table cellpadding=\"2\" cellspacing=\"0\" border=\"1\">\n<tbody>\n<tr>\n<td>Belgia<\/td>\n<td>(BE)<\/td>\n<td>Hispaania<\/td>\n<td>(ES)<\/td>\n<td>Ungari<\/td>\n<td>(HU)<\/td>\n<td>Slovakkia<\/td>\n<td>(SK)<\/td>\n<\/tr>\n<tr>\n<td>Bulgaaria<\/td>\n<td>(BG)<\/td>\n<td>Prantsusmaa<\/td>\n<td>(FR)<\/td>\n<td>Malta<\/td>\n<td>(MT)<\/td>\n<td>Soome<\/td>\n<td>(FI)<\/td>\n<\/tr>\n<tr>\n<td>T\u0161ehhi<\/td>\n<td>(CZ)<\/td>\n<td>Horvaatia<\/td>\n<td>(HR)<\/td>\n<td>Madalmaad<\/td>\n<td>(NL)<\/td>\n<td>Rootsi<\/td>\n<td>(SE)<\/td>\n<\/tr>\n<tr>\n<td>Taani<\/td>\n<td>(DK)<\/td>\n<td>Itaalia<\/td>\n<td>(IT)<\/td>\n<td>Austria<\/td>\n<td>(AT)<\/td>\n<td>Saksamaa<\/td>\n<td>(DE)<\/td>\n<\/tr>\n<tr>\n<td>K\u00fcpros<\/td>\n<td>(CY)<\/td>\n<td>Poola<\/td>\n<td>(PL)<\/td>\n<td>Island<\/td>\n<td>(IS)<\/td>\n<td>Eesti<\/td>\n<td>(EE)<\/td>\n<\/tr>\n<tr>\n<td>L\u00e4ti<\/td>\n<td>(LV)<\/td>\n<td>Portugal<\/td>\n<td>(PT)<\/td>\n<td>Liechtenstein<\/td>\n<td>(LI)<\/td>\n<td>Iirimaa<\/td>\n<td>(IE)<\/td>\n<\/tr>\n<tr>\n<td>Leedu<\/td>\n<td>(LT)<\/td>\n<td>Rumeenia<\/td>\n<td>(RO)<\/td>\n<td>Norra<\/td>\n<td>(EI)<\/td>\n<td>Kreeka<\/td>\n<td>(EL)<\/td>\n<\/tr>\n<tr>\n<td>Luksemburg<\/td>\n<td>(LU)<\/td>\n<td>Sloveenia<\/td>\n<td>(SI)<\/td>\n<td>\u0160veits*<\/td>\n<td>(CH)<\/td>\n<td><\/td>\n<td><\/td>\n<\/tr>\n<\/tbody>\n<\/table>\n<p>*Sveitsi jaoks saame luua PCN-dokumendi koos kogu vajaliku teabega, et esitada taotlus \u0160veitsi portaalis. Lisateabe saamiseks v\u00f5tke meiega \u00fchendust. <\/p>\n<h3>CLP-m\u00e4rgistuse teave<\/h3>\n<p>Pakume v\u00f5imalust osta CLP-m\u00e4\u00e4rusele vastav tootem\u00e4rgis, mis sisaldab kogu kohustuslikku teavet, nagu on n\u00f5utud ELi CLP-m\u00e4\u00e4ruses. See esitatakse PDF-vormingus.  See ei ole kavand, vaid n\u00f5utava teabe kokkuv\u00f5te. See v\u00f5imaldab teil integreerida vajaliku teabe oma toote etiketi kujundusse. Te v\u00f5ite tellida <a href=\"https:\/\/www.ufi.eu\/et\/pcn\/clp-margis\/clp-margise-loomine-ja-vastavuskontroll\/\" target=\"_blank\" title=\"CLP m\u00e4rgistusCreation\">CLP-m\u00e4rgise koostamise<\/a> ka eraldi. Kas teil on juba etikett olemas? &#8211; V\u00f5ime teha teie etiketile <a href=\"https:\/\/www.ufi.eu\/et\/pcn\/clp-margis\/clp-margise-loomine-ja-vastavuskontroll\/\" target=\"_blank\" title=\"CLP-m\u00e4rgistuse vastavuse kontroll\">CLP-m\u00e4rgistuse vastavuse kontrolli<\/a> vastavalt kehtivatele CLP- n\u00f5uetele. Anname \u00fcksikasjalikku tagasisidet ja teeme parandusi, et tagada teie etiketi vastavus k\u00f5ikidele regulatiivsetele standarditele.     <\/p>\n<h2>M\u00fcrgistuskeskuse teatis k\u00fctuselisandite ja k\u00fctusekomponentide kohta<\/h2>\n<p>K\u00fctuselisandeid ja k\u00fctusekomponente kasutatakse k\u00fctuse teatavate omaduste suurendamiseks v\u00f5i v\u00e4hendamiseks, n\u00e4iteks p\u00f5lemise t\u00f5hususe parandamiseks, korrosiooni v\u00e4ltimiseks v\u00f5i heitkoguste v\u00e4hendamiseks. Need lisandid on k\u00fctuse j\u00f5udluse optimeerimiseks v\u00e4ga olulised, kuid v\u00e4\u00e4rkasutamise v\u00f5i v\u00e4\u00e4rkasutamise korral v\u00f5ivad need kujutada endast ka ohtu inimeste tervisele ja keskkonnale. Vastavalt ELi eeskirjadele peavad k\u00fctuselisandite tootjad ja importijad esitama m\u00fcrgistusteatise (PCN), et tagada m\u00fcrgistuskeskustele juurdep\u00e4\u00e4s vajalikele ohutusandmetele, mis on vajalikud v\u00f5imaliku kokkupuute v\u00f5i h\u00e4daolukordade korral reageerimiseks.  <\/p>\n<h3>Mis on UFI?<\/h3>\n<p>Ainulaadne valemit\u00e4his (UFI) on 16-kohaline t\u00e4htnumbriline kood, mis identifitseerib \u00fcheselt k\u00fctuselisandi v\u00f5i k\u00fctusekomponendi koostise. UFI aitab m\u00fcrgistuskeskustel h\u00e4daolukorras kiiresti ligi p\u00e4\u00e4seda asjakohastele ohutusandmetele. See peab olema m\u00e4rgitud toote m\u00e4rgistusele, tagades, et h\u00e4daabit\u00f6\u00f6tajad saavad t\u00f5husalt tuvastada ja reageerida kokkupuutejuhtumitele.  <\/p>\n<h3>Mis on PCN?<\/h3>\n<p>M\u00fcrgistuskeskuste teatis (PCN) on kohustuslik tooteandmete, sealhulgas keemilise koostise, ohuklassifikatsiooni, kasutusotstarbe ja pakendi \u00fcksikasjade esitamine m\u00fcrgistuskeskustele. Andmed aitavad m\u00fcrgistuskeskustel anda viivitamatult t\u00e4pset meditsiinilist n\u00f5u ja anda h\u00e4daabi ohtlike kemikaalide, n\u00e4iteks k\u00fctuselisandite ja k\u00fctusekomponentide kokkupuute korral. <\/p>\n<h3>Mis on CLP?<\/h3>\n<p>Klassifitseerimise, m\u00e4rgistamise ja pakendamise (CLP) m\u00e4\u00e4rus tagab, et k\u00f5ik ohtlikud tooted on nende f\u00fc\u00fcsikaliste, tervise- ja keskkonnaohtude alusel \u00f5igesti klassifitseeritud. K\u00fctuselisandid ja k\u00fctusekomponendid peavad j\u00e4rgima CLP n\u00f5udeid, esitades m\u00e4rgistusel ohus\u00fcmbolid, ettevaatusabin\u00f5ud ja UFI, et teavitada kasutajaid nende kasutamisega seotud v\u00f5imalikest ohtudest. <\/p>\n<h3>Mis on m\u00fcrgistuskeskus?<\/h3>\n<p>M\u00fcrgistuskeskus on riiklike organisatsioonide v\u00f5rgustik, mis vastutab kemikaalidega kokkupuutejuhtumite haldamise eest. Juurdep\u00e4\u00e4suga PCNi kaudu esitatud andmetele saavad m\u00fcrgistuskeskused pakkuda h\u00e4daolukordades t\u00e4pseid juhiseid ja meditsiinilist abi, tagades avalikkuse ohutuse olukordades, mis on seotud selliste ohtlike ainetega nagu k\u00fctuselisandid. <\/p>\n<h3>Miks on seda vaja?<\/h3>\n<p>K\u00fctuselisandid ja k\u00fctusekomponendid sisaldavad sageli ohtlikke kemikaale, mis v\u00f5ivad v\u00e4\u00e4rkasutamise v\u00f5i eba\u00f5ige k\u00e4itlemise korral p\u00f5hjustada t\u00f5siseid tervise- v\u00f5i keskkonnariske. PCN tagab, et m\u00fcrgistuskeskustel on \u00f5igeaegselt juurdep\u00e4\u00e4s olulisele tooteteabele, mis v\u00f5imaldab neil kiirelt ja t\u00e4pselt reageerida mis tahes kokkupuutejuhtumitele. See aitab kaitsta rahvatervist ja toetab t\u00f5husaid h\u00e4daolukordadele reageerimise protokolle.  <\/p>\n<h3>Alates millal on see seadusega kohustuslik?<\/h3>\n<p>K\u00fctuselisandite ja k\u00fctusekomponentide PCNi esitamise n\u00f5ue muutus kohustuslikuks 1. jaanuaril 2021 osana CLP-m\u00e4\u00e4ruse VIII lisast. See kohustus tagab, et m\u00fcrgistuskeskustel on juurdep\u00e4\u00e4s vajalikele ohutusandmetele, et reageerida v\u00f5imalikele kemikaalidega kokkupuute- v\u00f5i m\u00fcrgistusjuhtumitele. <\/p>\n<h2>KKK<\/h2>\n<h3>K\u00fcsimus: Kas k\u00f5ik k\u00fctuselisandid vajavad PCNi?<\/h3>\n<p>Vastus: Jah, k\u00f5ik k\u00fctuselisandid ja k\u00fctusekomponendid, mis on CLP-m\u00e4\u00e4ruse kohaselt klassifitseeritud ohtlikuks, n\u00f5uavad PCNi esitamist.<\/p>\n<h3>K\u00fcsimus: Millist teavet pean esitama k\u00fctuselisandite PCNi esitamisel?<\/h3>\n<p>Vastus: K\u00fctuselisandite kohta esitatud PCN peab sisaldama toote keemilist koostist, ohuklassifikatsiooni, kasutusotstarvet, pakendi \u00fcksikasju ja UFI-koodi.<\/p>\n<h3>K\u00fcsimus: Kus peaks UFI olema m\u00e4rgitud k\u00fctuselisanditel?<\/h3>\n<p>Vastus: UFI peab olema kantud toote m\u00e4rgistusele koos ohus\u00fcmbolite ja ettevaatusabin\u00f5udega v\u00f5i tootega kaasas olevale ohutuskaardile (SDS).<\/p>\n<h3>K\u00fcsimus: Kes vastutab k\u00fctuselisandite PCNi esitamise eest?<\/h3>\n<p>Vastus: Tootja, importija v\u00f5i tootmisahela j\u00e4rgmise etapi kasutaja, kes viib k\u00fctuselisandi v\u00f5i k\u00fctusekomponendi ELi turule, vastutab PCNi esitamise eest.<\/p>\n<h3>K\u00fcsimus: Millised on PCNi esitamata j\u00e4tmise tagaj\u00e4rjed?<\/h3>\n<p>Vastus: PCNi esitamata j\u00e4tmine v\u00f5ib kaasa tuua trahve, toodete tagasiv\u00f5tmise v\u00f5i piiranguid k\u00fctuselisandite m\u00fc\u00fcgile ELi turul.<\/p>\n<h3>K\u00fcsimus: Kas soojusvahetusvedelike suhtes kehtivad samad PCN n\u00f5uded?<\/h3>\n<p>Vastus: Ei, soojusvahendid ei kuulu k\u00fctuselisandite ja k\u00fctusekomponentide kategooriasse ning nende suhtes kehtivad eraldi regulatiivsed n\u00f5uded. Lisateavet leiate kategooriast &#8220;Soojusvedelikud&#8221;. <\/p>\n<h3>K\u00fcsimus: Kui kaua v\u00f5tab UFI ja PCN-teatise esitamine aega?<\/h3>\n<p>See v\u00f5tab meil paar p\u00e4eva t\u00f6\u00f6d. Niipea, kui olete dokumendid \u00fcles laadinud, alustame kohe. <\/p>\n<h3>K\u00fcsimus: Kas ma olen PCN-teatise omanik?<\/h3>\n<p>Jah, te olete PCN-teatise omanik. Teie esitatud andmed j\u00e4\u00e4vad t\u00e4ielikult teie omandisse.  PCN-teatis on k\u00e4ttesaadav teie ECHA kontol.<\/p>\n<h3>K\u00fcsimus: Kas see teenus on \u00fche v\u00f5i mitme toote jaoks?<\/h3>\n<p>Teenus kehtib \u00fche toote kohta.<\/p>\n<h3>K\u00fcsimus: Miks pean ma UFI loomise eest maksma?<\/h3>\n<p>Meie pakutav teenus ei seisne ainult UFI pakkumises. UFI on osa palju ulatuslikumast protsessist.  P\u00f5hiteenus, mida me pakume, on teie m\u00fcrgistusteatise (PCN) koostamine ja esitamine riiklikele m\u00e4\u00e4ratud asutustele ECHA portaali kaudu, mis on ELi CLP-m\u00e4\u00e4ruse kohaselt kohustuslik n\u00f5ue ohtlike segude turuleviimiseks. UFI koostamine on lihtsaim osa. PCN-aruanne on aga keeruline. See n\u00f5uab \u00fcksikasjalikku koostisainete \u00fclevaadet &#8211; keemiliste ainete klassifikatsioonid -, mis on t\u00e4pselt vormistatud ECHA kaudu m\u00fcrgistuskeskusele esitamiseks.   <\/p>\n<h3>K\u00fcsimus: Kuidas saan ma esitada PCNi?<\/h3>\n<p>Pakume lahendust ettev\u00f5tetele, mis ei asu ELis. Lisateavet leiate <a href=\"https:\/\/www.ufi.eu\/et\/pcn\/valjaspool-eli\/pcn-ja-ufi-eli-valiste-ettevotete-jaoks\/\" target=\"_blank\" rel=\"noopener\">ELi-v\u00e4liste ettev\u00f5tete PCN &amp; UFI<\/a> lehek\u00fcljelt. <\/p>\n<h3>K\u00fcsimus: Kas te saate esitada ohutuskaardid, mis vastavad t\u00e4ielikult ELi m\u00e4\u00e4rusele (REACH ja CLP)?<\/h3>\n<p>Jah, me saame <a href=\"https:\/\/www.ufi.eu\/et\/pcn\/ohutuskaart\/ohutuskaardi-msds-sds-loomise-teenus\/\" target=\"_blank\"><strong>koostada ohutuskaarte (SDS)<\/strong><\/a>&#8211; mis on tuntud ka kui <strong>materjali ohutuskaardid (MSDS)<\/strong>, mis on kohandatud teie tootele ja vastavad uusimatele ELi eeskirjadele. Olenemata sellest, kas te toodate keemilisi segusid, impordite tooteid ELi v\u00f5i turustate neid eram\u00e4rgistuse all, on n\u00f5uetele vastav SDS seadusega n\u00f5utav ja ohutu kasutamise jaoks kogu tarneahelas h\u00e4davajalik. Lisateavet leiate <a href=\"https:\/\/www.ufi.eu\/et\/pcn\/ohutuskaart\/ohutuskaardi-msds-sds-loomise-teenus\/\" target=\"_blank\">ohutuskaardi (MSDS\/SDS) koostamise teenuse<\/a> lehek\u00fcljelt.  <\/p>\n","protected":false},"excerpt":{"rendered":"<p>Kuidas toimib UFI loomise ja PCNi teavitamise teenus? P\u00e4rast selle teenuse ostmist saate juurdep\u00e4\u00e4su turvalisele portaalile. See portaal sisaldab \u00fclevaadet k\u00f5igist sammudest. T\u00e4itke oma toote andmed ja me asume t\u00f6\u00f6le. M\u00fcrgistuskeskuse teavitamine ja UFI Me pakume: Teie toote unikaalne valemitunnus (Unique Formula Identifier &#8211; UFI) M\u00fcrgistuskeskuse teatis (PCN). Teie toote registreerimine asjaomastes riiklikes m\u00fcrgistuskeskustes ECHA [&hellip;]<\/p>\n","protected":false},"featured_media":21730,"template":"","meta":[],"product_brand":[],"product_cat":[1057],"product_tag":[],"class_list":{"0":"post-21729","1":"product","2":"type-product","3":"status-publish","4":"has-post-thumbnail","6":"product_cat-kutused-ja-lisandid","8":"first","9":"instock","10":"virtual","11":"taxable","12":"purchasable","13":"product-type-bundle"},"bundled_by":[],"bundle_stock_status":"instock","bundle_stock_quantity":"","bundle_virtual":false,"bundle_layout":"default","bundle_add_to_cart_form_location":"default","bundle_editable_in_cart":false,"bundle_sold_individually_context":"product","bundle_item_grouping":"parent","bundle_min_size":"","bundle_max_size":"","bundle_price":{"price":{"min":{"incl_tax":"121","excl_tax":"100"},"max":{"incl_tax":"","excl_tax":""}},"regular_price":{"min":{"incl_tax":"121","excl_tax":"100"},"max":{"incl_tax":"","excl_tax":""}}},"bundled_items":[{"bundled_item_id":10460,"product_id":12513,"menu_order":0,"quantity_min":1,"quantity_max":1,"quantity_default":1,"priced_individually":true,"shipped_individually":false,"override_title":false,"title":null,"override_description":false,"description":null,"optional":false,"hide_thumbnail":false,"discount":"","override_variations":false,"allowed_variations":[""],"override_default_variation_attributes":false,"default_variation_attributes":[],"single_product_visibility":"visible","cart_visibility":"visible","order_visibility":"visible","single_product_price_visibility":"visible","cart_price_visibility":"visible","order_price_visibility":"visible","stock_status":"in_stock"},{"bundled_item_id":10461,"product_id":12516,"menu_order":1,"quantity_min":1,"quantity_max":"","quantity_default":1,"priced_individually":true,"shipped_individually":false,"override_title":false,"title":null,"override_description":false,"description":null,"optional":false,"hide_thumbnail":false,"discount":"","override_variations":false,"allowed_variations":[""],"override_default_variation_attributes":false,"default_variation_attributes":[],"single_product_visibility":"visible","cart_visibility":"visible","order_visibility":"visible","single_product_price_visibility":"visible","cart_price_visibility":"visible","order_price_visibility":"visible","stock_status":"in_stock"}],"bundle_sell_ids":[],"yoast_head":"<!-- This site is optimized with the Yoast SEO Premium plugin v25.1 (Yoast SEO v25.1) - https:\/\/yoast.com\/wordpress\/plugins\/seo\/ -->\n<title>PCN ja UFI k\u00fctuselisandite puhul - UFI<\/title>\n<meta name=\"description\" content=\"Hankige PCN ja UFI k\u00fctuse omadusi parandavate k\u00fctuselisandite jaoks. Tagage ELi m\u00fcrgistuskeskuse n\u00f5uetele vastavus meie kiire ja usaldusv\u00e4\u00e4rse teavitamisteenusega!\" \/>\n<meta name=\"robots\" content=\"index, follow, max-snippet:-1, max-image-preview:large, max-video-preview:-1\" \/>\n<link rel=\"canonical\" href=\"https:\/\/www.ufi.eu\/et\/product\/pcn-ja-ufi-kutuselisandite-puhul\/\" \/>\n<meta property=\"og:locale\" content=\"et_EE\" \/>\n<meta property=\"og:type\" content=\"article\" \/>\n<meta property=\"og:title\" content=\"PCN ja UFI k\u00fctuselisandite puhul\" \/>\n<meta property=\"og:description\" content=\"Hankige PCN ja UFI k\u00fctuse omadusi parandavate k\u00fctuselisandite jaoks. Tagage ELi m\u00fcrgistuskeskuse n\u00f5uetele vastavus meie kiire ja usaldusv\u00e4\u00e4rse teavitamisteenusega!\" \/>\n<meta property=\"og:url\" content=\"https:\/\/www.ufi.eu\/et\/product\/pcn-ja-ufi-kutuselisandite-puhul\/\" \/>\n<meta property=\"og:site_name\" content=\"UFI\" \/>\n<meta property=\"og:image\" content=\"https:\/\/www.ufi.eu\/wp-content\/uploads\/2025\/03\/PC-FUE-5.jpg\" \/>\n\t<meta property=\"og:image:width\" content=\"1024\" \/>\n\t<meta property=\"og:image:height\" content=\"1024\" \/>\n\t<meta property=\"og:image:type\" content=\"image\/jpeg\" \/>\n<meta name=\"twitter:card\" content=\"summary_large_image\" \/>\n<meta name=\"twitter:label1\" content=\"Price\" \/>\n\t<meta name=\"twitter:data1\" content=\"&euro;0.00\" \/>\n\t<meta name=\"twitter:label2\" content=\"Availability\" \/>\n\t<meta name=\"twitter:data2\" content=\"In stock\" \/>\n<script type=\"application\/ld+json\" class=\"yoast-schema-graph\">{\"@context\":\"https:\/\/schema.org\",\"@graph\":[{\"@type\":\"WebPage\",\"@id\":\"https:\/\/www.ufi.eu\/et\/product\/pcn-ja-ufi-kutuselisandite-puhul\/\",\"url\":\"https:\/\/www.ufi.eu\/et\/product\/pcn-ja-ufi-kutuselisandite-puhul\/\",\"name\":\"PCN ja UFI k\u00fctuselisandite puhul - UFI\",\"isPartOf\":{\"@id\":\"https:\/\/www.ufi.eu\/et\/#website\"},\"primaryImageOfPage\":{\"@id\":\"https:\/\/www.ufi.eu\/et\/product\/pcn-ja-ufi-kutuselisandite-puhul\/#primaryimage\"},\"image\":{\"@id\":\"https:\/\/www.ufi.eu\/et\/product\/pcn-ja-ufi-kutuselisandite-puhul\/#primaryimage\"},\"thumbnailUrl\":\"https:\/\/www.ufi.eu\/wp-content\/uploads\/2025\/03\/PC-FUE-5.jpg\",\"datePublished\":\"2025-04-17T10:13:03+00:00\",\"description\":\"Hankige PCN ja UFI k\u00fctuse omadusi parandavate k\u00fctuselisandite jaoks. Tagage ELi m\u00fcrgistuskeskuse n\u00f5uetele vastavus meie kiire ja usaldusv\u00e4\u00e4rse teavitamisteenusega!\",\"breadcrumb\":{\"@id\":\"https:\/\/www.ufi.eu\/et\/product\/pcn-ja-ufi-kutuselisandite-puhul\/#breadcrumb\"},\"inLanguage\":\"et\",\"potentialAction\":[{\"@type\":\"ReadAction\",\"target\":[\"https:\/\/www.ufi.eu\/et\/product\/pcn-ja-ufi-kutuselisandite-puhul\/\"]}]},{\"@type\":\"ImageObject\",\"inLanguage\":\"et\",\"@id\":\"https:\/\/www.ufi.eu\/et\/product\/pcn-ja-ufi-kutuselisandite-puhul\/#primaryimage\",\"url\":\"https:\/\/www.ufi.eu\/wp-content\/uploads\/2025\/03\/PC-FUE-5.jpg\",\"contentUrl\":\"https:\/\/www.ufi.eu\/wp-content\/uploads\/2025\/03\/PC-FUE-5.jpg\",\"width\":1024,\"height\":1024},{\"@type\":\"BreadcrumbList\",\"@id\":\"https:\/\/www.ufi.eu\/et\/product\/pcn-ja-ufi-kutuselisandite-puhul\/#breadcrumb\",\"itemListElement\":[{\"@type\":\"ListItem\",\"position\":1,\"name\":\"Home\",\"item\":\"https:\/\/www.ufi.eu\/et\/kodu\/\"},{\"@type\":\"ListItem\",\"position\":2,\"name\":\"Kauplus\",\"item\":\"https:\/\/www.ufi.eu\/et\/kauplus\/\"},{\"@type\":\"ListItem\",\"position\":3,\"name\":\"PCN ja UFI k\u00fctuselisandite puhul\"}]},{\"@type\":\"WebSite\",\"@id\":\"https:\/\/www.ufi.eu\/et\/#website\",\"url\":\"https:\/\/www.ufi.eu\/et\/\",\"name\":\"UFI.EU\",\"description\":\"Poison Centre Notifications (PCN) and UFI\",\"publisher\":{\"@id\":\"https:\/\/www.ufi.eu\/et\/#organization\"},\"potentialAction\":[{\"@type\":\"SearchAction\",\"target\":{\"@type\":\"EntryPoint\",\"urlTemplate\":\"https:\/\/www.ufi.eu\/et\/?s={search_term_string}\"},\"query-input\":{\"@type\":\"PropertyValueSpecification\",\"valueRequired\":true,\"valueName\":\"search_term_string\"}}],\"inLanguage\":\"et\"},{\"@type\":\"Organization\",\"@id\":\"https:\/\/www.ufi.eu\/et\/#organization\",\"name\":\"UFI.EU\",\"url\":\"https:\/\/www.ufi.eu\/et\/\",\"logo\":{\"@type\":\"ImageObject\",\"inLanguage\":\"et\",\"@id\":\"https:\/\/www.ufi.eu\/et\/#\/schema\/logo\/image\/\",\"url\":\"https:\/\/www.ufi.eu\/wp-content\/uploads\/2025\/03\/cropped-logo_ufi3.jpg\",\"contentUrl\":\"https:\/\/www.ufi.eu\/wp-content\/uploads\/2025\/03\/cropped-logo_ufi3.jpg\",\"width\":231,\"height\":78,\"caption\":\"UFI.EU\"},\"image\":{\"@id\":\"https:\/\/www.ufi.eu\/et\/#\/schema\/logo\/image\/\"},\"description\":\"UFI.eu specializes in digital registrations for Poison Centre Notifications (PCN), ensuring your chemical products meet EU regulatory requirements effortlessly. Our streamlined solutions help businesses stay compliant while reducing complexity and administrative burden.\",\"email\":\"info@ufi.eu\",\"legalName\":\"UFI.EU\"}]}<\/script>\n<meta property=\"product:price:amount\" content=\"0.00\" \/>\n<meta property=\"product:price:currency\" content=\"EUR\" \/>\n<meta property=\"og:availability\" content=\"instock\" \/>\n<meta property=\"product:availability\" content=\"instock\" \/>\n<meta property=\"product:retailer_item_id\" content=\"PC-FUE-5\" \/>\n<meta property=\"product:condition\" content=\"new\" \/>\n<!-- \/ Yoast SEO Premium plugin. -->","yoast_head_json":{"title":"PCN ja UFI k\u00fctuselisandite puhul - UFI","description":"Hankige PCN ja UFI k\u00fctuse omadusi parandavate k\u00fctuselisandite jaoks. Tagage ELi m\u00fcrgistuskeskuse n\u00f5uetele vastavus meie kiire ja usaldusv\u00e4\u00e4rse teavitamisteenusega!","robots":{"index":"index","follow":"follow","max-snippet":"max-snippet:-1","max-image-preview":"max-image-preview:large","max-video-preview":"max-video-preview:-1"},"canonical":"https:\/\/www.ufi.eu\/et\/product\/pcn-ja-ufi-kutuselisandite-puhul\/","og_locale":"et_EE","og_type":"article","og_title":"PCN ja UFI k\u00fctuselisandite puhul","og_description":"Hankige PCN ja UFI k\u00fctuse omadusi parandavate k\u00fctuselisandite jaoks. Tagage ELi m\u00fcrgistuskeskuse n\u00f5uetele vastavus meie kiire ja usaldusv\u00e4\u00e4rse teavitamisteenusega!","og_url":"https:\/\/www.ufi.eu\/et\/product\/pcn-ja-ufi-kutuselisandite-puhul\/","og_site_name":"UFI","og_image":[{"width":1024,"height":1024,"url":"https:\/\/www.ufi.eu\/wp-content\/uploads\/2025\/03\/PC-FUE-5.jpg","type":"image\/jpeg"}],"twitter_card":"summary_large_image","twitter_misc":{"Price":"&euro;0.00","Availability":"In stock"},"schema":{"@context":"https:\/\/schema.org","@graph":[{"@type":"WebPage","@id":"https:\/\/www.ufi.eu\/et\/product\/pcn-ja-ufi-kutuselisandite-puhul\/","url":"https:\/\/www.ufi.eu\/et\/product\/pcn-ja-ufi-kutuselisandite-puhul\/","name":"PCN ja UFI k\u00fctuselisandite puhul - UFI","isPartOf":{"@id":"https:\/\/www.ufi.eu\/et\/#website"},"primaryImageOfPage":{"@id":"https:\/\/www.ufi.eu\/et\/product\/pcn-ja-ufi-kutuselisandite-puhul\/#primaryimage"},"image":{"@id":"https:\/\/www.ufi.eu\/et\/product\/pcn-ja-ufi-kutuselisandite-puhul\/#primaryimage"},"thumbnailUrl":"https:\/\/www.ufi.eu\/wp-content\/uploads\/2025\/03\/PC-FUE-5.jpg","datePublished":"2025-04-17T10:13:03+00:00","description":"Hankige PCN ja UFI k\u00fctuse omadusi parandavate k\u00fctuselisandite jaoks. Tagage ELi m\u00fcrgistuskeskuse n\u00f5uetele vastavus meie kiire ja usaldusv\u00e4\u00e4rse teavitamisteenusega!","breadcrumb":{"@id":"https:\/\/www.ufi.eu\/et\/product\/pcn-ja-ufi-kutuselisandite-puhul\/#breadcrumb"},"inLanguage":"et","potentialAction":[{"@type":"ReadAction","target":["https:\/\/www.ufi.eu\/et\/product\/pcn-ja-ufi-kutuselisandite-puhul\/"]}]},{"@type":"ImageObject","inLanguage":"et","@id":"https:\/\/www.ufi.eu\/et\/product\/pcn-ja-ufi-kutuselisandite-puhul\/#primaryimage","url":"https:\/\/www.ufi.eu\/wp-content\/uploads\/2025\/03\/PC-FUE-5.jpg","contentUrl":"https:\/\/www.ufi.eu\/wp-content\/uploads\/2025\/03\/PC-FUE-5.jpg","width":1024,"height":1024},{"@type":"BreadcrumbList","@id":"https:\/\/www.ufi.eu\/et\/product\/pcn-ja-ufi-kutuselisandite-puhul\/#breadcrumb","itemListElement":[{"@type":"ListItem","position":1,"name":"Home","item":"https:\/\/www.ufi.eu\/et\/kodu\/"},{"@type":"ListItem","position":2,"name":"Kauplus","item":"https:\/\/www.ufi.eu\/et\/kauplus\/"},{"@type":"ListItem","position":3,"name":"PCN ja UFI k\u00fctuselisandite puhul"}]},{"@type":"WebSite","@id":"https:\/\/www.ufi.eu\/et\/#website","url":"https:\/\/www.ufi.eu\/et\/","name":"UFI.EU","description":"Poison Centre Notifications (PCN) and UFI","publisher":{"@id":"https:\/\/www.ufi.eu\/et\/#organization"},"potentialAction":[{"@type":"SearchAction","target":{"@type":"EntryPoint","urlTemplate":"https:\/\/www.ufi.eu\/et\/?s={search_term_string}"},"query-input":{"@type":"PropertyValueSpecification","valueRequired":true,"valueName":"search_term_string"}}],"inLanguage":"et"},{"@type":"Organization","@id":"https:\/\/www.ufi.eu\/et\/#organization","name":"UFI.EU","url":"https:\/\/www.ufi.eu\/et\/","logo":{"@type":"ImageObject","inLanguage":"et","@id":"https:\/\/www.ufi.eu\/et\/#\/schema\/logo\/image\/","url":"https:\/\/www.ufi.eu\/wp-content\/uploads\/2025\/03\/cropped-logo_ufi3.jpg","contentUrl":"https:\/\/www.ufi.eu\/wp-content\/uploads\/2025\/03\/cropped-logo_ufi3.jpg","width":231,"height":78,"caption":"UFI.EU"},"image":{"@id":"https:\/\/www.ufi.eu\/et\/#\/schema\/logo\/image\/"},"description":"UFI.eu specializes in digital registrations for Poison Centre Notifications (PCN), ensuring your chemical products meet EU regulatory requirements effortlessly. Our streamlined solutions help businesses stay compliant while reducing complexity and administrative burden.","email":"info@ufi.eu","legalName":"UFI.EU"}]},"product_price_amount":"0.00","product_price_currency":"EUR","og_availability":"instock","product_availability":"instock","product_retailer_item_id":"PC-FUE-5","product_condition":"new"},"_links":{"self":[{"href":"https:\/\/www.ufi.eu\/et\/wp-json\/wp\/v2\/product\/21729","targetHints":{"allow":["GET"]}}],"collection":[{"href":"https:\/\/www.ufi.eu\/et\/wp-json\/wp\/v2\/product"}],"about":[{"href":"https:\/\/www.ufi.eu\/et\/wp-json\/wp\/v2\/types\/product"}],"wp:featuredmedia":[{"embeddable":true,"href":"https:\/\/www.ufi.eu\/et\/wp-json\/wp\/v2\/media\/21730"}],"wp:attachment":[{"href":"https:\/\/www.ufi.eu\/et\/wp-json\/wp\/v2\/media?parent=21729"}],"wp:term":[{"taxonomy":"product_brand","embeddable":true,"href":"https:\/\/www.ufi.eu\/et\/wp-json\/wp\/v2\/product_brand?post=21729"},{"taxonomy":"product_cat","embeddable":true,"href":"https:\/\/www.ufi.eu\/et\/wp-json\/wp\/v2\/product_cat?post=21729"},{"taxonomy":"product_tag","embeddable":true,"href":"https:\/\/www.ufi.eu\/et\/wp-json\/wp\/v2\/product_tag?post=21729"}],"curies":[{"name":"wp","href":"https:\/\/api.w.org\/{rel}","templated":true}]}}