{"id":16517,"date":"2025-03-20T08:28:39","date_gmt":"2025-04-16T21:38:53","guid":{"rendered":"https:\/\/www.ufi.eu\/pcn\/maaratlemata\/pcn-ja-ufi-puhastusvahendite-puhul-v-a-tekstiilivarskendajad\/"},"modified":"2025-04-16T21:38:53","modified_gmt":"2025-04-16T21:38:53","slug":"pcn-ja-ufi-puhastusvahendite-puhul-v-a-tekstiilivarskendajad","status":"publish","type":"product","link":"https:\/\/www.ufi.eu\/et\/product\/pcn-ja-ufi-puhastusvahendite-puhul-v-a-tekstiilivarskendajad\/","title":{"rendered":"PCN ja UFI puhastusvahendite puhul (v.a. tekstiiliv\u00e4rskendajad)"},"content":{"rendered":"<h2>Kuidas toimib UFI loomise ja PCNi teavitamise teenus?<\/h2>\n<p>P\u00e4rast selle teenuse ostmist saate juurdep\u00e4\u00e4su turvalisele portaalile. See portaal sisaldab \u00fclevaadet k\u00f5igist sammudest.  T\u00e4itke oma toote andmed ja me asume t\u00f6\u00f6le.<\/p>\n<h3>M\u00fcrgistuskeskuse teavitamine ja UFI<\/h3>\n<p>Me pakume:<\/p>\n<ul>\n<li>Teie toote unikaalne valemitunnus (Unique Formula Identifier &#8211; UFI)<\/li>\n<li>M\u00fcrgistuskeskuse teatis (PCN).<\/li>\n<li>Teie toote registreerimine asjaomastes riiklikes m\u00fcrgistuskeskustes ECHA kaudu.<\/li>\n<\/ul>\n<h3>PCNi registreerimise riigid<\/h3>\n<p>Saate loendada riikide arvu, kus soovite oma toodet registreerida. See on riikide arv, mida peate ostma.  Saate valida konkreetseid riike portaalis. Kui te kavatsete hiljem laiendada oma toodete m\u00fc\u00fcki uutesse riikidesse, saate alati tellida t\u00e4iendavaid <a href=\"https:\/\/www.ufi.eu\/et\/pcn\/riigid\/pcni-registreerimise-riigid\/\" target=\"_blank\" title=\"PCN riigiregistreeringud\">PCN-riigiregistreeringuid<\/a>.<br \/>ELis on 27 riiki ja EMPs 30 riiki (EL+Lichtenstein, Norra ja Island) Portaalis saate valida need riigid: <\/p>\n<table cellpadding=\"2\" cellspacing=\"0\" border=\"1\">\n<tbody>\n<tr>\n<td>Belgia<\/td>\n<td>(BE)<\/td>\n<td>Hispaania<\/td>\n<td>(ES)<\/td>\n<td>Ungari<\/td>\n<td>(HU)<\/td>\n<td>Slovakkia<\/td>\n<td>(SK)<\/td>\n<\/tr>\n<tr>\n<td>Bulgaaria<\/td>\n<td>(BG)<\/td>\n<td>Prantsusmaa<\/td>\n<td>(FR)<\/td>\n<td>Malta<\/td>\n<td>(MT)<\/td>\n<td>Soome<\/td>\n<td>(FI)<\/td>\n<\/tr>\n<tr>\n<td>T\u0161ehhi<\/td>\n<td>(CZ)<\/td>\n<td>Horvaatia<\/td>\n<td>(HR)<\/td>\n<td>Madalmaad<\/td>\n<td>(NL)<\/td>\n<td>Rootsi<\/td>\n<td>(SE)<\/td>\n<\/tr>\n<tr>\n<td>Taani<\/td>\n<td>(DK)<\/td>\n<td>Itaalia<\/td>\n<td>(IT)<\/td>\n<td>Austria<\/td>\n<td>(AT)<\/td>\n<td>Saksamaa<\/td>\n<td>(DE)<\/td>\n<\/tr>\n<tr>\n<td>K\u00fcpros<\/td>\n<td>(CY)<\/td>\n<td>Poola<\/td>\n<td>(PL)<\/td>\n<td>Island<\/td>\n<td>(IS)<\/td>\n<td>Eesti<\/td>\n<td>(EE)<\/td>\n<\/tr>\n<tr>\n<td>L\u00e4ti<\/td>\n<td>(LV)<\/td>\n<td>Portugal<\/td>\n<td>(PT)<\/td>\n<td>Liechtenstein<\/td>\n<td>(LI)<\/td>\n<td>Iirimaa<\/td>\n<td>(IE)<\/td>\n<\/tr>\n<tr>\n<td>Leedu<\/td>\n<td>(LT)<\/td>\n<td>Rumeenia<\/td>\n<td>(RO)<\/td>\n<td>Norra<\/td>\n<td>(EI)<\/td>\n<td>Kreeka<\/td>\n<td>(EL)<\/td>\n<\/tr>\n<tr>\n<td>Luksemburg<\/td>\n<td>(LU)<\/td>\n<td>Sloveenia<\/td>\n<td>(SI)<\/td>\n<td>\u0160veits*<\/td>\n<td>(CH)<\/td>\n<td><\/td>\n<td><\/td>\n<\/tr>\n<\/tbody>\n<\/table>\n<p>*Sveitsi jaoks saame luua PCN-dokumendi koos kogu vajaliku teabega, et esitada taotlus \u0160veitsi portaalis. Lisateabe saamiseks v\u00f5tke meiega \u00fchendust. <\/p>\n<h3>CLP-m\u00e4rgistuse teave<\/h3>\n<p>Pakume v\u00f5imalust osta CLP-m\u00e4\u00e4rusele vastav tootem\u00e4rgis, mis sisaldab kogu kohustuslikku teavet, nagu on n\u00f5utud ELi CLP-m\u00e4\u00e4ruses. See esitatakse PDF-vormingus.  See ei ole kavand, vaid n\u00f5utava teabe kokkuv\u00f5te. See v\u00f5imaldab teil integreerida vajaliku teabe oma toote etiketi kujundusse. Te v\u00f5ite tellida <a href=\"https:\/\/www.ufi.eu\/et\/pcn\/clp-margis\/clp-margise-loomine-ja-vastavuskontroll\/\" target=\"_blank\" title=\"CLP m\u00e4rgistusCreation\">CLP-m\u00e4rgise koostamise<\/a> ka eraldi. Kas teil on juba etikett olemas? &#8211; V\u00f5ime teha teie etiketile <a href=\"https:\/\/www.ufi.eu\/et\/pcn\/clp-margis\/clp-margise-loomine-ja-vastavuskontroll\/\" target=\"_blank\" title=\"CLP-m\u00e4rgistuse vastavuse kontroll\">CLP-m\u00e4rgistuse vastavuse kontrolli<\/a> vastavalt kehtivatele CLP- n\u00f5uetele. Anname \u00fcksikasjalikku tagasisidet ja teeme parandusi, et tagada teie etiketi vastavus k\u00f5ikidele regulatiivsetele standarditele.     <\/p>\n<h2>M\u00fcrgistuskeskuse teatis vaipade\/vaipade desodifikaatorite v\u00f5i v\u00e4rskendajate kohta<\/h2>\n<p>Vaipade ja m\u00f6\u00f6bli jaoks m\u00f5eldud desodorandid v\u00f5i v\u00e4rskendajad v\u00f5ivad sisaldada kemikaale, mis neutraliseerivad v\u00f5i maskeerivad ebameeldivaid l\u00f5hnu. Kuigi need tooted s\u00e4ilitavad t\u00f5husalt meeldiva sisekeskkonna, v\u00f5ivad teatavad preparaadid v\u00e4\u00e4rkasutamisel tekitada terviseriske. Selleks et tagada ohutus ja vastavus ELi \u00f5igusaktidele, tuleb need tooted registreerida m\u00fcrgistuskeskuses m\u00fcrgistuskeskuse teatise (PCN) kaudu, kui need on klassifitseeritud ohtlikuks. See registreerimine v\u00f5imaldab m\u00fcrgistuskeskustel pakkuda t\u00e4pset ja kiiret abi juhusliku kokkupuute korral.   <\/p>\n<h3>Mis on UFI?<\/h3>\n<p>Unique Formula Identifier (UFI) on 16-kohaline t\u00e4htnumbriline kood, mis seob toote otseselt selle konkreetse koostisega. Vaipade\/vaipete jaoks m\u00f5eldud desodoreerivate v\u00f5i v\u00e4rskendavate ainete puhul peab UFI olema selgelt m\u00e4rgitud etiketile, et m\u00fcrgistuskeskused saaksid h\u00e4daolukorras kiiresti kindlaks teha toote koostise. <\/p>\n<h3>Mis on PCN?<\/h3>\n<p>M\u00fcrgistuskeskuse teatis (Poison Centre Notification, PCN) on regulatiivne n\u00f5ue ELi turule viidavate ohtlike keemiliste segude kohta. Vaipade\/polstrite deodorantide v\u00f5i v\u00e4rskendajate puhul sisaldab PCN \u00fcksikasjalikku teavet toote keemilise koostise, ohtlikkuse, m\u00e4rgistamise ja ohutu kasutamise kohta. PCNi esitamisega tagavad tootjad, et m\u00fcrgistuskeskused saavad t\u00f5husalt abistada neid tooteid puudutavate juhtumite korral.  <\/p>\n<h3>Mis on CLP?<\/h3>\n<p>Klassifitseerimise, m\u00e4rgistamise ja pakendamise (CLP) m\u00e4\u00e4rusega \u00fchtlustatakse kemikaalide klassifitseerimist ja m\u00e4rgistamist k\u00f5igis ELi liikmesriikides. Sellistel toodetel nagu vaipade\/polstrite desodoreerijad v\u00f5i v\u00e4rskendajad peavad olema ohus\u00fcmbolid, hoiatusm\u00e4rked ja muud asjakohased hoiatused, kui need on klassifitseeritud ohtlikuks. CLP-m\u00e4\u00e4ruse j\u00e4rgimine aitab tarbijatel neid tooteid ohutult k\u00e4sitseda ja annab meditsiinit\u00f6\u00f6tajatele h\u00e4daolukordades olulist teavet.  <\/p>\n<h3>Mis on m\u00fcrgistuskeskus?<\/h3>\n<p>M\u00fcrgistuskeskus on riiklike asutuste kollektiivne v\u00f5rgustik, mis pakub meditsiinilist n\u00f5ustamist kemikaalidega kokkupuute korral. Toote registreerimine PCN-kavas tagab m\u00fcrgistuskeskustele kohese juurdep\u00e4\u00e4su toote koostisele ja ohutusprofiilile, mis aitab neil anda kiiret ja t\u00e4pset n\u00f5u juhusliku kokkupuute v\u00f5i m\u00fcrgistuse korral. <\/p>\n<h3>Miks on seda vaja?<\/h3>\n<p>Vaipade ja m\u00f6\u00f6bli deodorandid\/puhastusvahendid v\u00f5ivad sisaldada l\u00f5hnaineid, lahusteid v\u00f5i muid kemikaale, mis v\u00f5ivad p\u00f5hjustada \u00e4rritust, allergilisi reaktsioone v\u00f5i t\u00f5sisemaid terviseprobleeme, kui neid sisse hingata v\u00f5i alla neelata. PCNi esitamine tagab, et m\u00fcrgistuskeskused saavad kiiresti ja t\u00e4pselt reageerida, v\u00e4hendades v\u00f5imalike terviseriskide t\u00f5sidust. <\/p>\n<h3>Alates millal on see seadusega kohustuslik?<\/h3>\n<p>Ohtlike toodete, sealhulgas vaipade\/polstrite desodifikaatorite v\u00f5i v\u00e4rskendajate kohta m\u00fcrgistusteatise (PCN) esitamise n\u00f5ue muutus ELi CLP-m\u00e4\u00e4ruse kohaselt 1. jaanuaril 2021 \u00f5iguslikult siduvaks. See kehtib k\u00f5igi klassifitseeritud ohtlike toodete kohta, mis on ette n\u00e4htud kasutamiseks tarbijatele, kutset\u00f6\u00f6tajatele v\u00f5i t\u00f6\u00f6stuses. <\/p>\n<h2>KKK<\/h2>\n<h3>K\u00fcsimus: Kas k\u00f5ik vaipade\/polstrite desodoraatorid v\u00f5i v\u00e4rskendajad peavad esitama PCNi?<\/h3>\n<p>Vastus: Ainult CLP-m\u00e4\u00e4ruste kohaselt ohtlikuks klassifitseeritud tooted vajavad PCNi. Mitteohtlikud tooted on sellest vabastatud. <\/p>\n<h3>K\u00fcsimus: Kus peaks UFI olema toote etiketil?<\/h3>\n<p>Vastus: UFI peaks olema tr\u00fckitud ohus\u00fcmbolite v\u00f5i ettevaatusabin\u00f5ude l\u00e4hedale toote etiketile, tagades, et see on kergesti n\u00e4htav.<\/p>\n<h3>K\u00fcsimus: Miks on vaipade\/polstrite desodifikaatorite v\u00f5i v\u00e4rskendajate puhul vaja PCNi?<\/h3>\n<p>Vastus: PCN on oluline, et jagada kriitilisi tooteandmeid m\u00fcrgistuskeskustega. See v\u00f5imaldab h\u00e4daabit\u00f6\u00f6tajatel pakkuda kiiret ja t\u00e4pset abi, kui keegi puutub kokku tootes sisalduvate ohtlike kemikaalidega. <\/p>\n<h3>K\u00fcsimus: Millised on tagaj\u00e4rjed, kui ohtliku l\u00f5hna- ja v\u00e4rskendusvahendi kohta ei esitata PCNi?<\/h3>\n<p>Vastus: N\u00f5uetele mittevastavuse korral v\u00f5idakse m\u00e4\u00e4rata \u00f5iguslikud karistused, trahvid ja toode v\u00f5idakse ELi turult k\u00f5rvaldada, kuni n\u00f5uded on t\u00e4idetud.<\/p>\n<h3>K\u00fcsimus: Kas ka professionaalseks kasutamiseks m\u00f5eldud desodoraatorid \/ v\u00e4rskendajad kuuluvad PCNi n\u00f5uete alla?<\/h3>\n<p>Vastus: Jah, iga ohtlikuks klassifitseeritud toode &#8211; olgu see siis tarbijatele v\u00f5i kutset\u00f6\u00f6tajatele m\u00f5eldud &#8211; peab vastama PCN- ja CLP-m\u00e4\u00e4rustele.<\/p>\n<h3>K\u00fcsimus: Alates millisest hetkest pean ma oma toote etiketil esitama UFI?<\/h3>\n<p>Vastus: N\u00f5ue lisada UFI ohtlike toodete m\u00e4rgistusele on kehtinud alates 1. jaanuarist 2021 vastavalt ELi CLP-m\u00e4\u00e4rusele.<\/p>\n<h3>K\u00fcsimus: Kui kaua v\u00f5tab UFI ja PCN-teatise esitamine aega?<\/h3>\n<p>See v\u00f5tab meil paar p\u00e4eva t\u00f6\u00f6d. Niipea, kui olete dokumendid \u00fcles laadinud, alustame kohe. <\/p>\n<h3>K\u00fcsimus: Kas ma olen PCN-teatise omanik?<\/h3>\n<p>Jah, te olete PCN-teatise omanik. Teie esitatud andmed j\u00e4\u00e4vad t\u00e4ielikult teie omandisse.  PCN-teatis on k\u00e4ttesaadav teie ECHA kontol.<\/p>\n<h3>K\u00fcsimus: Kas see teenus on \u00fche v\u00f5i mitme toote jaoks?<\/h3>\n<p>Teenus kehtib \u00fche toote kohta.<\/p>\n<h3>K\u00fcsimus: Miks pean ma UFI loomise eest maksma?<\/h3>\n<p>Meie pakutav teenus ei seisne ainult UFI pakkumises. UFI on osa palju ulatuslikumast protsessist.  P\u00f5hiteenus, mida me pakume, on teie m\u00fcrgistusteatise (PCN) koostamine ja esitamine riiklikele m\u00e4\u00e4ratud asutustele ECHA portaali kaudu, mis on ELi CLP-m\u00e4\u00e4ruse kohaselt kohustuslik n\u00f5ue ohtlike segude turuleviimiseks. UFI koostamine on lihtsaim osa. PCN-aruanne on aga keeruline. See n\u00f5uab \u00fcksikasjalikku koostisainete \u00fclevaadet &#8211; keemiliste ainete klassifikatsioonid -, mis on t\u00e4pselt vormistatud ECHA kaudu m\u00fcrgistuskeskusele esitamiseks.   <\/p>\n<h3>K\u00fcsimus: Kuidas saan ma esitada PCNi?<\/h3>\n<p>Pakume lahendust ettev\u00f5tetele, mis ei asu ELis. Lisateavet leiate <a href=\"https:\/\/www.ufi.eu\/et\/pcn\/valjaspool-eli\/pcn-ja-ufi-eli-valiste-ettevotete-jaoks\/\" target=\"_blank\" rel=\"noopener\">ELi-v\u00e4liste ettev\u00f5tete PCN &amp; UFI<\/a> lehek\u00fcljelt. <\/p>\n<h3>K\u00fcsimus: Kas te saate esitada ohutuskaardid, mis vastavad t\u00e4ielikult ELi m\u00e4\u00e4rusele (REACH ja CLP)?<\/h3>\n<p>Jah, me saame <a href=\"https:\/\/www.ufi.eu\/et\/pcn\/ohutuskaart\/ohutuskaardi-msds-sds-loomise-teenus\/\" target=\"_blank\"><strong>koostada ohutuskaarte (SDS)<\/strong><\/a>&#8211; mis on tuntud ka kui <strong>materjali ohutuskaardid (MSDS)<\/strong>, mis on kohandatud teie tootele ja vastavad uusimatele ELi eeskirjadele. Olenemata sellest, kas te toodate keemilisi segusid, impordite tooteid ELi v\u00f5i turustate neid eram\u00e4rgistuse all, on n\u00f5uetele vastav SDS seadusega n\u00f5utav ja ohutu kasutamise jaoks kogu tarneahelas h\u00e4davajalik. Lisateavet leiate <a href=\"https:\/\/www.ufi.eu\/et\/pcn\/ohutuskaart\/ohutuskaardi-msds-sds-loomise-teenus\/\" target=\"_blank\">ohutuskaardi (MSDS\/SDS) koostamise teenuse<\/a> lehek\u00fcljelt.  <\/p>\n","protected":false},"excerpt":{"rendered":"<p>Kuidas toimib UFI loomise ja PCNi teavitamise teenus? P\u00e4rast selle teenuse ostmist saate juurdep\u00e4\u00e4su turvalisele portaalile. See portaal sisaldab \u00fclevaadet k\u00f5igist sammudest. T\u00e4itke oma toote andmed ja me asume t\u00f6\u00f6le. M\u00fcrgistuskeskuse teavitamine ja UFI Me pakume: Teie toote unikaalne valemitunnus (Unique Formula Identifier &#8211; UFI) M\u00fcrgistuskeskuse teatis (PCN). Teie toote registreerimine asjaomastes riiklikes m\u00fcrgistuskeskustes ECHA [&hellip;]<\/p>\n","protected":false},"featured_media":16518,"template":"","meta":[],"product_brand":[],"product_cat":[740],"product_tag":[],"class_list":{"0":"post-16517","1":"product","2":"type-product","3":"status-publish","4":"has-post-thumbnail","6":"product_cat-vaipade-ja-polstrite-tooted","8":"first","9":"instock","10":"virtual","11":"taxable","12":"purchasable","13":"product-type-bundle"},"bundled_by":[],"bundle_stock_status":"instock","bundle_stock_quantity":"","bundle_virtual":false,"bundle_layout":"default","bundle_add_to_cart_form_location":"default","bundle_editable_in_cart":false,"bundle_sold_individually_context":"product","bundle_item_grouping":"parent","bundle_min_size":"","bundle_max_size":"","bundle_price":{"price":{"min":{"incl_tax":"121","excl_tax":"100"},"max":{"incl_tax":"","excl_tax":""}},"regular_price":{"min":{"incl_tax":"121","excl_tax":"100"},"max":{"incl_tax":"","excl_tax":""}}},"bundled_items":[{"bundled_item_id":5220,"product_id":12513,"menu_order":0,"quantity_min":1,"quantity_max":1,"quantity_default":1,"priced_individually":true,"shipped_individually":false,"override_title":false,"title":null,"override_description":false,"description":null,"optional":false,"hide_thumbnail":false,"discount":"","override_variations":false,"allowed_variations":[""],"override_default_variation_attributes":false,"default_variation_attributes":[],"single_product_visibility":"visible","cart_visibility":"visible","order_visibility":"visible","single_product_price_visibility":"visible","cart_price_visibility":"visible","order_price_visibility":"visible","stock_status":"in_stock"},{"bundled_item_id":5221,"product_id":12516,"menu_order":1,"quantity_min":1,"quantity_max":"","quantity_default":1,"priced_individually":true,"shipped_individually":false,"override_title":false,"title":null,"override_description":false,"description":null,"optional":false,"hide_thumbnail":false,"discount":"","override_variations":false,"allowed_variations":[""],"override_default_variation_attributes":false,"default_variation_attributes":[],"single_product_visibility":"visible","cart_visibility":"visible","order_visibility":"visible","single_product_price_visibility":"visible","cart_price_visibility":"visible","order_price_visibility":"visible","stock_status":"in_stock"}],"bundle_sell_ids":[],"yoast_head":"<!-- This site is optimized with the Yoast SEO Premium plugin v25.1 (Yoast SEO v25.1) - https:\/\/yoast.com\/wordpress\/plugins\/seo\/ -->\n<title>PCN ja UFI puhastusvahendite puhul (v.a. tekstiiliv\u00e4rskendajad) - UFI<\/title>\n<meta name=\"description\" content=\"Tagada puhastusvahendite (v.a tekstiiliv\u00e4rskendajad) PCN- ja UFI-konformsus. Me tegeleme teie eest m\u00fcrgistuskeskuste teatiste ja unikaalsete koostisainete identifikaatoritega.\" \/>\n<meta name=\"robots\" content=\"index, follow, max-snippet:-1, max-image-preview:large, max-video-preview:-1\" \/>\n<link rel=\"canonical\" href=\"https:\/\/www.ufi.eu\/et\/product\/pcn-ja-ufi-puhastusvahendite-puhul-v-a-tekstiilivarskendajad\/\" \/>\n<meta property=\"og:locale\" content=\"et_EE\" \/>\n<meta property=\"og:type\" content=\"article\" \/>\n<meta property=\"og:title\" content=\"PCN ja UFI puhastusvahendite puhul (v.a. tekstiiliv\u00e4rskendajad)\" \/>\n<meta property=\"og:description\" content=\"Tagada puhastusvahendite (v.a tekstiiliv\u00e4rskendajad) PCN- ja UFI-konformsus. Me tegeleme teie eest m\u00fcrgistuskeskuste teatiste ja unikaalsete koostisainete identifikaatoritega.\" \/>\n<meta property=\"og:url\" content=\"https:\/\/www.ufi.eu\/et\/product\/pcn-ja-ufi-puhastusvahendite-puhul-v-a-tekstiilivarskendajad\/\" \/>\n<meta property=\"og:site_name\" content=\"UFI\" \/>\n<meta property=\"og:image\" content=\"https:\/\/www.ufi.eu\/wp-content\/uploads\/2025\/03\/PC-CLN-14_2.jpg\" \/>\n\t<meta property=\"og:image:width\" content=\"1024\" \/>\n\t<meta property=\"og:image:height\" content=\"1024\" \/>\n\t<meta property=\"og:image:type\" content=\"image\/jpeg\" \/>\n<meta name=\"twitter:card\" content=\"summary_large_image\" \/>\n<meta name=\"twitter:label1\" content=\"Price\" \/>\n\t<meta name=\"twitter:data1\" content=\"&euro;0.00\" \/>\n\t<meta name=\"twitter:label2\" content=\"Availability\" \/>\n\t<meta name=\"twitter:data2\" content=\"In stock\" \/>\n<script type=\"application\/ld+json\" class=\"yoast-schema-graph\">{\"@context\":\"https:\/\/schema.org\",\"@graph\":[{\"@type\":\"WebPage\",\"@id\":\"https:\/\/www.ufi.eu\/et\/product\/pcn-ja-ufi-puhastusvahendite-puhul-v-a-tekstiilivarskendajad\/\",\"url\":\"https:\/\/www.ufi.eu\/et\/product\/pcn-ja-ufi-puhastusvahendite-puhul-v-a-tekstiilivarskendajad\/\",\"name\":\"PCN ja UFI puhastusvahendite puhul (v.a. tekstiiliv\u00e4rskendajad) - UFI\",\"isPartOf\":{\"@id\":\"https:\/\/www.ufi.eu\/et\/#website\"},\"primaryImageOfPage\":{\"@id\":\"https:\/\/www.ufi.eu\/et\/product\/pcn-ja-ufi-puhastusvahendite-puhul-v-a-tekstiilivarskendajad\/#primaryimage\"},\"image\":{\"@id\":\"https:\/\/www.ufi.eu\/et\/product\/pcn-ja-ufi-puhastusvahendite-puhul-v-a-tekstiilivarskendajad\/#primaryimage\"},\"thumbnailUrl\":\"https:\/\/www.ufi.eu\/wp-content\/uploads\/2025\/03\/PC-CLN-14_2.jpg\",\"datePublished\":\"2025-04-16T21:38:53+00:00\",\"description\":\"Tagada puhastusvahendite (v.a tekstiiliv\u00e4rskendajad) PCN- ja UFI-konformsus. Me tegeleme teie eest m\u00fcrgistuskeskuste teatiste ja unikaalsete koostisainete identifikaatoritega.\",\"breadcrumb\":{\"@id\":\"https:\/\/www.ufi.eu\/et\/product\/pcn-ja-ufi-puhastusvahendite-puhul-v-a-tekstiilivarskendajad\/#breadcrumb\"},\"inLanguage\":\"et\",\"potentialAction\":[{\"@type\":\"ReadAction\",\"target\":[\"https:\/\/www.ufi.eu\/et\/product\/pcn-ja-ufi-puhastusvahendite-puhul-v-a-tekstiilivarskendajad\/\"]}]},{\"@type\":\"ImageObject\",\"inLanguage\":\"et\",\"@id\":\"https:\/\/www.ufi.eu\/et\/product\/pcn-ja-ufi-puhastusvahendite-puhul-v-a-tekstiilivarskendajad\/#primaryimage\",\"url\":\"https:\/\/www.ufi.eu\/wp-content\/uploads\/2025\/03\/PC-CLN-14_2.jpg\",\"contentUrl\":\"https:\/\/www.ufi.eu\/wp-content\/uploads\/2025\/03\/PC-CLN-14_2.jpg\",\"width\":1024,\"height\":1024},{\"@type\":\"BreadcrumbList\",\"@id\":\"https:\/\/www.ufi.eu\/et\/product\/pcn-ja-ufi-puhastusvahendite-puhul-v-a-tekstiilivarskendajad\/#breadcrumb\",\"itemListElement\":[{\"@type\":\"ListItem\",\"position\":1,\"name\":\"Home\",\"item\":\"https:\/\/www.ufi.eu\/et\/kodu\/\"},{\"@type\":\"ListItem\",\"position\":2,\"name\":\"Kauplus\",\"item\":\"https:\/\/www.ufi.eu\/et\/kauplus\/\"},{\"@type\":\"ListItem\",\"position\":3,\"name\":\"PCN ja UFI puhastusvahendite puhul (v.a. tekstiiliv\u00e4rskendajad)\"}]},{\"@type\":\"WebSite\",\"@id\":\"https:\/\/www.ufi.eu\/et\/#website\",\"url\":\"https:\/\/www.ufi.eu\/et\/\",\"name\":\"UFI.EU\",\"description\":\"Poison Centre Notifications (PCN) and UFI\",\"publisher\":{\"@id\":\"https:\/\/www.ufi.eu\/et\/#organization\"},\"potentialAction\":[{\"@type\":\"SearchAction\",\"target\":{\"@type\":\"EntryPoint\",\"urlTemplate\":\"https:\/\/www.ufi.eu\/et\/?s={search_term_string}\"},\"query-input\":{\"@type\":\"PropertyValueSpecification\",\"valueRequired\":true,\"valueName\":\"search_term_string\"}}],\"inLanguage\":\"et\"},{\"@type\":\"Organization\",\"@id\":\"https:\/\/www.ufi.eu\/et\/#organization\",\"name\":\"UFI.EU\",\"url\":\"https:\/\/www.ufi.eu\/et\/\",\"logo\":{\"@type\":\"ImageObject\",\"inLanguage\":\"et\",\"@id\":\"https:\/\/www.ufi.eu\/et\/#\/schema\/logo\/image\/\",\"url\":\"https:\/\/www.ufi.eu\/wp-content\/uploads\/2025\/03\/cropped-logo_ufi3.jpg\",\"contentUrl\":\"https:\/\/www.ufi.eu\/wp-content\/uploads\/2025\/03\/cropped-logo_ufi3.jpg\",\"width\":231,\"height\":78,\"caption\":\"UFI.EU\"},\"image\":{\"@id\":\"https:\/\/www.ufi.eu\/et\/#\/schema\/logo\/image\/\"},\"description\":\"UFI.eu specializes in digital registrations for Poison Centre Notifications (PCN), ensuring your chemical products meet EU regulatory requirements effortlessly. Our streamlined solutions help businesses stay compliant while reducing complexity and administrative burden.\",\"email\":\"info@ufi.eu\",\"legalName\":\"UFI.EU\"}]}<\/script>\n<meta property=\"product:price:amount\" content=\"0.00\" \/>\n<meta property=\"product:price:currency\" content=\"EUR\" \/>\n<meta property=\"og:availability\" content=\"instock\" \/>\n<meta property=\"product:availability\" content=\"instock\" \/>\n<meta property=\"product:retailer_item_id\" content=\"PC-CLN-14_2\" \/>\n<meta property=\"product:condition\" content=\"new\" \/>\n<!-- \/ Yoast SEO Premium plugin. -->","yoast_head_json":{"title":"PCN ja UFI puhastusvahendite puhul (v.a. tekstiiliv\u00e4rskendajad) - UFI","description":"Tagada puhastusvahendite (v.a tekstiiliv\u00e4rskendajad) PCN- ja UFI-konformsus. Me tegeleme teie eest m\u00fcrgistuskeskuste teatiste ja unikaalsete koostisainete identifikaatoritega.","robots":{"index":"index","follow":"follow","max-snippet":"max-snippet:-1","max-image-preview":"max-image-preview:large","max-video-preview":"max-video-preview:-1"},"canonical":"https:\/\/www.ufi.eu\/et\/product\/pcn-ja-ufi-puhastusvahendite-puhul-v-a-tekstiilivarskendajad\/","og_locale":"et_EE","og_type":"article","og_title":"PCN ja UFI puhastusvahendite puhul (v.a. tekstiiliv\u00e4rskendajad)","og_description":"Tagada puhastusvahendite (v.a tekstiiliv\u00e4rskendajad) PCN- ja UFI-konformsus. Me tegeleme teie eest m\u00fcrgistuskeskuste teatiste ja unikaalsete koostisainete identifikaatoritega.","og_url":"https:\/\/www.ufi.eu\/et\/product\/pcn-ja-ufi-puhastusvahendite-puhul-v-a-tekstiilivarskendajad\/","og_site_name":"UFI","og_image":[{"width":1024,"height":1024,"url":"https:\/\/www.ufi.eu\/wp-content\/uploads\/2025\/03\/PC-CLN-14_2.jpg","type":"image\/jpeg"}],"twitter_card":"summary_large_image","twitter_misc":{"Price":"&euro;0.00","Availability":"In stock"},"schema":{"@context":"https:\/\/schema.org","@graph":[{"@type":"WebPage","@id":"https:\/\/www.ufi.eu\/et\/product\/pcn-ja-ufi-puhastusvahendite-puhul-v-a-tekstiilivarskendajad\/","url":"https:\/\/www.ufi.eu\/et\/product\/pcn-ja-ufi-puhastusvahendite-puhul-v-a-tekstiilivarskendajad\/","name":"PCN ja UFI puhastusvahendite puhul (v.a. tekstiiliv\u00e4rskendajad) - UFI","isPartOf":{"@id":"https:\/\/www.ufi.eu\/et\/#website"},"primaryImageOfPage":{"@id":"https:\/\/www.ufi.eu\/et\/product\/pcn-ja-ufi-puhastusvahendite-puhul-v-a-tekstiilivarskendajad\/#primaryimage"},"image":{"@id":"https:\/\/www.ufi.eu\/et\/product\/pcn-ja-ufi-puhastusvahendite-puhul-v-a-tekstiilivarskendajad\/#primaryimage"},"thumbnailUrl":"https:\/\/www.ufi.eu\/wp-content\/uploads\/2025\/03\/PC-CLN-14_2.jpg","datePublished":"2025-04-16T21:38:53+00:00","description":"Tagada puhastusvahendite (v.a tekstiiliv\u00e4rskendajad) PCN- ja UFI-konformsus. Me tegeleme teie eest m\u00fcrgistuskeskuste teatiste ja unikaalsete koostisainete identifikaatoritega.","breadcrumb":{"@id":"https:\/\/www.ufi.eu\/et\/product\/pcn-ja-ufi-puhastusvahendite-puhul-v-a-tekstiilivarskendajad\/#breadcrumb"},"inLanguage":"et","potentialAction":[{"@type":"ReadAction","target":["https:\/\/www.ufi.eu\/et\/product\/pcn-ja-ufi-puhastusvahendite-puhul-v-a-tekstiilivarskendajad\/"]}]},{"@type":"ImageObject","inLanguage":"et","@id":"https:\/\/www.ufi.eu\/et\/product\/pcn-ja-ufi-puhastusvahendite-puhul-v-a-tekstiilivarskendajad\/#primaryimage","url":"https:\/\/www.ufi.eu\/wp-content\/uploads\/2025\/03\/PC-CLN-14_2.jpg","contentUrl":"https:\/\/www.ufi.eu\/wp-content\/uploads\/2025\/03\/PC-CLN-14_2.jpg","width":1024,"height":1024},{"@type":"BreadcrumbList","@id":"https:\/\/www.ufi.eu\/et\/product\/pcn-ja-ufi-puhastusvahendite-puhul-v-a-tekstiilivarskendajad\/#breadcrumb","itemListElement":[{"@type":"ListItem","position":1,"name":"Home","item":"https:\/\/www.ufi.eu\/et\/kodu\/"},{"@type":"ListItem","position":2,"name":"Kauplus","item":"https:\/\/www.ufi.eu\/et\/kauplus\/"},{"@type":"ListItem","position":3,"name":"PCN ja UFI puhastusvahendite puhul (v.a. tekstiiliv\u00e4rskendajad)"}]},{"@type":"WebSite","@id":"https:\/\/www.ufi.eu\/et\/#website","url":"https:\/\/www.ufi.eu\/et\/","name":"UFI.EU","description":"Poison Centre Notifications (PCN) and UFI","publisher":{"@id":"https:\/\/www.ufi.eu\/et\/#organization"},"potentialAction":[{"@type":"SearchAction","target":{"@type":"EntryPoint","urlTemplate":"https:\/\/www.ufi.eu\/et\/?s={search_term_string}"},"query-input":{"@type":"PropertyValueSpecification","valueRequired":true,"valueName":"search_term_string"}}],"inLanguage":"et"},{"@type":"Organization","@id":"https:\/\/www.ufi.eu\/et\/#organization","name":"UFI.EU","url":"https:\/\/www.ufi.eu\/et\/","logo":{"@type":"ImageObject","inLanguage":"et","@id":"https:\/\/www.ufi.eu\/et\/#\/schema\/logo\/image\/","url":"https:\/\/www.ufi.eu\/wp-content\/uploads\/2025\/03\/cropped-logo_ufi3.jpg","contentUrl":"https:\/\/www.ufi.eu\/wp-content\/uploads\/2025\/03\/cropped-logo_ufi3.jpg","width":231,"height":78,"caption":"UFI.EU"},"image":{"@id":"https:\/\/www.ufi.eu\/et\/#\/schema\/logo\/image\/"},"description":"UFI.eu specializes in digital registrations for Poison Centre Notifications (PCN), ensuring your chemical products meet EU regulatory requirements effortlessly. Our streamlined solutions help businesses stay compliant while reducing complexity and administrative burden.","email":"info@ufi.eu","legalName":"UFI.EU"}]},"product_price_amount":"0.00","product_price_currency":"EUR","og_availability":"instock","product_availability":"instock","product_retailer_item_id":"PC-CLN-14_2","product_condition":"new"},"_links":{"self":[{"href":"https:\/\/www.ufi.eu\/et\/wp-json\/wp\/v2\/product\/16517","targetHints":{"allow":["GET"]}}],"collection":[{"href":"https:\/\/www.ufi.eu\/et\/wp-json\/wp\/v2\/product"}],"about":[{"href":"https:\/\/www.ufi.eu\/et\/wp-json\/wp\/v2\/types\/product"}],"wp:featuredmedia":[{"embeddable":true,"href":"https:\/\/www.ufi.eu\/et\/wp-json\/wp\/v2\/media\/16518"}],"wp:attachment":[{"href":"https:\/\/www.ufi.eu\/et\/wp-json\/wp\/v2\/media?parent=16517"}],"wp:term":[{"taxonomy":"product_brand","embeddable":true,"href":"https:\/\/www.ufi.eu\/et\/wp-json\/wp\/v2\/product_brand?post=16517"},{"taxonomy":"product_cat","embeddable":true,"href":"https:\/\/www.ufi.eu\/et\/wp-json\/wp\/v2\/product_cat?post=16517"},{"taxonomy":"product_tag","embeddable":true,"href":"https:\/\/www.ufi.eu\/et\/wp-json\/wp\/v2\/product_tag?post=16517"}],"curies":[{"name":"wp","href":"https:\/\/api.w.org\/{rel}","templated":true}]}}