{"id":14520,"date":"2025-03-20T08:29:59","date_gmt":"2025-04-16T08:42:55","guid":{"rendered":"https:\/\/www.ufi.eu\/pcn\/maaratlemata\/pcn-ufi-laste-sormevarvide-jaoks\/"},"modified":"2025-04-16T08:42:55","modified_gmt":"2025-04-16T08:42:55","slug":"pcn-ufi-laste-sormevarvide-jaoks","status":"publish","type":"product","link":"https:\/\/www.ufi.eu\/et\/product\/pcn-ufi-laste-sormevarvide-jaoks\/","title":{"rendered":"PCN &amp; UFI laste s\u00f5rmev\u00e4rvide jaoks"},"content":{"rendered":"<h2>Kuidas toimib UFI loomise ja PCNi teavitamise teenus?<\/h2>\n<p>P\u00e4rast selle teenuse ostmist saate juurdep\u00e4\u00e4su turvalisele portaalile. See portaal sisaldab \u00fclevaadet k\u00f5igist sammudest.  T\u00e4itke oma toote andmed ja me asume t\u00f6\u00f6le.<\/p>\n<h3>M\u00fcrgistuskeskuse teavitamine ja UFI<\/h3>\n<p>Me pakume:<\/p>\n<ul>\n<li>Teie toote unikaalne valemitunnus (Unique Formula Identifier &#8211; UFI)<\/li>\n<li>M\u00fcrgistuskeskuse teatis (PCN).<\/li>\n<li>Teie toote registreerimine asjaomastes riiklikes m\u00fcrgistuskeskustes ECHA kaudu.<\/li>\n<\/ul>\n<h3>PCNi registreerimise riigid<\/h3>\n<p>Saate loendada riikide arvu, kus soovite oma toodet registreerida. See on riikide arv, mida peate ostma.  Saate valida konkreetseid riike portaalis. Kui te kavatsete hiljem laiendada oma toodete m\u00fc\u00fcki uutesse riikidesse, saate alati tellida t\u00e4iendavaid <a href=\"https:\/\/www.ufi.eu\/et\/pcn\/riigid\/pcni-registreerimise-riigid\/\" target=\"_blank\" title=\"PCN riigiregistreeringud\">PCN-riigiregistreeringuid<\/a>.<br \/>ELis on 27 riiki ja EMPs 30 riiki (EL+Lichtenstein, Norra ja Island) Portaalis saate valida need riigid: <\/p>\n<table cellpadding=\"2\" cellspacing=\"0\" border=\"1\">\n<tbody>\n<tr>\n<td>Belgia<\/td>\n<td>(BE)<\/td>\n<td>Hispaania<\/td>\n<td>(ES)<\/td>\n<td>Ungari<\/td>\n<td>(HU)<\/td>\n<td>Slovakkia<\/td>\n<td>(SK)<\/td>\n<\/tr>\n<tr>\n<td>Bulgaaria<\/td>\n<td>(BG)<\/td>\n<td>Prantsusmaa<\/td>\n<td>(FR)<\/td>\n<td>Malta<\/td>\n<td>(MT)<\/td>\n<td>Soome<\/td>\n<td>(FI)<\/td>\n<\/tr>\n<tr>\n<td>T\u0161ehhi<\/td>\n<td>(CZ)<\/td>\n<td>Horvaatia<\/td>\n<td>(HR)<\/td>\n<td>Madalmaad<\/td>\n<td>(NL)<\/td>\n<td>Rootsi<\/td>\n<td>(SE)<\/td>\n<\/tr>\n<tr>\n<td>Taani<\/td>\n<td>(DK)<\/td>\n<td>Itaalia<\/td>\n<td>(IT)<\/td>\n<td>Austria<\/td>\n<td>(AT)<\/td>\n<td>Saksamaa<\/td>\n<td>(DE)<\/td>\n<\/tr>\n<tr>\n<td>K\u00fcpros<\/td>\n<td>(CY)<\/td>\n<td>Poola<\/td>\n<td>(PL)<\/td>\n<td>Island<\/td>\n<td>(IS)<\/td>\n<td>Eesti<\/td>\n<td>(EE)<\/td>\n<\/tr>\n<tr>\n<td>L\u00e4ti<\/td>\n<td>(LV)<\/td>\n<td>Portugal<\/td>\n<td>(PT)<\/td>\n<td>Liechtenstein<\/td>\n<td>(LI)<\/td>\n<td>Iirimaa<\/td>\n<td>(IE)<\/td>\n<\/tr>\n<tr>\n<td>Leedu<\/td>\n<td>(LT)<\/td>\n<td>Rumeenia<\/td>\n<td>(RO)<\/td>\n<td>Norra<\/td>\n<td>(EI)<\/td>\n<td>Kreeka<\/td>\n<td>(EL)<\/td>\n<\/tr>\n<tr>\n<td>Luksemburg<\/td>\n<td>(LU)<\/td>\n<td>Sloveenia<\/td>\n<td>(SI)<\/td>\n<td>\u0160veits*<\/td>\n<td>(CH)<\/td>\n<td><\/td>\n<td><\/td>\n<\/tr>\n<\/tbody>\n<\/table>\n<p>*Sveitsi jaoks saame luua PCN-dokumendi koos kogu vajaliku teabega, et esitada taotlus \u0160veitsi portaalis. Lisateabe saamiseks v\u00f5tke meiega \u00fchendust. <\/p>\n<h3>CLP-m\u00e4rgistuse teave<\/h3>\n<p>Pakume v\u00f5imalust osta CLP-m\u00e4\u00e4rusele vastav tootem\u00e4rgis, mis sisaldab kogu kohustuslikku teavet, nagu on n\u00f5utud ELi CLP-m\u00e4\u00e4ruses. See esitatakse PDF-vormingus.  See ei ole kavand, vaid n\u00f5utava teabe kokkuv\u00f5te. See v\u00f5imaldab teil integreerida vajaliku teabe oma toote etiketi kujundusse. Te v\u00f5ite tellida <a href=\"https:\/\/www.ufi.eu\/et\/pcn\/clp-margis\/clp-margise-loomine-ja-vastavuskontroll\/\" target=\"_blank\" title=\"CLP m\u00e4rgistusCreation\">CLP-m\u00e4rgise koostamise<\/a> ka eraldi. Kas teil on juba etikett olemas? &#8211; V\u00f5ime teha teie etiketile <a href=\"https:\/\/www.ufi.eu\/et\/pcn\/clp-margis\/clp-margise-loomine-ja-vastavuskontroll\/\" target=\"_blank\" title=\"CLP-m\u00e4rgistuse vastavuse kontroll\">CLP-m\u00e4rgistuse vastavuse kontrolli<\/a> vastavalt kehtivatele CLP- n\u00f5uetele. Anname \u00fcksikasjalikku tagasisidet ja teeme parandusi, et tagada teie etiketi vastavus k\u00f5ikidele regulatiivsetele standarditele.     <\/p>\n<h2>S\u00f5rmev\u00e4rvide registreerimine m\u00fcrgistuskeskuses<\/h2>\n<p>S\u00f5rmev\u00e4rvid on spetsiaalselt m\u00f5eldud lastele m\u00e4ngimiseks, tavaliselt kantakse neid otse s\u00f5rmedega. Kuigi need v\u00e4rvid on m\u00f5eldud loominguliseks tegevuseks, v\u00f5ivad need siiski sisaldada keemilisi koostisosi, mis v\u00f5ivad vale k\u00e4sitsemise v\u00f5i allaneelamise korral kujutada endast v\u00f5imalikku ohtu. Seet\u00f5ttu on seadusega ette n\u00e4htud, et nende toodete puhul tuleb teavitada m\u00fcrgistuskeskust (PCN), et tagada, et vajalik ohutusalane teave oleks h\u00e4daabit\u00f6\u00f6tajatele ja tervishoiut\u00f6\u00f6tajatele juhusliku kokkupuute v\u00f5i allaneelamise korral h\u00f5lpsasti k\u00e4ttesaadav. See aitab v\u00e4ltida ohtu laste tervisele ja ohutusele.   <\/p>\n<h3>Mis on UFI?<\/h3>\n<p>UFI (Unique Formula Identifier) on unikaalne t\u00e4htnumbriline kood, mis on m\u00e4\u00e4ratud keemilistele toodetele, n\u00e4iteks s\u00f5rmev\u00e4rvidele. See tunnus v\u00f5imaldab h\u00e4daabit\u00f6\u00f6tajatel kiiresti ja t\u00e4pselt tuvastada toote konkreetset koostist, mis on oluline kokkupuutejuhtumitele reageerimisel. UFI lisamine toote m\u00e4rgistusele ja registreerimine m\u00fcrgistuskeskuses v\u00f5imaldab s\u00f5rmev\u00e4rve h\u00e4daolukorras kiiresti tuvastada, parandades laste ja hooldajate ohutust.  <\/p>\n<h3>Mis on PCN?<\/h3>\n<p>M\u00fcrgistusteatis (PCN) on kohustuslik aruanne, mis esitatakse m\u00fcrgistuskeskusele ja mis sisaldab olulist teavet toote keemilise koostise, v\u00f5imalike ohtude ja asjakohaste esmaabimeetmete kohta. S\u00f5rmev\u00e4rvide puhul aitab PCN tagada, et h\u00e4daabit\u00f6\u00f6tajad saaksid toote kohta olulisi andmeid juhusliku allaneelamise v\u00f5i nahakontakti korral. PCN on oluline vahend t\u00f5husa h\u00e4daabi osutamisel ja tooteohutuse juhtimisel \u00f5nnetusjuhtumi korral.  <\/p>\n<h3>Mis on CLP?<\/h3>\n<p>CLP (klassifitseerimine, m\u00e4rgistamine ja pakendamine) on Euroopa m\u00e4\u00e4rus, mis n\u00f5uab, et keemiatooted, sealhulgas s\u00f5rmev\u00e4rvid, oleksid selgelt klassifitseeritud, m\u00e4rgistatud ja pakendatud vastavalt nende v\u00f5imalikele ohtudele. CLP-m\u00e4rgistus sisaldab ohus\u00fcmboleid, ettevaatusabin\u00f5usid ja ohutusjuhiseid. See tagab, et k\u00f5ik, kes v\u00e4rvi k\u00e4sitsevad v\u00f5i kasutavad, sealhulgas lapsed ja hooldajad, on teadlikud v\u00f5imalikest ohtudest ja teavad, kuidas toodet ohutult kasutada.  <\/p>\n<h3>Mis on m\u00fcrgistuskeskus?<\/h3>\n<p>M\u00fcrgistuskeskus on organisatsioon, mis vastutab ohtlikke aineid k\u00e4sitleva ohutusteabe haldamise eest. See toetab rahvatervist ja -ohutust, s\u00e4ilitades kemikaalide andmebaasi ja tehes nende teabe k\u00e4ttesaadavaks meditsiinit\u00f6\u00f6tajatele ja h\u00e4daabit\u00f6\u00f6tajatele kogu ELis. Registreerides s\u00f5rmev\u00e4rvid M\u00fcrgistuskeskuses, aitavad tootjad tagada, et asjakohased andmed on k\u00e4ttesaadavad v\u00f5imalike m\u00fcrgistus- v\u00f5i kokkupuutejuhtumite korral, eriti kui tegemist on lastega.  <\/p>\n<h3>Miks on seda vaja?<\/h3>\n<p>S\u00f5rmev\u00e4rvide kohta m\u00fcrgistuskeskuse teatise esitamine tagab, et h\u00e4daabiteenistujad ja tervishoiut\u00f6\u00f6tajad saavad juhusliku kokkupuute v\u00f5i allaneelamise korral kiiresti juurdep\u00e4\u00e4su olulistele ohutusandmetele. Arvestades v\u00e4rvide allaneelamise v\u00f5i v\u00e4\u00e4rk\u00e4itumisega seotud v\u00f5imalikke riske, eriti laste jaoks, tagab see \u00f5iguslik n\u00f5ue, et asjakohased ohutusmeetmed ja esmaabimeetmed on k\u00e4ttesaadavad. PCN aitab kaitsta rahvatervist ning toetab tootjate ja turustajate \u00f5igusnormide t\u00e4itmist.  <\/p>\n<h3>Alates millal on see seadusega kohustuslik?<\/h3>\n<p>Alates 1. jaanuarist 2021 on ohtlike keemiatoodete, sealhulgas s\u00f5rmev\u00e4rvide tootjad ja importijad kohustatud esitama ELile m\u00fcrgistusteatise. See m\u00e4\u00e4rus on osa Euroopa Liidu j\u00e4tkuvatest j\u00f5upingutustest suurendada kemikaaliohutust, tagades, et k\u00f5ik ohtlikud tooted on n\u00f5uetekohaselt registreeritud ja et vajalik ohutusalane teave on h\u00e4daolukordades k\u00e4ttesaadav. <\/p>\n<h2>KKK<\/h2>\n<h3>K\u00fcsimus: Kas s\u00f5rmev\u00e4rvid tuleb registreerida M\u00fcrgistuskeskuses?<\/h3>\n<p>Vastus: Jah, kui s\u00f5rmev\u00e4rv sisaldab ohtlikke kemikaale, tuleb see registreerida m\u00fcrgistuskeskuses. See aitab tagada, et h\u00e4daabit\u00f6\u00f6tajatel on juhusliku kokkupuute v\u00f5i allaneelamise korral kohene juurdep\u00e4\u00e4s kriitilisele ohutusalasele teabele. <\/p>\n<h3>K\u00fcsimus: Mis on UFI eesm\u00e4rk s\u00f5rmev\u00e4rvide puhul?<\/h3>\n<p>Vastus: UFI (Unique Formula Identifier) aitab h\u00e4daabit\u00f6\u00f6tajatel kiiresti tuvastada s\u00f5rmev\u00e4rvi spetsiifilist keemilist koostist. See on oluline t\u00e4pse ja \u00f5igeaegse arstiabi osutamiseks kokkupuute v\u00f5i allaneelamise korral. <\/p>\n<h3>K\u00fcsimus: Miks on s\u00f5rmev\u00e4rvide puhul vajalik PCN?<\/h3>\n<p>Vastus: M\u00fcrgistuskeskuse teatis (PCN) sisaldab olulisi ohutusandmeid, sealhulgas v\u00e4rvi keemilist koostist, ohte ja esmaabi juhiseid. See tagab, et h\u00e4daabit\u00f6\u00f6tajad saavad tootega seotud \u00f5nnetuse korral t\u00f5husalt ja ohutult tegutseda. <\/p>\n<h3>K\u00fcsimus: Kuidas kohaldatakse CLP-d s\u00f5rmev\u00e4rvide suhtes?<\/h3>\n<p>Vastus: CLP-m\u00e4\u00e4rus tagab, et s\u00f5rmev\u00e4rvid on n\u00f5uetekohaselt klassifitseeritud, m\u00e4rgistatud ja pakendatud ohus\u00fcmbolite ja ohutusjuhistega. See aitab kasutajatel m\u00f5ista riske ja k\u00e4idelda v\u00e4rve ohutult, v\u00e4hendades \u00f5nnetuste v\u00f5imalust. <\/p>\n<h3>K\u00fcsimus: Millal muutus s\u00f5rmev\u00e4rvide kohta PCNi esitamine kohustuslikuks?<\/h3>\n<p>Vastus: Alates 1. jaanuarist 2021 on ohtlike toodete, sealhulgas s\u00f5rmev\u00e4rvide tootjate ja importijate jaoks seaduslik n\u00f5ue esitada ELile m\u00fcrgistusteatis (Poison Centre Notification, PCN). Selle m\u00e4\u00e4ruse eesm\u00e4rk on parandada kemikaaliohutust ja kaitsta rahva tervist. <\/p>\n<h3>K\u00fcsimus: Kui kaua v\u00f5tab UFI ja PCN-teatise esitamine aega?<\/h3>\n<p>See v\u00f5tab meil paar p\u00e4eva t\u00f6\u00f6d. Niipea, kui olete dokumendid \u00fcles laadinud, alustame kohe. <\/p>\n<h3>K\u00fcsimus: Kas ma olen PCN-teatise omanik?<\/h3>\n<p>Jah, te olete PCN-teatise omanik. Teie esitatud andmed j\u00e4\u00e4vad t\u00e4ielikult teie omandisse.  PCN-teatis on k\u00e4ttesaadav teie ECHA kontol.<\/p>\n<h3>K\u00fcsimus: Kas see teenus on \u00fche v\u00f5i mitme toote jaoks?<\/h3>\n<p>Teenus kehtib \u00fche toote kohta.<\/p>\n<h3>K\u00fcsimus: Miks pean ma UFI loomise eest maksma?<\/h3>\n<p>Meie pakutav teenus ei seisne ainult UFI pakkumises. UFI on osa palju ulatuslikumast protsessist.  P\u00f5hiteenus, mida me pakume, on teie m\u00fcrgistusteatise (PCN) koostamine ja esitamine riiklikele m\u00e4\u00e4ratud asutustele ECHA portaali kaudu, mis on ELi CLP-m\u00e4\u00e4ruse kohaselt kohustuslik n\u00f5ue ohtlike segude turuleviimiseks. UFI koostamine on lihtsaim osa. PCN-aruanne on aga keeruline. See n\u00f5uab \u00fcksikasjalikku koostisainete \u00fclevaadet &#8211; keemiliste ainete klassifikatsioonid -, mis on t\u00e4pselt vormistatud ECHA kaudu m\u00fcrgistuskeskusele esitamiseks.   <\/p>\n<h3>K\u00fcsimus: Kuidas saan ma esitada PCNi?<\/h3>\n<p>Pakume lahendust ettev\u00f5tetele, mis ei asu ELis. Lisateavet leiate <a href=\"https:\/\/www.ufi.eu\/et\/pcn\/valjaspool-eli\/pcn-ja-ufi-eli-valiste-ettevotete-jaoks\/\" target=\"_blank\" rel=\"noopener\">ELi-v\u00e4liste ettev\u00f5tete PCN &amp; UFI<\/a> lehek\u00fcljelt. <\/p>\n<h3>K\u00fcsimus: Kas te saate esitada ohutuskaardid, mis vastavad t\u00e4ielikult ELi m\u00e4\u00e4rusele (REACH ja CLP)?<\/h3>\n<p>Jah, me saame <a href=\"https:\/\/www.ufi.eu\/et\/pcn\/ohutuskaart\/ohutuskaardi-msds-sds-loomise-teenus\/\" target=\"_blank\"><strong>koostada ohutuskaarte (SDS)<\/strong><\/a>&#8211; mis on tuntud ka kui <strong>materjali ohutuskaardid (MSDS)<\/strong>, mis on kohandatud teie tootele ja vastavad uusimatele ELi eeskirjadele. Olenemata sellest, kas te toodate keemilisi segusid, impordite tooteid ELi v\u00f5i turustate neid eram\u00e4rgistuse all, on n\u00f5uetele vastav SDS seadusega n\u00f5utav ja ohutu kasutamise jaoks kogu tarneahelas h\u00e4davajalik. Lisateavet leiate <a href=\"https:\/\/www.ufi.eu\/et\/pcn\/ohutuskaart\/ohutuskaardi-msds-sds-loomise-teenus\/\" target=\"_blank\">ohutuskaardi (MSDS\/SDS) koostamise teenuse<\/a> lehek\u00fcljelt.  <\/p>\n","protected":false},"excerpt":{"rendered":"<p>Kuidas toimib UFI loomise ja PCNi teavitamise teenus? P\u00e4rast selle teenuse ostmist saate juurdep\u00e4\u00e4su turvalisele portaalile. See portaal sisaldab \u00fclevaadet k\u00f5igist sammudest. T\u00e4itke oma toote andmed ja me asume t\u00f6\u00f6le. M\u00fcrgistuskeskuse teavitamine ja UFI Me pakume: Teie toote unikaalne valemitunnus (Unique Formula Identifier &#8211; UFI) M\u00fcrgistuskeskuse teatis (PCN). Teie toote registreerimine asjaomastes riiklikes m\u00fcrgistuskeskustes ECHA [&hellip;]<\/p>\n","protected":false},"featured_media":14521,"template":"","meta":[],"product_brand":[],"product_cat":[552],"product_tag":[],"class_list":{"0":"post-14520","1":"product","2":"type-product","3":"status-publish","4":"has-post-thumbnail","6":"product_cat-kunstimaterjalid","8":"first","9":"instock","10":"virtual","11":"taxable","12":"purchasable","13":"product-type-bundle"},"bundled_by":[],"bundle_stock_status":"instock","bundle_stock_quantity":"","bundle_virtual":false,"bundle_layout":"default","bundle_add_to_cart_form_location":"default","bundle_editable_in_cart":false,"bundle_sold_individually_context":"product","bundle_item_grouping":"parent","bundle_min_size":"","bundle_max_size":"","bundle_price":{"price":{"min":{"incl_tax":"121","excl_tax":"100"},"max":{"incl_tax":"","excl_tax":""}},"regular_price":{"min":{"incl_tax":"121","excl_tax":"100"},"max":{"incl_tax":"","excl_tax":""}}},"bundled_items":[{"bundled_item_id":3168,"product_id":12513,"menu_order":0,"quantity_min":1,"quantity_max":1,"quantity_default":1,"priced_individually":true,"shipped_individually":false,"override_title":false,"title":null,"override_description":false,"description":null,"optional":false,"hide_thumbnail":false,"discount":"","override_variations":false,"allowed_variations":[""],"override_default_variation_attributes":false,"default_variation_attributes":[],"single_product_visibility":"visible","cart_visibility":"visible","order_visibility":"visible","single_product_price_visibility":"visible","cart_price_visibility":"visible","order_price_visibility":"visible","stock_status":"in_stock"},{"bundled_item_id":3169,"product_id":12516,"menu_order":1,"quantity_min":1,"quantity_max":"","quantity_default":1,"priced_individually":true,"shipped_individually":false,"override_title":false,"title":null,"override_description":false,"description":null,"optional":false,"hide_thumbnail":false,"discount":"","override_variations":false,"allowed_variations":[""],"override_default_variation_attributes":false,"default_variation_attributes":[],"single_product_visibility":"visible","cart_visibility":"visible","order_visibility":"visible","single_product_price_visibility":"visible","cart_price_visibility":"visible","order_price_visibility":"visible","stock_status":"in_stock"}],"bundle_sell_ids":[],"yoast_head":"<!-- This site is optimized with the Yoast SEO Premium plugin v25.1 (Yoast SEO v25.1) - https:\/\/yoast.com\/wordpress\/plugins\/seo\/ -->\n<title>PCN &amp; UFI laste s\u00f5rmev\u00e4rvide jaoks - UFI<\/title>\n<meta name=\"description\" content=\"Tagada laste s\u00f5rmev\u00e4rvide PCN ja UFI vastavus. Me tegeleme teie eest m\u00fcrgistuskeskuste teatiste ja unikaalsete preparaatide identifikaatoritega.\" \/>\n<meta name=\"robots\" content=\"index, follow, max-snippet:-1, max-image-preview:large, max-video-preview:-1\" \/>\n<link rel=\"canonical\" href=\"https:\/\/www.ufi.eu\/et\/product\/pcn-ufi-laste-sormevarvide-jaoks\/\" \/>\n<meta property=\"og:locale\" content=\"et_EE\" \/>\n<meta property=\"og:type\" content=\"article\" \/>\n<meta property=\"og:title\" content=\"PCN &amp; UFI laste s\u00f5rmev\u00e4rvide jaoks\" \/>\n<meta property=\"og:description\" content=\"Tagada laste s\u00f5rmev\u00e4rvide PCN ja UFI vastavus. Me tegeleme teie eest m\u00fcrgistuskeskuste teatiste ja unikaalsete preparaatide identifikaatoritega.\" \/>\n<meta property=\"og:url\" content=\"https:\/\/www.ufi.eu\/et\/product\/pcn-ufi-laste-sormevarvide-jaoks\/\" \/>\n<meta property=\"og:site_name\" content=\"UFI\" \/>\n<meta property=\"og:image\" content=\"https:\/\/www.ufi.eu\/wp-content\/uploads\/2025\/03\/PC-ART-2.jpg\" \/>\n\t<meta property=\"og:image:width\" content=\"1024\" \/>\n\t<meta property=\"og:image:height\" content=\"1024\" \/>\n\t<meta property=\"og:image:type\" content=\"image\/jpeg\" \/>\n<meta name=\"twitter:card\" content=\"summary_large_image\" \/>\n<meta name=\"twitter:label1\" content=\"Price\" \/>\n\t<meta name=\"twitter:data1\" content=\"&euro;0.00\" \/>\n\t<meta name=\"twitter:label2\" content=\"Availability\" \/>\n\t<meta name=\"twitter:data2\" content=\"In stock\" \/>\n<script type=\"application\/ld+json\" class=\"yoast-schema-graph\">{\"@context\":\"https:\/\/schema.org\",\"@graph\":[{\"@type\":\"WebPage\",\"@id\":\"https:\/\/www.ufi.eu\/et\/product\/pcn-ufi-laste-sormevarvide-jaoks\/\",\"url\":\"https:\/\/www.ufi.eu\/et\/product\/pcn-ufi-laste-sormevarvide-jaoks\/\",\"name\":\"PCN &amp; UFI laste s\u00f5rmev\u00e4rvide jaoks - UFI\",\"isPartOf\":{\"@id\":\"https:\/\/www.ufi.eu\/et\/#website\"},\"primaryImageOfPage\":{\"@id\":\"https:\/\/www.ufi.eu\/et\/product\/pcn-ufi-laste-sormevarvide-jaoks\/#primaryimage\"},\"image\":{\"@id\":\"https:\/\/www.ufi.eu\/et\/product\/pcn-ufi-laste-sormevarvide-jaoks\/#primaryimage\"},\"thumbnailUrl\":\"https:\/\/www.ufi.eu\/wp-content\/uploads\/2025\/03\/PC-ART-2.jpg\",\"datePublished\":\"2025-04-16T08:42:55+00:00\",\"description\":\"Tagada laste s\u00f5rmev\u00e4rvide PCN ja UFI vastavus. Me tegeleme teie eest m\u00fcrgistuskeskuste teatiste ja unikaalsete preparaatide identifikaatoritega.\",\"breadcrumb\":{\"@id\":\"https:\/\/www.ufi.eu\/et\/product\/pcn-ufi-laste-sormevarvide-jaoks\/#breadcrumb\"},\"inLanguage\":\"et\",\"potentialAction\":[{\"@type\":\"ReadAction\",\"target\":[\"https:\/\/www.ufi.eu\/et\/product\/pcn-ufi-laste-sormevarvide-jaoks\/\"]}]},{\"@type\":\"ImageObject\",\"inLanguage\":\"et\",\"@id\":\"https:\/\/www.ufi.eu\/et\/product\/pcn-ufi-laste-sormevarvide-jaoks\/#primaryimage\",\"url\":\"https:\/\/www.ufi.eu\/wp-content\/uploads\/2025\/03\/PC-ART-2.jpg\",\"contentUrl\":\"https:\/\/www.ufi.eu\/wp-content\/uploads\/2025\/03\/PC-ART-2.jpg\",\"width\":1024,\"height\":1024},{\"@type\":\"BreadcrumbList\",\"@id\":\"https:\/\/www.ufi.eu\/et\/product\/pcn-ufi-laste-sormevarvide-jaoks\/#breadcrumb\",\"itemListElement\":[{\"@type\":\"ListItem\",\"position\":1,\"name\":\"Home\",\"item\":\"https:\/\/www.ufi.eu\/et\/kodu\/\"},{\"@type\":\"ListItem\",\"position\":2,\"name\":\"Kauplus\",\"item\":\"https:\/\/www.ufi.eu\/et\/kauplus\/\"},{\"@type\":\"ListItem\",\"position\":3,\"name\":\"PCN &amp; UFI laste s\u00f5rmev\u00e4rvide jaoks\"}]},{\"@type\":\"WebSite\",\"@id\":\"https:\/\/www.ufi.eu\/et\/#website\",\"url\":\"https:\/\/www.ufi.eu\/et\/\",\"name\":\"UFI.EU\",\"description\":\"Poison Centre Notifications (PCN) and UFI\",\"publisher\":{\"@id\":\"https:\/\/www.ufi.eu\/et\/#organization\"},\"potentialAction\":[{\"@type\":\"SearchAction\",\"target\":{\"@type\":\"EntryPoint\",\"urlTemplate\":\"https:\/\/www.ufi.eu\/et\/?s={search_term_string}\"},\"query-input\":{\"@type\":\"PropertyValueSpecification\",\"valueRequired\":true,\"valueName\":\"search_term_string\"}}],\"inLanguage\":\"et\"},{\"@type\":\"Organization\",\"@id\":\"https:\/\/www.ufi.eu\/et\/#organization\",\"name\":\"UFI.EU\",\"url\":\"https:\/\/www.ufi.eu\/et\/\",\"logo\":{\"@type\":\"ImageObject\",\"inLanguage\":\"et\",\"@id\":\"https:\/\/www.ufi.eu\/et\/#\/schema\/logo\/image\/\",\"url\":\"https:\/\/www.ufi.eu\/wp-content\/uploads\/2025\/03\/cropped-logo_ufi3.jpg\",\"contentUrl\":\"https:\/\/www.ufi.eu\/wp-content\/uploads\/2025\/03\/cropped-logo_ufi3.jpg\",\"width\":231,\"height\":78,\"caption\":\"UFI.EU\"},\"image\":{\"@id\":\"https:\/\/www.ufi.eu\/et\/#\/schema\/logo\/image\/\"},\"description\":\"UFI.eu specializes in digital registrations for Poison Centre Notifications (PCN), ensuring your chemical products meet EU regulatory requirements effortlessly. Our streamlined solutions help businesses stay compliant while reducing complexity and administrative burden.\",\"email\":\"info@ufi.eu\",\"legalName\":\"UFI.EU\"}]}<\/script>\n<meta property=\"product:price:amount\" content=\"0.00\" \/>\n<meta property=\"product:price:currency\" content=\"EUR\" \/>\n<meta property=\"og:availability\" content=\"instock\" \/>\n<meta property=\"product:availability\" content=\"instock\" \/>\n<meta property=\"product:retailer_item_id\" content=\"PC-ART-2\" \/>\n<meta property=\"product:condition\" content=\"new\" \/>\n<!-- \/ Yoast SEO Premium plugin. -->","yoast_head_json":{"title":"PCN &amp; UFI laste s\u00f5rmev\u00e4rvide jaoks - UFI","description":"Tagada laste s\u00f5rmev\u00e4rvide PCN ja UFI vastavus. Me tegeleme teie eest m\u00fcrgistuskeskuste teatiste ja unikaalsete preparaatide identifikaatoritega.","robots":{"index":"index","follow":"follow","max-snippet":"max-snippet:-1","max-image-preview":"max-image-preview:large","max-video-preview":"max-video-preview:-1"},"canonical":"https:\/\/www.ufi.eu\/et\/product\/pcn-ufi-laste-sormevarvide-jaoks\/","og_locale":"et_EE","og_type":"article","og_title":"PCN &amp; UFI laste s\u00f5rmev\u00e4rvide jaoks","og_description":"Tagada laste s\u00f5rmev\u00e4rvide PCN ja UFI vastavus. Me tegeleme teie eest m\u00fcrgistuskeskuste teatiste ja unikaalsete preparaatide identifikaatoritega.","og_url":"https:\/\/www.ufi.eu\/et\/product\/pcn-ufi-laste-sormevarvide-jaoks\/","og_site_name":"UFI","og_image":[{"width":1024,"height":1024,"url":"https:\/\/www.ufi.eu\/wp-content\/uploads\/2025\/03\/PC-ART-2.jpg","type":"image\/jpeg"}],"twitter_card":"summary_large_image","twitter_misc":{"Price":"&euro;0.00","Availability":"In stock"},"schema":{"@context":"https:\/\/schema.org","@graph":[{"@type":"WebPage","@id":"https:\/\/www.ufi.eu\/et\/product\/pcn-ufi-laste-sormevarvide-jaoks\/","url":"https:\/\/www.ufi.eu\/et\/product\/pcn-ufi-laste-sormevarvide-jaoks\/","name":"PCN &amp; UFI laste s\u00f5rmev\u00e4rvide jaoks - UFI","isPartOf":{"@id":"https:\/\/www.ufi.eu\/et\/#website"},"primaryImageOfPage":{"@id":"https:\/\/www.ufi.eu\/et\/product\/pcn-ufi-laste-sormevarvide-jaoks\/#primaryimage"},"image":{"@id":"https:\/\/www.ufi.eu\/et\/product\/pcn-ufi-laste-sormevarvide-jaoks\/#primaryimage"},"thumbnailUrl":"https:\/\/www.ufi.eu\/wp-content\/uploads\/2025\/03\/PC-ART-2.jpg","datePublished":"2025-04-16T08:42:55+00:00","description":"Tagada laste s\u00f5rmev\u00e4rvide PCN ja UFI vastavus. Me tegeleme teie eest m\u00fcrgistuskeskuste teatiste ja unikaalsete preparaatide identifikaatoritega.","breadcrumb":{"@id":"https:\/\/www.ufi.eu\/et\/product\/pcn-ufi-laste-sormevarvide-jaoks\/#breadcrumb"},"inLanguage":"et","potentialAction":[{"@type":"ReadAction","target":["https:\/\/www.ufi.eu\/et\/product\/pcn-ufi-laste-sormevarvide-jaoks\/"]}]},{"@type":"ImageObject","inLanguage":"et","@id":"https:\/\/www.ufi.eu\/et\/product\/pcn-ufi-laste-sormevarvide-jaoks\/#primaryimage","url":"https:\/\/www.ufi.eu\/wp-content\/uploads\/2025\/03\/PC-ART-2.jpg","contentUrl":"https:\/\/www.ufi.eu\/wp-content\/uploads\/2025\/03\/PC-ART-2.jpg","width":1024,"height":1024},{"@type":"BreadcrumbList","@id":"https:\/\/www.ufi.eu\/et\/product\/pcn-ufi-laste-sormevarvide-jaoks\/#breadcrumb","itemListElement":[{"@type":"ListItem","position":1,"name":"Home","item":"https:\/\/www.ufi.eu\/et\/kodu\/"},{"@type":"ListItem","position":2,"name":"Kauplus","item":"https:\/\/www.ufi.eu\/et\/kauplus\/"},{"@type":"ListItem","position":3,"name":"PCN &amp; UFI laste s\u00f5rmev\u00e4rvide jaoks"}]},{"@type":"WebSite","@id":"https:\/\/www.ufi.eu\/et\/#website","url":"https:\/\/www.ufi.eu\/et\/","name":"UFI.EU","description":"Poison Centre Notifications (PCN) and UFI","publisher":{"@id":"https:\/\/www.ufi.eu\/et\/#organization"},"potentialAction":[{"@type":"SearchAction","target":{"@type":"EntryPoint","urlTemplate":"https:\/\/www.ufi.eu\/et\/?s={search_term_string}"},"query-input":{"@type":"PropertyValueSpecification","valueRequired":true,"valueName":"search_term_string"}}],"inLanguage":"et"},{"@type":"Organization","@id":"https:\/\/www.ufi.eu\/et\/#organization","name":"UFI.EU","url":"https:\/\/www.ufi.eu\/et\/","logo":{"@type":"ImageObject","inLanguage":"et","@id":"https:\/\/www.ufi.eu\/et\/#\/schema\/logo\/image\/","url":"https:\/\/www.ufi.eu\/wp-content\/uploads\/2025\/03\/cropped-logo_ufi3.jpg","contentUrl":"https:\/\/www.ufi.eu\/wp-content\/uploads\/2025\/03\/cropped-logo_ufi3.jpg","width":231,"height":78,"caption":"UFI.EU"},"image":{"@id":"https:\/\/www.ufi.eu\/et\/#\/schema\/logo\/image\/"},"description":"UFI.eu specializes in digital registrations for Poison Centre Notifications (PCN), ensuring your chemical products meet EU regulatory requirements effortlessly. Our streamlined solutions help businesses stay compliant while reducing complexity and administrative burden.","email":"info@ufi.eu","legalName":"UFI.EU"}]},"product_price_amount":"0.00","product_price_currency":"EUR","og_availability":"instock","product_availability":"instock","product_retailer_item_id":"PC-ART-2","product_condition":"new"},"_links":{"self":[{"href":"https:\/\/www.ufi.eu\/et\/wp-json\/wp\/v2\/product\/14520","targetHints":{"allow":["GET"]}}],"collection":[{"href":"https:\/\/www.ufi.eu\/et\/wp-json\/wp\/v2\/product"}],"about":[{"href":"https:\/\/www.ufi.eu\/et\/wp-json\/wp\/v2\/types\/product"}],"wp:featuredmedia":[{"embeddable":true,"href":"https:\/\/www.ufi.eu\/et\/wp-json\/wp\/v2\/media\/14521"}],"wp:attachment":[{"href":"https:\/\/www.ufi.eu\/et\/wp-json\/wp\/v2\/media?parent=14520"}],"wp:term":[{"taxonomy":"product_brand","embeddable":true,"href":"https:\/\/www.ufi.eu\/et\/wp-json\/wp\/v2\/product_brand?post=14520"},{"taxonomy":"product_cat","embeddable":true,"href":"https:\/\/www.ufi.eu\/et\/wp-json\/wp\/v2\/product_cat?post=14520"},{"taxonomy":"product_tag","embeddable":true,"href":"https:\/\/www.ufi.eu\/et\/wp-json\/wp\/v2\/product_tag?post=14520"}],"curies":[{"name":"wp","href":"https:\/\/api.w.org\/{rel}","templated":true}]}}