{"id":13191,"date":"2025-03-03T16:34:04","date_gmt":"2025-04-15T21:26:00","guid":{"rendered":"https:\/\/www.ufi.eu\/pcn\/maaratlemata\/pcn-ja-ufi-liimide-jaoks-kasutamiseks-kodus-koolis-ja-kontoris\/"},"modified":"2025-04-15T21:26:00","modified_gmt":"2025-04-15T21:26:00","slug":"pcn-ja-ufi-liimide-jaoks-kasutamiseks-kodus-koolis-ja-kontoris","status":"publish","type":"product","link":"https:\/\/www.ufi.eu\/et\/product\/pcn-ja-ufi-liimide-jaoks-kasutamiseks-kodus-koolis-ja-kontoris\/","title":{"rendered":"PCN ja UFI liimide jaoks &#8211; kasutamiseks kodus, koolis ja kontoris"},"content":{"rendered":"<h2>Kodumajapidamises, kontoris v\u00f5i koolis kasutatavate liimide ja hermeetikute registreerimine<\/h2>\n<p>Kodumajapidamises, kontoris v\u00f5i koolis kasutatavate liimide ja hermeetikute registreerimine on v\u00e4ga oluline, et tagada ohutus-, m\u00e4rgistamis- ja tarbijakaitse regulatiivsete standardite j\u00e4rgimine. Neid tooteid, sealhulgas k\u00e4sit\u00f6\u00f6liime, mitmeotstarbelisi liime, liimipulki, kiirliime, puiduliime, kontaktliime ja liimipritsmeid, kasutatakse laialdaselt igap\u00e4evastes keskkondades, n\u00e4iteks kodudes, koolides ja kontorites. N\u00f5uetekohane registreerimine tagab, et need tooted vastavad n\u00f5utavatele ohutusstandarditele, neil on selge m\u00e4rgistus koos ohuteabega ja juhised ohutu kasutamise kohta, et kaitsta tarbijaid v\u00f5imalike terviseriskide eest.  <\/p>\n<h3>Mis on UFI?<\/h3>\n<p>UFI (Unique Formula Identifier) on kood, mis identifitseerib toote spetsiifilist keemilist koostist. See peab olema m\u00e4rgitud toote etiketile ja on seadusega n\u00f5utav m\u00fcrgistuskeskuse teatise (PCN) osana. UFI aitab h\u00e4daabit\u00f6\u00f6tajatel kiiresti tuvastada toodet ja hinnata ohtu kemikaaliga kokkupuute- v\u00f5i m\u00fcrgistusjuhtumite korral.  <\/p>\n<h3>Mis on PCN?<\/h3>\n<p>M\u00fcrgistusteatis (PCN) on ohtlike toodete tootjatele ja turustajatele kehtestatud n\u00f5ue teavitada ELi m\u00fcrgistuskeskust oma toodete koostisest ja v\u00f5imalikest ohtudest. Liimide ja hermeetikute puhul tagab PCN, et kokkupuute v\u00f5i m\u00fcrgistuse korral on tervishoiuteenuse osutajatele ja h\u00e4daabit\u00f6\u00f6tajatele k\u00e4ttesaadavad toote keemilised koostisosad, ohuklassifikatsioonid ja ohutu kasutamise juhised. <\/p>\n<h3>Mis on CLP?<\/h3>\n<p>CLP (klassifitseerimine, m\u00e4rgistamine ja pakendamine) on ELi m\u00e4\u00e4rus, mis klassifitseerib kemikaale nende ohtlikkuse alusel ja tagab, et need on m\u00e4rgistatud asjakohaste ohutushoiatuste ja ohus\u00fcmbolitega. Liimide ja hermeetikute puhul n\u00f5uab CLP-m\u00e4\u00e4rus, et toote m\u00e4rgistus sisaldaks selget teavet v\u00f5imalike ohtude, n\u00e4iteks naha\u00e4rrituse, m\u00fcrgisuse v\u00f5i tuleohtlikkuse kohta. See aitab kasutajatel tooteid ohutult k\u00e4sitseda ja v\u00e4hendab \u00f5nnetuste ohtu.  <\/p>\n<h3>Mis on ELi m\u00fcrgistuskeskus?<\/h3>\n<p>ELi m\u00fcrgistuskeskus on keskne asutus, mis haldab ohtlike toodetega seotud andmeid kogu Euroopa Liidus. Sellel on oluline roll ohutuse tagamisel, kuna see annab h\u00e4daabit\u00f6\u00f6tajatele olulist teavet kokkupuutejuhtumite ajal. Tootjad peavad teavitama m\u00fcrgistuskeskust oma ohtlikest toodetest, tagades, et need olulised andmed on vajaduse korral k\u00e4ttesaadavad.  <\/p>\n<h3>Miks on seda vaja?<\/h3>\n<p>Kodumajapidamises, kontoris v\u00f5i koolis kasutatavate liimide ja hermeetikute registreerimine M\u00fcrgistuskeskuses tagab, et tooted on tarbijate jaoks ohutud ja vastavalt nende ohtlikkusele n\u00f5uetekohaselt klassifitseeritud. See annab h\u00e4daabit\u00f6\u00f6tajatele vajalikud andmed, et t\u00f5husalt toime tulla kokkupuutejuhtumitega. Kuna liimid ja hermeetikud v\u00f5ivad p\u00f5hjustada terviseriske, kui neid ei k\u00e4idelda n\u00f5uetekohaselt, on oluline j\u00e4rgida eeskirju, et v\u00e4hendada \u00f5nnetusi ja kaitsta kasutajaid v\u00f5imalike kahjude eest.  <\/p>\n<h3>Alates millisest ajast on see \u00f5iguslikult kohustuslik?<\/h3>\n<p>Seaduslik kohustus esitada PCN ohtlike toodete, sealhulgas liimide ja hermeetikute kohta, muutus kohustuslikuks 1. jaanuaril 2021. Alates sellest kuup\u00e4evast peavad k\u00f5ik tootjad ja turustajad tagama, et nende tooted vastavad ELi ohutusstandarditele ja esitama n\u00f5utud teabe ELi m\u00fcrgistuskeskusele enne nende turuleviimist. <\/p>\n<h2>KKK<\/h2>\n<h3>K\u00fcsimus: Mis on UFI ja miks on mul seda oma toote jaoks vaja?<\/h3>\n<p>Vastus: UFI (Unique Formula Identifier) on kood, mis identifitseerib \u00fcheselt teie toote keemilise koostise. See on seadusega n\u00f5utav ja peab olema m\u00e4rgitud teie toote etiketile. UFI v\u00f5imaldab h\u00e4daabit\u00f6\u00f6tajatel kokkupuute- v\u00f5i m\u00fcrgistusjuhtumi korral kiiresti saada kriitilist ohutusalast teavet.  <\/p>\n<h3>K\u00fcsimus: Mida t\u00e4hendab PCN liimide ja hermeetikute puhul?<\/h3>\n<p>Vastus: M\u00fcrgistusteatis (PCN) h\u00f5lmab ELi m\u00fcrgistusteabekeskuse teavitamist teie tootega seotud koostisainetest ja ohtudest. See v\u00f5imaldab h\u00e4daabit\u00f6\u00f6tajatele juurdep\u00e4\u00e4su \u00fcksikasjalikule ohutusalasele teabele toote kohta, mis aitab neil t\u00f5husalt reageerida kemikaaliga kokkupuute- v\u00f5i m\u00fcrgistusjuhtumitele. <\/p>\n<h3>K\u00fcsimus: Mis on CLP ja kuidas seda kohaldatakse liimide ja hermeetikute suhtes?<\/h3>\n<p>Vastus: CLP (klassifitseerimine, m\u00e4rgistamine ja pakendamine) on ELi m\u00e4\u00e4rus, mis klassifitseerib keemiatooted nende ohtlikkuse alusel ja n\u00f5uab selget m\u00e4rgistamist ohupiktogrammide, m\u00e4rgis\u00f5nade ja ohutusjuhenditega. Liimid ja hermeetikud peavad vastama CLP-le, et tagada kasutajate teavitamine v\u00f5imalikest ohtudest ja toodete ohutu k\u00e4itlemine. <\/p>\n<h3>K\u00fcsimus: Millist rolli m\u00e4ngib ELi m\u00fcrgistuskeskus ohutuse tagamisel?<\/h3>\n<p>Vastus: ELi m\u00fcrgistuskeskus kogub ja t\u00f6\u00f6tleb ohtlike toodete ohutusandmeid. See annab tervishoiuteenuse osutajatele ja h\u00e4daabit\u00f6\u00f6tajatele kokkupuutejuhtumite ajal olulist teavet, tagades, et nad saavad t\u00f5husalt toime tulla kemikaalidega seotud v\u00f5imalike m\u00fcrgistuste v\u00f5i terviseriskidega. <\/p>\n<h3>K\u00fcsimus: Miks on vaja registreerida kodumajapidamises, kontoris v\u00f5i koolis kasutatavad liimid ja hermeetikud?<\/h3>\n<p>Vastus: Registreerimine tagab, et liimid ja hermeetikud vastavad ohutusstandarditele ja on n\u00f5uetekohaselt klassifitseeritud igap\u00e4evases keskkonnas kasutamiseks. See annab vajalikku teavet tarbijate ohutuse tagamiseks ning v\u00f5imaldab kiiret ja t\u00e4pset reageerimist kokkupuute- v\u00f5i m\u00fcrgistusjuhtumite korral. <\/p>\n<h3>K\u00fcsimus: Alates millisest ajast on PCNi teatamise n\u00f5ue olnud kohustuslik?<\/h3>\n<p>Vastus: PCN-teatamise n\u00f5ue muutus kohustuslikuks 1. jaanuaril 2021. K\u00f5ik ohtlike toodete, sealhulgas liimide ja hermeetikute tootjad ja turustajad peavad enne oma toodete ELi turuleviimist tagama nende eeskirjade t\u00e4itmise. <\/p>\n","protected":false},"excerpt":{"rendered":"<p>Kodumajapidamises, kontoris v\u00f5i koolis kasutatavate liimide ja hermeetikute registreerimine Kodumajapidamises, kontoris v\u00f5i koolis kasutatavate liimide ja hermeetikute registreerimine on v\u00e4ga oluline, et tagada ohutus-, m\u00e4rgistamis- ja tarbijakaitse regulatiivsete standardite j\u00e4rgimine. Neid tooteid, sealhulgas k\u00e4sit\u00f6\u00f6liime, mitmeotstarbelisi liime, liimipulki, kiirliime, puiduliime, kontaktliime ja liimipritsmeid, kasutatakse laialdaselt igap\u00e4evastes keskkondades, n\u00e4iteks kodudes, koolides ja kontorites. N\u00f5uetekohane registreerimine tagab, et [&hellip;]<\/p>\n","protected":false},"featured_media":13192,"template":"","meta":[],"product_brand":[],"product_cat":[485],"product_tag":[],"class_list":{"0":"post-13191","1":"product","2":"type-product","3":"status-publish","4":"has-post-thumbnail","6":"product_cat-liimid-ja-hermeetikud","8":"first","9":"instock","10":"virtual","11":"taxable","12":"purchasable","13":"product-type-bundle"},"bundled_by":[],"bundle_stock_status":"instock","bundle_stock_quantity":"","bundle_virtual":false,"bundle_layout":"default","bundle_add_to_cart_form_location":"default","bundle_editable_in_cart":false,"bundle_sold_individually_context":"product","bundle_item_grouping":"parent","bundle_min_size":"","bundle_max_size":"","bundle_price":{"price":{"min":{"incl_tax":"121","excl_tax":"100"},"max":{"incl_tax":"","excl_tax":""}},"regular_price":{"min":{"incl_tax":"121","excl_tax":"100"},"max":{"incl_tax":"","excl_tax":""}}},"bundled_items":[{"bundled_item_id":1814,"product_id":12513,"menu_order":0,"quantity_min":1,"quantity_max":1,"quantity_default":1,"priced_individually":true,"shipped_individually":true,"override_title":false,"title":"M\u00fcrgistuskeskuse teavitamine ja UFI","override_description":false,"description":"M\u00fcrgistuskeskuse teavitamine ja UFI","optional":false,"hide_thumbnail":false,"discount":"","override_variations":false,"allowed_variations":[""],"override_default_variation_attributes":false,"default_variation_attributes":[],"single_product_visibility":"visible","cart_visibility":"visible","order_visibility":"visible","single_product_price_visibility":"visible","cart_price_visibility":"visible","order_price_visibility":"visible","stock_status":"in_stock"},{"bundled_item_id":1815,"product_id":12516,"menu_order":1,"quantity_min":1,"quantity_max":"","quantity_default":1,"priced_individually":true,"shipped_individually":true,"override_title":false,"title":"PCNi registreerimise riigid","override_description":false,"description":"PCNi registreerimise riigid","optional":false,"hide_thumbnail":false,"discount":"","override_variations":false,"allowed_variations":[""],"override_default_variation_attributes":false,"default_variation_attributes":[],"single_product_visibility":"visible","cart_visibility":"visible","order_visibility":"visible","single_product_price_visibility":"visible","cart_price_visibility":"visible","order_price_visibility":"visible","stock_status":"in_stock"},{"bundled_item_id":12932,"product_id":12438,"menu_order":2,"quantity_min":0,"quantity_max":1,"quantity_default":1,"priced_individually":true,"shipped_individually":true,"override_title":false,"title":"Ohutuskaardi koostamine","override_description":false,"description":"Ohutuskaardi koostamine","optional":false,"hide_thumbnail":false,"discount":"","override_variations":false,"allowed_variations":[""],"override_default_variation_attributes":false,"default_variation_attributes":[],"single_product_visibility":"visible","cart_visibility":"visible","order_visibility":"visible","single_product_price_visibility":"visible","cart_price_visibility":"visible","order_price_visibility":"visible","stock_status":"in_stock"},{"bundled_item_id":12933,"product_id":12451,"menu_order":3,"quantity_min":0,"quantity_max":"","quantity_default":1,"priced_individually":true,"shipped_individually":false,"override_title":false,"title":"Ohutuskaardi t\u00f5lge","override_description":false,"description":"Ohutuskaardi t\u00f5lge","optional":false,"hide_thumbnail":false,"discount":"","override_variations":false,"allowed_variations":[""],"override_default_variation_attributes":false,"default_variation_attributes":[],"single_product_visibility":"visible","cart_visibility":"visible","order_visibility":"visible","single_product_price_visibility":"visible","cart_price_visibility":"visible","order_price_visibility":"visible","stock_status":"in_stock"}],"bundle_sell_ids":[],"yoast_head":"<!-- This site is optimized with the Yoast SEO Premium plugin v25.1 (Yoast SEO v25.1) - https:\/\/yoast.com\/wordpress\/plugins\/seo\/ -->\n<title>PCN ja UFI liimide jaoks - kasutamiseks kodus, koolis ja kontoris - UFI<\/title>\n<meta name=\"description\" content=\"Kodumajapidamises, kontoris v\u00f5i koolis kasutatavate liimide ja hermeetikute registreerimine on v\u00e4ga oluline, et tagada ohutus-, m\u00e4rgistamis- ja tarbijakaitse regulatiivsete standardite j\u00e4rgimine.\" \/>\n<meta name=\"robots\" content=\"index, follow, max-snippet:-1, max-image-preview:large, max-video-preview:-1\" \/>\n<link rel=\"canonical\" href=\"https:\/\/www.ufi.eu\/et\/product\/pcn-ja-ufi-liimide-jaoks-kasutamiseks-kodus-koolis-ja-kontoris\/\" \/>\n<meta property=\"og:locale\" content=\"et_EE\" \/>\n<meta property=\"og:type\" content=\"article\" \/>\n<meta property=\"og:title\" content=\"PCN ja UFI liimide jaoks - kasutamiseks kodus, koolis ja kontoris\" \/>\n<meta property=\"og:description\" content=\"Kodumajapidamises, kontoris v\u00f5i koolis kasutatavate liimide ja hermeetikute registreerimine on v\u00e4ga oluline, et tagada ohutus-, m\u00e4rgistamis- ja tarbijakaitse regulatiivsete standardite j\u00e4rgimine.\" \/>\n<meta property=\"og:url\" content=\"https:\/\/www.ufi.eu\/et\/product\/pcn-ja-ufi-liimide-jaoks-kasutamiseks-kodus-koolis-ja-kontoris\/\" \/>\n<meta property=\"og:site_name\" content=\"UFI\" \/>\n<meta property=\"og:image\" content=\"https:\/\/www.ufi.eu\/wp-content\/uploads\/2025\/03\/PC-ADH-1.jpg\" \/>\n\t<meta property=\"og:image:width\" content=\"1024\" \/>\n\t<meta property=\"og:image:height\" content=\"1024\" \/>\n\t<meta property=\"og:image:type\" content=\"image\/jpeg\" \/>\n<meta name=\"twitter:card\" content=\"summary_large_image\" \/>\n<meta name=\"twitter:label1\" content=\"Price\" \/>\n\t<meta name=\"twitter:data1\" content=\"&euro;0.00\" \/>\n\t<meta name=\"twitter:label2\" content=\"Availability\" \/>\n\t<meta name=\"twitter:data2\" content=\"In stock\" \/>\n<script type=\"application\/ld+json\" class=\"yoast-schema-graph\">{\"@context\":\"https:\/\/schema.org\",\"@graph\":[{\"@type\":\"WebPage\",\"@id\":\"https:\/\/www.ufi.eu\/et\/product\/pcn-ja-ufi-liimide-jaoks-kasutamiseks-kodus-koolis-ja-kontoris\/\",\"url\":\"https:\/\/www.ufi.eu\/et\/product\/pcn-ja-ufi-liimide-jaoks-kasutamiseks-kodus-koolis-ja-kontoris\/\",\"name\":\"PCN ja UFI liimide jaoks - kasutamiseks kodus, koolis ja kontoris - UFI\",\"isPartOf\":{\"@id\":\"https:\/\/www.ufi.eu\/et\/#website\"},\"primaryImageOfPage\":{\"@id\":\"https:\/\/www.ufi.eu\/et\/product\/pcn-ja-ufi-liimide-jaoks-kasutamiseks-kodus-koolis-ja-kontoris\/#primaryimage\"},\"image\":{\"@id\":\"https:\/\/www.ufi.eu\/et\/product\/pcn-ja-ufi-liimide-jaoks-kasutamiseks-kodus-koolis-ja-kontoris\/#primaryimage\"},\"thumbnailUrl\":\"https:\/\/www.ufi.eu\/wp-content\/uploads\/2025\/03\/PC-ADH-1.jpg\",\"datePublished\":\"2025-04-15T21:26:00+00:00\",\"description\":\"Kodumajapidamises, kontoris v\u00f5i koolis kasutatavate liimide ja hermeetikute registreerimine on v\u00e4ga oluline, et tagada ohutus-, m\u00e4rgistamis- ja tarbijakaitse regulatiivsete standardite j\u00e4rgimine.\",\"breadcrumb\":{\"@id\":\"https:\/\/www.ufi.eu\/et\/product\/pcn-ja-ufi-liimide-jaoks-kasutamiseks-kodus-koolis-ja-kontoris\/#breadcrumb\"},\"inLanguage\":\"et\",\"potentialAction\":[{\"@type\":\"ReadAction\",\"target\":[\"https:\/\/www.ufi.eu\/et\/product\/pcn-ja-ufi-liimide-jaoks-kasutamiseks-kodus-koolis-ja-kontoris\/\"]}]},{\"@type\":\"ImageObject\",\"inLanguage\":\"et\",\"@id\":\"https:\/\/www.ufi.eu\/et\/product\/pcn-ja-ufi-liimide-jaoks-kasutamiseks-kodus-koolis-ja-kontoris\/#primaryimage\",\"url\":\"https:\/\/www.ufi.eu\/wp-content\/uploads\/2025\/03\/PC-ADH-1.jpg\",\"contentUrl\":\"https:\/\/www.ufi.eu\/wp-content\/uploads\/2025\/03\/PC-ADH-1.jpg\",\"width\":1024,\"height\":1024},{\"@type\":\"BreadcrumbList\",\"@id\":\"https:\/\/www.ufi.eu\/et\/product\/pcn-ja-ufi-liimide-jaoks-kasutamiseks-kodus-koolis-ja-kontoris\/#breadcrumb\",\"itemListElement\":[{\"@type\":\"ListItem\",\"position\":1,\"name\":\"Home\",\"item\":\"https:\/\/www.ufi.eu\/et\/kodu\/\"},{\"@type\":\"ListItem\",\"position\":2,\"name\":\"Kauplus\",\"item\":\"https:\/\/www.ufi.eu\/et\/kauplus\/\"},{\"@type\":\"ListItem\",\"position\":3,\"name\":\"PCN ja UFI liimide jaoks &#8211; kasutamiseks kodus, koolis ja kontoris\"}]},{\"@type\":\"WebSite\",\"@id\":\"https:\/\/www.ufi.eu\/et\/#website\",\"url\":\"https:\/\/www.ufi.eu\/et\/\",\"name\":\"UFI.EU\",\"description\":\"Poison Centre Notifications (PCN) and UFI\",\"publisher\":{\"@id\":\"https:\/\/www.ufi.eu\/et\/#organization\"},\"potentialAction\":[{\"@type\":\"SearchAction\",\"target\":{\"@type\":\"EntryPoint\",\"urlTemplate\":\"https:\/\/www.ufi.eu\/et\/?s={search_term_string}\"},\"query-input\":{\"@type\":\"PropertyValueSpecification\",\"valueRequired\":true,\"valueName\":\"search_term_string\"}}],\"inLanguage\":\"et\"},{\"@type\":\"Organization\",\"@id\":\"https:\/\/www.ufi.eu\/et\/#organization\",\"name\":\"UFI.EU\",\"url\":\"https:\/\/www.ufi.eu\/et\/\",\"logo\":{\"@type\":\"ImageObject\",\"inLanguage\":\"et\",\"@id\":\"https:\/\/www.ufi.eu\/et\/#\/schema\/logo\/image\/\",\"url\":\"https:\/\/www.ufi.eu\/wp-content\/uploads\/2025\/03\/cropped-logo_ufi3.jpg\",\"contentUrl\":\"https:\/\/www.ufi.eu\/wp-content\/uploads\/2025\/03\/cropped-logo_ufi3.jpg\",\"width\":231,\"height\":78,\"caption\":\"UFI.EU\"},\"image\":{\"@id\":\"https:\/\/www.ufi.eu\/et\/#\/schema\/logo\/image\/\"},\"description\":\"UFI.eu specializes in digital registrations for Poison Centre Notifications (PCN), ensuring your chemical products meet EU regulatory requirements effortlessly. Our streamlined solutions help businesses stay compliant while reducing complexity and administrative burden.\",\"email\":\"info@ufi.eu\",\"legalName\":\"UFI.EU\"}]}<\/script>\n<meta property=\"product:price:amount\" content=\"0.00\" \/>\n<meta property=\"product:price:currency\" content=\"EUR\" \/>\n<meta property=\"og:availability\" content=\"instock\" \/>\n<meta property=\"product:availability\" content=\"instock\" \/>\n<meta property=\"product:retailer_item_id\" content=\"PC-ADH-1\" \/>\n<meta property=\"product:condition\" content=\"new\" \/>\n<!-- \/ Yoast SEO Premium plugin. -->","yoast_head_json":{"title":"PCN ja UFI liimide jaoks - kasutamiseks kodus, koolis ja kontoris - UFI","description":"Kodumajapidamises, kontoris v\u00f5i koolis kasutatavate liimide ja hermeetikute registreerimine on v\u00e4ga oluline, et tagada ohutus-, m\u00e4rgistamis- ja tarbijakaitse regulatiivsete standardite j\u00e4rgimine.","robots":{"index":"index","follow":"follow","max-snippet":"max-snippet:-1","max-image-preview":"max-image-preview:large","max-video-preview":"max-video-preview:-1"},"canonical":"https:\/\/www.ufi.eu\/et\/product\/pcn-ja-ufi-liimide-jaoks-kasutamiseks-kodus-koolis-ja-kontoris\/","og_locale":"et_EE","og_type":"article","og_title":"PCN ja UFI liimide jaoks - kasutamiseks kodus, koolis ja kontoris","og_description":"Kodumajapidamises, kontoris v\u00f5i koolis kasutatavate liimide ja hermeetikute registreerimine on v\u00e4ga oluline, et tagada ohutus-, m\u00e4rgistamis- ja tarbijakaitse regulatiivsete standardite j\u00e4rgimine.","og_url":"https:\/\/www.ufi.eu\/et\/product\/pcn-ja-ufi-liimide-jaoks-kasutamiseks-kodus-koolis-ja-kontoris\/","og_site_name":"UFI","og_image":[{"width":1024,"height":1024,"url":"https:\/\/www.ufi.eu\/wp-content\/uploads\/2025\/03\/PC-ADH-1.jpg","type":"image\/jpeg"}],"twitter_card":"summary_large_image","twitter_misc":{"Price":"&euro;0.00","Availability":"In stock"},"schema":{"@context":"https:\/\/schema.org","@graph":[{"@type":"WebPage","@id":"https:\/\/www.ufi.eu\/et\/product\/pcn-ja-ufi-liimide-jaoks-kasutamiseks-kodus-koolis-ja-kontoris\/","url":"https:\/\/www.ufi.eu\/et\/product\/pcn-ja-ufi-liimide-jaoks-kasutamiseks-kodus-koolis-ja-kontoris\/","name":"PCN ja UFI liimide jaoks - kasutamiseks kodus, koolis ja kontoris - UFI","isPartOf":{"@id":"https:\/\/www.ufi.eu\/et\/#website"},"primaryImageOfPage":{"@id":"https:\/\/www.ufi.eu\/et\/product\/pcn-ja-ufi-liimide-jaoks-kasutamiseks-kodus-koolis-ja-kontoris\/#primaryimage"},"image":{"@id":"https:\/\/www.ufi.eu\/et\/product\/pcn-ja-ufi-liimide-jaoks-kasutamiseks-kodus-koolis-ja-kontoris\/#primaryimage"},"thumbnailUrl":"https:\/\/www.ufi.eu\/wp-content\/uploads\/2025\/03\/PC-ADH-1.jpg","datePublished":"2025-04-15T21:26:00+00:00","description":"Kodumajapidamises, kontoris v\u00f5i koolis kasutatavate liimide ja hermeetikute registreerimine on v\u00e4ga oluline, et tagada ohutus-, m\u00e4rgistamis- ja tarbijakaitse regulatiivsete standardite j\u00e4rgimine.","breadcrumb":{"@id":"https:\/\/www.ufi.eu\/et\/product\/pcn-ja-ufi-liimide-jaoks-kasutamiseks-kodus-koolis-ja-kontoris\/#breadcrumb"},"inLanguage":"et","potentialAction":[{"@type":"ReadAction","target":["https:\/\/www.ufi.eu\/et\/product\/pcn-ja-ufi-liimide-jaoks-kasutamiseks-kodus-koolis-ja-kontoris\/"]}]},{"@type":"ImageObject","inLanguage":"et","@id":"https:\/\/www.ufi.eu\/et\/product\/pcn-ja-ufi-liimide-jaoks-kasutamiseks-kodus-koolis-ja-kontoris\/#primaryimage","url":"https:\/\/www.ufi.eu\/wp-content\/uploads\/2025\/03\/PC-ADH-1.jpg","contentUrl":"https:\/\/www.ufi.eu\/wp-content\/uploads\/2025\/03\/PC-ADH-1.jpg","width":1024,"height":1024},{"@type":"BreadcrumbList","@id":"https:\/\/www.ufi.eu\/et\/product\/pcn-ja-ufi-liimide-jaoks-kasutamiseks-kodus-koolis-ja-kontoris\/#breadcrumb","itemListElement":[{"@type":"ListItem","position":1,"name":"Home","item":"https:\/\/www.ufi.eu\/et\/kodu\/"},{"@type":"ListItem","position":2,"name":"Kauplus","item":"https:\/\/www.ufi.eu\/et\/kauplus\/"},{"@type":"ListItem","position":3,"name":"PCN ja UFI liimide jaoks &#8211; kasutamiseks kodus, koolis ja kontoris"}]},{"@type":"WebSite","@id":"https:\/\/www.ufi.eu\/et\/#website","url":"https:\/\/www.ufi.eu\/et\/","name":"UFI.EU","description":"Poison Centre Notifications (PCN) and UFI","publisher":{"@id":"https:\/\/www.ufi.eu\/et\/#organization"},"potentialAction":[{"@type":"SearchAction","target":{"@type":"EntryPoint","urlTemplate":"https:\/\/www.ufi.eu\/et\/?s={search_term_string}"},"query-input":{"@type":"PropertyValueSpecification","valueRequired":true,"valueName":"search_term_string"}}],"inLanguage":"et"},{"@type":"Organization","@id":"https:\/\/www.ufi.eu\/et\/#organization","name":"UFI.EU","url":"https:\/\/www.ufi.eu\/et\/","logo":{"@type":"ImageObject","inLanguage":"et","@id":"https:\/\/www.ufi.eu\/et\/#\/schema\/logo\/image\/","url":"https:\/\/www.ufi.eu\/wp-content\/uploads\/2025\/03\/cropped-logo_ufi3.jpg","contentUrl":"https:\/\/www.ufi.eu\/wp-content\/uploads\/2025\/03\/cropped-logo_ufi3.jpg","width":231,"height":78,"caption":"UFI.EU"},"image":{"@id":"https:\/\/www.ufi.eu\/et\/#\/schema\/logo\/image\/"},"description":"UFI.eu specializes in digital registrations for Poison Centre Notifications (PCN), ensuring your chemical products meet EU regulatory requirements effortlessly. Our streamlined solutions help businesses stay compliant while reducing complexity and administrative burden.","email":"info@ufi.eu","legalName":"UFI.EU"}]},"product_price_amount":"0.00","product_price_currency":"EUR","og_availability":"instock","product_availability":"instock","product_retailer_item_id":"PC-ADH-1","product_condition":"new"},"_links":{"self":[{"href":"https:\/\/www.ufi.eu\/et\/wp-json\/wp\/v2\/product\/13191","targetHints":{"allow":["GET"]}}],"collection":[{"href":"https:\/\/www.ufi.eu\/et\/wp-json\/wp\/v2\/product"}],"about":[{"href":"https:\/\/www.ufi.eu\/et\/wp-json\/wp\/v2\/types\/product"}],"wp:featuredmedia":[{"embeddable":true,"href":"https:\/\/www.ufi.eu\/et\/wp-json\/wp\/v2\/media\/13192"}],"wp:attachment":[{"href":"https:\/\/www.ufi.eu\/et\/wp-json\/wp\/v2\/media?parent=13191"}],"wp:term":[{"taxonomy":"product_brand","embeddable":true,"href":"https:\/\/www.ufi.eu\/et\/wp-json\/wp\/v2\/product_brand?post=13191"},{"taxonomy":"product_cat","embeddable":true,"href":"https:\/\/www.ufi.eu\/et\/wp-json\/wp\/v2\/product_cat?post=13191"},{"taxonomy":"product_tag","embeddable":true,"href":"https:\/\/www.ufi.eu\/et\/wp-json\/wp\/v2\/product_tag?post=13191"}],"curies":[{"name":"wp","href":"https:\/\/api.w.org\/{rel}","templated":true}]}}