{"id":12789,"date":"2025-04-05T15:21:48","date_gmt":"2025-04-15T20:26:50","guid":{"rendered":"https:\/\/www.ufi.eu\/pcn\/maaratlemata\/clp-margise-loomine-ja-vastavuskontroll\/"},"modified":"2025-04-28T12:14:55","modified_gmt":"2025-04-28T12:14:55","slug":"clp-margise-loomine-ja-vastavuskontroll","status":"publish","type":"product","link":"https:\/\/www.ufi.eu\/et\/product\/clp-margise-loomine-ja-vastavuskontroll\/","title":{"rendered":"CLP-m\u00e4rgise loomine ja vastavuskontroll"},"content":{"rendered":"\n<p><strong>CLP-m\u00e4\u00e4ruse (E\u00dc nr 1272\/2008) kohase ohtlike segude professionaalse m\u00e4rgistamise teenused<\/strong><\/p>\n\n<p>Oleme spetsialiseerunud ohtlike keemiatoodete seadustele vastavate etikettide loomisele ja kontrollimisele. Olenemata sellest, kas olete turule toomas ohtlikke komponente sisaldavat kosmeetikabaasi, t\u00f6\u00f6stuslikku puhastusvahendit v\u00f5i muud keemilist segu, meie CLP-m\u00e4rgistuse teenus tagab, et teie toote m\u00e4rgistus vastab k\u00f5igile ELi ja EMP \u00f5igusaktidele. <\/p>\n\n<h2 class=\"wp-block-heading\" id=\"h-why-clp-compliant-labels-are-essential\">Miks CLP-konformsed etiketid on h\u00e4davajalikud<\/h2>\n\n<p><strong>CLP-m\u00e4\u00e4ruse (klassifitseerimine, m\u00e4rgistamine ja pakendamine<\/strong>) kohaselt on ohtlike ainete ja segude tarnijad seadusega kohustatud:<\/p>\n\n<ul class=\"wp-block-list\">\n<li>Klassifitseerida oma tooteid f\u00fc\u00fcsikaliste, tervise- ja keskkonnaohtude j\u00e4rgi.<\/li>\n\n\n\n<li>M\u00e4rgistage need asjakohaselt, kasutades selleks etten\u00e4htud elemente, n\u00e4iteks ohupiktogramme, m\u00e4rgis\u00f5nu ning standardiseeritud ohu- ja ettevaatusabin\u00f5usid.<\/li>\n\n\n\n<li>Pakendage need ohutult ja lisage n\u00f5utav tarnija identifitseerimine.<\/li>\n<\/ul>\n\n<p>Vale v\u00f5i ebat\u00e4ielik m\u00e4rgistus v\u00f5ib p\u00f5hjustada <strong>toodete tagasiv\u00f5tmist<\/strong>, <strong>\u00f5iguslikke sanktsioone<\/strong> v\u00f5i <strong>jaem\u00fc\u00fcjate<\/strong> ja veebip\u00f5histe turuplatside <strong>poolt tagasil\u00fckkamist<\/strong>.<\/p>\n\n<h2 class=\"wp-block-heading\" id=\"h-what-our-clp-label-service-includes\">Mida meie CLP-m\u00e4rgistuse teenus sisaldab<\/h2>\n\n<h4 class=\"wp-block-heading\" id=\"h-1-clp-label-creation\">1. <strong>CLP-m\u00e4rgise loomine<\/strong><\/h4>\n\n<p>Me kujundame teie etiketi nullist, l\u00e4htudes toote ohutuskaardist (SDS) v\u00f5i koostisandmetest. Meie teenus h\u00f5lmab j\u00e4rgmist: <\/p>\n\n<ul class=\"wp-block-list\">\n<li>Ohtude korrektne klassifitseerimine (SDSi v\u00f5i koostisainete teabe alusel).<\/li>\n\n\n\n<li>Sobivate <strong>ohupiktogrammide<\/strong>, <strong>m\u00e4rgus\u00f5nade<\/strong>, <strong>H-<\/strong> ja <strong>P-lausete<\/strong> valik.<\/li>\n\n\n\n<li>Paigutus vastavalt n\u00f5utavatele m\u00f5\u00f5tmetele ja loetavusele.<\/li>\n\n\n\n<li>Tarnija nime, UFI (kui see on kohaldatav) ja muude \u00f5iguslike elementide lisamine.<\/li>\n<\/ul>\n\n<h4 class=\"wp-block-heading\" id=\"h-2-label-verification-compliance-check\">2. <strong>M\u00e4rgistuse kontroll \/ vastavuskontroll<\/strong><\/h4>\n\n<p>Kas teil on juba silt olemas? Me kontrollime teie kujundust vastavalt kehtivatele CLP-n\u00f5uetele ning anname vajaduse korral selget tagasisidet ja parandusi: <\/p>\n\n<ul class=\"wp-block-list\">\n<li>Ohu klassifitseerimise t\u00e4psus.<\/li>\n\n\n\n<li>Lausete, m\u00e4rgus\u00f5nade ja piktogrammide \u00f5ige kasutamine.<\/li>\n\n\n\n<li>Kohustuslike elementide loetavus, vorming ja paigutus.<\/li>\n\n\n\n<li>UFI olemasolu ja struktuuri kontrollimine (kui see on n\u00f5utav).<\/li>\n<\/ul>\n\n<h4 class=\"wp-block-heading\" id=\"h-3-optional-add-ons\">3. <strong>Valikulised lisad<\/strong><\/h4>\n\n<ul class=\"wp-block-list\">\n<li><strong>UFI loomise<\/strong> ja PCN-teatamise teenus.<\/li>\n\n\n\n<li><strong>Ohutuskaardi (SDS) l\u00e4bivaatamine<\/strong>, et tagada koosk\u00f5la m\u00e4rgistuse andmetega.<\/li>\n\n\n\n<li>Mitmele ELi turule m\u00f5eldud etikettide keelet\u00f5lge.<\/li>\n<\/ul>\n\n<h2 class=\"wp-block-heading\" id=\"h-which-products-require-clp-compliant-labels\">Millised tooted vajavad CLP-konformseid etikette?<\/h2>\n\n<p>Meie CLP-m\u00e4rgistuse teenus kehtib paljude ohtlike segude kohta, sealhulgas, kuid mitte ainult:<\/p>\n\n<ul class=\"wp-block-list\">\n<li>T\u00f6\u00f6stus- ja majapidamispuhastusvahendid.<\/li>\n\n\n\n<li>V\u00e4rvid, liimid, vaigud ja pinnakatted.<\/li>\n\n\n\n<li>Autotooted ja m\u00e4\u00e4rdeained.<\/li>\n\n\n\n<li>L\u00f5hnasegud ja eeterlike \u00f5lide kontsentraadid.<\/li>\n\n\n\n<li>\u00d5huv\u00e4rskendajad, vahasulamid ja l\u00f5hnastatud toaspreid.<\/li>\n\n\n\n<li>Tehnilised aerosoolid ja pihustid.<\/li>\n<\/ul>\n\n<p>Kui teie toode sisaldab koostisosi, mis kujutavad endast <strong>f\u00fc\u00fcsilist, tervise- v\u00f5i keskkonnaohtu<\/strong>, on t\u00f5en\u00e4oliselt vaja CLP-m\u00e4rgistust, mis vastab CLP-m\u00e4rgistusele.<\/p>\n\n<h2 class=\"wp-block-heading\" id=\"h-who-is-this-service-for\">Kellele see teenus on m\u00f5eldud?<\/h2>\n\n<ul class=\"wp-block-list\">\n<li>Keemiasegude <strong>tootjad<\/strong>, <strong>importijad<\/strong> ja <strong>eram\u00e4rgistajad<\/strong>.<\/li>\n\n\n\n<li><strong>Idufirmad<\/strong> ja VKEd, kes otsivad taskukohast regulatiivset toetust.<\/li>\n\n\n\n<li><strong>Jaem\u00fc\u00fcjad ja turuplatsid<\/strong>, kes vajavad edasim\u00fc\u00fcgiks n\u00f5uetele vastavaid etikette.<\/li>\n\n\n\n<li>ELi\/EMP riikidesse turustavad <strong>eksportijad<\/strong>.<\/li>\n<\/ul>\n\n<h2 class=\"wp-block-heading\" id=\"h-why-choose-ufi-eu\">Miks valida UFI.EU?<\/h2>\n\n<ul class=\"wp-block-list\">\n<li><strong>Regulatiivsed teadmised<\/strong> CLP, UFI ja PCN kohta mitmes t\u00f6\u00f6stusharus.<\/li>\n\n\n\n<li><strong>Kiire valmimisaeg<\/strong> ja selge suhtlus.<\/li>\n\n\n\n<li><strong>T\u00e4pne, \u00f5iguslikult kaitstav m\u00e4rgistus<\/strong>, mis p\u00f5hineb ELi uusimatel eeskirjadel.<\/li>\n\n\n\n<li><strong>Mitmekeelne tugi<\/strong> \u00fcleeuroopalise vastavuse tagamiseks.<\/li>\n<\/ul>\n\n<h2 class=\"wp-block-heading\" id=\"h-how-it-works\">Kuidas see toimib<\/h2>\n\n<ol class=\"wp-block-list\">\n<li><strong>Esitage oma SDS v\u00f5i koostise andmed.<\/strong><\/li>\n\n\n\n<li><strong>Me anal\u00fc\u00fcsime andmeid ja loome v\u00f5i vaatame l\u00e4bi teie etiketi.<\/strong><\/li>\n\n\n\n<li><strong>Te saate kasutusvalmis CLP-m\u00e4rgise faili v\u00f5i aruande koos n\u00f5utavate parandustega.<\/strong><\/li>\n<\/ol>\n\n<h2 class=\"wp-block-heading\" id=\"h-ready-to-order\">Valmis tellida?<\/h2>\n\n<p>V\u00e4ltige n\u00f5uetele mittevastavate etikettidega kaasnevat stressi. Laske meie ekspertidel aidata teil oma juriidilisi kohustusi kindlalt t\u00e4ita. <br\/><strong>Tellige CLP-m\u00e4rgistuse loomine v\u00f5i vastavuskontroll juba t\u00e4na.<\/strong><\/p>\n","protected":false},"excerpt":{"rendered":"<p>Me esitame teabe teie toote etiketile. Teie l\u00f5pliku etiketi kujundust kontrollitakse, et see vastaks \u00f5igusaktidele. <\/p>\n","protected":false},"featured_media":12442,"template":"","meta":[],"product_brand":[],"product_cat":[411],"product_tag":[],"class_list":{"0":"post-12789","1":"product","2":"type-product","3":"status-publish","4":"has-post-thumbnail","6":"product_cat-clp-margis","8":"first","9":"instock","10":"virtual","11":"taxable","12":"purchasable","13":"product-type-simple"},"bundled_by":["12841","13428","14484","31735"],"bundle_stock_status":"instock","bundle_stock_quantity":null,"bundle_virtual":false,"bundle_layout":"","bundle_add_to_cart_form_location":"","bundle_editable_in_cart":false,"bundle_sold_individually_context":"","bundle_item_grouping":"","bundle_min_size":"","bundle_max_size":"","bundle_price":[],"bundled_items":[],"bundle_sell_ids":[],"yoast_head":"<!-- This site is optimized with the Yoast SEO Premium plugin v25.1 (Yoast SEO v25.1) - https:\/\/yoast.com\/wordpress\/plugins\/seo\/ -->\n<title>CLP-m\u00e4rgise loomine ja vastavuskontroll - UFI<\/title>\n<meta name=\"description\" content=\"Meie CLP-m\u00e4rgistuse loomise ja vastavuse kontrollimise teenus tagab, et teie toodete m\u00e4rgistus vastab k\u00f5igile ELi ja EMP \u00f5igusaktidele.\" \/>\n<meta name=\"robots\" content=\"index, follow, max-snippet:-1, max-image-preview:large, max-video-preview:-1\" \/>\n<link rel=\"canonical\" href=\"https:\/\/www.ufi.eu\/et\/product\/clp-margise-loomine-ja-vastavuskontroll\/\" \/>\n<meta property=\"og:locale\" content=\"et_EE\" \/>\n<meta property=\"og:type\" content=\"article\" \/>\n<meta property=\"og:title\" content=\"CLP-m\u00e4rgise loomine ja vastavuskontroll\" \/>\n<meta property=\"og:description\" content=\"Meie CLP-m\u00e4rgistuse loomise ja vastavuse kontrollimise teenus tagab, et teie toodete m\u00e4rgistus vastab k\u00f5igile ELi ja EMP \u00f5igusaktidele.\" \/>\n<meta property=\"og:url\" content=\"https:\/\/www.ufi.eu\/et\/product\/clp-margise-loomine-ja-vastavuskontroll\/\" \/>\n<meta property=\"og:site_name\" content=\"UFI\" \/>\n<meta property=\"article:modified_time\" content=\"2025-04-28T12:14:55+00:00\" \/>\n<meta property=\"og:image\" content=\"https:\/\/www.ufi.eu\/wp-content\/uploads\/2025\/03\/pcn_ufi.jpg\" \/>\n\t<meta property=\"og:image:width\" content=\"1024\" \/>\n\t<meta property=\"og:image:height\" content=\"1024\" \/>\n\t<meta property=\"og:image:type\" content=\"image\/jpeg\" \/>\n<meta name=\"twitter:card\" content=\"summary_large_image\" \/>\n<meta name=\"twitter:label1\" content=\"Price\" \/>\n\t<meta name=\"twitter:data1\" content=\"&euro;50.00\" \/>\n\t<meta name=\"twitter:label2\" content=\"Availability\" \/>\n\t<meta name=\"twitter:data2\" content=\"In stock\" \/>\n<script type=\"application\/ld+json\" class=\"yoast-schema-graph\">{\"@context\":\"https:\/\/schema.org\",\"@graph\":[{\"@type\":\"WebPage\",\"@id\":\"https:\/\/www.ufi.eu\/et\/product\/clp-margise-loomine-ja-vastavuskontroll\/\",\"url\":\"https:\/\/www.ufi.eu\/et\/product\/clp-margise-loomine-ja-vastavuskontroll\/\",\"name\":\"CLP-m\u00e4rgise loomine ja vastavuskontroll - UFI\",\"isPartOf\":{\"@id\":\"https:\/\/www.ufi.eu\/et\/#website\"},\"primaryImageOfPage\":{\"@id\":\"https:\/\/www.ufi.eu\/et\/product\/clp-margise-loomine-ja-vastavuskontroll\/#primaryimage\"},\"image\":{\"@id\":\"https:\/\/www.ufi.eu\/et\/product\/clp-margise-loomine-ja-vastavuskontroll\/#primaryimage\"},\"thumbnailUrl\":\"https:\/\/www.ufi.eu\/wp-content\/uploads\/2025\/03\/pcn_ufi.jpg\",\"datePublished\":\"2025-04-15T20:26:50+00:00\",\"dateModified\":\"2025-04-28T12:14:55+00:00\",\"description\":\"Meie CLP-m\u00e4rgistuse loomise ja vastavuse kontrollimise teenus tagab, et teie toodete m\u00e4rgistus vastab k\u00f5igile ELi ja EMP \u00f5igusaktidele.\",\"breadcrumb\":{\"@id\":\"https:\/\/www.ufi.eu\/et\/product\/clp-margise-loomine-ja-vastavuskontroll\/#breadcrumb\"},\"inLanguage\":\"et\",\"potentialAction\":[{\"@type\":\"ReadAction\",\"target\":[\"https:\/\/www.ufi.eu\/et\/product\/clp-margise-loomine-ja-vastavuskontroll\/\"]}]},{\"@type\":\"ImageObject\",\"inLanguage\":\"et\",\"@id\":\"https:\/\/www.ufi.eu\/et\/product\/clp-margise-loomine-ja-vastavuskontroll\/#primaryimage\",\"url\":\"https:\/\/www.ufi.eu\/wp-content\/uploads\/2025\/03\/pcn_ufi.jpg\",\"contentUrl\":\"https:\/\/www.ufi.eu\/wp-content\/uploads\/2025\/03\/pcn_ufi.jpg\",\"width\":1024,\"height\":1024},{\"@type\":\"BreadcrumbList\",\"@id\":\"https:\/\/www.ufi.eu\/et\/product\/clp-margise-loomine-ja-vastavuskontroll\/#breadcrumb\",\"itemListElement\":[{\"@type\":\"ListItem\",\"position\":1,\"name\":\"Home\",\"item\":\"https:\/\/www.ufi.eu\/et\/kodu\/\"},{\"@type\":\"ListItem\",\"position\":2,\"name\":\"Kauplus\",\"item\":\"https:\/\/www.ufi.eu\/et\/kauplus\/\"},{\"@type\":\"ListItem\",\"position\":3,\"name\":\"CLP-m\u00e4rgise loomine ja vastavuskontroll\"}]},{\"@type\":\"WebSite\",\"@id\":\"https:\/\/www.ufi.eu\/et\/#website\",\"url\":\"https:\/\/www.ufi.eu\/et\/\",\"name\":\"UFI.EU\",\"description\":\"Poison Centre Notifications (PCN) and UFI\",\"publisher\":{\"@id\":\"https:\/\/www.ufi.eu\/et\/#organization\"},\"potentialAction\":[{\"@type\":\"SearchAction\",\"target\":{\"@type\":\"EntryPoint\",\"urlTemplate\":\"https:\/\/www.ufi.eu\/et\/?s={search_term_string}\"},\"query-input\":{\"@type\":\"PropertyValueSpecification\",\"valueRequired\":true,\"valueName\":\"search_term_string\"}}],\"inLanguage\":\"et\"},{\"@type\":\"Organization\",\"@id\":\"https:\/\/www.ufi.eu\/et\/#organization\",\"name\":\"UFI.EU\",\"url\":\"https:\/\/www.ufi.eu\/et\/\",\"logo\":{\"@type\":\"ImageObject\",\"inLanguage\":\"et\",\"@id\":\"https:\/\/www.ufi.eu\/et\/#\/schema\/logo\/image\/\",\"url\":\"https:\/\/www.ufi.eu\/wp-content\/uploads\/2025\/03\/cropped-logo_ufi3.jpg\",\"contentUrl\":\"https:\/\/www.ufi.eu\/wp-content\/uploads\/2025\/03\/cropped-logo_ufi3.jpg\",\"width\":231,\"height\":78,\"caption\":\"UFI.EU\"},\"image\":{\"@id\":\"https:\/\/www.ufi.eu\/et\/#\/schema\/logo\/image\/\"},\"description\":\"UFI.eu specializes in digital registrations for Poison Centre Notifications (PCN), ensuring your chemical products meet EU regulatory requirements effortlessly. Our streamlined solutions help businesses stay compliant while reducing complexity and administrative burden.\",\"email\":\"info@ufi.eu\",\"legalName\":\"UFI.EU\"}]}<\/script>\n<meta property=\"product:price:amount\" content=\"50.00\" \/>\n<meta property=\"product:price:currency\" content=\"EUR\" \/>\n<meta property=\"og:availability\" content=\"instock\" \/>\n<meta property=\"product:availability\" content=\"instock\" \/>\n<meta property=\"product:condition\" content=\"new\" \/>\n<!-- \/ Yoast SEO Premium plugin. -->","yoast_head_json":{"title":"CLP-m\u00e4rgise loomine ja vastavuskontroll - UFI","description":"Meie CLP-m\u00e4rgistuse loomise ja vastavuse kontrollimise teenus tagab, et teie toodete m\u00e4rgistus vastab k\u00f5igile ELi ja EMP \u00f5igusaktidele.","robots":{"index":"index","follow":"follow","max-snippet":"max-snippet:-1","max-image-preview":"max-image-preview:large","max-video-preview":"max-video-preview:-1"},"canonical":"https:\/\/www.ufi.eu\/et\/product\/clp-margise-loomine-ja-vastavuskontroll\/","og_locale":"et_EE","og_type":"article","og_title":"CLP-m\u00e4rgise loomine ja vastavuskontroll","og_description":"Meie CLP-m\u00e4rgistuse loomise ja vastavuse kontrollimise teenus tagab, et teie toodete m\u00e4rgistus vastab k\u00f5igile ELi ja EMP \u00f5igusaktidele.","og_url":"https:\/\/www.ufi.eu\/et\/product\/clp-margise-loomine-ja-vastavuskontroll\/","og_site_name":"UFI","article_modified_time":"2025-04-28T12:14:55+00:00","og_image":[{"width":1024,"height":1024,"url":"https:\/\/www.ufi.eu\/wp-content\/uploads\/2025\/03\/pcn_ufi.jpg","type":"image\/jpeg"}],"twitter_card":"summary_large_image","twitter_misc":{"Price":"&euro;50.00","Availability":"In stock"},"schema":{"@context":"https:\/\/schema.org","@graph":[{"@type":"WebPage","@id":"https:\/\/www.ufi.eu\/et\/product\/clp-margise-loomine-ja-vastavuskontroll\/","url":"https:\/\/www.ufi.eu\/et\/product\/clp-margise-loomine-ja-vastavuskontroll\/","name":"CLP-m\u00e4rgise loomine ja vastavuskontroll - UFI","isPartOf":{"@id":"https:\/\/www.ufi.eu\/et\/#website"},"primaryImageOfPage":{"@id":"https:\/\/www.ufi.eu\/et\/product\/clp-margise-loomine-ja-vastavuskontroll\/#primaryimage"},"image":{"@id":"https:\/\/www.ufi.eu\/et\/product\/clp-margise-loomine-ja-vastavuskontroll\/#primaryimage"},"thumbnailUrl":"https:\/\/www.ufi.eu\/wp-content\/uploads\/2025\/03\/pcn_ufi.jpg","datePublished":"2025-04-15T20:26:50+00:00","dateModified":"2025-04-28T12:14:55+00:00","description":"Meie CLP-m\u00e4rgistuse loomise ja vastavuse kontrollimise teenus tagab, et teie toodete m\u00e4rgistus vastab k\u00f5igile ELi ja EMP \u00f5igusaktidele.","breadcrumb":{"@id":"https:\/\/www.ufi.eu\/et\/product\/clp-margise-loomine-ja-vastavuskontroll\/#breadcrumb"},"inLanguage":"et","potentialAction":[{"@type":"ReadAction","target":["https:\/\/www.ufi.eu\/et\/product\/clp-margise-loomine-ja-vastavuskontroll\/"]}]},{"@type":"ImageObject","inLanguage":"et","@id":"https:\/\/www.ufi.eu\/et\/product\/clp-margise-loomine-ja-vastavuskontroll\/#primaryimage","url":"https:\/\/www.ufi.eu\/wp-content\/uploads\/2025\/03\/pcn_ufi.jpg","contentUrl":"https:\/\/www.ufi.eu\/wp-content\/uploads\/2025\/03\/pcn_ufi.jpg","width":1024,"height":1024},{"@type":"BreadcrumbList","@id":"https:\/\/www.ufi.eu\/et\/product\/clp-margise-loomine-ja-vastavuskontroll\/#breadcrumb","itemListElement":[{"@type":"ListItem","position":1,"name":"Home","item":"https:\/\/www.ufi.eu\/et\/kodu\/"},{"@type":"ListItem","position":2,"name":"Kauplus","item":"https:\/\/www.ufi.eu\/et\/kauplus\/"},{"@type":"ListItem","position":3,"name":"CLP-m\u00e4rgise loomine ja vastavuskontroll"}]},{"@type":"WebSite","@id":"https:\/\/www.ufi.eu\/et\/#website","url":"https:\/\/www.ufi.eu\/et\/","name":"UFI.EU","description":"Poison Centre Notifications (PCN) and UFI","publisher":{"@id":"https:\/\/www.ufi.eu\/et\/#organization"},"potentialAction":[{"@type":"SearchAction","target":{"@type":"EntryPoint","urlTemplate":"https:\/\/www.ufi.eu\/et\/?s={search_term_string}"},"query-input":{"@type":"PropertyValueSpecification","valueRequired":true,"valueName":"search_term_string"}}],"inLanguage":"et"},{"@type":"Organization","@id":"https:\/\/www.ufi.eu\/et\/#organization","name":"UFI.EU","url":"https:\/\/www.ufi.eu\/et\/","logo":{"@type":"ImageObject","inLanguage":"et","@id":"https:\/\/www.ufi.eu\/et\/#\/schema\/logo\/image\/","url":"https:\/\/www.ufi.eu\/wp-content\/uploads\/2025\/03\/cropped-logo_ufi3.jpg","contentUrl":"https:\/\/www.ufi.eu\/wp-content\/uploads\/2025\/03\/cropped-logo_ufi3.jpg","width":231,"height":78,"caption":"UFI.EU"},"image":{"@id":"https:\/\/www.ufi.eu\/et\/#\/schema\/logo\/image\/"},"description":"UFI.eu specializes in digital registrations for Poison Centre Notifications (PCN), ensuring your chemical products meet EU regulatory requirements effortlessly. Our streamlined solutions help businesses stay compliant while reducing complexity and administrative burden.","email":"info@ufi.eu","legalName":"UFI.EU"}]},"product_price_amount":"50.00","product_price_currency":"EUR","og_availability":"instock","product_availability":"instock","product_condition":"new"},"_links":{"self":[{"href":"https:\/\/www.ufi.eu\/et\/wp-json\/wp\/v2\/product\/12789","targetHints":{"allow":["GET"]}}],"collection":[{"href":"https:\/\/www.ufi.eu\/et\/wp-json\/wp\/v2\/product"}],"about":[{"href":"https:\/\/www.ufi.eu\/et\/wp-json\/wp\/v2\/types\/product"}],"wp:featuredmedia":[{"embeddable":true,"href":"https:\/\/www.ufi.eu\/et\/wp-json\/wp\/v2\/media\/12442"}],"wp:attachment":[{"href":"https:\/\/www.ufi.eu\/et\/wp-json\/wp\/v2\/media?parent=12789"}],"wp:term":[{"taxonomy":"product_brand","embeddable":true,"href":"https:\/\/www.ufi.eu\/et\/wp-json\/wp\/v2\/product_brand?post=12789"},{"taxonomy":"product_cat","embeddable":true,"href":"https:\/\/www.ufi.eu\/et\/wp-json\/wp\/v2\/product_cat?post=12789"},{"taxonomy":"product_tag","embeddable":true,"href":"https:\/\/www.ufi.eu\/et\/wp-json\/wp\/v2\/product_tag?post=12789"}],"curies":[{"name":"wp","href":"https:\/\/api.w.org\/{rel}","templated":true}]}}