{"id":12780,"date":"2025-04-05T15:24:57","date_gmt":"2025-04-15T20:26:28","guid":{"rendered":"https:\/\/www.ufi.eu\/pcn\/maaratlemata\/clp-margistuse-loomine-ja-vastavuskontroll-detergentide-jaoks\/"},"modified":"2025-04-28T12:21:12","modified_gmt":"2025-04-28T12:21:12","slug":"clp-margistuse-loomine-ja-vastavuskontroll-detergentide-jaoks","status":"publish","type":"product","link":"https:\/\/www.ufi.eu\/et\/product\/clp-margistuse-loomine-ja-vastavuskontroll-detergentide-jaoks\/","title":{"rendered":"CLP-m\u00e4rgistuse loomine ja vastavuskontroll detergentide jaoks"},"content":{"rendered":"\n<p><strong>Tagage meie ekspertteenuse abil t\u00e4ielik vastavus CLP- ja detergentide m\u00e4\u00e4rusele.<\/strong><\/p>\n\n<p>Oleme spetsialiseerunud sellele, et aidata ettev\u00f5tetel t\u00e4ita Euroopa turul pesuvahenditele esitatavaid \u00f5iguslikke n\u00f5udeid. Meie CLP-m\u00e4rgistuse loomise ja kontrollimise teenus tagab, et teie toodete m\u00e4rgistus vastab t\u00e4ielikult nii <strong>CLP-m\u00e4\u00e4rusele (E\u00dc nr 1272\/2008<\/strong> ) kui ka <strong>detergentide m\u00e4\u00e4rusele (E\u00dc nr 648\/2004<\/strong>). <\/p>\n\n<h2 class=\"wp-block-heading\" id=\"h-why-correct-labeling-for-detergents-is-crucial\">Miks on pesuvahendite \u00f5ige m\u00e4rgistus \u00fclioluline<\/h2>\n\n<p>Detergentide suhtes kohaldatakse kahte peamist Euroopa m\u00e4\u00e4rust:<\/p>\n\n<ul class=\"wp-block-list\">\n<li><strong>CLP-m\u00e4\u00e4rus<\/strong>, mis reguleerib ohtlike ainete ja segude klassifitseerimist, m\u00e4rgistamist ja pakendamist.<\/li>\n\n\n\n<li><strong>Detergentide m\u00e4\u00e4rus<\/strong>, millega lisatakse spetsiifilised m\u00e4rgistamiskohustused detergentidele, eriti neile, mida kasutavad tarbijad.<\/li>\n<\/ul>\n\n<p>N\u00f5uete t\u00e4itmata j\u00e4tmine v\u00f5ib kaasa tuua toodete tagasikutsumise, trahvid v\u00f5i isegi turukeelu. Meie meeskond tagab, et teie etiketid on t\u00e4psed, t\u00e4ielikud ja \u00f5iguslikult kaitstavad. <\/p>\n\n<h2 class=\"wp-block-heading\" id=\"h-what-we-offer\">Mida me pakume<\/h2>\n\n<h4 class=\"wp-block-heading\" id=\"h-1-clp-label-creation-for-detergents\">1. <strong>CLP-m\u00e4rgistuse loomine detergentide jaoks<\/strong><\/h4>\n\n<p>Valmistame teie toote etiketi ette vastavalt teie detergendi preparaadi konkreetsele ohuklassifikatsioonile. See h\u00f5lmab j\u00e4rgmist: <\/p>\n\n<ul class=\"wp-block-list\">\n<li>\u00d5igete <strong>ohupiktogrammide<\/strong>, <strong>m\u00e4rgus\u00f5nade<\/strong>, <strong>H-lause<\/strong> ja <strong>P-lause<\/strong> valimine.<\/li>\n\n\n\n<li>\u00d5ige <strong>UFI paigutus<\/strong> ja vorming (kui see on kohaldatav).<\/li>\n\n\n\n<li>Kohustuslikud tarnija ja toote identifitseerimisandmed.<\/li>\n<\/ul>\n\n<h4 class=\"wp-block-heading\" id=\"h-2-label-check-for-existing-detergent-products\">2. <strong>Olemasolevate puhastusvahendite etikettide kontroll<\/strong><\/h4>\n\n<p>Kas teil on juba silt olemas? Me vaatame l\u00e4bi ja kontrollime: <\/p>\n\n<ul class=\"wp-block-list\">\n<li>\u00d5ige ohu klassifikatsioon CLP kohaselt.<\/li>\n\n\n\n<li>M\u00e4rgistuse tekst ja vorming vastavalt kehtivatele eeskirjadele.<\/li>\n\n\n\n<li>Detergentidega seotud n\u00f5uded, n\u00e4iteks koostisainete valiku avalikustamine ja allergeenide loetelus.<\/li>\n<\/ul>\n\n<h4 class=\"wp-block-heading\" id=\"h-3-compliance-with-detergents-regulation-ec-no-648-2004\">3. <strong>Vastavus detergentide m\u00e4\u00e4rusele (E\u00dc nr 648\/2004)<\/strong><\/h4>\n\n<p>Me tagame, et teie etikett vastab detergendi spetsiifilistele n\u00f5uetele, sealhulgas:<\/p>\n\n<ul class=\"wp-block-list\">\n<li>Koostisosade vahemiku deklareerimine (nt &#8220;5-15% anioonsed pindaktiivsed ained&#8221;).<\/li>\n\n\n\n<li>Allergiat p\u00f5hjustavate l\u00f5hnaainete avalikustamine (nt limoneen, linalool).<\/li>\n\n\n\n<li>Koostisosade loetelu veebip\u00f5hine seadistamine (kui see on kohaldatav).<\/li>\n<\/ul>\n\n<h2 class=\"wp-block-heading\" id=\"h-when-is-a-clp-label-and-ufi-required\">Millal on CLP-m\u00e4rgis ja UFI n\u00f5utav?<\/h2>\n\n<p>Kui teie detergent on CLP-le vastav m\u00e4rgis (ja potentsiaalselt PCN-teatis koos UFI-ga) on n\u00f5utav:<\/p>\n\n<ul class=\"wp-block-list\">\n<li>Sisaldab ohtlikke koostisosi, mis on klassifitseeritud tervisele v\u00f5i f\u00fc\u00fcsilisele toimele.<\/li>\n\n\n\n<li>Turustatakse tarbijatele v\u00f5i spetsialistidele.<\/li>\n<\/ul>\n\n<p>Me aitame teil kindlaks teha, kas teie toode vajab <strong>UFI<\/strong>, <strong>PCNi esitamist<\/strong> v\u00f5i lihtsalt m\u00e4rgistamist vastavalt detergentide m\u00e4\u00e4rusele.<\/p>\n\n<h2 class=\"wp-block-heading\" id=\"h-who-is-this-service-for\">Kellele see teenus on m\u00f5eldud?<\/h2>\n\n<ul class=\"wp-block-list\">\n<li>Vedelate v\u00f5i pulbriliste pesuvahendite tootjad.<\/li>\n\n\n\n<li>Puhastusvahendite ja pesemisvahendite importijad.<\/li>\n\n\n\n<li>Eram\u00e4rgiga kaubam\u00e4rgid, mis vajavad t\u00e4ielikku m\u00e4rgistamise toetust.<\/li>\n\n\n\n<li>Ettev\u00f5tted ei ole kindlad, kas nende toode on ohtlik v\u00f5i mitte.<\/li>\n<\/ul>\n\n<h2 class=\"wp-block-heading\" id=\"h-why-choose-ufi-eu\">Miks valida UFI.EU?<\/h2>\n\n<ul class=\"wp-block-list\">\n<li><strong>CLP- ja detergentide m\u00e4\u00e4ruse eksperdid<\/strong>, kellel on aastatepikkune kogemus.<\/li>\n\n\n\n<li><strong>Kiire ja t\u00e4pne teenus<\/strong>, mis vastab teie toote vajadustele.<\/li>\n\n\n\n<li><strong>Selge hinnakujundus<\/strong> ja isiklik suhtlus.<\/li>\n\n\n\n<li><strong>Valikulised lisad<\/strong>: PCN teatamine, SDS loomine ja UFI genereerimine.<\/li>\n<\/ul>\n\n<h2 class=\"wp-block-heading\" id=\"h-get-started-today\">Alustage t\u00e4na<\/h2>\n\n<p>Olenemata sellest, kas vajate uut m\u00e4rgistust v\u00f5i soovite olemasolevat kontrollida, UFI.EU on siin, et toetada teie vastavusprotsessi.<br\/><strong>Laske meil hoolitseda \u00f5iguslike \u00fcksikasjade eest, et te saaksite keskenduda oma \u00e4ritegevusele<\/strong>.<\/p>\n\n<p><strong>CLP-m\u00e4rgise loomise v\u00f5i detergentide kontrollimise<\/strong> taotlemiseks kl\u00f5psake alloleval nupul.<\/p>\n","protected":false},"excerpt":{"rendered":"<p>Tagage meie ekspertteenuse abil t\u00e4ielik vastavus CLP- ja detergentide m\u00e4\u00e4rusele. Oleme spetsialiseerunud sellele, et aidata ettev\u00f5tetel t\u00e4ita Euroopa turul pesuvahenditele esitatavaid \u00f5iguslikke n\u00f5udeid. Meie CLP-m\u00e4rgistuse loomise ja kontrollimise teenus tagab, et teie toodete m\u00e4rgistus vastab t\u00e4ielikult nii CLP-m\u00e4\u00e4rusele (E\u00dc nr 1272\/2008 ) kui ka detergentide m\u00e4\u00e4rusele (E\u00dc nr 648\/2004). Miks on pesuvahendite \u00f5ige m\u00e4rgistus \u00fclioluline [&hellip;]<\/p>\n","protected":false},"featured_media":12442,"template":"","meta":[],"product_brand":[],"product_cat":[411],"product_tag":[],"class_list":{"0":"post-12780","1":"product","2":"type-product","3":"status-publish","4":"has-post-thumbnail","6":"product_cat-clp-margis","8":"first","9":"instock","10":"virtual","11":"taxable","12":"purchasable","13":"product-type-simple"},"bundled_by":[],"bundle_stock_status":"instock","bundle_stock_quantity":null,"bundle_virtual":false,"bundle_layout":"","bundle_add_to_cart_form_location":"","bundle_editable_in_cart":false,"bundle_sold_individually_context":"","bundle_item_grouping":"","bundle_min_size":"","bundle_max_size":"","bundle_price":[],"bundled_items":[],"bundle_sell_ids":[],"yoast_head":"<!-- This site is optimized with the Yoast SEO Premium plugin v25.1 (Yoast SEO v25.1) - https:\/\/yoast.com\/wordpress\/plugins\/seo\/ -->\n<title>CLP-m\u00e4rgistuse loomine ja vastavuskontroll detergentide jaoks - UFI<\/title>\n<meta name=\"description\" content=\"Meie CLP-m\u00e4rgistuse loomise ja kontrollimise teenus tagab, et teie toodete m\u00e4rgistus vastab t\u00e4ielikult nii CLP-m\u00e4\u00e4rusele (E\u00dc nr 1272\/2008) kui ka detergentide m\u00e4\u00e4rusele (E\u00dc nr 648\/2004).\" \/>\n<meta name=\"robots\" content=\"index, follow, max-snippet:-1, max-image-preview:large, max-video-preview:-1\" \/>\n<link rel=\"canonical\" href=\"https:\/\/www.ufi.eu\/et\/product\/clp-margistuse-loomine-ja-vastavuskontroll-detergentide-jaoks\/\" \/>\n<meta property=\"og:locale\" content=\"et_EE\" \/>\n<meta property=\"og:type\" content=\"article\" \/>\n<meta property=\"og:title\" content=\"CLP-m\u00e4rgistuse loomine ja vastavuskontroll detergentide jaoks\" \/>\n<meta property=\"og:description\" content=\"Meie CLP-m\u00e4rgistuse loomise ja kontrollimise teenus tagab, et teie toodete m\u00e4rgistus vastab t\u00e4ielikult nii CLP-m\u00e4\u00e4rusele (E\u00dc nr 1272\/2008) kui ka detergentide m\u00e4\u00e4rusele (E\u00dc nr 648\/2004).\" \/>\n<meta property=\"og:url\" content=\"https:\/\/www.ufi.eu\/et\/product\/clp-margistuse-loomine-ja-vastavuskontroll-detergentide-jaoks\/\" \/>\n<meta property=\"og:site_name\" content=\"UFI\" \/>\n<meta property=\"article:modified_time\" content=\"2025-04-28T12:21:12+00:00\" \/>\n<meta property=\"og:image\" content=\"https:\/\/www.ufi.eu\/wp-content\/uploads\/2025\/03\/pcn_ufi.jpg\" \/>\n\t<meta property=\"og:image:width\" content=\"1024\" \/>\n\t<meta property=\"og:image:height\" content=\"1024\" \/>\n\t<meta property=\"og:image:type\" content=\"image\/jpeg\" \/>\n<meta name=\"twitter:card\" content=\"summary_large_image\" \/>\n<meta name=\"twitter:label1\" content=\"Price\" \/>\n\t<meta name=\"twitter:data1\" content=\"&euro;50.00\" \/>\n\t<meta name=\"twitter:label2\" content=\"Availability\" \/>\n\t<meta name=\"twitter:data2\" content=\"In stock\" \/>\n<script type=\"application\/ld+json\" class=\"yoast-schema-graph\">{\"@context\":\"https:\/\/schema.org\",\"@graph\":[{\"@type\":\"WebPage\",\"@id\":\"https:\/\/www.ufi.eu\/et\/product\/clp-margistuse-loomine-ja-vastavuskontroll-detergentide-jaoks\/\",\"url\":\"https:\/\/www.ufi.eu\/et\/product\/clp-margistuse-loomine-ja-vastavuskontroll-detergentide-jaoks\/\",\"name\":\"CLP-m\u00e4rgistuse loomine ja vastavuskontroll detergentide jaoks - UFI\",\"isPartOf\":{\"@id\":\"https:\/\/www.ufi.eu\/et\/#website\"},\"primaryImageOfPage\":{\"@id\":\"https:\/\/www.ufi.eu\/et\/product\/clp-margistuse-loomine-ja-vastavuskontroll-detergentide-jaoks\/#primaryimage\"},\"image\":{\"@id\":\"https:\/\/www.ufi.eu\/et\/product\/clp-margistuse-loomine-ja-vastavuskontroll-detergentide-jaoks\/#primaryimage\"},\"thumbnailUrl\":\"https:\/\/www.ufi.eu\/wp-content\/uploads\/2025\/03\/pcn_ufi.jpg\",\"datePublished\":\"2025-04-15T20:26:28+00:00\",\"dateModified\":\"2025-04-28T12:21:12+00:00\",\"description\":\"Meie CLP-m\u00e4rgistuse loomise ja kontrollimise teenus tagab, et teie toodete m\u00e4rgistus vastab t\u00e4ielikult nii CLP-m\u00e4\u00e4rusele (E\u00dc nr 1272\/2008) kui ka detergentide m\u00e4\u00e4rusele (E\u00dc nr 648\/2004).\",\"breadcrumb\":{\"@id\":\"https:\/\/www.ufi.eu\/et\/product\/clp-margistuse-loomine-ja-vastavuskontroll-detergentide-jaoks\/#breadcrumb\"},\"inLanguage\":\"et\",\"potentialAction\":[{\"@type\":\"ReadAction\",\"target\":[\"https:\/\/www.ufi.eu\/et\/product\/clp-margistuse-loomine-ja-vastavuskontroll-detergentide-jaoks\/\"]}]},{\"@type\":\"ImageObject\",\"inLanguage\":\"et\",\"@id\":\"https:\/\/www.ufi.eu\/et\/product\/clp-margistuse-loomine-ja-vastavuskontroll-detergentide-jaoks\/#primaryimage\",\"url\":\"https:\/\/www.ufi.eu\/wp-content\/uploads\/2025\/03\/pcn_ufi.jpg\",\"contentUrl\":\"https:\/\/www.ufi.eu\/wp-content\/uploads\/2025\/03\/pcn_ufi.jpg\",\"width\":1024,\"height\":1024},{\"@type\":\"BreadcrumbList\",\"@id\":\"https:\/\/www.ufi.eu\/et\/product\/clp-margistuse-loomine-ja-vastavuskontroll-detergentide-jaoks\/#breadcrumb\",\"itemListElement\":[{\"@type\":\"ListItem\",\"position\":1,\"name\":\"Home\",\"item\":\"https:\/\/www.ufi.eu\/et\/kodu\/\"},{\"@type\":\"ListItem\",\"position\":2,\"name\":\"Kauplus\",\"item\":\"https:\/\/www.ufi.eu\/et\/kauplus\/\"},{\"@type\":\"ListItem\",\"position\":3,\"name\":\"CLP-m\u00e4rgistuse loomine ja vastavuskontroll detergentide jaoks\"}]},{\"@type\":\"WebSite\",\"@id\":\"https:\/\/www.ufi.eu\/et\/#website\",\"url\":\"https:\/\/www.ufi.eu\/et\/\",\"name\":\"UFI.EU\",\"description\":\"Poison Centre Notifications (PCN) and UFI\",\"publisher\":{\"@id\":\"https:\/\/www.ufi.eu\/et\/#organization\"},\"potentialAction\":[{\"@type\":\"SearchAction\",\"target\":{\"@type\":\"EntryPoint\",\"urlTemplate\":\"https:\/\/www.ufi.eu\/et\/?s={search_term_string}\"},\"query-input\":{\"@type\":\"PropertyValueSpecification\",\"valueRequired\":true,\"valueName\":\"search_term_string\"}}],\"inLanguage\":\"et\"},{\"@type\":\"Organization\",\"@id\":\"https:\/\/www.ufi.eu\/et\/#organization\",\"name\":\"UFI.EU\",\"url\":\"https:\/\/www.ufi.eu\/et\/\",\"logo\":{\"@type\":\"ImageObject\",\"inLanguage\":\"et\",\"@id\":\"https:\/\/www.ufi.eu\/et\/#\/schema\/logo\/image\/\",\"url\":\"https:\/\/www.ufi.eu\/wp-content\/uploads\/2025\/03\/cropped-logo_ufi3.jpg\",\"contentUrl\":\"https:\/\/www.ufi.eu\/wp-content\/uploads\/2025\/03\/cropped-logo_ufi3.jpg\",\"width\":231,\"height\":78,\"caption\":\"UFI.EU\"},\"image\":{\"@id\":\"https:\/\/www.ufi.eu\/et\/#\/schema\/logo\/image\/\"},\"description\":\"UFI.eu specializes in digital registrations for Poison Centre Notifications (PCN), ensuring your chemical products meet EU regulatory requirements effortlessly. Our streamlined solutions help businesses stay compliant while reducing complexity and administrative burden.\",\"email\":\"info@ufi.eu\",\"legalName\":\"UFI.EU\"}]}<\/script>\n<meta property=\"product:price:amount\" content=\"50.00\" \/>\n<meta property=\"product:price:currency\" content=\"EUR\" \/>\n<meta property=\"og:availability\" content=\"instock\" \/>\n<meta property=\"product:availability\" content=\"instock\" \/>\n<meta property=\"product:condition\" content=\"new\" \/>\n<!-- \/ Yoast SEO Premium plugin. -->","yoast_head_json":{"title":"CLP-m\u00e4rgistuse loomine ja vastavuskontroll detergentide jaoks - UFI","description":"Meie CLP-m\u00e4rgistuse loomise ja kontrollimise teenus tagab, et teie toodete m\u00e4rgistus vastab t\u00e4ielikult nii CLP-m\u00e4\u00e4rusele (E\u00dc nr 1272\/2008) kui ka detergentide m\u00e4\u00e4rusele (E\u00dc nr 648\/2004).","robots":{"index":"index","follow":"follow","max-snippet":"max-snippet:-1","max-image-preview":"max-image-preview:large","max-video-preview":"max-video-preview:-1"},"canonical":"https:\/\/www.ufi.eu\/et\/product\/clp-margistuse-loomine-ja-vastavuskontroll-detergentide-jaoks\/","og_locale":"et_EE","og_type":"article","og_title":"CLP-m\u00e4rgistuse loomine ja vastavuskontroll detergentide jaoks","og_description":"Meie CLP-m\u00e4rgistuse loomise ja kontrollimise teenus tagab, et teie toodete m\u00e4rgistus vastab t\u00e4ielikult nii CLP-m\u00e4\u00e4rusele (E\u00dc nr 1272\/2008) kui ka detergentide m\u00e4\u00e4rusele (E\u00dc nr 648\/2004).","og_url":"https:\/\/www.ufi.eu\/et\/product\/clp-margistuse-loomine-ja-vastavuskontroll-detergentide-jaoks\/","og_site_name":"UFI","article_modified_time":"2025-04-28T12:21:12+00:00","og_image":[{"width":1024,"height":1024,"url":"https:\/\/www.ufi.eu\/wp-content\/uploads\/2025\/03\/pcn_ufi.jpg","type":"image\/jpeg"}],"twitter_card":"summary_large_image","twitter_misc":{"Price":"&euro;50.00","Availability":"In stock"},"schema":{"@context":"https:\/\/schema.org","@graph":[{"@type":"WebPage","@id":"https:\/\/www.ufi.eu\/et\/product\/clp-margistuse-loomine-ja-vastavuskontroll-detergentide-jaoks\/","url":"https:\/\/www.ufi.eu\/et\/product\/clp-margistuse-loomine-ja-vastavuskontroll-detergentide-jaoks\/","name":"CLP-m\u00e4rgistuse loomine ja vastavuskontroll detergentide jaoks - UFI","isPartOf":{"@id":"https:\/\/www.ufi.eu\/et\/#website"},"primaryImageOfPage":{"@id":"https:\/\/www.ufi.eu\/et\/product\/clp-margistuse-loomine-ja-vastavuskontroll-detergentide-jaoks\/#primaryimage"},"image":{"@id":"https:\/\/www.ufi.eu\/et\/product\/clp-margistuse-loomine-ja-vastavuskontroll-detergentide-jaoks\/#primaryimage"},"thumbnailUrl":"https:\/\/www.ufi.eu\/wp-content\/uploads\/2025\/03\/pcn_ufi.jpg","datePublished":"2025-04-15T20:26:28+00:00","dateModified":"2025-04-28T12:21:12+00:00","description":"Meie CLP-m\u00e4rgistuse loomise ja kontrollimise teenus tagab, et teie toodete m\u00e4rgistus vastab t\u00e4ielikult nii CLP-m\u00e4\u00e4rusele (E\u00dc nr 1272\/2008) kui ka detergentide m\u00e4\u00e4rusele (E\u00dc nr 648\/2004).","breadcrumb":{"@id":"https:\/\/www.ufi.eu\/et\/product\/clp-margistuse-loomine-ja-vastavuskontroll-detergentide-jaoks\/#breadcrumb"},"inLanguage":"et","potentialAction":[{"@type":"ReadAction","target":["https:\/\/www.ufi.eu\/et\/product\/clp-margistuse-loomine-ja-vastavuskontroll-detergentide-jaoks\/"]}]},{"@type":"ImageObject","inLanguage":"et","@id":"https:\/\/www.ufi.eu\/et\/product\/clp-margistuse-loomine-ja-vastavuskontroll-detergentide-jaoks\/#primaryimage","url":"https:\/\/www.ufi.eu\/wp-content\/uploads\/2025\/03\/pcn_ufi.jpg","contentUrl":"https:\/\/www.ufi.eu\/wp-content\/uploads\/2025\/03\/pcn_ufi.jpg","width":1024,"height":1024},{"@type":"BreadcrumbList","@id":"https:\/\/www.ufi.eu\/et\/product\/clp-margistuse-loomine-ja-vastavuskontroll-detergentide-jaoks\/#breadcrumb","itemListElement":[{"@type":"ListItem","position":1,"name":"Home","item":"https:\/\/www.ufi.eu\/et\/kodu\/"},{"@type":"ListItem","position":2,"name":"Kauplus","item":"https:\/\/www.ufi.eu\/et\/kauplus\/"},{"@type":"ListItem","position":3,"name":"CLP-m\u00e4rgistuse loomine ja vastavuskontroll detergentide jaoks"}]},{"@type":"WebSite","@id":"https:\/\/www.ufi.eu\/et\/#website","url":"https:\/\/www.ufi.eu\/et\/","name":"UFI.EU","description":"Poison Centre Notifications (PCN) and UFI","publisher":{"@id":"https:\/\/www.ufi.eu\/et\/#organization"},"potentialAction":[{"@type":"SearchAction","target":{"@type":"EntryPoint","urlTemplate":"https:\/\/www.ufi.eu\/et\/?s={search_term_string}"},"query-input":{"@type":"PropertyValueSpecification","valueRequired":true,"valueName":"search_term_string"}}],"inLanguage":"et"},{"@type":"Organization","@id":"https:\/\/www.ufi.eu\/et\/#organization","name":"UFI.EU","url":"https:\/\/www.ufi.eu\/et\/","logo":{"@type":"ImageObject","inLanguage":"et","@id":"https:\/\/www.ufi.eu\/et\/#\/schema\/logo\/image\/","url":"https:\/\/www.ufi.eu\/wp-content\/uploads\/2025\/03\/cropped-logo_ufi3.jpg","contentUrl":"https:\/\/www.ufi.eu\/wp-content\/uploads\/2025\/03\/cropped-logo_ufi3.jpg","width":231,"height":78,"caption":"UFI.EU"},"image":{"@id":"https:\/\/www.ufi.eu\/et\/#\/schema\/logo\/image\/"},"description":"UFI.eu specializes in digital registrations for Poison Centre Notifications (PCN), ensuring your chemical products meet EU regulatory requirements effortlessly. Our streamlined solutions help businesses stay compliant while reducing complexity and administrative burden.","email":"info@ufi.eu","legalName":"UFI.EU"}]},"product_price_amount":"50.00","product_price_currency":"EUR","og_availability":"instock","product_availability":"instock","product_condition":"new"},"_links":{"self":[{"href":"https:\/\/www.ufi.eu\/et\/wp-json\/wp\/v2\/product\/12780","targetHints":{"allow":["GET"]}}],"collection":[{"href":"https:\/\/www.ufi.eu\/et\/wp-json\/wp\/v2\/product"}],"about":[{"href":"https:\/\/www.ufi.eu\/et\/wp-json\/wp\/v2\/types\/product"}],"wp:featuredmedia":[{"embeddable":true,"href":"https:\/\/www.ufi.eu\/et\/wp-json\/wp\/v2\/media\/12442"}],"wp:attachment":[{"href":"https:\/\/www.ufi.eu\/et\/wp-json\/wp\/v2\/media?parent=12780"}],"wp:term":[{"taxonomy":"product_brand","embeddable":true,"href":"https:\/\/www.ufi.eu\/et\/wp-json\/wp\/v2\/product_brand?post=12780"},{"taxonomy":"product_cat","embeddable":true,"href":"https:\/\/www.ufi.eu\/et\/wp-json\/wp\/v2\/product_cat?post=12780"},{"taxonomy":"product_tag","embeddable":true,"href":"https:\/\/www.ufi.eu\/et\/wp-json\/wp\/v2\/product_tag?post=12780"}],"curies":[{"name":"wp","href":"https:\/\/api.w.org\/{rel}","templated":true}]}}