{"id":12451,"date":"2025-04-09T20:22:00","date_gmt":"2025-04-15T19:33:54","guid":{"rendered":"https:\/\/www.ufi.eu\/pcn\/maaratlemata\/ohutuskaardi-tolge\/"},"modified":"2026-02-12T11:23:40","modified_gmt":"2026-02-12T11:23:40","slug":"ohutuskaardi-tolge","status":"publish","type":"product","link":"https:\/\/www.ufi.eu\/et\/product\/ohutuskaardi-tolge\/","title":{"rendered":"Ohutuskaardi keel"},"content":{"rendered":"\n<p>T\u00e4nap\u00e4eva globaliseerunud turul ei ole rahvusvaheliste ohutusstandardite j\u00e4rgimine ainult \u00f5iguslik vajadus &#8211; see on oluline osa vastutustundlikust ja t\u00f5husast \u00e4ritegevusest. Keemia- ja kosmeetikat\u00f6\u00f6stuse \u00f5igusnormide j\u00e4rgimisel on oluline, et ohutusalast teavet edastataks t\u00e4pselt ja k\u00e4ttesaadavalt. Siinkohal astub UFI.EU oma professionaalse <strong>ohutuskaartide t\u00f5lketeenusega<\/strong>, mis pakub t\u00e4pseid ja eeskirjadele vastavaid ohutuskaartide (MSDS), mida nimetatakse ka ohutuskaartideks (SDS), t\u00f5lkeid k\u00f5igis ELi keeltes ja mujalgi.  <\/p>\n\n<h4 class=\"wp-block-heading\" id=\"h-what-is-an-msds\">Mis on ohutuskaart?<\/h4>\n\n<p>Materjalide ohutuskaart (MSDS) on dokument, mis sisaldab \u00fcksikasjalikku teavet keemilise aine v\u00f5i segu kohta. Selles kirjeldatakse v\u00f5imalikke ohte (tervis, tulekahju, reaktsiooniv\u00f5ime, keskkonnakaitse), kuidas tootega ohutult t\u00f6\u00f6tada ja h\u00e4daolukorra t\u00f5rjemeetmeid. ELi m\u00e4\u00e4ruste, n\u00e4iteks <strong>REACH-m\u00e4\u00e4ruse<\/strong> (kemikaalide registreerimine, hindamine, autoriseerimine ja piiramine) ja <strong>CLP-m\u00e4\u00e4ruse<\/strong> (klassifitseerimine, m\u00e4rgistamine ja pakendamine) kohaselt on ohutuskaardil v\u00f5tmeroll ohtlike ainete ohutu kasutamise ja transpordi tagamisel.   <\/p>\n\n<h4 class=\"wp-block-heading\" id=\"h-why-accurate-translation-is-crucial\">Miks t\u00e4pne t\u00f5lge on \u00fclioluline<\/h4>\n\n<p>Igal ELi liikmesriigil on oma keelen\u00f5uded SDS-dokumentidele. Kui te ekspordite v\u00f5i impordite toodet m\u00f5nda teise ELi riiki, peate esitama SDSi sihtriigi ametlikus keeles (ametlikes keeltes). Ebat\u00e4pselt t\u00f5lgitud ohutuskaart v\u00f5ib p\u00f5hjustada:<\/p>\n\n<ul class=\"wp-block-list\">\n<li>Regulatiivsed trahvid v\u00f5i \u00f5iguslikud kohustused<\/li>\n\n\n\n<li>Viivitused tollis v\u00f5i transpordikatkestused<\/li>\n\n\n\n<li>Ohtlike ainete v\u00e4\u00e4rkasutamine<\/li>\n\n\n\n<li>Suurenenud \u00f5nnetusjuhtumite v\u00f5i keskkonnakahjustuste oht<\/li>\n<\/ul>\n\n<p>Tunnistame selle protsessi keerukust ja tundlikkust. Meie ohutuskaitsedokumendi t\u00f5lketeenus tagab, et teie dokumendid ei ole mitte ainult keeleliselt t\u00e4psed, vaid vastavad ka t\u00e4ielikult <strong>REACH-m\u00e4\u00e4ruse II lisale<\/strong> ja <strong>ECHA (Euroopa Kemikaaliamet<\/strong> ) viimastele juhistele. <\/p>\n\n<h3 class=\"wp-block-heading\" id=\"h-our-msds-translation-services\">Meie MSDS t\u00f5lketeenused<\/h3>\n\n<p>Pakume t\u00e4ielikku t\u00f5lketeenuste paketti, mis on kohandatud keemia-, kosmeetika-, l\u00f5hna-, puhastus- ja t\u00f6\u00f6stussektoritele. Meie MSDSi t\u00f5lkelahendused h\u00f5lmavad j\u00e4rgmist:<\/p>\n\n<h4 class=\"wp-block-heading\" id=\"h-multilingual-sds-translations\">\u2714 Mitmekeelsed SDS t\u00f5lked<\/h4>\n\n<p>T\u00f5lgime ohutuskaardidokumente k\u00f5ikidesse ELi ametlikesse keeltesse ning ka muudesse keeltesse, mis on vajalikud \u00fclemaailmse kaubanduse jaoks. Iga t\u00f5lge vaadatakse hoolikalt \u00fcle, et tagada selle vastavus kohalikele kemikaale k\u00e4sitlevatele \u00f5igusaktidele, terminoloogiale ja vormistusnormidele.<\/p>\n\n<h4 class=\"wp-block-heading\" id=\"h-compliance-verification\">\u2714 Vastavuse kontrollimine<\/h4>\n\n<p>T\u00f5lkimine on midagi enamat kui keel &#8211; see t\u00e4hendab ka <strong>\u00f5iguslikku t\u00e4psust<\/strong>. Meie \u00f5igusloomeekspertide meeskond vaatab teie ohutuskaardi \u00fcle, et tagada selle t\u00f5lke vastavus REACH- ja CLP-n\u00f5uetele, sealhulgas: <\/p>\n\n<ul class=\"wp-block-list\">\n<li>\u00dchtlustatud klassifitseerimine ja m\u00e4rgistamine<\/li>\n\n\n\n<li>UFI (Unique Formula Identifier) paigutus ja struktuur<\/li>\n\n\n\n<li>Ekspositsioonistsenaariumid (kui see on vajalik)<\/li>\n\n\n\n<li>GHS-piktogrammid, m\u00e4rgus\u00f5nad ja ohulaused<\/li>\n<\/ul>\n\n<h4 class=\"wp-block-heading\" id=\"h-sector-specific-terminology\">\u2714 Sektorispetsiifiline terminoloogia<\/h4>\n\n<p>Oleme spetsialiseerunud t\u00f6\u00f6stusharudele, mis n\u00f5uavad terminoloogia ja regulatiivsete n\u00fcansside t\u00e4pset m\u00f5istmist. Nende hulka kuuluvad:<\/p>\n\n<ul class=\"wp-block-list\">\n<li><strong>Kosmeetika ja kehahooldus<\/strong><\/li>\n\n\n\n<li><strong>Eeterlikud \u00f5lid ja l\u00f5hnaained<\/strong><\/li>\n\n\n\n<li><strong>Kodumajapidamises kasutatavad puhastusvahendid<\/strong><\/li>\n\n\n\n<li><strong>V\u00e4rvid ja pinnakatted<\/strong><\/li>\n\n\n\n<li><strong>Laboratooriumi kemikaalid<\/strong><\/li>\n\n\n\n<li><strong>T\u00f6\u00f6stuslik tooraine<\/strong><\/li>\n<\/ul>\n\n<p>Meie t\u00f5lkijad on erialaspetsialistid, mitte generalistid, mis t\u00e4hendab, et nad teavad, mis vahe on pindaktiivsel ainel ja lahustil ning miks see on klassifitseerimisel oluline.<\/p>\n\n<h3 class=\"wp-block-heading\" id=\"h-why-choose-ufi-eu\">Miks valida UFI.EU?<\/h3>\n\n<p>Me ei ole lihtsalt t\u00f5lkijad &#8211; me oleme \u00f5igusaktide vastavuse spetsialistid. Meie meeskond \u00fchendab endas <strong>keelelise p\u00e4devuse<\/strong> ja <strong>tehnilised regulatiivsed teadmised<\/strong>, mist\u00f5ttu on meil ainulaadne v\u00f5imalus toetada teie ettev\u00f5tet kogu Euroopas. <\/p>\n\n<h4 class=\"wp-block-heading\" id=\"h-fast-turnaround\">\u2705 Kiiresti \u00fcmbert\u00f6\u00f6tlemine<\/h4>\n\n<p>Me m\u00f5istame, et SDS-dokumendid on sageli ajaliselt tundlikud. Olenemata sellest, kas te k\u00e4ivitate uue toote v\u00f5i tarnite rahvusvaheliselt, on meie l\u00e4bit\u00f6\u00f6tamisajad m\u00f5eldud selleks, et teie tegevus oleks pidevas liikumises.<\/p>\n\n<h4 class=\"wp-block-heading\" id=\"h-competitive-pricing\">\u2705 Konkurentsiv\u00f5imeline hinnakujundus<\/h4>\n\n<p>Pakume l\u00e4bipaistvat hinnakujundust ilma varjatud tasudeta. Meie hinnad on fikseeritud ja saate osta otse meie veebisaidilt.<\/p>\n\n<h4 class=\"wp-block-heading\" id=\"h-confidentiality\">\u2705 Konfidentsiaalsus<\/h4>\n\n<p>K\u00f5iki teie dokumente k\u00e4sitletakse rangelt konfidentsiaalselt. Soovi korral allkirjastame hea meelega NDA-d ning k\u00f5ik failide edastused on kr\u00fcpteeritud ja turvalised.<\/p>\n\n<h3 class=\"wp-block-heading\" id=\"h-common-use-cases-for-our-msds-translation-service\">Meie MSDSi t\u00f5lketeenuse tavalised kasutusjuhud<\/h3>\n\n<p><strong>1. Kosmeetikatoodete koostisainete eksport:<\/strong><br\/>Kui olete eeterlike \u00f5lide v\u00f5i kosmeetikatoodete tarnija ja soovite eksportida Prantsusmaale, Saksamaale v\u00f5i Hispaaniasse, vajate tollivormistuse ja \u00f5igusliku vastavuse tagamiseks t\u00f5lkitud ohutuskaardid asjaomases keeles.<\/p>\n\n<p><strong>2. Uue puhastusvahendi turuleviimine:<\/strong><br\/>Enne kodumajapidamises kasutatava puhastusvahendi ELi turuleviimist peate esitama SDSi iga turu riigikeeles. Meie meeskond saab teie dokumente t\u00f5lkida ja valideerida mitmes jurisdiktsioonis. <\/p>\n\n<p><strong>3. PCNi esitamise tugi:<\/strong><br\/>Kui teie SDS sisaldab UFI-d ja te esitate m\u00fcrgistusteatise (PCN), peab teie t\u00f5lgitud SDS vastama ECHA portaali esitatud andmetele. Me aitame tagada koosk\u00f5la teie SDSi, toote m\u00e4rgistuse ja PCNi vahel. <\/p>\n\n<p><strong>4. Omandamine v\u00f5i tarnija vahetumine:<\/strong><br\/>Kui teie ettev\u00f5te on hiljuti omandanud uusi kemikaalide koostise v\u00e4lismaiselt tarnijalt, saame t\u00f5lkida ja lokaliseerida SDSi teie sisemise meeskonna ja klientide jaoks.<\/p>\n\n<h3 class=\"wp-block-heading\" id=\"h-more-than-just-translation-additional-services\">Rohkem kui lihtsalt t\u00f5lge: Lisateenused<\/h3>\n\n<p>UFI.EU pakub lisaks ohutuskaartide t\u00f5lketeenusele ka j\u00e4rgmist:<\/p>\n\n<ul class=\"wp-block-list\">\n<li><strong><a href=\"https:\/\/www.ufi.eu\/pcn\/safety-data-sheet\/safety-data-sheet-creation\/\">MSDSi loomine<\/a><\/strong> teie toote<\/li>\n\n\n\n<li><strong>UFI-koodi genereerimine<\/strong> ja paigutamine etikettidele<\/li>\n\n\n\n<li><strong><a href=\"https:\/\/www.ufi.eu\/pcn\/clp-label\/clp-label-creation-compliance-check\/\">CLP-m\u00e4rgistuse teave<\/a><\/strong> ohupiktogrammid, m\u00e4rgus\u00f5nad ja ohulaused kohalikus keeles<\/li>\n\n\n\n<li><strong>PCN esitamise teenused<\/strong> &#8211; t\u00e4ielik tugi SDS andmete \u00fcleslaadimisel ECHA portaali.<\/li>\n\n\n\n<li>Koostiste <strong>toksikoloogiline eelseire<\/strong> <\/li>\n\n\n\n<li><strong>Toote registreerimise tugi<\/strong> riiklikes m\u00fcrgistuskeskustes<\/li>\n<\/ul>\n\n<p>Selline t\u00e4isteenust pakkuv l\u00e4henemisviis tagab, et teie ettev\u00f5ttel on <strong>\u00fcks usaldusv\u00e4\u00e4rne partner<\/strong> k\u00f5igi kemikaaliohutuse ja dokumenteerimise vajaduste jaoks.<\/p>\n","protected":false},"excerpt":{"rendered":"<p>T\u00e4nap\u00e4eva globaliseerunud turul ei ole rahvusvaheliste ohutusstandardite j\u00e4rgimine ainult \u00f5iguslik vajadus &#8211; see on oluline osa vastutustundlikust ja t\u00f5husast \u00e4ritegevusest. Keemia- ja kosmeetikat\u00f6\u00f6stuse \u00f5igusnormide j\u00e4rgimisel on oluline, et ohutusalast teavet edastataks t\u00e4pselt ja k\u00e4ttesaadavalt. Siinkohal astub UFI.EU oma professionaalse ohutuskaartide t\u00f5lketeenusega, mis pakub t\u00e4pseid ja eeskirjadele vastavaid ohutuskaartide (MSDS), mida nimetatakse ka ohutuskaartideks (SDS), t\u00f5lkeid [&hellip;]<\/p>\n","protected":false},"featured_media":12519,"template":"","meta":[],"product_brand":[],"product_cat":[288],"product_tag":[],"class_list":{"0":"post-12451","1":"product","2":"type-product","3":"status-publish","4":"has-post-thumbnail","6":"product_cat-ohutuskaart","8":"first","9":"instock","10":"taxable","11":"shipping-taxable","12":"purchasable","13":"product-type-simple"},"bundled_by":["12855","13191","31735"],"bundle_stock_status":"instock","bundle_stock_quantity":null,"bundle_virtual":false,"bundle_layout":"","bundle_add_to_cart_form_location":"","bundle_editable_in_cart":false,"bundle_sold_individually_context":"","bundle_item_grouping":"","bundle_min_size":"","bundle_max_size":"","bundle_price":[],"bundled_items":[],"bundle_sell_ids":[],"yoast_head":"<!-- This site is optimized with the Yoast SEO Premium plugin v25.1 (Yoast SEO v25.1) - https:\/\/yoast.com\/wordpress\/plugins\/seo\/ -->\n<title>MSDS t\u00f5lketeenus - t\u00f5lkige oma SDSi ohutuskaart<\/title>\n<meta name=\"description\" content=\"Meie SDSi ja MSDSi t\u00f5lketeenus tagab, et teie dokumendid ei ole mitte ainult keeleliselt t\u00e4psed, vaid ka t\u00e4ielikult n\u00f5uetele vastavad.\" \/>\n<meta name=\"robots\" content=\"index, follow, max-snippet:-1, max-image-preview:large, max-video-preview:-1\" \/>\n<link rel=\"canonical\" href=\"https:\/\/www.ufi.eu\/et\/product\/ohutuskaardi-tolge\/\" \/>\n<meta property=\"og:locale\" content=\"et_EE\" \/>\n<meta property=\"og:type\" content=\"article\" \/>\n<meta property=\"og:title\" content=\"Ohutuskaardi keel\" \/>\n<meta property=\"og:description\" content=\"Meie SDSi ja MSDSi t\u00f5lketeenus tagab, et teie dokumendid ei ole mitte ainult keeleliselt t\u00e4psed, vaid ka t\u00e4ielikult n\u00f5uetele vastavad.\" \/>\n<meta property=\"og:url\" content=\"https:\/\/www.ufi.eu\/et\/product\/ohutuskaardi-tolge\/\" \/>\n<meta property=\"og:site_name\" content=\"UFI\" \/>\n<meta property=\"article:modified_time\" content=\"2026-02-12T11:23:40+00:00\" \/>\n<meta property=\"og:image\" content=\"https:\/\/www.ufi.eu\/wp-content\/uploads\/2025\/03\/eu.jpg\" \/>\n\t<meta property=\"og:image:width\" content=\"800\" \/>\n\t<meta property=\"og:image:height\" content=\"800\" \/>\n\t<meta property=\"og:image:type\" content=\"image\/jpeg\" \/>\n<meta name=\"twitter:card\" content=\"summary_large_image\" \/>\n<meta name=\"twitter:label1\" content=\"Price\" \/>\n\t<meta name=\"twitter:data1\" content=\"&euro;50.00\" \/>\n\t<meta name=\"twitter:label2\" content=\"Availability\" \/>\n\t<meta name=\"twitter:data2\" content=\"In stock\" \/>\n<script type=\"application\/ld+json\" class=\"yoast-schema-graph\">{\"@context\":\"https:\/\/schema.org\",\"@graph\":[{\"@type\":\"WebPage\",\"@id\":\"https:\/\/www.ufi.eu\/et\/product\/ohutuskaardi-tolge\/\",\"url\":\"https:\/\/www.ufi.eu\/et\/product\/ohutuskaardi-tolge\/\",\"name\":\"MSDS t\u00f5lketeenus - t\u00f5lkige oma SDSi ohutuskaart\",\"isPartOf\":{\"@id\":\"https:\/\/www.ufi.eu\/et\/#website\"},\"primaryImageOfPage\":{\"@id\":\"https:\/\/www.ufi.eu\/et\/product\/ohutuskaardi-tolge\/#primaryimage\"},\"image\":{\"@id\":\"https:\/\/www.ufi.eu\/et\/product\/ohutuskaardi-tolge\/#primaryimage\"},\"thumbnailUrl\":\"https:\/\/www.ufi.eu\/wp-content\/uploads\/2025\/03\/eu.jpg\",\"datePublished\":\"2025-04-15T19:33:54+00:00\",\"dateModified\":\"2026-02-12T11:23:40+00:00\",\"description\":\"Meie SDSi ja MSDSi t\u00f5lketeenus tagab, et teie dokumendid ei ole mitte ainult keeleliselt t\u00e4psed, vaid ka t\u00e4ielikult n\u00f5uetele vastavad.\",\"breadcrumb\":{\"@id\":\"https:\/\/www.ufi.eu\/et\/product\/ohutuskaardi-tolge\/#breadcrumb\"},\"inLanguage\":\"et\",\"potentialAction\":[{\"@type\":\"ReadAction\",\"target\":[\"https:\/\/www.ufi.eu\/et\/product\/ohutuskaardi-tolge\/\"]}]},{\"@type\":\"ImageObject\",\"inLanguage\":\"et\",\"@id\":\"https:\/\/www.ufi.eu\/et\/product\/ohutuskaardi-tolge\/#primaryimage\",\"url\":\"https:\/\/www.ufi.eu\/wp-content\/uploads\/2025\/03\/eu.jpg\",\"contentUrl\":\"https:\/\/www.ufi.eu\/wp-content\/uploads\/2025\/03\/eu.jpg\",\"width\":800,\"height\":800},{\"@type\":\"BreadcrumbList\",\"@id\":\"https:\/\/www.ufi.eu\/et\/product\/ohutuskaardi-tolge\/#breadcrumb\",\"itemListElement\":[{\"@type\":\"ListItem\",\"position\":1,\"name\":\"Home\",\"item\":\"https:\/\/www.ufi.eu\/et\/kodu\/\"},{\"@type\":\"ListItem\",\"position\":2,\"name\":\"Kauplus\",\"item\":\"https:\/\/www.ufi.eu\/et\/kauplus\/\"},{\"@type\":\"ListItem\",\"position\":3,\"name\":\"Ohutuskaardi keel\"}]},{\"@type\":\"WebSite\",\"@id\":\"https:\/\/www.ufi.eu\/et\/#website\",\"url\":\"https:\/\/www.ufi.eu\/et\/\",\"name\":\"UFI.EU\",\"description\":\"Poison Centre Notifications (PCN) and UFI\",\"publisher\":{\"@id\":\"https:\/\/www.ufi.eu\/et\/#organization\"},\"potentialAction\":[{\"@type\":\"SearchAction\",\"target\":{\"@type\":\"EntryPoint\",\"urlTemplate\":\"https:\/\/www.ufi.eu\/et\/?s={search_term_string}\"},\"query-input\":{\"@type\":\"PropertyValueSpecification\",\"valueRequired\":true,\"valueName\":\"search_term_string\"}}],\"inLanguage\":\"et\"},{\"@type\":\"Organization\",\"@id\":\"https:\/\/www.ufi.eu\/et\/#organization\",\"name\":\"UFI.EU\",\"url\":\"https:\/\/www.ufi.eu\/et\/\",\"logo\":{\"@type\":\"ImageObject\",\"inLanguage\":\"et\",\"@id\":\"https:\/\/www.ufi.eu\/et\/#\/schema\/logo\/image\/\",\"url\":\"https:\/\/www.ufi.eu\/wp-content\/uploads\/2025\/03\/cropped-logo_ufi3.jpg\",\"contentUrl\":\"https:\/\/www.ufi.eu\/wp-content\/uploads\/2025\/03\/cropped-logo_ufi3.jpg\",\"width\":231,\"height\":78,\"caption\":\"UFI.EU\"},\"image\":{\"@id\":\"https:\/\/www.ufi.eu\/et\/#\/schema\/logo\/image\/\"},\"description\":\"UFI.eu specializes in digital registrations for Poison Centre Notifications (PCN), ensuring your chemical products meet EU regulatory requirements effortlessly. Our streamlined solutions help businesses stay compliant while reducing complexity and administrative burden.\",\"email\":\"info@ufi.eu\",\"legalName\":\"UFI.EU\"}]}<\/script>\n<meta property=\"product:price:amount\" content=\"50.00\" \/>\n<meta property=\"product:price:currency\" content=\"EUR\" \/>\n<meta property=\"og:availability\" content=\"instock\" \/>\n<meta property=\"product:availability\" content=\"instock\" \/>\n<meta property=\"product:condition\" content=\"new\" \/>\n<!-- \/ Yoast SEO Premium plugin. -->","yoast_head_json":{"title":"MSDS t\u00f5lketeenus - t\u00f5lkige oma SDSi ohutuskaart","description":"Meie SDSi ja MSDSi t\u00f5lketeenus tagab, et teie dokumendid ei ole mitte ainult keeleliselt t\u00e4psed, vaid ka t\u00e4ielikult n\u00f5uetele vastavad.","robots":{"index":"index","follow":"follow","max-snippet":"max-snippet:-1","max-image-preview":"max-image-preview:large","max-video-preview":"max-video-preview:-1"},"canonical":"https:\/\/www.ufi.eu\/et\/product\/ohutuskaardi-tolge\/","og_locale":"et_EE","og_type":"article","og_title":"Ohutuskaardi keel","og_description":"Meie SDSi ja MSDSi t\u00f5lketeenus tagab, et teie dokumendid ei ole mitte ainult keeleliselt t\u00e4psed, vaid ka t\u00e4ielikult n\u00f5uetele vastavad.","og_url":"https:\/\/www.ufi.eu\/et\/product\/ohutuskaardi-tolge\/","og_site_name":"UFI","article_modified_time":"2026-02-12T11:23:40+00:00","og_image":[{"width":800,"height":800,"url":"https:\/\/www.ufi.eu\/wp-content\/uploads\/2025\/03\/eu.jpg","type":"image\/jpeg"}],"twitter_card":"summary_large_image","twitter_misc":{"Price":"&euro;50.00","Availability":"In stock"},"schema":{"@context":"https:\/\/schema.org","@graph":[{"@type":"WebPage","@id":"https:\/\/www.ufi.eu\/et\/product\/ohutuskaardi-tolge\/","url":"https:\/\/www.ufi.eu\/et\/product\/ohutuskaardi-tolge\/","name":"MSDS t\u00f5lketeenus - t\u00f5lkige oma SDSi ohutuskaart","isPartOf":{"@id":"https:\/\/www.ufi.eu\/et\/#website"},"primaryImageOfPage":{"@id":"https:\/\/www.ufi.eu\/et\/product\/ohutuskaardi-tolge\/#primaryimage"},"image":{"@id":"https:\/\/www.ufi.eu\/et\/product\/ohutuskaardi-tolge\/#primaryimage"},"thumbnailUrl":"https:\/\/www.ufi.eu\/wp-content\/uploads\/2025\/03\/eu.jpg","datePublished":"2025-04-15T19:33:54+00:00","dateModified":"2026-02-12T11:23:40+00:00","description":"Meie SDSi ja MSDSi t\u00f5lketeenus tagab, et teie dokumendid ei ole mitte ainult keeleliselt t\u00e4psed, vaid ka t\u00e4ielikult n\u00f5uetele vastavad.","breadcrumb":{"@id":"https:\/\/www.ufi.eu\/et\/product\/ohutuskaardi-tolge\/#breadcrumb"},"inLanguage":"et","potentialAction":[{"@type":"ReadAction","target":["https:\/\/www.ufi.eu\/et\/product\/ohutuskaardi-tolge\/"]}]},{"@type":"ImageObject","inLanguage":"et","@id":"https:\/\/www.ufi.eu\/et\/product\/ohutuskaardi-tolge\/#primaryimage","url":"https:\/\/www.ufi.eu\/wp-content\/uploads\/2025\/03\/eu.jpg","contentUrl":"https:\/\/www.ufi.eu\/wp-content\/uploads\/2025\/03\/eu.jpg","width":800,"height":800},{"@type":"BreadcrumbList","@id":"https:\/\/www.ufi.eu\/et\/product\/ohutuskaardi-tolge\/#breadcrumb","itemListElement":[{"@type":"ListItem","position":1,"name":"Home","item":"https:\/\/www.ufi.eu\/et\/kodu\/"},{"@type":"ListItem","position":2,"name":"Kauplus","item":"https:\/\/www.ufi.eu\/et\/kauplus\/"},{"@type":"ListItem","position":3,"name":"Ohutuskaardi keel"}]},{"@type":"WebSite","@id":"https:\/\/www.ufi.eu\/et\/#website","url":"https:\/\/www.ufi.eu\/et\/","name":"UFI.EU","description":"Poison Centre Notifications (PCN) and UFI","publisher":{"@id":"https:\/\/www.ufi.eu\/et\/#organization"},"potentialAction":[{"@type":"SearchAction","target":{"@type":"EntryPoint","urlTemplate":"https:\/\/www.ufi.eu\/et\/?s={search_term_string}"},"query-input":{"@type":"PropertyValueSpecification","valueRequired":true,"valueName":"search_term_string"}}],"inLanguage":"et"},{"@type":"Organization","@id":"https:\/\/www.ufi.eu\/et\/#organization","name":"UFI.EU","url":"https:\/\/www.ufi.eu\/et\/","logo":{"@type":"ImageObject","inLanguage":"et","@id":"https:\/\/www.ufi.eu\/et\/#\/schema\/logo\/image\/","url":"https:\/\/www.ufi.eu\/wp-content\/uploads\/2025\/03\/cropped-logo_ufi3.jpg","contentUrl":"https:\/\/www.ufi.eu\/wp-content\/uploads\/2025\/03\/cropped-logo_ufi3.jpg","width":231,"height":78,"caption":"UFI.EU"},"image":{"@id":"https:\/\/www.ufi.eu\/et\/#\/schema\/logo\/image\/"},"description":"UFI.eu specializes in digital registrations for Poison Centre Notifications (PCN), ensuring your chemical products meet EU regulatory requirements effortlessly. Our streamlined solutions help businesses stay compliant while reducing complexity and administrative burden.","email":"info@ufi.eu","legalName":"UFI.EU"}]},"product_price_amount":"50.00","product_price_currency":"EUR","og_availability":"instock","product_availability":"instock","product_condition":"new"},"_links":{"self":[{"href":"https:\/\/www.ufi.eu\/et\/wp-json\/wp\/v2\/product\/12451","targetHints":{"allow":["GET"]}}],"collection":[{"href":"https:\/\/www.ufi.eu\/et\/wp-json\/wp\/v2\/product"}],"about":[{"href":"https:\/\/www.ufi.eu\/et\/wp-json\/wp\/v2\/types\/product"}],"wp:featuredmedia":[{"embeddable":true,"href":"https:\/\/www.ufi.eu\/et\/wp-json\/wp\/v2\/media\/12519"}],"wp:attachment":[{"href":"https:\/\/www.ufi.eu\/et\/wp-json\/wp\/v2\/media?parent=12451"}],"wp:term":[{"taxonomy":"product_brand","embeddable":true,"href":"https:\/\/www.ufi.eu\/et\/wp-json\/wp\/v2\/product_brand?post=12451"},{"taxonomy":"product_cat","embeddable":true,"href":"https:\/\/www.ufi.eu\/et\/wp-json\/wp\/v2\/product_cat?post=12451"},{"taxonomy":"product_tag","embeddable":true,"href":"https:\/\/www.ufi.eu\/et\/wp-json\/wp\/v2\/product_tag?post=12451"}],"curies":[{"name":"wp","href":"https:\/\/api.w.org\/{rel}","templated":true}]}}