{"id":12438,"date":"2025-04-09T20:19:16","date_gmt":"2025-04-15T19:33:44","guid":{"rendered":"https:\/\/www.ufi.eu\/pcn\/maaratlemata\/ohutuskaardi-koostamine\/"},"modified":"2025-08-29T09:15:22","modified_gmt":"2025-08-29T09:15:22","slug":"ohutuskaardi-koostamine","status":"publish","type":"product","link":"https:\/\/www.ufi.eu\/et\/product\/ohutuskaardi-koostamine\/","title":{"rendered":"Ohutuskaardi koostamine"},"content":{"rendered":"\n<h3 class=\"wp-block-heading\" id=\"h-please-select-the-bundle-including-a-language-for-the-creation-of-an-sds-without-a-language-we-cannot-create-the-sds\"><strong><a href=\"https:\/\/www.ufi.eu\/et\/product\/ohutuskaardi-msds-sds-loomise-teenus\/\">Palun valige SDSi loomiseks pakett<\/a>, mis sisaldab keelt. Ilma keeleta ei saa me SDSi luua.   <\/strong><\/h3>\n\n<p><strong>Professionaalselt koostatud ohutuskaardid, mis vastavad t\u00e4ielikult ELi m\u00e4\u00e4rusele (REACH ja CLP)<\/strong><br\/>Pakume teie tootele kohandatud ja uusimatele ELi m\u00e4\u00e4rustele vastavaid, asjatundlikult koostatud <strong>ohutuskaarte (SDS<\/strong> ), mida nimetatakse ka <strong>materjali ohutuskaartideks (MSDS)<\/strong>. Olenemata sellest, kas te toodate keemilisi segusid, impordite tooteid ELi v\u00f5i turustate neid eram\u00e4rgistuse all, on n\u00f5uetele vastav SDS seadusega n\u00f5utav ja ohutu kasutamise jaoks kogu tarneahelas h\u00e4davajalik. <\/p>\n\n<h2 class=\"wp-block-heading\" id=\"h-what-is-an-safety-data-sheet-msds-sds-and-why-do-you-need-one\">Mis on ohutuskaart (MSDS\/SDS) ja milleks seda vaja on?<\/h2>\n\n<p><strong>Ohutuskaart<\/strong> on seadusega n\u00f5utav dokument, mis sisaldab p\u00f5hjalikku teavet keemilise aine v\u00f5i segu omaduste kohta. <strong>REACH-m\u00e4\u00e4ruse (E\u00dc nr 1907\/2006)<\/strong> ja <strong>CLP-m\u00e4\u00e4ruse (E\u00dc nr 1272\/2008<\/strong>) kohaselt peavad tarnijad esitama ohutuskaardi iga ohtliku v\u00f5i probleemseid aineid sisaldava toote kohta tootmisahela j\u00e4rgmise etapi kasutajatele. <\/p>\n\n<p>T\u00e4pse ja t\u00e4ieliku SDSi esitamata j\u00e4tmine v\u00f5ib kaasa tuua:<\/p>\n\n<ul class=\"wp-block-list\">\n<li><strong>\u00d5iguslike karistuste<\/strong> v\u00f5i tollij\u00e4relevalve hilinemiste t\u00f5ttu<\/li>\n\n\n\n<li><strong>Tagasil\u00fckatud saadetised<\/strong> v\u00f5i kaotatud \u00e4ripartnerid<\/li>\n\n\n\n<li><strong>Risk inimeste tervisele ja keskkonnale<\/strong><\/li>\n<\/ul>\n\n<h2 class=\"wp-block-heading\" id=\"h-what-our-sds-creation-service-includes\">Mida meie SDS loomise teenus sisaldab<\/h2>\n\n<h4 class=\"wp-block-heading\" id=\"h-1-fully-compliant-sds-creation-16-sections\">1. <strong>T\u00e4ielikult n\u00f5uetele vastava SDSi koostamine (16 jagu)<\/strong><\/h4>\n\n<p>Me loome teie SDSi nullist, l\u00e4htudes teie toote koostisest ja\/v\u00f5i olemasolevatest andmetest, sealhulgas:<\/p>\n\n<ul class=\"wp-block-list\">\n<li>Ohu klassifikatsioon ja m\u00e4rgistusandmed (CLP-konform)<\/li>\n\n\n\n<li>Koostis ja koostisainete avalikustamine<\/li>\n\n\n\n<li>Ohutu k\u00e4itlemise, ladustamise ja transpordi juhised<\/li>\n\n\n\n<li>Esmaabi, tulet\u00f5rje ja \u00f5nnetusjuhtumite puhul v\u00f5etavad meetmed<\/li>\n\n\n\n<li>Viited \u00f5igusaktidele (REACH II lisa)<\/li>\n<\/ul>\n\n<p>Iga SDS on esitatud vastavalt <strong>REACH-m\u00e4\u00e4ruse II lisale<\/strong>, mis on koosk\u00f5las viimaste ajakohastuste ja \u00fchtlustatud klassifikatsioonidega.<\/p>\n\n<h4 class=\"wp-block-heading\" id=\"h-2-multilingual-sds-versions\">2. <strong>Mitmekeelsed SDS versioonid<\/strong><\/h4>\n\n<p>Pakume SDSi koostamist mitmes ELi ametlikus keeles, mis on valmis piiri\u00fcleseks levitamiseks. See h\u00f5lmab:<\/p>\n\n<ul class=\"wp-block-list\">\n<li>Keemiaterminoloogiat tundvate ekspertide t\u00f5lked<\/li>\n\n\n\n<li>Vajaduse korral riigispetsiifilised kohandused (nt riiklikud kokkupuute piirnormid).<\/li>\n<\/ul>\n\n<h4 class=\"wp-block-heading\" id=\"h-3-update-amp-conversion-service\">3. <strong>Uuendamise ja konverteerimise teenus<\/strong><\/h4>\n\n<p>Kas teil on juba vananenud v\u00f5i n\u00f5uetele mittevastav SDS? Me saame:<\/p>\n\n<ul class=\"wp-block-list\">\n<li>Vaadake l\u00e4bi ja ajakohastage oma olemasolev leht, et see vastaks kehtivatele standarditele.<\/li>\n\n\n\n<li>Muude kui ELi SDSi vormingute (nt USA OSHA) konverteerimine ELi REACH-m\u00e4\u00e4rusele vastavateks versioonideks.<\/li>\n<\/ul>\n\n<h4 class=\"wp-block-heading\" id=\"h-4-optional-add-ons\">4. <strong>Valikulised lisad<\/strong><\/h4>\n\n<ul class=\"wp-block-list\">\n<li>CLP-m\u00e4rgise loomine vastavalt SDSile<\/li>\n\n\n\n<li>UFI loomine ja PCN-teavitamine<\/li>\n\n\n\n<li>Toote klassifikatsioon tooraine v\u00f5i koostisosade loetelude alusel<\/li>\n<\/ul>\n\n<h2 class=\"wp-block-heading\" id=\"h-which-products-need-an-sds\">Millised tooted vajavad SDSi?<\/h2>\n\n<p>SDS on n\u00f5utav, kui teie toode:<\/p>\n\n<ul class=\"wp-block-list\">\n<li>on klassifitseeritud ohtlikuks (nt tuleohtlik, \u00e4rritav, m\u00fcrgine, s\u00f6\u00f6vitav).<\/li>\n\n\n\n<li>Sisaldab ohtlikke aineid v\u00f5i aineid, mis on loetletud konkreetsetes regulatiivsetes nimekirjades (nt SVHC).<\/li>\n\n\n\n<li>on ette n\u00e4htud professionaalseks v\u00f5i t\u00f6\u00f6stuslikuks kasutamiseks, isegi kui see ei ole klassifitseeritud ohtlikuks.<\/li>\n<\/ul>\n\n<p>See kehtib paljude toodete kohta:<\/p>\n\n<ul class=\"wp-block-list\">\n<li>L\u00f5hna- ja eeterlike \u00f5lide segud<\/li>\n\n\n\n<li>Puhastusvahendid ja pindade pihustid<\/li>\n\n\n\n<li>V\u00e4rvid, pinnakatted ja vaigud<\/li>\n\n\n\n<li>Vahasulamid, toaspreid ja \u00f5huv\u00e4rskendajad<\/li>\n\n\n\n<li>T\u00f6\u00f6stuskemikaalid ja vahesaadused<\/li>\n<\/ul>\n\n<h2 class=\"wp-block-heading\" id=\"h-who-is-this-service-for\">Kellele see teenus on m\u00f5eldud?<\/h2>\n\n<ul class=\"wp-block-list\">\n<li>Keemiasegude tootjad ja kaubam\u00e4rgiomanikud<\/li>\n\n\n\n<li>V\u00e4ljastpoolt ELi p\u00e4rit toodete importijad<\/li>\n\n\n\n<li>Eram\u00e4rgise ja valge kaubam\u00e4rgi turustajad<\/li>\n\n\n\n<li>Ettev\u00f5tted, kes m\u00fc\u00fcvad ohtlikke kaupu veebip\u00f5histe turgude v\u00f5i jaem\u00fc\u00fcgi kaudu<\/li>\n<\/ul>\n\n<h2 class=\"wp-block-heading\" id=\"h-why-choose-ufi-eu\">Miks valida UFI.EU?<\/h2>\n\n<ul class=\"wp-block-list\">\n<li><strong>Kogenud regulatiivt\u00f6\u00f6tajate meeskond<\/strong>, kes on spetsialiseerunud CLP, REACH ja PCN valdkondadele.<\/li>\n\n\n\n<li><strong>T\u00e4pne ja t\u00e4ielikult n\u00f5uetele vastav SDS<\/strong>, mis on kohandatud teie tootele.<\/li>\n\n\n\n<li><strong>Mitmekeelne tugi<\/strong> kogu ELi h\u00f5lmava vastavuse tagamiseks<\/li>\n\n\n\n<li><strong>Kiire valmimisaeg<\/strong> ja l\u00e4bipaistev hinnakujundus<\/li>\n<\/ul>\n\n<h2 class=\"wp-block-heading\" id=\"h-how-it-works\">Kuidas see toimib<\/h2>\n\n<ol class=\"wp-block-list\">\n<li><strong>Esitage oma toote koostis v\u00f5i olemasolev SDS<\/strong><\/li>\n\n\n\n<li><strong>Anal\u00fc\u00fcsime koostisosi ja koostame SDS-i.<\/strong><\/li>\n\n\n\n<li><strong>Saate professionaalselt vormistatud dokumendi, mis on valmis levitamiseks v\u00f5i registreerimiseks.<\/strong><\/li>\n<\/ol>\n\n<h2 class=\"wp-block-heading\" id=\"h-order-your-sds-today\">Tellige oma SDS t\u00e4na<\/h2>\n\n<p><strong>UFI.EU<\/strong> on teie usaldusv\u00e4\u00e4rne partner kemikaalide n\u00f5uetele vastavuse tagamisel, olenemata sellest, kas vajate uut SDSi, ajakohastamist v\u00f5i mitmekeelset versiooni eri turgude jaoks.<br\/><strong>Tellige SDSi koostamise teenus kohe ja j\u00e4\u00e4ge t\u00e4ielikult vastavusse ELi \u00f5igusaktidega<\/strong>.<\/p>\n","protected":false},"excerpt":{"rendered":"<p>Palun valige SDSi loomiseks pakett, mis sisaldab keelt. Ilma keeleta ei saa me SDSi luua. Professionaalselt koostatud ohutuskaardid, mis vastavad t\u00e4ielikult ELi m\u00e4\u00e4rusele (REACH ja CLP)Pakume teie tootele kohandatud ja uusimatele ELi m\u00e4\u00e4rustele vastavaid, asjatundlikult koostatud ohutuskaarte (SDS ), mida nimetatakse ka materjali ohutuskaartideks (MSDS). Olenemata sellest, kas te toodate keemilisi segusid, impordite tooteid ELi [&hellip;]<\/p>\n","protected":false},"featured_media":12442,"template":"","meta":[],"product_brand":[],"product_cat":[288],"product_tag":[],"class_list":{"0":"post-12438","1":"product","2":"type-product","3":"status-publish","4":"has-post-thumbnail","6":"product_cat-ohutuskaart","8":"first","9":"instock","10":"virtual","11":"taxable","12":"purchasable","13":"product-type-simple"},"bundled_by":["12855","13191","31735"],"bundle_stock_status":"instock","bundle_stock_quantity":null,"bundle_virtual":false,"bundle_layout":"","bundle_add_to_cart_form_location":"","bundle_editable_in_cart":false,"bundle_sold_individually_context":"","bundle_item_grouping":"","bundle_min_size":"","bundle_max_size":"","bundle_price":[],"bundled_items":[],"bundle_sell_ids":[],"yoast_head":"<!-- This site is optimized with the Yoast SEO Premium plugin v25.1 (Yoast SEO v25.1) - https:\/\/yoast.com\/wordpress\/plugins\/seo\/ -->\n<title>Ohutuskaardi koostamine - UFI<\/title>\n<meta name=\"robots\" content=\"noindex, follow\" \/>\n<meta property=\"og:locale\" content=\"et_EE\" \/>\n<meta property=\"og:type\" content=\"article\" \/>\n<meta property=\"og:title\" content=\"Ohutuskaardi koostamine\" \/>\n<meta property=\"og:description\" content=\"Palun valige SDSi loomiseks pakett, mis sisaldab keelt. Ilma keeleta ei saa me SDSi luua. Professionaalselt koostatud ohutuskaardid, mis vastavad t\u00e4ielikult ELi m\u00e4\u00e4rusele (REACH ja CLP)Pakume teie tootele kohandatud ja uusimatele ELi m\u00e4\u00e4rustele vastavaid, asjatundlikult koostatud ohutuskaarte (SDS ), mida nimetatakse ka materjali ohutuskaartideks (MSDS). Olenemata sellest, kas te toodate keemilisi segusid, impordite tooteid ELi [&hellip;]\" \/>\n<meta property=\"og:url\" content=\"https:\/\/www.ufi.eu\/et\/product\/ohutuskaardi-koostamine\/\" \/>\n<meta property=\"og:site_name\" content=\"UFI\" \/>\n<meta property=\"article:modified_time\" content=\"2025-08-29T09:15:22+00:00\" \/>\n<meta property=\"og:image\" content=\"https:\/\/www.ufi.eu\/wp-content\/uploads\/2025\/03\/pcn_ufi.jpg\" \/>\n\t<meta property=\"og:image:width\" content=\"1024\" \/>\n\t<meta property=\"og:image:height\" content=\"1024\" \/>\n\t<meta property=\"og:image:type\" content=\"image\/jpeg\" \/>\n<meta name=\"twitter:card\" content=\"summary_large_image\" \/>\n<meta name=\"twitter:label1\" content=\"Price\" \/>\n\t<meta name=\"twitter:data1\" content=\"&euro;49.00\" \/>\n\t<meta name=\"twitter:label2\" content=\"Availability\" \/>\n\t<meta name=\"twitter:data2\" content=\"In stock\" \/>\n<script type=\"application\/ld+json\" class=\"yoast-schema-graph\">{\"@context\":\"https:\/\/schema.org\",\"@graph\":[{\"@type\":\"WebPage\",\"@id\":\"https:\/\/www.ufi.eu\/et\/product\/ohutuskaardi-koostamine\/\",\"url\":\"https:\/\/www.ufi.eu\/et\/product\/ohutuskaardi-koostamine\/\",\"name\":\"Ohutuskaardi koostamine - UFI\",\"isPartOf\":{\"@id\":\"https:\/\/www.ufi.eu\/et\/#website\"},\"primaryImageOfPage\":{\"@id\":\"https:\/\/www.ufi.eu\/et\/product\/ohutuskaardi-koostamine\/#primaryimage\"},\"image\":{\"@id\":\"https:\/\/www.ufi.eu\/et\/product\/ohutuskaardi-koostamine\/#primaryimage\"},\"thumbnailUrl\":\"https:\/\/www.ufi.eu\/wp-content\/uploads\/2025\/03\/pcn_ufi.jpg\",\"datePublished\":\"2025-04-15T19:33:44+00:00\",\"dateModified\":\"2025-08-29T09:15:22+00:00\",\"breadcrumb\":{\"@id\":\"https:\/\/www.ufi.eu\/et\/product\/ohutuskaardi-koostamine\/#breadcrumb\"},\"inLanguage\":\"et\",\"potentialAction\":[{\"@type\":\"ReadAction\",\"target\":[\"https:\/\/www.ufi.eu\/et\/product\/ohutuskaardi-koostamine\/\"]}]},{\"@type\":\"ImageObject\",\"inLanguage\":\"et\",\"@id\":\"https:\/\/www.ufi.eu\/et\/product\/ohutuskaardi-koostamine\/#primaryimage\",\"url\":\"https:\/\/www.ufi.eu\/wp-content\/uploads\/2025\/03\/pcn_ufi.jpg\",\"contentUrl\":\"https:\/\/www.ufi.eu\/wp-content\/uploads\/2025\/03\/pcn_ufi.jpg\",\"width\":1024,\"height\":1024},{\"@type\":\"BreadcrumbList\",\"@id\":\"https:\/\/www.ufi.eu\/et\/product\/ohutuskaardi-koostamine\/#breadcrumb\",\"itemListElement\":[{\"@type\":\"ListItem\",\"position\":1,\"name\":\"Home\",\"item\":\"https:\/\/www.ufi.eu\/et\/kodu\/\"},{\"@type\":\"ListItem\",\"position\":2,\"name\":\"Kauplus\",\"item\":\"https:\/\/www.ufi.eu\/et\/kauplus\/\"},{\"@type\":\"ListItem\",\"position\":3,\"name\":\"Ohutuskaardi koostamine\"}]},{\"@type\":\"WebSite\",\"@id\":\"https:\/\/www.ufi.eu\/et\/#website\",\"url\":\"https:\/\/www.ufi.eu\/et\/\",\"name\":\"UFI.EU\",\"description\":\"Poison Centre Notifications (PCN) and UFI\",\"publisher\":{\"@id\":\"https:\/\/www.ufi.eu\/et\/#organization\"},\"potentialAction\":[{\"@type\":\"SearchAction\",\"target\":{\"@type\":\"EntryPoint\",\"urlTemplate\":\"https:\/\/www.ufi.eu\/et\/?s={search_term_string}\"},\"query-input\":{\"@type\":\"PropertyValueSpecification\",\"valueRequired\":true,\"valueName\":\"search_term_string\"}}],\"inLanguage\":\"et\"},{\"@type\":\"Organization\",\"@id\":\"https:\/\/www.ufi.eu\/et\/#organization\",\"name\":\"UFI.EU\",\"url\":\"https:\/\/www.ufi.eu\/et\/\",\"logo\":{\"@type\":\"ImageObject\",\"inLanguage\":\"et\",\"@id\":\"https:\/\/www.ufi.eu\/et\/#\/schema\/logo\/image\/\",\"url\":\"https:\/\/www.ufi.eu\/wp-content\/uploads\/2025\/03\/cropped-logo_ufi3.jpg\",\"contentUrl\":\"https:\/\/www.ufi.eu\/wp-content\/uploads\/2025\/03\/cropped-logo_ufi3.jpg\",\"width\":231,\"height\":78,\"caption\":\"UFI.EU\"},\"image\":{\"@id\":\"https:\/\/www.ufi.eu\/et\/#\/schema\/logo\/image\/\"},\"description\":\"UFI.eu specializes in digital registrations for Poison Centre Notifications (PCN), ensuring your chemical products meet EU regulatory requirements effortlessly. Our streamlined solutions help businesses stay compliant while reducing complexity and administrative burden.\",\"email\":\"info@ufi.eu\",\"legalName\":\"UFI.EU\"}]}<\/script>\n<meta property=\"product:price:amount\" content=\"49.00\" \/>\n<meta property=\"product:price:currency\" content=\"EUR\" \/>\n<meta property=\"og:availability\" content=\"instock\" \/>\n<meta property=\"product:availability\" content=\"instock\" \/>\n<meta property=\"product:condition\" content=\"new\" \/>\n<!-- \/ Yoast SEO Premium plugin. -->","yoast_head_json":{"title":"Ohutuskaardi koostamine - UFI","robots":{"index":"noindex","follow":"follow"},"og_locale":"et_EE","og_type":"article","og_title":"Ohutuskaardi koostamine","og_description":"Palun valige SDSi loomiseks pakett, mis sisaldab keelt. Ilma keeleta ei saa me SDSi luua. Professionaalselt koostatud ohutuskaardid, mis vastavad t\u00e4ielikult ELi m\u00e4\u00e4rusele (REACH ja CLP)Pakume teie tootele kohandatud ja uusimatele ELi m\u00e4\u00e4rustele vastavaid, asjatundlikult koostatud ohutuskaarte (SDS ), mida nimetatakse ka materjali ohutuskaartideks (MSDS). Olenemata sellest, kas te toodate keemilisi segusid, impordite tooteid ELi [&hellip;]","og_url":"https:\/\/www.ufi.eu\/et\/product\/ohutuskaardi-koostamine\/","og_site_name":"UFI","article_modified_time":"2025-08-29T09:15:22+00:00","og_image":[{"width":1024,"height":1024,"url":"https:\/\/www.ufi.eu\/wp-content\/uploads\/2025\/03\/pcn_ufi.jpg","type":"image\/jpeg"}],"twitter_card":"summary_large_image","twitter_misc":{"Price":"&euro;49.00","Availability":"In stock"},"schema":{"@context":"https:\/\/schema.org","@graph":[{"@type":"WebPage","@id":"https:\/\/www.ufi.eu\/et\/product\/ohutuskaardi-koostamine\/","url":"https:\/\/www.ufi.eu\/et\/product\/ohutuskaardi-koostamine\/","name":"Ohutuskaardi koostamine - UFI","isPartOf":{"@id":"https:\/\/www.ufi.eu\/et\/#website"},"primaryImageOfPage":{"@id":"https:\/\/www.ufi.eu\/et\/product\/ohutuskaardi-koostamine\/#primaryimage"},"image":{"@id":"https:\/\/www.ufi.eu\/et\/product\/ohutuskaardi-koostamine\/#primaryimage"},"thumbnailUrl":"https:\/\/www.ufi.eu\/wp-content\/uploads\/2025\/03\/pcn_ufi.jpg","datePublished":"2025-04-15T19:33:44+00:00","dateModified":"2025-08-29T09:15:22+00:00","breadcrumb":{"@id":"https:\/\/www.ufi.eu\/et\/product\/ohutuskaardi-koostamine\/#breadcrumb"},"inLanguage":"et","potentialAction":[{"@type":"ReadAction","target":["https:\/\/www.ufi.eu\/et\/product\/ohutuskaardi-koostamine\/"]}]},{"@type":"ImageObject","inLanguage":"et","@id":"https:\/\/www.ufi.eu\/et\/product\/ohutuskaardi-koostamine\/#primaryimage","url":"https:\/\/www.ufi.eu\/wp-content\/uploads\/2025\/03\/pcn_ufi.jpg","contentUrl":"https:\/\/www.ufi.eu\/wp-content\/uploads\/2025\/03\/pcn_ufi.jpg","width":1024,"height":1024},{"@type":"BreadcrumbList","@id":"https:\/\/www.ufi.eu\/et\/product\/ohutuskaardi-koostamine\/#breadcrumb","itemListElement":[{"@type":"ListItem","position":1,"name":"Home","item":"https:\/\/www.ufi.eu\/et\/kodu\/"},{"@type":"ListItem","position":2,"name":"Kauplus","item":"https:\/\/www.ufi.eu\/et\/kauplus\/"},{"@type":"ListItem","position":3,"name":"Ohutuskaardi koostamine"}]},{"@type":"WebSite","@id":"https:\/\/www.ufi.eu\/et\/#website","url":"https:\/\/www.ufi.eu\/et\/","name":"UFI.EU","description":"Poison Centre Notifications (PCN) and UFI","publisher":{"@id":"https:\/\/www.ufi.eu\/et\/#organization"},"potentialAction":[{"@type":"SearchAction","target":{"@type":"EntryPoint","urlTemplate":"https:\/\/www.ufi.eu\/et\/?s={search_term_string}"},"query-input":{"@type":"PropertyValueSpecification","valueRequired":true,"valueName":"search_term_string"}}],"inLanguage":"et"},{"@type":"Organization","@id":"https:\/\/www.ufi.eu\/et\/#organization","name":"UFI.EU","url":"https:\/\/www.ufi.eu\/et\/","logo":{"@type":"ImageObject","inLanguage":"et","@id":"https:\/\/www.ufi.eu\/et\/#\/schema\/logo\/image\/","url":"https:\/\/www.ufi.eu\/wp-content\/uploads\/2025\/03\/cropped-logo_ufi3.jpg","contentUrl":"https:\/\/www.ufi.eu\/wp-content\/uploads\/2025\/03\/cropped-logo_ufi3.jpg","width":231,"height":78,"caption":"UFI.EU"},"image":{"@id":"https:\/\/www.ufi.eu\/et\/#\/schema\/logo\/image\/"},"description":"UFI.eu specializes in digital registrations for Poison Centre Notifications (PCN), ensuring your chemical products meet EU regulatory requirements effortlessly. Our streamlined solutions help businesses stay compliant while reducing complexity and administrative burden.","email":"info@ufi.eu","legalName":"UFI.EU"}]},"product_price_amount":"49.00","product_price_currency":"EUR","og_availability":"instock","product_availability":"instock","product_condition":"new"},"_links":{"self":[{"href":"https:\/\/www.ufi.eu\/et\/wp-json\/wp\/v2\/product\/12438","targetHints":{"allow":["GET"]}}],"collection":[{"href":"https:\/\/www.ufi.eu\/et\/wp-json\/wp\/v2\/product"}],"about":[{"href":"https:\/\/www.ufi.eu\/et\/wp-json\/wp\/v2\/types\/product"}],"wp:featuredmedia":[{"embeddable":true,"href":"https:\/\/www.ufi.eu\/et\/wp-json\/wp\/v2\/media\/12442"}],"wp:attachment":[{"href":"https:\/\/www.ufi.eu\/et\/wp-json\/wp\/v2\/media?parent=12438"}],"wp:term":[{"taxonomy":"product_brand","embeddable":true,"href":"https:\/\/www.ufi.eu\/et\/wp-json\/wp\/v2\/product_brand?post=12438"},{"taxonomy":"product_cat","embeddable":true,"href":"https:\/\/www.ufi.eu\/et\/wp-json\/wp\/v2\/product_cat?post=12438"},{"taxonomy":"product_tag","embeddable":true,"href":"https:\/\/www.ufi.eu\/et\/wp-json\/wp\/v2\/product_tag?post=12438"}],"curies":[{"name":"wp","href":"https:\/\/api.w.org\/{rel}","templated":true}]}}