{"id":13351,"date":"2025-03-03T16:34:04","date_gmt":"2025-04-15T21:28:33","guid":{"rendered":"https:\/\/www.ufi.eu\/pcn\/sin categor\u00eda\/pcn-y-ufi-para-adhesivos-uso-domestico-escolar-y-de-oficina\/"},"modified":"2025-04-15T21:28:33","modified_gmt":"2025-04-15T21:28:33","slug":"pcn-y-ufi-para-adhesivos-uso-domestico-escolar-y-de-oficina","status":"publish","type":"product","link":"https:\/\/www.ufi.eu\/es\/product\/pcn-y-ufi-para-adhesivos-uso-domestico-escolar-y-de-oficina\/","title":{"rendered":"PCN y UFI para adhesivos &#8211; Uso dom\u00e9stico, escolar y de oficina"},"content":{"rendered":"<h2>Registro de adhesivos y selladores para uso dom\u00e9stico, en la oficina o en la escuela<\/h2>\n<p>El registro de adhesivos y selladores para uso dom\u00e9stico, en oficinas o en escuelas es crucial para garantizar el cumplimiento de las normas reglamentarias de seguridad, etiquetado y protecci\u00f3n del consumidor. Estos productos, entre los que se incluyen pegamentos para manualidades, pegamentos multiusos, barras de pegamento, pegamentos instant\u00e1neos, pegamentos para madera, adhesivos de contacto y sprays adhesivos, se utilizan ampliamente en entornos cotidianos como hogares, escuelas y oficinas. Un registro adecuado garantiza que estos productos cumplen las normas de seguridad exigidas, tienen un etiquetado claro con informaci\u00f3n sobre peligros y proporcionan instrucciones sobre su uso seguro para proteger a los consumidores de posibles riesgos para la salud.  <\/p>\n<h3>\u00bfQu\u00e9 es un UFI?<\/h3>\n<p>Un UFI (Identificador \u00danico de F\u00f3rmula) es un c\u00f3digo que identifica la composici\u00f3n qu\u00edmica espec\u00edfica de un producto. Debe incluirse en la etiqueta del producto y es obligatorio por ley como parte de la Notificaci\u00f3n al Centro de Toxicolog\u00eda (PCN). El UFI ayuda al personal de emergencias a identificar r\u00e1pidamente el producto y evaluar el riesgo durante incidentes de exposici\u00f3n qu\u00edmica o envenenamiento.  <\/p>\n<h3>\u00bfQu\u00e9 es un NCP?<\/h3>\n<p>Una NCP (Notificaci\u00f3n al Centro de Toxicolog\u00eda) es un requisito normativo para que los fabricantes y distribuidores de productos peligrosos notifiquen al Centro de Toxicolog\u00eda de la UE la composici\u00f3n y los peligros potenciales de sus productos. En el caso de los adhesivos y sellantes, la NCP garantiza que los ingredientes qu\u00edmicos del producto, las clasificaciones de peligro y las instrucciones de uso seguro est\u00e9n a disposici\u00f3n de los profesionales sanitarios y el personal de emergencias en caso de exposici\u00f3n o intoxicaci\u00f3n. <\/p>\n<h3>\u00bfQu\u00e9 es el CLP?<\/h3>\n<p>CLP (Clasificaci\u00f3n, Etiquetado y Envasado) es una normativa de la UE que clasifica las sustancias qu\u00edmicas en funci\u00f3n de sus peligros y garantiza que est\u00e9n etiquetadas con las advertencias de seguridad y los s\u00edmbolos de peligro adecuados. En el caso de los adhesivos y sellantes, el reglamento CLP exige que la etiqueta del producto incluya informaci\u00f3n clara sobre los peligros potenciales, como la irritaci\u00f3n de la piel, la toxicidad o la inflamabilidad. Esto ayuda a los usuarios a manipular los productos con seguridad y reduce el riesgo de accidentes.  <\/p>\n<h3>\u00bfQu\u00e9 es el Centro de Toxicolog\u00eda de la UE?<\/h3>\n<p>El Centro de Toxicolog\u00eda de la UE es un organismo central que gestiona los datos relacionados con los productos peligrosos en toda la Uni\u00f3n Europea. Desempe\u00f1a un papel fundamental a la hora de garantizar la seguridad, proporcionando a los servicios de emergencia informaci\u00f3n esencial durante los incidentes de exposici\u00f3n. Los fabricantes deben notificar al Centro de Toxicolog\u00eda acerca de sus productos peligrosos, garantizando que estos datos cr\u00edticos est\u00e9n disponibles cuando se necesiten.  <\/p>\n<h3>\u00bfPor qu\u00e9 es necesario?<\/h3>\n<p>Registrar en el Centro de Intoxicaciones los adhesivos y sellantes de uso dom\u00e9stico, en oficinas o en escuelas garantiza que los productos son seguros para los consumidores y est\u00e1n clasificados adecuadamente seg\u00fan sus peligros. Proporciona a los servicios de emergencia los datos necesarios para gestionar eficazmente los incidentes de exposici\u00f3n. Dado que los adhesivos y sellantes pueden plantear riesgos para la salud si no se manipulan adecuadamente, es esencial cumplir la normativa para minimizar los accidentes y proteger a los usuarios de posibles da\u00f1os.  <\/p>\n<h3>\u00bfDesde cu\u00e1ndo es legalmente obligatorio?<\/h3>\n<p>La obligaci\u00f3n legal de presentar un NCP para los productos peligrosos, incluidos los adhesivos y sellantes, se hizo obligatoria el 1 de enero de 2021. A partir de esta fecha, todos los fabricantes y distribuidores deben garantizar que sus productos cumplen las normas de seguridad de la UE y presentar la informaci\u00f3n requerida al Centro de Toxicolog\u00eda de la UE antes de comercializarlos. <\/p>\n<h2>PREGUNTAS FRECUENTES<\/h2>\n<h3>Pregunta: \u00bfQu\u00e9 es un UFI y por qu\u00e9 lo necesito para mi producto?<\/h3>\n<p>Respuesta: Un UFI (Identificador \u00danico de F\u00f3rmula) es un c\u00f3digo que identifica de forma \u00fanica la composici\u00f3n qu\u00edmica de su producto. Es obligatorio por ley y debe incluirse en la etiqueta de su producto. El UFI permite a los servicios de emergencia acceder r\u00e1pidamente a informaci\u00f3n de seguridad cr\u00edtica en caso de que se produzca un incidente de exposici\u00f3n o intoxicaci\u00f3n.  <\/p>\n<h3>Pregunta: \u00bfQu\u00e9 implica un NCP para adhesivos y sellantes?<\/h3>\n<p>Respuesta: Una NCP (Notificaci\u00f3n al Centro de Toxicolog\u00eda) consiste en notificar al Centro de Toxicolog\u00eda de la UE los ingredientes y peligros asociados a su producto. Esto permite a los servicios de emergencia acceder a informaci\u00f3n detallada sobre la seguridad del producto, ayud\u00e1ndoles a responder eficazmente a incidentes de exposici\u00f3n qu\u00edmica o envenenamiento. <\/p>\n<h3>Pregunta: \u00bfQu\u00e9 es el CLP y c\u00f3mo se aplica a los adhesivos y sellantes?<\/h3>\n<p>Respuesta: El CLP (Clasificaci\u00f3n, Etiquetado y Envasado) es un reglamento de la UE que clasifica los productos qu\u00edmicos en funci\u00f3n de sus peligros y exige un etiquetado claro con pictogramas de peligro, palabras de advertencia e instrucciones de seguridad. Los adhesivos y sellantes deben cumplir el CLP para garantizar que los usuarios est\u00e9n informados de los riesgos potenciales y puedan manipular los productos de forma segura. <\/p>\n<h3>Pregunta: \u00bfQu\u00e9 papel desempe\u00f1a el Centro de Toxicolog\u00eda de la UE en la seguridad?<\/h3>\n<p>Respuesta: El Centro de Toxicolog\u00eda de la UE recopila y procesa datos de seguridad sobre productos peligrosos. Proporciona informaci\u00f3n cr\u00edtica a los profesionales sanitarios y al personal de emergencias durante los incidentes de exposici\u00f3n, garantizando que puedan gestionar eficazmente las posibles intoxicaciones o los riesgos para la salud relacionados con los productos qu\u00edmicos. <\/p>\n<h3>Pregunta: \u00bfPor qu\u00e9 es necesario registrar los adhesivos y selladores para uso dom\u00e9stico, en oficinas o en escuelas?<\/h3>\n<p>Respuesta: El registro garantiza que los adhesivos y sellantes cumplen las normas de seguridad y est\u00e1n debidamente clasificados para su uso en entornos cotidianos. Proporciona la informaci\u00f3n necesaria para garantizar la seguridad de los consumidores y permite dar respuestas r\u00e1pidas y precisas en caso de incidentes de exposici\u00f3n o intoxicaci\u00f3n. <\/p>\n<h3>Pregunta: \u00bfDesde cu\u00e1ndo es obligatorio notificar los NCP?<\/h3>\n<p>Respuesta: El requisito de las notificaciones NCP se hizo obligatorio el 1 de enero de 2021. Todos los fabricantes y distribuidores de productos peligrosos, incluidos adhesivos y sellantes, deben garantizar el cumplimiento de esta normativa antes de introducir sus productos en el mercado de la UE. <\/p>\n","protected":false},"excerpt":{"rendered":"<p>Registro de adhesivos y selladores para uso dom\u00e9stico, en la oficina o en la escuela El registro de adhesivos y selladores para uso dom\u00e9stico, en oficinas o en escuelas es crucial para garantizar el cumplimiento de las normas reglamentarias de seguridad, etiquetado y protecci\u00f3n del consumidor. Estos productos, entre los que se incluyen pegamentos para [&hellip;]<\/p>\n","protected":false},"featured_media":13352,"template":"","meta":[],"product_brand":[],"product_cat":[525],"product_tag":[],"class_list":{"0":"post-13351","1":"product","2":"type-product","3":"status-publish","4":"has-post-thumbnail","6":"product_cat-adhesivos-y-selladores","8":"first","9":"instock","10":"virtual","11":"taxable","12":"purchasable","13":"product-type-bundle"},"bundled_by":[],"bundle_stock_status":"instock","bundle_stock_quantity":"","bundle_virtual":false,"bundle_layout":"default","bundle_add_to_cart_form_location":"default","bundle_editable_in_cart":false,"bundle_sold_individually_context":"product","bundle_item_grouping":"parent","bundle_min_size":"","bundle_max_size":"","bundle_price":{"price":{"min":{"incl_tax":"121","excl_tax":"100"},"max":{"incl_tax":"","excl_tax":""}},"regular_price":{"min":{"incl_tax":"121","excl_tax":"100"},"max":{"incl_tax":"","excl_tax":""}}},"bundled_items":[{"bundled_item_id":1974,"product_id":12583,"menu_order":0,"quantity_min":1,"quantity_max":1,"quantity_default":1,"priced_individually":true,"shipped_individually":true,"override_title":false,"title":"Notificaci\u00f3n al Centro de Intoxicaciones y UFI","override_description":false,"description":"Notificaci\u00f3n al Centro de Intoxicaciones y UFI","optional":false,"hide_thumbnail":false,"discount":"","override_variations":false,"allowed_variations":[""],"override_default_variation_attributes":false,"default_variation_attributes":[],"single_product_visibility":"visible","cart_visibility":"visible","order_visibility":"visible","single_product_price_visibility":"visible","cart_price_visibility":"visible","order_price_visibility":"visible","stock_status":"in_stock"},{"bundled_item_id":1975,"product_id":12572,"menu_order":1,"quantity_min":1,"quantity_max":"","quantity_default":1,"priced_individually":true,"shipped_individually":true,"override_title":false,"title":"Pa\u00edses para el registro de NCP","override_description":false,"description":"Pa\u00edses para el registro de NCP","optional":false,"hide_thumbnail":false,"discount":"","override_variations":false,"allowed_variations":[""],"override_default_variation_attributes":false,"default_variation_attributes":[],"single_product_visibility":"visible","cart_visibility":"visible","order_visibility":"visible","single_product_price_visibility":"visible","cart_price_visibility":"visible","order_price_visibility":"visible","stock_status":"in_stock"},{"bundled_item_id":12968,"product_id":12484,"menu_order":2,"quantity_min":0,"quantity_max":1,"quantity_default":1,"priced_individually":true,"shipped_individually":true,"override_title":false,"title":"Creaci\u00f3n de fichas de datos de seguridad","override_description":false,"description":"Creaci\u00f3n de fichas de datos de seguridad","optional":false,"hide_thumbnail":false,"discount":"","override_variations":false,"allowed_variations":[""],"override_default_variation_attributes":false,"default_variation_attributes":[],"single_product_visibility":"visible","cart_visibility":"visible","order_visibility":"visible","single_product_price_visibility":"visible","cart_price_visibility":"visible","order_price_visibility":"visible","stock_status":"in_stock"},{"bundled_item_id":12969,"product_id":12500,"menu_order":3,"quantity_min":0,"quantity_max":"","quantity_default":1,"priced_individually":true,"shipped_individually":false,"override_title":false,"title":"Traducci\u00f3n de fichas de datos de seguridad","override_description":false,"description":"Traducci\u00f3n de fichas de datos de seguridad","optional":false,"hide_thumbnail":false,"discount":"","override_variations":false,"allowed_variations":[""],"override_default_variation_attributes":false,"default_variation_attributes":[],"single_product_visibility":"visible","cart_visibility":"visible","order_visibility":"visible","single_product_price_visibility":"visible","cart_price_visibility":"visible","order_price_visibility":"visible","stock_status":"in_stock"}],"bundle_sell_ids":[],"yoast_head":"<!-- This site is optimized with the Yoast SEO Premium plugin v25.1 (Yoast SEO v25.1) - https:\/\/yoast.com\/wordpress\/plugins\/seo\/ -->\n<title>PCN y UFI para adhesivos - Uso dom\u00e9stico, escolar y de oficina - UFI<\/title>\n<meta name=\"description\" content=\"El registro de adhesivos y sellantes para uso dom\u00e9stico, en oficinas o en escuelas es crucial para garantizar el cumplimiento de las normas reglamentarias de seguridad, etiquetado y protecci\u00f3n del consumidor.\" \/>\n<meta name=\"robots\" content=\"index, follow, max-snippet:-1, max-image-preview:large, max-video-preview:-1\" \/>\n<link rel=\"canonical\" href=\"https:\/\/www.ufi.eu\/es\/product\/pcn-y-ufi-para-adhesivos-uso-domestico-escolar-y-de-oficina\/\" \/>\n<meta property=\"og:locale\" content=\"es_ES\" \/>\n<meta property=\"og:type\" content=\"article\" \/>\n<meta property=\"og:title\" content=\"PCN y UFI para adhesivos - Uso dom\u00e9stico, escolar y de oficina\" \/>\n<meta property=\"og:description\" content=\"El registro de adhesivos y sellantes para uso dom\u00e9stico, en oficinas o en escuelas es crucial para garantizar el cumplimiento de las normas reglamentarias de seguridad, etiquetado y protecci\u00f3n del consumidor.\" \/>\n<meta property=\"og:url\" content=\"https:\/\/www.ufi.eu\/es\/product\/pcn-y-ufi-para-adhesivos-uso-domestico-escolar-y-de-oficina\/\" \/>\n<meta property=\"og:site_name\" content=\"UFI\" \/>\n<meta property=\"og:image\" content=\"https:\/\/www.ufi.eu\/wp-content\/uploads\/2025\/03\/PC-ADH-1.jpg\" \/>\n\t<meta property=\"og:image:width\" content=\"1024\" \/>\n\t<meta property=\"og:image:height\" content=\"1024\" \/>\n\t<meta property=\"og:image:type\" content=\"image\/jpeg\" \/>\n<meta name=\"twitter:card\" content=\"summary_large_image\" \/>\n<meta name=\"twitter:label1\" content=\"Precio\" \/>\n\t<meta name=\"twitter:data1\" content=\"&euro;0.00\" \/>\n\t<meta name=\"twitter:label2\" content=\"Disponibilidad\" \/>\n\t<meta name=\"twitter:data2\" content=\"Disponible\" \/>\n<script type=\"application\/ld+json\" class=\"yoast-schema-graph\">{\"@context\":\"https:\/\/schema.org\",\"@graph\":[{\"@type\":\"WebPage\",\"@id\":\"https:\/\/www.ufi.eu\/es\/product\/pcn-y-ufi-para-adhesivos-uso-domestico-escolar-y-de-oficina\/\",\"url\":\"https:\/\/www.ufi.eu\/es\/product\/pcn-y-ufi-para-adhesivos-uso-domestico-escolar-y-de-oficina\/\",\"name\":\"PCN y UFI para adhesivos - Uso dom\u00e9stico, escolar y de oficina - UFI\",\"isPartOf\":{\"@id\":\"https:\/\/www.ufi.eu\/es\/#website\"},\"primaryImageOfPage\":{\"@id\":\"https:\/\/www.ufi.eu\/es\/product\/pcn-y-ufi-para-adhesivos-uso-domestico-escolar-y-de-oficina\/#primaryimage\"},\"image\":{\"@id\":\"https:\/\/www.ufi.eu\/es\/product\/pcn-y-ufi-para-adhesivos-uso-domestico-escolar-y-de-oficina\/#primaryimage\"},\"thumbnailUrl\":\"https:\/\/www.ufi.eu\/wp-content\/uploads\/2025\/03\/PC-ADH-1.jpg\",\"datePublished\":\"2025-04-15T21:28:33+00:00\",\"description\":\"El registro de adhesivos y sellantes para uso dom\u00e9stico, en oficinas o en escuelas es crucial para garantizar el cumplimiento de las normas reglamentarias de seguridad, etiquetado y protecci\u00f3n del consumidor.\",\"breadcrumb\":{\"@id\":\"https:\/\/www.ufi.eu\/es\/product\/pcn-y-ufi-para-adhesivos-uso-domestico-escolar-y-de-oficina\/#breadcrumb\"},\"inLanguage\":\"es\",\"potentialAction\":[{\"@type\":\"ReadAction\",\"target\":[\"https:\/\/www.ufi.eu\/es\/product\/pcn-y-ufi-para-adhesivos-uso-domestico-escolar-y-de-oficina\/\"]}]},{\"@type\":\"ImageObject\",\"inLanguage\":\"es\",\"@id\":\"https:\/\/www.ufi.eu\/es\/product\/pcn-y-ufi-para-adhesivos-uso-domestico-escolar-y-de-oficina\/#primaryimage\",\"url\":\"https:\/\/www.ufi.eu\/wp-content\/uploads\/2025\/03\/PC-ADH-1.jpg\",\"contentUrl\":\"https:\/\/www.ufi.eu\/wp-content\/uploads\/2025\/03\/PC-ADH-1.jpg\",\"width\":1024,\"height\":1024},{\"@type\":\"BreadcrumbList\",\"@id\":\"https:\/\/www.ufi.eu\/es\/product\/pcn-y-ufi-para-adhesivos-uso-domestico-escolar-y-de-oficina\/#breadcrumb\",\"itemListElement\":[{\"@type\":\"ListItem\",\"position\":1,\"name\":\"Home\",\"item\":\"https:\/\/www.ufi.eu\/es\/inicio\/\"},{\"@type\":\"ListItem\",\"position\":2,\"name\":\"Tienda\",\"item\":\"https:\/\/www.ufi.eu\/es\/tienda\/\"},{\"@type\":\"ListItem\",\"position\":3,\"name\":\"PCN y UFI para adhesivos &#8211; Uso dom\u00e9stico, escolar y de oficina\"}]},{\"@type\":\"WebSite\",\"@id\":\"https:\/\/www.ufi.eu\/es\/#website\",\"url\":\"https:\/\/www.ufi.eu\/es\/\",\"name\":\"UFI.EU\",\"description\":\"Poison Centre Notifications (PCN) and UFI\",\"publisher\":{\"@id\":\"https:\/\/www.ufi.eu\/es\/#organization\"},\"potentialAction\":[{\"@type\":\"SearchAction\",\"target\":{\"@type\":\"EntryPoint\",\"urlTemplate\":\"https:\/\/www.ufi.eu\/es\/?s={search_term_string}\"},\"query-input\":{\"@type\":\"PropertyValueSpecification\",\"valueRequired\":true,\"valueName\":\"search_term_string\"}}],\"inLanguage\":\"es\"},{\"@type\":\"Organization\",\"@id\":\"https:\/\/www.ufi.eu\/es\/#organization\",\"name\":\"UFI.EU\",\"url\":\"https:\/\/www.ufi.eu\/es\/\",\"logo\":{\"@type\":\"ImageObject\",\"inLanguage\":\"es\",\"@id\":\"https:\/\/www.ufi.eu\/es\/#\/schema\/logo\/image\/\",\"url\":\"https:\/\/www.ufi.eu\/wp-content\/uploads\/2025\/03\/cropped-logo_ufi3.jpg\",\"contentUrl\":\"https:\/\/www.ufi.eu\/wp-content\/uploads\/2025\/03\/cropped-logo_ufi3.jpg\",\"width\":231,\"height\":78,\"caption\":\"UFI.EU\"},\"image\":{\"@id\":\"https:\/\/www.ufi.eu\/es\/#\/schema\/logo\/image\/\"},\"description\":\"UFI.eu specializes in digital registrations for Poison Centre Notifications (PCN), ensuring your chemical products meet EU regulatory requirements effortlessly. Our streamlined solutions help businesses stay compliant while reducing complexity and administrative burden.\",\"email\":\"info@ufi.eu\",\"legalName\":\"UFI.EU\"}]}<\/script>\n<meta property=\"product:price:amount\" content=\"0.00\" \/>\n<meta property=\"product:price:currency\" content=\"EUR\" \/>\n<meta property=\"og:availability\" content=\"instock\" \/>\n<meta property=\"product:availability\" content=\"instock\" \/>\n<meta property=\"product:retailer_item_id\" content=\"PC-ADH-1\" \/>\n<meta property=\"product:condition\" content=\"new\" \/>\n<!-- \/ Yoast SEO Premium plugin. -->","yoast_head_json":{"title":"PCN y UFI para adhesivos - Uso dom\u00e9stico, escolar y de oficina - UFI","description":"El registro de adhesivos y sellantes para uso dom\u00e9stico, en oficinas o en escuelas es crucial para garantizar el cumplimiento de las normas reglamentarias de seguridad, etiquetado y protecci\u00f3n del consumidor.","robots":{"index":"index","follow":"follow","max-snippet":"max-snippet:-1","max-image-preview":"max-image-preview:large","max-video-preview":"max-video-preview:-1"},"canonical":"https:\/\/www.ufi.eu\/es\/product\/pcn-y-ufi-para-adhesivos-uso-domestico-escolar-y-de-oficina\/","og_locale":"es_ES","og_type":"article","og_title":"PCN y UFI para adhesivos - Uso dom\u00e9stico, escolar y de oficina","og_description":"El registro de adhesivos y sellantes para uso dom\u00e9stico, en oficinas o en escuelas es crucial para garantizar el cumplimiento de las normas reglamentarias de seguridad, etiquetado y protecci\u00f3n del consumidor.","og_url":"https:\/\/www.ufi.eu\/es\/product\/pcn-y-ufi-para-adhesivos-uso-domestico-escolar-y-de-oficina\/","og_site_name":"UFI","og_image":[{"width":1024,"height":1024,"url":"https:\/\/www.ufi.eu\/wp-content\/uploads\/2025\/03\/PC-ADH-1.jpg","type":"image\/jpeg"}],"twitter_card":"summary_large_image","twitter_misc":{"Precio":"&euro;0.00","Disponibilidad":"Disponible"},"schema":{"@context":"https:\/\/schema.org","@graph":[{"@type":"WebPage","@id":"https:\/\/www.ufi.eu\/es\/product\/pcn-y-ufi-para-adhesivos-uso-domestico-escolar-y-de-oficina\/","url":"https:\/\/www.ufi.eu\/es\/product\/pcn-y-ufi-para-adhesivos-uso-domestico-escolar-y-de-oficina\/","name":"PCN y UFI para adhesivos - Uso dom\u00e9stico, escolar y de oficina - UFI","isPartOf":{"@id":"https:\/\/www.ufi.eu\/es\/#website"},"primaryImageOfPage":{"@id":"https:\/\/www.ufi.eu\/es\/product\/pcn-y-ufi-para-adhesivos-uso-domestico-escolar-y-de-oficina\/#primaryimage"},"image":{"@id":"https:\/\/www.ufi.eu\/es\/product\/pcn-y-ufi-para-adhesivos-uso-domestico-escolar-y-de-oficina\/#primaryimage"},"thumbnailUrl":"https:\/\/www.ufi.eu\/wp-content\/uploads\/2025\/03\/PC-ADH-1.jpg","datePublished":"2025-04-15T21:28:33+00:00","description":"El registro de adhesivos y sellantes para uso dom\u00e9stico, en oficinas o en escuelas es crucial para garantizar el cumplimiento de las normas reglamentarias de seguridad, etiquetado y protecci\u00f3n del consumidor.","breadcrumb":{"@id":"https:\/\/www.ufi.eu\/es\/product\/pcn-y-ufi-para-adhesivos-uso-domestico-escolar-y-de-oficina\/#breadcrumb"},"inLanguage":"es","potentialAction":[{"@type":"ReadAction","target":["https:\/\/www.ufi.eu\/es\/product\/pcn-y-ufi-para-adhesivos-uso-domestico-escolar-y-de-oficina\/"]}]},{"@type":"ImageObject","inLanguage":"es","@id":"https:\/\/www.ufi.eu\/es\/product\/pcn-y-ufi-para-adhesivos-uso-domestico-escolar-y-de-oficina\/#primaryimage","url":"https:\/\/www.ufi.eu\/wp-content\/uploads\/2025\/03\/PC-ADH-1.jpg","contentUrl":"https:\/\/www.ufi.eu\/wp-content\/uploads\/2025\/03\/PC-ADH-1.jpg","width":1024,"height":1024},{"@type":"BreadcrumbList","@id":"https:\/\/www.ufi.eu\/es\/product\/pcn-y-ufi-para-adhesivos-uso-domestico-escolar-y-de-oficina\/#breadcrumb","itemListElement":[{"@type":"ListItem","position":1,"name":"Home","item":"https:\/\/www.ufi.eu\/es\/inicio\/"},{"@type":"ListItem","position":2,"name":"Tienda","item":"https:\/\/www.ufi.eu\/es\/tienda\/"},{"@type":"ListItem","position":3,"name":"PCN y UFI para adhesivos &#8211; Uso dom\u00e9stico, escolar y de oficina"}]},{"@type":"WebSite","@id":"https:\/\/www.ufi.eu\/es\/#website","url":"https:\/\/www.ufi.eu\/es\/","name":"UFI.EU","description":"Poison Centre Notifications (PCN) and UFI","publisher":{"@id":"https:\/\/www.ufi.eu\/es\/#organization"},"potentialAction":[{"@type":"SearchAction","target":{"@type":"EntryPoint","urlTemplate":"https:\/\/www.ufi.eu\/es\/?s={search_term_string}"},"query-input":{"@type":"PropertyValueSpecification","valueRequired":true,"valueName":"search_term_string"}}],"inLanguage":"es"},{"@type":"Organization","@id":"https:\/\/www.ufi.eu\/es\/#organization","name":"UFI.EU","url":"https:\/\/www.ufi.eu\/es\/","logo":{"@type":"ImageObject","inLanguage":"es","@id":"https:\/\/www.ufi.eu\/es\/#\/schema\/logo\/image\/","url":"https:\/\/www.ufi.eu\/wp-content\/uploads\/2025\/03\/cropped-logo_ufi3.jpg","contentUrl":"https:\/\/www.ufi.eu\/wp-content\/uploads\/2025\/03\/cropped-logo_ufi3.jpg","width":231,"height":78,"caption":"UFI.EU"},"image":{"@id":"https:\/\/www.ufi.eu\/es\/#\/schema\/logo\/image\/"},"description":"UFI.eu specializes in digital registrations for Poison Centre Notifications (PCN), ensuring your chemical products meet EU regulatory requirements effortlessly. Our streamlined solutions help businesses stay compliant while reducing complexity and administrative burden.","email":"info@ufi.eu","legalName":"UFI.EU"}]},"product_price_amount":"0.00","product_price_currency":"EUR","og_availability":"instock","product_availability":"instock","product_retailer_item_id":"PC-ADH-1","product_condition":"new"},"_links":{"self":[{"href":"https:\/\/www.ufi.eu\/es\/wp-json\/wp\/v2\/product\/13351","targetHints":{"allow":["GET"]}}],"collection":[{"href":"https:\/\/www.ufi.eu\/es\/wp-json\/wp\/v2\/product"}],"about":[{"href":"https:\/\/www.ufi.eu\/es\/wp-json\/wp\/v2\/types\/product"}],"wp:featuredmedia":[{"embeddable":true,"href":"https:\/\/www.ufi.eu\/es\/wp-json\/wp\/v2\/media\/13352"}],"wp:attachment":[{"href":"https:\/\/www.ufi.eu\/es\/wp-json\/wp\/v2\/media?parent=13351"}],"wp:term":[{"taxonomy":"product_brand","embeddable":true,"href":"https:\/\/www.ufi.eu\/es\/wp-json\/wp\/v2\/product_brand?post=13351"},{"taxonomy":"product_cat","embeddable":true,"href":"https:\/\/www.ufi.eu\/es\/wp-json\/wp\/v2\/product_cat?post=13351"},{"taxonomy":"product_tag","embeddable":true,"href":"https:\/\/www.ufi.eu\/es\/wp-json\/wp\/v2\/product_tag?post=13351"}],"curies":[{"name":"wp","href":"https:\/\/api.w.org\/{rel}","templated":true}]}}