{"id":12764,"date":"2025-04-05T15:21:48","date_gmt":"2025-04-15T20:26:02","guid":{"rendered":"https:\/\/www.ufi.eu\/pcn\/sin%20categor\u00eda\/creacion-de-etiquetas-clp-y-comprobacion-del-cumplimiento\/"},"modified":"2025-04-28T12:15:18","modified_gmt":"2025-04-28T12:15:18","slug":"creacion-de-etiquetas-clp-y-comprobacion-del-cumplimiento","status":"publish","type":"product","link":"https:\/\/www.ufi.eu\/es\/product\/creacion-de-etiquetas-clp-y-comprobacion-del-cumplimiento\/","title":{"rendered":"Creaci\u00f3n de etiquetas CLP y comprobaci\u00f3n del cumplimiento"},"content":{"rendered":"<p><strong>Servicios profesionales de etiquetado para mezclas peligrosas seg\u00fan el Reglamento CLP (CE n\u00ba 1272\/2008)<\/strong><\/p><p>Estamos especializados en la creaci\u00f3n y verificaci\u00f3n de etiquetas conformes a la ley para productos qu\u00edmicos peligrosos. Tanto si lanza al mercado una base cosm\u00e9tica con componentes peligrosos, un limpiador industrial u otra mezcla qu\u00edmica, nuestro servicio de etiquetado CLP garantiza que el etiquetado de su producto cumple todos los requisitos legales en toda la UE y el EEE. <\/p><h2 class=\"wp-block-heading\" id=\"h-why-clp-compliant-labels-are-essential\">Por qu\u00e9 son esenciales las etiquetas que cumplen la normativa CLP<\/h2><p>En virtud del <strong>Reglamento CLP (Clasificaci\u00f3n, Etiquetado y Envasado<\/strong>), los proveedores de sustancias y mezclas peligrosas est\u00e1n legalmente obligados a:<\/p><ul class=\"wp-block-list\"><li>Clasificar sus productos en funci\u00f3n de los peligros f\u00edsicos, sanitarios y medioambientales.<\/li>\n\n<li>Etiqu\u00e9telos adecuadamente utilizando elementos prescritos como pictogramas de peligro, palabras de advertencia y frases normalizadas de peligro y precauci\u00f3n.<\/li>\n\n<li>Emb\u00e1lelos de forma segura e incluya la identificaci\u00f3n requerida del proveedor.<\/li><\/ul><p>Las etiquetas incorrectas o incompletas pueden provocar <strong>la retirada de productos<\/strong>, <strong>sanciones legales<\/strong> o el <strong>rechazo por parte de minoristas<\/strong> y mercados en l\u00ednea.<\/p><h2 class=\"wp-block-heading\" id=\"h-what-our-clp-label-service-includes\">Qu\u00e9 incluye nuestro servicio de etiquetado CLP<\/h2><h4 class=\"wp-block-heading\" id=\"h-1-clp-label-creation\">1. <strong>Creaci\u00f3n de etiquetas CLP<\/strong><\/h4><p>Dise\u00f1amos su etiqueta desde cero, bas\u00e1ndonos en la ficha de datos de seguridad (FDS) del producto o en los datos de su formulaci\u00f3n. Nuestro servicio incluye: <\/p><ul class=\"wp-block-list\"><li>Clasificaci\u00f3n correcta de los peligros (basada en la FDS o en la informaci\u00f3n sobre los ingredientes).<\/li>\n\n<li>Selecci\u00f3n de los <strong>pictogramas de peligro<\/strong>, la <strong>palabra de advertencia<\/strong>, las <strong>declaraciones H<\/strong> y las <strong>declaraciones P<\/strong> adecuados.<\/li>\n\n<li>Maquetaci\u00f3n seg\u00fan las dimensiones requeridas y legibilidad.<\/li>\n\n<li>Inclusi\u00f3n del nombre del proveedor, UFI (si procede) y otros elementos legales.<\/li><\/ul><h4 class=\"wp-block-heading\" id=\"h-2-label-verification-compliance-check\">2. <strong>Verificaci\u00f3n de etiquetas \/ Control de conformidad<\/strong><\/h4><p>\u00bfYa tiene una etiqueta? Comprobamos su dise\u00f1o con los requisitos CLP actuales y le proporcionamos informaci\u00f3n clara y correcciones, si es necesario: <\/p><ul class=\"wp-block-list\"><li>Precisi\u00f3n de la clasificaci\u00f3n de peligros.<\/li>\n\n<li>Utilizaci\u00f3n correcta de frases, palabra se\u00f1al y pictogramas.<\/li>\n\n<li>Legibilidad, formato y colocaci\u00f3n de los elementos obligatorios.<\/li>\n\n<li>Verificaci\u00f3n de la presencia y estructura del IFU (si es necesario).<\/li><\/ul><h4 class=\"wp-block-heading\" id=\"h-3-optional-add-ons\">3. <strong>Complementos opcionales<\/strong><\/h4><ul class=\"wp-block-list\"><li><strong>Generaci\u00f3n de UFI<\/strong> y servicio de notificaci\u00f3n de PCN.<\/li>\n\n<li><strong>Revisi\u00f3n de la ficha de datos de seguridad (FDS)<\/strong> para garantizar la coherencia con los datos de la etiqueta.<\/li>\n\n<li>Traducci\u00f3n de idiomas para etiquetas destinadas a m\u00faltiples mercados de la UE.<\/li><\/ul><h2 class=\"wp-block-heading\" id=\"h-which-products-require-clp-compliant-labels\">\u00bfQu\u00e9 productos requieren etiquetas conformes al CLP?<\/h2><p>Nuestro servicio de etiquetado CLP se aplica a una amplia gama de mezclas peligrosas, entre las que se incluyen:<\/p><ul class=\"wp-block-list\"><li>Agentes de limpieza industriales y dom\u00e9sticos.<\/li>\n\n<li>Pinturas, adhesivos, resinas y revestimientos.<\/li>\n\n<li>Productos de automoci\u00f3n y lubricantes.<\/li>\n\n<li>Mezclas de fragancias y concentrados de aceites esenciales.<\/li>\n\n<li>Ambientadores, ceras fundidas y sprays ambientales perfumados.<\/li>\n\n<li>Aerosoles y sprays t\u00e9cnicos.<\/li><\/ul><p>Si su producto contiene ingredientes que entra\u00f1an <strong>riesgos f\u00edsicos, para la salud o para el medio ambiente<\/strong>, es probable que necesite una etiqueta conforme al CLP.<\/p><h2 class=\"wp-block-heading\" id=\"h-who-is-this-service-for\">\u00bfA qui\u00e9n va dirigido este servicio?<\/h2><ul class=\"wp-block-list\"><li><strong>Fabricantes<\/strong>, <strong>importadores<\/strong> y <strong>etiquetadores privados<\/strong> de mezclas qu\u00edmicas.<\/li>\n\n<li><strong>Empresas de nueva creaci\u00f3n<\/strong> y PYME que buscan un apoyo normativo asequible.<\/li>\n\n<li><strong>Minoristas y mercados<\/strong> que necesitan etiquetas conformes para la reventa.<\/li>\n\n<li><strong>Exportadores<\/strong> que distribuyen a pa\u00edses de la UE\/EEE.<\/li><\/ul><h2 class=\"wp-block-heading\" id=\"h-why-choose-ufi-eu\">\u00bfPor qu\u00e9 elegir UFI.EU?<\/h2><ul class=\"wp-block-list\"><li><strong>Experiencia normativa<\/strong> en CLP, UFI y PCN en m\u00faltiples industrias.<\/li>\n\n<li><strong>Plazos de entrega r\u00e1pidos<\/strong> y comunicaci\u00f3n clara.<\/li>\n\n<li><strong>Etiquetado preciso y legalmente defendible<\/strong> basado en las \u00faltimas normativas de la UE.<\/li>\n\n<li><strong>Soporte multiling\u00fce<\/strong> para un cumplimiento paneuropeo.<\/li><\/ul><h2 class=\"wp-block-heading\" id=\"h-how-it-works\">C\u00f3mo funciona<\/h2><ol class=\"wp-block-list\"><li><strong>Env\u00ede su SDS o informaci\u00f3n sobre la formulaci\u00f3n.<\/strong><\/li>\n\n<li><strong>Analizamos los datos y creamos o revisamos su etiqueta.<\/strong><\/li>\n\n<li><strong>Recibir\u00e1 un archivo de etiquetas CLP listo para usar o un informe con las correcciones necesarias.<\/strong><\/li><\/ol><h2 class=\"wp-block-heading\" id=\"h-ready-to-order\">\u00bfListo para hacer el pedido?<\/h2><p>Evite el estr\u00e9s de las etiquetas que no cumplen la normativa. Deje que nuestros expertos le ayuden a cumplir sus obligaciones legales con confianza. <br\/><strong>Solicite hoy mismo la creaci\u00f3n de su etiqueta CLP o la comprobaci\u00f3n del cumplimiento de la normativa.<\/strong><\/p>","protected":false},"excerpt":{"rendered":"<p>Le proporcionaremos la informaci\u00f3n para la etiqueta de su producto. Se comprobar\u00e1 que el dise\u00f1o final de su etiqueta cumple la normativa legal. <\/p>\n","protected":false},"featured_media":12485,"template":"","meta":[],"product_brand":[],"product_cat":[399],"product_tag":[],"class_list":{"0":"post-12764","1":"product","2":"type-product","3":"status-publish","4":"has-post-thumbnail","6":"product_cat-etiqueta-clp","8":"first","9":"instock","10":"virtual","11":"taxable","12":"purchasable","13":"product-type-simple"},"bundled_by":["12805","13581","14272","31744"],"bundle_stock_status":"instock","bundle_stock_quantity":null,"bundle_virtual":false,"bundle_layout":"","bundle_add_to_cart_form_location":"","bundle_editable_in_cart":false,"bundle_sold_individually_context":"","bundle_item_grouping":"","bundle_min_size":"","bundle_max_size":"","bundle_price":[],"bundled_items":[],"bundle_sell_ids":[],"yoast_head":"<!-- This site is optimized with the Yoast SEO Premium plugin v25.1 (Yoast SEO v25.1) - https:\/\/yoast.com\/wordpress\/plugins\/seo\/ -->\n<title>Creaci\u00f3n de etiquetas CLP y comprobaci\u00f3n del cumplimiento - UFI<\/title>\n<meta name=\"description\" content=\"Nuestro servicio de creaci\u00f3n de etiquetas CLP y comprobaci\u00f3n de la conformidad garantiza que el etiquetado de sus productos cumple todos los requisitos legales en la UE y el EEE.\" \/>\n<meta name=\"robots\" content=\"index, follow, max-snippet:-1, max-image-preview:large, max-video-preview:-1\" \/>\n<link rel=\"canonical\" href=\"https:\/\/www.ufi.eu\/es\/product\/creacion-de-etiquetas-clp-y-comprobacion-del-cumplimiento\/\" \/>\n<meta property=\"og:locale\" content=\"es_ES\" \/>\n<meta property=\"og:type\" content=\"article\" \/>\n<meta property=\"og:title\" content=\"Creaci\u00f3n de etiquetas CLP y comprobaci\u00f3n del cumplimiento\" \/>\n<meta property=\"og:description\" content=\"Nuestro servicio de creaci\u00f3n de etiquetas CLP y comprobaci\u00f3n de la conformidad garantiza que el etiquetado de sus productos cumple todos los requisitos legales en la UE y el EEE.\" \/>\n<meta property=\"og:url\" content=\"https:\/\/www.ufi.eu\/es\/product\/creacion-de-etiquetas-clp-y-comprobacion-del-cumplimiento\/\" \/>\n<meta property=\"og:site_name\" content=\"UFI\" \/>\n<meta property=\"article:modified_time\" content=\"2025-04-28T12:15:18+00:00\" \/>\n<meta property=\"og:image\" content=\"https:\/\/www.ufi.eu\/wp-content\/uploads\/2025\/03\/pcn_ufi.jpg\" \/>\n\t<meta property=\"og:image:width\" content=\"1024\" \/>\n\t<meta property=\"og:image:height\" content=\"1024\" \/>\n\t<meta property=\"og:image:type\" content=\"image\/jpeg\" \/>\n<meta name=\"twitter:card\" content=\"summary_large_image\" \/>\n<meta name=\"twitter:label1\" content=\"Precio\" \/>\n\t<meta name=\"twitter:data1\" content=\"&euro;50.00\" \/>\n\t<meta name=\"twitter:label2\" content=\"Disponibilidad\" \/>\n\t<meta name=\"twitter:data2\" content=\"Disponible\" \/>\n<script type=\"application\/ld+json\" class=\"yoast-schema-graph\">{\"@context\":\"https:\/\/schema.org\",\"@graph\":[{\"@type\":\"WebPage\",\"@id\":\"https:\/\/www.ufi.eu\/es\/product\/creacion-de-etiquetas-clp-y-comprobacion-del-cumplimiento\/\",\"url\":\"https:\/\/www.ufi.eu\/es\/product\/creacion-de-etiquetas-clp-y-comprobacion-del-cumplimiento\/\",\"name\":\"Creaci\u00f3n de etiquetas CLP y comprobaci\u00f3n del cumplimiento - UFI\",\"isPartOf\":{\"@id\":\"https:\/\/www.ufi.eu\/es\/#website\"},\"primaryImageOfPage\":{\"@id\":\"https:\/\/www.ufi.eu\/es\/product\/creacion-de-etiquetas-clp-y-comprobacion-del-cumplimiento\/#primaryimage\"},\"image\":{\"@id\":\"https:\/\/www.ufi.eu\/es\/product\/creacion-de-etiquetas-clp-y-comprobacion-del-cumplimiento\/#primaryimage\"},\"thumbnailUrl\":\"https:\/\/www.ufi.eu\/wp-content\/uploads\/2025\/03\/pcn_ufi.jpg\",\"datePublished\":\"2025-04-15T20:26:02+00:00\",\"dateModified\":\"2025-04-28T12:15:18+00:00\",\"description\":\"Nuestro servicio de creaci\u00f3n de etiquetas CLP y comprobaci\u00f3n de la conformidad garantiza que el etiquetado de sus productos cumple todos los requisitos legales en la UE y el EEE.\",\"breadcrumb\":{\"@id\":\"https:\/\/www.ufi.eu\/es\/product\/creacion-de-etiquetas-clp-y-comprobacion-del-cumplimiento\/#breadcrumb\"},\"inLanguage\":\"es\",\"potentialAction\":[{\"@type\":\"ReadAction\",\"target\":[\"https:\/\/www.ufi.eu\/es\/product\/creacion-de-etiquetas-clp-y-comprobacion-del-cumplimiento\/\"]}]},{\"@type\":\"ImageObject\",\"inLanguage\":\"es\",\"@id\":\"https:\/\/www.ufi.eu\/es\/product\/creacion-de-etiquetas-clp-y-comprobacion-del-cumplimiento\/#primaryimage\",\"url\":\"https:\/\/www.ufi.eu\/wp-content\/uploads\/2025\/03\/pcn_ufi.jpg\",\"contentUrl\":\"https:\/\/www.ufi.eu\/wp-content\/uploads\/2025\/03\/pcn_ufi.jpg\",\"width\":1024,\"height\":1024},{\"@type\":\"BreadcrumbList\",\"@id\":\"https:\/\/www.ufi.eu\/es\/product\/creacion-de-etiquetas-clp-y-comprobacion-del-cumplimiento\/#breadcrumb\",\"itemListElement\":[{\"@type\":\"ListItem\",\"position\":1,\"name\":\"Home\",\"item\":\"https:\/\/www.ufi.eu\/es\/inicio\/\"},{\"@type\":\"ListItem\",\"position\":2,\"name\":\"Tienda\",\"item\":\"https:\/\/www.ufi.eu\/es\/tienda\/\"},{\"@type\":\"ListItem\",\"position\":3,\"name\":\"Creaci\u00f3n de etiquetas CLP y comprobaci\u00f3n del cumplimiento\"}]},{\"@type\":\"WebSite\",\"@id\":\"https:\/\/www.ufi.eu\/es\/#website\",\"url\":\"https:\/\/www.ufi.eu\/es\/\",\"name\":\"UFI.EU\",\"description\":\"Poison Centre Notifications (PCN) and UFI\",\"publisher\":{\"@id\":\"https:\/\/www.ufi.eu\/es\/#organization\"},\"potentialAction\":[{\"@type\":\"SearchAction\",\"target\":{\"@type\":\"EntryPoint\",\"urlTemplate\":\"https:\/\/www.ufi.eu\/es\/?s={search_term_string}\"},\"query-input\":{\"@type\":\"PropertyValueSpecification\",\"valueRequired\":true,\"valueName\":\"search_term_string\"}}],\"inLanguage\":\"es\"},{\"@type\":\"Organization\",\"@id\":\"https:\/\/www.ufi.eu\/es\/#organization\",\"name\":\"UFI.EU\",\"url\":\"https:\/\/www.ufi.eu\/es\/\",\"logo\":{\"@type\":\"ImageObject\",\"inLanguage\":\"es\",\"@id\":\"https:\/\/www.ufi.eu\/es\/#\/schema\/logo\/image\/\",\"url\":\"https:\/\/www.ufi.eu\/wp-content\/uploads\/2025\/03\/cropped-logo_ufi3.jpg\",\"contentUrl\":\"https:\/\/www.ufi.eu\/wp-content\/uploads\/2025\/03\/cropped-logo_ufi3.jpg\",\"width\":231,\"height\":78,\"caption\":\"UFI.EU\"},\"image\":{\"@id\":\"https:\/\/www.ufi.eu\/es\/#\/schema\/logo\/image\/\"},\"description\":\"UFI.eu specializes in digital registrations for Poison Centre Notifications (PCN), ensuring your chemical products meet EU regulatory requirements effortlessly. Our streamlined solutions help businesses stay compliant while reducing complexity and administrative burden.\",\"email\":\"info@ufi.eu\",\"legalName\":\"UFI.EU\"}]}<\/script>\n<meta property=\"product:price:amount\" content=\"50.00\" \/>\n<meta property=\"product:price:currency\" content=\"EUR\" \/>\n<meta property=\"og:availability\" content=\"instock\" \/>\n<meta property=\"product:availability\" content=\"instock\" \/>\n<meta property=\"product:condition\" content=\"new\" \/>\n<!-- \/ Yoast SEO Premium plugin. -->","yoast_head_json":{"title":"Creaci\u00f3n de etiquetas CLP y comprobaci\u00f3n del cumplimiento - UFI","description":"Nuestro servicio de creaci\u00f3n de etiquetas CLP y comprobaci\u00f3n de la conformidad garantiza que el etiquetado de sus productos cumple todos los requisitos legales en la UE y el EEE.","robots":{"index":"index","follow":"follow","max-snippet":"max-snippet:-1","max-image-preview":"max-image-preview:large","max-video-preview":"max-video-preview:-1"},"canonical":"https:\/\/www.ufi.eu\/es\/product\/creacion-de-etiquetas-clp-y-comprobacion-del-cumplimiento\/","og_locale":"es_ES","og_type":"article","og_title":"Creaci\u00f3n de etiquetas CLP y comprobaci\u00f3n del cumplimiento","og_description":"Nuestro servicio de creaci\u00f3n de etiquetas CLP y comprobaci\u00f3n de la conformidad garantiza que el etiquetado de sus productos cumple todos los requisitos legales en la UE y el EEE.","og_url":"https:\/\/www.ufi.eu\/es\/product\/creacion-de-etiquetas-clp-y-comprobacion-del-cumplimiento\/","og_site_name":"UFI","article_modified_time":"2025-04-28T12:15:18+00:00","og_image":[{"width":1024,"height":1024,"url":"https:\/\/www.ufi.eu\/wp-content\/uploads\/2025\/03\/pcn_ufi.jpg","type":"image\/jpeg"}],"twitter_card":"summary_large_image","twitter_misc":{"Precio":"&euro;50.00","Disponibilidad":"Disponible"},"schema":{"@context":"https:\/\/schema.org","@graph":[{"@type":"WebPage","@id":"https:\/\/www.ufi.eu\/es\/product\/creacion-de-etiquetas-clp-y-comprobacion-del-cumplimiento\/","url":"https:\/\/www.ufi.eu\/es\/product\/creacion-de-etiquetas-clp-y-comprobacion-del-cumplimiento\/","name":"Creaci\u00f3n de etiquetas CLP y comprobaci\u00f3n del cumplimiento - UFI","isPartOf":{"@id":"https:\/\/www.ufi.eu\/es\/#website"},"primaryImageOfPage":{"@id":"https:\/\/www.ufi.eu\/es\/product\/creacion-de-etiquetas-clp-y-comprobacion-del-cumplimiento\/#primaryimage"},"image":{"@id":"https:\/\/www.ufi.eu\/es\/product\/creacion-de-etiquetas-clp-y-comprobacion-del-cumplimiento\/#primaryimage"},"thumbnailUrl":"https:\/\/www.ufi.eu\/wp-content\/uploads\/2025\/03\/pcn_ufi.jpg","datePublished":"2025-04-15T20:26:02+00:00","dateModified":"2025-04-28T12:15:18+00:00","description":"Nuestro servicio de creaci\u00f3n de etiquetas CLP y comprobaci\u00f3n de la conformidad garantiza que el etiquetado de sus productos cumple todos los requisitos legales en la UE y el EEE.","breadcrumb":{"@id":"https:\/\/www.ufi.eu\/es\/product\/creacion-de-etiquetas-clp-y-comprobacion-del-cumplimiento\/#breadcrumb"},"inLanguage":"es","potentialAction":[{"@type":"ReadAction","target":["https:\/\/www.ufi.eu\/es\/product\/creacion-de-etiquetas-clp-y-comprobacion-del-cumplimiento\/"]}]},{"@type":"ImageObject","inLanguage":"es","@id":"https:\/\/www.ufi.eu\/es\/product\/creacion-de-etiquetas-clp-y-comprobacion-del-cumplimiento\/#primaryimage","url":"https:\/\/www.ufi.eu\/wp-content\/uploads\/2025\/03\/pcn_ufi.jpg","contentUrl":"https:\/\/www.ufi.eu\/wp-content\/uploads\/2025\/03\/pcn_ufi.jpg","width":1024,"height":1024},{"@type":"BreadcrumbList","@id":"https:\/\/www.ufi.eu\/es\/product\/creacion-de-etiquetas-clp-y-comprobacion-del-cumplimiento\/#breadcrumb","itemListElement":[{"@type":"ListItem","position":1,"name":"Home","item":"https:\/\/www.ufi.eu\/es\/inicio\/"},{"@type":"ListItem","position":2,"name":"Tienda","item":"https:\/\/www.ufi.eu\/es\/tienda\/"},{"@type":"ListItem","position":3,"name":"Creaci\u00f3n de etiquetas CLP y comprobaci\u00f3n del cumplimiento"}]},{"@type":"WebSite","@id":"https:\/\/www.ufi.eu\/es\/#website","url":"https:\/\/www.ufi.eu\/es\/","name":"UFI.EU","description":"Poison Centre Notifications (PCN) and UFI","publisher":{"@id":"https:\/\/www.ufi.eu\/es\/#organization"},"potentialAction":[{"@type":"SearchAction","target":{"@type":"EntryPoint","urlTemplate":"https:\/\/www.ufi.eu\/es\/?s={search_term_string}"},"query-input":{"@type":"PropertyValueSpecification","valueRequired":true,"valueName":"search_term_string"}}],"inLanguage":"es"},{"@type":"Organization","@id":"https:\/\/www.ufi.eu\/es\/#organization","name":"UFI.EU","url":"https:\/\/www.ufi.eu\/es\/","logo":{"@type":"ImageObject","inLanguage":"es","@id":"https:\/\/www.ufi.eu\/es\/#\/schema\/logo\/image\/","url":"https:\/\/www.ufi.eu\/wp-content\/uploads\/2025\/03\/cropped-logo_ufi3.jpg","contentUrl":"https:\/\/www.ufi.eu\/wp-content\/uploads\/2025\/03\/cropped-logo_ufi3.jpg","width":231,"height":78,"caption":"UFI.EU"},"image":{"@id":"https:\/\/www.ufi.eu\/es\/#\/schema\/logo\/image\/"},"description":"UFI.eu specializes in digital registrations for Poison Centre Notifications (PCN), ensuring your chemical products meet EU regulatory requirements effortlessly. Our streamlined solutions help businesses stay compliant while reducing complexity and administrative burden.","email":"info@ufi.eu","legalName":"UFI.EU"}]},"product_price_amount":"50.00","product_price_currency":"EUR","og_availability":"instock","product_availability":"instock","product_condition":"new"},"_links":{"self":[{"href":"https:\/\/www.ufi.eu\/es\/wp-json\/wp\/v2\/product\/12764","targetHints":{"allow":["GET"]}}],"collection":[{"href":"https:\/\/www.ufi.eu\/es\/wp-json\/wp\/v2\/product"}],"about":[{"href":"https:\/\/www.ufi.eu\/es\/wp-json\/wp\/v2\/types\/product"}],"wp:featuredmedia":[{"embeddable":true,"href":"https:\/\/www.ufi.eu\/es\/wp-json\/wp\/v2\/media\/12485"}],"wp:attachment":[{"href":"https:\/\/www.ufi.eu\/es\/wp-json\/wp\/v2\/media?parent=12764"}],"wp:term":[{"taxonomy":"product_brand","embeddable":true,"href":"https:\/\/www.ufi.eu\/es\/wp-json\/wp\/v2\/product_brand?post=12764"},{"taxonomy":"product_cat","embeddable":true,"href":"https:\/\/www.ufi.eu\/es\/wp-json\/wp\/v2\/product_cat?post=12764"},{"taxonomy":"product_tag","embeddable":true,"href":"https:\/\/www.ufi.eu\/es\/wp-json\/wp\/v2\/product_tag?post=12764"}],"curies":[{"name":"wp","href":"https:\/\/api.w.org\/{rel}","templated":true}]}}