{"id":12572,"date":"2025-03-09T14:12:29","date_gmt":"2025-04-15T19:37:19","guid":{"rendered":"https:\/\/www.ufi.eu\/pcn\/sin%20categor\u00eda\/paises-para-el-registro-de-ncp\/"},"modified":"2025-05-15T16:47:57","modified_gmt":"2025-05-15T16:47:57","slug":"paises-para-el-registro-de-ncp","status":"publish","type":"product","link":"https:\/\/www.ufi.eu\/es\/product\/paises-para-el-registro-de-ncp\/","title":{"rendered":"Pa\u00edses para el registro de NCP"},"content":{"rendered":"\n<h2 class=\"wp-block-heading\" id=\"h-launch-your-product-across-europe-with-ease\">Lance su producto en toda Europa con facilidad<\/h2>\n\n<p>Al registrar su producto para la Notificaci\u00f3n del Centro de Toxicolog\u00eda de la UE (NCP), cada pa\u00eds en el que planea venderlo requiere la presentaci\u00f3n a su respectiva autoridad nacional. Con nuestro Registro de pa\u00edses de la UE para la NCP, puede seleccionar los pa\u00edses exactos en los que desea lanzar su producto, lo que le proporciona total flexibilidad y control sobre el alcance de su mercado. <\/p>\n\n<h2 class=\"wp-block-heading\" id=\"h-what-you-re-purchasing\">Qu\u00e9 est\u00e1 comprando<\/h2>\n\n<p>Este producto le permite <strong>comprar fichas de pa\u00eds<\/strong> para los 27 Estados miembros de la UE. Estas fichas pueden utilizarse <strong>con cualquier registro de NCP<\/strong> que haga con nosotros. Una vez comprados, los pa\u00edses se <strong>a\u00f1aden a <a href=\"https:\/\/www.ufi.eu\/my-account\/points\/\">su lista de pa\u00edses NCP<\/a><\/strong> y pueden aplicarse al cumplimentar nuestro <strong>formulario de entrada de NCP<\/strong> para su producto.    <\/p>\n\n<p><strong>Tambi\u00e9n tendr\u00e1 que <a href=\"https:\/\/www.ufi.eu\/shop\/\">comprar un NCP para su producto<\/a>. Este producto es s\u00f3lo un pa\u00eds suelto, no el NCP. <\/strong><\/p>\n\n<h4 class=\"wp-block-heading\">\u2705 C\u00f3mo funciona:<\/h4>\n\n<ol class=\"wp-block-list\">\n<li>Determine <strong>los pa\u00edses<\/strong> en los que piensa vender.<\/li>\n\n\n\n<li>Compre el n\u00famero de <strong>fichas de pa\u00eds<\/strong>.<\/li>\n\n\n\n<li><a href=\"https:\/\/www.ufi.eu\/es\/nuevo-producto\/\">Env\u00edenos el formulario de admisi\u00f3n de su producto<\/a>.<\/li>\n\n\n\n<li>Simplemente asigne los pa\u00edses en los que desea que enviemos su producto para la presentaci\u00f3n de NCP.<\/li>\n\n\n\n<li>La ficha de pa\u00eds se deduce de su total al enviar su formulario con nosotros.<\/li>\n<\/ol>\n\n<p>Tanto si lanza un producto como si gestiona una cartera completa, puede <strong>utilizar <a href=\"https:\/\/www.ufi.eu\/my-account\/points\/\">los tokens de pa\u00eds adquiridos<\/a><\/strong> en diferentes presentaciones de NCP, lo que le ahorrar\u00e1 tiempo, garantizar\u00e1 el cumplimiento y ampliar\u00e1 su presencia en el mercado de la UE sin esfuerzo.<\/p>\n\n<h3 class=\"wp-block-heading\" id=\"h-supported-eu-countries\">Pa\u00edses de la UE apoyados<\/h3>\n\n<p>La UE tiene 27 pa\u00edses y el EEE tiene 30 (UE+Lichtenstein, Noruega e Islandia) En el portal puede seleccionar entre estos pa\u00edses:<\/p>\n\n<figure class=\"wp-block-table\"><table class=\"has-fixed-layout\"><tbody><tr><td>B\u00e9lgica<\/td><td>(BE)<\/td><td>Espa\u00f1a<\/td><td>(ES)<\/td><td>Hungr\u00eda<\/td><td>(HU)<\/td><td>Eslovaquia<\/td><td>(SK)<\/td><\/tr><tr><td>Bulgaria<\/td><td>(BG)<\/td><td>Francia<\/td><td>(FR)<\/td><td>Malta<\/td><td>(MT)<\/td><td>Finlandia<\/td><td>(FI)<\/td><\/tr><tr><td>Chequia<\/td><td>(CZ)<\/td><td>Croacia<\/td><td>(HR)<\/td><td>Pa\u00edses Bajos<\/td><td>(NL)<\/td><td>Suecia<\/td><td>(SE)<\/td><\/tr><tr><td>Dinamarca<\/td><td>(DK)<\/td><td>Italia<\/td><td>(IT)<\/td><td>Austria<\/td><td>(AT)<\/td><td>Alemania<\/td><td>(DE)<\/td><\/tr><tr><td>Chipre<\/td><td>(CY)<\/td><td>Polonia<\/td><td>(PL)<\/td><td>Islandia<\/td><td>(IS)<\/td><td>Estonia<\/td><td>(EE)<\/td><\/tr><tr><td>Letonia<\/td><td>(LV)<\/td><td>Portugal<\/td><td>(PT)<\/td><td>Liechtenstein<\/td><td>(LI)<\/td><td>Irlanda<\/td><td>(IE)<\/td><\/tr><tr><td>Lituania<\/td><td>(LT)<\/td><td>Ruman\u00eda<\/td><td>(RO)<\/td><td>Noruega<\/td><td>(NO)<\/td><td>Grecia<\/td><td>(EL)<\/td><\/tr><tr><td>Luxemburgo<\/td><td>(LU)<\/td><td>Eslovenia<\/td><td>(SI)<\/td><td>Suiza<\/td><td>(CH)<\/td><td><\/td><td><\/td><\/tr><\/tbody><\/table><\/figure>\n\n<p>*Para Suiza podemos crear el expediente PCN, con toda la informaci\u00f3n necesaria para hacer una presentaci\u00f3n en el portal suizo. P\u00f3ngase en contacto con nosotros para obtener m\u00e1s informaci\u00f3n. <\/p>\n\n<h2 class=\"wp-block-heading\" id=\"h-example-of-how-it-works\">Ejemplo de funcionamiento<\/h2>\n\n<p>Va a lanzar un nuevo producto de limpieza en <strong>Francia, Alemania y Espa\u00f1a<\/strong>. Simplemente compre tres pa\u00edses. Al cumplimentar el formulario de entrada de NCP con nosotros, asignar\u00e1 esos tokens de pa\u00eds al producto, garantizando el cumplimiento legal en los tres mercados sin la molestia de las presentaciones individuales.  <\/p>\n","protected":false},"excerpt":{"rendered":"<p>Seleccione el n\u00famero de pa\u00edses en los que desea registrar su producto.<\/p>\n","protected":false},"featured_media":12573,"template":"","meta":[],"product_brand":[],"product_cat":[349],"product_tag":[],"class_list":{"0":"post-12572","1":"product","2":"type-product","3":"status-publish","4":"has-post-thumbnail","6":"product_cat-paises-es","8":"first","9":"instock","10":"virtual","11":"taxable","12":"purchasable","13":"product-type-simple"},"bundled_by":["12604","12624","12805","12866","12896","12906","12936","13138","13297","13307","13351","13371","13581","13638","13644","13660","13688","13708","13728","13738","13948","13972","13986","14186","14206","14212","14236","14272","14292","14302","14322","14342","14578","14636","14668","14738","14872","14902","14922","14936","14949","15143","15163","15183","15213","15221","15245","15325","15377","15389","15403","15565","15611","15747","15767","15787","15797","16039","16051","16093","16119","16125","16163","16193","16213","16413","16431","16661","16691","16701","16721","16741","16761","16781","16801","16831","16841","16871","17107","17117","17145","17155","17175","17205","17487","17497","17521","17541","17559","17569","17599","17607","17637","17991","17999","18094","18102","18124","18144","18154","18289","18307","18553","18573","18579","18589","18673","18693","18843","18861","18871","19123","19143","19181","19191","19211","19241","19251","19469","19543","19563","19583","19613","19633","19653","19951","20017","20037","20047","20077","20097","20107","20127","20157","20465","20475","20495","20515","20545","20565","20585","20605","20895","20905","20935","20963","20983","21003","21033","21043","21079","21093","21271","21281","21301","21327","21341","21359","21371","21805","21835","21845","21861","21891","21931","21999","22003","22033","22319","22357","22387","22401","22405","22775","22795","22815","22845","22855","22879","22899","22909","22939","23273","23339","23359","23369","23393","23413","23433","23463","23483","23499","23779","23799","23819","23867","23887","23897","23927","23947","24024","24044","24074","24092","31744"],"bundle_stock_status":"instock","bundle_stock_quantity":null,"bundle_virtual":false,"bundle_layout":"","bundle_add_to_cart_form_location":"","bundle_editable_in_cart":false,"bundle_sold_individually_context":"","bundle_item_grouping":"","bundle_min_size":"","bundle_max_size":"","bundle_price":[],"bundled_items":[],"bundle_sell_ids":[],"yoast_head":"<!-- This site is optimized with the Yoast SEO Premium plugin v25.1 (Yoast SEO v25.1) - https:\/\/yoast.com\/wordpress\/plugins\/seo\/ -->\n<title>Pa\u00edses para el registro de NCP - UFI<\/title>\n<meta name=\"description\" content=\"Con nuestros Pa\u00edses de la UE para el registro de NCP, puede seleccionar los pa\u00edses exactos en los que desea lanzar su producto, lo que le proporciona total flexibilidad y control sobre el alcance de su mercado.\" \/>\n<meta name=\"robots\" content=\"index, follow, max-snippet:-1, max-image-preview:large, max-video-preview:-1\" \/>\n<link rel=\"canonical\" href=\"https:\/\/www.ufi.eu\/es\/product\/paises-para-el-registro-de-ncp\/\" \/>\n<meta property=\"og:locale\" content=\"es_ES\" \/>\n<meta property=\"og:type\" content=\"article\" \/>\n<meta property=\"og:title\" content=\"Pa\u00edses para el registro de NCP\" \/>\n<meta property=\"og:description\" content=\"Con nuestros Pa\u00edses de la UE para el registro de NCP, puede seleccionar los pa\u00edses exactos en los que desea lanzar su producto, lo que le proporciona total flexibilidad y control sobre el alcance de su mercado.\" \/>\n<meta property=\"og:url\" content=\"https:\/\/www.ufi.eu\/es\/product\/paises-para-el-registro-de-ncp\/\" \/>\n<meta property=\"og:site_name\" content=\"UFI\" \/>\n<meta property=\"article:modified_time\" content=\"2025-05-15T16:47:57+00:00\" \/>\n<meta property=\"og:image\" content=\"https:\/\/www.ufi.eu\/wp-content\/uploads\/2025\/03\/eu.jpg\" \/>\n\t<meta property=\"og:image:width\" content=\"800\" \/>\n\t<meta property=\"og:image:height\" content=\"800\" \/>\n\t<meta property=\"og:image:type\" content=\"image\/jpeg\" \/>\n<meta name=\"twitter:card\" content=\"summary_large_image\" \/>\n<meta name=\"twitter:label1\" content=\"Precio\" \/>\n\t<meta name=\"twitter:data1\" content=\"&euro;35.00\" \/>\n\t<meta name=\"twitter:label2\" content=\"Disponibilidad\" \/>\n\t<meta name=\"twitter:data2\" content=\"Disponible\" \/>\n<script type=\"application\/ld+json\" class=\"yoast-schema-graph\">{\"@context\":\"https:\/\/schema.org\",\"@graph\":[{\"@type\":\"WebPage\",\"@id\":\"https:\/\/www.ufi.eu\/es\/product\/paises-para-el-registro-de-ncp\/\",\"url\":\"https:\/\/www.ufi.eu\/es\/product\/paises-para-el-registro-de-ncp\/\",\"name\":\"Pa\u00edses para el registro de NCP - UFI\",\"isPartOf\":{\"@id\":\"https:\/\/www.ufi.eu\/es\/#website\"},\"primaryImageOfPage\":{\"@id\":\"https:\/\/www.ufi.eu\/es\/product\/paises-para-el-registro-de-ncp\/#primaryimage\"},\"image\":{\"@id\":\"https:\/\/www.ufi.eu\/es\/product\/paises-para-el-registro-de-ncp\/#primaryimage\"},\"thumbnailUrl\":\"https:\/\/www.ufi.eu\/wp-content\/uploads\/2025\/03\/eu.jpg\",\"datePublished\":\"2025-04-15T19:37:19+00:00\",\"dateModified\":\"2025-05-15T16:47:57+00:00\",\"description\":\"Con nuestros Pa\u00edses de la UE para el registro de NCP, puede seleccionar los pa\u00edses exactos en los que desea lanzar su producto, lo que le proporciona total flexibilidad y control sobre el alcance de su mercado.\",\"breadcrumb\":{\"@id\":\"https:\/\/www.ufi.eu\/es\/product\/paises-para-el-registro-de-ncp\/#breadcrumb\"},\"inLanguage\":\"es\",\"potentialAction\":[{\"@type\":\"ReadAction\",\"target\":[\"https:\/\/www.ufi.eu\/es\/product\/paises-para-el-registro-de-ncp\/\"]}]},{\"@type\":\"ImageObject\",\"inLanguage\":\"es\",\"@id\":\"https:\/\/www.ufi.eu\/es\/product\/paises-para-el-registro-de-ncp\/#primaryimage\",\"url\":\"https:\/\/www.ufi.eu\/wp-content\/uploads\/2025\/03\/eu.jpg\",\"contentUrl\":\"https:\/\/www.ufi.eu\/wp-content\/uploads\/2025\/03\/eu.jpg\",\"width\":800,\"height\":800},{\"@type\":\"BreadcrumbList\",\"@id\":\"https:\/\/www.ufi.eu\/es\/product\/paises-para-el-registro-de-ncp\/#breadcrumb\",\"itemListElement\":[{\"@type\":\"ListItem\",\"position\":1,\"name\":\"Home\",\"item\":\"https:\/\/www.ufi.eu\/es\/inicio\/\"},{\"@type\":\"ListItem\",\"position\":2,\"name\":\"Tienda\",\"item\":\"https:\/\/www.ufi.eu\/es\/tienda\/\"},{\"@type\":\"ListItem\",\"position\":3,\"name\":\"Pa\u00edses para el registro de NCP\"}]},{\"@type\":\"WebSite\",\"@id\":\"https:\/\/www.ufi.eu\/es\/#website\",\"url\":\"https:\/\/www.ufi.eu\/es\/\",\"name\":\"UFI.EU\",\"description\":\"Poison Centre Notifications (PCN) and UFI\",\"publisher\":{\"@id\":\"https:\/\/www.ufi.eu\/es\/#organization\"},\"potentialAction\":[{\"@type\":\"SearchAction\",\"target\":{\"@type\":\"EntryPoint\",\"urlTemplate\":\"https:\/\/www.ufi.eu\/es\/?s={search_term_string}\"},\"query-input\":{\"@type\":\"PropertyValueSpecification\",\"valueRequired\":true,\"valueName\":\"search_term_string\"}}],\"inLanguage\":\"es\"},{\"@type\":\"Organization\",\"@id\":\"https:\/\/www.ufi.eu\/es\/#organization\",\"name\":\"UFI.EU\",\"url\":\"https:\/\/www.ufi.eu\/es\/\",\"logo\":{\"@type\":\"ImageObject\",\"inLanguage\":\"es\",\"@id\":\"https:\/\/www.ufi.eu\/es\/#\/schema\/logo\/image\/\",\"url\":\"https:\/\/www.ufi.eu\/wp-content\/uploads\/2025\/03\/cropped-logo_ufi3.jpg\",\"contentUrl\":\"https:\/\/www.ufi.eu\/wp-content\/uploads\/2025\/03\/cropped-logo_ufi3.jpg\",\"width\":231,\"height\":78,\"caption\":\"UFI.EU\"},\"image\":{\"@id\":\"https:\/\/www.ufi.eu\/es\/#\/schema\/logo\/image\/\"},\"description\":\"UFI.eu specializes in digital registrations for Poison Centre Notifications (PCN), ensuring your chemical products meet EU regulatory requirements effortlessly. Our streamlined solutions help businesses stay compliant while reducing complexity and administrative burden.\",\"email\":\"info@ufi.eu\",\"legalName\":\"UFI.EU\"}]}<\/script>\n<meta property=\"product:price:amount\" content=\"35.00\" \/>\n<meta property=\"product:price:currency\" content=\"EUR\" \/>\n<meta property=\"og:availability\" content=\"instock\" \/>\n<meta property=\"product:availability\" content=\"instock\" \/>\n<meta property=\"product:retailer_item_id\" content=\"PCN-COUNTRIES\" \/>\n<meta property=\"product:condition\" content=\"new\" \/>\n<!-- \/ Yoast SEO Premium plugin. -->","yoast_head_json":{"title":"Pa\u00edses para el registro de NCP - UFI","description":"Con nuestros Pa\u00edses de la UE para el registro de NCP, puede seleccionar los pa\u00edses exactos en los que desea lanzar su producto, lo que le proporciona total flexibilidad y control sobre el alcance de su mercado.","robots":{"index":"index","follow":"follow","max-snippet":"max-snippet:-1","max-image-preview":"max-image-preview:large","max-video-preview":"max-video-preview:-1"},"canonical":"https:\/\/www.ufi.eu\/es\/product\/paises-para-el-registro-de-ncp\/","og_locale":"es_ES","og_type":"article","og_title":"Pa\u00edses para el registro de NCP","og_description":"Con nuestros Pa\u00edses de la UE para el registro de NCP, puede seleccionar los pa\u00edses exactos en los que desea lanzar su producto, lo que le proporciona total flexibilidad y control sobre el alcance de su mercado.","og_url":"https:\/\/www.ufi.eu\/es\/product\/paises-para-el-registro-de-ncp\/","og_site_name":"UFI","article_modified_time":"2025-05-15T16:47:57+00:00","og_image":[{"width":800,"height":800,"url":"https:\/\/www.ufi.eu\/wp-content\/uploads\/2025\/03\/eu.jpg","type":"image\/jpeg"}],"twitter_card":"summary_large_image","twitter_misc":{"Precio":"&euro;35.00","Disponibilidad":"Disponible"},"schema":{"@context":"https:\/\/schema.org","@graph":[{"@type":"WebPage","@id":"https:\/\/www.ufi.eu\/es\/product\/paises-para-el-registro-de-ncp\/","url":"https:\/\/www.ufi.eu\/es\/product\/paises-para-el-registro-de-ncp\/","name":"Pa\u00edses para el registro de NCP - UFI","isPartOf":{"@id":"https:\/\/www.ufi.eu\/es\/#website"},"primaryImageOfPage":{"@id":"https:\/\/www.ufi.eu\/es\/product\/paises-para-el-registro-de-ncp\/#primaryimage"},"image":{"@id":"https:\/\/www.ufi.eu\/es\/product\/paises-para-el-registro-de-ncp\/#primaryimage"},"thumbnailUrl":"https:\/\/www.ufi.eu\/wp-content\/uploads\/2025\/03\/eu.jpg","datePublished":"2025-04-15T19:37:19+00:00","dateModified":"2025-05-15T16:47:57+00:00","description":"Con nuestros Pa\u00edses de la UE para el registro de NCP, puede seleccionar los pa\u00edses exactos en los que desea lanzar su producto, lo que le proporciona total flexibilidad y control sobre el alcance de su mercado.","breadcrumb":{"@id":"https:\/\/www.ufi.eu\/es\/product\/paises-para-el-registro-de-ncp\/#breadcrumb"},"inLanguage":"es","potentialAction":[{"@type":"ReadAction","target":["https:\/\/www.ufi.eu\/es\/product\/paises-para-el-registro-de-ncp\/"]}]},{"@type":"ImageObject","inLanguage":"es","@id":"https:\/\/www.ufi.eu\/es\/product\/paises-para-el-registro-de-ncp\/#primaryimage","url":"https:\/\/www.ufi.eu\/wp-content\/uploads\/2025\/03\/eu.jpg","contentUrl":"https:\/\/www.ufi.eu\/wp-content\/uploads\/2025\/03\/eu.jpg","width":800,"height":800},{"@type":"BreadcrumbList","@id":"https:\/\/www.ufi.eu\/es\/product\/paises-para-el-registro-de-ncp\/#breadcrumb","itemListElement":[{"@type":"ListItem","position":1,"name":"Home","item":"https:\/\/www.ufi.eu\/es\/inicio\/"},{"@type":"ListItem","position":2,"name":"Tienda","item":"https:\/\/www.ufi.eu\/es\/tienda\/"},{"@type":"ListItem","position":3,"name":"Pa\u00edses para el registro de NCP"}]},{"@type":"WebSite","@id":"https:\/\/www.ufi.eu\/es\/#website","url":"https:\/\/www.ufi.eu\/es\/","name":"UFI.EU","description":"Poison Centre Notifications (PCN) and UFI","publisher":{"@id":"https:\/\/www.ufi.eu\/es\/#organization"},"potentialAction":[{"@type":"SearchAction","target":{"@type":"EntryPoint","urlTemplate":"https:\/\/www.ufi.eu\/es\/?s={search_term_string}"},"query-input":{"@type":"PropertyValueSpecification","valueRequired":true,"valueName":"search_term_string"}}],"inLanguage":"es"},{"@type":"Organization","@id":"https:\/\/www.ufi.eu\/es\/#organization","name":"UFI.EU","url":"https:\/\/www.ufi.eu\/es\/","logo":{"@type":"ImageObject","inLanguage":"es","@id":"https:\/\/www.ufi.eu\/es\/#\/schema\/logo\/image\/","url":"https:\/\/www.ufi.eu\/wp-content\/uploads\/2025\/03\/cropped-logo_ufi3.jpg","contentUrl":"https:\/\/www.ufi.eu\/wp-content\/uploads\/2025\/03\/cropped-logo_ufi3.jpg","width":231,"height":78,"caption":"UFI.EU"},"image":{"@id":"https:\/\/www.ufi.eu\/es\/#\/schema\/logo\/image\/"},"description":"UFI.eu specializes in digital registrations for Poison Centre Notifications (PCN), ensuring your chemical products meet EU regulatory requirements effortlessly. Our streamlined solutions help businesses stay compliant while reducing complexity and administrative burden.","email":"info@ufi.eu","legalName":"UFI.EU"}]},"product_price_amount":"35.00","product_price_currency":"EUR","og_availability":"instock","product_availability":"instock","product_retailer_item_id":"PCN-COUNTRIES","product_condition":"new"},"_links":{"self":[{"href":"https:\/\/www.ufi.eu\/es\/wp-json\/wp\/v2\/product\/12572","targetHints":{"allow":["GET"]}}],"collection":[{"href":"https:\/\/www.ufi.eu\/es\/wp-json\/wp\/v2\/product"}],"about":[{"href":"https:\/\/www.ufi.eu\/es\/wp-json\/wp\/v2\/types\/product"}],"wp:featuredmedia":[{"embeddable":true,"href":"https:\/\/www.ufi.eu\/es\/wp-json\/wp\/v2\/media\/12573"}],"wp:attachment":[{"href":"https:\/\/www.ufi.eu\/es\/wp-json\/wp\/v2\/media?parent=12572"}],"wp:term":[{"taxonomy":"product_brand","embeddable":true,"href":"https:\/\/www.ufi.eu\/es\/wp-json\/wp\/v2\/product_brand?post=12572"},{"taxonomy":"product_cat","embeddable":true,"href":"https:\/\/www.ufi.eu\/es\/wp-json\/wp\/v2\/product_cat?post=12572"},{"taxonomy":"product_tag","embeddable":true,"href":"https:\/\/www.ufi.eu\/es\/wp-json\/wp\/v2\/product_tag?post=12572"}],"curies":[{"name":"wp","href":"https:\/\/api.w.org\/{rel}","templated":true}]}}