{"id":12484,"date":"2025-04-09T20:19:16","date_gmt":"2025-04-15T19:34:14","guid":{"rendered":"https:\/\/www.ufi.eu\/pcn\/sin%20categor\u00eda\/creacion-de-fichas-de-datos-de-seguridad\/"},"modified":"2025-08-29T09:16:35","modified_gmt":"2025-08-29T09:16:35","slug":"creacion-de-fichas-de-datos-de-seguridad","status":"publish","type":"product","link":"https:\/\/www.ufi.eu\/es\/product\/creacion-de-fichas-de-datos-de-seguridad\/","title":{"rendered":"Creaci\u00f3n de fichas de datos de seguridad"},"content":{"rendered":"\n<h3 class=\"wp-block-heading\" id=\"h-please-select-the-bundle-including-a-language-for-the-creation-of-an-sds-without-a-language-we-cannot-create-the-sds\"><strong><a href=\"https:\/\/www.ufi.eu\/es\/product\/servicio-de-creacion-de-fichas-de-datos-de-seguridad-fds-sds\/\">Por favor, seleccione el paquete<\/a> que incluya un idioma para la creaci\u00f3n de una FDS. Sin un idioma no podemos crear la FDS.   <\/strong><\/h3>\n\n<p><strong>Fichas de datos de seguridad redactadas por profesionales en total conformidad con el Reglamento de la UE (REACH y CLP)<\/strong><br\/>Proporcionamos <strong>fichas de datos de seguridad (FDS<\/strong> ) elaboradas por expertos -tambi\u00e9n conocidas como <strong>fichas de datos de seguridad de materiales (FDS<\/strong> )- adaptadas a su producto y conformes con las \u00faltimas normativas de la UE. Tanto si fabrica mezclas qu\u00edmicas, como si importa productos a la UE o los distribuye con una etiqueta privada, una FDS conforme a la normativa es legalmente obligatoria y esencial para un uso seguro en toda la cadena de suministro. <\/p>\n\n<h2 class=\"wp-block-heading\" id=\"h-what-is-an-safety-data-sheet-msds-sds-and-why-do-you-need-one\">\u00bfQu\u00e9 es una ficha de datos de seguridad (MSDS\/SDS) y por qu\u00e9 necesita una?<\/h2>\n\n<p>Una <strong>ficha de datos de seguridad<\/strong> es un documento legalmente obligatorio que proporciona informaci\u00f3n exhaustiva sobre las propiedades de una sustancia o mezcla qu\u00edmica. Seg\u00fan <strong>REACH (CE n\u00ba 1907\/2006)<\/strong> y <strong>CLP (CE n\u00ba 1272\/2008)<\/strong>, los proveedores deben proporcionar una FDS a los usuarios intermedios para cualquier producto que sea peligroso o contenga sustancias preocupantes. <\/p>\n\n<p>No suministrar una FDS precisa y completa puede dar lugar a:<\/p>\n\n<ul class=\"wp-block-list\">\n<li><strong>Sanciones legales<\/strong> o retrasos aduaneros<\/li>\n\n\n\n<li><strong>Env\u00edos rechazados<\/strong> o socios comerciales perdidos<\/li>\n\n\n\n<li><strong>Riesgo para la salud humana y el medio ambiente<\/strong><\/li>\n<\/ul>\n\n<h2 class=\"wp-block-heading\" id=\"h-what-our-sds-creation-service-includes\">Qu\u00e9 incluye nuestro servicio de creaci\u00f3n de FDS<\/h2>\n\n<h4 class=\"wp-block-heading\" id=\"h-1-fully-compliant-sds-creation-16-sections\">1. <strong>Creaci\u00f3n de FDS totalmente conformes (16 secciones)<\/strong><\/h4>\n\n<p>Creamos su FDS desde cero bas\u00e1ndonos en la formulaci\u00f3n de su producto y\/o en los datos existentes, incluyendo:<\/p>\n\n<ul class=\"wp-block-list\">\n<li>Clasificaci\u00f3n de peligros e informaci\u00f3n de etiquetado (conforme al CLP)<\/li>\n\n\n\n<li>Divulgaci\u00f3n de la composici\u00f3n y los ingredientes<\/li>\n\n\n\n<li>Instrucciones de manipulaci\u00f3n, almacenamiento y transporte seguros<\/li>\n\n\n\n<li>Primeros auxilios, lucha contra incendios y medidas en caso de vertido accidental<\/li>\n\n\n\n<li>Referencias reglamentarias (Anexo II de REACH)<\/li>\n<\/ul>\n\n<p>Cada SDS se entrega de acuerdo con <strong>el Anexo II de REACH<\/strong>, alineada con las \u00faltimas actualizaciones y clasificaciones armonizadas.<\/p>\n\n<h4 class=\"wp-block-heading\" id=\"h-2-multilingual-sds-versions\">2. <strong>Versiones multiling\u00fces de la FDS<\/strong><\/h4>\n\n<p>Ofrecemos la creaci\u00f3n de FDS en varios idiomas oficiales de la UE, listas para su distribuci\u00f3n transfronteriza. Esto incluye: <\/p>\n\n<ul class=\"wp-block-list\">\n<li>Traducciones realizadas por expertos familiarizados con la terminolog\u00eda qu\u00edmica<\/li>\n\n\n\n<li>Adaptaciones espec\u00edficas para cada pa\u00eds cuando sea necesario (por ejemplo, l\u00edmites nacionales de exposici\u00f3n)<\/li>\n<\/ul>\n\n<h4 class=\"wp-block-heading\" id=\"h-3-update-amp-conversion-service\">3. <strong>Servicio de actualizaci\u00f3n y conversi\u00f3n<\/strong><\/h4>\n\n<p>\u00bfYa tiene una FDS obsoleta o que no cumple la normativa? Podemos hacerlo: <\/p>\n\n<ul class=\"wp-block-list\">\n<li>Revise y actualice su hoja actual para cumplir las normas vigentes<\/li>\n\n\n\n<li>Convierta formatos de FDS no pertenecientes a la UE (por ejemplo, OSHA de EE.UU.) en versiones conformes con REACH de la UE<\/li>\n<\/ul>\n\n<h4 class=\"wp-block-heading\" id=\"h-4-optional-add-ons\">4. <strong>Complementos opcionales<\/strong><\/h4>\n\n<ul class=\"wp-block-list\">\n<li>Creaci\u00f3n de etiquetas CLP para que coincidan con la SDS<\/li>\n\n\n\n<li>Generaci\u00f3n de UFI y notificaci\u00f3n de PCN<\/li>\n\n\n\n<li>Clasificaci\u00f3n de productos basada en materias primas o listas de ingredientes<\/li>\n<\/ul>\n\n<h2 class=\"wp-block-heading\" id=\"h-which-products-need-an-sds\">\u00bfQu\u00e9 productos necesitan una FDS?<\/h2>\n\n<p>Se requiere una FDS si su producto:<\/p>\n\n<ul class=\"wp-block-list\">\n<li>Est\u00e1 clasificado como peligroso (por ejemplo, inflamable, irritante, t\u00f3xico, corrosivo)<\/li>\n\n\n\n<li>Contiene sustancias peligrosas o incluidas en listas reglamentarias espec\u00edficas (por ejemplo, SVHC)<\/li>\n\n\n\n<li>Est\u00e1 destinado a un uso profesional o industrial, aunque no est\u00e9 clasificado como peligroso<\/li>\n<\/ul>\n\n<p>Esto se aplica a una amplia gama de productos:<\/p>\n\n<ul class=\"wp-block-list\">\n<li>Mezclas de fragancias y aceites esenciales<\/li>\n\n\n\n<li>Productos de limpieza y aerosoles para superficies<\/li>\n\n\n\n<li>Pinturas, revestimientos y resinas<\/li>\n\n\n\n<li>Fundentes de cera, sprays ambientales y ambientadores<\/li>\n\n\n\n<li>Productos qu\u00edmicos industriales y productos intermedios<\/li>\n<\/ul>\n\n<h2 class=\"wp-block-heading\" id=\"h-who-is-this-service-for\">\u00bfA qui\u00e9n va dirigido este servicio?<\/h2>\n\n<ul class=\"wp-block-list\">\n<li>Fabricantes y propietarios de marcas de mezclas qu\u00edmicas<\/li>\n\n\n\n<li>Importadores de productos de fuera de la UE<\/li>\n\n\n\n<li>Distribuidores de marcas de distribuidor y de marca blanca<\/li>\n\n\n\n<li>Empresas que venden mercanc\u00edas peligrosas a trav\u00e9s de mercados en l\u00ednea o al por menor<\/li>\n<\/ul>\n\n<h2 class=\"wp-block-heading\" id=\"h-why-choose-ufi-eu\">\u00bfPor qu\u00e9 elegir UFI.EU?<\/h2>\n\n<ul class=\"wp-block-list\">\n<li><strong>Equipo regulador experimentado<\/strong> especializado en CLP, REACH y NCP<\/li>\n\n\n\n<li><strong>FDS precisas y totalmente conformes<\/strong> adaptadas a su producto<\/li>\n\n\n\n<li><strong>Soporte multiling\u00fce<\/strong> para el cumplimiento en toda la UE<\/li>\n\n\n\n<li><strong>Plazos de entrega r\u00e1pidos<\/strong> y precios transparentes<\/li>\n<\/ul>\n\n<h2 class=\"wp-block-heading\" id=\"h-how-it-works\">C\u00f3mo funciona<\/h2>\n\n<ol class=\"wp-block-list\">\n<li><strong>Env\u00ede la formulaci\u00f3n de su producto o la FDS existente<\/strong><\/li>\n\n\n\n<li><strong>Analizamos los ingredientes y preparamos la FDS<\/strong><\/li>\n\n\n\n<li><strong>Reciba un documento con formato profesional listo para su distribuci\u00f3n o registro<\/strong><\/li>\n<\/ol>\n\n<h2 class=\"wp-block-heading\" id=\"h-order-your-sds-today\">Solicite hoy mismo su FDS<\/h2>\n\n<p>Tanto si necesita una nueva FDS, una actualizaci\u00f3n o versiones multiling\u00fces para diferentes mercados, <strong>UFI.EU<\/strong> es su socio de confianza para el cumplimiento de la normativa sobre productos qu\u00edmicos.<br\/><strong>Solicite ahora su servicio de creaci\u00f3n de FDS y cumpla plenamente la legislaci\u00f3n de la UE.<\/strong><\/p>\n","protected":false},"excerpt":{"rendered":"<p>Por favor, seleccione el paquete que incluya un idioma para la creaci\u00f3n de una FDS. Sin un idioma no podemos crear la FDS. Fichas de datos de seguridad redactadas por profesionales en total conformidad con el Reglamento de la UE (REACH y CLP)Proporcionamos fichas de datos de seguridad (FDS ) elaboradas por expertos -tambi\u00e9n conocidas [&hellip;]<\/p>\n","protected":false},"featured_media":12485,"template":"","meta":[],"product_brand":[],"product_cat":[300],"product_tag":[],"class_list":{"0":"post-12484","1":"product","2":"type-product","3":"status-publish","4":"has-post-thumbnail","6":"product_cat-ficha-de-datos-de-seguridad","8":"first","9":"instock","10":"virtual","11":"taxable","12":"purchasable","13":"product-type-simple"},"bundled_by":["12815","13351","31744"],"bundle_stock_status":"instock","bundle_stock_quantity":null,"bundle_virtual":false,"bundle_layout":"","bundle_add_to_cart_form_location":"","bundle_editable_in_cart":false,"bundle_sold_individually_context":"","bundle_item_grouping":"","bundle_min_size":"","bundle_max_size":"","bundle_price":[],"bundled_items":[],"bundle_sell_ids":[],"yoast_head":"<!-- This site is optimized with the Yoast SEO Premium plugin v25.1 (Yoast SEO v25.1) - https:\/\/yoast.com\/wordpress\/plugins\/seo\/ -->\n<title>Creaci\u00f3n de fichas de datos de seguridad - UFI<\/title>\n<meta name=\"robots\" content=\"noindex, follow\" \/>\n<meta property=\"og:locale\" content=\"es_ES\" \/>\n<meta property=\"og:type\" content=\"article\" \/>\n<meta property=\"og:title\" content=\"Creaci\u00f3n de fichas de datos de seguridad\" \/>\n<meta property=\"og:description\" content=\"Por favor, seleccione el paquete que incluya un idioma para la creaci\u00f3n de una FDS. Sin un idioma no podemos crear la FDS. Fichas de datos de seguridad redactadas por profesionales en total conformidad con el Reglamento de la UE (REACH y CLP)Proporcionamos fichas de datos de seguridad (FDS ) elaboradas por expertos -tambi\u00e9n conocidas [&hellip;]\" \/>\n<meta property=\"og:url\" content=\"https:\/\/www.ufi.eu\/es\/product\/creacion-de-fichas-de-datos-de-seguridad\/\" \/>\n<meta property=\"og:site_name\" content=\"UFI\" \/>\n<meta property=\"article:modified_time\" content=\"2025-08-29T09:16:35+00:00\" \/>\n<meta property=\"og:image\" content=\"https:\/\/www.ufi.eu\/wp-content\/uploads\/2025\/03\/pcn_ufi.jpg\" \/>\n\t<meta property=\"og:image:width\" content=\"1024\" \/>\n\t<meta property=\"og:image:height\" content=\"1024\" \/>\n\t<meta property=\"og:image:type\" content=\"image\/jpeg\" \/>\n<meta name=\"twitter:card\" content=\"summary_large_image\" \/>\n<meta name=\"twitter:label1\" content=\"Precio\" \/>\n\t<meta name=\"twitter:data1\" content=\"&euro;49.00\" \/>\n\t<meta name=\"twitter:label2\" content=\"Disponibilidad\" \/>\n\t<meta name=\"twitter:data2\" content=\"Disponible\" \/>\n<script type=\"application\/ld+json\" class=\"yoast-schema-graph\">{\"@context\":\"https:\/\/schema.org\",\"@graph\":[{\"@type\":\"WebPage\",\"@id\":\"https:\/\/www.ufi.eu\/es\/product\/creacion-de-fichas-de-datos-de-seguridad\/\",\"url\":\"https:\/\/www.ufi.eu\/es\/product\/creacion-de-fichas-de-datos-de-seguridad\/\",\"name\":\"Creaci\u00f3n de fichas de datos de seguridad - UFI\",\"isPartOf\":{\"@id\":\"https:\/\/www.ufi.eu\/es\/#website\"},\"primaryImageOfPage\":{\"@id\":\"https:\/\/www.ufi.eu\/es\/product\/creacion-de-fichas-de-datos-de-seguridad\/#primaryimage\"},\"image\":{\"@id\":\"https:\/\/www.ufi.eu\/es\/product\/creacion-de-fichas-de-datos-de-seguridad\/#primaryimage\"},\"thumbnailUrl\":\"https:\/\/www.ufi.eu\/wp-content\/uploads\/2025\/03\/pcn_ufi.jpg\",\"datePublished\":\"2025-04-15T19:34:14+00:00\",\"dateModified\":\"2025-08-29T09:16:35+00:00\",\"breadcrumb\":{\"@id\":\"https:\/\/www.ufi.eu\/es\/product\/creacion-de-fichas-de-datos-de-seguridad\/#breadcrumb\"},\"inLanguage\":\"es\",\"potentialAction\":[{\"@type\":\"ReadAction\",\"target\":[\"https:\/\/www.ufi.eu\/es\/product\/creacion-de-fichas-de-datos-de-seguridad\/\"]}]},{\"@type\":\"ImageObject\",\"inLanguage\":\"es\",\"@id\":\"https:\/\/www.ufi.eu\/es\/product\/creacion-de-fichas-de-datos-de-seguridad\/#primaryimage\",\"url\":\"https:\/\/www.ufi.eu\/wp-content\/uploads\/2025\/03\/pcn_ufi.jpg\",\"contentUrl\":\"https:\/\/www.ufi.eu\/wp-content\/uploads\/2025\/03\/pcn_ufi.jpg\",\"width\":1024,\"height\":1024},{\"@type\":\"BreadcrumbList\",\"@id\":\"https:\/\/www.ufi.eu\/es\/product\/creacion-de-fichas-de-datos-de-seguridad\/#breadcrumb\",\"itemListElement\":[{\"@type\":\"ListItem\",\"position\":1,\"name\":\"Home\",\"item\":\"https:\/\/www.ufi.eu\/es\/inicio\/\"},{\"@type\":\"ListItem\",\"position\":2,\"name\":\"Tienda\",\"item\":\"https:\/\/www.ufi.eu\/es\/tienda\/\"},{\"@type\":\"ListItem\",\"position\":3,\"name\":\"Creaci\u00f3n de fichas de datos de seguridad\"}]},{\"@type\":\"WebSite\",\"@id\":\"https:\/\/www.ufi.eu\/es\/#website\",\"url\":\"https:\/\/www.ufi.eu\/es\/\",\"name\":\"UFI.EU\",\"description\":\"Poison Centre Notifications (PCN) and UFI\",\"publisher\":{\"@id\":\"https:\/\/www.ufi.eu\/es\/#organization\"},\"potentialAction\":[{\"@type\":\"SearchAction\",\"target\":{\"@type\":\"EntryPoint\",\"urlTemplate\":\"https:\/\/www.ufi.eu\/es\/?s={search_term_string}\"},\"query-input\":{\"@type\":\"PropertyValueSpecification\",\"valueRequired\":true,\"valueName\":\"search_term_string\"}}],\"inLanguage\":\"es\"},{\"@type\":\"Organization\",\"@id\":\"https:\/\/www.ufi.eu\/es\/#organization\",\"name\":\"UFI.EU\",\"url\":\"https:\/\/www.ufi.eu\/es\/\",\"logo\":{\"@type\":\"ImageObject\",\"inLanguage\":\"es\",\"@id\":\"https:\/\/www.ufi.eu\/es\/#\/schema\/logo\/image\/\",\"url\":\"https:\/\/www.ufi.eu\/wp-content\/uploads\/2025\/03\/cropped-logo_ufi3.jpg\",\"contentUrl\":\"https:\/\/www.ufi.eu\/wp-content\/uploads\/2025\/03\/cropped-logo_ufi3.jpg\",\"width\":231,\"height\":78,\"caption\":\"UFI.EU\"},\"image\":{\"@id\":\"https:\/\/www.ufi.eu\/es\/#\/schema\/logo\/image\/\"},\"description\":\"UFI.eu specializes in digital registrations for Poison Centre Notifications (PCN), ensuring your chemical products meet EU regulatory requirements effortlessly. Our streamlined solutions help businesses stay compliant while reducing complexity and administrative burden.\",\"email\":\"info@ufi.eu\",\"legalName\":\"UFI.EU\"}]}<\/script>\n<meta property=\"product:price:amount\" content=\"49.00\" \/>\n<meta property=\"product:price:currency\" content=\"EUR\" \/>\n<meta property=\"og:availability\" content=\"instock\" \/>\n<meta property=\"product:availability\" content=\"instock\" \/>\n<meta property=\"product:condition\" content=\"new\" \/>\n<!-- \/ Yoast SEO Premium plugin. -->","yoast_head_json":{"title":"Creaci\u00f3n de fichas de datos de seguridad - UFI","robots":{"index":"noindex","follow":"follow"},"og_locale":"es_ES","og_type":"article","og_title":"Creaci\u00f3n de fichas de datos de seguridad","og_description":"Por favor, seleccione el paquete que incluya un idioma para la creaci\u00f3n de una FDS. Sin un idioma no podemos crear la FDS. Fichas de datos de seguridad redactadas por profesionales en total conformidad con el Reglamento de la UE (REACH y CLP)Proporcionamos fichas de datos de seguridad (FDS ) elaboradas por expertos -tambi\u00e9n conocidas [&hellip;]","og_url":"https:\/\/www.ufi.eu\/es\/product\/creacion-de-fichas-de-datos-de-seguridad\/","og_site_name":"UFI","article_modified_time":"2025-08-29T09:16:35+00:00","og_image":[{"width":1024,"height":1024,"url":"https:\/\/www.ufi.eu\/wp-content\/uploads\/2025\/03\/pcn_ufi.jpg","type":"image\/jpeg"}],"twitter_card":"summary_large_image","twitter_misc":{"Precio":"&euro;49.00","Disponibilidad":"Disponible"},"schema":{"@context":"https:\/\/schema.org","@graph":[{"@type":"WebPage","@id":"https:\/\/www.ufi.eu\/es\/product\/creacion-de-fichas-de-datos-de-seguridad\/","url":"https:\/\/www.ufi.eu\/es\/product\/creacion-de-fichas-de-datos-de-seguridad\/","name":"Creaci\u00f3n de fichas de datos de seguridad - UFI","isPartOf":{"@id":"https:\/\/www.ufi.eu\/es\/#website"},"primaryImageOfPage":{"@id":"https:\/\/www.ufi.eu\/es\/product\/creacion-de-fichas-de-datos-de-seguridad\/#primaryimage"},"image":{"@id":"https:\/\/www.ufi.eu\/es\/product\/creacion-de-fichas-de-datos-de-seguridad\/#primaryimage"},"thumbnailUrl":"https:\/\/www.ufi.eu\/wp-content\/uploads\/2025\/03\/pcn_ufi.jpg","datePublished":"2025-04-15T19:34:14+00:00","dateModified":"2025-08-29T09:16:35+00:00","breadcrumb":{"@id":"https:\/\/www.ufi.eu\/es\/product\/creacion-de-fichas-de-datos-de-seguridad\/#breadcrumb"},"inLanguage":"es","potentialAction":[{"@type":"ReadAction","target":["https:\/\/www.ufi.eu\/es\/product\/creacion-de-fichas-de-datos-de-seguridad\/"]}]},{"@type":"ImageObject","inLanguage":"es","@id":"https:\/\/www.ufi.eu\/es\/product\/creacion-de-fichas-de-datos-de-seguridad\/#primaryimage","url":"https:\/\/www.ufi.eu\/wp-content\/uploads\/2025\/03\/pcn_ufi.jpg","contentUrl":"https:\/\/www.ufi.eu\/wp-content\/uploads\/2025\/03\/pcn_ufi.jpg","width":1024,"height":1024},{"@type":"BreadcrumbList","@id":"https:\/\/www.ufi.eu\/es\/product\/creacion-de-fichas-de-datos-de-seguridad\/#breadcrumb","itemListElement":[{"@type":"ListItem","position":1,"name":"Home","item":"https:\/\/www.ufi.eu\/es\/inicio\/"},{"@type":"ListItem","position":2,"name":"Tienda","item":"https:\/\/www.ufi.eu\/es\/tienda\/"},{"@type":"ListItem","position":3,"name":"Creaci\u00f3n de fichas de datos de seguridad"}]},{"@type":"WebSite","@id":"https:\/\/www.ufi.eu\/es\/#website","url":"https:\/\/www.ufi.eu\/es\/","name":"UFI.EU","description":"Poison Centre Notifications (PCN) and UFI","publisher":{"@id":"https:\/\/www.ufi.eu\/es\/#organization"},"potentialAction":[{"@type":"SearchAction","target":{"@type":"EntryPoint","urlTemplate":"https:\/\/www.ufi.eu\/es\/?s={search_term_string}"},"query-input":{"@type":"PropertyValueSpecification","valueRequired":true,"valueName":"search_term_string"}}],"inLanguage":"es"},{"@type":"Organization","@id":"https:\/\/www.ufi.eu\/es\/#organization","name":"UFI.EU","url":"https:\/\/www.ufi.eu\/es\/","logo":{"@type":"ImageObject","inLanguage":"es","@id":"https:\/\/www.ufi.eu\/es\/#\/schema\/logo\/image\/","url":"https:\/\/www.ufi.eu\/wp-content\/uploads\/2025\/03\/cropped-logo_ufi3.jpg","contentUrl":"https:\/\/www.ufi.eu\/wp-content\/uploads\/2025\/03\/cropped-logo_ufi3.jpg","width":231,"height":78,"caption":"UFI.EU"},"image":{"@id":"https:\/\/www.ufi.eu\/es\/#\/schema\/logo\/image\/"},"description":"UFI.eu specializes in digital registrations for Poison Centre Notifications (PCN), ensuring your chemical products meet EU regulatory requirements effortlessly. Our streamlined solutions help businesses stay compliant while reducing complexity and administrative burden.","email":"info@ufi.eu","legalName":"UFI.EU"}]},"product_price_amount":"49.00","product_price_currency":"EUR","og_availability":"instock","product_availability":"instock","product_condition":"new"},"_links":{"self":[{"href":"https:\/\/www.ufi.eu\/es\/wp-json\/wp\/v2\/product\/12484","targetHints":{"allow":["GET"]}}],"collection":[{"href":"https:\/\/www.ufi.eu\/es\/wp-json\/wp\/v2\/product"}],"about":[{"href":"https:\/\/www.ufi.eu\/es\/wp-json\/wp\/v2\/types\/product"}],"wp:featuredmedia":[{"embeddable":true,"href":"https:\/\/www.ufi.eu\/es\/wp-json\/wp\/v2\/media\/12485"}],"wp:attachment":[{"href":"https:\/\/www.ufi.eu\/es\/wp-json\/wp\/v2\/media?parent=12484"}],"wp:term":[{"taxonomy":"product_brand","embeddable":true,"href":"https:\/\/www.ufi.eu\/es\/wp-json\/wp\/v2\/product_brand?post=12484"},{"taxonomy":"product_cat","embeddable":true,"href":"https:\/\/www.ufi.eu\/es\/wp-json\/wp\/v2\/product_cat?post=12484"},{"taxonomy":"product_tag","embeddable":true,"href":"https:\/\/www.ufi.eu\/es\/wp-json\/wp\/v2\/product_tag?post=12484"}],"curies":[{"name":"wp","href":"https:\/\/api.w.org\/{rel}","templated":true}]}}