{"id":9433,"date":"2025-03-20T08:25:17","date_gmt":"2025-04-12T21:14:39","guid":{"rendered":"https:\/\/www.ufi.eu\/pcn\/unkategorisiert\/pcn-ufi-fuer-schreib-und-zeichentinten\/"},"modified":"2025-04-17T10:11:26","modified_gmt":"2025-04-17T10:11:26","slug":"pcn-ufi-fuer-schreib-und-zeichentinten","status":"publish","type":"product","link":"https:\/\/www.ufi.eu\/de\/product\/pcn-ufi-fuer-schreib-und-zeichentinten\/","title":{"rendered":"PCN &amp; UFI f\u00fcr Schreib- und Zeichentinten"},"content":{"rendered":"<h2>Wie funktioniert der UFI-Erstellungs- und PCN-Benachrichtigungsdienst?<\/h2>\n<p>Nachdem Sie diesen Service erworben haben, erhalten Sie Zugang zum sicheren Portal. Dieses Portal enth\u00e4lt eine \u00dcbersicht \u00fcber alle Schritte.  Sie geben Ihre Produktdaten ein und wir machen uns an die Arbeit.<\/p>\n<h3>Giftinformationszentrum &amp; UFI<\/h3>\n<p>Wir liefern:<\/p>\n<ul>\n<li>Der Unique Formula Identifier (UFI) f\u00fcr Ihr Produkt<\/li>\n<li>Ein Bericht der Vergiftungszentrale (Poison Centre Notification, PCN)<\/li>\n<li>Registrierung Ihres Produkts bei den zust\u00e4ndigen nationalen Giftnotrufzentralen \u00fcber die ECHA.<\/li>\n<\/ul>\n<h3>L\u00e4nder f\u00fcr die PCN-Registrierung<\/h3>\n<p>Sie k\u00f6nnen die Anzahl der L\u00e4nder z\u00e4hlen, in denen Sie Ihr Produkt registrieren m\u00f6chten. Dies ist die Anzahl der L\u00e4nder, die Sie kaufen m\u00fcssen.  Sie k\u00f6nnen die spezifischen L\u00e4nder innerhalb des Portals ausw\u00e4hlen. Wenn Sie planen, den Verkauf Ihrer Produkte zu einem sp\u00e4teren Zeitpunkt auf neue L\u00e4nder auszuweiten, k\u00f6nnen Sie jederzeit zus\u00e4tzliche <a href=\"https:\/\/www.ufi.eu\/de\/pcn\/lander\/laender-fuer-die-pcn-registrierung\/\" target=\"_blank\" title=\"PCN L\u00e4nderregistrierungen\">PCN-L\u00e4nderregistrierungen<\/a> bestellen.<br \/>Die EU hat 27 L\u00e4nder und der EWR 30 (EU+Lichtenstein, Norwegen und Island). Im Portal k\u00f6nnen Sie diese L\u00e4nder ausw\u00e4hlen: <\/p>\n<table cellpadding=\"2\" cellspacing=\"0\" border=\"1\">\n<tbody>\n<tr>\n<td>Belgien<\/td>\n<td>(BE)<\/td>\n<td>Spanien<\/td>\n<td>(ES)<\/td>\n<td>Ungarn<\/td>\n<td>(HU)<\/td>\n<td>Slowakei<\/td>\n<td>(SK)<\/td>\n<\/tr>\n<tr>\n<td>Bulgarien<\/td>\n<td>(BG)<\/td>\n<td>Frankreich<\/td>\n<td>(FR)<\/td>\n<td>Malta<\/td>\n<td>(MT)<\/td>\n<td>Finnland<\/td>\n<td>(FI)<\/td>\n<\/tr>\n<tr>\n<td>Tschechische Republik<\/td>\n<td>(CZ)<\/td>\n<td>Kroatien<\/td>\n<td>(HR)<\/td>\n<td>Niederlande<\/td>\n<td>(NL)<\/td>\n<td>Schweden<\/td>\n<td>(SE)<\/td>\n<\/tr>\n<tr>\n<td>D\u00e4nemark<\/td>\n<td>(DK)<\/td>\n<td>Italien<\/td>\n<td>(IT)<\/td>\n<td>\u00d6sterreich<\/td>\n<td>(AT)<\/td>\n<td>Deutschland<\/td>\n<td>(DE)<\/td>\n<\/tr>\n<tr>\n<td>Zypern<\/td>\n<td>(CY)<\/td>\n<td>Polen<\/td>\n<td>(PL)<\/td>\n<td>Island<\/td>\n<td>(IS)<\/td>\n<td>Estland<\/td>\n<td>(EE)<\/td>\n<\/tr>\n<tr>\n<td>Lettland<\/td>\n<td>(LV)<\/td>\n<td>Portugal<\/td>\n<td>(PT)<\/td>\n<td>Liechtenstein<\/td>\n<td>(LI)<\/td>\n<td>Irland<\/td>\n<td>(IE)<\/td>\n<\/tr>\n<tr>\n<td>Litauen<\/td>\n<td>(LT)<\/td>\n<td>Rum\u00e4nien<\/td>\n<td>(RO)<\/td>\n<td>Norwegen<\/td>\n<td>(NEIN)<\/td>\n<td>Griechenland<\/td>\n<td>(EL)<\/td>\n<\/tr>\n<tr>\n<td>Luxemburg<\/td>\n<td>(LU)<\/td>\n<td>Slowenien<\/td>\n<td>(SI)<\/td>\n<td>Schweiz*<\/td>\n<td>(CH)<\/td>\n<td><\/td>\n<td><\/td>\n<\/tr>\n<\/tbody>\n<\/table>\n<p>*F\u00fcr die Schweiz k\u00f6nnen wir das PCN-Dossier mit allen erforderlichen Informationen erstellen, um einen Antrag im Schweizer Portal zu stellen. Kontaktieren Sie uns f\u00fcr weitere Informationen. <\/p>\n<h3>Informationen auf dem CLP-Etikett<\/h3>\n<p>Wir bieten Ihnen die M\u00f6glichkeit, ein CLP-konformes Produktetikett zu erwerben, das alle von der EU-CLP-Verordnung geforderten Informationen enth\u00e4lt. Dieses wird Ihnen als PDF-Datei zur Verf\u00fcgung gestellt.  Dies ist kein Entwurf, sondern eine Zusammenfassung der erforderlichen Informationen. So k\u00f6nnen Sie die erforderlichen Informationen in das Design Ihres Produktetiketts integrieren. Sie k\u00f6nnen die <a href=\"https:\/\/www.ufi.eu\/de\/pcn\/clp-etikett\/erstellung-von-clp-etiketten-ueberpruefung-der-einhaltung-der-vorschriften\/\" target=\"_blank\" title=\"CLP-Etikett-Kreation\">Erstellung des CLP-Etiketts<\/a> auch separat bestellen. Sie haben bereits ein Etikett? &#8211; Wir k\u00f6nnen Ihr Etikett <a href=\"https:\/\/www.ufi.eu\/de\/pcn\/clp-etikett\/erstellung-von-clp-etiketten-ueberpruefung-der-einhaltung-der-vorschriften\/\" target=\"_blank\" title=\"Pr\u00fcfung der Einhaltung der CLP-Kennzeichnung\">auf \u00dcbereinstimmung mit den aktuellen CLP-Anforderungen \u00fcberpr\u00fcfen<\/a>. Wir geben Ihnen detaillierte R\u00fcckmeldungen und Korrekturen, um sicherzustellen, dass Ihr Etikett alle gesetzlichen Vorgaben erf\u00fcllt.     <\/p>\n<h2>Giftinformationszentrum f\u00fcr Schreib- und Zeichentinten<\/h2>\n<p>Schreib- und Zeichentinten, einschlie\u00dflich der in Stiften, Pinseln und Stempelkissen verwendeten, enthalten oft chemische Bestandteile wie Farbstoffe, L\u00f6sungsmittel und Konservierungsmittel. Einige dieser Stoffe k\u00f6nnen gef\u00e4hrlich sein, wenn sie verschluckt oder eingeatmet werden oder mit der Haut in Ber\u00fchrung kommen. Um eine ordnungsgem\u00e4\u00dfe Handhabung und Notfallma\u00dfnahmen im Falle einer versehentlichen Exposition zu gew\u00e4hrleisten, m\u00fcssen Hersteller und Importeure gem\u00e4\u00df den EU-Vorschriften eine Giftnotrufmeldung (PCN) f\u00fcr gef\u00e4hrliche Tintenprodukte einreichen.  <\/p>\n<h3>Was ist ein UFI?<\/h3>\n<p>Der Unique Formula Identifier (UFI) ist ein 16-stelliger alphanumerischer Code, der eine bestimmte Tintenformulierung mit der dazugeh\u00f6rigen Poison Centre Notification (PCN) verkn\u00fcpft. Dieser Code muss auf dem Produktetikett angegeben oder in das Sicherheitsdatenblatt (SDS) des Produkts aufgenommen werden. Im Falle einer versehentlichen Exposition k\u00f6nnen die Giftnotrufzentralen den UFI verwenden, um das Produkt schnell zu identifizieren und angemessene medizinische Hilfe zu leisten.  <\/p>\n<h3>Was ist ein PCN?<\/h3>\n<p>Eine Giftnotrufmeldung (Poison Centre Notification, PCN) ist eine gesetzlich vorgeschriebene Meldung, die detaillierte Informationen \u00fcber ein gef\u00e4hrliches Tintenprodukt enth\u00e4lt, einschlie\u00dflich seiner chemischen Zusammensetzung, seiner Gefahreneinstufung und seines Verwendungszwecks. Die Meldung stellt sicher, dass die Giftnotrufzentralen in der gesamten EU sofortigen Zugriff auf diese Daten haben, um in Notf\u00e4llen effektiv reagieren zu k\u00f6nnen. <\/p>\n<h3>Was ist CLP?<\/h3>\n<p>Die Verordnung zur Einstufung, Kennzeichnung und Verpackung (CLP) ist ein EU-Rahmenwerk, das die Einstufung von gef\u00e4hrlichen Chemikalien standardisiert. Schreib- und Zeichentinten, die gef\u00e4hrliche Stoffe enthalten, m\u00fcssen die CLP-Verordnung erf\u00fcllen, indem sie mit eindeutigen Gefahrenkennzeichnungen, Sicherheitshinweisen und einem UFI auf ihrer Verpackung versehen sind. <\/p>\n<h3>Was ist die Giftnotrufzentrale?<\/h3>\n<p>Die Giftnotrufzentrale ist ein Netzwerk nationaler Organisationen, die f\u00fcr die Bereitstellung medizinischer Notfallhilfe bei Exposition gegen\u00fcber Chemikalien zust\u00e4ndig sind. Wenn ein PCN eingereicht wird, erhalten die Giftnotrufzentralen Zugang zu wichtigen Produktinformationen, so dass sie genaue Behandlungsempfehlungen geben k\u00f6nnen. <\/p>\n<h3>Warum ist das notwendig?<\/h3>\n<p>Einige Schreib- und Zeichentinten enthalten Inhaltsstoffe, die Hautreizungen, allergische Reaktionen oder Giftigkeit beim Verschlucken verursachen k\u00f6nnen. Das PCN stellt sicher, dass die Giftnotrufzentralen Zugang zu den notwendigen Daten haben, um im Falle einer versehentlichen Exposition schnell reagieren zu k\u00f6nnen und Verbraucher und Fachleute, die diese Produkte verwenden, zu sch\u00fctzen. <\/p>\n<h3>Seit wann ist dies gesetzlich verpflichtend?<\/h3>\n<p>Ab dem 1. Januar 2021 m\u00fcssen gem\u00e4\u00df Anhang VIII der CLP-Verordnung alle gef\u00e4hrlichen Gemische, einschlie\u00dflich der als gef\u00e4hrlich eingestuften Schreib- und Zeichentinten, eine PCN eingereicht werden, bevor sie in der EU in Verkehr gebracht werden d\u00fcrfen.<\/p>\n<h2>FAQ<\/h2>\n<h3>Frage: Ben\u00f6tigen alle Schreib- und Zeichentinten eine PCN?<\/h3>\n<p>Antwort: Nein, nur Druckfarben, die gem\u00e4\u00df der CLP-Verordnung als gef\u00e4hrlich eingestuft sind, m\u00fcssen mit einem PCN eingereicht werden.<\/p>\n<h3>Frage: Wo sollte die UFI angezeigt werden?<\/h3>\n<p>Antwort: Die UFI muss auf dem Produktetikett in der N\u00e4he der Gefahren- und Sicherheitshinweise aufgedruckt oder in das Sicherheitsdatenblatt (SDS) des Produkts aufgenommen werden.<\/p>\n<h3>Frage: Wer ist f\u00fcr die Einreichung der PCN verantwortlich?<\/h3>\n<p>Antwort: Der Hersteller, Importeur oder nachgeschaltete Anwender, der das Druckfarbenprodukt auf den EU-Markt bringt, ist f\u00fcr die Einreichung der PCN verantwortlich.<\/p>\n<h3>Frage: Sind Stempelkissenfarben in der PCN-Anforderung enthalten?<\/h3>\n<p>Antwort: Wenn die Tinte gef\u00e4hrliche Chemikalien enth\u00e4lt, muss sie den PCN-Anforderungen entsprechen. Ungef\u00e4hrliche Tinten sind nicht meldepflichtig. <\/p>\n<h3>Frage: Was passiert, wenn ich keinen PCN f\u00fcr ein gef\u00e4hrliches Tintenprodukt einreiche?<\/h3>\n<p>Antwort: Die Nichteinhaltung der PCN-Anforderungen kann zu Geldstrafen, Produktr\u00fcckrufen oder Einschr\u00e4nkungen beim Verkauf des Produkts innerhalb der EU f\u00fchren.<\/p>\n<h3>Frage: Gelten die PCN-Anforderungen f\u00fcr alle EU-Mitgliedstaaten?<\/h3>\n<p>Antwort: Ja, die Einhaltung der PCN ist in allen EU-Mitgliedstaaten gem\u00e4\u00df der CLP-Verordnung vorgeschrieben.<\/p>\n<h3>Frage: Wie lange dauert es, die UFI- und PCN-Meldung einzureichen?<\/h3>\n<p>Wir brauchen ein paar Tage Zeit daf\u00fcr. Sobald Sie die Unterlagen hochgeladen haben, fangen wir sofort an. <\/p>\n<h3>Frage: Bin ich der Eigent\u00fcmer der PCN-Benachrichtigung?<\/h3>\n<p>Ja, Sie sind der Eigent\u00fcmer der PCN-Meldung. Sie behalten das volle Eigentum an den von Ihnen bereitgestellten Daten.  Die PCN-Benachrichtigung wird in Ihrem ECHA-Konto zug\u00e4nglich sein.<\/p>\n<h3>Frage: Gilt dieser Service f\u00fcr ein Produkt oder f\u00fcr mehrere?<\/h3>\n<p>Der Service gilt f\u00fcr ein Produkt.<\/p>\n<h3>Frage: Warum muss ich f\u00fcr die Erstellung eines UFI bezahlen?<\/h3>\n<p>Der Service, den wir anbieten, besteht nicht nur in der Bereitstellung einer UFI. Die UFI ist eine Komponente innerhalb eines viel umfassenderen Prozesses.  Die wichtigste Dienstleistung, die wir anbieten, ist die Vorbereitung und Einreichung Ihrer Giftinformationszentrale (PCN) bei den nationalen benannten Stellen \u00fcber das ECHA-Portal. Dies ist gem\u00e4\u00df der CLP-Verordnung der EU eine zwingende Voraussetzung f\u00fcr das Inverkehrbringen gef\u00e4hrlicher Gemische. Die Erstellung einer UFI ist der einfachste Teil. Der PCN-Bericht hingegen ist komplex. Er erfordert eine detaillierte \u00dcberpr\u00fcfung der Inhaltsstoffe &#8211; chemische Klassifizierungen -, die genau f\u00fcr die Einreichung durch die Giftinformationszentrale bei der ECHA formatiert werden m\u00fcssen.   <\/p>\n<h3>Frage: Mein Unternehmen ist nicht in der EU ans\u00e4ssig. Wie kann ich einen PCN einreichen?<\/h3>\n<p>Wir bieten eine L\u00f6sung f\u00fcr Unternehmen, die nicht in der EU ans\u00e4ssig sind. Weitere Informationen finden Sie auf der Seite <a href=\"https:\/\/www.ufi.eu\/de\/pcn\/auserhalb-der-eu\/pcn-ufi-fuer-nicht-eu-unternehmen\/\" target=\"_blank\" rel=\"noopener\">PCN &amp; UFI f\u00fcr Nicht-EU-Unternehmen<\/a>. <\/p>\n<h3>Frage: K\u00f6nnen Sie Sicherheitsdatenbl\u00e4tter in voller \u00dcbereinstimmung mit der EU-Verordnung (REACH &amp; CLP) liefern?<\/h3>\n<p>Ja, wir k\u00f6nnen <a href=\"https:\/\/www.ufi.eu\/de\/pcn\/sicherheitsdatenblatt\/service-zur-erstellung-von-sicherheitsdatenblaettern-msds-sds\/\" target=\"_blank\"><strong>Sicherheitsdatenbl\u00e4tter (SDS) erstellen<\/strong><\/a>&#8211; auch bekannt als <strong>Sicherheitsdatenbl\u00e4tter (MSDS)<\/strong>&#8211; erstellen, die auf Ihr Produkt zugeschnitten sind und den neuesten EU-Vorschriften entsprechen. Unabh\u00e4ngig davon, ob Sie chemische Gemische herstellen, Produkte in die EU importieren oder unter einer Eigenmarke vertreiben, ist ein konformes SDB gesetzlich vorgeschrieben und f\u00fcr die sichere Verwendung in der gesamten Lieferkette unerl\u00e4sslich. Weitere Informationen finden Sie auf der Seite <a href=\"https:\/\/www.ufi.eu\/de\/pcn\/sicherheitsdatenblatt\/service-zur-erstellung-von-sicherheitsdatenblaettern-msds-sds\/\" target=\"_blank\">Service zur Erstellung von Sicherheitsdatenbl\u00e4ttern (MSDS\/SDS)<\/a>.<\/p>\n","protected":false},"excerpt":{"rendered":"<p>Wie funktioniert der UFI-Erstellungs- und PCN-Benachrichtigungsdienst? Nachdem Sie diesen Service erworben haben, erhalten Sie Zugang zum sicheren Portal. Dieses Portal enth\u00e4lt eine \u00dcbersicht \u00fcber alle Schritte. Sie geben Ihre Produktdaten ein und wir machen uns an die Arbeit. Giftinformationszentrum &amp; UFI Wir liefern: Der Unique Formula Identifier (UFI) f\u00fcr Ihr Produkt Ein Bericht der Vergiftungszentrale [&hellip;]<\/p>\n","protected":false},"featured_media":9434,"template":"","meta":[],"product_brand":[],"product_cat":[151,152],"product_tag":[],"class_list":{"0":"post-9433","1":"product","2":"type-product","3":"status-publish","4":"has-post-thumbnail","6":"product_cat-tinte","7":"product_cat-toner-und-ahnliche-druckmaterialien","9":"first","10":"instock","11":"virtual","12":"taxable","13":"purchasable","14":"product-type-bundle"},"bundled_by":[],"bundle_stock_status":"instock","bundle_stock_quantity":"","bundle_virtual":false,"bundle_layout":"default","bundle_add_to_cart_form_location":"default","bundle_editable_in_cart":false,"bundle_sold_individually_context":"product","bundle_item_grouping":"parent","bundle_min_size":"","bundle_max_size":"","bundle_price":{"price":{"min":{"incl_tax":"121","excl_tax":"100"},"max":{"incl_tax":"","excl_tax":""}},"regular_price":{"min":{"incl_tax":"121","excl_tax":"100"},"max":{"incl_tax":"","excl_tax":""}}},"bundled_items":[{"bundled_item_id":1162,"product_id":8696,"menu_order":0,"quantity_min":1,"quantity_max":1,"quantity_default":1,"priced_individually":true,"shipped_individually":false,"override_title":false,"title":"Giftinformationszentrum &amp; UFI","override_description":false,"description":"Giftinformationszentrum &amp; UFI","optional":false,"hide_thumbnail":false,"discount":"","override_variations":false,"allowed_variations":[""],"override_default_variation_attributes":false,"default_variation_attributes":[],"single_product_visibility":"visible","cart_visibility":"visible","order_visibility":"visible","single_product_price_visibility":"visible","cart_price_visibility":"visible","order_price_visibility":"visible","stock_status":"in_stock"},{"bundled_item_id":1163,"product_id":8698,"menu_order":1,"quantity_min":1,"quantity_max":"","quantity_default":1,"priced_individually":true,"shipped_individually":false,"override_title":false,"title":"L\u00e4nder f\u00fcr die PCN-Registrierung","override_description":false,"description":"L\u00e4nder f\u00fcr die PCN-Registrierung","optional":false,"hide_thumbnail":false,"discount":"","override_variations":false,"allowed_variations":[""],"override_default_variation_attributes":false,"default_variation_attributes":[],"single_product_visibility":"visible","cart_visibility":"visible","order_visibility":"visible","single_product_price_visibility":"visible","cart_price_visibility":"visible","order_price_visibility":"visible","stock_status":"in_stock"}],"bundle_sell_ids":[],"yoast_head":"<!-- This site is optimized with the Yoast SEO Premium plugin v25.1 (Yoast SEO v25.1) - https:\/\/yoast.com\/wordpress\/plugins\/seo\/ -->\n<title>PCN &amp; UFI f\u00fcr Schreib- und Zeichentinten - UFI<\/title>\n<meta name=\"description\" content=\"Erhalten Sie eine PCN &amp; UFI f\u00fcr handels\u00fcbliche Tinten wie Schreib- und Stempelfarben. Stellen Sie mit unserem schnellen und zuverl\u00e4ssigen Benachrichtigungsservice sicher, dass die EU-Giftinformationszentrale eingehalten wird!\" \/>\n<meta name=\"robots\" content=\"index, follow, max-snippet:-1, max-image-preview:large, max-video-preview:-1\" \/>\n<link rel=\"canonical\" href=\"https:\/\/www.ufi.eu\/de\/product\/pcn-ufi-fuer-schreib-und-zeichentinten\/\" \/>\n<meta property=\"og:locale\" content=\"de_DE\" \/>\n<meta property=\"og:type\" content=\"article\" \/>\n<meta property=\"og:title\" content=\"PCN &amp; UFI f\u00fcr Schreib- und Zeichentinten\" \/>\n<meta property=\"og:description\" content=\"Erhalten Sie eine PCN &amp; UFI f\u00fcr handels\u00fcbliche Tinten wie Schreib- und Stempelfarben. Stellen Sie mit unserem schnellen und zuverl\u00e4ssigen Benachrichtigungsservice sicher, dass die EU-Giftinformationszentrale eingehalten wird!\" \/>\n<meta property=\"og:url\" content=\"https:\/\/www.ufi.eu\/de\/product\/pcn-ufi-fuer-schreib-und-zeichentinten\/\" \/>\n<meta property=\"og:site_name\" content=\"UFI\" \/>\n<meta property=\"article:modified_time\" content=\"2025-04-17T10:11:26+00:00\" \/>\n<meta property=\"og:image\" content=\"https:\/\/www.ufi.eu\/wp-content\/uploads\/2025\/03\/PC-INK-1.jpg\" \/>\n\t<meta property=\"og:image:width\" content=\"1024\" \/>\n\t<meta property=\"og:image:height\" content=\"1024\" \/>\n\t<meta property=\"og:image:type\" content=\"image\/jpeg\" \/>\n<meta name=\"twitter:card\" content=\"summary_large_image\" \/>\n<meta name=\"twitter:label1\" content=\"Preis\" \/>\n\t<meta name=\"twitter:data1\" content=\"&euro;0.00\" \/>\n\t<meta name=\"twitter:label2\" content=\"Verf\u00fcgbarkeit\" \/>\n\t<meta name=\"twitter:data2\" content=\"Auf Lager\" \/>\n<script type=\"application\/ld+json\" class=\"yoast-schema-graph\">{\"@context\":\"https:\/\/schema.org\",\"@graph\":[{\"@type\":\"WebPage\",\"@id\":\"https:\/\/www.ufi.eu\/de\/product\/pcn-ufi-fuer-schreib-und-zeichentinten\/\",\"url\":\"https:\/\/www.ufi.eu\/de\/product\/pcn-ufi-fuer-schreib-und-zeichentinten\/\",\"name\":\"PCN &amp; UFI f\u00fcr Schreib- und Zeichentinten - UFI\",\"isPartOf\":{\"@id\":\"https:\/\/www.ufi.eu\/de\/#website\"},\"primaryImageOfPage\":{\"@id\":\"https:\/\/www.ufi.eu\/de\/product\/pcn-ufi-fuer-schreib-und-zeichentinten\/#primaryimage\"},\"image\":{\"@id\":\"https:\/\/www.ufi.eu\/de\/product\/pcn-ufi-fuer-schreib-und-zeichentinten\/#primaryimage\"},\"thumbnailUrl\":\"https:\/\/www.ufi.eu\/wp-content\/uploads\/2025\/03\/PC-INK-1.jpg\",\"datePublished\":\"2025-04-12T21:14:39+00:00\",\"dateModified\":\"2025-04-17T10:11:26+00:00\",\"description\":\"Erhalten Sie eine PCN & UFI f\u00fcr handels\u00fcbliche Tinten wie Schreib- und Stempelfarben. Stellen Sie mit unserem schnellen und zuverl\u00e4ssigen Benachrichtigungsservice sicher, dass die EU-Giftinformationszentrale eingehalten wird!\",\"breadcrumb\":{\"@id\":\"https:\/\/www.ufi.eu\/de\/product\/pcn-ufi-fuer-schreib-und-zeichentinten\/#breadcrumb\"},\"inLanguage\":\"de\",\"potentialAction\":[{\"@type\":\"ReadAction\",\"target\":[\"https:\/\/www.ufi.eu\/de\/product\/pcn-ufi-fuer-schreib-und-zeichentinten\/\"]}]},{\"@type\":\"ImageObject\",\"inLanguage\":\"de\",\"@id\":\"https:\/\/www.ufi.eu\/de\/product\/pcn-ufi-fuer-schreib-und-zeichentinten\/#primaryimage\",\"url\":\"https:\/\/www.ufi.eu\/wp-content\/uploads\/2025\/03\/PC-INK-1.jpg\",\"contentUrl\":\"https:\/\/www.ufi.eu\/wp-content\/uploads\/2025\/03\/PC-INK-1.jpg\",\"width\":1024,\"height\":1024},{\"@type\":\"BreadcrumbList\",\"@id\":\"https:\/\/www.ufi.eu\/de\/product\/pcn-ufi-fuer-schreib-und-zeichentinten\/#breadcrumb\",\"itemListElement\":[{\"@type\":\"ListItem\",\"position\":1,\"name\":\"Home\",\"item\":\"https:\/\/www.ufi.eu\/de\/startseite\/\"},{\"@type\":\"ListItem\",\"position\":2,\"name\":\"Shop\",\"item\":\"https:\/\/www.ufi.eu\/de\/shop\/\"},{\"@type\":\"ListItem\",\"position\":3,\"name\":\"PCN &amp; UFI f\u00fcr Schreib- und Zeichentinten\"}]},{\"@type\":\"WebSite\",\"@id\":\"https:\/\/www.ufi.eu\/de\/#website\",\"url\":\"https:\/\/www.ufi.eu\/de\/\",\"name\":\"UFI.EU\",\"description\":\"Poison Centre Notifications (PCN) and UFI\",\"publisher\":{\"@id\":\"https:\/\/www.ufi.eu\/de\/#organization\"},\"potentialAction\":[{\"@type\":\"SearchAction\",\"target\":{\"@type\":\"EntryPoint\",\"urlTemplate\":\"https:\/\/www.ufi.eu\/de\/?s={search_term_string}\"},\"query-input\":{\"@type\":\"PropertyValueSpecification\",\"valueRequired\":true,\"valueName\":\"search_term_string\"}}],\"inLanguage\":\"de\"},{\"@type\":\"Organization\",\"@id\":\"https:\/\/www.ufi.eu\/de\/#organization\",\"name\":\"UFI.EU\",\"url\":\"https:\/\/www.ufi.eu\/de\/\",\"logo\":{\"@type\":\"ImageObject\",\"inLanguage\":\"de\",\"@id\":\"https:\/\/www.ufi.eu\/de\/#\/schema\/logo\/image\/\",\"url\":\"https:\/\/www.ufi.eu\/wp-content\/uploads\/2025\/03\/cropped-logo_ufi3.jpg\",\"contentUrl\":\"https:\/\/www.ufi.eu\/wp-content\/uploads\/2025\/03\/cropped-logo_ufi3.jpg\",\"width\":231,\"height\":78,\"caption\":\"UFI.EU\"},\"image\":{\"@id\":\"https:\/\/www.ufi.eu\/de\/#\/schema\/logo\/image\/\"},\"description\":\"UFI.eu specializes in digital registrations for Poison Centre Notifications (PCN), ensuring your chemical products meet EU regulatory requirements effortlessly. Our streamlined solutions help businesses stay compliant while reducing complexity and administrative burden.\",\"email\":\"info@ufi.eu\",\"legalName\":\"UFI.EU\"}]}<\/script>\n<meta property=\"product:price:amount\" content=\"0.00\" \/>\n<meta property=\"product:price:currency\" content=\"EUR\" \/>\n<meta property=\"og:availability\" content=\"instock\" \/>\n<meta property=\"product:availability\" content=\"instock\" \/>\n<meta property=\"product:retailer_item_id\" content=\"PC-INK-1\" \/>\n<meta property=\"product:condition\" content=\"new\" \/>\n<!-- \/ Yoast SEO Premium plugin. -->","yoast_head_json":{"title":"PCN &amp; UFI f\u00fcr Schreib- und Zeichentinten - UFI","description":"Erhalten Sie eine PCN & UFI f\u00fcr handels\u00fcbliche Tinten wie Schreib- und Stempelfarben. Stellen Sie mit unserem schnellen und zuverl\u00e4ssigen Benachrichtigungsservice sicher, dass die EU-Giftinformationszentrale eingehalten wird!","robots":{"index":"index","follow":"follow","max-snippet":"max-snippet:-1","max-image-preview":"max-image-preview:large","max-video-preview":"max-video-preview:-1"},"canonical":"https:\/\/www.ufi.eu\/de\/product\/pcn-ufi-fuer-schreib-und-zeichentinten\/","og_locale":"de_DE","og_type":"article","og_title":"PCN &amp; UFI f\u00fcr Schreib- und Zeichentinten","og_description":"Erhalten Sie eine PCN & UFI f\u00fcr handels\u00fcbliche Tinten wie Schreib- und Stempelfarben. Stellen Sie mit unserem schnellen und zuverl\u00e4ssigen Benachrichtigungsservice sicher, dass die EU-Giftinformationszentrale eingehalten wird!","og_url":"https:\/\/www.ufi.eu\/de\/product\/pcn-ufi-fuer-schreib-und-zeichentinten\/","og_site_name":"UFI","article_modified_time":"2025-04-17T10:11:26+00:00","og_image":[{"width":1024,"height":1024,"url":"https:\/\/www.ufi.eu\/wp-content\/uploads\/2025\/03\/PC-INK-1.jpg","type":"image\/jpeg"}],"twitter_card":"summary_large_image","twitter_misc":{"Preis":"&euro;0.00","Verf\u00fcgbarkeit":"Auf Lager"},"schema":{"@context":"https:\/\/schema.org","@graph":[{"@type":"WebPage","@id":"https:\/\/www.ufi.eu\/de\/product\/pcn-ufi-fuer-schreib-und-zeichentinten\/","url":"https:\/\/www.ufi.eu\/de\/product\/pcn-ufi-fuer-schreib-und-zeichentinten\/","name":"PCN &amp; UFI f\u00fcr Schreib- und Zeichentinten - UFI","isPartOf":{"@id":"https:\/\/www.ufi.eu\/de\/#website"},"primaryImageOfPage":{"@id":"https:\/\/www.ufi.eu\/de\/product\/pcn-ufi-fuer-schreib-und-zeichentinten\/#primaryimage"},"image":{"@id":"https:\/\/www.ufi.eu\/de\/product\/pcn-ufi-fuer-schreib-und-zeichentinten\/#primaryimage"},"thumbnailUrl":"https:\/\/www.ufi.eu\/wp-content\/uploads\/2025\/03\/PC-INK-1.jpg","datePublished":"2025-04-12T21:14:39+00:00","dateModified":"2025-04-17T10:11:26+00:00","description":"Erhalten Sie eine PCN & UFI f\u00fcr handels\u00fcbliche Tinten wie Schreib- und Stempelfarben. Stellen Sie mit unserem schnellen und zuverl\u00e4ssigen Benachrichtigungsservice sicher, dass die EU-Giftinformationszentrale eingehalten wird!","breadcrumb":{"@id":"https:\/\/www.ufi.eu\/de\/product\/pcn-ufi-fuer-schreib-und-zeichentinten\/#breadcrumb"},"inLanguage":"de","potentialAction":[{"@type":"ReadAction","target":["https:\/\/www.ufi.eu\/de\/product\/pcn-ufi-fuer-schreib-und-zeichentinten\/"]}]},{"@type":"ImageObject","inLanguage":"de","@id":"https:\/\/www.ufi.eu\/de\/product\/pcn-ufi-fuer-schreib-und-zeichentinten\/#primaryimage","url":"https:\/\/www.ufi.eu\/wp-content\/uploads\/2025\/03\/PC-INK-1.jpg","contentUrl":"https:\/\/www.ufi.eu\/wp-content\/uploads\/2025\/03\/PC-INK-1.jpg","width":1024,"height":1024},{"@type":"BreadcrumbList","@id":"https:\/\/www.ufi.eu\/de\/product\/pcn-ufi-fuer-schreib-und-zeichentinten\/#breadcrumb","itemListElement":[{"@type":"ListItem","position":1,"name":"Home","item":"https:\/\/www.ufi.eu\/de\/startseite\/"},{"@type":"ListItem","position":2,"name":"Shop","item":"https:\/\/www.ufi.eu\/de\/shop\/"},{"@type":"ListItem","position":3,"name":"PCN &amp; UFI f\u00fcr Schreib- und Zeichentinten"}]},{"@type":"WebSite","@id":"https:\/\/www.ufi.eu\/de\/#website","url":"https:\/\/www.ufi.eu\/de\/","name":"UFI.EU","description":"Poison Centre Notifications (PCN) and UFI","publisher":{"@id":"https:\/\/www.ufi.eu\/de\/#organization"},"potentialAction":[{"@type":"SearchAction","target":{"@type":"EntryPoint","urlTemplate":"https:\/\/www.ufi.eu\/de\/?s={search_term_string}"},"query-input":{"@type":"PropertyValueSpecification","valueRequired":true,"valueName":"search_term_string"}}],"inLanguage":"de"},{"@type":"Organization","@id":"https:\/\/www.ufi.eu\/de\/#organization","name":"UFI.EU","url":"https:\/\/www.ufi.eu\/de\/","logo":{"@type":"ImageObject","inLanguage":"de","@id":"https:\/\/www.ufi.eu\/de\/#\/schema\/logo\/image\/","url":"https:\/\/www.ufi.eu\/wp-content\/uploads\/2025\/03\/cropped-logo_ufi3.jpg","contentUrl":"https:\/\/www.ufi.eu\/wp-content\/uploads\/2025\/03\/cropped-logo_ufi3.jpg","width":231,"height":78,"caption":"UFI.EU"},"image":{"@id":"https:\/\/www.ufi.eu\/de\/#\/schema\/logo\/image\/"},"description":"UFI.eu specializes in digital registrations for Poison Centre Notifications (PCN), ensuring your chemical products meet EU regulatory requirements effortlessly. Our streamlined solutions help businesses stay compliant while reducing complexity and administrative burden.","email":"info@ufi.eu","legalName":"UFI.EU"}]},"product_price_amount":"0.00","product_price_currency":"EUR","og_availability":"instock","product_availability":"instock","product_retailer_item_id":"PC-INK-1","product_condition":"new"},"_links":{"self":[{"href":"https:\/\/www.ufi.eu\/de\/wp-json\/wp\/v2\/product\/9433","targetHints":{"allow":["GET"]}}],"collection":[{"href":"https:\/\/www.ufi.eu\/de\/wp-json\/wp\/v2\/product"}],"about":[{"href":"https:\/\/www.ufi.eu\/de\/wp-json\/wp\/v2\/types\/product"}],"wp:featuredmedia":[{"embeddable":true,"href":"https:\/\/www.ufi.eu\/de\/wp-json\/wp\/v2\/media\/9434"}],"wp:attachment":[{"href":"https:\/\/www.ufi.eu\/de\/wp-json\/wp\/v2\/media?parent=9433"}],"wp:term":[{"taxonomy":"product_brand","embeddable":true,"href":"https:\/\/www.ufi.eu\/de\/wp-json\/wp\/v2\/product_brand?post=9433"},{"taxonomy":"product_cat","embeddable":true,"href":"https:\/\/www.ufi.eu\/de\/wp-json\/wp\/v2\/product_cat?post=9433"},{"taxonomy":"product_tag","embeddable":true,"href":"https:\/\/www.ufi.eu\/de\/wp-json\/wp\/v2\/product_tag?post=9433"}],"curies":[{"name":"wp","href":"https:\/\/api.w.org\/{rel}","templated":true}]}}