{"id":9304,"date":"2025-03-20T08:26:48","date_gmt":"2025-04-12T21:10:13","guid":{"rendered":"https:\/\/www.ufi.eu\/pcn\/unkategorisiert\/pcn-ufi-fuer-chemische-zwischenprodukte\/"},"modified":"2025-04-17T08:56:51","modified_gmt":"2025-04-17T08:56:51","slug":"pcn-ufi-fuer-chemische-zwischenprodukte","status":"publish","type":"product","link":"https:\/\/www.ufi.eu\/de\/product\/pcn-ufi-fuer-chemische-zwischenprodukte\/","title":{"rendered":"PCN &amp; UFI f\u00fcr chemische Zwischenprodukte"},"content":{"rendered":"<h2>Wie funktioniert der UFI-Erstellungs- und PCN-Benachrichtigungsdienst?<\/h2>\n<p>Nachdem Sie diesen Service erworben haben, erhalten Sie Zugang zum sicheren Portal. Dieses Portal enth\u00e4lt eine \u00dcbersicht \u00fcber alle Schritte.  Sie geben Ihre Produktdaten ein und wir machen uns an die Arbeit.<\/p>\n<h3>Giftinformationszentrum &amp; UFI<\/h3>\n<p>Wir liefern:<\/p>\n<ul>\n<li>Der Unique Formula Identifier (UFI) f\u00fcr Ihr Produkt<\/li>\n<li>Ein Bericht der Vergiftungszentrale (Poison Centre Notification, PCN)<\/li>\n<li>Registrierung Ihres Produkts bei den zust\u00e4ndigen nationalen Giftnotrufzentralen \u00fcber die ECHA.<\/li>\n<\/ul>\n<h3>L\u00e4nder f\u00fcr die PCN-Registrierung<\/h3>\n<p>Sie k\u00f6nnen die Anzahl der L\u00e4nder z\u00e4hlen, in denen Sie Ihr Produkt registrieren m\u00f6chten. Dies ist die Anzahl der L\u00e4nder, die Sie kaufen m\u00fcssen.  Sie k\u00f6nnen die spezifischen L\u00e4nder innerhalb des Portals ausw\u00e4hlen. Wenn Sie planen, den Verkauf Ihrer Produkte zu einem sp\u00e4teren Zeitpunkt auf neue L\u00e4nder auszuweiten, k\u00f6nnen Sie jederzeit zus\u00e4tzliche <a href=\"https:\/\/www.ufi.eu\/de\/pcn\/lander\/laender-fuer-die-pcn-registrierung\/\" target=\"_blank\" title=\"PCN L\u00e4nderregistrierungen\">PCN-L\u00e4nderregistrierungen<\/a> bestellen.<br \/>Die EU hat 27 L\u00e4nder und der EWR 30 (EU+Lichtenstein, Norwegen und Island). Im Portal k\u00f6nnen Sie diese L\u00e4nder ausw\u00e4hlen: <\/p>\n<table cellpadding=\"2\" cellspacing=\"0\" border=\"1\">\n<tbody>\n<tr>\n<td>Belgien<\/td>\n<td>(BE)<\/td>\n<td>Spanien<\/td>\n<td>(ES)<\/td>\n<td>Ungarn<\/td>\n<td>(HU)<\/td>\n<td>Slowakei<\/td>\n<td>(SK)<\/td>\n<\/tr>\n<tr>\n<td>Bulgarien<\/td>\n<td>(BG)<\/td>\n<td>Frankreich<\/td>\n<td>(FR)<\/td>\n<td>Malta<\/td>\n<td>(MT)<\/td>\n<td>Finnland<\/td>\n<td>(FI)<\/td>\n<\/tr>\n<tr>\n<td>Tschechische Republik<\/td>\n<td>(CZ)<\/td>\n<td>Kroatien<\/td>\n<td>(HR)<\/td>\n<td>Niederlande<\/td>\n<td>(NL)<\/td>\n<td>Schweden<\/td>\n<td>(SE)<\/td>\n<\/tr>\n<tr>\n<td>D\u00e4nemark<\/td>\n<td>(DK)<\/td>\n<td>Italien<\/td>\n<td>(IT)<\/td>\n<td>\u00d6sterreich<\/td>\n<td>(AT)<\/td>\n<td>Deutschland<\/td>\n<td>(DE)<\/td>\n<\/tr>\n<tr>\n<td>Zypern<\/td>\n<td>(CY)<\/td>\n<td>Polen<\/td>\n<td>(PL)<\/td>\n<td>Island<\/td>\n<td>(IS)<\/td>\n<td>Estland<\/td>\n<td>(EE)<\/td>\n<\/tr>\n<tr>\n<td>Lettland<\/td>\n<td>(LV)<\/td>\n<td>Portugal<\/td>\n<td>(PT)<\/td>\n<td>Liechtenstein<\/td>\n<td>(LI)<\/td>\n<td>Irland<\/td>\n<td>(IE)<\/td>\n<\/tr>\n<tr>\n<td>Litauen<\/td>\n<td>(LT)<\/td>\n<td>Rum\u00e4nien<\/td>\n<td>(RO)<\/td>\n<td>Norwegen<\/td>\n<td>(NEIN)<\/td>\n<td>Griechenland<\/td>\n<td>(EL)<\/td>\n<\/tr>\n<tr>\n<td>Luxemburg<\/td>\n<td>(LU)<\/td>\n<td>Slowenien<\/td>\n<td>(SI)<\/td>\n<td>Schweiz*<\/td>\n<td>(CH)<\/td>\n<td><\/td>\n<td><\/td>\n<\/tr>\n<\/tbody>\n<\/table>\n<p>*F\u00fcr die Schweiz k\u00f6nnen wir das PCN-Dossier mit allen erforderlichen Informationen erstellen, um einen Antrag im Schweizer Portal zu stellen. Kontaktieren Sie uns f\u00fcr weitere Informationen. <\/p>\n<h3>Informationen auf dem CLP-Etikett<\/h3>\n<p>Wir bieten Ihnen die M\u00f6glichkeit, ein CLP-konformes Produktetikett zu erwerben, das alle von der EU-CLP-Verordnung geforderten Informationen enth\u00e4lt. Dieses wird Ihnen als PDF-Datei zur Verf\u00fcgung gestellt.  Dies ist kein Entwurf, sondern eine Zusammenfassung der erforderlichen Informationen. So k\u00f6nnen Sie die erforderlichen Informationen in das Design Ihres Produktetiketts integrieren. Sie k\u00f6nnen die <a href=\"https:\/\/www.ufi.eu\/de\/pcn\/clp-etikett\/erstellung-von-clp-etiketten-ueberpruefung-der-einhaltung-der-vorschriften\/\" target=\"_blank\" title=\"CLP-Etikett-Kreation\">Erstellung des CLP-Etiketts<\/a> auch separat bestellen. Sie haben bereits ein Etikett? &#8211; Wir k\u00f6nnen Ihr Etikett <a href=\"https:\/\/www.ufi.eu\/de\/pcn\/clp-etikett\/erstellung-von-clp-etiketten-ueberpruefung-der-einhaltung-der-vorschriften\/\" target=\"_blank\" title=\"Pr\u00fcfung der Einhaltung der CLP-Kennzeichnung\">auf \u00dcbereinstimmung mit den aktuellen CLP-Anforderungen \u00fcberpr\u00fcfen<\/a>. Wir geben Ihnen detaillierte R\u00fcckmeldungen und Korrekturen, um sicherzustellen, dass Ihr Etikett alle gesetzlichen Vorgaben erf\u00fcllt.     <\/p>\n<h2>Giftinformationszentrum f\u00fcr Zwischenprodukte<\/h2>\n<p>Zwischenprodukte sind Stoffe, die in der chemischen Industrie hergestellt und verbraucht werden, um in andere Stoffe umgewandelt zu werden. Diese Stoffe spielen eine wichtige Rolle in industriellen chemischen Prozessen, k\u00f6nnen aber bei unsachgem\u00e4\u00dfem Gebrauch oder unsachgem\u00e4\u00dfer Exposition Gesundheits- oder Umweltrisiken bergen. F\u00fcr Zwischenprodukte, die gem\u00e4\u00df der CLP-Verordnung (Classification, Labelling, and Packaging) gef\u00e4hrlich sind, ist eine Poison Centre Notification (PCN) erforderlich, um sicherzustellen, dass die Giftnotrufzentralen \u00fcber die notwendigen Daten f\u00fcr angemessene Notfallma\u00dfnahmen und Sicherheitsma\u00dfnahmen verf\u00fcgen.  <\/p>\n<h3>Was ist ein UFI?<\/h3>\n<p>Der Unique Formula Identifier (UFI) ist ein 16-stelliger alphanumerischer Code, der die chemische Zusammensetzung eines Zwischenprodukts mit der Meldung an die Giftnotrufzentrale verbindet. Der UFI muss auf dem Produktetikett angegeben werden, damit das Produkt im Falle eines Notfalls oder einer versehentlichen Exposition leicht identifiziert werden kann. <\/p>\n<h3>Was ist ein PCN?<\/h3>\n<p>Eine Giftinformationsmeldung (Poison Centre Notification, PCN) ist eine \u00dcbermittlung von detaillierten Produktinformationen, wie z.B. chemische Zusammensetzung, Gefahreneinstufung, Verwendungszweck und Sicherheitsvorkehrungen, an die Giftnotrufzentralen der EU. So k\u00f6nnen die Giftnotrufzentralen angemessen auf Notf\u00e4lle mit Zwischenprodukten reagieren und sicherstellen, dass medizinisches Fachpersonal bei Bedarf die richtige medizinische Behandlung und Beratung anbieten kann. <\/p>\n<h3>Was ist CLP?<\/h3>\n<p>Die Verordnung zur Einstufung, Kennzeichnung und Verpackung (CLP) stellt sicher, dass gef\u00e4hrliche Chemikalien, einschlie\u00dflich Zwischenprodukte, korrekt eingestuft, gekennzeichnet und verpackt werden. Die CLP-Verordnung schreibt au\u00dferdem vor, dass Produkte mit Gefahrensymbolen, Sicherheitshinweisen und dem UFI gekennzeichnet werden m\u00fcssen, um die Sicherheit zu verbessern und eine angemessene Gefahrenkommunikation f\u00fcr Zwischenprodukte zu gew\u00e4hrleisten. <\/p>\n<h3>Was ist die Giftnotrufzentrale?<\/h3>\n<p>Die Giftnotrufzentrale ist ein Netzwerk nationaler Organisationen, die F\u00e4lle von chemischer Exposition und Vergiftungen in ganz Europa behandeln. Diese Zentren verlassen sich auf die genauen Daten der Giftnotrufe (Poison Centre Notifications, PCNs), um in Notfallsituationen mit gef\u00e4hrlichen Produkten, einschlie\u00dflich Zwischenprodukten, rechtzeitig und effektiv beraten zu k\u00f6nnen. <\/p>\n<h3>Warum ist das notwendig?<\/h3>\n<p>Zwischenprodukte k\u00f6nnen hochreaktiv oder giftig sein und erhebliche Risiken f\u00fcr die menschliche Gesundheit oder die Umwelt darstellen. Ein PCN stellt sicher, dass die Giftnotrufzentralen sofortigen Zugang zu wichtigen Sicherheitsinformationen haben, so dass sie im Falle einer Exposition oder eines Unfalls mit Zwischenprodukten schnell und effektiv reagieren k\u00f6nnen. <\/p>\n<h3>Seit wann ist dies gesetzlich verpflichtend?<\/h3>\n<p>Die Verpflichtung zur Vorlage einer PCN f\u00fcr gef\u00e4hrliche Gemische, einschlie\u00dflich Zwischenprodukte, wurde in Anhang VIII der CLP-Verordnung festgelegt und ist seit dem 1. Januar 2021 obligatorisch.<\/p>\n<h2>FAQ<\/h2>\n<h3>Frage: Ist f\u00fcr alle Zwischenprodukte ein PCN erforderlich?<\/h3>\n<p>Antwort: Nein, nur Zwischenprodukte, die gem\u00e4\u00df der CLP-Verordnung als gef\u00e4hrlich eingestuft sind, m\u00fcssen mit einem PCN eingereicht werden.<\/p>\n<h3>Frage: Welche Informationen sind f\u00fcr die Einreichung eines PCN f\u00fcr Zwischenprodukte erforderlich?<\/h3>\n<p>Antwort: Die PCN-Einreichung f\u00fcr Zwischenprodukte muss Details wie die chemische Zusammensetzung, die Gefahreneinstufung, den Verwendungszweck, Verpackungsinformationen und den Unique Formula Identifier (UFI) enthalten.<\/p>\n<h3>Frage: Wo sollte die UFI auf Zwischenprodukten angezeigt werden?<\/h3>\n<p>Antwort: Die UFI muss auf dem Produktetikett aufgedruckt sein, in der Regel in der N\u00e4he der Gefahren- und Sicherheitshinweise, um sicherzustellen, dass sie im Notfall sofort verf\u00fcgbar ist.<\/p>\n<h3>Frage: Wer ist f\u00fcr die Einreichung des PCN f\u00fcr Zwischenprodukte verantwortlich?<\/h3>\n<p>Antwort: Der Hersteller, Importeur oder nachgeschaltete Anwender, der das Zwischenprodukt auf den EU-Markt bringt, ist f\u00fcr die Einreichung der PCN verantwortlich.<\/p>\n<h3>Frage: Welche Folgen hat die Nicht-Einreichung einer PCN?<\/h3>\n<p>Antwort: Das Vers\u00e4umnis, einen PCN f\u00fcr gef\u00e4hrliche Zwischenprodukte einzureichen, kann rechtliche Konsequenzen nach sich ziehen, wie z.B. Geldstrafen, Produktr\u00fcckrufe oder Beschr\u00e4nkungen f\u00fcr den Verkauf des Produkts in der EU.<\/p>\n<h3>Frage: Gelten alle in der chemischen Verarbeitung verwendeten Chemikalien als Zwischenprodukte?<\/h3>\n<p>Antwort: Nein, nur Stoffe, die f\u00fcr die chemische Verarbeitung hergestellt und verbraucht werden, um in einen anderen Stoff umgewandelt zu werden, gelten als Zwischenprodukte gem\u00e4\u00df Artikel 3(15) der REACH-Verordnung.<\/p>\n<h3>Frage: Wie lange dauert es, die UFI- und PCN-Meldung einzureichen?<\/h3>\n<p>Wir brauchen ein paar Tage Zeit daf\u00fcr. Sobald Sie die Unterlagen hochgeladen haben, fangen wir sofort an. <\/p>\n<h3>Frage: Bin ich der Eigent\u00fcmer der PCN-Benachrichtigung?<\/h3>\n<p>Ja, Sie sind der Eigent\u00fcmer der PCN-Meldung. Sie behalten das volle Eigentum an den von Ihnen bereitgestellten Daten.  Die PCN-Benachrichtigung wird in Ihrem ECHA-Konto zug\u00e4nglich sein.<\/p>\n<h3>Frage: Gilt dieser Service f\u00fcr ein Produkt oder f\u00fcr mehrere?<\/h3>\n<p>Der Service gilt f\u00fcr ein Produkt.<\/p>\n<h3>Frage: Warum muss ich f\u00fcr die Erstellung eines UFI bezahlen?<\/h3>\n<p>Der Service, den wir anbieten, besteht nicht nur in der Bereitstellung einer UFI. Die UFI ist eine Komponente innerhalb eines viel umfassenderen Prozesses.  Die wichtigste Dienstleistung, die wir anbieten, ist die Vorbereitung und Einreichung Ihrer Giftinformationszentrale (PCN) bei den nationalen benannten Stellen \u00fcber das ECHA-Portal. Dies ist gem\u00e4\u00df der CLP-Verordnung der EU eine zwingende Voraussetzung f\u00fcr das Inverkehrbringen gef\u00e4hrlicher Gemische. Die Erstellung einer UFI ist der einfachste Teil. Der PCN-Bericht hingegen ist komplex. Er erfordert eine detaillierte \u00dcberpr\u00fcfung der Inhaltsstoffe &#8211; chemische Klassifizierungen -, die genau f\u00fcr die Einreichung durch die Giftinformationszentrale bei der ECHA formatiert werden m\u00fcssen.   <\/p>\n<h3>Frage: Mein Unternehmen ist nicht in der EU ans\u00e4ssig. Wie kann ich einen PCN einreichen?<\/h3>\n<p>Wir bieten eine L\u00f6sung f\u00fcr Unternehmen, die nicht in der EU ans\u00e4ssig sind. Weitere Informationen finden Sie auf der Seite <a href=\"https:\/\/www.ufi.eu\/de\/pcn\/auserhalb-der-eu\/pcn-ufi-fuer-nicht-eu-unternehmen\/\" target=\"_blank\" rel=\"noopener\">PCN &amp; UFI f\u00fcr Nicht-EU-Unternehmen<\/a>. <\/p>\n<h3>Frage: K\u00f6nnen Sie Sicherheitsdatenbl\u00e4tter in voller \u00dcbereinstimmung mit der EU-Verordnung (REACH &amp; CLP) liefern?<\/h3>\n<p>Ja, wir k\u00f6nnen <a href=\"https:\/\/www.ufi.eu\/de\/pcn\/sicherheitsdatenblatt\/service-zur-erstellung-von-sicherheitsdatenblaettern-msds-sds\/\" target=\"_blank\"><strong>Sicherheitsdatenbl\u00e4tter (SDS) erstellen<\/strong><\/a>&#8211; auch bekannt als <strong>Sicherheitsdatenbl\u00e4tter (MSDS)<\/strong>&#8211; erstellen, die auf Ihr Produkt zugeschnitten sind und den neuesten EU-Vorschriften entsprechen. Unabh\u00e4ngig davon, ob Sie chemische Gemische herstellen, Produkte in die EU importieren oder unter einer Eigenmarke vertreiben, ist ein konformes SDB gesetzlich vorgeschrieben und f\u00fcr die sichere Verwendung in der gesamten Lieferkette unerl\u00e4sslich. Weitere Informationen finden Sie auf der Seite <a href=\"https:\/\/www.ufi.eu\/de\/pcn\/sicherheitsdatenblatt\/service-zur-erstellung-von-sicherheitsdatenblaettern-msds-sds\/\" target=\"_blank\">Service zur Erstellung von Sicherheitsdatenbl\u00e4ttern (MSDS\/SDS)<\/a>.<\/p>\n","protected":false},"excerpt":{"rendered":"<p>Wie funktioniert der UFI-Erstellungs- und PCN-Benachrichtigungsdienst? Nachdem Sie diesen Service erworben haben, erhalten Sie Zugang zum sicheren Portal. Dieses Portal enth\u00e4lt eine \u00dcbersicht \u00fcber alle Schritte. Sie geben Ihre Produktdaten ein und wir machen uns an die Arbeit. Giftinformationszentrum &amp; UFI Wir liefern: Der Unique Formula Identifier (UFI) f\u00fcr Ihr Produkt Ein Bericht der Vergiftungszentrale [&hellip;]<\/p>\n","protected":false},"featured_media":9305,"template":"","meta":[],"product_brand":[],"product_cat":[124],"product_tag":[],"class_list":{"0":"post-9304","1":"product","2":"type-product","3":"status-publish","4":"has-post-thumbnail","6":"product_cat-produkte-fur-chemische-oder-technische-prozesse","8":"first","9":"instock","10":"virtual","11":"taxable","12":"purchasable","13":"product-type-bundle"},"bundled_by":[],"bundle_stock_status":"instock","bundle_stock_quantity":"","bundle_virtual":false,"bundle_layout":"default","bundle_add_to_cart_form_location":"default","bundle_editable_in_cart":false,"bundle_sold_individually_context":"product","bundle_item_grouping":"parent","bundle_min_size":"","bundle_max_size":"","bundle_price":{"price":{"min":{"incl_tax":"121","excl_tax":"100"},"max":{"incl_tax":"","excl_tax":""}},"regular_price":{"min":{"incl_tax":"121","excl_tax":"100"},"max":{"incl_tax":"","excl_tax":""}}},"bundled_items":[{"bundled_item_id":1008,"product_id":8696,"menu_order":0,"quantity_min":1,"quantity_max":1,"quantity_default":1,"priced_individually":true,"shipped_individually":false,"override_title":false,"title":"Giftinformationszentrum &amp; UFI","override_description":false,"description":"Giftinformationszentrum &amp; UFI","optional":false,"hide_thumbnail":false,"discount":"","override_variations":false,"allowed_variations":[""],"override_default_variation_attributes":false,"default_variation_attributes":[],"single_product_visibility":"visible","cart_visibility":"visible","order_visibility":"visible","single_product_price_visibility":"visible","cart_price_visibility":"visible","order_price_visibility":"visible","stock_status":"in_stock"},{"bundled_item_id":1009,"product_id":8698,"menu_order":1,"quantity_min":1,"quantity_max":"","quantity_default":1,"priced_individually":true,"shipped_individually":false,"override_title":false,"title":"L\u00e4nder f\u00fcr die PCN-Registrierung","override_description":false,"description":"L\u00e4nder f\u00fcr die PCN-Registrierung","optional":false,"hide_thumbnail":false,"discount":"","override_variations":false,"allowed_variations":[""],"override_default_variation_attributes":false,"default_variation_attributes":[],"single_product_visibility":"visible","cart_visibility":"visible","order_visibility":"visible","single_product_price_visibility":"visible","cart_price_visibility":"visible","order_price_visibility":"visible","stock_status":"in_stock"}],"bundle_sell_ids":[],"yoast_head":"<!-- This site is optimized with the Yoast SEO Premium plugin v25.1 (Yoast SEO v25.1) - https:\/\/yoast.com\/wordpress\/plugins\/seo\/ -->\n<title>PCN &amp; UFI f\u00fcr chemische Zwischenprodukte - UFI<\/title>\n<meta name=\"description\" content=\"Erhalten Sie eine PCN &amp; UFI f\u00fcr Stoffe, die in der chemischen Verarbeitung verwendet werden (REACH, Artikel 3(15)). Sichern Sie sich mit unserem Service die Konformit\u00e4t mit der EU-Giftnotrufzentrale!\" \/>\n<meta name=\"robots\" content=\"index, follow, max-snippet:-1, max-image-preview:large, max-video-preview:-1\" \/>\n<link rel=\"canonical\" href=\"https:\/\/www.ufi.eu\/de\/product\/pcn-ufi-fuer-chemische-zwischenprodukte\/\" \/>\n<meta property=\"og:locale\" content=\"de_DE\" \/>\n<meta property=\"og:type\" content=\"article\" \/>\n<meta property=\"og:title\" content=\"PCN &amp; UFI f\u00fcr chemische Zwischenprodukte\" \/>\n<meta property=\"og:description\" content=\"Erhalten Sie eine PCN &amp; UFI f\u00fcr Stoffe, die in der chemischen Verarbeitung verwendet werden (REACH, Artikel 3(15)). Sichern Sie sich mit unserem Service die Konformit\u00e4t mit der EU-Giftnotrufzentrale!\" \/>\n<meta property=\"og:url\" content=\"https:\/\/www.ufi.eu\/de\/product\/pcn-ufi-fuer-chemische-zwischenprodukte\/\" \/>\n<meta property=\"og:site_name\" content=\"UFI\" \/>\n<meta property=\"article:modified_time\" content=\"2025-04-17T08:56:51+00:00\" \/>\n<meta property=\"og:image\" content=\"https:\/\/www.ufi.eu\/wp-content\/uploads\/2025\/03\/PC-TEC-9.jpg\" \/>\n\t<meta property=\"og:image:width\" content=\"1024\" \/>\n\t<meta property=\"og:image:height\" content=\"1024\" \/>\n\t<meta property=\"og:image:type\" content=\"image\/jpeg\" \/>\n<meta name=\"twitter:card\" content=\"summary_large_image\" \/>\n<meta name=\"twitter:label1\" content=\"Preis\" \/>\n\t<meta name=\"twitter:data1\" content=\"&euro;0.00\" \/>\n\t<meta name=\"twitter:label2\" content=\"Verf\u00fcgbarkeit\" \/>\n\t<meta name=\"twitter:data2\" content=\"Auf Lager\" \/>\n<script type=\"application\/ld+json\" class=\"yoast-schema-graph\">{\"@context\":\"https:\/\/schema.org\",\"@graph\":[{\"@type\":\"WebPage\",\"@id\":\"https:\/\/www.ufi.eu\/de\/product\/pcn-ufi-fuer-chemische-zwischenprodukte\/\",\"url\":\"https:\/\/www.ufi.eu\/de\/product\/pcn-ufi-fuer-chemische-zwischenprodukte\/\",\"name\":\"PCN &amp; UFI f\u00fcr chemische Zwischenprodukte - UFI\",\"isPartOf\":{\"@id\":\"https:\/\/www.ufi.eu\/de\/#website\"},\"primaryImageOfPage\":{\"@id\":\"https:\/\/www.ufi.eu\/de\/product\/pcn-ufi-fuer-chemische-zwischenprodukte\/#primaryimage\"},\"image\":{\"@id\":\"https:\/\/www.ufi.eu\/de\/product\/pcn-ufi-fuer-chemische-zwischenprodukte\/#primaryimage\"},\"thumbnailUrl\":\"https:\/\/www.ufi.eu\/wp-content\/uploads\/2025\/03\/PC-TEC-9.jpg\",\"datePublished\":\"2025-04-12T21:10:13+00:00\",\"dateModified\":\"2025-04-17T08:56:51+00:00\",\"description\":\"Erhalten Sie eine PCN & UFI f\u00fcr Stoffe, die in der chemischen Verarbeitung verwendet werden (REACH, Artikel 3(15)). Sichern Sie sich mit unserem Service die Konformit\u00e4t mit der EU-Giftnotrufzentrale!\",\"breadcrumb\":{\"@id\":\"https:\/\/www.ufi.eu\/de\/product\/pcn-ufi-fuer-chemische-zwischenprodukte\/#breadcrumb\"},\"inLanguage\":\"de\",\"potentialAction\":[{\"@type\":\"ReadAction\",\"target\":[\"https:\/\/www.ufi.eu\/de\/product\/pcn-ufi-fuer-chemische-zwischenprodukte\/\"]}]},{\"@type\":\"ImageObject\",\"inLanguage\":\"de\",\"@id\":\"https:\/\/www.ufi.eu\/de\/product\/pcn-ufi-fuer-chemische-zwischenprodukte\/#primaryimage\",\"url\":\"https:\/\/www.ufi.eu\/wp-content\/uploads\/2025\/03\/PC-TEC-9.jpg\",\"contentUrl\":\"https:\/\/www.ufi.eu\/wp-content\/uploads\/2025\/03\/PC-TEC-9.jpg\",\"width\":1024,\"height\":1024},{\"@type\":\"BreadcrumbList\",\"@id\":\"https:\/\/www.ufi.eu\/de\/product\/pcn-ufi-fuer-chemische-zwischenprodukte\/#breadcrumb\",\"itemListElement\":[{\"@type\":\"ListItem\",\"position\":1,\"name\":\"Home\",\"item\":\"https:\/\/www.ufi.eu\/de\/startseite\/\"},{\"@type\":\"ListItem\",\"position\":2,\"name\":\"Shop\",\"item\":\"https:\/\/www.ufi.eu\/de\/shop\/\"},{\"@type\":\"ListItem\",\"position\":3,\"name\":\"PCN &amp; UFI f\u00fcr chemische Zwischenprodukte\"}]},{\"@type\":\"WebSite\",\"@id\":\"https:\/\/www.ufi.eu\/de\/#website\",\"url\":\"https:\/\/www.ufi.eu\/de\/\",\"name\":\"UFI.EU\",\"description\":\"Poison Centre Notifications (PCN) and UFI\",\"publisher\":{\"@id\":\"https:\/\/www.ufi.eu\/de\/#organization\"},\"potentialAction\":[{\"@type\":\"SearchAction\",\"target\":{\"@type\":\"EntryPoint\",\"urlTemplate\":\"https:\/\/www.ufi.eu\/de\/?s={search_term_string}\"},\"query-input\":{\"@type\":\"PropertyValueSpecification\",\"valueRequired\":true,\"valueName\":\"search_term_string\"}}],\"inLanguage\":\"de\"},{\"@type\":\"Organization\",\"@id\":\"https:\/\/www.ufi.eu\/de\/#organization\",\"name\":\"UFI.EU\",\"url\":\"https:\/\/www.ufi.eu\/de\/\",\"logo\":{\"@type\":\"ImageObject\",\"inLanguage\":\"de\",\"@id\":\"https:\/\/www.ufi.eu\/de\/#\/schema\/logo\/image\/\",\"url\":\"https:\/\/www.ufi.eu\/wp-content\/uploads\/2025\/03\/cropped-logo_ufi3.jpg\",\"contentUrl\":\"https:\/\/www.ufi.eu\/wp-content\/uploads\/2025\/03\/cropped-logo_ufi3.jpg\",\"width\":231,\"height\":78,\"caption\":\"UFI.EU\"},\"image\":{\"@id\":\"https:\/\/www.ufi.eu\/de\/#\/schema\/logo\/image\/\"},\"description\":\"UFI.eu specializes in digital registrations for Poison Centre Notifications (PCN), ensuring your chemical products meet EU regulatory requirements effortlessly. Our streamlined solutions help businesses stay compliant while reducing complexity and administrative burden.\",\"email\":\"info@ufi.eu\",\"legalName\":\"UFI.EU\"}]}<\/script>\n<meta property=\"product:price:amount\" content=\"0.00\" \/>\n<meta property=\"product:price:currency\" content=\"EUR\" \/>\n<meta property=\"og:availability\" content=\"instock\" \/>\n<meta property=\"product:availability\" content=\"instock\" \/>\n<meta property=\"product:retailer_item_id\" content=\"PC-TEC-9\" \/>\n<meta property=\"product:condition\" content=\"new\" \/>\n<!-- \/ Yoast SEO Premium plugin. -->","yoast_head_json":{"title":"PCN &amp; UFI f\u00fcr chemische Zwischenprodukte - UFI","description":"Erhalten Sie eine PCN & UFI f\u00fcr Stoffe, die in der chemischen Verarbeitung verwendet werden (REACH, Artikel 3(15)). Sichern Sie sich mit unserem Service die Konformit\u00e4t mit der EU-Giftnotrufzentrale!","robots":{"index":"index","follow":"follow","max-snippet":"max-snippet:-1","max-image-preview":"max-image-preview:large","max-video-preview":"max-video-preview:-1"},"canonical":"https:\/\/www.ufi.eu\/de\/product\/pcn-ufi-fuer-chemische-zwischenprodukte\/","og_locale":"de_DE","og_type":"article","og_title":"PCN &amp; UFI f\u00fcr chemische Zwischenprodukte","og_description":"Erhalten Sie eine PCN & UFI f\u00fcr Stoffe, die in der chemischen Verarbeitung verwendet werden (REACH, Artikel 3(15)). Sichern Sie sich mit unserem Service die Konformit\u00e4t mit der EU-Giftnotrufzentrale!","og_url":"https:\/\/www.ufi.eu\/de\/product\/pcn-ufi-fuer-chemische-zwischenprodukte\/","og_site_name":"UFI","article_modified_time":"2025-04-17T08:56:51+00:00","og_image":[{"width":1024,"height":1024,"url":"https:\/\/www.ufi.eu\/wp-content\/uploads\/2025\/03\/PC-TEC-9.jpg","type":"image\/jpeg"}],"twitter_card":"summary_large_image","twitter_misc":{"Preis":"&euro;0.00","Verf\u00fcgbarkeit":"Auf Lager"},"schema":{"@context":"https:\/\/schema.org","@graph":[{"@type":"WebPage","@id":"https:\/\/www.ufi.eu\/de\/product\/pcn-ufi-fuer-chemische-zwischenprodukte\/","url":"https:\/\/www.ufi.eu\/de\/product\/pcn-ufi-fuer-chemische-zwischenprodukte\/","name":"PCN &amp; UFI f\u00fcr chemische Zwischenprodukte - UFI","isPartOf":{"@id":"https:\/\/www.ufi.eu\/de\/#website"},"primaryImageOfPage":{"@id":"https:\/\/www.ufi.eu\/de\/product\/pcn-ufi-fuer-chemische-zwischenprodukte\/#primaryimage"},"image":{"@id":"https:\/\/www.ufi.eu\/de\/product\/pcn-ufi-fuer-chemische-zwischenprodukte\/#primaryimage"},"thumbnailUrl":"https:\/\/www.ufi.eu\/wp-content\/uploads\/2025\/03\/PC-TEC-9.jpg","datePublished":"2025-04-12T21:10:13+00:00","dateModified":"2025-04-17T08:56:51+00:00","description":"Erhalten Sie eine PCN & UFI f\u00fcr Stoffe, die in der chemischen Verarbeitung verwendet werden (REACH, Artikel 3(15)). Sichern Sie sich mit unserem Service die Konformit\u00e4t mit der EU-Giftnotrufzentrale!","breadcrumb":{"@id":"https:\/\/www.ufi.eu\/de\/product\/pcn-ufi-fuer-chemische-zwischenprodukte\/#breadcrumb"},"inLanguage":"de","potentialAction":[{"@type":"ReadAction","target":["https:\/\/www.ufi.eu\/de\/product\/pcn-ufi-fuer-chemische-zwischenprodukte\/"]}]},{"@type":"ImageObject","inLanguage":"de","@id":"https:\/\/www.ufi.eu\/de\/product\/pcn-ufi-fuer-chemische-zwischenprodukte\/#primaryimage","url":"https:\/\/www.ufi.eu\/wp-content\/uploads\/2025\/03\/PC-TEC-9.jpg","contentUrl":"https:\/\/www.ufi.eu\/wp-content\/uploads\/2025\/03\/PC-TEC-9.jpg","width":1024,"height":1024},{"@type":"BreadcrumbList","@id":"https:\/\/www.ufi.eu\/de\/product\/pcn-ufi-fuer-chemische-zwischenprodukte\/#breadcrumb","itemListElement":[{"@type":"ListItem","position":1,"name":"Home","item":"https:\/\/www.ufi.eu\/de\/startseite\/"},{"@type":"ListItem","position":2,"name":"Shop","item":"https:\/\/www.ufi.eu\/de\/shop\/"},{"@type":"ListItem","position":3,"name":"PCN &amp; UFI f\u00fcr chemische Zwischenprodukte"}]},{"@type":"WebSite","@id":"https:\/\/www.ufi.eu\/de\/#website","url":"https:\/\/www.ufi.eu\/de\/","name":"UFI.EU","description":"Poison Centre Notifications (PCN) and UFI","publisher":{"@id":"https:\/\/www.ufi.eu\/de\/#organization"},"potentialAction":[{"@type":"SearchAction","target":{"@type":"EntryPoint","urlTemplate":"https:\/\/www.ufi.eu\/de\/?s={search_term_string}"},"query-input":{"@type":"PropertyValueSpecification","valueRequired":true,"valueName":"search_term_string"}}],"inLanguage":"de"},{"@type":"Organization","@id":"https:\/\/www.ufi.eu\/de\/#organization","name":"UFI.EU","url":"https:\/\/www.ufi.eu\/de\/","logo":{"@type":"ImageObject","inLanguage":"de","@id":"https:\/\/www.ufi.eu\/de\/#\/schema\/logo\/image\/","url":"https:\/\/www.ufi.eu\/wp-content\/uploads\/2025\/03\/cropped-logo_ufi3.jpg","contentUrl":"https:\/\/www.ufi.eu\/wp-content\/uploads\/2025\/03\/cropped-logo_ufi3.jpg","width":231,"height":78,"caption":"UFI.EU"},"image":{"@id":"https:\/\/www.ufi.eu\/de\/#\/schema\/logo\/image\/"},"description":"UFI.eu specializes in digital registrations for Poison Centre Notifications (PCN), ensuring your chemical products meet EU regulatory requirements effortlessly. Our streamlined solutions help businesses stay compliant while reducing complexity and administrative burden.","email":"info@ufi.eu","legalName":"UFI.EU"}]},"product_price_amount":"0.00","product_price_currency":"EUR","og_availability":"instock","product_availability":"instock","product_retailer_item_id":"PC-TEC-9","product_condition":"new"},"_links":{"self":[{"href":"https:\/\/www.ufi.eu\/de\/wp-json\/wp\/v2\/product\/9304","targetHints":{"allow":["GET"]}}],"collection":[{"href":"https:\/\/www.ufi.eu\/de\/wp-json\/wp\/v2\/product"}],"about":[{"href":"https:\/\/www.ufi.eu\/de\/wp-json\/wp\/v2\/types\/product"}],"wp:featuredmedia":[{"embeddable":true,"href":"https:\/\/www.ufi.eu\/de\/wp-json\/wp\/v2\/media\/9305"}],"wp:attachment":[{"href":"https:\/\/www.ufi.eu\/de\/wp-json\/wp\/v2\/media?parent=9304"}],"wp:term":[{"taxonomy":"product_brand","embeddable":true,"href":"https:\/\/www.ufi.eu\/de\/wp-json\/wp\/v2\/product_brand?post=9304"},{"taxonomy":"product_cat","embeddable":true,"href":"https:\/\/www.ufi.eu\/de\/wp-json\/wp\/v2\/product_cat?post=9304"},{"taxonomy":"product_tag","embeddable":true,"href":"https:\/\/www.ufi.eu\/de\/wp-json\/wp\/v2\/product_tag?post=9304"}],"curies":[{"name":"wp","href":"https:\/\/api.w.org\/{rel}","templated":true}]}}