{"id":9005,"date":"2025-04-05T15:14:10","date_gmt":"2025-04-12T20:48:00","guid":{"rendered":"https:\/\/www.ufi.eu\/pcn\/unkategorisiert\/service-zur-erstellung-von-sicherheitsdatenblaettern-msds-sds\/"},"modified":"2025-04-15T20:38:05","modified_gmt":"2025-04-15T20:38:05","slug":"service-zur-erstellung-von-sicherheitsdatenblaettern-msds-sds","status":"publish","type":"product","link":"https:\/\/www.ufi.eu\/de\/product\/service-zur-erstellung-von-sicherheitsdatenblaettern-msds-sds\/","title":{"rendered":"Service zur Erstellung von Sicherheitsdatenbl\u00e4ttern (MSDS\/SDS)"},"content":{"rendered":"\n<p><strong>Professionell erstellte Sicherheitsdatenbl\u00e4tter in voller \u00dcbereinstimmung mit der EU-Verordnung (REACH &amp; CLP)<\/strong><\/p>\n\n<p>Wir bieten Ihnen fachm\u00e4nnisch erstellte <strong>Sicherheitsdatenbl\u00e4tter (SDB)<\/strong> &#8211; auch bekannt als <strong>Material Safety Data Sheets (MSDS)<\/strong> &#8211; die auf Ihr Produkt zugeschnitten sind und den neuesten EU-Vorschriften entsprechen. Unabh\u00e4ngig davon, ob Sie chemische Gemische herstellen, Produkte in die EU importieren oder unter einer Eigenmarke vertreiben, ist ein konformes SDB gesetzlich vorgeschrieben und f\u00fcr die sichere Verwendung in der gesamten Lieferkette unerl\u00e4sslich.<\/p>\n\n<h2 class=\"wp-block-heading\" id=\"h-what-is-an-safety-data-sheet-msds-sds-and-why-do-you-need-one\">Was ist ein Sicherheitsdatenblatt (MSDS\/SDS) und warum brauchen Sie eines?<\/h2>\n\n<p>Ein <strong>Sicherheitsdatenblatt<\/strong> ist ein gesetzlich vorgeschriebenes Dokument, das umfassende Informationen \u00fcber die Eigenschaften eines chemischen Stoffes oder eines Gemisches enth\u00e4lt. Gem\u00e4\u00df <strong>REACH (EG Nr. 1907\/2006)<\/strong> und <strong><a href=\"https:\/\/www.ufi.eu\/de\/pcn\/clp-etikett\/erstellung-von-clp-etiketten-ueberpruefung-der-einhaltung-der-vorschriften\/\">CLP (EG Nr. 1272\/2008)<\/a><\/strong>m\u00fcssen Lieferanten den nachgeschalteten Anwendern f\u00fcr jedes Produkt, das gef\u00e4hrlich ist oder bedenkliche Stoffe enth\u00e4lt, ein Sicherheitsdatenblatt zur Verf\u00fcgung stellen. <\/p>\n\n<p>Das Vers\u00e4umnis, ein genaues, vollst\u00e4ndiges Sicherheitsdatenblatt vorzulegen, kann dazu f\u00fchren:<\/p>\n\n<ul class=\"wp-block-list\">\n<li><strong>Gesetzliche Strafen<\/strong> oder Verz\u00f6gerungen beim Zoll<\/li>\n\n\n\n<li><strong>Abgelehnte Sendungen<\/strong> oder verlorene Gesch\u00e4ftspartner<\/li>\n\n\n\n<li><strong>Risiko f\u00fcr die menschliche Gesundheit und die Umwelt<\/strong><\/li>\n<\/ul>\n\n<h2 class=\"wp-block-heading\" id=\"h-what-our-sds-creation-service-includes\">Unser Service zur Erstellung von SDBs umfasst folgende Leistungen<\/h2>\n\n<h4 class=\"wp-block-heading\" id=\"h-1-fully-compliant-sds-creation-16-sections\">1. <strong>Vollst\u00e4ndig konforme SDB-Erstellung (16 Abschnitte)<\/strong><\/h4>\n\n<p>Wir erstellen Ihr SDB von Grund auf, basierend auf Ihrer Produktformulierung und\/oder vorhandenen Daten, einschlie\u00dflich:<\/p>\n\n<ul class=\"wp-block-list\">\n<li>Informationen zur Gefahrenklassifizierung und Kennzeichnung (CLP-konform)<\/li>\n\n\n\n<li>Offenlegung der Zusammensetzung und der Inhaltsstoffe<\/li>\n\n\n\n<li>Hinweise zur sicheren Handhabung, Lagerung und zum Transport<\/li>\n\n\n\n<li>Erste Hilfe, Brandbek\u00e4mpfung und Ma\u00dfnahmen bei unbeabsichtigter Freisetzung<\/li>\n\n\n\n<li>Rechtliche Hinweise (REACH Anhang II)<\/li>\n<\/ul>\n\n<p>Jedes SDB wird in \u00dcbereinstimmung mit <strong>Anhang II der REACH-Verordnung<\/strong> geliefert, abgestimmt auf die neuesten Aktualisierungen und harmonisierten Einstufungen.<\/p>\n\n<h4 class=\"wp-block-heading\" id=\"h-2-multilingual-sds-versions\">2. <strong>Mehrsprachige SDS-Versionen<\/strong><\/h4>\n\n<p>Wir bieten die Erstellung von SDBs in mehreren EU-Amtssprachen, die f\u00fcr den grenz\u00fcberschreitenden Vertrieb geeignet sind. Dies umfasst: <\/p>\n\n<ul class=\"wp-block-list\">\n<li><a href=\"https:\/\/www.ufi.eu\/de\/pcn\/sicherheitsdatenblatt\/uebersetzung-sicherheitsdatenblatt\/\">MSDS-\u00dcbersetzungen<\/a> durch Experten, die mit der chemischen Terminologie vertraut sind<\/li>\n\n\n\n<li>L\u00e4nderspezifische Anpassungen, falls erforderlich (z. B. nationale Expositionsgrenzwerte)<\/li>\n<\/ul>\n\n<h4 class=\"wp-block-heading\" id=\"h-3-update-amp-conversion-service\">3. <strong>Update- und Konvertierungsservice<\/strong><\/h4>\n\n<p>Haben Sie bereits ein veraltetes oder nicht konformes SDB? Wir k\u00f6nnen das: <\/p>\n\n<ul class=\"wp-block-list\">\n<li>\u00dcberpr\u00fcfen und aktualisieren Sie Ihr bestehendes Blatt, damit es den aktuellen Standards entspricht<\/li>\n\n\n\n<li>Konvertierung von Nicht-EU-SDS-Formaten (z. B. US OSHA) in EU-REACH-konforme Versionen<\/li>\n<\/ul>\n\n<h4 class=\"wp-block-heading\" id=\"h-4-optional-add-ons\">4. <strong>Optionale Erg\u00e4nzungen<\/strong><\/h4>\n\n<ul class=\"wp-block-list\">\n<li><a href=\"https:\/\/www.ufi.eu\/de\/pcn\/clp-etikett\/erstellung-von-clp-etiketten-ueberpruefung-der-einhaltung-der-vorschriften\/\">Erstellung eines CLP-Etiketts<\/a>, das dem SDB entspricht<\/li>\n\n\n\n<li>UFI-Erstellung und PCN-Benachrichtigung<\/li>\n\n\n\n<li>Produktklassifizierung auf der Grundlage von Rohstoffen oder Inhaltsstofflisten<\/li>\n<\/ul>\n\n<h2 class=\"wp-block-heading\" id=\"h-which-products-need-an-sds\">Welche Produkte ben\u00f6tigen ein SDB?<\/h2>\n\n<p>Ein SDB ist erforderlich, wenn Ihr Produkt:<\/p>\n\n<ul class=\"wp-block-list\">\n<li>Ist als gef\u00e4hrlich eingestuft (z.B. entflammbar, reizend, giftig, \u00e4tzend)<\/li>\n\n\n\n<li>Enth\u00e4lt Stoffe, die gef\u00e4hrlich sind oder auf bestimmten gesetzlichen Listen stehen (z.B. SVHC)<\/li>\n\n\n\n<li>Ist f\u00fcr den professionellen oder industriellen Gebrauch bestimmt, auch wenn es nicht als gef\u00e4hrlich eingestuft ist<\/li>\n<\/ul>\n\n<p>Dies gilt f\u00fcr eine breite Palette von Produkten:<\/p>\n\n<ul class=\"wp-block-list\">\n<li>Parf\u00fcm- und \u00e4therische \u00d6lmischungen<\/li>\n\n\n\n<li>Reinigungsmittel und Oberfl\u00e4chensprays<\/li>\n\n\n\n<li>Farben, Beschichtungen und Harze<\/li>\n\n\n\n<li>Wachsschmelzmittel, Raumsprays und Lufterfrischer<\/li>\n\n\n\n<li>Industriechemikalien und Zwischenprodukte<\/li>\n<\/ul>\n\n<h2 class=\"wp-block-heading\" id=\"h-who-is-this-service-for\">F\u00fcr wen ist dieser Service gedacht?<\/h2>\n\n<ul class=\"wp-block-list\">\n<li>Hersteller und Markeninhaber von chemischen Mischungen<\/li>\n\n\n\n<li>Importeure von Produkten von au\u00dferhalb der EU<\/li>\n\n\n\n<li>Eigenmarken- und White-Label-H\u00e4ndler<\/li>\n\n\n\n<li>Unternehmen, die gef\u00e4hrliche Waren \u00fcber Online-Marktpl\u00e4tze oder im Einzelhandel verkaufen<\/li>\n<\/ul>\n\n<h2 class=\"wp-block-heading\" id=\"h-why-choose-ufi-eu\">Warum UFI.EU w\u00e4hlen?<\/h2>\n\n<ul class=\"wp-block-list\">\n<li><strong>Erfahrenes Regulierungsteam<\/strong>, spezialisiert auf CLP, REACH und PCN<\/li>\n\n\n\n<li><strong>Genaue und vollst\u00e4ndig konforme SDBs<\/strong>, die auf Ihr Produkt zugeschnitten sind<\/li>\n\n\n\n<li><strong>Mehrsprachige Unterst\u00fctzung<\/strong> f\u00fcr EU-weite Compliance<\/li>\n\n\n\n<li><strong>Schnelle Durchlaufzeiten<\/strong> und transparente Preise<\/li>\n<\/ul>\n\n<h2 class=\"wp-block-heading\" id=\"h-how-it-works\">Wie es funktioniert<\/h2>\n\n<ol class=\"wp-block-list\">\n<li><strong>Reichen Sie Ihre Produktformulierung oder Ihr bestehendes SDB ein<\/strong><\/li>\n\n\n\n<li><strong>Wir analysieren die Inhaltsstoffe und erstellen das SDB<\/strong><\/li>\n\n\n\n<li><strong>Sie erhalten ein professionell formatiertes Dokument, das Sie verteilen oder registrieren k\u00f6nnen.<\/strong><\/li>\n<\/ol>\n\n<h2 class=\"wp-block-heading\" id=\"h-order-your-sds-today\">Bestellen Sie Ihr SDS noch heute<\/h2>\n\n<p>Ganz gleich, ob Sie ein neues SDB, eine Aktualisierung oder mehrsprachige Versionen f\u00fcr verschiedene M\u00e4rkte ben\u00f6tigen, <strong>UFI.EU<\/strong> ist Ihr zuverl\u00e4ssiger Partner f\u00fcr die Einhaltung chemischer Vorschriften.<br\/><strong>Bestellen Sie jetzt Ihren SDB-Erstellungsservice und bleiben Sie vollst\u00e4ndig konform mit dem EU-Recht.<\/strong><\/p>\n","protected":false},"excerpt":{"rendered":"<p>Professionell erstellte Sicherheitsdatenbl\u00e4tter in voller \u00dcbereinstimmung mit der EU-Verordnung (REACH &amp; CLP) Wir bieten Ihnen fachm\u00e4nnisch erstellte Sicherheitsdatenbl\u00e4tter (SDB) &#8211; auch bekannt als Material Safety Data Sheets (MSDS) &#8211; die auf Ihr Produkt zugeschnitten sind und den neuesten EU-Vorschriften entsprechen. Unabh\u00e4ngig davon, ob Sie chemische Gemische herstellen, Produkte in die EU importieren oder unter einer [&hellip;]<\/p>\n","protected":false},"featured_media":8697,"template":"","meta":[],"product_brand":[],"product_cat":[134],"product_tag":[],"class_list":{"0":"post-9005","1":"product","2":"type-product","3":"status-publish","4":"has-post-thumbnail","6":"product_cat-sicherheitsdatenblatt","8":"first","9":"instock","10":"virtual","11":"taxable","12":"purchasable","13":"product-type-bundle"},"bundled_by":[],"bundle_stock_status":"instock","bundle_stock_quantity":"","bundle_virtual":false,"bundle_layout":"default","bundle_add_to_cart_form_location":"default","bundle_editable_in_cart":false,"bundle_sold_individually_context":"product","bundle_item_grouping":"parent","bundle_min_size":"","bundle_max_size":"","bundle_price":{"price":{"min":{"incl_tax":"119.79","excl_tax":"99"},"max":{"incl_tax":"","excl_tax":""}},"regular_price":{"min":{"incl_tax":"119.79","excl_tax":"99"},"max":{"incl_tax":"","excl_tax":""}}},"bundled_items":[{"bundled_item_id":737,"product_id":9000,"menu_order":0,"quantity_min":1,"quantity_max":1,"quantity_default":1,"priced_individually":true,"shipped_individually":true,"override_title":false,"title":"Erstellung von Sicherheitsdatenbl\u00e4ttern","override_description":false,"description":"Erstellung von Sicherheitsdatenbl\u00e4ttern","optional":false,"hide_thumbnail":false,"discount":"","override_variations":false,"allowed_variations":[""],"override_default_variation_attributes":false,"default_variation_attributes":[],"single_product_visibility":"visible","cart_visibility":"visible","order_visibility":"visible","single_product_price_visibility":"visible","cart_price_visibility":"visible","order_price_visibility":"visible","stock_status":"in_stock"},{"bundled_item_id":738,"product_id":8996,"menu_order":1,"quantity_min":1,"quantity_max":"","quantity_default":1,"priced_individually":true,"shipped_individually":false,"override_title":false,"title":"\u00dcbersetzung Sicherheitsdatenblatt","override_description":false,"description":"\u00dcbersetzung Sicherheitsdatenblatt","optional":false,"hide_thumbnail":false,"discount":"","override_variations":false,"allowed_variations":[""],"override_default_variation_attributes":false,"default_variation_attributes":[],"single_product_visibility":"visible","cart_visibility":"visible","order_visibility":"visible","single_product_price_visibility":"visible","cart_price_visibility":"visible","order_price_visibility":"visible","stock_status":"in_stock"}],"bundle_sell_ids":[],"yoast_head":"<!-- This site is optimized with the Yoast SEO Premium plugin v25.1 (Yoast SEO v25.1) - https:\/\/yoast.com\/wordpress\/plugins\/seo\/ -->\n<title>Service zur Erstellung von Sicherheitsdatenbl\u00e4ttern (MSDS\/SDS) - UFI<\/title>\n<meta name=\"description\" content=\"Wir bieten Ihnen fachm\u00e4nnisch erstellte Sicherheitsdatenbl\u00e4tter (SDB) - auch bekannt als Material Safety Data Sheets (MSDS) - die auf Ihr Produkt zugeschnitten sind und den neuesten EU-Vorschriften entsprechen.\" \/>\n<meta name=\"robots\" content=\"index, follow, max-snippet:-1, max-image-preview:large, max-video-preview:-1\" \/>\n<link rel=\"canonical\" href=\"https:\/\/www.ufi.eu\/de\/product\/service-zur-erstellung-von-sicherheitsdatenblaettern-msds-sds\/\" \/>\n<meta property=\"og:locale\" content=\"de_DE\" \/>\n<meta property=\"og:type\" content=\"article\" \/>\n<meta property=\"og:title\" content=\"Service zur Erstellung von Sicherheitsdatenbl\u00e4ttern (MSDS\/SDS)\" \/>\n<meta property=\"og:description\" content=\"Wir bieten Ihnen fachm\u00e4nnisch erstellte Sicherheitsdatenbl\u00e4tter (SDB) - auch bekannt als Material Safety Data Sheets (MSDS) - die auf Ihr Produkt zugeschnitten sind und den neuesten EU-Vorschriften entsprechen.\" \/>\n<meta property=\"og:url\" content=\"https:\/\/www.ufi.eu\/de\/product\/service-zur-erstellung-von-sicherheitsdatenblaettern-msds-sds\/\" \/>\n<meta property=\"og:site_name\" content=\"UFI\" \/>\n<meta property=\"article:modified_time\" content=\"2025-04-15T20:38:05+00:00\" \/>\n<meta property=\"og:image\" content=\"https:\/\/www.ufi.eu\/wp-content\/uploads\/2025\/03\/pcn_ufi.jpg\" \/>\n\t<meta property=\"og:image:width\" content=\"1024\" \/>\n\t<meta property=\"og:image:height\" content=\"1024\" \/>\n\t<meta property=\"og:image:type\" content=\"image\/jpeg\" \/>\n<meta name=\"twitter:card\" content=\"summary_large_image\" \/>\n<meta name=\"twitter:label1\" content=\"Preis\" \/>\n\t<meta name=\"twitter:data1\" content=\"&euro;0.00\" \/>\n\t<meta name=\"twitter:label2\" content=\"Verf\u00fcgbarkeit\" \/>\n\t<meta name=\"twitter:data2\" content=\"Auf Lager\" \/>\n<script type=\"application\/ld+json\" class=\"yoast-schema-graph\">{\"@context\":\"https:\/\/schema.org\",\"@graph\":[{\"@type\":\"WebPage\",\"@id\":\"https:\/\/www.ufi.eu\/de\/product\/service-zur-erstellung-von-sicherheitsdatenblaettern-msds-sds\/\",\"url\":\"https:\/\/www.ufi.eu\/de\/product\/service-zur-erstellung-von-sicherheitsdatenblaettern-msds-sds\/\",\"name\":\"Service zur Erstellung von Sicherheitsdatenbl\u00e4ttern (MSDS\/SDS) - UFI\",\"isPartOf\":{\"@id\":\"https:\/\/www.ufi.eu\/de\/#website\"},\"primaryImageOfPage\":{\"@id\":\"https:\/\/www.ufi.eu\/de\/product\/service-zur-erstellung-von-sicherheitsdatenblaettern-msds-sds\/#primaryimage\"},\"image\":{\"@id\":\"https:\/\/www.ufi.eu\/de\/product\/service-zur-erstellung-von-sicherheitsdatenblaettern-msds-sds\/#primaryimage\"},\"thumbnailUrl\":\"https:\/\/www.ufi.eu\/wp-content\/uploads\/2025\/03\/pcn_ufi.jpg\",\"datePublished\":\"2025-04-12T20:48:00+00:00\",\"dateModified\":\"2025-04-15T20:38:05+00:00\",\"description\":\"Wir bieten Ihnen fachm\u00e4nnisch erstellte Sicherheitsdatenbl\u00e4tter (SDB) - auch bekannt als Material Safety Data Sheets (MSDS) - die auf Ihr Produkt zugeschnitten sind und den neuesten EU-Vorschriften entsprechen.\",\"breadcrumb\":{\"@id\":\"https:\/\/www.ufi.eu\/de\/product\/service-zur-erstellung-von-sicherheitsdatenblaettern-msds-sds\/#breadcrumb\"},\"inLanguage\":\"de\",\"potentialAction\":[{\"@type\":\"ReadAction\",\"target\":[\"https:\/\/www.ufi.eu\/de\/product\/service-zur-erstellung-von-sicherheitsdatenblaettern-msds-sds\/\"]}]},{\"@type\":\"ImageObject\",\"inLanguage\":\"de\",\"@id\":\"https:\/\/www.ufi.eu\/de\/product\/service-zur-erstellung-von-sicherheitsdatenblaettern-msds-sds\/#primaryimage\",\"url\":\"https:\/\/www.ufi.eu\/wp-content\/uploads\/2025\/03\/pcn_ufi.jpg\",\"contentUrl\":\"https:\/\/www.ufi.eu\/wp-content\/uploads\/2025\/03\/pcn_ufi.jpg\",\"width\":1024,\"height\":1024},{\"@type\":\"BreadcrumbList\",\"@id\":\"https:\/\/www.ufi.eu\/de\/product\/service-zur-erstellung-von-sicherheitsdatenblaettern-msds-sds\/#breadcrumb\",\"itemListElement\":[{\"@type\":\"ListItem\",\"position\":1,\"name\":\"Home\",\"item\":\"https:\/\/www.ufi.eu\/de\/startseite\/\"},{\"@type\":\"ListItem\",\"position\":2,\"name\":\"Shop\",\"item\":\"https:\/\/www.ufi.eu\/de\/shop\/\"},{\"@type\":\"ListItem\",\"position\":3,\"name\":\"Service zur Erstellung von Sicherheitsdatenbl\u00e4ttern (MSDS\/SDS)\"}]},{\"@type\":\"WebSite\",\"@id\":\"https:\/\/www.ufi.eu\/de\/#website\",\"url\":\"https:\/\/www.ufi.eu\/de\/\",\"name\":\"UFI.EU\",\"description\":\"Poison Centre Notifications (PCN) and UFI\",\"publisher\":{\"@id\":\"https:\/\/www.ufi.eu\/de\/#organization\"},\"potentialAction\":[{\"@type\":\"SearchAction\",\"target\":{\"@type\":\"EntryPoint\",\"urlTemplate\":\"https:\/\/www.ufi.eu\/de\/?s={search_term_string}\"},\"query-input\":{\"@type\":\"PropertyValueSpecification\",\"valueRequired\":true,\"valueName\":\"search_term_string\"}}],\"inLanguage\":\"de\"},{\"@type\":\"Organization\",\"@id\":\"https:\/\/www.ufi.eu\/de\/#organization\",\"name\":\"UFI.EU\",\"url\":\"https:\/\/www.ufi.eu\/de\/\",\"logo\":{\"@type\":\"ImageObject\",\"inLanguage\":\"de\",\"@id\":\"https:\/\/www.ufi.eu\/de\/#\/schema\/logo\/image\/\",\"url\":\"https:\/\/www.ufi.eu\/wp-content\/uploads\/2025\/03\/cropped-logo_ufi3.jpg\",\"contentUrl\":\"https:\/\/www.ufi.eu\/wp-content\/uploads\/2025\/03\/cropped-logo_ufi3.jpg\",\"width\":231,\"height\":78,\"caption\":\"UFI.EU\"},\"image\":{\"@id\":\"https:\/\/www.ufi.eu\/de\/#\/schema\/logo\/image\/\"},\"description\":\"UFI.eu specializes in digital registrations for Poison Centre Notifications (PCN), ensuring your chemical products meet EU regulatory requirements effortlessly. Our streamlined solutions help businesses stay compliant while reducing complexity and administrative burden.\",\"email\":\"info@ufi.eu\",\"legalName\":\"UFI.EU\"}]}<\/script>\n<meta property=\"product:price:amount\" content=\"0.00\" \/>\n<meta property=\"product:price:currency\" content=\"EUR\" \/>\n<meta property=\"og:availability\" content=\"instock\" \/>\n<meta property=\"product:availability\" content=\"instock\" \/>\n<meta property=\"product:condition\" content=\"new\" \/>\n<!-- \/ Yoast SEO Premium plugin. -->","yoast_head_json":{"title":"Service zur Erstellung von Sicherheitsdatenbl\u00e4ttern (MSDS\/SDS) - UFI","description":"Wir bieten Ihnen fachm\u00e4nnisch erstellte Sicherheitsdatenbl\u00e4tter (SDB) - auch bekannt als Material Safety Data Sheets (MSDS) - die auf Ihr Produkt zugeschnitten sind und den neuesten EU-Vorschriften entsprechen.","robots":{"index":"index","follow":"follow","max-snippet":"max-snippet:-1","max-image-preview":"max-image-preview:large","max-video-preview":"max-video-preview:-1"},"canonical":"https:\/\/www.ufi.eu\/de\/product\/service-zur-erstellung-von-sicherheitsdatenblaettern-msds-sds\/","og_locale":"de_DE","og_type":"article","og_title":"Service zur Erstellung von Sicherheitsdatenbl\u00e4ttern (MSDS\/SDS)","og_description":"Wir bieten Ihnen fachm\u00e4nnisch erstellte Sicherheitsdatenbl\u00e4tter (SDB) - auch bekannt als Material Safety Data Sheets (MSDS) - die auf Ihr Produkt zugeschnitten sind und den neuesten EU-Vorschriften entsprechen.","og_url":"https:\/\/www.ufi.eu\/de\/product\/service-zur-erstellung-von-sicherheitsdatenblaettern-msds-sds\/","og_site_name":"UFI","article_modified_time":"2025-04-15T20:38:05+00:00","og_image":[{"width":1024,"height":1024,"url":"https:\/\/www.ufi.eu\/wp-content\/uploads\/2025\/03\/pcn_ufi.jpg","type":"image\/jpeg"}],"twitter_card":"summary_large_image","twitter_misc":{"Preis":"&euro;0.00","Verf\u00fcgbarkeit":"Auf Lager"},"schema":{"@context":"https:\/\/schema.org","@graph":[{"@type":"WebPage","@id":"https:\/\/www.ufi.eu\/de\/product\/service-zur-erstellung-von-sicherheitsdatenblaettern-msds-sds\/","url":"https:\/\/www.ufi.eu\/de\/product\/service-zur-erstellung-von-sicherheitsdatenblaettern-msds-sds\/","name":"Service zur Erstellung von Sicherheitsdatenbl\u00e4ttern (MSDS\/SDS) - UFI","isPartOf":{"@id":"https:\/\/www.ufi.eu\/de\/#website"},"primaryImageOfPage":{"@id":"https:\/\/www.ufi.eu\/de\/product\/service-zur-erstellung-von-sicherheitsdatenblaettern-msds-sds\/#primaryimage"},"image":{"@id":"https:\/\/www.ufi.eu\/de\/product\/service-zur-erstellung-von-sicherheitsdatenblaettern-msds-sds\/#primaryimage"},"thumbnailUrl":"https:\/\/www.ufi.eu\/wp-content\/uploads\/2025\/03\/pcn_ufi.jpg","datePublished":"2025-04-12T20:48:00+00:00","dateModified":"2025-04-15T20:38:05+00:00","description":"Wir bieten Ihnen fachm\u00e4nnisch erstellte Sicherheitsdatenbl\u00e4tter (SDB) - auch bekannt als Material Safety Data Sheets (MSDS) - die auf Ihr Produkt zugeschnitten sind und den neuesten EU-Vorschriften entsprechen.","breadcrumb":{"@id":"https:\/\/www.ufi.eu\/de\/product\/service-zur-erstellung-von-sicherheitsdatenblaettern-msds-sds\/#breadcrumb"},"inLanguage":"de","potentialAction":[{"@type":"ReadAction","target":["https:\/\/www.ufi.eu\/de\/product\/service-zur-erstellung-von-sicherheitsdatenblaettern-msds-sds\/"]}]},{"@type":"ImageObject","inLanguage":"de","@id":"https:\/\/www.ufi.eu\/de\/product\/service-zur-erstellung-von-sicherheitsdatenblaettern-msds-sds\/#primaryimage","url":"https:\/\/www.ufi.eu\/wp-content\/uploads\/2025\/03\/pcn_ufi.jpg","contentUrl":"https:\/\/www.ufi.eu\/wp-content\/uploads\/2025\/03\/pcn_ufi.jpg","width":1024,"height":1024},{"@type":"BreadcrumbList","@id":"https:\/\/www.ufi.eu\/de\/product\/service-zur-erstellung-von-sicherheitsdatenblaettern-msds-sds\/#breadcrumb","itemListElement":[{"@type":"ListItem","position":1,"name":"Home","item":"https:\/\/www.ufi.eu\/de\/startseite\/"},{"@type":"ListItem","position":2,"name":"Shop","item":"https:\/\/www.ufi.eu\/de\/shop\/"},{"@type":"ListItem","position":3,"name":"Service zur Erstellung von Sicherheitsdatenbl\u00e4ttern (MSDS\/SDS)"}]},{"@type":"WebSite","@id":"https:\/\/www.ufi.eu\/de\/#website","url":"https:\/\/www.ufi.eu\/de\/","name":"UFI.EU","description":"Poison Centre Notifications (PCN) and UFI","publisher":{"@id":"https:\/\/www.ufi.eu\/de\/#organization"},"potentialAction":[{"@type":"SearchAction","target":{"@type":"EntryPoint","urlTemplate":"https:\/\/www.ufi.eu\/de\/?s={search_term_string}"},"query-input":{"@type":"PropertyValueSpecification","valueRequired":true,"valueName":"search_term_string"}}],"inLanguage":"de"},{"@type":"Organization","@id":"https:\/\/www.ufi.eu\/de\/#organization","name":"UFI.EU","url":"https:\/\/www.ufi.eu\/de\/","logo":{"@type":"ImageObject","inLanguage":"de","@id":"https:\/\/www.ufi.eu\/de\/#\/schema\/logo\/image\/","url":"https:\/\/www.ufi.eu\/wp-content\/uploads\/2025\/03\/cropped-logo_ufi3.jpg","contentUrl":"https:\/\/www.ufi.eu\/wp-content\/uploads\/2025\/03\/cropped-logo_ufi3.jpg","width":231,"height":78,"caption":"UFI.EU"},"image":{"@id":"https:\/\/www.ufi.eu\/de\/#\/schema\/logo\/image\/"},"description":"UFI.eu specializes in digital registrations for Poison Centre Notifications (PCN), ensuring your chemical products meet EU regulatory requirements effortlessly. Our streamlined solutions help businesses stay compliant while reducing complexity and administrative burden.","email":"info@ufi.eu","legalName":"UFI.EU"}]},"product_price_amount":"0.00","product_price_currency":"EUR","og_availability":"instock","product_availability":"instock","product_condition":"new"},"_links":{"self":[{"href":"https:\/\/www.ufi.eu\/de\/wp-json\/wp\/v2\/product\/9005","targetHints":{"allow":["GET"]}}],"collection":[{"href":"https:\/\/www.ufi.eu\/de\/wp-json\/wp\/v2\/product"}],"about":[{"href":"https:\/\/www.ufi.eu\/de\/wp-json\/wp\/v2\/types\/product"}],"wp:featuredmedia":[{"embeddable":true,"href":"https:\/\/www.ufi.eu\/de\/wp-json\/wp\/v2\/media\/8697"}],"wp:attachment":[{"href":"https:\/\/www.ufi.eu\/de\/wp-json\/wp\/v2\/media?parent=9005"}],"wp:term":[{"taxonomy":"product_brand","embeddable":true,"href":"https:\/\/www.ufi.eu\/de\/wp-json\/wp\/v2\/product_brand?post=9005"},{"taxonomy":"product_cat","embeddable":true,"href":"https:\/\/www.ufi.eu\/de\/wp-json\/wp\/v2\/product_cat?post=9005"},{"taxonomy":"product_tag","embeddable":true,"href":"https:\/\/www.ufi.eu\/de\/wp-json\/wp\/v2\/product_tag?post=9005"}],"curies":[{"name":"wp","href":"https:\/\/api.w.org\/{rel}","templated":true}]}}