{"id":9004,"date":"2025-04-05T15:24:57","date_gmt":"2025-04-12T20:48:00","guid":{"rendered":"https:\/\/www.ufi.eu\/pcn\/unkategorisiert\/erstellung-von-clp-etiketten-und-ueberpruefung-der-einhaltung-der-vorschriften-fuer-reinigungsmittel\/"},"modified":"2025-04-28T12:21:01","modified_gmt":"2025-04-28T12:21:01","slug":"erstellung-von-clp-etiketten-und-ueberpruefung-der-einhaltung-der-vorschriften-fuer-reinigungsmittel","status":"publish","type":"product","link":"https:\/\/www.ufi.eu\/de\/product\/erstellung-von-clp-etiketten-und-ueberpruefung-der-einhaltung-der-vorschriften-fuer-reinigungsmittel\/","title":{"rendered":"Erstellung von CLP-Etiketten und \u00dcberpr\u00fcfung der Einhaltung der Vorschriften f\u00fcr Reinigungsmittel"},"content":{"rendered":"\n<p><strong>Stellen Sie mit unserem Expertenservice die vollst\u00e4ndige Einhaltung der CLP- und Detergenzienverordnung sicher.<\/strong><\/p>\n\n<p>Wir sind darauf spezialisiert, Unternehmen dabei zu helfen, die gesetzlichen Anforderungen f\u00fcr das Inverkehrbringen von Detergenzienprodukten auf dem europ\u00e4ischen Markt zu erf\u00fcllen. Unser Service zur Erstellung und \u00dcberpr\u00fcfung von CLP-Etiketten stellt sicher, dass Ihre Produktetiketten sowohl mit der <strong>CLP-Verordnung (EG Nr. 1272\/2008)<\/strong> als auch mit der <strong>Detergenzienverordnung (EG Nr. 648\/2004)<\/strong> vollst\u00e4ndig konform sind. <\/p>\n\n<h2 class=\"wp-block-heading\" id=\"h-why-correct-labeling-for-detergents-is-crucial\">Warum die korrekte Kennzeichnung von Reinigungsmitteln so wichtig ist<\/h2>\n\n<p>Detergenzien unterliegen zwei wichtigen europ\u00e4ischen Verordnungen:<\/p>\n\n<ul class=\"wp-block-list\">\n<li><strong>CLP-Verordnung<\/strong>, die die Einstufung, Kennzeichnung und Verpackung von gef\u00e4hrlichen Stoffen und Gemischen regelt.<\/li>\n\n\n\n<li><strong>Detergenzienverordnung<\/strong>, die besondere Kennzeichnungspflichten f\u00fcr Detergenzien vorsieht, insbesondere f\u00fcr solche, die von Verbrauchern verwendet werden.<\/li>\n<\/ul>\n\n<p>Die Nichteinhaltung kann zu Produktr\u00fcckrufen, Geldstrafen oder sogar Marktverboten f\u00fchren. Unser Team stellt sicher, dass Ihre Etiketten korrekt, vollst\u00e4ndig und rechtlich vertretbar sind. <\/p>\n\n<h2 class=\"wp-block-heading\" id=\"h-what-we-offer\">Was wir anbieten<\/h2>\n\n<h4 class=\"wp-block-heading\" id=\"h-1-clp-label-creation-for-detergents\">1. <strong>Erstellung von CLP-Kennzeichnungen f\u00fcr Reinigungsmittel<\/strong><\/h4>\n\n<p>Wir erstellen Ihr Produktetikett auf der Grundlage der spezifischen Gefahrenklassifizierung Ihrer Waschmittelformulierung. Dies beinhaltet: <\/p>\n\n<ul class=\"wp-block-list\">\n<li>Auswahl der richtigen <strong>Gefahrenpiktogramme<\/strong>, <strong>Signalw\u00f6rter<\/strong>, <strong>H-S\u00e4tze<\/strong> und <strong>P-S\u00e4tze<\/strong>.<\/li>\n\n\n\n<li>Korrekte <strong>Platzierung<\/strong> und Formatierung <strong>der UFI<\/strong> (falls zutreffend).<\/li>\n\n\n\n<li>Obligatorische Angaben zur Identifizierung von Lieferanten und Produkten.<\/li>\n<\/ul>\n\n<h4 class=\"wp-block-heading\" id=\"h-2-label-check-for-existing-detergent-products\">2. <strong>Etikettenpr\u00fcfung f\u00fcr bestehende Waschmittelprodukte<\/strong><\/h4>\n\n<p>Haben Sie bereits ein Etikett? Wir \u00fcberpr\u00fcfen und verifizieren: <\/p>\n\n<ul class=\"wp-block-list\">\n<li>Korrekte Gefahreneinstufung gem\u00e4\u00df CLP.<\/li>\n\n\n\n<li>Beschriften Sie Text und Format gem\u00e4\u00df den geltenden Vorschriften.<\/li>\n\n\n\n<li>Waschmittel-spezifische Anforderungen wie die Offenlegung der Inhaltsstoffpalette und die Auflistung von Allergenen.<\/li>\n<\/ul>\n\n<h4 class=\"wp-block-heading\" id=\"h-3-compliance-with-detergents-regulation-ec-no-648-2004\">3. <strong>Einhaltung der Detergenzienverordnung (EG Nr. 648\/2004)<\/strong><\/h4>\n\n<p>Wir stellen sicher, dass Ihr Etikett die Anforderungen f\u00fcr Reinigungsmittel erf\u00fcllt, einschlie\u00dflich:<\/p>\n\n<ul class=\"wp-block-list\">\n<li>Angaben zur Bandbreite der Inhaltsstoffe (z.B. &#8220;5-15% anionische Tenside&#8221;).<\/li>\n\n\n\n<li>Allergene Duftstoffe (z.B. Limonen, Linalool).<\/li>\n\n\n\n<li>Online-Zutatenliste einrichten (falls zutreffend).<\/li>\n<\/ul>\n\n<h2 class=\"wp-block-heading\" id=\"h-when-is-a-clp-label-and-ufi-required\">Wann ist ein CLP-Kennzeichen und ein UFI erforderlich?<\/h2>\n\n<p>Ein CLP-konformes Etikett (und m\u00f6glicherweise eine PCN-Meldung mit UFI) ist erforderlich, wenn Ihr Waschmittel:<\/p>\n\n<ul class=\"wp-block-list\">\n<li>Enth\u00e4lt gef\u00e4hrliche Inhaltsstoffe, die wegen ihrer gesundheitlichen oder physikalischen Auswirkungen eingestuft sind.<\/li>\n\n\n\n<li>Wird an Verbraucher oder Fachleute vermarktet.<\/li>\n<\/ul>\n\n<p>Wir helfen Ihnen bei der Entscheidung, ob Ihr Produkt eine <strong>UFI<\/strong>, eine <strong>PCN-Einreichung<\/strong> oder nur eine Kennzeichnung gem\u00e4\u00df der Detergenzienverordnung ben\u00f6tigt.<\/p>\n\n<h2 class=\"wp-block-heading\" id=\"h-who-is-this-service-for\">F\u00fcr wen ist dieser Service gedacht?<\/h2>\n\n<ul class=\"wp-block-list\">\n<li>Hersteller von fl\u00fcssigen oder pulverf\u00f6rmigen Waschmitteln.<\/li>\n\n\n\n<li>Importeure von Reinigungsmitteln und W\u00e4scheprodukten.<\/li>\n\n\n\n<li>Eigenmarken, die vollst\u00e4ndige Unterst\u00fctzung bei der Einhaltung von Richtlinien ben\u00f6tigen.<\/li>\n\n\n\n<li>Unternehmen, die nicht wissen, ob ihr Produkt gef\u00e4hrlich ist oder nicht.<\/li>\n<\/ul>\n\n<h2 class=\"wp-block-heading\" id=\"h-why-choose-ufi-eu\">Warum UFI.EU w\u00e4hlen?<\/h2>\n\n<ul class=\"wp-block-list\">\n<li><strong>Experten auf dem Gebiet der CLP- und Detergenzienverordnung<\/strong> mit jahrelanger Erfahrung.<\/li>\n\n\n\n<li><strong>Schneller und pr\u00e4ziser Service<\/strong>, der auf die Bed\u00fcrfnisse Ihres Produkts zugeschnitten ist.<\/li>\n\n\n\n<li><strong>Klare Preisgestaltung<\/strong> und pers\u00f6nliche Kommunikation.<\/li>\n\n\n\n<li><strong>Optionale Zusatzfunktionen<\/strong>: PCN-Benachrichtigung, SDS-Erstellung und UFI-Generierung.<\/li>\n<\/ul>\n\n<h2 class=\"wp-block-heading\" id=\"h-get-started-today\">Beginnen Sie heute<\/h2>\n\n<p>Ganz gleich, ob Sie ein neues Etikett ben\u00f6tigen oder Ihr bestehendes \u00fcberpr\u00fcfen m\u00f6chten, UFI.EU unterst\u00fctzt Sie bei der Einhaltung der Vorschriften.<br\/><strong>\u00dcberlassen Sie es uns, sich um die rechtlichen Details zu k\u00fcmmern, damit Sie sich auf Ihr Gesch\u00e4ft konzentrieren k\u00f6nnen.<\/strong><\/p>\n\n<p>Klicken Sie auf die Schaltfl\u00e4che unten, um die <strong>Erstellung eines CLP-Kennzeichnungsetiketts<\/strong> anzufordern <strong>oder einen Check f\u00fcr Reinigungsmittel<\/strong> durchzuf\u00fchren.<\/p>\n","protected":false},"excerpt":{"rendered":"<p>Stellen Sie mit unserem Expertenservice die vollst\u00e4ndige Einhaltung der CLP- und Detergenzienverordnung sicher. Wir sind darauf spezialisiert, Unternehmen dabei zu helfen, die gesetzlichen Anforderungen f\u00fcr das Inverkehrbringen von Detergenzienprodukten auf dem europ\u00e4ischen Markt zu erf\u00fcllen. Unser Service zur Erstellung und \u00dcberpr\u00fcfung von CLP-Etiketten stellt sicher, dass Ihre Produktetiketten sowohl mit der CLP-Verordnung (EG Nr. 1272\/2008) [&hellip;]<\/p>\n","protected":false},"featured_media":8697,"template":"","meta":[],"product_brand":[],"product_cat":[138],"product_tag":[],"class_list":{"0":"post-9004","1":"product","2":"type-product","3":"status-publish","4":"has-post-thumbnail","6":"product_cat-clp-etikett","8":"first","9":"instock","10":"virtual","11":"taxable","12":"purchasable","13":"product-type-simple"},"bundled_by":[],"bundle_stock_status":"instock","bundle_stock_quantity":null,"bundle_virtual":false,"bundle_layout":"","bundle_add_to_cart_form_location":"","bundle_editable_in_cart":false,"bundle_sold_individually_context":"","bundle_item_grouping":"","bundle_min_size":"","bundle_max_size":"","bundle_price":[],"bundled_items":[],"bundle_sell_ids":[],"yoast_head":"<!-- This site is optimized with the Yoast SEO Premium plugin v25.1 (Yoast SEO v25.1) - https:\/\/yoast.com\/wordpress\/plugins\/seo\/ -->\n<title>Erstellung von CLP-Etiketten und \u00dcberpr\u00fcfung der Einhaltung der Vorschriften f\u00fcr Reinigungsmittel - UFI<\/title>\n<meta name=\"description\" content=\"Unser Service zur Erstellung und \u00dcberpr\u00fcfung von CLP-Etiketten stellt sicher, dass Ihre Produktetiketten sowohl mit der CLP-Verordnung (EG Nr. 1272\/2008) als auch mit der Detergenzienverordnung (EG Nr. 648\/2004) vollst\u00e4ndig konform sind.\" \/>\n<meta name=\"robots\" content=\"index, follow, max-snippet:-1, max-image-preview:large, max-video-preview:-1\" \/>\n<link rel=\"canonical\" href=\"https:\/\/www.ufi.eu\/de\/product\/erstellung-von-clp-etiketten-und-ueberpruefung-der-einhaltung-der-vorschriften-fuer-reinigungsmittel\/\" \/>\n<meta property=\"og:locale\" content=\"de_DE\" \/>\n<meta property=\"og:type\" content=\"article\" \/>\n<meta property=\"og:title\" content=\"Erstellung von CLP-Etiketten und \u00dcberpr\u00fcfung der Einhaltung der Vorschriften f\u00fcr Reinigungsmittel\" \/>\n<meta property=\"og:description\" content=\"Unser Service zur Erstellung und \u00dcberpr\u00fcfung von CLP-Etiketten stellt sicher, dass Ihre Produktetiketten sowohl mit der CLP-Verordnung (EG Nr. 1272\/2008) als auch mit der Detergenzienverordnung (EG Nr. 648\/2004) vollst\u00e4ndig konform sind.\" \/>\n<meta property=\"og:url\" content=\"https:\/\/www.ufi.eu\/de\/product\/erstellung-von-clp-etiketten-und-ueberpruefung-der-einhaltung-der-vorschriften-fuer-reinigungsmittel\/\" \/>\n<meta property=\"og:site_name\" content=\"UFI\" \/>\n<meta property=\"article:modified_time\" content=\"2025-04-28T12:21:01+00:00\" \/>\n<meta property=\"og:image\" content=\"https:\/\/www.ufi.eu\/wp-content\/uploads\/2025\/03\/pcn_ufi.jpg\" \/>\n\t<meta property=\"og:image:width\" content=\"1024\" \/>\n\t<meta property=\"og:image:height\" content=\"1024\" \/>\n\t<meta property=\"og:image:type\" content=\"image\/jpeg\" \/>\n<meta name=\"twitter:card\" content=\"summary_large_image\" \/>\n<meta name=\"twitter:label1\" content=\"Preis\" \/>\n\t<meta name=\"twitter:data1\" content=\"&euro;50.00\" \/>\n\t<meta name=\"twitter:label2\" content=\"Verf\u00fcgbarkeit\" \/>\n\t<meta name=\"twitter:data2\" content=\"Auf Lager\" \/>\n<script type=\"application\/ld+json\" class=\"yoast-schema-graph\">{\"@context\":\"https:\/\/schema.org\",\"@graph\":[{\"@type\":\"WebPage\",\"@id\":\"https:\/\/www.ufi.eu\/de\/product\/erstellung-von-clp-etiketten-und-ueberpruefung-der-einhaltung-der-vorschriften-fuer-reinigungsmittel\/\",\"url\":\"https:\/\/www.ufi.eu\/de\/product\/erstellung-von-clp-etiketten-und-ueberpruefung-der-einhaltung-der-vorschriften-fuer-reinigungsmittel\/\",\"name\":\"Erstellung von CLP-Etiketten und \u00dcberpr\u00fcfung der Einhaltung der Vorschriften f\u00fcr Reinigungsmittel - UFI\",\"isPartOf\":{\"@id\":\"https:\/\/www.ufi.eu\/de\/#website\"},\"primaryImageOfPage\":{\"@id\":\"https:\/\/www.ufi.eu\/de\/product\/erstellung-von-clp-etiketten-und-ueberpruefung-der-einhaltung-der-vorschriften-fuer-reinigungsmittel\/#primaryimage\"},\"image\":{\"@id\":\"https:\/\/www.ufi.eu\/de\/product\/erstellung-von-clp-etiketten-und-ueberpruefung-der-einhaltung-der-vorschriften-fuer-reinigungsmittel\/#primaryimage\"},\"thumbnailUrl\":\"https:\/\/www.ufi.eu\/wp-content\/uploads\/2025\/03\/pcn_ufi.jpg\",\"datePublished\":\"2025-04-12T20:48:00+00:00\",\"dateModified\":\"2025-04-28T12:21:01+00:00\",\"description\":\"Unser Service zur Erstellung und \u00dcberpr\u00fcfung von CLP-Etiketten stellt sicher, dass Ihre Produktetiketten sowohl mit der CLP-Verordnung (EG Nr. 1272\/2008) als auch mit der Detergenzienverordnung (EG Nr. 648\/2004) vollst\u00e4ndig konform sind.\",\"breadcrumb\":{\"@id\":\"https:\/\/www.ufi.eu\/de\/product\/erstellung-von-clp-etiketten-und-ueberpruefung-der-einhaltung-der-vorschriften-fuer-reinigungsmittel\/#breadcrumb\"},\"inLanguage\":\"de\",\"potentialAction\":[{\"@type\":\"ReadAction\",\"target\":[\"https:\/\/www.ufi.eu\/de\/product\/erstellung-von-clp-etiketten-und-ueberpruefung-der-einhaltung-der-vorschriften-fuer-reinigungsmittel\/\"]}]},{\"@type\":\"ImageObject\",\"inLanguage\":\"de\",\"@id\":\"https:\/\/www.ufi.eu\/de\/product\/erstellung-von-clp-etiketten-und-ueberpruefung-der-einhaltung-der-vorschriften-fuer-reinigungsmittel\/#primaryimage\",\"url\":\"https:\/\/www.ufi.eu\/wp-content\/uploads\/2025\/03\/pcn_ufi.jpg\",\"contentUrl\":\"https:\/\/www.ufi.eu\/wp-content\/uploads\/2025\/03\/pcn_ufi.jpg\",\"width\":1024,\"height\":1024},{\"@type\":\"BreadcrumbList\",\"@id\":\"https:\/\/www.ufi.eu\/de\/product\/erstellung-von-clp-etiketten-und-ueberpruefung-der-einhaltung-der-vorschriften-fuer-reinigungsmittel\/#breadcrumb\",\"itemListElement\":[{\"@type\":\"ListItem\",\"position\":1,\"name\":\"Home\",\"item\":\"https:\/\/www.ufi.eu\/de\/startseite\/\"},{\"@type\":\"ListItem\",\"position\":2,\"name\":\"Shop\",\"item\":\"https:\/\/www.ufi.eu\/de\/shop\/\"},{\"@type\":\"ListItem\",\"position\":3,\"name\":\"Erstellung von CLP-Etiketten und \u00dcberpr\u00fcfung der Einhaltung der Vorschriften f\u00fcr Reinigungsmittel\"}]},{\"@type\":\"WebSite\",\"@id\":\"https:\/\/www.ufi.eu\/de\/#website\",\"url\":\"https:\/\/www.ufi.eu\/de\/\",\"name\":\"UFI.EU\",\"description\":\"Poison Centre Notifications (PCN) and UFI\",\"publisher\":{\"@id\":\"https:\/\/www.ufi.eu\/de\/#organization\"},\"potentialAction\":[{\"@type\":\"SearchAction\",\"target\":{\"@type\":\"EntryPoint\",\"urlTemplate\":\"https:\/\/www.ufi.eu\/de\/?s={search_term_string}\"},\"query-input\":{\"@type\":\"PropertyValueSpecification\",\"valueRequired\":true,\"valueName\":\"search_term_string\"}}],\"inLanguage\":\"de\"},{\"@type\":\"Organization\",\"@id\":\"https:\/\/www.ufi.eu\/de\/#organization\",\"name\":\"UFI.EU\",\"url\":\"https:\/\/www.ufi.eu\/de\/\",\"logo\":{\"@type\":\"ImageObject\",\"inLanguage\":\"de\",\"@id\":\"https:\/\/www.ufi.eu\/de\/#\/schema\/logo\/image\/\",\"url\":\"https:\/\/www.ufi.eu\/wp-content\/uploads\/2025\/03\/cropped-logo_ufi3.jpg\",\"contentUrl\":\"https:\/\/www.ufi.eu\/wp-content\/uploads\/2025\/03\/cropped-logo_ufi3.jpg\",\"width\":231,\"height\":78,\"caption\":\"UFI.EU\"},\"image\":{\"@id\":\"https:\/\/www.ufi.eu\/de\/#\/schema\/logo\/image\/\"},\"description\":\"UFI.eu specializes in digital registrations for Poison Centre Notifications (PCN), ensuring your chemical products meet EU regulatory requirements effortlessly. Our streamlined solutions help businesses stay compliant while reducing complexity and administrative burden.\",\"email\":\"info@ufi.eu\",\"legalName\":\"UFI.EU\"}]}<\/script>\n<meta property=\"product:price:amount\" content=\"50.00\" \/>\n<meta property=\"product:price:currency\" content=\"EUR\" \/>\n<meta property=\"og:availability\" content=\"instock\" \/>\n<meta property=\"product:availability\" content=\"instock\" \/>\n<meta property=\"product:condition\" content=\"new\" \/>\n<!-- \/ Yoast SEO Premium plugin. -->","yoast_head_json":{"title":"Erstellung von CLP-Etiketten und \u00dcberpr\u00fcfung der Einhaltung der Vorschriften f\u00fcr Reinigungsmittel - UFI","description":"Unser Service zur Erstellung und \u00dcberpr\u00fcfung von CLP-Etiketten stellt sicher, dass Ihre Produktetiketten sowohl mit der CLP-Verordnung (EG Nr. 1272\/2008) als auch mit der Detergenzienverordnung (EG Nr. 648\/2004) vollst\u00e4ndig konform sind.","robots":{"index":"index","follow":"follow","max-snippet":"max-snippet:-1","max-image-preview":"max-image-preview:large","max-video-preview":"max-video-preview:-1"},"canonical":"https:\/\/www.ufi.eu\/de\/product\/erstellung-von-clp-etiketten-und-ueberpruefung-der-einhaltung-der-vorschriften-fuer-reinigungsmittel\/","og_locale":"de_DE","og_type":"article","og_title":"Erstellung von CLP-Etiketten und \u00dcberpr\u00fcfung der Einhaltung der Vorschriften f\u00fcr Reinigungsmittel","og_description":"Unser Service zur Erstellung und \u00dcberpr\u00fcfung von CLP-Etiketten stellt sicher, dass Ihre Produktetiketten sowohl mit der CLP-Verordnung (EG Nr. 1272\/2008) als auch mit der Detergenzienverordnung (EG Nr. 648\/2004) vollst\u00e4ndig konform sind.","og_url":"https:\/\/www.ufi.eu\/de\/product\/erstellung-von-clp-etiketten-und-ueberpruefung-der-einhaltung-der-vorschriften-fuer-reinigungsmittel\/","og_site_name":"UFI","article_modified_time":"2025-04-28T12:21:01+00:00","og_image":[{"width":1024,"height":1024,"url":"https:\/\/www.ufi.eu\/wp-content\/uploads\/2025\/03\/pcn_ufi.jpg","type":"image\/jpeg"}],"twitter_card":"summary_large_image","twitter_misc":{"Preis":"&euro;50.00","Verf\u00fcgbarkeit":"Auf Lager"},"schema":{"@context":"https:\/\/schema.org","@graph":[{"@type":"WebPage","@id":"https:\/\/www.ufi.eu\/de\/product\/erstellung-von-clp-etiketten-und-ueberpruefung-der-einhaltung-der-vorschriften-fuer-reinigungsmittel\/","url":"https:\/\/www.ufi.eu\/de\/product\/erstellung-von-clp-etiketten-und-ueberpruefung-der-einhaltung-der-vorschriften-fuer-reinigungsmittel\/","name":"Erstellung von CLP-Etiketten und \u00dcberpr\u00fcfung der Einhaltung der Vorschriften f\u00fcr Reinigungsmittel - UFI","isPartOf":{"@id":"https:\/\/www.ufi.eu\/de\/#website"},"primaryImageOfPage":{"@id":"https:\/\/www.ufi.eu\/de\/product\/erstellung-von-clp-etiketten-und-ueberpruefung-der-einhaltung-der-vorschriften-fuer-reinigungsmittel\/#primaryimage"},"image":{"@id":"https:\/\/www.ufi.eu\/de\/product\/erstellung-von-clp-etiketten-und-ueberpruefung-der-einhaltung-der-vorschriften-fuer-reinigungsmittel\/#primaryimage"},"thumbnailUrl":"https:\/\/www.ufi.eu\/wp-content\/uploads\/2025\/03\/pcn_ufi.jpg","datePublished":"2025-04-12T20:48:00+00:00","dateModified":"2025-04-28T12:21:01+00:00","description":"Unser Service zur Erstellung und \u00dcberpr\u00fcfung von CLP-Etiketten stellt sicher, dass Ihre Produktetiketten sowohl mit der CLP-Verordnung (EG Nr. 1272\/2008) als auch mit der Detergenzienverordnung (EG Nr. 648\/2004) vollst\u00e4ndig konform sind.","breadcrumb":{"@id":"https:\/\/www.ufi.eu\/de\/product\/erstellung-von-clp-etiketten-und-ueberpruefung-der-einhaltung-der-vorschriften-fuer-reinigungsmittel\/#breadcrumb"},"inLanguage":"de","potentialAction":[{"@type":"ReadAction","target":["https:\/\/www.ufi.eu\/de\/product\/erstellung-von-clp-etiketten-und-ueberpruefung-der-einhaltung-der-vorschriften-fuer-reinigungsmittel\/"]}]},{"@type":"ImageObject","inLanguage":"de","@id":"https:\/\/www.ufi.eu\/de\/product\/erstellung-von-clp-etiketten-und-ueberpruefung-der-einhaltung-der-vorschriften-fuer-reinigungsmittel\/#primaryimage","url":"https:\/\/www.ufi.eu\/wp-content\/uploads\/2025\/03\/pcn_ufi.jpg","contentUrl":"https:\/\/www.ufi.eu\/wp-content\/uploads\/2025\/03\/pcn_ufi.jpg","width":1024,"height":1024},{"@type":"BreadcrumbList","@id":"https:\/\/www.ufi.eu\/de\/product\/erstellung-von-clp-etiketten-und-ueberpruefung-der-einhaltung-der-vorschriften-fuer-reinigungsmittel\/#breadcrumb","itemListElement":[{"@type":"ListItem","position":1,"name":"Home","item":"https:\/\/www.ufi.eu\/de\/startseite\/"},{"@type":"ListItem","position":2,"name":"Shop","item":"https:\/\/www.ufi.eu\/de\/shop\/"},{"@type":"ListItem","position":3,"name":"Erstellung von CLP-Etiketten und \u00dcberpr\u00fcfung der Einhaltung der Vorschriften f\u00fcr Reinigungsmittel"}]},{"@type":"WebSite","@id":"https:\/\/www.ufi.eu\/de\/#website","url":"https:\/\/www.ufi.eu\/de\/","name":"UFI.EU","description":"Poison Centre Notifications (PCN) and UFI","publisher":{"@id":"https:\/\/www.ufi.eu\/de\/#organization"},"potentialAction":[{"@type":"SearchAction","target":{"@type":"EntryPoint","urlTemplate":"https:\/\/www.ufi.eu\/de\/?s={search_term_string}"},"query-input":{"@type":"PropertyValueSpecification","valueRequired":true,"valueName":"search_term_string"}}],"inLanguage":"de"},{"@type":"Organization","@id":"https:\/\/www.ufi.eu\/de\/#organization","name":"UFI.EU","url":"https:\/\/www.ufi.eu\/de\/","logo":{"@type":"ImageObject","inLanguage":"de","@id":"https:\/\/www.ufi.eu\/de\/#\/schema\/logo\/image\/","url":"https:\/\/www.ufi.eu\/wp-content\/uploads\/2025\/03\/cropped-logo_ufi3.jpg","contentUrl":"https:\/\/www.ufi.eu\/wp-content\/uploads\/2025\/03\/cropped-logo_ufi3.jpg","width":231,"height":78,"caption":"UFI.EU"},"image":{"@id":"https:\/\/www.ufi.eu\/de\/#\/schema\/logo\/image\/"},"description":"UFI.eu specializes in digital registrations for Poison Centre Notifications (PCN), ensuring your chemical products meet EU regulatory requirements effortlessly. Our streamlined solutions help businesses stay compliant while reducing complexity and administrative burden.","email":"info@ufi.eu","legalName":"UFI.EU"}]},"product_price_amount":"50.00","product_price_currency":"EUR","og_availability":"instock","product_availability":"instock","product_condition":"new"},"_links":{"self":[{"href":"https:\/\/www.ufi.eu\/de\/wp-json\/wp\/v2\/product\/9004","targetHints":{"allow":["GET"]}}],"collection":[{"href":"https:\/\/www.ufi.eu\/de\/wp-json\/wp\/v2\/product"}],"about":[{"href":"https:\/\/www.ufi.eu\/de\/wp-json\/wp\/v2\/types\/product"}],"wp:featuredmedia":[{"embeddable":true,"href":"https:\/\/www.ufi.eu\/de\/wp-json\/wp\/v2\/media\/8697"}],"wp:attachment":[{"href":"https:\/\/www.ufi.eu\/de\/wp-json\/wp\/v2\/media?parent=9004"}],"wp:term":[{"taxonomy":"product_brand","embeddable":true,"href":"https:\/\/www.ufi.eu\/de\/wp-json\/wp\/v2\/product_brand?post=9004"},{"taxonomy":"product_cat","embeddable":true,"href":"https:\/\/www.ufi.eu\/de\/wp-json\/wp\/v2\/product_cat?post=9004"},{"taxonomy":"product_tag","embeddable":true,"href":"https:\/\/www.ufi.eu\/de\/wp-json\/wp\/v2\/product_tag?post=9004"}],"curies":[{"name":"wp","href":"https:\/\/api.w.org\/{rel}","templated":true}]}}