{"id":8998,"date":"2025-04-09T19:58:54","date_gmt":"2025-04-12T20:47:55","guid":{"rendered":"https:\/\/www.ufi.eu\/pcn\/unkategorisiert\/pcn-ufi-fuer-nicht-eu-unternehmen\/"},"modified":"2025-04-15T20:37:46","modified_gmt":"2025-04-15T20:37:46","slug":"pcn-ufi-fuer-nicht-eu-unternehmen","status":"publish","type":"product","link":"https:\/\/www.ufi.eu\/de\/product\/pcn-ufi-fuer-nicht-eu-unternehmen\/","title":{"rendered":"PCN &amp; UFI f\u00fcr Nicht-EU-Unternehmen"},"content":{"rendered":"\n<p>Die Expansion in den EU-Markt bietet aufregende M\u00f6glichkeiten &#8211; aber sie ist auch mit strengen gesetzlichen Auflagen verbunden. Wenn Ihr Unternehmen au\u00dferhalb der EU\/des EWR oder Nordirlands ans\u00e4ssig ist und Sie beabsichtigen, chemische Gemische wie Kosmetika, Reinigungsmittel oder andere regulierte Artikel in der EU zu verkaufen, m\u00fcssen Sie bestimmte Anforderungen gem\u00e4\u00df der CLP-Verordnung (EG Nr. 1272\/2008) erf\u00fcllen, einschlie\u00dflich der Giftnotrufnummer (Poison Centre Notification, PCN) und der Verwendung eines Unique Formula Identifier (UFI). <\/p>\n\n<p>Als Nicht-EU-Unternehmen d\u00fcrfen Sie nicht direkt einen PCN einreichen &#8211; aber <strong>wir k\u00f6nnen Ihnen helfen<\/strong>. Wir bieten Ihnen umfassende Unterst\u00fctzung bei der Einhaltung <strong>der Vorschriften und bei der Erstellung eines konformen Etiketts<\/strong>. So k\u00f6nnen Sie sich sicher durch die EU-Gesetze bewegen und den europ\u00e4ischen Markt professionell und effizient erschlie\u00dfen. <\/p>\n\n<p>Wenn Ihr Unternehmen au\u00dferhalb der EU\/EWR oder Nordirlands ans\u00e4ssig ist, d\u00fcrfen Sie keine direkte Giftnotrufmeldung (PCN) gem\u00e4\u00df Anhang VIII der Verordnung (EG) Nr. 1272\/2008 (CLP-Verordnung) einreichen.  <\/p>\n\n<h2 class=\"wp-block-heading\" id=\"h-non-eu-companies-must-appoint-an-eu-based-contact\">Nicht-EU-Unternehmen m\u00fcssen einen Ansprechpartner in der EU benennen<\/h2>\n\n<p>Bitte beachten Sie: <strong>Unternehmen aus Nicht-EU-L\u00e4ndern d\u00fcrfen nicht selbst eine PCN einreichen.<\/strong><br\/>Um die EU-Vorschriften einzuhalten, m\u00fcssen Sie einen:<\/p>\n\n<ul class=\"wp-block-list\">\n<li><strong>EU-Importeur<\/strong>, oder<\/li>\n\n\n\n<li><strong>In der EU ans\u00e4ssiger &#8220;nachgeschalteter Anwender&#8221; oder Alleinvertreter<\/strong><\/li>\n<\/ul>\n\n<p>Diese benannte Stelle ist f\u00fcr die Einreichung der PCN verantwortlich und muss in der Meldung aufgef\u00fchrt werden. Wir k\u00f6nnen Sie dabei unterst\u00fctzen, Ihr Produkt kompatibel zu machen. <\/p>\n\n<h2 class=\"wp-block-heading\">Wie funktioniert der UFI-Erstellungs- und PCN-Benachrichtigungsdienst?<\/h2>\n\n<p>Nachdem Sie diesen Service erworben haben, erhalten Sie Zugang zum sicheren Portal. Dieses Portal enth\u00e4lt eine \u00dcbersicht \u00fcber alle Schritte.  Sie geben Ihre Produktdaten ein und wir machen uns an die Arbeit.<\/p>\n\n<h3 class=\"wp-block-heading\">Giftinformationszentrum &amp; UFI<\/h3>\n\n<p>Wir liefern:<\/p>\n\n<ul class=\"wp-block-list\">\n<li>Der Unique Formula Identifier (UFI) f\u00fcr Ihr Produkt<\/li>\n\n\n\n<li>Ein Bericht der Vergiftungszentrale (Poison Centre Notification, PCN)<\/li>\n\n\n\n<li>Registrierung Ihres Produkts bei den zust\u00e4ndigen nationalen Giftnotrufzentralen \u00fcber die ECHA.<\/li>\n<\/ul>\n\n<h3 class=\"wp-block-heading\">L\u00e4nder f\u00fcr die PCN-Registrierung<\/h3>\n\n<p>Z\u00e4hlen Sie die Anzahl der L\u00e4nder, in denen Sie Ihr Produkt registrieren m\u00f6chten. Sie k\u00f6nnen die einzelnen L\u00e4nder innerhalb des Portals ausw\u00e4hlen. Weitere L\u00e4nder k\u00f6nnen zu einem sp\u00e4teren Zeitpunkt hinzugef\u00fcgt werden, und Sie k\u00f6nnen jederzeit zus\u00e4tzliche <a href=\"https:\/\/www.ufi.eu\/de\/pcn\/lander\/laender-fuer-die-pcn-registrierung\/\" target=\"_blank\" rel=\"noreferrer noopener\">PCN-L\u00e4nderregistrierungen<\/a> bestellen.  <\/p>\n\n<h3 class=\"wp-block-heading\">Informationen auf dem CLP-Etikett<\/h3>\n\n<p>Wir bieten Ihnen die M\u00f6glichkeit, ein CLP-konformes Produktetikett zu erwerben, das alle von der EU-CLP-Verordnung geforderten Informationen enth\u00e4lt. Dieses wird Ihnen als PDF-Datei zur Verf\u00fcgung gestellt, so dass Sie die erforderlichen Informationen in Ihr Produktetikett integrieren k\u00f6nnen. Sie k\u00f6nnen die <a href=\"https:\/\/www.ufi.eu\/de\/pcn\/clp-etikett\/erstellung-von-clp-etiketten-ueberpruefung-der-einhaltung-der-vorschriften\/\" target=\"_blank\" rel=\"noreferrer noopener\">CLP-Etiketteninformationen<\/a> auch separat bestellen. Sie haben bereits ein Etikett? &#8211; Wir k\u00f6nnen Ihr Etikett gem\u00e4\u00df den aktuellen CLP-Anforderungen \u00fcberpr\u00fcfen. Wir geben Ihnen detaillierte R\u00fcckmeldungen und Korrekturen, um sicherzustellen, dass Ihr Etikett alle gesetzlichen Vorgaben erf\u00fcllt.     <\/p>\n","protected":false},"excerpt":{"rendered":"<p>Die Expansion in den EU-Markt bietet aufregende M\u00f6glichkeiten &#8211; aber sie ist auch mit strengen gesetzlichen Auflagen verbunden. Wenn Ihr Unternehmen au\u00dferhalb der EU\/des EWR oder Nordirlands ans\u00e4ssig ist und Sie beabsichtigen, chemische Gemische wie Kosmetika, Reinigungsmittel oder andere regulierte Artikel in der EU zu verkaufen, m\u00fcssen Sie bestimmte Anforderungen gem\u00e4\u00df der CLP-Verordnung (EG Nr. [&hellip;]<\/p>\n","protected":false},"featured_media":8697,"template":"","meta":[],"product_brand":[],"product_cat":[135],"product_tag":[],"class_list":{"0":"post-8998","1":"product","2":"type-product","3":"status-publish","4":"has-post-thumbnail","6":"product_cat-auserhalb-der-eu","8":"first","9":"instock","10":"virtual","11":"taxable","12":"purchasable","13":"product-type-bundle"},"bundled_by":[],"bundle_stock_status":"instock","bundle_stock_quantity":"","bundle_virtual":false,"bundle_layout":"default","bundle_add_to_cart_form_location":"default","bundle_editable_in_cart":false,"bundle_sold_individually_context":"product","bundle_item_grouping":"parent","bundle_min_size":"","bundle_max_size":"","bundle_price":{"price":{"min":{"incl_tax":"78.65","excl_tax":"65"},"max":{"incl_tax":"","excl_tax":""}},"regular_price":{"min":{"incl_tax":"78.65","excl_tax":"65"},"max":{"incl_tax":"","excl_tax":""}}},"bundled_items":[{"bundled_item_id":733,"product_id":8696,"menu_order":0,"quantity_min":1,"quantity_max":1,"quantity_default":1,"priced_individually":true,"shipped_individually":true,"override_title":false,"title":"Giftinformationszentrum &amp; UFI","override_description":false,"description":"Giftinformationszentrum &amp; UFI","optional":false,"hide_thumbnail":false,"discount":"","override_variations":false,"allowed_variations":[""],"override_default_variation_attributes":false,"default_variation_attributes":[],"single_product_visibility":"visible","cart_visibility":"visible","order_visibility":"visible","single_product_price_visibility":"visible","cart_price_visibility":"visible","order_price_visibility":"visible","stock_status":"in_stock"},{"bundled_item_id":734,"product_id":8698,"menu_order":1,"quantity_min":0,"quantity_max":"","quantity_default":1,"priced_individually":true,"shipped_individually":true,"override_title":false,"title":"L\u00e4nder f\u00fcr die PCN-Registrierung","override_description":false,"description":"L\u00e4nder f\u00fcr die PCN-Registrierung","optional":false,"hide_thumbnail":false,"discount":"","override_variations":false,"allowed_variations":[""],"override_default_variation_attributes":false,"default_variation_attributes":[],"single_product_visibility":"visible","cart_visibility":"visible","order_visibility":"visible","single_product_price_visibility":"visible","cart_price_visibility":"visible","order_price_visibility":"visible","stock_status":"in_stock"},{"bundled_item_id":1223,"product_id":9003,"menu_order":2,"quantity_min":1,"quantity_max":1,"quantity_default":1,"priced_individually":true,"shipped_individually":true,"override_title":false,"title":"Erstellung von CLP-Etiketten &amp; \u00dcberpr\u00fcfung der Einhaltung der Vorschriften","override_description":false,"description":"Erstellung von CLP-Etiketten &amp; \u00dcberpr\u00fcfung der Einhaltung der Vorschriften","optional":true,"hide_thumbnail":false,"discount":"","override_variations":false,"allowed_variations":[""],"override_default_variation_attributes":false,"default_variation_attributes":[],"single_product_visibility":"visible","cart_visibility":"visible","order_visibility":"visible","single_product_price_visibility":"visible","cart_price_visibility":"visible","order_price_visibility":"visible","stock_status":"in_stock"}],"bundle_sell_ids":[],"yoast_head":"<!-- This site is optimized with the Yoast SEO Premium plugin v25.1 (Yoast SEO v25.1) - https:\/\/yoast.com\/wordpress\/plugins\/seo\/ -->\n<title>PCN &amp; UFI f\u00fcr Nicht-EU-Unternehmen - UFI<\/title>\n<meta name=\"description\" content=\"Wir unterst\u00fctzen Sie mit PCN &amp; UFI f\u00fcr Nicht-EU-Unternehmen. Unternehmen mit Sitz au\u00dferhalb der EU\/EWR oder Nordirland.\" \/>\n<meta name=\"robots\" content=\"index, follow, max-snippet:-1, max-image-preview:large, max-video-preview:-1\" \/>\n<link rel=\"canonical\" href=\"https:\/\/www.ufi.eu\/de\/product\/pcn-ufi-fuer-nicht-eu-unternehmen\/\" \/>\n<meta property=\"og:locale\" content=\"de_DE\" \/>\n<meta property=\"og:type\" content=\"article\" \/>\n<meta property=\"og:title\" content=\"PCN &amp; UFI f\u00fcr Nicht-EU-Unternehmen\" \/>\n<meta property=\"og:description\" content=\"Wir unterst\u00fctzen Sie mit PCN &amp; UFI f\u00fcr Nicht-EU-Unternehmen. Unternehmen mit Sitz au\u00dferhalb der EU\/EWR oder Nordirland.\" \/>\n<meta property=\"og:url\" content=\"https:\/\/www.ufi.eu\/de\/product\/pcn-ufi-fuer-nicht-eu-unternehmen\/\" \/>\n<meta property=\"og:site_name\" content=\"UFI\" \/>\n<meta property=\"article:modified_time\" content=\"2025-04-15T20:37:46+00:00\" \/>\n<meta property=\"og:image\" content=\"https:\/\/www.ufi.eu\/wp-content\/uploads\/2025\/03\/pcn_ufi.jpg\" \/>\n\t<meta property=\"og:image:width\" content=\"1024\" \/>\n\t<meta property=\"og:image:height\" content=\"1024\" \/>\n\t<meta property=\"og:image:type\" content=\"image\/jpeg\" \/>\n<meta name=\"twitter:card\" content=\"summary_large_image\" \/>\n<meta name=\"twitter:label1\" content=\"Preis\" \/>\n\t<meta name=\"twitter:data1\" content=\"&euro;0.00\" \/>\n\t<meta name=\"twitter:label2\" content=\"Verf\u00fcgbarkeit\" \/>\n\t<meta name=\"twitter:data2\" content=\"Auf Lager\" \/>\n<script type=\"application\/ld+json\" class=\"yoast-schema-graph\">{\"@context\":\"https:\/\/schema.org\",\"@graph\":[{\"@type\":\"WebPage\",\"@id\":\"https:\/\/www.ufi.eu\/de\/product\/pcn-ufi-fuer-nicht-eu-unternehmen\/\",\"url\":\"https:\/\/www.ufi.eu\/de\/product\/pcn-ufi-fuer-nicht-eu-unternehmen\/\",\"name\":\"PCN &amp; UFI f\u00fcr Nicht-EU-Unternehmen - UFI\",\"isPartOf\":{\"@id\":\"https:\/\/www.ufi.eu\/de\/#website\"},\"primaryImageOfPage\":{\"@id\":\"https:\/\/www.ufi.eu\/de\/product\/pcn-ufi-fuer-nicht-eu-unternehmen\/#primaryimage\"},\"image\":{\"@id\":\"https:\/\/www.ufi.eu\/de\/product\/pcn-ufi-fuer-nicht-eu-unternehmen\/#primaryimage\"},\"thumbnailUrl\":\"https:\/\/www.ufi.eu\/wp-content\/uploads\/2025\/03\/pcn_ufi.jpg\",\"datePublished\":\"2025-04-12T20:47:55+00:00\",\"dateModified\":\"2025-04-15T20:37:46+00:00\",\"description\":\"Wir unterst\u00fctzen Sie mit PCN & UFI f\u00fcr Nicht-EU-Unternehmen. Unternehmen mit Sitz au\u00dferhalb der EU\/EWR oder Nordirland.\",\"breadcrumb\":{\"@id\":\"https:\/\/www.ufi.eu\/de\/product\/pcn-ufi-fuer-nicht-eu-unternehmen\/#breadcrumb\"},\"inLanguage\":\"de\",\"potentialAction\":[{\"@type\":\"ReadAction\",\"target\":[\"https:\/\/www.ufi.eu\/de\/product\/pcn-ufi-fuer-nicht-eu-unternehmen\/\"]}]},{\"@type\":\"ImageObject\",\"inLanguage\":\"de\",\"@id\":\"https:\/\/www.ufi.eu\/de\/product\/pcn-ufi-fuer-nicht-eu-unternehmen\/#primaryimage\",\"url\":\"https:\/\/www.ufi.eu\/wp-content\/uploads\/2025\/03\/pcn_ufi.jpg\",\"contentUrl\":\"https:\/\/www.ufi.eu\/wp-content\/uploads\/2025\/03\/pcn_ufi.jpg\",\"width\":1024,\"height\":1024},{\"@type\":\"BreadcrumbList\",\"@id\":\"https:\/\/www.ufi.eu\/de\/product\/pcn-ufi-fuer-nicht-eu-unternehmen\/#breadcrumb\",\"itemListElement\":[{\"@type\":\"ListItem\",\"position\":1,\"name\":\"Home\",\"item\":\"https:\/\/www.ufi.eu\/de\/startseite\/\"},{\"@type\":\"ListItem\",\"position\":2,\"name\":\"Shop\",\"item\":\"https:\/\/www.ufi.eu\/de\/shop\/\"},{\"@type\":\"ListItem\",\"position\":3,\"name\":\"PCN &amp; UFI f\u00fcr Nicht-EU-Unternehmen\"}]},{\"@type\":\"WebSite\",\"@id\":\"https:\/\/www.ufi.eu\/de\/#website\",\"url\":\"https:\/\/www.ufi.eu\/de\/\",\"name\":\"UFI.EU\",\"description\":\"Poison Centre Notifications (PCN) and UFI\",\"publisher\":{\"@id\":\"https:\/\/www.ufi.eu\/de\/#organization\"},\"potentialAction\":[{\"@type\":\"SearchAction\",\"target\":{\"@type\":\"EntryPoint\",\"urlTemplate\":\"https:\/\/www.ufi.eu\/de\/?s={search_term_string}\"},\"query-input\":{\"@type\":\"PropertyValueSpecification\",\"valueRequired\":true,\"valueName\":\"search_term_string\"}}],\"inLanguage\":\"de\"},{\"@type\":\"Organization\",\"@id\":\"https:\/\/www.ufi.eu\/de\/#organization\",\"name\":\"UFI.EU\",\"url\":\"https:\/\/www.ufi.eu\/de\/\",\"logo\":{\"@type\":\"ImageObject\",\"inLanguage\":\"de\",\"@id\":\"https:\/\/www.ufi.eu\/de\/#\/schema\/logo\/image\/\",\"url\":\"https:\/\/www.ufi.eu\/wp-content\/uploads\/2025\/03\/cropped-logo_ufi3.jpg\",\"contentUrl\":\"https:\/\/www.ufi.eu\/wp-content\/uploads\/2025\/03\/cropped-logo_ufi3.jpg\",\"width\":231,\"height\":78,\"caption\":\"UFI.EU\"},\"image\":{\"@id\":\"https:\/\/www.ufi.eu\/de\/#\/schema\/logo\/image\/\"},\"description\":\"UFI.eu specializes in digital registrations for Poison Centre Notifications (PCN), ensuring your chemical products meet EU regulatory requirements effortlessly. Our streamlined solutions help businesses stay compliant while reducing complexity and administrative burden.\",\"email\":\"info@ufi.eu\",\"legalName\":\"UFI.EU\"}]}<\/script>\n<meta property=\"product:price:amount\" content=\"0.00\" \/>\n<meta property=\"product:price:currency\" content=\"EUR\" \/>\n<meta property=\"og:availability\" content=\"instock\" \/>\n<meta property=\"product:availability\" content=\"instock\" \/>\n<meta property=\"product:condition\" content=\"new\" \/>\n<!-- \/ Yoast SEO Premium plugin. -->","yoast_head_json":{"title":"PCN &amp; UFI f\u00fcr Nicht-EU-Unternehmen - UFI","description":"Wir unterst\u00fctzen Sie mit PCN & UFI f\u00fcr Nicht-EU-Unternehmen. Unternehmen mit Sitz au\u00dferhalb der EU\/EWR oder Nordirland.","robots":{"index":"index","follow":"follow","max-snippet":"max-snippet:-1","max-image-preview":"max-image-preview:large","max-video-preview":"max-video-preview:-1"},"canonical":"https:\/\/www.ufi.eu\/de\/product\/pcn-ufi-fuer-nicht-eu-unternehmen\/","og_locale":"de_DE","og_type":"article","og_title":"PCN &amp; UFI f\u00fcr Nicht-EU-Unternehmen","og_description":"Wir unterst\u00fctzen Sie mit PCN & UFI f\u00fcr Nicht-EU-Unternehmen. Unternehmen mit Sitz au\u00dferhalb der EU\/EWR oder Nordirland.","og_url":"https:\/\/www.ufi.eu\/de\/product\/pcn-ufi-fuer-nicht-eu-unternehmen\/","og_site_name":"UFI","article_modified_time":"2025-04-15T20:37:46+00:00","og_image":[{"width":1024,"height":1024,"url":"https:\/\/www.ufi.eu\/wp-content\/uploads\/2025\/03\/pcn_ufi.jpg","type":"image\/jpeg"}],"twitter_card":"summary_large_image","twitter_misc":{"Preis":"&euro;0.00","Verf\u00fcgbarkeit":"Auf Lager"},"schema":{"@context":"https:\/\/schema.org","@graph":[{"@type":"WebPage","@id":"https:\/\/www.ufi.eu\/de\/product\/pcn-ufi-fuer-nicht-eu-unternehmen\/","url":"https:\/\/www.ufi.eu\/de\/product\/pcn-ufi-fuer-nicht-eu-unternehmen\/","name":"PCN &amp; UFI f\u00fcr Nicht-EU-Unternehmen - UFI","isPartOf":{"@id":"https:\/\/www.ufi.eu\/de\/#website"},"primaryImageOfPage":{"@id":"https:\/\/www.ufi.eu\/de\/product\/pcn-ufi-fuer-nicht-eu-unternehmen\/#primaryimage"},"image":{"@id":"https:\/\/www.ufi.eu\/de\/product\/pcn-ufi-fuer-nicht-eu-unternehmen\/#primaryimage"},"thumbnailUrl":"https:\/\/www.ufi.eu\/wp-content\/uploads\/2025\/03\/pcn_ufi.jpg","datePublished":"2025-04-12T20:47:55+00:00","dateModified":"2025-04-15T20:37:46+00:00","description":"Wir unterst\u00fctzen Sie mit PCN & UFI f\u00fcr Nicht-EU-Unternehmen. Unternehmen mit Sitz au\u00dferhalb der EU\/EWR oder Nordirland.","breadcrumb":{"@id":"https:\/\/www.ufi.eu\/de\/product\/pcn-ufi-fuer-nicht-eu-unternehmen\/#breadcrumb"},"inLanguage":"de","potentialAction":[{"@type":"ReadAction","target":["https:\/\/www.ufi.eu\/de\/product\/pcn-ufi-fuer-nicht-eu-unternehmen\/"]}]},{"@type":"ImageObject","inLanguage":"de","@id":"https:\/\/www.ufi.eu\/de\/product\/pcn-ufi-fuer-nicht-eu-unternehmen\/#primaryimage","url":"https:\/\/www.ufi.eu\/wp-content\/uploads\/2025\/03\/pcn_ufi.jpg","contentUrl":"https:\/\/www.ufi.eu\/wp-content\/uploads\/2025\/03\/pcn_ufi.jpg","width":1024,"height":1024},{"@type":"BreadcrumbList","@id":"https:\/\/www.ufi.eu\/de\/product\/pcn-ufi-fuer-nicht-eu-unternehmen\/#breadcrumb","itemListElement":[{"@type":"ListItem","position":1,"name":"Home","item":"https:\/\/www.ufi.eu\/de\/startseite\/"},{"@type":"ListItem","position":2,"name":"Shop","item":"https:\/\/www.ufi.eu\/de\/shop\/"},{"@type":"ListItem","position":3,"name":"PCN &amp; UFI f\u00fcr Nicht-EU-Unternehmen"}]},{"@type":"WebSite","@id":"https:\/\/www.ufi.eu\/de\/#website","url":"https:\/\/www.ufi.eu\/de\/","name":"UFI.EU","description":"Poison Centre Notifications (PCN) and UFI","publisher":{"@id":"https:\/\/www.ufi.eu\/de\/#organization"},"potentialAction":[{"@type":"SearchAction","target":{"@type":"EntryPoint","urlTemplate":"https:\/\/www.ufi.eu\/de\/?s={search_term_string}"},"query-input":{"@type":"PropertyValueSpecification","valueRequired":true,"valueName":"search_term_string"}}],"inLanguage":"de"},{"@type":"Organization","@id":"https:\/\/www.ufi.eu\/de\/#organization","name":"UFI.EU","url":"https:\/\/www.ufi.eu\/de\/","logo":{"@type":"ImageObject","inLanguage":"de","@id":"https:\/\/www.ufi.eu\/de\/#\/schema\/logo\/image\/","url":"https:\/\/www.ufi.eu\/wp-content\/uploads\/2025\/03\/cropped-logo_ufi3.jpg","contentUrl":"https:\/\/www.ufi.eu\/wp-content\/uploads\/2025\/03\/cropped-logo_ufi3.jpg","width":231,"height":78,"caption":"UFI.EU"},"image":{"@id":"https:\/\/www.ufi.eu\/de\/#\/schema\/logo\/image\/"},"description":"UFI.eu specializes in digital registrations for Poison Centre Notifications (PCN), ensuring your chemical products meet EU regulatory requirements effortlessly. Our streamlined solutions help businesses stay compliant while reducing complexity and administrative burden.","email":"info@ufi.eu","legalName":"UFI.EU"}]},"product_price_amount":"0.00","product_price_currency":"EUR","og_availability":"instock","product_availability":"instock","product_condition":"new"},"_links":{"self":[{"href":"https:\/\/www.ufi.eu\/de\/wp-json\/wp\/v2\/product\/8998","targetHints":{"allow":["GET"]}}],"collection":[{"href":"https:\/\/www.ufi.eu\/de\/wp-json\/wp\/v2\/product"}],"about":[{"href":"https:\/\/www.ufi.eu\/de\/wp-json\/wp\/v2\/types\/product"}],"wp:featuredmedia":[{"embeddable":true,"href":"https:\/\/www.ufi.eu\/de\/wp-json\/wp\/v2\/media\/8697"}],"wp:attachment":[{"href":"https:\/\/www.ufi.eu\/de\/wp-json\/wp\/v2\/media?parent=8998"}],"wp:term":[{"taxonomy":"product_brand","embeddable":true,"href":"https:\/\/www.ufi.eu\/de\/wp-json\/wp\/v2\/product_brand?post=8998"},{"taxonomy":"product_cat","embeddable":true,"href":"https:\/\/www.ufi.eu\/de\/wp-json\/wp\/v2\/product_cat?post=8998"},{"taxonomy":"product_tag","embeddable":true,"href":"https:\/\/www.ufi.eu\/de\/wp-json\/wp\/v2\/product_tag?post=8998"}],"curies":[{"name":"wp","href":"https:\/\/api.w.org\/{rel}","templated":true}]}}