{"id":8996,"date":"2025-04-09T20:22:00","date_gmt":"2025-04-12T20:47:53","guid":{"rendered":"https:\/\/www.ufi.eu\/pcn\/unkategorisiert\/uebersetzung-sicherheitsdatenblatt\/"},"modified":"2026-02-12T11:23:17","modified_gmt":"2026-02-12T11:23:17","slug":"uebersetzung-sicherheitsdatenblatt","status":"publish","type":"product","link":"https:\/\/www.ufi.eu\/de\/product\/uebersetzung-sicherheitsdatenblatt\/","title":{"rendered":"Sicherheitsdatenblatt Sprache"},"content":{"rendered":"\n<p>Auf dem heutigen globalisierten Markt ist die Einhaltung internationaler Sicherheitsstandards nicht nur eine rechtliche Notwendigkeit, sondern ein wesentlicher Bestandteil einer verantwortungsvollen und effizienten Gesch\u00e4ftst\u00e4tigkeit. F\u00fcr die Einhaltung von Vorschriften in der chemischen und kosmetischen Industrie ist eine pr\u00e4zise und leicht zug\u00e4ngliche Kommunikation von Sicherheitsinformationen von entscheidender Bedeutung. Hier setzt UFI.EU mit seinem professionellen <strong>MSDS-\u00dcbersetzungsservice<\/strong> an und bietet pr\u00e4zise, vorschriftsm\u00e4\u00dfige \u00dcbersetzungen von Sicherheitsdatenbl\u00e4ttern (MSDS), auch Sicherheitsdatenbl\u00e4tter genannt, in alle EU-Sprachen und dar\u00fcber hinaus.  <\/p>\n\n<h4 class=\"wp-block-heading\" id=\"h-what-is-an-msds\">Was ist ein MSDS?<\/h4>\n\n<p>Ein Sicherheitsdatenblatt (MSDS) ist ein Dokument, das detaillierte Informationen \u00fcber einen chemischen Stoff oder ein Gemisch enth\u00e4lt. Es beschreibt m\u00f6gliche Gefahren (Gesundheit, Feuer, Reaktivit\u00e4t, Umwelt), den sicheren Umgang mit dem Produkt und Notfallma\u00dfnahmen. Im Rahmen von EU-Verordnungen wie der <strong>REACH-Verordnung<\/strong> (Registrierung, Bewertung, Zulassung und Beschr\u00e4nkung chemischer Stoffe) und der <strong>CLP-Verordnung<\/strong> (Einstufung, Kennzeichnung und Verpackung) spielt das SDB eine wichtige Rolle bei der Gew\u00e4hrleistung der sicheren Verwendung und des sicheren Transports von Gefahrstoffen.   <\/p>\n\n<h4 class=\"wp-block-heading\" id=\"h-why-accurate-translation-is-crucial\">Warum eine genaue \u00dcbersetzung entscheidend ist<\/h4>\n\n<p>Jeder EU-Mitgliedstaat hat seine eigenen sprachlichen Anforderungen f\u00fcr SDB-Dokumente. Wenn Sie ein Produkt in ein anderes EU-Land exportieren &#8211; oder importieren &#8211; m\u00fcssen Sie ein SDB in der\/den Amtssprache(n) des Ziellandes vorlegen. Ein ungenau \u00fcbersetztes SDB kann dazu f\u00fchren:<\/p>\n\n<ul class=\"wp-block-list\">\n<li>Regulatorische Geldbu\u00dfen oder rechtliche Verpflichtungen<\/li>\n\n\n\n<li>Verz\u00f6gerungen beim Zoll oder Transportunterbrechungen<\/li>\n\n\n\n<li>Missbrauch von Gefahrstoffen<\/li>\n\n\n\n<li>Erh\u00f6htes Risiko von Unf\u00e4llen oder Umweltsch\u00e4den<\/li>\n<\/ul>\n\n<p>Wir wissen um die Komplexit\u00e4t und Sensibilit\u00e4t dieses Prozesses. Unser MSDS-\u00dcbersetzungsservice stellt sicher, dass Ihre Dokumente nicht nur sprachlich korrekt sind, sondern auch vollst\u00e4ndig mit <strong>Anhang II der REACH-Verordnung<\/strong> und den neuesten Leitlinien <strong>der ECHA (Europ\u00e4ische Chemikalienagentur)<\/strong> \u00fcbereinstimmen. <\/p>\n\n<h3 class=\"wp-block-heading\" id=\"h-our-msds-translation-services\">Unsere MSDS-\u00dcbersetzungsdienste<\/h3>\n\n<p>Wir bieten ein umfassendes Angebot an \u00dcbersetzungsdienstleistungen f\u00fcr die Chemie-, Kosmetik-, Duftstoff-, Reinigungs- und Industriebranche. Unsere MSDS-\u00dcbersetzungsl\u00f6sungen umfassen:<\/p>\n\n<h4 class=\"wp-block-heading\" id=\"h-multilingual-sds-translations\">\u2714 Mehrsprachige SDS-\u00dcbersetzungen<\/h4>\n\n<p>Wir \u00fcbersetzen Sicherheitsdatenbl\u00e4tter in alle offiziellen EU-Sprachen sowie in weitere Sprachen, die f\u00fcr den globalen Handel erforderlich sind. Jede \u00dcbersetzung wird sorgf\u00e4ltig \u00fcberpr\u00fcft, um sicherzustellen, dass sie mit der lokalen Chemikaliengesetzgebung, der Terminologie und den Formatierungsstandards \u00fcbereinstimmt.<\/p>\n\n<h4 class=\"wp-block-heading\" id=\"h-compliance-verification\">\u2714 \u00dcberpr\u00fcfung der Einhaltung<\/h4>\n\n<p>Bei der \u00dcbersetzung geht es um mehr als nur um Sprache &#8211; es geht auch um <strong>rechtliche Korrektheit<\/strong>. Unser Team von Regulierungsexperten \u00fcberpr\u00fcft Ihr SDB, um sicherzustellen, dass die \u00fcbersetzte Version mit den REACH- und CLP-Anforderungen \u00fcbereinstimmt, einschlie\u00dflich: <\/p>\n\n<ul class=\"wp-block-list\">\n<li>Harmonisierte Einstufung und Kennzeichnung<\/li>\n\n\n\n<li>UFI (Unique Formula Identifier) Platzierung und Struktur<\/li>\n\n\n\n<li>Expositionsszenarien (falls erforderlich)<\/li>\n\n\n\n<li>GHS-Piktogramme, Signalw\u00f6rter und Gefahrenhinweise<\/li>\n<\/ul>\n\n<h4 class=\"wp-block-heading\" id=\"h-sector-specific-terminology\">\u2714 Branchenspezifische Terminologie<\/h4>\n\n<p>Wir sind auf Branchen spezialisiert, die ein genaues Verst\u00e4ndnis der Terminologie und der rechtlichen Nuancen erfordern. Dazu geh\u00f6ren:<\/p>\n\n<ul class=\"wp-block-list\">\n<li><strong>Kosmetika und K\u00f6rperpflege<\/strong><\/li>\n\n\n\n<li><strong>\u00c4therische \u00d6le und Duftstoffe<\/strong><\/li>\n\n\n\n<li><strong>Reinigungsmittel f\u00fcr den Haushalt<\/strong><\/li>\n\n\n\n<li><strong>Farben und Beschichtungen<\/strong><\/li>\n\n\n\n<li><strong>Laborchemikalien<\/strong><\/li>\n\n\n\n<li><strong>Industrielle Rohstoffe<\/strong><\/li>\n<\/ul>\n\n<p>Unsere \u00dcbersetzer sind Fachexperten und keine Generalisten, d.h. sie kennen den Unterschied zwischen einem Tensid und einem L\u00f6sungsmittel und wissen, warum das f\u00fcr die Klassifizierung wichtig ist.<\/p>\n\n<h3 class=\"wp-block-heading\" id=\"h-why-choose-ufi-eu\">Warum UFI.EU w\u00e4hlen?<\/h3>\n\n<p>Wir sind nicht nur \u00dcbersetzer &#8211; wir sind Spezialisten f\u00fcr die Einhaltung von Vorschriften. Unser Team kombiniert <strong>sprachliche Exzellenz<\/strong> mit <strong>technischem Wissen \u00fcber gesetzliche Vorschriften<\/strong>. Dadurch sind wir einzigartig positioniert, um Ihr Unternehmen in ganz Europa zu unterst\u00fctzen. <\/p>\n\n<h4 class=\"wp-block-heading\" id=\"h-fast-turnaround\">\u2705 Schneller Turnaround<\/h4>\n\n<p>Wir verstehen, dass SDB-Dokumente oft zeitkritisch sind. Ganz gleich, ob Sie ein neues Produkt auf den Markt bringen oder international verschicken, unsere Bearbeitungszeiten sind darauf ausgelegt, Ihren Betrieb am Laufen zu halten.<\/p>\n\n<h4 class=\"wp-block-heading\" id=\"h-competitive-pricing\">\u2705 Konkurrenzf\u00e4hige Preisgestaltung<\/h4>\n\n<p>Wir bieten eine transparente Preisgestaltung ohne versteckte Geb\u00fchren. Unsere Preise sind fest und Sie k\u00f6nnen direkt \u00fcber unsere Website kaufen.<\/p>\n\n<h4 class=\"wp-block-heading\" id=\"h-confidentiality\">\u2705 Vertraulichkeit<\/h4>\n\n<p>Alle Ihre Dokumente werden streng vertraulich behandelt. Auf Wunsch unterzeichnen wir gerne NDAs, und alle Datei\u00fcbertragungen sind verschl\u00fcsselt und sicher.<\/p>\n\n<h3 class=\"wp-block-heading\" id=\"h-common-use-cases-for-our-msds-translation-service\">H\u00e4ufige Anwendungsf\u00e4lle f\u00fcr unseren MSDS-\u00dcbersetzungsservice<\/h3>\n\n<p><strong>1. Export von kosmetischen Inhaltsstoffen:<\/strong><br\/>Wenn Sie als Lieferant von \u00e4therischen \u00d6len oder kosmetischen Wirkstoffen nach Frankreich, Deutschland oder Spanien exportieren m\u00f6chten, ben\u00f6tigen Sie f\u00fcr die Zollabfertigung und die Einhaltung der gesetzlichen Bestimmungen ein \u00fcbersetztes Sicherheitsdatenblatt in der jeweiligen Sprache.<\/p>\n\n<p><strong>2. Einf\u00fchrung eines neuen Reinigungsprodukts:<\/strong><br\/>Bevor Sie ein Haushaltsreinigungsprodukt auf den EU-Markt bringen, m\u00fcssen Sie ein SDB in der Landessprache des jeweiligen Marktes vorlegen. Unser Team kann Ihre Dokumente f\u00fcr mehrere Rechtsordnungen \u00fcbersetzen und validieren. <\/p>\n\n<p><strong>3. Unterst\u00fctzung bei der PCN-Einreichung:<\/strong><br\/>Wenn Ihr SDB ein UFI enth\u00e4lt und Sie eine Giftnotrufnummer (PCN) einreichen, muss Ihr \u00fcbersetztes SDB mit den Daten \u00fcbereinstimmen, die Sie an das ECHA-Portal \u00fcbermitteln. Wir helfen Ihnen, die Konsistenz zwischen Ihrem SDB, Ihrem Produktetikett und Ihrer PCN sicherzustellen. <\/p>\n\n<p><strong>4. Akquisitionen oder Lieferantenwechsel:<\/strong><br\/>Wenn Ihr Unternehmen k\u00fcrzlich neue chemische Formulierungen von einem ausl\u00e4ndischen Lieferanten erworben hat, k\u00f6nnen wir das SDB f\u00fcr Ihre internen Teams und Kunden \u00fcbersetzen und lokalisieren.<\/p>\n\n<h3 class=\"wp-block-heading\" id=\"h-more-than-just-translation-additional-services\">Mehr als nur \u00dcbersetzung: Zus\u00e4tzliche Dienstleistungen<\/h3>\n\n<p>Neben unserem MSDS-\u00dcbersetzungsservice bietet UFI.EU auch:<\/p>\n\n<ul class=\"wp-block-list\">\n<li><strong><a href=\"https:\/\/www.ufi.eu\/pcn\/safety-data-sheet\/safety-data-sheet-creation\/\">MSDS-Erstellung<\/a><\/strong> f\u00fcr Ihr Produkt<\/li>\n\n\n\n<li><strong>Generierung von UFI-Codes<\/strong> und Platzierung auf Etiketten<\/li>\n\n\n\n<li><strong><a href=\"https:\/\/www.ufi.eu\/pcn\/clp-label\/clp-label-creation-compliance-check\/\">Informationen auf dem CLP-Etikett<\/a><\/strong> mit Gefahrenpiktogrammen, Signalw\u00f6rtern und Gefahrenhinweisen in der Landessprache<\/li>\n\n\n\n<li><strong>PCN Submission Services<\/strong> &#8211; vollst\u00e4ndige Unterst\u00fctzung beim Hochladen von SDS-Daten in das ECHA-Portal<\/li>\n\n\n\n<li><strong>Toxikologisches Vorscreening<\/strong> von Formulierungen<\/li>\n\n\n\n<li><strong>Unterst\u00fctzung bei der Produktregistrierung<\/strong> bei nationalen Giftnotrufzentralen<\/li>\n<\/ul>\n\n<p>Dieser Full-Service-Ansatz stellt sicher, dass Ihr Unternehmen <strong>einen zuverl\u00e4ssigen Partner<\/strong> f\u00fcr alle Anforderungen im Bereich Chemikaliensicherheit und Dokumentation hat.<\/p>\n","protected":false},"excerpt":{"rendered":"<p>Auf dem heutigen globalisierten Markt ist die Einhaltung internationaler Sicherheitsstandards nicht nur eine rechtliche Notwendigkeit, sondern ein wesentlicher Bestandteil einer verantwortungsvollen und effizienten Gesch\u00e4ftst\u00e4tigkeit. F\u00fcr die Einhaltung von Vorschriften in der chemischen und kosmetischen Industrie ist eine pr\u00e4zise und leicht zug\u00e4ngliche Kommunikation von Sicherheitsinformationen von entscheidender Bedeutung. Hier setzt UFI.EU mit seinem professionellen MSDS-\u00dcbersetzungsservice an [&hellip;]<\/p>\n","protected":false},"featured_media":8699,"template":"","meta":[],"product_brand":[],"product_cat":[134],"product_tag":[],"class_list":{"0":"post-8996","1":"product","2":"type-product","3":"status-publish","4":"has-post-thumbnail","6":"product_cat-sicherheitsdatenblatt","8":"first","9":"instock","10":"taxable","11":"shipping-taxable","12":"purchasable","13":"product-type-simple"},"bundled_by":["9005","13337","31729"],"bundle_stock_status":"instock","bundle_stock_quantity":null,"bundle_virtual":false,"bundle_layout":"","bundle_add_to_cart_form_location":"","bundle_editable_in_cart":false,"bundle_sold_individually_context":"","bundle_item_grouping":"","bundle_min_size":"","bundle_max_size":"","bundle_price":[],"bundled_items":[],"bundle_sell_ids":[],"yoast_head":"<!-- This site is optimized with the Yoast SEO Premium plugin v25.1 (Yoast SEO v25.1) - https:\/\/yoast.com\/wordpress\/plugins\/seo\/ -->\n<title>MSDS Translation Service - \u00dcbersetzen Sie Ihr SDS Sicherheitsdatenblatt<\/title>\n<meta name=\"description\" content=\"Unser SDS- und MSDS-\u00dcbersetzungsservice stellt sicher, dass Ihre Dokumente nicht nur sprachlich korrekt, sondern auch vollst\u00e4ndig konform sind.\" \/>\n<meta name=\"robots\" content=\"index, follow, max-snippet:-1, max-image-preview:large, max-video-preview:-1\" \/>\n<link rel=\"canonical\" href=\"https:\/\/www.ufi.eu\/de\/product\/uebersetzung-sicherheitsdatenblatt\/\" \/>\n<meta property=\"og:locale\" content=\"de_DE\" \/>\n<meta property=\"og:type\" content=\"article\" \/>\n<meta property=\"og:title\" content=\"Sicherheitsdatenblatt Sprache\" \/>\n<meta property=\"og:description\" content=\"Unser SDS- und MSDS-\u00dcbersetzungsservice stellt sicher, dass Ihre Dokumente nicht nur sprachlich korrekt, sondern auch vollst\u00e4ndig konform sind.\" \/>\n<meta property=\"og:url\" content=\"https:\/\/www.ufi.eu\/de\/product\/uebersetzung-sicherheitsdatenblatt\/\" \/>\n<meta property=\"og:site_name\" content=\"UFI\" \/>\n<meta property=\"article:modified_time\" content=\"2026-02-12T11:23:17+00:00\" \/>\n<meta property=\"og:image\" content=\"https:\/\/www.ufi.eu\/wp-content\/uploads\/2025\/03\/eu.jpg\" \/>\n\t<meta property=\"og:image:width\" content=\"800\" \/>\n\t<meta property=\"og:image:height\" content=\"800\" \/>\n\t<meta property=\"og:image:type\" content=\"image\/jpeg\" \/>\n<meta name=\"twitter:card\" content=\"summary_large_image\" \/>\n<meta name=\"twitter:label1\" content=\"Preis\" \/>\n\t<meta name=\"twitter:data1\" content=\"&euro;50.00\" \/>\n\t<meta name=\"twitter:label2\" content=\"Verf\u00fcgbarkeit\" \/>\n\t<meta name=\"twitter:data2\" content=\"Auf Lager\" \/>\n<script type=\"application\/ld+json\" class=\"yoast-schema-graph\">{\"@context\":\"https:\/\/schema.org\",\"@graph\":[{\"@type\":\"WebPage\",\"@id\":\"https:\/\/www.ufi.eu\/de\/product\/uebersetzung-sicherheitsdatenblatt\/\",\"url\":\"https:\/\/www.ufi.eu\/de\/product\/uebersetzung-sicherheitsdatenblatt\/\",\"name\":\"MSDS Translation Service - \u00dcbersetzen Sie Ihr SDS Sicherheitsdatenblatt\",\"isPartOf\":{\"@id\":\"https:\/\/www.ufi.eu\/de\/#website\"},\"primaryImageOfPage\":{\"@id\":\"https:\/\/www.ufi.eu\/de\/product\/uebersetzung-sicherheitsdatenblatt\/#primaryimage\"},\"image\":{\"@id\":\"https:\/\/www.ufi.eu\/de\/product\/uebersetzung-sicherheitsdatenblatt\/#primaryimage\"},\"thumbnailUrl\":\"https:\/\/www.ufi.eu\/wp-content\/uploads\/2025\/03\/eu.jpg\",\"datePublished\":\"2025-04-12T20:47:53+00:00\",\"dateModified\":\"2026-02-12T11:23:17+00:00\",\"description\":\"Unser SDS- und MSDS-\u00dcbersetzungsservice stellt sicher, dass Ihre Dokumente nicht nur sprachlich korrekt, sondern auch vollst\u00e4ndig konform sind.\",\"breadcrumb\":{\"@id\":\"https:\/\/www.ufi.eu\/de\/product\/uebersetzung-sicherheitsdatenblatt\/#breadcrumb\"},\"inLanguage\":\"de\",\"potentialAction\":[{\"@type\":\"ReadAction\",\"target\":[\"https:\/\/www.ufi.eu\/de\/product\/uebersetzung-sicherheitsdatenblatt\/\"]}]},{\"@type\":\"ImageObject\",\"inLanguage\":\"de\",\"@id\":\"https:\/\/www.ufi.eu\/de\/product\/uebersetzung-sicherheitsdatenblatt\/#primaryimage\",\"url\":\"https:\/\/www.ufi.eu\/wp-content\/uploads\/2025\/03\/eu.jpg\",\"contentUrl\":\"https:\/\/www.ufi.eu\/wp-content\/uploads\/2025\/03\/eu.jpg\",\"width\":800,\"height\":800},{\"@type\":\"BreadcrumbList\",\"@id\":\"https:\/\/www.ufi.eu\/de\/product\/uebersetzung-sicherheitsdatenblatt\/#breadcrumb\",\"itemListElement\":[{\"@type\":\"ListItem\",\"position\":1,\"name\":\"Home\",\"item\":\"https:\/\/www.ufi.eu\/de\/startseite\/\"},{\"@type\":\"ListItem\",\"position\":2,\"name\":\"Shop\",\"item\":\"https:\/\/www.ufi.eu\/de\/shop\/\"},{\"@type\":\"ListItem\",\"position\":3,\"name\":\"Sicherheitsdatenblatt Sprache\"}]},{\"@type\":\"WebSite\",\"@id\":\"https:\/\/www.ufi.eu\/de\/#website\",\"url\":\"https:\/\/www.ufi.eu\/de\/\",\"name\":\"UFI.EU\",\"description\":\"Poison Centre Notifications (PCN) and UFI\",\"publisher\":{\"@id\":\"https:\/\/www.ufi.eu\/de\/#organization\"},\"potentialAction\":[{\"@type\":\"SearchAction\",\"target\":{\"@type\":\"EntryPoint\",\"urlTemplate\":\"https:\/\/www.ufi.eu\/de\/?s={search_term_string}\"},\"query-input\":{\"@type\":\"PropertyValueSpecification\",\"valueRequired\":true,\"valueName\":\"search_term_string\"}}],\"inLanguage\":\"de\"},{\"@type\":\"Organization\",\"@id\":\"https:\/\/www.ufi.eu\/de\/#organization\",\"name\":\"UFI.EU\",\"url\":\"https:\/\/www.ufi.eu\/de\/\",\"logo\":{\"@type\":\"ImageObject\",\"inLanguage\":\"de\",\"@id\":\"https:\/\/www.ufi.eu\/de\/#\/schema\/logo\/image\/\",\"url\":\"https:\/\/www.ufi.eu\/wp-content\/uploads\/2025\/03\/cropped-logo_ufi3.jpg\",\"contentUrl\":\"https:\/\/www.ufi.eu\/wp-content\/uploads\/2025\/03\/cropped-logo_ufi3.jpg\",\"width\":231,\"height\":78,\"caption\":\"UFI.EU\"},\"image\":{\"@id\":\"https:\/\/www.ufi.eu\/de\/#\/schema\/logo\/image\/\"},\"description\":\"UFI.eu specializes in digital registrations for Poison Centre Notifications (PCN), ensuring your chemical products meet EU regulatory requirements effortlessly. Our streamlined solutions help businesses stay compliant while reducing complexity and administrative burden.\",\"email\":\"info@ufi.eu\",\"legalName\":\"UFI.EU\"}]}<\/script>\n<meta property=\"product:price:amount\" content=\"50.00\" \/>\n<meta property=\"product:price:currency\" content=\"EUR\" \/>\n<meta property=\"og:availability\" content=\"instock\" \/>\n<meta property=\"product:availability\" content=\"instock\" \/>\n<meta property=\"product:condition\" content=\"new\" \/>\n<!-- \/ Yoast SEO Premium plugin. -->","yoast_head_json":{"title":"MSDS Translation Service - \u00dcbersetzen Sie Ihr SDS Sicherheitsdatenblatt","description":"Unser SDS- und MSDS-\u00dcbersetzungsservice stellt sicher, dass Ihre Dokumente nicht nur sprachlich korrekt, sondern auch vollst\u00e4ndig konform sind.","robots":{"index":"index","follow":"follow","max-snippet":"max-snippet:-1","max-image-preview":"max-image-preview:large","max-video-preview":"max-video-preview:-1"},"canonical":"https:\/\/www.ufi.eu\/de\/product\/uebersetzung-sicherheitsdatenblatt\/","og_locale":"de_DE","og_type":"article","og_title":"Sicherheitsdatenblatt Sprache","og_description":"Unser SDS- und MSDS-\u00dcbersetzungsservice stellt sicher, dass Ihre Dokumente nicht nur sprachlich korrekt, sondern auch vollst\u00e4ndig konform sind.","og_url":"https:\/\/www.ufi.eu\/de\/product\/uebersetzung-sicherheitsdatenblatt\/","og_site_name":"UFI","article_modified_time":"2026-02-12T11:23:17+00:00","og_image":[{"width":800,"height":800,"url":"https:\/\/www.ufi.eu\/wp-content\/uploads\/2025\/03\/eu.jpg","type":"image\/jpeg"}],"twitter_card":"summary_large_image","twitter_misc":{"Preis":"&euro;50.00","Verf\u00fcgbarkeit":"Auf Lager"},"schema":{"@context":"https:\/\/schema.org","@graph":[{"@type":"WebPage","@id":"https:\/\/www.ufi.eu\/de\/product\/uebersetzung-sicherheitsdatenblatt\/","url":"https:\/\/www.ufi.eu\/de\/product\/uebersetzung-sicherheitsdatenblatt\/","name":"MSDS Translation Service - \u00dcbersetzen Sie Ihr SDS Sicherheitsdatenblatt","isPartOf":{"@id":"https:\/\/www.ufi.eu\/de\/#website"},"primaryImageOfPage":{"@id":"https:\/\/www.ufi.eu\/de\/product\/uebersetzung-sicherheitsdatenblatt\/#primaryimage"},"image":{"@id":"https:\/\/www.ufi.eu\/de\/product\/uebersetzung-sicherheitsdatenblatt\/#primaryimage"},"thumbnailUrl":"https:\/\/www.ufi.eu\/wp-content\/uploads\/2025\/03\/eu.jpg","datePublished":"2025-04-12T20:47:53+00:00","dateModified":"2026-02-12T11:23:17+00:00","description":"Unser SDS- und MSDS-\u00dcbersetzungsservice stellt sicher, dass Ihre Dokumente nicht nur sprachlich korrekt, sondern auch vollst\u00e4ndig konform sind.","breadcrumb":{"@id":"https:\/\/www.ufi.eu\/de\/product\/uebersetzung-sicherheitsdatenblatt\/#breadcrumb"},"inLanguage":"de","potentialAction":[{"@type":"ReadAction","target":["https:\/\/www.ufi.eu\/de\/product\/uebersetzung-sicherheitsdatenblatt\/"]}]},{"@type":"ImageObject","inLanguage":"de","@id":"https:\/\/www.ufi.eu\/de\/product\/uebersetzung-sicherheitsdatenblatt\/#primaryimage","url":"https:\/\/www.ufi.eu\/wp-content\/uploads\/2025\/03\/eu.jpg","contentUrl":"https:\/\/www.ufi.eu\/wp-content\/uploads\/2025\/03\/eu.jpg","width":800,"height":800},{"@type":"BreadcrumbList","@id":"https:\/\/www.ufi.eu\/de\/product\/uebersetzung-sicherheitsdatenblatt\/#breadcrumb","itemListElement":[{"@type":"ListItem","position":1,"name":"Home","item":"https:\/\/www.ufi.eu\/de\/startseite\/"},{"@type":"ListItem","position":2,"name":"Shop","item":"https:\/\/www.ufi.eu\/de\/shop\/"},{"@type":"ListItem","position":3,"name":"Sicherheitsdatenblatt Sprache"}]},{"@type":"WebSite","@id":"https:\/\/www.ufi.eu\/de\/#website","url":"https:\/\/www.ufi.eu\/de\/","name":"UFI.EU","description":"Poison Centre Notifications (PCN) and UFI","publisher":{"@id":"https:\/\/www.ufi.eu\/de\/#organization"},"potentialAction":[{"@type":"SearchAction","target":{"@type":"EntryPoint","urlTemplate":"https:\/\/www.ufi.eu\/de\/?s={search_term_string}"},"query-input":{"@type":"PropertyValueSpecification","valueRequired":true,"valueName":"search_term_string"}}],"inLanguage":"de"},{"@type":"Organization","@id":"https:\/\/www.ufi.eu\/de\/#organization","name":"UFI.EU","url":"https:\/\/www.ufi.eu\/de\/","logo":{"@type":"ImageObject","inLanguage":"de","@id":"https:\/\/www.ufi.eu\/de\/#\/schema\/logo\/image\/","url":"https:\/\/www.ufi.eu\/wp-content\/uploads\/2025\/03\/cropped-logo_ufi3.jpg","contentUrl":"https:\/\/www.ufi.eu\/wp-content\/uploads\/2025\/03\/cropped-logo_ufi3.jpg","width":231,"height":78,"caption":"UFI.EU"},"image":{"@id":"https:\/\/www.ufi.eu\/de\/#\/schema\/logo\/image\/"},"description":"UFI.eu specializes in digital registrations for Poison Centre Notifications (PCN), ensuring your chemical products meet EU regulatory requirements effortlessly. Our streamlined solutions help businesses stay compliant while reducing complexity and administrative burden.","email":"info@ufi.eu","legalName":"UFI.EU"}]},"product_price_amount":"50.00","product_price_currency":"EUR","og_availability":"instock","product_availability":"instock","product_condition":"new"},"_links":{"self":[{"href":"https:\/\/www.ufi.eu\/de\/wp-json\/wp\/v2\/product\/8996","targetHints":{"allow":["GET"]}}],"collection":[{"href":"https:\/\/www.ufi.eu\/de\/wp-json\/wp\/v2\/product"}],"about":[{"href":"https:\/\/www.ufi.eu\/de\/wp-json\/wp\/v2\/types\/product"}],"wp:featuredmedia":[{"embeddable":true,"href":"https:\/\/www.ufi.eu\/de\/wp-json\/wp\/v2\/media\/8699"}],"wp:attachment":[{"href":"https:\/\/www.ufi.eu\/de\/wp-json\/wp\/v2\/media?parent=8996"}],"wp:term":[{"taxonomy":"product_brand","embeddable":true,"href":"https:\/\/www.ufi.eu\/de\/wp-json\/wp\/v2\/product_brand?post=8996"},{"taxonomy":"product_cat","embeddable":true,"href":"https:\/\/www.ufi.eu\/de\/wp-json\/wp\/v2\/product_cat?post=8996"},{"taxonomy":"product_tag","embeddable":true,"href":"https:\/\/www.ufi.eu\/de\/wp-json\/wp\/v2\/product_tag?post=8996"}],"curies":[{"name":"wp","href":"https:\/\/api.w.org\/{rel}","templated":true}]}}