{"id":8698,"date":"2025-03-09T14:12:29","date_gmt":"2025-03-29T10:44:35","guid":{"rendered":"https:\/\/www.ufi.eu\/pcn\/unkategorisiert\/laender-fuer-die-pcn-registrierung\/"},"modified":"2025-05-15T16:47:24","modified_gmt":"2025-05-15T16:47:24","slug":"laender-fuer-die-pcn-registrierung","status":"publish","type":"product","link":"https:\/\/www.ufi.eu\/de\/product\/laender-fuer-die-pcn-registrierung\/","title":{"rendered":"L\u00e4nder f\u00fcr die PCN-Registrierung"},"content":{"rendered":"\n<h2 class=\"wp-block-heading\" id=\"h-launch-your-product-across-europe-with-ease\">Bringen Sie Ihr Produkt ganz einfach in ganz Europa auf den Markt<\/h2>\n\n<p>Wenn Sie Ihr Produkt f\u00fcr die EU Poison Centre Notification (PCN) registrieren, m\u00fcssen Sie es in jedem Land, in dem Sie es verkaufen m\u00f6chten, bei der jeweiligen nationalen Beh\u00f6rde anmelden. Mit unserer EU-L\u00e4nder f\u00fcr die PCN-Registrierung k\u00f6nnen Sie genau die L\u00e4nder ausw\u00e4hlen, in denen Sie Ihr Produkt auf den Markt bringen m\u00f6chten &#8211; so haben Sie volle Flexibilit\u00e4t und Kontrolle \u00fcber Ihre Marktreichweite. <\/p>\n\n<h2 class=\"wp-block-heading\" id=\"h-what-you-re-purchasing\">Was Sie kaufen<\/h2>\n\n<p>Mit diesem Produkt k\u00f6nnen Sie <strong>L\u00e4nderm\u00fcnzen<\/strong> f\u00fcr die 27 EU-Mitgliedstaaten <strong>kaufen<\/strong>. Diese Token k\u00f6nnen <strong>bei jeder PCN-Registrierung<\/strong>, die Sie bei uns vornehmen, verwendet werden. Nach dem Kauf werden die L\u00e4nder <strong>zu <a href=\"https:\/\/www.ufi.eu\/my-account\/points\/\">Ihrer PCN-L\u00e4nderliste<\/a> hinzugef\u00fcgt<\/strong> und k\u00f6nnen beim Ausf\u00fcllen unseres <strong>PCN-Erfassungsformulars<\/strong> f\u00fcr Ihr Produkt verwendet werden.    <\/p>\n\n<p><strong>Sie m\u00fcssen auch <a href=\"https:\/\/www.ufi.eu\/shop\/\">eine PCN f\u00fcr Ihr Produkt kaufen<\/a>. Dieses Produkt ist nur ein loses Land, nicht der PCN. <\/strong><\/p>\n\n<h4 class=\"wp-block-heading\">\u2705 Wie es funktioniert:<\/h4>\n\n<ol class=\"wp-block-list\">\n<li>Bestimmen Sie <strong>die L\u00e4nder,<\/strong> in denen Sie verkaufen m\u00f6chten.<\/li>\n\n\n\n<li>Kaufen Sie die Anzahl der <strong>L\u00e4nderm\u00fcnzen<\/strong>.<\/li>\n\n\n\n<li><a href=\"https:\/\/www.ufi.eu\/de\/neues-produkt\/\">Senden Sie uns das Formular f\u00fcr die Aufnahme Ihres Produkts<\/a> zu.<\/li>\n\n\n\n<li>Weisen Sie einfach die L\u00e4nder zu, in denen wir Ihr Produkt f\u00fcr die PCN-Einreichung \u00fcbermitteln sollen.<\/li>\n\n\n\n<li>Die L\u00e4nderm\u00fcnzen werden von Ihrem Gesamtbetrag abgezogen, wenn Sie Ihr Formular bei uns einreichen.<\/li>\n<\/ol>\n\n<p>Ganz gleich, ob Sie ein einziges Produkt auf den Markt bringen oder ein ganzes Portfolio verwalten, Sie k\u00f6nnen <strong> <a href=\"https:\/\/www.ufi.eu\/my-account\/points\/\">Ihre erworbenen L\u00e4nder-Tokens<\/a><\/strong> f\u00fcr verschiedene PCN-Einreichungen <strong>verwenden<\/strong>, um Zeit zu sparen, die Einhaltung von Vorschriften sicherzustellen und Ihre Pr\u00e4senz auf dem EU-Markt m\u00fchelos zu erweitern.<\/p>\n\n<h3 class=\"wp-block-heading\" id=\"h-supported-eu-countries\">Unterst\u00fctzte EU-L\u00e4nder<\/h3>\n\n<p>Die EU hat 27 L\u00e4nder und der EWR hat 30 (EU+Lichtenstein, Norwegen und Island):<\/p>\n\n<figure class=\"wp-block-table\"><table class=\"has-fixed-layout\"><tbody><tr><td>Belgien<\/td><td>(BE)<\/td><td>Spanien<\/td><td>(ES)<\/td><td>Ungarn<\/td><td>(HU)<\/td><td>Slowakei<\/td><td>(SK)<\/td><\/tr><tr><td>Bulgarien<\/td><td>(BG)<\/td><td>Frankreich<\/td><td>(FR)<\/td><td>Malta<\/td><td>(MT)<\/td><td>Finnland<\/td><td>(FI)<\/td><\/tr><tr><td>Tschechische Republik<\/td><td>(CZ)<\/td><td>Kroatien<\/td><td>(HR)<\/td><td>Niederlande<\/td><td>(NL)<\/td><td>Schweden<\/td><td>(SE)<\/td><\/tr><tr><td>D\u00e4nemark<\/td><td>(DK)<\/td><td>Italien<\/td><td>(IT)<\/td><td>\u00d6sterreich<\/td><td>(AT)<\/td><td>Deutschland<\/td><td>(DE)<\/td><\/tr><tr><td>Zypern<\/td><td>(CY)<\/td><td>Polen<\/td><td>(PL)<\/td><td>Island<\/td><td>(IS)<\/td><td>Estland<\/td><td>(EE)<\/td><\/tr><tr><td>Lettland<\/td><td>(LV)<\/td><td>Portugal<\/td><td>(PT)<\/td><td>Liechtenstein<\/td><td>(LI)<\/td><td>Irland<\/td><td>(IE)<\/td><\/tr><tr><td>Litauen<\/td><td>(LT)<\/td><td>Rum\u00e4nien<\/td><td>(RO)<\/td><td>Norwegen<\/td><td>(NEIN)<\/td><td>Griechenland<\/td><td>(EL)<\/td><\/tr><tr><td>Luxemburg<\/td><td>(LU)<\/td><td>Slowenien<\/td><td>(SI)<\/td><td>Schweiz*<\/td><td>(CH)<\/td><td><\/td><td><\/td><\/tr><\/tbody><\/table><\/figure>\n\n<p>*F\u00fcr die Schweiz k\u00f6nnen wir das PCN-Dossier mit allen erforderlichen Informationen erstellen, um einen Antrag im Schweizer Portal zu stellen. Kontaktieren Sie uns f\u00fcr weitere Informationen. <\/p>\n\n<h2 class=\"wp-block-heading\" id=\"h-example-of-how-it-works\">Beispiel f\u00fcr die Funktionsweise<\/h2>\n\n<p>Sie bringen ein neues Reinigungsprodukt in <strong>Frankreich, Deutschland und Spanien<\/strong> auf den Markt. Kaufen Sie einfach drei L\u00e4nder. Wenn Sie das PCN-Formular bei uns ausf\u00fcllen, ordnen Sie diese L\u00e4nder-Token dem Produkt zu und stellen so die Einhaltung der gesetzlichen Bestimmungen in allen drei M\u00e4rkten sicher, ohne dass Sie sich um die Einreichung einzelner Antr\u00e4ge k\u00fcmmern m\u00fcssen.  <\/p>\n","protected":false},"excerpt":{"rendered":"<p>Bitte w\u00e4hlen Sie die Anzahl der L\u00e4nder, in denen Sie Ihr Produkt registrieren m\u00f6chten.<\/p>\n","protected":false},"featured_media":8699,"template":"","meta":[],"product_brand":[],"product_cat":[125],"product_tag":[],"class_list":{"0":"post-8698","1":"product","2":"type-product","3":"status-publish","4":"has-post-thumbnail","6":"product_cat-lander","8":"first","9":"instock","10":"virtual","11":"taxable","12":"purchasable","13":"product-type-simple"},"bundled_by":["8772","8773","8776","8775","8779","8781","8783","8785","8787","8788","8791","8792","8794","8796","8799","8801","8803","8804","8807","8808","8811","8813","8815","8817","8819","8998","9008","9010","9012","9014","9016","9018","9020","9022","9024","9026","9028","9030","9032","9034","9036","9038","9040","9042","9044","9114","9117","9120","9123","9126","9129","9132","9135","9138","9141","9143","9146","9149","9152","9155","9158","9160","9162","9164","9166","9168","9170","9172","9174","9176","9178","9180","9182","9184","9186","9188","9190","9192","9194","9196","9198","9200","9202","9204","9206","9208","9210","9212","9214","9216","9218","9222","9224","9227","9230","9232","9235","9238","9240","9242","9245","9248","9251","9254","9257","9260","9264","9267","9270","9273","9276","9278","9280","9282","9284","9286","9288","9290","9292","9294","9296","9298","9300","9302","9304","9306","9308","9310","9312","9314","9316","9318","9320","9322","9324","9326","9329","9332","9335","9338","9341","9344","9347","9350","9353","9358","9361","9364","9367","9370","9373","9376","9379","9382","9385","9388","9391","9393","9396","9399","9401","9403","9405","9407","9409","9411","9413","9415","9417","9419","9421","9423","9425","9427","9429","9431","9433","9435","9437","9439","9441","9443","9445","9447","9449","9452","9455","9458","9461","9464","9467","9470","9473","9476","9479","12644","12674","12956","12976","12996","13016","13237","13247","13277","13337","23966","31729"],"bundle_stock_status":"instock","bundle_stock_quantity":null,"bundle_virtual":false,"bundle_layout":"","bundle_add_to_cart_form_location":"","bundle_editable_in_cart":false,"bundle_sold_individually_context":"","bundle_item_grouping":"","bundle_min_size":"","bundle_max_size":"","bundle_price":[],"bundled_items":[],"bundle_sell_ids":[],"yoast_head":"<!-- This site is optimized with the Yoast SEO Premium plugin v25.1 (Yoast SEO v25.1) - https:\/\/yoast.com\/wordpress\/plugins\/seo\/ -->\n<title>L\u00e4nder f\u00fcr die PCN-Registrierung - UFI<\/title>\n<meta name=\"description\" content=\"Mit der EU-L\u00e4nderregistrierung f\u00fcr PCNs k\u00f6nnen Sie genau die L\u00e4nder ausw\u00e4hlen, in denen Sie Ihr Produkt auf den Markt bringen m\u00f6chten. So haben Sie volle Flexibilit\u00e4t und Kontrolle \u00fcber Ihre Marktreichweite.\" \/>\n<meta name=\"robots\" content=\"index, follow, max-snippet:-1, max-image-preview:large, max-video-preview:-1\" \/>\n<link rel=\"canonical\" href=\"https:\/\/www.ufi.eu\/de\/product\/laender-fuer-die-pcn-registrierung\/\" \/>\n<meta property=\"og:locale\" content=\"de_DE\" \/>\n<meta property=\"og:type\" content=\"article\" \/>\n<meta property=\"og:title\" content=\"L\u00e4nder f\u00fcr die PCN-Registrierung\" \/>\n<meta property=\"og:description\" content=\"Mit der EU-L\u00e4nderregistrierung f\u00fcr PCNs k\u00f6nnen Sie genau die L\u00e4nder ausw\u00e4hlen, in denen Sie Ihr Produkt auf den Markt bringen m\u00f6chten. So haben Sie volle Flexibilit\u00e4t und Kontrolle \u00fcber Ihre Marktreichweite.\" \/>\n<meta property=\"og:url\" content=\"https:\/\/www.ufi.eu\/de\/product\/laender-fuer-die-pcn-registrierung\/\" \/>\n<meta property=\"og:site_name\" content=\"UFI\" \/>\n<meta property=\"article:modified_time\" content=\"2025-05-15T16:47:24+00:00\" \/>\n<meta property=\"og:image\" content=\"https:\/\/www.ufi.eu\/wp-content\/uploads\/2025\/03\/eu.jpg\" \/>\n\t<meta property=\"og:image:width\" content=\"800\" \/>\n\t<meta property=\"og:image:height\" content=\"800\" \/>\n\t<meta property=\"og:image:type\" content=\"image\/jpeg\" \/>\n<meta name=\"twitter:card\" content=\"summary_large_image\" \/>\n<meta name=\"twitter:label1\" content=\"Preis\" \/>\n\t<meta name=\"twitter:data1\" content=\"&euro;35.00\" \/>\n\t<meta name=\"twitter:label2\" content=\"Verf\u00fcgbarkeit\" \/>\n\t<meta name=\"twitter:data2\" content=\"Auf Lager\" \/>\n<script type=\"application\/ld+json\" class=\"yoast-schema-graph\">{\"@context\":\"https:\/\/schema.org\",\"@graph\":[{\"@type\":\"WebPage\",\"@id\":\"https:\/\/www.ufi.eu\/de\/product\/laender-fuer-die-pcn-registrierung\/\",\"url\":\"https:\/\/www.ufi.eu\/de\/product\/laender-fuer-die-pcn-registrierung\/\",\"name\":\"L\u00e4nder f\u00fcr die PCN-Registrierung - UFI\",\"isPartOf\":{\"@id\":\"https:\/\/www.ufi.eu\/de\/#website\"},\"primaryImageOfPage\":{\"@id\":\"https:\/\/www.ufi.eu\/de\/product\/laender-fuer-die-pcn-registrierung\/#primaryimage\"},\"image\":{\"@id\":\"https:\/\/www.ufi.eu\/de\/product\/laender-fuer-die-pcn-registrierung\/#primaryimage\"},\"thumbnailUrl\":\"https:\/\/www.ufi.eu\/wp-content\/uploads\/2025\/03\/eu.jpg\",\"datePublished\":\"2025-03-29T10:44:35+00:00\",\"dateModified\":\"2025-05-15T16:47:24+00:00\",\"description\":\"Mit der EU-L\u00e4nderregistrierung f\u00fcr PCNs k\u00f6nnen Sie genau die L\u00e4nder ausw\u00e4hlen, in denen Sie Ihr Produkt auf den Markt bringen m\u00f6chten. So haben Sie volle Flexibilit\u00e4t und Kontrolle \u00fcber Ihre Marktreichweite.\",\"breadcrumb\":{\"@id\":\"https:\/\/www.ufi.eu\/de\/product\/laender-fuer-die-pcn-registrierung\/#breadcrumb\"},\"inLanguage\":\"de\",\"potentialAction\":[{\"@type\":\"ReadAction\",\"target\":[\"https:\/\/www.ufi.eu\/de\/product\/laender-fuer-die-pcn-registrierung\/\"]}]},{\"@type\":\"ImageObject\",\"inLanguage\":\"de\",\"@id\":\"https:\/\/www.ufi.eu\/de\/product\/laender-fuer-die-pcn-registrierung\/#primaryimage\",\"url\":\"https:\/\/www.ufi.eu\/wp-content\/uploads\/2025\/03\/eu.jpg\",\"contentUrl\":\"https:\/\/www.ufi.eu\/wp-content\/uploads\/2025\/03\/eu.jpg\",\"width\":800,\"height\":800},{\"@type\":\"BreadcrumbList\",\"@id\":\"https:\/\/www.ufi.eu\/de\/product\/laender-fuer-die-pcn-registrierung\/#breadcrumb\",\"itemListElement\":[{\"@type\":\"ListItem\",\"position\":1,\"name\":\"Home\",\"item\":\"https:\/\/www.ufi.eu\/de\/startseite\/\"},{\"@type\":\"ListItem\",\"position\":2,\"name\":\"Shop\",\"item\":\"https:\/\/www.ufi.eu\/de\/shop\/\"},{\"@type\":\"ListItem\",\"position\":3,\"name\":\"L\u00e4nder f\u00fcr die PCN-Registrierung\"}]},{\"@type\":\"WebSite\",\"@id\":\"https:\/\/www.ufi.eu\/de\/#website\",\"url\":\"https:\/\/www.ufi.eu\/de\/\",\"name\":\"UFI.EU\",\"description\":\"Poison Centre Notifications (PCN) and UFI\",\"publisher\":{\"@id\":\"https:\/\/www.ufi.eu\/de\/#organization\"},\"potentialAction\":[{\"@type\":\"SearchAction\",\"target\":{\"@type\":\"EntryPoint\",\"urlTemplate\":\"https:\/\/www.ufi.eu\/de\/?s={search_term_string}\"},\"query-input\":{\"@type\":\"PropertyValueSpecification\",\"valueRequired\":true,\"valueName\":\"search_term_string\"}}],\"inLanguage\":\"de\"},{\"@type\":\"Organization\",\"@id\":\"https:\/\/www.ufi.eu\/de\/#organization\",\"name\":\"UFI.EU\",\"url\":\"https:\/\/www.ufi.eu\/de\/\",\"logo\":{\"@type\":\"ImageObject\",\"inLanguage\":\"de\",\"@id\":\"https:\/\/www.ufi.eu\/de\/#\/schema\/logo\/image\/\",\"url\":\"https:\/\/www.ufi.eu\/wp-content\/uploads\/2025\/03\/cropped-logo_ufi3.jpg\",\"contentUrl\":\"https:\/\/www.ufi.eu\/wp-content\/uploads\/2025\/03\/cropped-logo_ufi3.jpg\",\"width\":231,\"height\":78,\"caption\":\"UFI.EU\"},\"image\":{\"@id\":\"https:\/\/www.ufi.eu\/de\/#\/schema\/logo\/image\/\"},\"description\":\"UFI.eu specializes in digital registrations for Poison Centre Notifications (PCN), ensuring your chemical products meet EU regulatory requirements effortlessly. Our streamlined solutions help businesses stay compliant while reducing complexity and administrative burden.\",\"email\":\"info@ufi.eu\",\"legalName\":\"UFI.EU\"}]}<\/script>\n<meta property=\"product:price:amount\" content=\"35.00\" \/>\n<meta property=\"product:price:currency\" content=\"EUR\" \/>\n<meta property=\"og:availability\" content=\"instock\" \/>\n<meta property=\"product:availability\" content=\"instock\" \/>\n<meta property=\"product:retailer_item_id\" content=\"PCN-COUNTRIES\" \/>\n<meta property=\"product:condition\" content=\"new\" \/>\n<!-- \/ Yoast SEO Premium plugin. -->","yoast_head_json":{"title":"L\u00e4nder f\u00fcr die PCN-Registrierung - UFI","description":"Mit der EU-L\u00e4nderregistrierung f\u00fcr PCNs k\u00f6nnen Sie genau die L\u00e4nder ausw\u00e4hlen, in denen Sie Ihr Produkt auf den Markt bringen m\u00f6chten. So haben Sie volle Flexibilit\u00e4t und Kontrolle \u00fcber Ihre Marktreichweite.","robots":{"index":"index","follow":"follow","max-snippet":"max-snippet:-1","max-image-preview":"max-image-preview:large","max-video-preview":"max-video-preview:-1"},"canonical":"https:\/\/www.ufi.eu\/de\/product\/laender-fuer-die-pcn-registrierung\/","og_locale":"de_DE","og_type":"article","og_title":"L\u00e4nder f\u00fcr die PCN-Registrierung","og_description":"Mit der EU-L\u00e4nderregistrierung f\u00fcr PCNs k\u00f6nnen Sie genau die L\u00e4nder ausw\u00e4hlen, in denen Sie Ihr Produkt auf den Markt bringen m\u00f6chten. So haben Sie volle Flexibilit\u00e4t und Kontrolle \u00fcber Ihre Marktreichweite.","og_url":"https:\/\/www.ufi.eu\/de\/product\/laender-fuer-die-pcn-registrierung\/","og_site_name":"UFI","article_modified_time":"2025-05-15T16:47:24+00:00","og_image":[{"width":800,"height":800,"url":"https:\/\/www.ufi.eu\/wp-content\/uploads\/2025\/03\/eu.jpg","type":"image\/jpeg"}],"twitter_card":"summary_large_image","twitter_misc":{"Preis":"&euro;35.00","Verf\u00fcgbarkeit":"Auf Lager"},"schema":{"@context":"https:\/\/schema.org","@graph":[{"@type":"WebPage","@id":"https:\/\/www.ufi.eu\/de\/product\/laender-fuer-die-pcn-registrierung\/","url":"https:\/\/www.ufi.eu\/de\/product\/laender-fuer-die-pcn-registrierung\/","name":"L\u00e4nder f\u00fcr die PCN-Registrierung - UFI","isPartOf":{"@id":"https:\/\/www.ufi.eu\/de\/#website"},"primaryImageOfPage":{"@id":"https:\/\/www.ufi.eu\/de\/product\/laender-fuer-die-pcn-registrierung\/#primaryimage"},"image":{"@id":"https:\/\/www.ufi.eu\/de\/product\/laender-fuer-die-pcn-registrierung\/#primaryimage"},"thumbnailUrl":"https:\/\/www.ufi.eu\/wp-content\/uploads\/2025\/03\/eu.jpg","datePublished":"2025-03-29T10:44:35+00:00","dateModified":"2025-05-15T16:47:24+00:00","description":"Mit der EU-L\u00e4nderregistrierung f\u00fcr PCNs k\u00f6nnen Sie genau die L\u00e4nder ausw\u00e4hlen, in denen Sie Ihr Produkt auf den Markt bringen m\u00f6chten. So haben Sie volle Flexibilit\u00e4t und Kontrolle \u00fcber Ihre Marktreichweite.","breadcrumb":{"@id":"https:\/\/www.ufi.eu\/de\/product\/laender-fuer-die-pcn-registrierung\/#breadcrumb"},"inLanguage":"de","potentialAction":[{"@type":"ReadAction","target":["https:\/\/www.ufi.eu\/de\/product\/laender-fuer-die-pcn-registrierung\/"]}]},{"@type":"ImageObject","inLanguage":"de","@id":"https:\/\/www.ufi.eu\/de\/product\/laender-fuer-die-pcn-registrierung\/#primaryimage","url":"https:\/\/www.ufi.eu\/wp-content\/uploads\/2025\/03\/eu.jpg","contentUrl":"https:\/\/www.ufi.eu\/wp-content\/uploads\/2025\/03\/eu.jpg","width":800,"height":800},{"@type":"BreadcrumbList","@id":"https:\/\/www.ufi.eu\/de\/product\/laender-fuer-die-pcn-registrierung\/#breadcrumb","itemListElement":[{"@type":"ListItem","position":1,"name":"Home","item":"https:\/\/www.ufi.eu\/de\/startseite\/"},{"@type":"ListItem","position":2,"name":"Shop","item":"https:\/\/www.ufi.eu\/de\/shop\/"},{"@type":"ListItem","position":3,"name":"L\u00e4nder f\u00fcr die PCN-Registrierung"}]},{"@type":"WebSite","@id":"https:\/\/www.ufi.eu\/de\/#website","url":"https:\/\/www.ufi.eu\/de\/","name":"UFI.EU","description":"Poison Centre Notifications (PCN) and UFI","publisher":{"@id":"https:\/\/www.ufi.eu\/de\/#organization"},"potentialAction":[{"@type":"SearchAction","target":{"@type":"EntryPoint","urlTemplate":"https:\/\/www.ufi.eu\/de\/?s={search_term_string}"},"query-input":{"@type":"PropertyValueSpecification","valueRequired":true,"valueName":"search_term_string"}}],"inLanguage":"de"},{"@type":"Organization","@id":"https:\/\/www.ufi.eu\/de\/#organization","name":"UFI.EU","url":"https:\/\/www.ufi.eu\/de\/","logo":{"@type":"ImageObject","inLanguage":"de","@id":"https:\/\/www.ufi.eu\/de\/#\/schema\/logo\/image\/","url":"https:\/\/www.ufi.eu\/wp-content\/uploads\/2025\/03\/cropped-logo_ufi3.jpg","contentUrl":"https:\/\/www.ufi.eu\/wp-content\/uploads\/2025\/03\/cropped-logo_ufi3.jpg","width":231,"height":78,"caption":"UFI.EU"},"image":{"@id":"https:\/\/www.ufi.eu\/de\/#\/schema\/logo\/image\/"},"description":"UFI.eu specializes in digital registrations for Poison Centre Notifications (PCN), ensuring your chemical products meet EU regulatory requirements effortlessly. Our streamlined solutions help businesses stay compliant while reducing complexity and administrative burden.","email":"info@ufi.eu","legalName":"UFI.EU"}]},"product_price_amount":"35.00","product_price_currency":"EUR","og_availability":"instock","product_availability":"instock","product_retailer_item_id":"PCN-COUNTRIES","product_condition":"new"},"_links":{"self":[{"href":"https:\/\/www.ufi.eu\/de\/wp-json\/wp\/v2\/product\/8698","targetHints":{"allow":["GET"]}}],"collection":[{"href":"https:\/\/www.ufi.eu\/de\/wp-json\/wp\/v2\/product"}],"about":[{"href":"https:\/\/www.ufi.eu\/de\/wp-json\/wp\/v2\/types\/product"}],"wp:featuredmedia":[{"embeddable":true,"href":"https:\/\/www.ufi.eu\/de\/wp-json\/wp\/v2\/media\/8699"}],"wp:attachment":[{"href":"https:\/\/www.ufi.eu\/de\/wp-json\/wp\/v2\/media?parent=8698"}],"wp:term":[{"taxonomy":"product_brand","embeddable":true,"href":"https:\/\/www.ufi.eu\/de\/wp-json\/wp\/v2\/product_brand?post=8698"},{"taxonomy":"product_cat","embeddable":true,"href":"https:\/\/www.ufi.eu\/de\/wp-json\/wp\/v2\/product_cat?post=8698"},{"taxonomy":"product_tag","embeddable":true,"href":"https:\/\/www.ufi.eu\/de\/wp-json\/wp\/v2\/product_tag?post=8698"}],"curies":[{"name":"wp","href":"https:\/\/api.w.org\/{rel}","templated":true}]}}