{"id":31729,"date":"2025-06-25T10:04:58","date_gmt":"2025-09-24T14:39:54","guid":{"rendered":"https:\/\/www.ufi.eu\/product\/pcn-ufi-buendel\/"},"modified":"2026-01-09T16:13:10","modified_gmt":"2026-01-09T16:13:10","slug":"pcn-ufi-buendel","status":"publish","type":"product","link":"https:\/\/www.ufi.eu\/de\/product\/pcn-ufi-buendel\/","title":{"rendered":"PCN &amp; UFI-B\u00fcndel"},"content":{"rendered":"\n<h2 class=\"wp-block-heading\" id=\"h-how-does-the-ufi-creation-and-pcn-notification-service-work\">Wie funktioniert der UFI-Erstellungs- und PCN-Benachrichtigungsdienst?<\/h2>\n\n<p>Nachdem Sie diesen Service erworben haben, erhalten Sie Zugang zum sicheren Portal. Dieses Portal enth\u00e4lt eine \u00dcbersicht \u00fcber alle Schritte.  Sie geben Ihre Produktdaten ein und wir machen uns an die Arbeit.<\/p>\n\n<h3 class=\"wp-block-heading\" id=\"h-poison-center-notification-amp-ufi\">Giftinformationszentrum &amp; UFI<\/h3>\n\n<p>Wir liefern:<\/p>\n\n<ul class=\"wp-block-list\">\n<li>Der Unique Formula Identifier (UFI) f\u00fcr Ihr Produkt<\/li>\n\n\n\n<li>Ein Bericht der Vergiftungszentrale (Poison Centre Notification, PCN)<\/li>\n\n\n\n<li>Registrierung Ihres Produkts bei den zust\u00e4ndigen nationalen Giftnotrufzentralen \u00fcber die ECHA.<\/li>\n\n\n\n<li>Das MSDS Ihres Produkts<\/li>\n<\/ul>\n\n<h3 class=\"wp-block-heading\" id=\"h-countries-for-pcn-registration\">L\u00e4nder f\u00fcr die PCN-Registrierung<\/h3>\n\n<p>Sie k\u00f6nnen die Anzahl der L\u00e4nder z\u00e4hlen, in denen Sie Ihr Produkt registrieren m\u00f6chten. Dies ist die Anzahl der L\u00e4nder, die Sie kaufen m\u00fcssen.  Sie k\u00f6nnen die spezifischen L\u00e4nder innerhalb des Portals ausw\u00e4hlen. Wenn Sie planen, den Verkauf Ihrer Produkte zu einem sp\u00e4teren Zeitpunkt auf neue L\u00e4nder auszuweiten, k\u00f6nnen Sie jederzeit zus\u00e4tzliche <a href=\"https:\/\/www.ufi.eu\/pcn\/countries\/countries-for-pcn-registration\/\" target=\"_blank\" rel=\"noreferrer noopener\">PCN-L\u00e4nderregistrierungen<\/a> bestellen.<br\/>Die EU hat 27 L\u00e4nder und der EWR 30 (EU+Lichtenstein, Norwegen und Island). Im Portal k\u00f6nnen Sie diese L\u00e4nder ausw\u00e4hlen: <\/p>\n\n<figure class=\"wp-block-table\"><table class=\"has-fixed-layout\"><tbody><tr><td>Belgien<\/td><td>(BE)<\/td><td>Spanien<\/td><td>(ES)<\/td><td>Ungarn<\/td><td>(HU)<\/td><td>Slowakei<\/td><td>(SK)<\/td><\/tr><tr><td>Bulgarien<\/td><td>(BG)<\/td><td>Frankreich<\/td><td>(FR)<\/td><td>Malta<\/td><td>(MT)<\/td><td>Finnland<\/td><td>(FI)<\/td><\/tr><tr><td>Tschechische Republik<\/td><td>(CZ)<\/td><td>Kroatien<\/td><td>(HR)<\/td><td>Niederlande<\/td><td>(NL)<\/td><td>Schweden<\/td><td>(SE)<\/td><\/tr><tr><td>D\u00e4nemark<\/td><td>(DK)<\/td><td>Italien<\/td><td>(IT)<\/td><td>\u00d6sterreich<\/td><td>(AT)<\/td><td>Deutschland<\/td><td>(DE)<\/td><\/tr><tr><td>Zypern<\/td><td>(CY)<\/td><td>Polen<\/td><td>(PL)<\/td><td>Island<\/td><td>(IS)<\/td><td>Estland<\/td><td>(EE)<\/td><\/tr><tr><td>Lettland<\/td><td>(LV)<\/td><td>Portugal<\/td><td>(PT)<\/td><td>Liechtenstein<\/td><td>(LI)<\/td><td>Irland<\/td><td>(IE)<\/td><\/tr><tr><td>Litauen<\/td><td>(LT)<\/td><td>Rum\u00e4nien<\/td><td>(RO)<\/td><td>Norwegen<\/td><td>(NEIN)<\/td><td>Griechenland<\/td><td>(EL)<\/td><\/tr><tr><td>Luxemburg<\/td><td>(LU)<\/td><td>Slowenien<\/td><td>(SI)<\/td><td>Schweiz*<\/td><td>(CH)<\/td><td>\u00a0<\/td><td>\u00a0<\/td><\/tr><\/tbody><\/table><\/figure>\n\n<p>*F\u00fcr die Schweiz k\u00f6nnen wir das PCN-Dossier mit allen erforderlichen Informationen erstellen, um einen Antrag im Schweizer Portal zu stellen. Kontaktieren Sie uns f\u00fcr weitere Informationen. <\/p>\n\n<h3 class=\"wp-block-heading\" id=\"h-clp-label-information\">Informationen auf dem CLP-Etikett<\/h3>\n\n<p>Wir bieten Ihnen die M\u00f6glichkeit, ein CLP-konformes Produktetikett zu erwerben, das alle von der EU-CLP-Verordnung geforderten Informationen enth\u00e4lt. Dieses wird Ihnen als PDF-Datei zur Verf\u00fcgung gestellt.  Dies ist kein Entwurf, sondern eine Zusammenfassung der erforderlichen Informationen. So k\u00f6nnen Sie die erforderlichen Informationen in das Design Ihres Produktetiketts integrieren. Sie k\u00f6nnen die <a href=\"https:\/\/www.ufi.eu\/pcn\/clp-label\/clp-label-creation-compliance-check\/\" target=\"_blank\" rel=\"noreferrer noopener\">Erstellung des CLP-Etiketts<\/a> auch separat bestellen. Sie haben bereits ein Etikett? &#8211; Wir k\u00f6nnen Ihr Etikett <a href=\"https:\/\/www.ufi.eu\/pcn\/clp-label\/clp-label-creation-compliance-check\/\" target=\"_blank\" rel=\"noreferrer noopener\">auf \u00dcbereinstimmung mit den aktuellen CLP-Anforderungen \u00fcberpr\u00fcfen<\/a>. Wir geben Ihnen detaillierte R\u00fcckmeldungen und Korrekturen, um sicherzustellen, dass Ihr Etikett alle gesetzlichen Vorgaben erf\u00fcllt.     <\/p>\n\n<h2 class=\"wp-block-heading\" id=\"h-registering-formulations-with-the-eu-poison-centre\">Registrierung von Formulierungen bei der EU-Giftnotrufzentrale<\/h2>\n\n<p>Formulierungen sind chemische Mischungen, die f\u00fcr die weitere Formulierung in anderen Mischungen oder f\u00fcr die direkte Endanwendung bestimmt sind. Diese Mischungen m\u00fcssen bei der EU-Giftnotrufzentrale registriert werden, um sicherzustellen, dass die Rettungskr\u00e4fte im Falle einer versehentlichen Exposition Zugang zu wichtigen Sicherheitsdaten haben. Das Verfahren der Giftnotrufzentrale (Poison Centre Notification, PCN) stellt sicher, dass die relevanten Gefahreneinstufungen und toxikologischen Profile f\u00fcr medizinisches Fachpersonal und Beh\u00f6rden leicht zug\u00e4nglich sind.  <\/p>\n\n<h3 class=\"wp-block-heading\" id=\"h-what-is-a-ufi\">Was ist ein UFI?<\/h3>\n\n<p>Ein Unique Formula Identifier (UFI) ist ein 16-stelliger alphanumerischer Code, der zur eindeutigen Identifizierung einer chemischen Mischung verwendet wird. Er muss auf das Produktetikett gedruckt und in das Sicherheitsdatenblatt (SDS) aufgenommen werden. Der UFI erm\u00f6glicht es den Giftnotrufzentralen, im Falle eines Zwischenfalls schnell sicherheitsrelevante und toxikologische Informationen \u00fcber das Gemisch abzurufen.  <\/p>\n\n<h3 class=\"wp-block-heading\" id=\"h-what-is-a-pcn\">Was ist ein PCN?<\/h3>\n\n<p>Eine Poison Centre Notification (PCN) ist eine beh\u00f6rdliche Meldung, die detaillierte sicherheitstechnische und toxikologische Daten \u00fcber gef\u00e4hrliche Gemische enth\u00e4lt. Die PCN enth\u00e4lt Informationen wie die Zusammensetzung des Gemischs, die Einstufung, Gefahrenwarnungen und Notfallma\u00dfnahmen. Sie ist f\u00fcr jedes gef\u00e4hrliche Gemisch, das in der EU auf den Markt gebracht wird, obligatorisch.  <\/p>\n\n<h3 class=\"wp-block-heading\" id=\"h-what-is-clp\">Was ist CLP?<\/h3>\n\n<p>CLP (Classification, Labelling, and Packaging) ist eine EU-Verordnung (EG Nr. 1272\/2008), die sicherstellt, dass chemische Produkte entsprechend ihrer Gef\u00e4hrlichkeit eingestuft und gekennzeichnet werden. Sie entspricht dem Global Harmonisierten System der Vereinten Nationen (GHS) und stellt sicher, dass alle gef\u00e4hrlichen Gemische mit entsprechenden Warnhinweisen und Sicherheitshinweisen versehen sind. <\/p>\n\n<h3 class=\"wp-block-heading\" id=\"h-what-is-the-eu-poison-centre\">Was ist die EU-Giftnotrufzentrale?<\/h3>\n\n<p>Die EU-Vergiftungszentrale ist eine offizielle Einrichtung, die Sicherheitsinformationen \u00fcber gef\u00e4hrliche Gemische sammelt und speichert. Angeh\u00f6rige der Gesundheitsberufe und Rettungskr\u00e4fte verlassen sich auf die Giftnotrufzentrale, wenn es darum geht, bei versehentlicher Exposition oder Vergiftungsf\u00e4llen genaue Daten \u00fcber die Sicherheit von Chemikalien zu liefern. <\/p>\n\n<h3 class=\"wp-block-heading\" id=\"h-why-is-this-needed\">Warum ist das notwendig?<\/h3>\n\n<p>Industrielle Formulierungen enthalten oft gef\u00e4hrliche Chemikalien, die in Notfallszenarien eindeutig identifiziert werden m\u00fcssen. Durch die Einreichung eines PCN stellen Unternehmen sicher, dass Giftnotrufzentralen und medizinisches Fachpersonal sofortigen Zugang zu den relevanten Informationen haben, wodurch die Sicherheit im Falle einer Exposition verbessert wird. <\/p>\n\n<h3 class=\"wp-block-heading\" id=\"h-since-when-is-it-by-law-obligatory\">Seit wann ist es gesetzlich verpflichtend?<\/h3>\n\n<p>Die gesetzliche Verpflichtung zur Vorlage einer PCN f\u00fcr gef\u00e4hrliche Gemische trat am 1. Januar 2021 in Kraft. F\u00fcr industrielle Formulierungen, die ausschlie\u00dflich in der Weiterverarbeitung verwendet werden, ist die Einhaltung seit dem 1. Januar 2024 verpflichtend. <\/p>\n","protected":false},"excerpt":{"rendered":"<p>Wie funktioniert der UFI-Erstellungs- und PCN-Benachrichtigungsdienst? Nachdem Sie diesen Service erworben haben, erhalten Sie Zugang zum sicheren Portal. Dieses Portal enth\u00e4lt eine \u00dcbersicht \u00fcber alle Schritte. Sie geben Ihre Produktdaten ein und wir machen uns an die Arbeit. Giftinformationszentrum &amp; UFI Wir liefern: L\u00e4nder f\u00fcr die PCN-Registrierung Sie k\u00f6nnen die Anzahl der L\u00e4nder z\u00e4hlen, in [&hellip;]<\/p>\n","protected":false},"featured_media":8697,"template":"","meta":[],"product_brand":[],"product_cat":[138],"product_tag":[],"class_list":{"0":"post-31729","1":"product","2":"type-product","3":"status-publish","4":"has-post-thumbnail","6":"product_cat-clp-etikett","8":"first","9":"instock","10":"virtual","11":"taxable","12":"purchasable","13":"product-type-bundle"},"bundled_by":[],"bundle_stock_status":"instock","bundle_stock_quantity":"","bundle_virtual":false,"bundle_layout":"default","bundle_add_to_cart_form_location":"default","bundle_editable_in_cart":false,"bundle_sold_individually_context":"product","bundle_item_grouping":"parent","bundle_min_size":"","bundle_max_size":"","bundle_price":{"price":{"min":{"incl_tax":"78.65","excl_tax":"65"},"max":{"incl_tax":"","excl_tax":""}},"regular_price":{"min":{"incl_tax":"78.65","excl_tax":"65"},"max":{"incl_tax":"","excl_tax":""}}},"bundled_items":[{"bundled_item_id":13012,"product_id":8696,"menu_order":0,"quantity_min":1,"quantity_max":"","quantity_default":1,"priced_individually":true,"shipped_individually":true,"override_title":false,"title":"Giftinformationszentrum &amp; UFI","override_description":false,"description":"Giftinformationszentrum &amp; UFI","optional":false,"hide_thumbnail":false,"discount":"","override_variations":false,"allowed_variations":[""],"override_default_variation_attributes":false,"default_variation_attributes":[],"single_product_visibility":"visible","cart_visibility":"visible","order_visibility":"visible","single_product_price_visibility":"visible","cart_price_visibility":"visible","order_price_visibility":"visible","stock_status":"in_stock"},{"bundled_item_id":13013,"product_id":31710,"menu_order":1,"quantity_min":0,"quantity_max":"","quantity_default":0,"priced_individually":true,"shipped_individually":false,"override_title":false,"title":"Alle EWR-L\u00e4nder f\u00fcr PCN-Registrierung Bundle","override_description":false,"description":"Alle EWR-L\u00e4nder f\u00fcr PCN-Registrierung Bundle","optional":false,"hide_thumbnail":false,"discount":"","override_variations":false,"allowed_variations":[""],"override_default_variation_attributes":false,"default_variation_attributes":[],"single_product_visibility":"visible","cart_visibility":"visible","order_visibility":"visible","single_product_price_visibility":"visible","cart_price_visibility":"visible","order_price_visibility":"visible","stock_status":"in_stock"},{"bundled_item_id":13150,"product_id":8698,"menu_order":1,"quantity_min":0,"quantity_max":"","quantity_default":1,"priced_individually":true,"shipped_individually":true,"override_title":false,"title":"L\u00e4nder f\u00fcr die PCN-Registrierung","override_description":false,"description":"L\u00e4nder f\u00fcr die PCN-Registrierung","optional":false,"hide_thumbnail":false,"discount":"","override_variations":false,"allowed_variations":[""],"override_default_variation_attributes":false,"default_variation_attributes":[],"single_product_visibility":"visible","cart_visibility":"visible","order_visibility":"visible","single_product_price_visibility":"visible","cart_price_visibility":"visible","order_price_visibility":"visible","stock_status":"in_stock"},{"bundled_item_id":13014,"product_id":9003,"menu_order":2,"quantity_min":0,"quantity_max":"","quantity_default":0,"priced_individually":true,"shipped_individually":true,"override_title":false,"title":"Erstellung von CLP-Etiketten &amp; \u00dcberpr\u00fcfung der Einhaltung der Vorschriften","override_description":true,"description":"","optional":false,"hide_thumbnail":false,"discount":"","override_variations":false,"allowed_variations":[""],"override_default_variation_attributes":false,"default_variation_attributes":[],"single_product_visibility":"visible","cart_visibility":"visible","order_visibility":"visible","single_product_price_visibility":"visible","cart_price_visibility":"visible","order_price_visibility":"visible","stock_status":"in_stock"},{"bundled_item_id":13015,"product_id":9000,"menu_order":3,"quantity_min":0,"quantity_max":"","quantity_default":0,"priced_individually":true,"shipped_individually":true,"override_title":false,"title":"Erstellung von Sicherheitsdatenbl\u00e4ttern","override_description":false,"description":"Erstellung von Sicherheitsdatenbl\u00e4ttern","optional":false,"hide_thumbnail":false,"discount":"","override_variations":false,"allowed_variations":[""],"override_default_variation_attributes":false,"default_variation_attributes":[],"single_product_visibility":"visible","cart_visibility":"visible","order_visibility":"visible","single_product_price_visibility":"visible","cart_price_visibility":"visible","order_price_visibility":"visible","stock_status":"in_stock"},{"bundled_item_id":13016,"product_id":8996,"menu_order":4,"quantity_min":0,"quantity_max":"","quantity_default":0,"priced_individually":true,"shipped_individually":false,"override_title":true,"title":"Sicherheitsdatenblatt Sprache","override_description":false,"description":"Sicherheitsdatenblatt Sprache","optional":false,"hide_thumbnail":false,"discount":"","override_variations":false,"allowed_variations":[""],"override_default_variation_attributes":false,"default_variation_attributes":[],"single_product_visibility":"visible","cart_visibility":"visible","order_visibility":"visible","single_product_price_visibility":"visible","cart_price_visibility":"visible","order_price_visibility":"visible","stock_status":"in_stock"}],"bundle_sell_ids":[],"yoast_head":"<!-- This site is optimized with the Yoast SEO Premium plugin v25.1 (Yoast SEO v25.1) - https:\/\/yoast.com\/wordpress\/plugins\/seo\/ -->\n<title>PCN &amp; UFI-B\u00fcndel - UFI<\/title>\n<meta name=\"description\" content=\"Mit dem PCN &amp; UFI-Paket erhalten Sie alles, was Sie brauchen, um mit dem Verkauf Ihres Produkts in der EU zu beginnen.\" \/>\n<meta name=\"robots\" content=\"index, follow, max-snippet:-1, max-image-preview:large, max-video-preview:-1\" \/>\n<link rel=\"canonical\" href=\"https:\/\/www.ufi.eu\/de\/product\/pcn-ufi-buendel\/\" \/>\n<meta property=\"og:locale\" content=\"de_DE\" \/>\n<meta property=\"og:type\" content=\"article\" \/>\n<meta property=\"og:title\" content=\"PCN &amp; UFI-B\u00fcndel\" \/>\n<meta property=\"og:description\" content=\"Mit dem PCN &amp; UFI-Paket erhalten Sie alles, was Sie brauchen, um mit dem Verkauf Ihres Produkts in der EU zu beginnen.\" \/>\n<meta property=\"og:url\" content=\"https:\/\/www.ufi.eu\/de\/product\/pcn-ufi-buendel\/\" \/>\n<meta property=\"og:site_name\" content=\"UFI\" \/>\n<meta property=\"article:modified_time\" content=\"2026-01-09T16:13:10+00:00\" \/>\n<meta property=\"og:image\" content=\"https:\/\/www.ufi.eu\/wp-content\/uploads\/2025\/03\/pcn_ufi.jpg\" \/>\n\t<meta property=\"og:image:width\" content=\"1024\" \/>\n\t<meta property=\"og:image:height\" content=\"1024\" \/>\n\t<meta property=\"og:image:type\" content=\"image\/jpeg\" \/>\n<meta name=\"twitter:card\" content=\"summary_large_image\" \/>\n<meta name=\"twitter:label1\" content=\"Preis\" \/>\n\t<meta name=\"twitter:data1\" content=\"&euro;0.00\" \/>\n\t<meta name=\"twitter:label2\" content=\"Verf\u00fcgbarkeit\" \/>\n\t<meta name=\"twitter:data2\" content=\"Auf Lager\" \/>\n<script type=\"application\/ld+json\" class=\"yoast-schema-graph\">{\"@context\":\"https:\/\/schema.org\",\"@graph\":[{\"@type\":\"WebPage\",\"@id\":\"https:\/\/www.ufi.eu\/de\/product\/pcn-ufi-buendel\/\",\"url\":\"https:\/\/www.ufi.eu\/de\/product\/pcn-ufi-buendel\/\",\"name\":\"PCN &amp; UFI-B\u00fcndel - UFI\",\"isPartOf\":{\"@id\":\"https:\/\/www.ufi.eu\/de\/#website\"},\"primaryImageOfPage\":{\"@id\":\"https:\/\/www.ufi.eu\/de\/product\/pcn-ufi-buendel\/#primaryimage\"},\"image\":{\"@id\":\"https:\/\/www.ufi.eu\/de\/product\/pcn-ufi-buendel\/#primaryimage\"},\"thumbnailUrl\":\"https:\/\/www.ufi.eu\/wp-content\/uploads\/2025\/03\/pcn_ufi.jpg\",\"datePublished\":\"2025-09-24T14:39:54+00:00\",\"dateModified\":\"2026-01-09T16:13:10+00:00\",\"description\":\"Mit dem PCN & UFI-Paket erhalten Sie alles, was Sie brauchen, um mit dem Verkauf Ihres Produkts in der EU zu beginnen.\",\"breadcrumb\":{\"@id\":\"https:\/\/www.ufi.eu\/de\/product\/pcn-ufi-buendel\/#breadcrumb\"},\"inLanguage\":\"de\",\"potentialAction\":[{\"@type\":\"ReadAction\",\"target\":[\"https:\/\/www.ufi.eu\/de\/product\/pcn-ufi-buendel\/\"]}]},{\"@type\":\"ImageObject\",\"inLanguage\":\"de\",\"@id\":\"https:\/\/www.ufi.eu\/de\/product\/pcn-ufi-buendel\/#primaryimage\",\"url\":\"https:\/\/www.ufi.eu\/wp-content\/uploads\/2025\/03\/pcn_ufi.jpg\",\"contentUrl\":\"https:\/\/www.ufi.eu\/wp-content\/uploads\/2025\/03\/pcn_ufi.jpg\",\"width\":1024,\"height\":1024},{\"@type\":\"BreadcrumbList\",\"@id\":\"https:\/\/www.ufi.eu\/de\/product\/pcn-ufi-buendel\/#breadcrumb\",\"itemListElement\":[{\"@type\":\"ListItem\",\"position\":1,\"name\":\"Home\",\"item\":\"https:\/\/www.ufi.eu\/de\/startseite\/\"},{\"@type\":\"ListItem\",\"position\":2,\"name\":\"Shop\",\"item\":\"https:\/\/www.ufi.eu\/de\/shop\/\"},{\"@type\":\"ListItem\",\"position\":3,\"name\":\"PCN &amp; UFI-B\u00fcndel\"}]},{\"@type\":\"WebSite\",\"@id\":\"https:\/\/www.ufi.eu\/de\/#website\",\"url\":\"https:\/\/www.ufi.eu\/de\/\",\"name\":\"UFI.EU\",\"description\":\"Poison Centre Notifications (PCN) and UFI\",\"publisher\":{\"@id\":\"https:\/\/www.ufi.eu\/de\/#organization\"},\"potentialAction\":[{\"@type\":\"SearchAction\",\"target\":{\"@type\":\"EntryPoint\",\"urlTemplate\":\"https:\/\/www.ufi.eu\/de\/?s={search_term_string}\"},\"query-input\":{\"@type\":\"PropertyValueSpecification\",\"valueRequired\":true,\"valueName\":\"search_term_string\"}}],\"inLanguage\":\"de\"},{\"@type\":\"Organization\",\"@id\":\"https:\/\/www.ufi.eu\/de\/#organization\",\"name\":\"UFI.EU\",\"url\":\"https:\/\/www.ufi.eu\/de\/\",\"logo\":{\"@type\":\"ImageObject\",\"inLanguage\":\"de\",\"@id\":\"https:\/\/www.ufi.eu\/de\/#\/schema\/logo\/image\/\",\"url\":\"https:\/\/www.ufi.eu\/wp-content\/uploads\/2025\/03\/cropped-logo_ufi3.jpg\",\"contentUrl\":\"https:\/\/www.ufi.eu\/wp-content\/uploads\/2025\/03\/cropped-logo_ufi3.jpg\",\"width\":231,\"height\":78,\"caption\":\"UFI.EU\"},\"image\":{\"@id\":\"https:\/\/www.ufi.eu\/de\/#\/schema\/logo\/image\/\"},\"description\":\"UFI.eu specializes in digital registrations for Poison Centre Notifications (PCN), ensuring your chemical products meet EU regulatory requirements effortlessly. Our streamlined solutions help businesses stay compliant while reducing complexity and administrative burden.\",\"email\":\"info@ufi.eu\",\"legalName\":\"UFI.EU\"}]}<\/script>\n<meta property=\"product:price:amount\" content=\"0.00\" \/>\n<meta property=\"product:price:currency\" content=\"EUR\" \/>\n<meta property=\"og:availability\" content=\"instock\" \/>\n<meta property=\"product:availability\" content=\"instock\" \/>\n<meta property=\"product:condition\" content=\"new\" \/>\n<!-- \/ Yoast SEO Premium plugin. -->","yoast_head_json":{"title":"PCN &amp; UFI-B\u00fcndel - UFI","description":"Mit dem PCN & UFI-Paket erhalten Sie alles, was Sie brauchen, um mit dem Verkauf Ihres Produkts in der EU zu beginnen.","robots":{"index":"index","follow":"follow","max-snippet":"max-snippet:-1","max-image-preview":"max-image-preview:large","max-video-preview":"max-video-preview:-1"},"canonical":"https:\/\/www.ufi.eu\/de\/product\/pcn-ufi-buendel\/","og_locale":"de_DE","og_type":"article","og_title":"PCN &amp; UFI-B\u00fcndel","og_description":"Mit dem PCN & UFI-Paket erhalten Sie alles, was Sie brauchen, um mit dem Verkauf Ihres Produkts in der EU zu beginnen.","og_url":"https:\/\/www.ufi.eu\/de\/product\/pcn-ufi-buendel\/","og_site_name":"UFI","article_modified_time":"2026-01-09T16:13:10+00:00","og_image":[{"width":1024,"height":1024,"url":"https:\/\/www.ufi.eu\/wp-content\/uploads\/2025\/03\/pcn_ufi.jpg","type":"image\/jpeg"}],"twitter_card":"summary_large_image","twitter_misc":{"Preis":"&euro;0.00","Verf\u00fcgbarkeit":"Auf Lager"},"schema":{"@context":"https:\/\/schema.org","@graph":[{"@type":"WebPage","@id":"https:\/\/www.ufi.eu\/de\/product\/pcn-ufi-buendel\/","url":"https:\/\/www.ufi.eu\/de\/product\/pcn-ufi-buendel\/","name":"PCN &amp; UFI-B\u00fcndel - UFI","isPartOf":{"@id":"https:\/\/www.ufi.eu\/de\/#website"},"primaryImageOfPage":{"@id":"https:\/\/www.ufi.eu\/de\/product\/pcn-ufi-buendel\/#primaryimage"},"image":{"@id":"https:\/\/www.ufi.eu\/de\/product\/pcn-ufi-buendel\/#primaryimage"},"thumbnailUrl":"https:\/\/www.ufi.eu\/wp-content\/uploads\/2025\/03\/pcn_ufi.jpg","datePublished":"2025-09-24T14:39:54+00:00","dateModified":"2026-01-09T16:13:10+00:00","description":"Mit dem PCN & UFI-Paket erhalten Sie alles, was Sie brauchen, um mit dem Verkauf Ihres Produkts in der EU zu beginnen.","breadcrumb":{"@id":"https:\/\/www.ufi.eu\/de\/product\/pcn-ufi-buendel\/#breadcrumb"},"inLanguage":"de","potentialAction":[{"@type":"ReadAction","target":["https:\/\/www.ufi.eu\/de\/product\/pcn-ufi-buendel\/"]}]},{"@type":"ImageObject","inLanguage":"de","@id":"https:\/\/www.ufi.eu\/de\/product\/pcn-ufi-buendel\/#primaryimage","url":"https:\/\/www.ufi.eu\/wp-content\/uploads\/2025\/03\/pcn_ufi.jpg","contentUrl":"https:\/\/www.ufi.eu\/wp-content\/uploads\/2025\/03\/pcn_ufi.jpg","width":1024,"height":1024},{"@type":"BreadcrumbList","@id":"https:\/\/www.ufi.eu\/de\/product\/pcn-ufi-buendel\/#breadcrumb","itemListElement":[{"@type":"ListItem","position":1,"name":"Home","item":"https:\/\/www.ufi.eu\/de\/startseite\/"},{"@type":"ListItem","position":2,"name":"Shop","item":"https:\/\/www.ufi.eu\/de\/shop\/"},{"@type":"ListItem","position":3,"name":"PCN &amp; UFI-B\u00fcndel"}]},{"@type":"WebSite","@id":"https:\/\/www.ufi.eu\/de\/#website","url":"https:\/\/www.ufi.eu\/de\/","name":"UFI.EU","description":"Poison Centre Notifications (PCN) and UFI","publisher":{"@id":"https:\/\/www.ufi.eu\/de\/#organization"},"potentialAction":[{"@type":"SearchAction","target":{"@type":"EntryPoint","urlTemplate":"https:\/\/www.ufi.eu\/de\/?s={search_term_string}"},"query-input":{"@type":"PropertyValueSpecification","valueRequired":true,"valueName":"search_term_string"}}],"inLanguage":"de"},{"@type":"Organization","@id":"https:\/\/www.ufi.eu\/de\/#organization","name":"UFI.EU","url":"https:\/\/www.ufi.eu\/de\/","logo":{"@type":"ImageObject","inLanguage":"de","@id":"https:\/\/www.ufi.eu\/de\/#\/schema\/logo\/image\/","url":"https:\/\/www.ufi.eu\/wp-content\/uploads\/2025\/03\/cropped-logo_ufi3.jpg","contentUrl":"https:\/\/www.ufi.eu\/wp-content\/uploads\/2025\/03\/cropped-logo_ufi3.jpg","width":231,"height":78,"caption":"UFI.EU"},"image":{"@id":"https:\/\/www.ufi.eu\/de\/#\/schema\/logo\/image\/"},"description":"UFI.eu specializes in digital registrations for Poison Centre Notifications (PCN), ensuring your chemical products meet EU regulatory requirements effortlessly. Our streamlined solutions help businesses stay compliant while reducing complexity and administrative burden.","email":"info@ufi.eu","legalName":"UFI.EU"}]},"product_price_amount":"0.00","product_price_currency":"EUR","og_availability":"instock","product_availability":"instock","product_condition":"new"},"_links":{"self":[{"href":"https:\/\/www.ufi.eu\/de\/wp-json\/wp\/v2\/product\/31729","targetHints":{"allow":["GET"]}}],"collection":[{"href":"https:\/\/www.ufi.eu\/de\/wp-json\/wp\/v2\/product"}],"about":[{"href":"https:\/\/www.ufi.eu\/de\/wp-json\/wp\/v2\/types\/product"}],"wp:featuredmedia":[{"embeddable":true,"href":"https:\/\/www.ufi.eu\/de\/wp-json\/wp\/v2\/media\/8697"}],"wp:attachment":[{"href":"https:\/\/www.ufi.eu\/de\/wp-json\/wp\/v2\/media?parent=31729"}],"wp:term":[{"taxonomy":"product_brand","embeddable":true,"href":"https:\/\/www.ufi.eu\/de\/wp-json\/wp\/v2\/product_brand?post=31729"},{"taxonomy":"product_cat","embeddable":true,"href":"https:\/\/www.ufi.eu\/de\/wp-json\/wp\/v2\/product_cat?post=31729"},{"taxonomy":"product_tag","embeddable":true,"href":"https:\/\/www.ufi.eu\/de\/wp-json\/wp\/v2\/product_tag?post=31729"}],"curies":[{"name":"wp","href":"https:\/\/api.w.org\/{rel}","templated":true}]}}