{"id":31710,"date":"2025-09-24T14:37:25","date_gmt":"2025-09-24T14:37:25","guid":{"rendered":"https:\/\/www.ufi.eu\/product\/alle-ewr-laender-fuer-pcn-registrierung-bundle\/"},"modified":"2025-09-24T14:37:37","modified_gmt":"2025-09-24T14:37:37","slug":"alle-ewr-laender-fuer-pcn-registrierung-bundle","status":"publish","type":"product","link":"https:\/\/www.ufi.eu\/de\/product\/alle-ewr-laender-fuer-pcn-registrierung-bundle\/","title":{"rendered":"Alle EWR-L\u00e4nder f\u00fcr PCN-Registrierung Bundle"},"content":{"rendered":"<h2 class=\"wp-block-heading\" id=\"h-launch-your-product-across-europe-with-ease\">Bringen Sie Ihr Produkt ganz einfach in ganz Europa auf den Markt<\/h2><p>Wenn Sie Ihr Produkt f\u00fcr die EU Giftnotrufzentrale (PCN) registrieren, muss jedes Land, in dem Sie es verkaufen m\u00f6chten, seine jeweilige nationale Beh\u00f6rde informieren. Mit der EU-L\u00e4nderregistrierung f\u00fcr PCNs k\u00f6nnen Sie genau die L\u00e4nder ausw\u00e4hlen, in denen Sie Ihr Produkt auf den Markt bringen m\u00f6chten. So haben Sie volle Flexibilit\u00e4t und Kontrolle \u00fcber Ihre Marktreichweite.<\/p><h2 class=\"wp-block-heading\" id=\"h-what-you-re-purchasing\">Was Sie kaufen<\/h2><p>Dieses Produkt ist ein <strong>Bundle-Paket f\u00fcr alle EWR-L\u00e4nder<\/strong>. Diese 30 Token k\u00f6nnen <strong>bei jeder PCN-Registrierung<\/strong>, die Sie bei uns vornehmen, verwendet werden. Nach dem Kauf werden die L\u00e4nder <strong>zu <a href=\"https:\/\/www.ufi.eu\/my-account\/points\/\">Ihrer PCN-L\u00e4nderliste<\/a> hinzugef\u00fcgt<\/strong> und k\u00f6nnen beim Ausf\u00fcllen unseres <strong>PCN-Eingabeformulars<\/strong> f\u00fcr Ihr Produkt verwendet werden.  <\/p><p><strong>Sie m\u00fcssen auch <a href=\"https:\/\/www.ufi.eu\/shop\/\">eine PCN f\u00fcr Ihr Produkt kaufen<\/a>. Dieses Produkt ist nur ein loses Land, nicht der PCN. <\/strong><\/p><h4 class=\"wp-block-heading\">\u2705 Wie es funktioniert:<\/h4><ol class=\"wp-block-list\"><li>Bestimmen Sie <strong>die L\u00e4nder,<\/strong> in denen Sie verkaufen m\u00f6chten.<\/li>\n\n<li>Kaufen Sie die Anzahl der <strong>L\u00e4nderm\u00fcnzen<\/strong>.<\/li>\n\n<li><a href=\"https:\/\/www.ufi.eu\/de\/neues-produkt\/\">Senden Sie uns das Formular f\u00fcr die Aufnahme Ihres Produkts<\/a> zu.<\/li>\n\n<li>Weisen Sie einfach die L\u00e4nder zu, in denen wir Ihr Produkt f\u00fcr die PCN-Einreichung \u00fcbermitteln sollen.<\/li>\n\n<li>Die L\u00e4nderm\u00fcnzen werden von Ihrem Gesamtbetrag abgezogen, wenn Sie Ihr Formular bei uns einreichen.<\/li><\/ol><p>Ganz gleich, ob Sie ein einziges Produkt auf den Markt bringen oder ein ganzes Portfolio verwalten, Sie k\u00f6nnen <strong> <a href=\"https:\/\/www.ufi.eu\/my-account\/points\/\">Ihre erworbenen L\u00e4nder-Tokens<\/a><\/strong> f\u00fcr verschiedene PCN-Einreichungen <strong>verwenden<\/strong>, um Zeit zu sparen, die Einhaltung von Vorschriften sicherzustellen und Ihre Pr\u00e4senz auf dem EU-Markt m\u00fchelos zu erweitern.<\/p><h3 class=\"wp-block-heading\" id=\"h-supported-eu-countries\">Unterst\u00fctzte EU-L\u00e4nder<\/h3><p>Die EU hat 27 L\u00e4nder und der EWR hat 30 (EU+Lichtenstein, Norwegen und Island):<\/p><figure class=\"wp-block-table\"><table class=\"has-fixed-layout\"><tbody><tr><td>Belgien<\/td><td>(BE)<\/td><td>Spanien<\/td><td>(ES)<\/td><td>Ungarn<\/td><td>(HU)<\/td><td>Slowakei<\/td><td>(SK)<\/td><\/tr><tr><td>Bulgarien<\/td><td>(BG)<\/td><td>Frankreich<\/td><td>(FR)<\/td><td>Malta<\/td><td>(MT)<\/td><td>Finnland<\/td><td>(FI)<\/td><\/tr><tr><td>Tschechische Republik<\/td><td>(CZ)<\/td><td>Kroatien<\/td><td>(HR)<\/td><td>Niederlande<\/td><td>(NL)<\/td><td>Schweden<\/td><td>(SE)<\/td><\/tr><tr><td>D\u00e4nemark<\/td><td>(DK)<\/td><td>Italien<\/td><td>(IT)<\/td><td>\u00d6sterreich<\/td><td>(AT)<\/td><td>Deutschland<\/td><td>(DE)<\/td><\/tr><tr><td>Zypern<\/td><td>(CY)<\/td><td>Polen<\/td><td>(PL)<\/td><td>Island<\/td><td>(IS)<\/td><td>Estland<\/td><td>(EE)<\/td><\/tr><tr><td>Lettland<\/td><td>(LV)<\/td><td>Portugal<\/td><td>(PT)<\/td><td>Liechtenstein<\/td><td>(LI)<\/td><td>Irland<\/td><td>(IE)<\/td><\/tr><tr><td>Litauen<\/td><td>(LT)<\/td><td>Rum\u00e4nien<\/td><td>(RO)<\/td><td>Norwegen<\/td><td>(NEIN)<\/td><td>Griechenland<\/td><td>(EL)<\/td><\/tr><tr><td>Luxemburg<\/td><td>(LU)<\/td><td>Slowenien<\/td><td>(SI)<\/td><td>Schweiz*<\/td><td>(CH)<\/td><td><\/td><td><\/td><\/tr><\/tbody><\/table><\/figure><p>*F\u00fcr die Schweiz k\u00f6nnen wir das PCN-Dossier mit allen erforderlichen Informationen erstellen, um einen Antrag im Schweizer Portal zu stellen. Kontaktieren Sie uns f\u00fcr weitere Informationen. <\/p><h2 class=\"wp-block-heading\" id=\"h-example-of-how-it-works\">Beispiel f\u00fcr die Funktionsweise<\/h2><p>Sie bringen ein neues Reinigungsprodukt in <strong>Frankreich, Deutschland und Spanien<\/strong> auf den Markt. Kaufen Sie einfach drei L\u00e4nder. Wenn Sie das PCN-Formular bei uns ausf\u00fcllen, ordnen Sie diese L\u00e4nder-Token dem Produkt zu und stellen so die Einhaltung der gesetzlichen Bestimmungen in allen drei M\u00e4rkten sicher, ohne dass Sie sich um die Einreichung einzelner Antr\u00e4ge k\u00fcmmern m\u00fcssen.  <\/p><p><\/p>","protected":false},"excerpt":{"rendered":"<p>Bringen Sie Ihr Produkt ganz einfach in ganz Europa auf den Markt Wenn Sie Ihr Produkt f\u00fcr die EU Giftnotrufzentrale (PCN) registrieren, muss jedes Land, in dem Sie es verkaufen m\u00f6chten, seine jeweilige nationale Beh\u00f6rde informieren. Mit der EU-L\u00e4nderregistrierung f\u00fcr PCNs k\u00f6nnen Sie genau die L\u00e4nder ausw\u00e4hlen, in denen Sie Ihr Produkt auf den Markt [&hellip;]<\/p>\n","protected":false},"featured_media":8699,"template":"","meta":[],"product_brand":[],"product_cat":[134],"product_tag":[],"class_list":{"0":"post-31710","1":"product","2":"type-product","3":"status-publish","4":"has-post-thumbnail","6":"product_cat-sicherheitsdatenblatt","8":"first","9":"instock","10":"taxable","11":"shipping-taxable","12":"purchasable","13":"product-type-simple"},"bundled_by":["31729"],"bundle_stock_status":"instock","bundle_stock_quantity":null,"bundle_virtual":false,"bundle_layout":"","bundle_add_to_cart_form_location":"","bundle_editable_in_cart":false,"bundle_sold_individually_context":"","bundle_item_grouping":"","bundle_min_size":"","bundle_max_size":"","bundle_price":[],"bundled_items":[],"bundle_sell_ids":[],"yoast_head":"<!-- This site is optimized with the Yoast SEO Premium plugin v25.1 (Yoast SEO v25.1) - https:\/\/yoast.com\/wordpress\/plugins\/seo\/ -->\n<title>Alle EWR-L\u00e4nder f\u00fcr PCN-Registrierung Bundle - UFI<\/title>\n<meta name=\"description\" content=\"Dieses Produkt ist ein Bundle-Paket f\u00fcr alle EWR-L\u00e4nder. Diese 30 Token k\u00f6nnen bei jeder PCN-Registrierung, die Sie bei uns vornehmen, verwendet werden. Nach dem Kauf werden die L\u00e4nder zu Ihrer PCN-L\u00e4nderliste hinzugef\u00fcgt und k\u00f6nnen beim Ausf\u00fcllen unseres PCN-Eingabeformulars f\u00fcr Ihr Produkt verwendet werden.\" \/>\n<meta name=\"robots\" content=\"index, follow, max-snippet:-1, max-image-preview:large, max-video-preview:-1\" \/>\n<link rel=\"canonical\" href=\"https:\/\/www.ufi.eu\/de\/product\/alle-ewr-laender-fuer-pcn-registrierung-bundle\/\" \/>\n<meta property=\"og:locale\" content=\"de_DE\" \/>\n<meta property=\"og:type\" content=\"article\" \/>\n<meta property=\"og:title\" content=\"Alle EWR-L\u00e4nder f\u00fcr PCN-Registrierung Bundle\" \/>\n<meta property=\"og:description\" content=\"Dieses Produkt ist ein Bundle-Paket f\u00fcr alle EWR-L\u00e4nder. Diese 30 Token k\u00f6nnen bei jeder PCN-Registrierung, die Sie bei uns vornehmen, verwendet werden. Nach dem Kauf werden die L\u00e4nder zu Ihrer PCN-L\u00e4nderliste hinzugef\u00fcgt und k\u00f6nnen beim Ausf\u00fcllen unseres PCN-Eingabeformulars f\u00fcr Ihr Produkt verwendet werden.\" \/>\n<meta property=\"og:url\" content=\"https:\/\/www.ufi.eu\/de\/product\/alle-ewr-laender-fuer-pcn-registrierung-bundle\/\" \/>\n<meta property=\"og:site_name\" content=\"UFI\" \/>\n<meta property=\"article:modified_time\" content=\"2025-09-24T14:37:37+00:00\" \/>\n<meta property=\"og:image\" content=\"https:\/\/www.ufi.eu\/wp-content\/uploads\/2025\/03\/eu.jpg\" \/>\n\t<meta property=\"og:image:width\" content=\"800\" \/>\n\t<meta property=\"og:image:height\" content=\"800\" \/>\n\t<meta property=\"og:image:type\" content=\"image\/jpeg\" \/>\n<meta name=\"twitter:card\" content=\"summary_large_image\" \/>\n<meta name=\"twitter:label1\" content=\"Preis\" \/>\n\t<meta name=\"twitter:data1\" content=\"&euro;415.00\" \/>\n\t<meta name=\"twitter:label2\" content=\"Verf\u00fcgbarkeit\" \/>\n\t<meta name=\"twitter:data2\" content=\"Auf Lager\" \/>\n<script type=\"application\/ld+json\" class=\"yoast-schema-graph\">{\"@context\":\"https:\/\/schema.org\",\"@graph\":[{\"@type\":\"WebPage\",\"@id\":\"https:\/\/www.ufi.eu\/de\/product\/alle-ewr-laender-fuer-pcn-registrierung-bundle\/\",\"url\":\"https:\/\/www.ufi.eu\/de\/product\/alle-ewr-laender-fuer-pcn-registrierung-bundle\/\",\"name\":\"Alle EWR-L\u00e4nder f\u00fcr PCN-Registrierung Bundle - UFI\",\"isPartOf\":{\"@id\":\"https:\/\/www.ufi.eu\/de\/#website\"},\"primaryImageOfPage\":{\"@id\":\"https:\/\/www.ufi.eu\/de\/product\/alle-ewr-laender-fuer-pcn-registrierung-bundle\/#primaryimage\"},\"image\":{\"@id\":\"https:\/\/www.ufi.eu\/de\/product\/alle-ewr-laender-fuer-pcn-registrierung-bundle\/#primaryimage\"},\"thumbnailUrl\":\"https:\/\/www.ufi.eu\/wp-content\/uploads\/2025\/03\/eu.jpg\",\"datePublished\":\"2025-09-24T14:37:25+00:00\",\"dateModified\":\"2025-09-24T14:37:37+00:00\",\"description\":\"Dieses Produkt ist ein Bundle-Paket f\u00fcr alle EWR-L\u00e4nder. Diese 30 Token k\u00f6nnen bei jeder PCN-Registrierung, die Sie bei uns vornehmen, verwendet werden. Nach dem Kauf werden die L\u00e4nder zu Ihrer PCN-L\u00e4nderliste hinzugef\u00fcgt und k\u00f6nnen beim Ausf\u00fcllen unseres PCN-Eingabeformulars f\u00fcr Ihr Produkt verwendet werden.\",\"breadcrumb\":{\"@id\":\"https:\/\/www.ufi.eu\/de\/product\/alle-ewr-laender-fuer-pcn-registrierung-bundle\/#breadcrumb\"},\"inLanguage\":\"de\",\"potentialAction\":[{\"@type\":\"ReadAction\",\"target\":[\"https:\/\/www.ufi.eu\/de\/product\/alle-ewr-laender-fuer-pcn-registrierung-bundle\/\"]}]},{\"@type\":\"ImageObject\",\"inLanguage\":\"de\",\"@id\":\"https:\/\/www.ufi.eu\/de\/product\/alle-ewr-laender-fuer-pcn-registrierung-bundle\/#primaryimage\",\"url\":\"https:\/\/www.ufi.eu\/wp-content\/uploads\/2025\/03\/eu.jpg\",\"contentUrl\":\"https:\/\/www.ufi.eu\/wp-content\/uploads\/2025\/03\/eu.jpg\",\"width\":800,\"height\":800},{\"@type\":\"BreadcrumbList\",\"@id\":\"https:\/\/www.ufi.eu\/de\/product\/alle-ewr-laender-fuer-pcn-registrierung-bundle\/#breadcrumb\",\"itemListElement\":[{\"@type\":\"ListItem\",\"position\":1,\"name\":\"Home\",\"item\":\"https:\/\/www.ufi.eu\/de\/startseite\/\"},{\"@type\":\"ListItem\",\"position\":2,\"name\":\"Shop\",\"item\":\"https:\/\/www.ufi.eu\/de\/shop\/\"},{\"@type\":\"ListItem\",\"position\":3,\"name\":\"Alle EWR-L\u00e4nder f\u00fcr PCN-Registrierung Bundle\"}]},{\"@type\":\"WebSite\",\"@id\":\"https:\/\/www.ufi.eu\/de\/#website\",\"url\":\"https:\/\/www.ufi.eu\/de\/\",\"name\":\"UFI.EU\",\"description\":\"Poison Centre Notifications (PCN) and UFI\",\"publisher\":{\"@id\":\"https:\/\/www.ufi.eu\/de\/#organization\"},\"potentialAction\":[{\"@type\":\"SearchAction\",\"target\":{\"@type\":\"EntryPoint\",\"urlTemplate\":\"https:\/\/www.ufi.eu\/de\/?s={search_term_string}\"},\"query-input\":{\"@type\":\"PropertyValueSpecification\",\"valueRequired\":true,\"valueName\":\"search_term_string\"}}],\"inLanguage\":\"de\"},{\"@type\":\"Organization\",\"@id\":\"https:\/\/www.ufi.eu\/de\/#organization\",\"name\":\"UFI.EU\",\"url\":\"https:\/\/www.ufi.eu\/de\/\",\"logo\":{\"@type\":\"ImageObject\",\"inLanguage\":\"de\",\"@id\":\"https:\/\/www.ufi.eu\/de\/#\/schema\/logo\/image\/\",\"url\":\"https:\/\/www.ufi.eu\/wp-content\/uploads\/2025\/03\/cropped-logo_ufi3.jpg\",\"contentUrl\":\"https:\/\/www.ufi.eu\/wp-content\/uploads\/2025\/03\/cropped-logo_ufi3.jpg\",\"width\":231,\"height\":78,\"caption\":\"UFI.EU\"},\"image\":{\"@id\":\"https:\/\/www.ufi.eu\/de\/#\/schema\/logo\/image\/\"},\"description\":\"UFI.eu specializes in digital registrations for Poison Centre Notifications (PCN), ensuring your chemical products meet EU regulatory requirements effortlessly. Our streamlined solutions help businesses stay compliant while reducing complexity and administrative burden.\",\"email\":\"info@ufi.eu\",\"legalName\":\"UFI.EU\"}]}<\/script>\n<meta property=\"product:price:amount\" content=\"415.00\" \/>\n<meta property=\"product:price:currency\" content=\"EUR\" \/>\n<meta property=\"og:availability\" content=\"instock\" \/>\n<meta property=\"product:availability\" content=\"instock\" \/>\n<meta property=\"product:condition\" content=\"new\" \/>\n<!-- \/ Yoast SEO Premium plugin. -->","yoast_head_json":{"title":"Alle EWR-L\u00e4nder f\u00fcr PCN-Registrierung Bundle - UFI","description":"Dieses Produkt ist ein Bundle-Paket f\u00fcr alle EWR-L\u00e4nder. Diese 30 Token k\u00f6nnen bei jeder PCN-Registrierung, die Sie bei uns vornehmen, verwendet werden. Nach dem Kauf werden die L\u00e4nder zu Ihrer PCN-L\u00e4nderliste hinzugef\u00fcgt und k\u00f6nnen beim Ausf\u00fcllen unseres PCN-Eingabeformulars f\u00fcr Ihr Produkt verwendet werden.","robots":{"index":"index","follow":"follow","max-snippet":"max-snippet:-1","max-image-preview":"max-image-preview:large","max-video-preview":"max-video-preview:-1"},"canonical":"https:\/\/www.ufi.eu\/de\/product\/alle-ewr-laender-fuer-pcn-registrierung-bundle\/","og_locale":"de_DE","og_type":"article","og_title":"Alle EWR-L\u00e4nder f\u00fcr PCN-Registrierung Bundle","og_description":"Dieses Produkt ist ein Bundle-Paket f\u00fcr alle EWR-L\u00e4nder. Diese 30 Token k\u00f6nnen bei jeder PCN-Registrierung, die Sie bei uns vornehmen, verwendet werden. Nach dem Kauf werden die L\u00e4nder zu Ihrer PCN-L\u00e4nderliste hinzugef\u00fcgt und k\u00f6nnen beim Ausf\u00fcllen unseres PCN-Eingabeformulars f\u00fcr Ihr Produkt verwendet werden.","og_url":"https:\/\/www.ufi.eu\/de\/product\/alle-ewr-laender-fuer-pcn-registrierung-bundle\/","og_site_name":"UFI","article_modified_time":"2025-09-24T14:37:37+00:00","og_image":[{"width":800,"height":800,"url":"https:\/\/www.ufi.eu\/wp-content\/uploads\/2025\/03\/eu.jpg","type":"image\/jpeg"}],"twitter_card":"summary_large_image","twitter_misc":{"Preis":"&euro;415.00","Verf\u00fcgbarkeit":"Auf Lager"},"schema":{"@context":"https:\/\/schema.org","@graph":[{"@type":"WebPage","@id":"https:\/\/www.ufi.eu\/de\/product\/alle-ewr-laender-fuer-pcn-registrierung-bundle\/","url":"https:\/\/www.ufi.eu\/de\/product\/alle-ewr-laender-fuer-pcn-registrierung-bundle\/","name":"Alle EWR-L\u00e4nder f\u00fcr PCN-Registrierung Bundle - UFI","isPartOf":{"@id":"https:\/\/www.ufi.eu\/de\/#website"},"primaryImageOfPage":{"@id":"https:\/\/www.ufi.eu\/de\/product\/alle-ewr-laender-fuer-pcn-registrierung-bundle\/#primaryimage"},"image":{"@id":"https:\/\/www.ufi.eu\/de\/product\/alle-ewr-laender-fuer-pcn-registrierung-bundle\/#primaryimage"},"thumbnailUrl":"https:\/\/www.ufi.eu\/wp-content\/uploads\/2025\/03\/eu.jpg","datePublished":"2025-09-24T14:37:25+00:00","dateModified":"2025-09-24T14:37:37+00:00","description":"Dieses Produkt ist ein Bundle-Paket f\u00fcr alle EWR-L\u00e4nder. Diese 30 Token k\u00f6nnen bei jeder PCN-Registrierung, die Sie bei uns vornehmen, verwendet werden. Nach dem Kauf werden die L\u00e4nder zu Ihrer PCN-L\u00e4nderliste hinzugef\u00fcgt und k\u00f6nnen beim Ausf\u00fcllen unseres PCN-Eingabeformulars f\u00fcr Ihr Produkt verwendet werden.","breadcrumb":{"@id":"https:\/\/www.ufi.eu\/de\/product\/alle-ewr-laender-fuer-pcn-registrierung-bundle\/#breadcrumb"},"inLanguage":"de","potentialAction":[{"@type":"ReadAction","target":["https:\/\/www.ufi.eu\/de\/product\/alle-ewr-laender-fuer-pcn-registrierung-bundle\/"]}]},{"@type":"ImageObject","inLanguage":"de","@id":"https:\/\/www.ufi.eu\/de\/product\/alle-ewr-laender-fuer-pcn-registrierung-bundle\/#primaryimage","url":"https:\/\/www.ufi.eu\/wp-content\/uploads\/2025\/03\/eu.jpg","contentUrl":"https:\/\/www.ufi.eu\/wp-content\/uploads\/2025\/03\/eu.jpg","width":800,"height":800},{"@type":"BreadcrumbList","@id":"https:\/\/www.ufi.eu\/de\/product\/alle-ewr-laender-fuer-pcn-registrierung-bundle\/#breadcrumb","itemListElement":[{"@type":"ListItem","position":1,"name":"Home","item":"https:\/\/www.ufi.eu\/de\/startseite\/"},{"@type":"ListItem","position":2,"name":"Shop","item":"https:\/\/www.ufi.eu\/de\/shop\/"},{"@type":"ListItem","position":3,"name":"Alle EWR-L\u00e4nder f\u00fcr PCN-Registrierung Bundle"}]},{"@type":"WebSite","@id":"https:\/\/www.ufi.eu\/de\/#website","url":"https:\/\/www.ufi.eu\/de\/","name":"UFI.EU","description":"Poison Centre Notifications (PCN) and UFI","publisher":{"@id":"https:\/\/www.ufi.eu\/de\/#organization"},"potentialAction":[{"@type":"SearchAction","target":{"@type":"EntryPoint","urlTemplate":"https:\/\/www.ufi.eu\/de\/?s={search_term_string}"},"query-input":{"@type":"PropertyValueSpecification","valueRequired":true,"valueName":"search_term_string"}}],"inLanguage":"de"},{"@type":"Organization","@id":"https:\/\/www.ufi.eu\/de\/#organization","name":"UFI.EU","url":"https:\/\/www.ufi.eu\/de\/","logo":{"@type":"ImageObject","inLanguage":"de","@id":"https:\/\/www.ufi.eu\/de\/#\/schema\/logo\/image\/","url":"https:\/\/www.ufi.eu\/wp-content\/uploads\/2025\/03\/cropped-logo_ufi3.jpg","contentUrl":"https:\/\/www.ufi.eu\/wp-content\/uploads\/2025\/03\/cropped-logo_ufi3.jpg","width":231,"height":78,"caption":"UFI.EU"},"image":{"@id":"https:\/\/www.ufi.eu\/de\/#\/schema\/logo\/image\/"},"description":"UFI.eu specializes in digital registrations for Poison Centre Notifications (PCN), ensuring your chemical products meet EU regulatory requirements effortlessly. Our streamlined solutions help businesses stay compliant while reducing complexity and administrative burden.","email":"info@ufi.eu","legalName":"UFI.EU"}]},"product_price_amount":"415.00","product_price_currency":"EUR","og_availability":"instock","product_availability":"instock","product_condition":"new"},"_links":{"self":[{"href":"https:\/\/www.ufi.eu\/de\/wp-json\/wp\/v2\/product\/31710","targetHints":{"allow":["GET"]}}],"collection":[{"href":"https:\/\/www.ufi.eu\/de\/wp-json\/wp\/v2\/product"}],"about":[{"href":"https:\/\/www.ufi.eu\/de\/wp-json\/wp\/v2\/types\/product"}],"wp:featuredmedia":[{"embeddable":true,"href":"https:\/\/www.ufi.eu\/de\/wp-json\/wp\/v2\/media\/8699"}],"wp:attachment":[{"href":"https:\/\/www.ufi.eu\/de\/wp-json\/wp\/v2\/media?parent=31710"}],"wp:term":[{"taxonomy":"product_brand","embeddable":true,"href":"https:\/\/www.ufi.eu\/de\/wp-json\/wp\/v2\/product_brand?post=31710"},{"taxonomy":"product_cat","embeddable":true,"href":"https:\/\/www.ufi.eu\/de\/wp-json\/wp\/v2\/product_cat?post=31710"},{"taxonomy":"product_tag","embeddable":true,"href":"https:\/\/www.ufi.eu\/de\/wp-json\/wp\/v2\/product_tag?post=31710"}],"curies":[{"name":"wp","href":"https:\/\/api.w.org\/{rel}","templated":true}]}}