{"id":8770,"date":"2025-03-29T10:46:04","date_gmt":"2025-03-29T10:46:04","guid":{"rendered":"https:\/\/www.ufi.eu\/bedingungen-und-konditionen\/"},"modified":"2025-03-29T10:46:05","modified_gmt":"2025-03-29T10:46:05","slug":"bedingungen-und-konditionen","status":"publish","type":"page","link":"https:\/\/www.ufi.eu\/de\/bedingungen-und-konditionen\/","title":{"rendered":"Bedingungen und Konditionen"},"content":{"rendered":"\n<p><strong>Unternehmen:<\/strong> UFI.EU<br\/><strong>Eingetragene Adresse:<\/strong> Transistorstraat 91 &#8211; 02, 1322 CL Almere, Die Niederlande<br\/><strong>Handelskammer (KvK):<\/strong> 61064939<br\/><strong>UMSATZSTEUER-ID:<\/strong> NL854189543B01<\/p>\n\n<h2 class=\"wp-block-heading\" id=\"h-1-overview\"><strong>1. \u00dcberblick<\/strong><\/h2>\n\n<p>Diese Website wird von <strong>UFI.EU<\/strong> betrieben. Auf der gesamten Website beziehen sich die Begriffe &#8220;wir&#8221;, &#8220;uns&#8221; und &#8220;unser&#8221; auf <strong>UFI.EU<\/strong>. Indem Sie unsere Website besuchen und\/oder etwas bei uns kaufen, nutzen Sie unseren &#8220;Service&#8221; und erkl\u00e4ren sich mit den folgenden <strong>Allgemeinen Gesch\u00e4ftsbedingungen<\/strong> (&#8220;Bedingungen&#8221;) einverstanden, einschlie\u00dflich aller zus\u00e4tzlichen Bedingungen und Richtlinien, auf die hier verwiesen wird oder die auf dieser Seite verlinkt sind.  <\/p>\n\n<p>Diese Bedingungen gelten f\u00fcr alle Benutzer der Website, einschlie\u00dflich, aber nicht beschr\u00e4nkt auf Browser, Verk\u00e4ufer, Kunden, H\u00e4ndler und Autoren von Inhalten. Wenn Sie nicht mit allen Bedingungen dieser Vereinbarung einverstanden sind, d\u00fcrfen Sie nicht auf die Website zugreifen und keine Dienste nutzen. <\/p>\n\n<p>Wir behalten uns das Recht vor, diese Bedingungen jederzeit zu aktualisieren oder zu \u00e4ndern. Es liegt in Ihrer Verantwortung, diese Seite regelm\u00e4\u00dfig zu \u00fcberpr\u00fcfen. Die fortgesetzte Nutzung der Website nach einer \u00c4nderung gilt als Zustimmung zu diesen \u00c4nderungen.  <\/p>\n\n<h2 class=\"wp-block-heading\" id=\"h-2-online-store-terms\"><strong>2. Bedingungen des Online-Shops<\/strong><\/h2>\n\n<p>Indem Sie diesen Bedingungen zustimmen, best\u00e4tigen Sie, dass Sie in dem Land, in dem Sie wohnen, vollj\u00e4hrig sind oder dass Sie f\u00fcr Minderj\u00e4hrige, die diese Website unter Ihrer Verantwortung nutzen, die Zustimmung erteilt haben.<\/p>\n\n<p>Sie d\u00fcrfen unsere Produkte oder Dienstleistungen nicht f\u00fcr illegale oder unbefugte Zwecke nutzen, und Sie d\u00fcrfen bei der Nutzung des Dienstes nicht gegen die in Ihrem Land geltenden Gesetze versto\u00dfen. Ein Versto\u00df gegen eine dieser Bedingungen f\u00fchrt zur sofortigen Beendigung Ihres Zugangs zu unseren Dienstleistungen. <\/p>\n\n<h2 class=\"wp-block-heading\" id=\"h-3-accuracy-completeness-amp-timeliness-of-information\"><strong>3. Genauigkeit, Vollst\u00e4ndigkeit und Aktualit\u00e4t der Informationen<\/strong><\/h2>\n\n<p>Wir \u00fcbernehmen keine Verantwortung, wenn die auf dieser Website zur Verf\u00fcgung gestellten Informationen nicht korrekt, vollst\u00e4ndig oder aktuell sind. Das Material dient lediglich der allgemeinen Information und sollte nicht als alleinige Grundlage f\u00fcr Entscheidungen herangezogen werden. <\/p>\n\n<p>Wir k\u00f6nnen den Inhalt unserer Website jederzeit aktualisieren, sind jedoch nicht dazu verpflichtet. Sie erkl\u00e4ren sich damit einverstanden, dass es in Ihrer Verantwortung liegt, \u00c4nderungen an unserer Website zu verfolgen. <\/p>\n\n<h2 class=\"wp-block-heading\" id=\"h-4-modifications-to-services-amp-prices\"><strong>4. \u00c4nderungen an Services &amp; Preisen<\/strong><\/h2>\n\n<p>Die Preise f\u00fcr unsere Dienstleistungen k\u00f6nnen ohne vorherige Ank\u00fcndigung ge\u00e4ndert werden. Wir behalten uns das Recht vor, einen Service (oder einen Teil davon) jederzeit und ohne Vorank\u00fcndigung zu \u00e4ndern oder einzustellen. Wir sind nicht haftbar f\u00fcr \u00c4nderungen, Preis\u00e4nderungen, Aussetzungen oder die Einstellung eines Dienstes.  <\/p>\n\n<h2 class=\"wp-block-heading\" id=\"h-5-products-amp-services\"><strong>5. Produkte &amp; Dienstleistungen<\/strong><\/h2>\n\n<p>Bestimmte Dienstleistungen k\u00f6nnen ausschlie\u00dflich online \u00fcber unsere Website verf\u00fcgbar sein. Diese k\u00f6nnen eine begrenzte Verf\u00fcgbarkeit haben und unterliegen unseren R\u00fcckerstattungs- und R\u00fcckgabebestimmungen. <\/p>\n\n<p>Wir behalten uns das Recht vor, den Verkauf unserer Dienste auf bestimmte Regionen, Nutzer oder Gerichtsbarkeiten zu beschr\u00e4nken. Beschreibungen und Preise von Dienstleistungen k\u00f6nnen ohne vorherige Ank\u00fcndigung ge\u00e4ndert werden. Wir garantieren nicht, dass die Qualit\u00e4t der erworbenen Dienste Ihren Erwartungen entspricht.  <\/p>\n\n<h2 class=\"wp-block-heading\" id=\"h-6-accuracy-of-billing-amp-account-information\"><strong>6. Genauigkeit der Abrechnungs- und Kontoinformationen<\/strong><\/h2>\n\n<p>Wir behalten uns das Recht vor, jede Bestellung abzulehnen oder zu stornieren. Sie verpflichten sich, aktuelle, vollst\u00e4ndige und genaue Kauf- und Kontoinformationen anzugeben. Sie sind daf\u00fcr verantwortlich, Ihre Konto- und Zahlungsdaten umgehend zu aktualisieren.  <\/p>\n\n<h2 class=\"wp-block-heading\" id=\"h-7-use-of-pcn-and-country-tokens\"><strong>7. Verwendung von PCN und L\u00e4nder-Tokens<\/strong><\/h2>\n\n<p>PCN- und L\u00e4nder-Tokens stehen f\u00fcr das Recht, PCN-Meldungen an bestimmte EU-L\u00e4nder zu \u00fcbermitteln. Die Token werden pro Produkt und Land vergeben. Die Token sind nicht erstattungsf\u00e4hig.  <\/p>\n\n<h2 class=\"wp-block-heading\" id=\"h-8-optional-tools-amp-third-party-links\"><strong>8. Optionale Tools und Links zu Drittanbietern<\/strong><\/h2>\n\n<p>Wir k\u00f6nnen den Zugang zu Tools von Dritten ohne \u00dcberwachung oder Kontrolle erm\u00f6glichen. Sie erkl\u00e4ren sich damit einverstanden, diese Tools auf Ihr eigenes Risiko zu nutzen. Links von Drittanbietern auf unserer Website k\u00f6nnen Sie auf externe Websites weiterleiten. Wir sind nicht f\u00fcr deren Inhalte oder Praktiken verantwortlich.   <\/p>\n\n<h2 class=\"wp-block-heading\" id=\"h-9-user-submissions-amp-feedback\"><strong>9. Benutzereinsendungen &amp; Feedback<\/strong><\/h2>\n\n<p>Wenn Sie Vorschl\u00e4ge, Ideen oder andere Materialien (zusammenfassend als &#8220;Kommentare&#8221; bezeichnet) einreichen, erkl\u00e4ren Sie sich damit einverstanden, dass wir diese ohne Einschr\u00e4nkung verwenden d\u00fcrfen. Sie d\u00fcrfen keine illegalen, verleumderischen oder sch\u00e4dlichen Inhalte ver\u00f6ffentlichen. Sie sind allein f\u00fcr Ihre Beitr\u00e4ge verantwortlich.  <\/p>\n\n<h2 class=\"wp-block-heading\" id=\"h-10-personal-information\"><strong>10. Pers\u00f6nliche Informationen<\/strong><\/h2>\n\n<p>Unser Umgang mit pers\u00f6nlichen Daten wird durch unsere <a href=\"https:\/\/www.ufi.eu\/de\/datenschutzbestimmungen\/\">Datenschutzrichtlinie<\/a> geregelt. Bitte lesen Sie diese f\u00fcr weitere Informationen. <\/p>\n\n<h2 class=\"wp-block-heading\" id=\"h-11-errors-inaccuracies-amp-omissions\"><strong>11. Irrt\u00fcmer, Ungenauigkeiten und Auslassungen<\/strong><\/h2>\n\n<p>Wir behalten uns das Recht vor, Fehler, Ungenauigkeiten oder Auslassungen zu korrigieren und Bestellungen zu stornieren oder zu aktualisieren, wenn die Informationen nicht korrekt sind, und zwar jederzeit und ohne vorherige Ank\u00fcndigung, auch nachdem eine Bestellung aufgegeben wurde.<\/p>\n\n<h2 class=\"wp-block-heading\" id=\"h-12-prohibited-uses\"><strong>12. Verbotene Nutzungen<\/strong><\/h2>\n\n<p>Es ist Ihnen untersagt, die Website oder ihre Inhalte f\u00fcr ungesetzliche Zwecke zu nutzen, geistige Eigentumsrechte zu verletzen, andere zu bel\u00e4stigen, Schadsoftware zu verbreiten, pers\u00f6nliche Daten zu sammeln oder die Sicherheit der Website zu beeintr\u00e4chtigen.<\/p>\n\n<h2 class=\"wp-block-heading\" id=\"h-13-disclaimer-of-warranties-limitation-of-liability\"><strong>13. Ausschluss von Garantien; Haftungsbeschr\u00e4nkung<\/strong><\/h2>\n\n<p>Unsere Dienste werden &#8220;wie besehen&#8221; und &#8220;wie verf\u00fcgbar&#8221; ohne jegliche Garantien bereitgestellt. Wir garantieren keinen ununterbrochenen oder fehlerfreien Service. In keinem Fall haften UFI.EU oder seine Direktoren, Mitarbeiter oder Partner f\u00fcr direkte, indirekte, zuf\u00e4llige oder Folgesch\u00e4den, die aus der Nutzung unserer Dienste entstehen.  <\/p>\n\n<h2 class=\"wp-block-heading\" id=\"h-14-indemnification\"><strong>14. Entsch\u00e4digung<\/strong><\/h2>\n\n<p>Sie erkl\u00e4ren sich damit einverstanden, UFI.EU und die mit ihr verbundenen Unternehmen von allen Anspr\u00fcchen oder Forderungen, einschlie\u00dflich Anwaltskosten, freizustellen und schadlos zu halten, die sich aus Ihrem Versto\u00df gegen diese Bedingungen oder gegen ein Gesetz oder die Rechte Dritter ergeben.<\/p>\n\n<h2 class=\"wp-block-heading\" id=\"h-15-severability\"><strong>15. Trennbarkeit<\/strong><\/h2>\n\n<p>Sollte sich eine Bestimmung dieser Bedingungen als ungesetzlich oder nicht durchsetzbar erweisen, bleiben die \u00fcbrigen Bestimmungen in Kraft.<\/p>\n\n<h2 class=\"wp-block-heading\" id=\"h-16-termination\"><strong>16. Beendigung<\/strong><\/h2>\n\n<p>Diese Bedingungen sind wirksam, sofern sie nicht von Ihnen oder uns gek\u00fcndigt werden. Wir k\u00f6nnen diese Vereinbarung jederzeit k\u00fcndigen, wenn Sie gegen diese Bedingungen versto\u00dfen. Nach der K\u00fcndigung bleiben Sie f\u00fcr alle f\u00e4lligen Betr\u00e4ge haftbar.  <\/p>\n\n<h2 class=\"wp-block-heading\" id=\"h-17-entire-agreement\"><strong>17. Gesamte Vereinbarung<\/strong><\/h2>\n\n<p>Diese Bedingungen und alle auf dieser Website ver\u00f6ffentlichten Richtlinien stellen die gesamte Vereinbarung zwischen Ihnen und UFI.EU bez\u00fcglich der Nutzung unserer Dienste dar.<\/p>\n\n<h2 class=\"wp-block-heading\" id=\"h-18-governing-law\"><strong>18. Geltendes Recht<\/strong><\/h2>\n\n<p>Diese Bedingungen und alle damit zusammenh\u00e4ngenden Streitigkeiten unterliegen dem <strong>niederl\u00e4ndischen Recht<\/strong> und werden nach diesem ausgelegt. Alle Vereinbarungen gelten als in Almere, Niederlande, ausgef\u00fchrt. <\/p>\n\n<h2 class=\"wp-block-heading\" id=\"h-19-changes-to-these-terms\"><strong>19. \u00c4nderungen an diesen Bedingungen<\/strong><\/h2>\n\n<p>Die aktuelle Version der Bedingungen ist immer auf dieser Seite verf\u00fcgbar. Wir behalten uns das Recht vor, jeden Teil dieser Bedingungen nach unserem Ermessen zu aktualisieren, zu \u00e4ndern oder zu ersetzen. <\/p>\n","protected":false},"excerpt":{"rendered":"<p>Unternehmen: UFI.EUEingetragene Adresse: Transistorstraat 91 &#8211; 02, 1322 CL Almere, Die NiederlandeHandelskammer (KvK): 61064939UMSATZSTEUER-ID: NL854189543B01 1. \u00dcberblick Diese Website wird von UFI.EU betrieben. Auf der gesamten Website beziehen sich die Begriffe &#8220;wir&#8221;, &#8220;uns&#8221; und &#8220;unser&#8221; auf UFI.EU. Indem Sie unsere Website besuchen und\/oder etwas bei uns kaufen, nutzen Sie unseren &#8220;Service&#8221; und erkl\u00e4ren sich mit [&hellip;]<\/p>\n","protected":false},"author":1,"featured_media":0,"parent":0,"menu_order":0,"comment_status":"closed","ping_status":"closed","template":"","meta":{"footnotes":""},"class_list":["post-8770","page","type-page","status-publish","hentry"],"yoast_head":"<!-- This site is optimized with the Yoast SEO Premium plugin v25.1 (Yoast SEO v25.1) - https:\/\/yoast.com\/wordpress\/plugins\/seo\/ -->\n<title>Bedingungen und Konditionen - UFI<\/title>\n<meta name=\"robots\" content=\"index, follow, max-snippet:-1, max-image-preview:large, max-video-preview:-1\" \/>\n<link rel=\"canonical\" href=\"https:\/\/www.ufi.eu\/de\/bedingungen-und-konditionen\/\" \/>\n<meta property=\"og:locale\" content=\"de_DE\" \/>\n<meta property=\"og:type\" content=\"article\" \/>\n<meta property=\"og:title\" content=\"Bedingungen und Konditionen\" \/>\n<meta property=\"og:description\" content=\"Unternehmen: UFI.EUEingetragene Adresse: Transistorstraat 91 &#8211; 02, 1322 CL Almere, Die NiederlandeHandelskammer (KvK): 61064939UMSATZSTEUER-ID: NL854189543B01 1. \u00dcberblick Diese Website wird von UFI.EU betrieben. Auf der gesamten Website beziehen sich die Begriffe &#8220;wir&#8221;, &#8220;uns&#8221; und &#8220;unser&#8221; auf UFI.EU. Indem Sie unsere Website besuchen und\/oder etwas bei uns kaufen, nutzen Sie unseren &#8220;Service&#8221; und erkl\u00e4ren sich mit [&hellip;]\" \/>\n<meta property=\"og:url\" content=\"https:\/\/www.ufi.eu\/de\/bedingungen-und-konditionen\/\" \/>\n<meta property=\"og:site_name\" content=\"UFI\" \/>\n<meta property=\"article:modified_time\" content=\"2025-03-29T10:46:05+00:00\" \/>\n<meta name=\"twitter:card\" content=\"summary_large_image\" \/>\n<meta name=\"twitter:label1\" content=\"Gesch\u00e4tzte Lesezeit\" \/>\n\t<meta name=\"twitter:data1\" content=\"5\u00a0Minute\" \/>\n<script type=\"application\/ld+json\" class=\"yoast-schema-graph\">{\"@context\":\"https:\/\/schema.org\",\"@graph\":[{\"@type\":\"WebPage\",\"@id\":\"https:\/\/www.ufi.eu\/de\/bedingungen-und-konditionen\/\",\"url\":\"https:\/\/www.ufi.eu\/de\/bedingungen-und-konditionen\/\",\"name\":\"Bedingungen und Konditionen - UFI\",\"isPartOf\":{\"@id\":\"https:\/\/www.ufi.eu\/de\/#website\"},\"datePublished\":\"2025-03-29T10:46:04+00:00\",\"dateModified\":\"2025-03-29T10:46:05+00:00\",\"breadcrumb\":{\"@id\":\"https:\/\/www.ufi.eu\/de\/bedingungen-und-konditionen\/#breadcrumb\"},\"inLanguage\":\"de\",\"potentialAction\":[{\"@type\":\"ReadAction\",\"target\":[\"https:\/\/www.ufi.eu\/de\/bedingungen-und-konditionen\/\"]}]},{\"@type\":\"BreadcrumbList\",\"@id\":\"https:\/\/www.ufi.eu\/de\/bedingungen-und-konditionen\/#breadcrumb\",\"itemListElement\":[{\"@type\":\"ListItem\",\"position\":1,\"name\":\"Home\",\"item\":\"https:\/\/www.ufi.eu\/de\/startseite\/\"},{\"@type\":\"ListItem\",\"position\":2,\"name\":\"Bedingungen und Konditionen\"}]},{\"@type\":\"WebSite\",\"@id\":\"https:\/\/www.ufi.eu\/de\/#website\",\"url\":\"https:\/\/www.ufi.eu\/de\/\",\"name\":\"UFI.EU\",\"description\":\"Poison Centre Notifications (PCN) and UFI\",\"publisher\":{\"@id\":\"https:\/\/www.ufi.eu\/de\/#organization\"},\"potentialAction\":[{\"@type\":\"SearchAction\",\"target\":{\"@type\":\"EntryPoint\",\"urlTemplate\":\"https:\/\/www.ufi.eu\/de\/?s={search_term_string}\"},\"query-input\":{\"@type\":\"PropertyValueSpecification\",\"valueRequired\":true,\"valueName\":\"search_term_string\"}}],\"inLanguage\":\"de\"},{\"@type\":\"Organization\",\"@id\":\"https:\/\/www.ufi.eu\/de\/#organization\",\"name\":\"UFI.EU\",\"url\":\"https:\/\/www.ufi.eu\/de\/\",\"logo\":{\"@type\":\"ImageObject\",\"inLanguage\":\"de\",\"@id\":\"https:\/\/www.ufi.eu\/de\/#\/schema\/logo\/image\/\",\"url\":\"https:\/\/www.ufi.eu\/wp-content\/uploads\/2025\/03\/cropped-logo_ufi3.jpg\",\"contentUrl\":\"https:\/\/www.ufi.eu\/wp-content\/uploads\/2025\/03\/cropped-logo_ufi3.jpg\",\"width\":231,\"height\":78,\"caption\":\"UFI.EU\"},\"image\":{\"@id\":\"https:\/\/www.ufi.eu\/de\/#\/schema\/logo\/image\/\"},\"description\":\"UFI.eu specializes in digital registrations for Poison Centre Notifications (PCN), ensuring your chemical products meet EU regulatory requirements effortlessly. Our streamlined solutions help businesses stay compliant while reducing complexity and administrative burden.\",\"email\":\"info@ufi.eu\",\"legalName\":\"UFI.EU\"}]}<\/script>\n<!-- \/ Yoast SEO Premium plugin. -->","yoast_head_json":{"title":"Bedingungen und Konditionen - UFI","robots":{"index":"index","follow":"follow","max-snippet":"max-snippet:-1","max-image-preview":"max-image-preview:large","max-video-preview":"max-video-preview:-1"},"canonical":"https:\/\/www.ufi.eu\/de\/bedingungen-und-konditionen\/","og_locale":"de_DE","og_type":"article","og_title":"Bedingungen und Konditionen","og_description":"Unternehmen: UFI.EUEingetragene Adresse: Transistorstraat 91 &#8211; 02, 1322 CL Almere, Die NiederlandeHandelskammer (KvK): 61064939UMSATZSTEUER-ID: NL854189543B01 1. \u00dcberblick Diese Website wird von UFI.EU betrieben. Auf der gesamten Website beziehen sich die Begriffe &#8220;wir&#8221;, &#8220;uns&#8221; und &#8220;unser&#8221; auf UFI.EU. Indem Sie unsere Website besuchen und\/oder etwas bei uns kaufen, nutzen Sie unseren &#8220;Service&#8221; und erkl\u00e4ren sich mit [&hellip;]","og_url":"https:\/\/www.ufi.eu\/de\/bedingungen-und-konditionen\/","og_site_name":"UFI","article_modified_time":"2025-03-29T10:46:05+00:00","twitter_card":"summary_large_image","twitter_misc":{"Gesch\u00e4tzte Lesezeit":"5\u00a0Minute"},"schema":{"@context":"https:\/\/schema.org","@graph":[{"@type":"WebPage","@id":"https:\/\/www.ufi.eu\/de\/bedingungen-und-konditionen\/","url":"https:\/\/www.ufi.eu\/de\/bedingungen-und-konditionen\/","name":"Bedingungen und Konditionen - UFI","isPartOf":{"@id":"https:\/\/www.ufi.eu\/de\/#website"},"datePublished":"2025-03-29T10:46:04+00:00","dateModified":"2025-03-29T10:46:05+00:00","breadcrumb":{"@id":"https:\/\/www.ufi.eu\/de\/bedingungen-und-konditionen\/#breadcrumb"},"inLanguage":"de","potentialAction":[{"@type":"ReadAction","target":["https:\/\/www.ufi.eu\/de\/bedingungen-und-konditionen\/"]}]},{"@type":"BreadcrumbList","@id":"https:\/\/www.ufi.eu\/de\/bedingungen-und-konditionen\/#breadcrumb","itemListElement":[{"@type":"ListItem","position":1,"name":"Home","item":"https:\/\/www.ufi.eu\/de\/startseite\/"},{"@type":"ListItem","position":2,"name":"Bedingungen und Konditionen"}]},{"@type":"WebSite","@id":"https:\/\/www.ufi.eu\/de\/#website","url":"https:\/\/www.ufi.eu\/de\/","name":"UFI.EU","description":"Poison Centre Notifications (PCN) and UFI","publisher":{"@id":"https:\/\/www.ufi.eu\/de\/#organization"},"potentialAction":[{"@type":"SearchAction","target":{"@type":"EntryPoint","urlTemplate":"https:\/\/www.ufi.eu\/de\/?s={search_term_string}"},"query-input":{"@type":"PropertyValueSpecification","valueRequired":true,"valueName":"search_term_string"}}],"inLanguage":"de"},{"@type":"Organization","@id":"https:\/\/www.ufi.eu\/de\/#organization","name":"UFI.EU","url":"https:\/\/www.ufi.eu\/de\/","logo":{"@type":"ImageObject","inLanguage":"de","@id":"https:\/\/www.ufi.eu\/de\/#\/schema\/logo\/image\/","url":"https:\/\/www.ufi.eu\/wp-content\/uploads\/2025\/03\/cropped-logo_ufi3.jpg","contentUrl":"https:\/\/www.ufi.eu\/wp-content\/uploads\/2025\/03\/cropped-logo_ufi3.jpg","width":231,"height":78,"caption":"UFI.EU"},"image":{"@id":"https:\/\/www.ufi.eu\/de\/#\/schema\/logo\/image\/"},"description":"UFI.eu specializes in digital registrations for Poison Centre Notifications (PCN), ensuring your chemical products meet EU regulatory requirements effortlessly. Our streamlined solutions help businesses stay compliant while reducing complexity and administrative burden.","email":"info@ufi.eu","legalName":"UFI.EU"}]}},"_links":{"self":[{"href":"https:\/\/www.ufi.eu\/de\/wp-json\/wp\/v2\/pages\/8770","targetHints":{"allow":["GET"]}}],"collection":[{"href":"https:\/\/www.ufi.eu\/de\/wp-json\/wp\/v2\/pages"}],"about":[{"href":"https:\/\/www.ufi.eu\/de\/wp-json\/wp\/v2\/types\/page"}],"author":[{"embeddable":true,"href":"https:\/\/www.ufi.eu\/de\/wp-json\/wp\/v2\/users\/1"}],"replies":[{"embeddable":true,"href":"https:\/\/www.ufi.eu\/de\/wp-json\/wp\/v2\/comments?post=8770"}],"version-history":[{"count":1,"href":"https:\/\/www.ufi.eu\/de\/wp-json\/wp\/v2\/pages\/8770\/revisions"}],"predecessor-version":[{"id":8771,"href":"https:\/\/www.ufi.eu\/de\/wp-json\/wp\/v2\/pages\/8770\/revisions\/8771"}],"wp:attachment":[{"href":"https:\/\/www.ufi.eu\/de\/wp-json\/wp\/v2\/media?parent=8770"}],"curies":[{"name":"wp","href":"https:\/\/api.w.org\/{rel}","templated":true}]}}