{"id":31718,"date":"2025-09-24T14:37:46","date_gmt":"2025-09-24T14:37:46","guid":{"rendered":"https:\/\/www.ufi.eu\/product\/alle-eoes-lande-til-pcn-registrering-bundle\/"},"modified":"2025-09-24T14:37:55","modified_gmt":"2025-09-24T14:37:55","slug":"alle-eoes-lande-til-pcn-registrering-bundle","status":"publish","type":"product","link":"https:\/\/www.ufi.eu\/da\/product\/alle-eoes-lande-til-pcn-registrering-bundle\/","title":{"rendered":"Alle E\u00d8S-lande til PCN-registrering Bundle"},"content":{"rendered":"\n<h2 class=\"wp-block-heading\" id=\"h-launch-your-product-across-europe-with-ease\">Lancer nemt dit produkt i hele Europa<\/h2>\n\n<p>N\u00e5r du registrerer dit produkt til EU Poison Centre Notification (PCN), skal hvert land, du planl\u00e6gger at s\u00e6lge i, indsendes til sin respektive nationale myndighed. Med vores EU-lande til PCN-registrering kan du v\u00e6lge pr\u00e6cis de lande, hvor du vil lancere dit produkt &#8211; det giver dig fuld fleksibilitet og kontrol over din markedsd\u00e6kning.<\/p>\n\n<h2 class=\"wp-block-heading\" id=\"h-what-you-re-purchasing\">Hvad du k\u00f8ber<\/h2>\n\n<p>Dette produkt er en <strong>samlet pakke til alle E\u00d8S-lande<\/strong>. Disse 30 tokens kan bruges <strong>til enhver PCN-registrering<\/strong>, du foretager hos os. N\u00e5r de er k\u00f8bt, <strong>f\u00f8jes<\/strong> landene <strong>til <a href=\"https:\/\/www.ufi.eu\/my-account\/points\/\">din PCN-landeliste<\/a><\/strong> og kan anvendes, n\u00e5r du udfylder vores <strong>PCN-indtagelsesformular<\/strong> for dit produkt.  <\/p>\n\n<p><strong>Du skal ogs\u00e5 <a href=\"https:\/\/www.ufi.eu\/shop\/\">k\u00f8be et PCN til dit produkt<\/a>. Dette produkt er kun et l\u00f8st land, ikke et PCN. <\/strong><\/p>\n\n<h4 class=\"wp-block-heading\">\u2705 S\u00e5dan fungerer det:<\/h4>\n\n<ol class=\"wp-block-list\">\n<li>Find ud af, <strong>hvilke lande<\/strong> du vil s\u00e6lge i.<\/li>\n\n\n\n<li>K\u00f8b antallet af <strong>landem\u00e6rker<\/strong>.<\/li>\n\n\n\n<li><a href=\"https:\/\/www.ufi.eu\/da\/nyt-produkt\/\">Indsend dit produkts optagelsesformular<\/a> til os.<\/li>\n\n\n\n<li>Du skal blot udpege de lande, hvor du gerne vil have, at vi sender dit produkt til PCN.<\/li>\n\n\n\n<li>Landem\u00e6rket tr\u00e6kkes fra dit samlede bel\u00f8b, n\u00e5r du sender din formular til os.<\/li>\n<\/ol>\n\n<p>Uanset om du lancerer \u00e9t produkt eller administrerer en hel portef\u00f8lje, kan du <strong>bruge <a href=\"https:\/\/www.ufi.eu\/my-account\/points\/\">dine k\u00f8bte landetokens<\/a><\/strong> p\u00e5 tv\u00e6rs af forskellige PCN-ans\u00f8gninger &#8211; det sparer tid, sikrer overholdelse og udvider din tilstedev\u00e6relse p\u00e5 EU-markedet uden problemer.<\/p>\n\n<h3 class=\"wp-block-heading\" id=\"h-supported-eu-countries\">St\u00f8ttede EU-lande<\/h3>\n\n<p>EU har 27 lande, og E\u00d8S har 30 (EU+Lichtenstein, Norge og Island). I portalen kan du v\u00e6lge mellem disse lande:<\/p>\n\n<figure class=\"wp-block-table\"><table class=\"has-fixed-layout\"><tbody><tr><td>Belgien<\/td><td>(BE)<\/td><td>Spanien<\/td><td>(ES)<\/td><td>Ungarn<\/td><td>(HU)<\/td><td>Slovakiet<\/td><td>(SK)<\/td><\/tr><tr><td>Bulgarien<\/td><td>(BG)<\/td><td>Frankrig<\/td><td>(FR)<\/td><td>Malta<\/td><td>(MT)<\/td><td>Finland<\/td><td>(FI)<\/td><\/tr><tr><td>Tjekkiet<\/td><td>(CZ)<\/td><td>Kroatien<\/td><td>(HR)<\/td><td>Holland<\/td><td>(NL)<\/td><td>Sverige<\/td><td>(SE)<\/td><\/tr><tr><td>Danmark<\/td><td>(DK)<\/td><td>Italien<\/td><td>(IT)<\/td><td>\u00d8strig<\/td><td>(AT)<\/td><td>Tyskland<\/td><td>(DE)<\/td><\/tr><tr><td>Cypern<\/td><td>(CY)<\/td><td>Polen<\/td><td>(PL)<\/td><td>Island<\/td><td>(IS)<\/td><td>Estland<\/td><td>(EE)<\/td><\/tr><tr><td>Letland<\/td><td>(LV)<\/td><td>Portugal<\/td><td>(PT)<\/td><td>Liechtenstein<\/td><td>(LI)<\/td><td>Irland<\/td><td>(IE)<\/td><\/tr><tr><td>Litauen<\/td><td>(LT)<\/td><td>Rum\u00e6nien<\/td><td>(RO)<\/td><td>Norge<\/td><td>(NO)<\/td><td>Gr\u00e6kenland<\/td><td>(EL)<\/td><\/tr><tr><td>Luxembourg<\/td><td>(LU)<\/td><td>Slovenien<\/td><td>(SI)<\/td><td>Schweiz*<\/td><td>(CH)<\/td><td><\/td><td><\/td><\/tr><\/tbody><\/table><\/figure>\n\n<p>*For Schweiz kan vi oprette PCN-dossieret med alle de oplysninger, der er n\u00f8dvendige for at indsende en ans\u00f8gning til den schweiziske portal. Kontakt os for mere information. <\/p>\n\n<h2 class=\"wp-block-heading\" id=\"h-example-of-how-it-works\">Eksempel p\u00e5, hvordan det fungerer<\/h2>\n\n<p>Du lancerer et nyt reng\u00f8ringsprodukt i <strong>Frankrig, Tyskland og Spanien<\/strong>. Du skal blot k\u00f8be tre lande. N\u00e5r du udfylder PCN-intagelsesformularen hos os, tildeler du disse lande-tokens til produktet &#8211; og sikrer overholdelse af lovgivningen p\u00e5 alle tre markeder uden besv\u00e6ret med individuelle indsendelser.  <\/p>\n\n<p><\/p>\n","protected":false},"excerpt":{"rendered":"<p>Lancer nemt dit produkt i hele Europa N\u00e5r du registrerer dit produkt til EU Poison Centre Notification (PCN), skal hvert land, du planl\u00e6gger at s\u00e6lge i, indsendes til sin respektive nationale myndighed. Med vores EU-lande til PCN-registrering kan du v\u00e6lge pr\u00e6cis de lande, hvor du vil lancere dit produkt &#8211; det giver dig fuld fleksibilitet [&hellip;]<\/p>\n","protected":false},"featured_media":12560,"template":"","meta":[],"product_brand":[],"product_cat":[282],"product_tag":[],"class_list":{"0":"post-31718","1":"product","2":"type-product","3":"status-publish","4":"has-post-thumbnail","6":"product_cat-sikkerhedsdatablad","8":"first","9":"instock","10":"taxable","11":"shipping-taxable","12":"purchasable","13":"product-type-simple"},"bundled_by":["31737"],"bundle_stock_status":"instock","bundle_stock_quantity":null,"bundle_virtual":false,"bundle_layout":"","bundle_add_to_cart_form_location":"","bundle_editable_in_cart":false,"bundle_sold_individually_context":"","bundle_item_grouping":"","bundle_min_size":"","bundle_max_size":"","bundle_price":[],"bundled_items":[],"bundle_sell_ids":[],"yoast_head":"<!-- This site is optimized with the Yoast SEO Premium plugin v25.1 (Yoast SEO v25.1) - https:\/\/yoast.com\/wordpress\/plugins\/seo\/ -->\n<title>Alle E\u00d8S-lande til PCN-registrering Bundle - UFI<\/title>\n<meta name=\"description\" content=\"Dette produkt er en samlet pakke til alle E\u00d8S-lande. Disse 30 tokens kan bruges til enhver PCN-registrering, du foretager hos os. N\u00e5r de er k\u00f8bt, f\u00f8jes landene til din PCN-landeliste og kan anvendes, n\u00e5r du udfylder vores PCN-indtagelsesformular for dit produkt.\" \/>\n<meta name=\"robots\" content=\"index, follow, max-snippet:-1, max-image-preview:large, max-video-preview:-1\" \/>\n<link rel=\"canonical\" href=\"https:\/\/www.ufi.eu\/da\/product\/alle-eoes-lande-til-pcn-registrering-bundle\/\" \/>\n<meta property=\"og:locale\" content=\"da_DK\" \/>\n<meta property=\"og:type\" content=\"article\" \/>\n<meta property=\"og:title\" content=\"Alle E\u00d8S-lande til PCN-registrering Bundle\" \/>\n<meta property=\"og:description\" content=\"Dette produkt er en samlet pakke til alle E\u00d8S-lande. Disse 30 tokens kan bruges til enhver PCN-registrering, du foretager hos os. N\u00e5r de er k\u00f8bt, f\u00f8jes landene til din PCN-landeliste og kan anvendes, n\u00e5r du udfylder vores PCN-indtagelsesformular for dit produkt.\" \/>\n<meta property=\"og:url\" content=\"https:\/\/www.ufi.eu\/da\/product\/alle-eoes-lande-til-pcn-registrering-bundle\/\" \/>\n<meta property=\"og:site_name\" content=\"UFI\" \/>\n<meta property=\"article:modified_time\" content=\"2025-09-24T14:37:55+00:00\" \/>\n<meta property=\"og:image\" content=\"https:\/\/www.ufi.eu\/wp-content\/uploads\/2025\/03\/eu.jpg\" \/>\n\t<meta property=\"og:image:width\" content=\"800\" \/>\n\t<meta property=\"og:image:height\" content=\"800\" \/>\n\t<meta property=\"og:image:type\" content=\"image\/jpeg\" \/>\n<meta name=\"twitter:card\" content=\"summary_large_image\" \/>\n<meta name=\"twitter:label1\" content=\"Pris\" \/>\n\t<meta name=\"twitter:data1\" content=\"&euro;415.00\" \/>\n\t<meta name=\"twitter:label2\" content=\"Tilg\u00e6ngelighed\" \/>\n\t<meta name=\"twitter:data2\" content=\"P\u00e5 lager\" \/>\n<script type=\"application\/ld+json\" class=\"yoast-schema-graph\">{\"@context\":\"https:\/\/schema.org\",\"@graph\":[{\"@type\":\"WebPage\",\"@id\":\"https:\/\/www.ufi.eu\/da\/product\/alle-eoes-lande-til-pcn-registrering-bundle\/\",\"url\":\"https:\/\/www.ufi.eu\/da\/product\/alle-eoes-lande-til-pcn-registrering-bundle\/\",\"name\":\"Alle E\u00d8S-lande til PCN-registrering Bundle - UFI\",\"isPartOf\":{\"@id\":\"https:\/\/www.ufi.eu\/da\/#website\"},\"primaryImageOfPage\":{\"@id\":\"https:\/\/www.ufi.eu\/da\/product\/alle-eoes-lande-til-pcn-registrering-bundle\/#primaryimage\"},\"image\":{\"@id\":\"https:\/\/www.ufi.eu\/da\/product\/alle-eoes-lande-til-pcn-registrering-bundle\/#primaryimage\"},\"thumbnailUrl\":\"https:\/\/www.ufi.eu\/wp-content\/uploads\/2025\/03\/eu.jpg\",\"datePublished\":\"2025-09-24T14:37:46+00:00\",\"dateModified\":\"2025-09-24T14:37:55+00:00\",\"description\":\"Dette produkt er en samlet pakke til alle E\u00d8S-lande. Disse 30 tokens kan bruges til enhver PCN-registrering, du foretager hos os. N\u00e5r de er k\u00f8bt, f\u00f8jes landene til din PCN-landeliste og kan anvendes, n\u00e5r du udfylder vores PCN-indtagelsesformular for dit produkt.\",\"breadcrumb\":{\"@id\":\"https:\/\/www.ufi.eu\/da\/product\/alle-eoes-lande-til-pcn-registrering-bundle\/#breadcrumb\"},\"inLanguage\":\"da-DK\",\"potentialAction\":[{\"@type\":\"ReadAction\",\"target\":[\"https:\/\/www.ufi.eu\/da\/product\/alle-eoes-lande-til-pcn-registrering-bundle\/\"]}]},{\"@type\":\"ImageObject\",\"inLanguage\":\"da-DK\",\"@id\":\"https:\/\/www.ufi.eu\/da\/product\/alle-eoes-lande-til-pcn-registrering-bundle\/#primaryimage\",\"url\":\"https:\/\/www.ufi.eu\/wp-content\/uploads\/2025\/03\/eu.jpg\",\"contentUrl\":\"https:\/\/www.ufi.eu\/wp-content\/uploads\/2025\/03\/eu.jpg\",\"width\":800,\"height\":800},{\"@type\":\"BreadcrumbList\",\"@id\":\"https:\/\/www.ufi.eu\/da\/product\/alle-eoes-lande-til-pcn-registrering-bundle\/#breadcrumb\",\"itemListElement\":[{\"@type\":\"ListItem\",\"position\":1,\"name\":\"Home\",\"item\":\"https:\/\/www.ufi.eu\/da\/hjem\/\"},{\"@type\":\"ListItem\",\"position\":2,\"name\":\"Butik\",\"item\":\"https:\/\/www.ufi.eu\/da\/butik\/\"},{\"@type\":\"ListItem\",\"position\":3,\"name\":\"Alle E\u00d8S-lande til PCN-registrering Bundle\"}]},{\"@type\":\"WebSite\",\"@id\":\"https:\/\/www.ufi.eu\/da\/#website\",\"url\":\"https:\/\/www.ufi.eu\/da\/\",\"name\":\"UFI.EU\",\"description\":\"Poison Centre Notifications (PCN) and UFI\",\"publisher\":{\"@id\":\"https:\/\/www.ufi.eu\/da\/#organization\"},\"potentialAction\":[{\"@type\":\"SearchAction\",\"target\":{\"@type\":\"EntryPoint\",\"urlTemplate\":\"https:\/\/www.ufi.eu\/da\/?s={search_term_string}\"},\"query-input\":{\"@type\":\"PropertyValueSpecification\",\"valueRequired\":true,\"valueName\":\"search_term_string\"}}],\"inLanguage\":\"da-DK\"},{\"@type\":\"Organization\",\"@id\":\"https:\/\/www.ufi.eu\/da\/#organization\",\"name\":\"UFI.EU\",\"url\":\"https:\/\/www.ufi.eu\/da\/\",\"logo\":{\"@type\":\"ImageObject\",\"inLanguage\":\"da-DK\",\"@id\":\"https:\/\/www.ufi.eu\/da\/#\/schema\/logo\/image\/\",\"url\":\"https:\/\/www.ufi.eu\/wp-content\/uploads\/2025\/03\/cropped-logo_ufi3.jpg\",\"contentUrl\":\"https:\/\/www.ufi.eu\/wp-content\/uploads\/2025\/03\/cropped-logo_ufi3.jpg\",\"width\":231,\"height\":78,\"caption\":\"UFI.EU\"},\"image\":{\"@id\":\"https:\/\/www.ufi.eu\/da\/#\/schema\/logo\/image\/\"},\"description\":\"UFI.eu specializes in digital registrations for Poison Centre Notifications (PCN), ensuring your chemical products meet EU regulatory requirements effortlessly. Our streamlined solutions help businesses stay compliant while reducing complexity and administrative burden.\",\"email\":\"info@ufi.eu\",\"legalName\":\"UFI.EU\"}]}<\/script>\n<meta property=\"product:price:amount\" content=\"415.00\" \/>\n<meta property=\"product:price:currency\" content=\"EUR\" \/>\n<meta property=\"og:availability\" content=\"instock\" \/>\n<meta property=\"product:availability\" content=\"instock\" \/>\n<meta property=\"product:condition\" content=\"new\" \/>\n<!-- \/ Yoast SEO Premium plugin. -->","yoast_head_json":{"title":"Alle E\u00d8S-lande til PCN-registrering Bundle - UFI","description":"Dette produkt er en samlet pakke til alle E\u00d8S-lande. Disse 30 tokens kan bruges til enhver PCN-registrering, du foretager hos os. N\u00e5r de er k\u00f8bt, f\u00f8jes landene til din PCN-landeliste og kan anvendes, n\u00e5r du udfylder vores PCN-indtagelsesformular for dit produkt.","robots":{"index":"index","follow":"follow","max-snippet":"max-snippet:-1","max-image-preview":"max-image-preview:large","max-video-preview":"max-video-preview:-1"},"canonical":"https:\/\/www.ufi.eu\/da\/product\/alle-eoes-lande-til-pcn-registrering-bundle\/","og_locale":"da_DK","og_type":"article","og_title":"Alle E\u00d8S-lande til PCN-registrering Bundle","og_description":"Dette produkt er en samlet pakke til alle E\u00d8S-lande. Disse 30 tokens kan bruges til enhver PCN-registrering, du foretager hos os. N\u00e5r de er k\u00f8bt, f\u00f8jes landene til din PCN-landeliste og kan anvendes, n\u00e5r du udfylder vores PCN-indtagelsesformular for dit produkt.","og_url":"https:\/\/www.ufi.eu\/da\/product\/alle-eoes-lande-til-pcn-registrering-bundle\/","og_site_name":"UFI","article_modified_time":"2025-09-24T14:37:55+00:00","og_image":[{"width":800,"height":800,"url":"https:\/\/www.ufi.eu\/wp-content\/uploads\/2025\/03\/eu.jpg","type":"image\/jpeg"}],"twitter_card":"summary_large_image","twitter_misc":{"Pris":"&euro;415.00","Tilg\u00e6ngelighed":"P\u00e5 lager"},"schema":{"@context":"https:\/\/schema.org","@graph":[{"@type":"WebPage","@id":"https:\/\/www.ufi.eu\/da\/product\/alle-eoes-lande-til-pcn-registrering-bundle\/","url":"https:\/\/www.ufi.eu\/da\/product\/alle-eoes-lande-til-pcn-registrering-bundle\/","name":"Alle E\u00d8S-lande til PCN-registrering Bundle - UFI","isPartOf":{"@id":"https:\/\/www.ufi.eu\/da\/#website"},"primaryImageOfPage":{"@id":"https:\/\/www.ufi.eu\/da\/product\/alle-eoes-lande-til-pcn-registrering-bundle\/#primaryimage"},"image":{"@id":"https:\/\/www.ufi.eu\/da\/product\/alle-eoes-lande-til-pcn-registrering-bundle\/#primaryimage"},"thumbnailUrl":"https:\/\/www.ufi.eu\/wp-content\/uploads\/2025\/03\/eu.jpg","datePublished":"2025-09-24T14:37:46+00:00","dateModified":"2025-09-24T14:37:55+00:00","description":"Dette produkt er en samlet pakke til alle E\u00d8S-lande. Disse 30 tokens kan bruges til enhver PCN-registrering, du foretager hos os. N\u00e5r de er k\u00f8bt, f\u00f8jes landene til din PCN-landeliste og kan anvendes, n\u00e5r du udfylder vores PCN-indtagelsesformular for dit produkt.","breadcrumb":{"@id":"https:\/\/www.ufi.eu\/da\/product\/alle-eoes-lande-til-pcn-registrering-bundle\/#breadcrumb"},"inLanguage":"da-DK","potentialAction":[{"@type":"ReadAction","target":["https:\/\/www.ufi.eu\/da\/product\/alle-eoes-lande-til-pcn-registrering-bundle\/"]}]},{"@type":"ImageObject","inLanguage":"da-DK","@id":"https:\/\/www.ufi.eu\/da\/product\/alle-eoes-lande-til-pcn-registrering-bundle\/#primaryimage","url":"https:\/\/www.ufi.eu\/wp-content\/uploads\/2025\/03\/eu.jpg","contentUrl":"https:\/\/www.ufi.eu\/wp-content\/uploads\/2025\/03\/eu.jpg","width":800,"height":800},{"@type":"BreadcrumbList","@id":"https:\/\/www.ufi.eu\/da\/product\/alle-eoes-lande-til-pcn-registrering-bundle\/#breadcrumb","itemListElement":[{"@type":"ListItem","position":1,"name":"Home","item":"https:\/\/www.ufi.eu\/da\/hjem\/"},{"@type":"ListItem","position":2,"name":"Butik","item":"https:\/\/www.ufi.eu\/da\/butik\/"},{"@type":"ListItem","position":3,"name":"Alle E\u00d8S-lande til PCN-registrering Bundle"}]},{"@type":"WebSite","@id":"https:\/\/www.ufi.eu\/da\/#website","url":"https:\/\/www.ufi.eu\/da\/","name":"UFI.EU","description":"Poison Centre Notifications (PCN) and UFI","publisher":{"@id":"https:\/\/www.ufi.eu\/da\/#organization"},"potentialAction":[{"@type":"SearchAction","target":{"@type":"EntryPoint","urlTemplate":"https:\/\/www.ufi.eu\/da\/?s={search_term_string}"},"query-input":{"@type":"PropertyValueSpecification","valueRequired":true,"valueName":"search_term_string"}}],"inLanguage":"da-DK"},{"@type":"Organization","@id":"https:\/\/www.ufi.eu\/da\/#organization","name":"UFI.EU","url":"https:\/\/www.ufi.eu\/da\/","logo":{"@type":"ImageObject","inLanguage":"da-DK","@id":"https:\/\/www.ufi.eu\/da\/#\/schema\/logo\/image\/","url":"https:\/\/www.ufi.eu\/wp-content\/uploads\/2025\/03\/cropped-logo_ufi3.jpg","contentUrl":"https:\/\/www.ufi.eu\/wp-content\/uploads\/2025\/03\/cropped-logo_ufi3.jpg","width":231,"height":78,"caption":"UFI.EU"},"image":{"@id":"https:\/\/www.ufi.eu\/da\/#\/schema\/logo\/image\/"},"description":"UFI.eu specializes in digital registrations for Poison Centre Notifications (PCN), ensuring your chemical products meet EU regulatory requirements effortlessly. Our streamlined solutions help businesses stay compliant while reducing complexity and administrative burden.","email":"info@ufi.eu","legalName":"UFI.EU"}]},"product_price_amount":"415.00","product_price_currency":"EUR","og_availability":"instock","product_availability":"instock","product_condition":"new"},"_links":{"self":[{"href":"https:\/\/www.ufi.eu\/da\/wp-json\/wp\/v2\/product\/31718","targetHints":{"allow":["GET"]}}],"collection":[{"href":"https:\/\/www.ufi.eu\/da\/wp-json\/wp\/v2\/product"}],"about":[{"href":"https:\/\/www.ufi.eu\/da\/wp-json\/wp\/v2\/types\/product"}],"wp:featuredmedia":[{"embeddable":true,"href":"https:\/\/www.ufi.eu\/da\/wp-json\/wp\/v2\/media\/12560"}],"wp:attachment":[{"href":"https:\/\/www.ufi.eu\/da\/wp-json\/wp\/v2\/media?parent=31718"}],"wp:term":[{"taxonomy":"product_brand","embeddable":true,"href":"https:\/\/www.ufi.eu\/da\/wp-json\/wp\/v2\/product_brand?post=31718"},{"taxonomy":"product_cat","embeddable":true,"href":"https:\/\/www.ufi.eu\/da\/wp-json\/wp\/v2\/product_cat?post=31718"},{"taxonomy":"product_tag","embeddable":true,"href":"https:\/\/www.ufi.eu\/da\/wp-json\/wp\/v2\/product_tag?post=31718"}],"curies":[{"name":"wp","href":"https:\/\/api.w.org\/{rel}","templated":true}]}}