{"id":19761,"date":"2025-03-20T08:26:45","date_gmt":"2025-04-17T09:02:29","guid":{"rendered":"https:\/\/www.ufi.eu\/pcn\/Ikke kategoriseret\/pcn-og-ufi-for-vaesker-til-metalbearbejdning\/"},"modified":"2025-04-17T09:02:29","modified_gmt":"2025-04-17T09:02:29","slug":"pcn-og-ufi-for-vaesker-til-metalbearbejdning","status":"publish","type":"product","link":"https:\/\/www.ufi.eu\/da\/product\/pcn-og-ufi-for-vaesker-til-metalbearbejdning\/","title":{"rendered":"PCN og UFI for v\u00e6sker til metalbearbejdning"},"content":{"rendered":"<h2>Hvordan fungerer UFI-oprettelses- og PCN-meddelelsestjenesten?<\/h2>\n<p>N\u00e5r du har k\u00f8bt denne service, f\u00e5r du adgang til den sikre portal. Denne portal indeholder en oversigt over alle trin.  Du udfylder dine produktoplysninger, og s\u00e5 g\u00e5r vi i gang.<\/p>\n<h3>Underretning om giftcenter og UFI<\/h3>\n<p>Det s\u00f8rger vi for:<\/p>\n<ul>\n<li>Dit produkts unikke formelidentifikator (UFI)<\/li>\n<li>En rapport fra Giftinformationscentralen (PCN)<\/li>\n<li>Registrering af dit produkt hos de relevante nationale giftcentre via ECHA.<\/li>\n<\/ul>\n<h3>Lande til PCN-registrering<\/h3>\n<p>Du kan t\u00e6lle antallet af lande, hvor du \u00f8nsker at registrere dit produkt. Dette er antallet af lande, du skal k\u00f8be.  Du vil kunne v\u00e6lge de specifikke lande i portalen. Hvis du planl\u00e6gger at udvide salget af dine produkter til nye lande p\u00e5 et senere tidspunkt, kan du altid bestille yderligere <a href=\"https:\/\/www.ufi.eu\/da\/pcn\/lande\/lande-til-pcn-registrering\/\" target=\"_blank\" title=\"PCN-landsregistreringer\">PCN-landeregistreringer<\/a>.<br \/>EU har 27 lande, og E\u00d8S har 30 (EU+Lichtenstein, Norge og Island) I portalen kan du v\u00e6lge disse lande: <\/p>\n<table cellpadding=\"2\" cellspacing=\"0\" border=\"1\">\n<tbody>\n<tr>\n<td>Belgien<\/td>\n<td>(BE)<\/td>\n<td>Spanien<\/td>\n<td>(ES)<\/td>\n<td>Ungarn<\/td>\n<td>(HU)<\/td>\n<td>Slovakiet<\/td>\n<td>(SK)<\/td>\n<\/tr>\n<tr>\n<td>Bulgarien<\/td>\n<td>(BG)<\/td>\n<td>Frankrig<\/td>\n<td>(FR)<\/td>\n<td>Malta<\/td>\n<td>(MT)<\/td>\n<td>Finland<\/td>\n<td>(FI)<\/td>\n<\/tr>\n<tr>\n<td>Tjekkiet<\/td>\n<td>(CZ)<\/td>\n<td>Kroatien<\/td>\n<td>(HR)<\/td>\n<td>Holland<\/td>\n<td>(NL)<\/td>\n<td>Sverige<\/td>\n<td>(SE)<\/td>\n<\/tr>\n<tr>\n<td>Danmark<\/td>\n<td>(DK)<\/td>\n<td>Italien<\/td>\n<td>(IT)<\/td>\n<td>\u00d8strig<\/td>\n<td>(AT)<\/td>\n<td>Tyskland<\/td>\n<td>(DE)<\/td>\n<\/tr>\n<tr>\n<td>Cypern<\/td>\n<td>(CY)<\/td>\n<td>Polen<\/td>\n<td>(PL)<\/td>\n<td>Island<\/td>\n<td>(IS)<\/td>\n<td>Estland<\/td>\n<td>(EE)<\/td>\n<\/tr>\n<tr>\n<td>Letland<\/td>\n<td>(LV)<\/td>\n<td>Portugal<\/td>\n<td>(PT)<\/td>\n<td>Liechtenstein<\/td>\n<td>(LI)<\/td>\n<td>Irland<\/td>\n<td>(IE)<\/td>\n<\/tr>\n<tr>\n<td>Litauen<\/td>\n<td>(LT)<\/td>\n<td>Rum\u00e6nien<\/td>\n<td>(RO)<\/td>\n<td>Norge<\/td>\n<td>(NO)<\/td>\n<td>Gr\u00e6kenland<\/td>\n<td>(EL)<\/td>\n<\/tr>\n<tr>\n<td>Luxembourg<\/td>\n<td>(LU)<\/td>\n<td>Slovenien<\/td>\n<td>(SI)<\/td>\n<td>Schweiz*<\/td>\n<td>(CH)<\/td>\n<td><\/td>\n<td><\/td>\n<\/tr>\n<\/tbody>\n<\/table>\n<p>*For Schweiz kan vi oprette PCN-dossieret med alle de oplysninger, der er n\u00f8dvendige for at indsende en ans\u00f8gning til den schweiziske portal. Kontakt os for mere information. <\/p>\n<h3>Oplysninger om CLP-m\u00e6rkning<\/h3>\n<p>Vi tilbyder muligheden for at k\u00f8be en CLP-kompatibel produktetiket, der indeholder alle obligatoriske oplysninger i henhold til EU&#8217;s CLP-forordning. Denne vil blive leveret som en PDF.  Dette er ikke et design, men et sammendrag af de n\u00f8dvendige oplysninger. Det g\u00f8r det muligt for dig at integrere de n\u00f8dvendige oplysninger i dit produktm\u00e6rkedesign. Du kan ogs\u00e5 bestille <a href=\"https:\/\/www.ufi.eu\/da\/pcn\/clp-maerkning\/oprettelse-af-clp-label-og-kontrol-af-overholdelse\/\" target=\"_blank\" title=\"CLP-m\u00e6rkningCreation\">oprettelsen af CLP-labels<\/a> separat. Har du allerede en etiket? &#8211; Vi kan <a href=\"https:\/\/www.ufi.eu\/da\/pcn\/clp-maerkning\/oprettelse-af-clp-label-og-kontrol-af-overholdelse\/\" target=\"_blank\" title=\"Kontrol af overholdelse af CLP-label\">tjekke, om din etiket overholder<\/a> CLP-kravene i overensstemmelse med de nuv\u00e6rende CLP-krav. Vi giver detaljeret feedback og rettelser for at sikre, at din label opfylder alle lovm\u00e6ssige standarder.     <\/p>\n<h2>Meddelelse fra Giftlinjen om metalbearbejdningsv\u00e6sker<\/h2>\n<p>Metalbearbejdningsv\u00e6sker er afg\u00f8rende for fremstillings- og bearbejdningsprocesser, da de hj\u00e6lper med at k\u00f8le, sm\u00f8re og forhindre korrosion af metaldele. Disse v\u00e6sker kan omfatte olier, emulsioner og pastaer, der bruges i industrier som bilindustrien, luft- og rumfart og tungt maskineri. P\u00e5 grund af de potentielle farer, der er forbundet med metalbearbejdningsv\u00e6sker, skal de registreres hos Giftinformationscentralen via en PCN (Poison Centre Notification) for at sikre, at giftinformationscentrene kan f\u00e5 adgang til vigtige sikkerhedsoplysninger i tilf\u00e6lde af utilsigtet eksponering eller forkert brug.  <\/p>\n<h3>Hvad er en UFI?<\/h3>\n<p>Unique Formula Identifier (UFI) er en alfanumerisk kode p\u00e5 16 tegn, der entydigt identificerer den kemiske sammens\u00e6tning af et produkt, f.eks. metalbearbejdningsv\u00e6sker. UFI&#8217;en skal vises p\u00e5 produktetiketten for at g\u00f8re det lettere for giftcentraler og beredskabspersonale hurtigt at identificere stoffet i tilf\u00e6lde af en n\u00f8dsituation. <\/p>\n<h3>Hvad er en PCN?<\/h3>\n<p>En Poison Centre Notification (PCN) er en indberetning, der kr\u00e6ves i henhold til EU-lovgivningen, hvor detaljerede produktoplysninger indsendes til giftcentrene. For metalbearbejdningsv\u00e6sker omfatter dette data om den kemiske sammens\u00e6tning, fareklassificering, tilsigtet brug og emballage. Dette sikrer, at giftcentrene er udstyret med n\u00f8jagtige og komplette oplysninger, s\u00e5 de kan give effektiv medicinsk r\u00e5dgivning i tilf\u00e6lde af eksponering.  <\/p>\n<h3>Hvad er CLP?<\/h3>\n<p>CLP-forordningen (Classification, Labelling and Packaging) kr\u00e6ver, at farlige stoffer og blandinger klassificeres i henhold til deres sundheds-, milj\u00f8- og fysiske farer. For metalbearbejdningsv\u00e6sker sikrer denne forordning, at der anvendes passende faresymboler, advarselsm\u00e6rkater og sikkerhedss\u00e6tninger for at g\u00f8re brugerne opm\u00e6rksomme p\u00e5 de risici, der er forbundet med produktet. <\/p>\n<h3>Hvad er Giftlinjen?<\/h3>\n<p>Giftlinjen er et netv\u00e6rk af nationale organisationer, der h\u00e5ndterer tilf\u00e6lde af forgiftning og kemisk eksponering. De spiller en afg\u00f8rende rolle i at give rettidig og pr\u00e6cis information i n\u00f8dsituationer. Med adgang til data indsendt i PCN er de i stand til at reagere hurtigt og tilbyde vejledning om risici og behandling af eksponering for farlige stoffer, herunder metalbearbejdningsv\u00e6sker.  <\/p>\n<h3>Hvorfor er det n\u00f8dvendigt?<\/h3>\n<p>V\u00e6sker til metalbearbejdning indeholder ofte kemikalier, der kan udg\u00f8re en betydelig sundhedsrisiko, hvis de h\u00e5ndteres forkert eller uds\u00e6ttes for mennesker. Et PCN sikrer, at giftcentrene har de n\u00f8dvendige data til at reagere effektivt i en n\u00f8dsituation og beskytte folkesundheden og sikkerheden. Det er vigtigt at have n\u00f8jagtige oplysninger til r\u00e5dighed for at kunne h\u00e5ndtere utilsigtet eksponering og forhindre potentiel skade.  <\/p>\n<h3>Siden hvorn\u00e5r er dette lovpligtigt?<\/h3>\n<p>Kravet om indsendelse af en PCN for farlige blandinger, herunder metalbearbejdningsv\u00e6sker, blev obligatorisk i henhold til bilag VIII i CLP-forordningen den 1. januar 2021.<\/p>\n<h2>OFTE STILLEDE SP\u00d8RGSM\u00c5L<\/h2>\n<h3>Sp\u00f8rgsm\u00e5l: Kr\u00e6ver alle v\u00e6sker til metalbearbejdning en PCN?<\/h3>\n<p>Svar: Nej: Nej, kun de metalbearbejdningsv\u00e6sker, der er klassificeret som farlige i henhold til CLP-forordningen, kr\u00e6ver en PCN-indsendelse.<\/p>\n<h3>Sp\u00f8rgsm\u00e5l: Hvilken slags information er n\u00f8dvendig for at indsende PCN for v\u00e6sker til metalbearbejdning?<\/h3>\n<p>Svar p\u00e5 sp\u00f8rgsm\u00e5let: PCN-ans\u00f8gningen for metalbearbejdningsv\u00e6sker kr\u00e6ver oplysninger om den kemiske sammens\u00e6tning, klassificering, tilsigtet brug, emballage og den unikke formelidentifikator (UFI).<\/p>\n<h3>Sp\u00f8rgsm\u00e5l: Hvor skal UFI&#8217;en vises p\u00e5 emballagen til metalbearbejdningsv\u00e6sken?<\/h3>\n<p>Svar p\u00e5 sp\u00f8rgsm\u00e5let: UFI&#8217;en skal vises tydeligt p\u00e5 produktetiketten sammen med andre fareoplysninger for at sikre, at den er let tilg\u00e6ngelig i n\u00f8dsituationer.<\/p>\n<h3>Sp\u00f8rgsm\u00e5l: Hvem er ansvarlig for at indsende PCN for v\u00e6sker til metalbearbejdning?<\/h3>\n<p>Svar p\u00e5 sp\u00f8rgsm\u00e5let: Producenten, import\u00f8ren eller downstream-brugeren, der markedsf\u00f8rer metalbearbejdningsv\u00e6sken p\u00e5 EU-markedet, er ansvarlig for at indsende PCN&#8217;en.<\/p>\n<h3>Sp\u00f8rgsm\u00e5l: Hvad er konsekvenserne af ikke at indsende en PCN for v\u00e6sker til metalbearbejdning?<\/h3>\n<p>Svar p\u00e5 sp\u00f8rgsm\u00e5let: Manglende overholdelse af PCN-kravet kan resultere i b\u00f8der, produkttilbagekaldelser eller begr\u00e6nsninger i salget af produktet inden for EU.<\/p>\n<h3>Sp\u00f8rgsm\u00e5l: Er der nogen undtagelser for specifikke typer af metalbearbejdningsv\u00e6sker?<\/h3>\n<p>Svar p\u00e5 sp\u00f8rgsm\u00e5let: Nogle metalbearbejdningsv\u00e6sker, der ikke er klassificeret som farlige, kan v\u00e6re undtaget fra PCN-kravet, men det er vigtigt at kontrollere, om produktet er farligt i henhold til CLP-forordningen.<\/p>\n<h3>Sp\u00f8rgsm\u00e5l: Hvor lang tid tager det at indsende UFI- og PCN-meddelelsen?<\/h3>\n<p>Det tager os et par dages arbejde. S\u00e5 snart du har uploadet dokumentationen, g\u00e5r vi i gang med det samme. <\/p>\n<h3>Sp\u00f8rgsm\u00e5l til mig: Er jeg ejer af PCN-meddelelsen?<\/h3>\n<p>Ja, du er ejer af PCN-meddelelsen. Du bevarer det fulde ejerskab af de data, du har leveret.  PCN-meddelelsen vil v\u00e6re tilg\u00e6ngelig p\u00e5 din ECHA-konto.<\/p>\n<h3>Sp\u00f8rgsm\u00e5l: G\u00e6lder denne service for \u00e9t eller flere produkter?<\/h3>\n<p>Servicen g\u00e6lder for \u00e9t produkt.<\/p>\n<h3>Sp\u00f8rgsm\u00e5l: Hvorfor skal jeg betale for at oprette en UFI?<\/h3>\n<p>Den service, vi tilbyder, handler ikke kun om at levere en UFI. UFI&#8217;en er en komponent i en meget mere omfattende proces.  Vores kerneydelse er udarbejdelse og indsendelse af din giftmeddelelse (PCN) til nationale udpegede organer via ECHA-portalen, hvilket er et obligatorisk krav i henhold til EU&#8217;s CLP-forordning for markedsf\u00f8ring af farlige blandinger. At generere en UFI er den nemmeste del. PCN-rapporten er dog kompleks. Den kr\u00e6ver en detaljeret gennemgang af ingredienserne &#8211; kemiske klassifikationer &#8211; som skal formateres pr\u00e6cist til indsendelse til Giftinformationscentralen via ECHA.   <\/p>\n<h3>Sp\u00f8rgsm\u00e5l: Min virksomhed er ikke baseret i EU, hvordan kan jeg indsende en PCN?<\/h3>\n<p>Vi tilbyder en l\u00f8sning til virksomheder, der ikke er baseret i EU. Du kan finde flere oplysninger p\u00e5 siden <a href=\"https:\/\/www.ufi.eu\/da\/pcn\/uden-for-eu\/pcn-ufi-for-virksomheder-uden-for-eu\/\" target=\"_blank\" rel=\"noopener\">PCN &amp; UFI for ikke-EU-virksomheder<\/a>. <\/p>\n<h3>Sp\u00f8rgsm\u00e5l: Kan du levere sikkerhedsdatablade i fuld overensstemmelse med EU-forordningen (REACH &amp; CLP)?<\/h3>\n<p>Ja, vi kan <a href=\"https:\/\/www.ufi.eu\/da\/pcn\/sikkerhedsdatablad\/service-til-oprettelse-af-sikkerhedsdatablade-msds-sds\/\" target=\"_blank\"><strong>lave sikkerhedsdatablade (SDS)<\/strong><\/a>&#8211; ogs\u00e5 kendt som <strong>sikkerhedsdatablade (MSDS)<\/strong>&#8211; skr\u00e6ddersyet til dit produkt og i overensstemmelse med de seneste EU-regler. Uanset om du fremstiller kemiske blandinger, importerer produkter til EU eller distribuerer dem under eget m\u00e6rke, er det lovpligtigt med et SDS, der overholder reglerne, og det er afg\u00f8rende for sikker brug i hele forsyningsk\u00e6den. Du kan l\u00e6se mere p\u00e5 siden om <a href=\"https:\/\/www.ufi.eu\/da\/pcn\/sikkerhedsdatablad\/service-til-oprettelse-af-sikkerhedsdatablade-msds-sds\/\" target=\"_blank\">oprettelse af sikkerhedsdatablade (MSDS\/SDS)<\/a>.  <\/p>\n","protected":false},"excerpt":{"rendered":"<p>Hvordan fungerer UFI-oprettelses- og PCN-meddelelsestjenesten? N\u00e5r du har k\u00f8bt denne service, f\u00e5r du adgang til den sikre portal. Denne portal indeholder en oversigt over alle trin. Du udfylder dine produktoplysninger, og s\u00e5 g\u00e5r vi i gang. Underretning om giftcenter og UFI Det s\u00f8rger vi for: Dit produkts unikke formelidentifikator (UFI) En rapport fra Giftinformationscentralen (PCN) [&hellip;]<\/p>\n","protected":false},"featured_media":19762,"template":"","meta":[],"product_brand":[],"product_cat":[338],"product_tag":[],"class_list":{"0":"post-19761","1":"product","2":"type-product","3":"status-publish","4":"has-post-thumbnail","6":"product_cat-produkter-til-kemiske-eller-tekniske-processer","8":"first","9":"instock","10":"virtual","11":"taxable","12":"purchasable","13":"product-type-bundle"},"bundled_by":[],"bundle_stock_status":"instock","bundle_stock_quantity":"","bundle_virtual":false,"bundle_layout":"default","bundle_add_to_cart_form_location":"default","bundle_editable_in_cart":false,"bundle_sold_individually_context":"product","bundle_item_grouping":"parent","bundle_min_size":"","bundle_max_size":"","bundle_price":{"price":{"min":{"incl_tax":"121","excl_tax":"100"},"max":{"incl_tax":"","excl_tax":""}},"regular_price":{"min":{"incl_tax":"121","excl_tax":"100"},"max":{"incl_tax":"","excl_tax":""}}},"bundled_items":[{"bundled_item_id":8492,"product_id":12553,"menu_order":0,"quantity_min":1,"quantity_max":1,"quantity_default":1,"priced_individually":true,"shipped_individually":false,"override_title":false,"title":null,"override_description":false,"description":null,"optional":false,"hide_thumbnail":false,"discount":"","override_variations":false,"allowed_variations":[""],"override_default_variation_attributes":false,"default_variation_attributes":[],"single_product_visibility":"visible","cart_visibility":"visible","order_visibility":"visible","single_product_price_visibility":"visible","cart_price_visibility":"visible","order_price_visibility":"visible","stock_status":"in_stock"},{"bundled_item_id":8493,"product_id":12559,"menu_order":1,"quantity_min":1,"quantity_max":"","quantity_default":1,"priced_individually":true,"shipped_individually":false,"override_title":false,"title":null,"override_description":false,"description":null,"optional":false,"hide_thumbnail":false,"discount":"","override_variations":false,"allowed_variations":[""],"override_default_variation_attributes":false,"default_variation_attributes":[],"single_product_visibility":"visible","cart_visibility":"visible","order_visibility":"visible","single_product_price_visibility":"visible","cart_price_visibility":"visible","order_price_visibility":"visible","stock_status":"in_stock"}],"bundle_sell_ids":[],"yoast_head":"<!-- This site is optimized with the Yoast SEO Premium plugin v25.1 (Yoast SEO v25.1) - https:\/\/yoast.com\/wordpress\/plugins\/seo\/ -->\n<title>PCN og UFI for v\u00e6sker til metalbearbejdning - UFI<\/title>\n<meta name=\"description\" content=\"F\u00e5 en PCN &amp; UFI for v\u00e6sker til metalbearbejdning. S\u00f8rg for, at EU&#039;s giftcenter overholder reglerne med vores hurtige og p\u00e5lidelige anmeldelsesservice!\" \/>\n<meta name=\"robots\" content=\"index, follow, max-snippet:-1, max-image-preview:large, max-video-preview:-1\" \/>\n<link rel=\"canonical\" href=\"https:\/\/www.ufi.eu\/da\/product\/pcn-og-ufi-for-vaesker-til-metalbearbejdning\/\" \/>\n<meta property=\"og:locale\" content=\"da_DK\" \/>\n<meta property=\"og:type\" content=\"article\" \/>\n<meta property=\"og:title\" content=\"PCN og UFI for v\u00e6sker til metalbearbejdning\" \/>\n<meta property=\"og:description\" content=\"F\u00e5 en PCN &amp; UFI for v\u00e6sker til metalbearbejdning. S\u00f8rg for, at EU&#039;s giftcenter overholder reglerne med vores hurtige og p\u00e5lidelige anmeldelsesservice!\" \/>\n<meta property=\"og:url\" content=\"https:\/\/www.ufi.eu\/da\/product\/pcn-og-ufi-for-vaesker-til-metalbearbejdning\/\" \/>\n<meta property=\"og:site_name\" content=\"UFI\" \/>\n<meta property=\"og:image\" content=\"https:\/\/www.ufi.eu\/wp-content\/uploads\/2025\/03\/PC-TEC-13.jpg\" \/>\n\t<meta property=\"og:image:width\" content=\"1024\" \/>\n\t<meta property=\"og:image:height\" content=\"1024\" \/>\n\t<meta property=\"og:image:type\" content=\"image\/jpeg\" \/>\n<meta name=\"twitter:card\" content=\"summary_large_image\" \/>\n<meta name=\"twitter:label1\" content=\"Pris\" \/>\n\t<meta name=\"twitter:data1\" content=\"&euro;0.00\" \/>\n\t<meta name=\"twitter:label2\" content=\"Tilg\u00e6ngelighed\" \/>\n\t<meta name=\"twitter:data2\" content=\"P\u00e5 lager\" \/>\n<script type=\"application\/ld+json\" class=\"yoast-schema-graph\">{\"@context\":\"https:\/\/schema.org\",\"@graph\":[{\"@type\":\"WebPage\",\"@id\":\"https:\/\/www.ufi.eu\/da\/product\/pcn-og-ufi-for-vaesker-til-metalbearbejdning\/\",\"url\":\"https:\/\/www.ufi.eu\/da\/product\/pcn-og-ufi-for-vaesker-til-metalbearbejdning\/\",\"name\":\"PCN og UFI for v\u00e6sker til metalbearbejdning - UFI\",\"isPartOf\":{\"@id\":\"https:\/\/www.ufi.eu\/da\/#website\"},\"primaryImageOfPage\":{\"@id\":\"https:\/\/www.ufi.eu\/da\/product\/pcn-og-ufi-for-vaesker-til-metalbearbejdning\/#primaryimage\"},\"image\":{\"@id\":\"https:\/\/www.ufi.eu\/da\/product\/pcn-og-ufi-for-vaesker-til-metalbearbejdning\/#primaryimage\"},\"thumbnailUrl\":\"https:\/\/www.ufi.eu\/wp-content\/uploads\/2025\/03\/PC-TEC-13.jpg\",\"datePublished\":\"2025-04-17T09:02:29+00:00\",\"description\":\"F\u00e5 en PCN & UFI for v\u00e6sker til metalbearbejdning. S\u00f8rg for, at EU's giftcenter overholder reglerne med vores hurtige og p\u00e5lidelige anmeldelsesservice!\",\"breadcrumb\":{\"@id\":\"https:\/\/www.ufi.eu\/da\/product\/pcn-og-ufi-for-vaesker-til-metalbearbejdning\/#breadcrumb\"},\"inLanguage\":\"da-DK\",\"potentialAction\":[{\"@type\":\"ReadAction\",\"target\":[\"https:\/\/www.ufi.eu\/da\/product\/pcn-og-ufi-for-vaesker-til-metalbearbejdning\/\"]}]},{\"@type\":\"ImageObject\",\"inLanguage\":\"da-DK\",\"@id\":\"https:\/\/www.ufi.eu\/da\/product\/pcn-og-ufi-for-vaesker-til-metalbearbejdning\/#primaryimage\",\"url\":\"https:\/\/www.ufi.eu\/wp-content\/uploads\/2025\/03\/PC-TEC-13.jpg\",\"contentUrl\":\"https:\/\/www.ufi.eu\/wp-content\/uploads\/2025\/03\/PC-TEC-13.jpg\",\"width\":1024,\"height\":1024},{\"@type\":\"BreadcrumbList\",\"@id\":\"https:\/\/www.ufi.eu\/da\/product\/pcn-og-ufi-for-vaesker-til-metalbearbejdning\/#breadcrumb\",\"itemListElement\":[{\"@type\":\"ListItem\",\"position\":1,\"name\":\"Home\",\"item\":\"https:\/\/www.ufi.eu\/da\/hjem\/\"},{\"@type\":\"ListItem\",\"position\":2,\"name\":\"Butik\",\"item\":\"https:\/\/www.ufi.eu\/da\/butik\/\"},{\"@type\":\"ListItem\",\"position\":3,\"name\":\"PCN og UFI for v\u00e6sker til metalbearbejdning\"}]},{\"@type\":\"WebSite\",\"@id\":\"https:\/\/www.ufi.eu\/da\/#website\",\"url\":\"https:\/\/www.ufi.eu\/da\/\",\"name\":\"UFI.EU\",\"description\":\"Poison Centre Notifications (PCN) and UFI\",\"publisher\":{\"@id\":\"https:\/\/www.ufi.eu\/da\/#organization\"},\"potentialAction\":[{\"@type\":\"SearchAction\",\"target\":{\"@type\":\"EntryPoint\",\"urlTemplate\":\"https:\/\/www.ufi.eu\/da\/?s={search_term_string}\"},\"query-input\":{\"@type\":\"PropertyValueSpecification\",\"valueRequired\":true,\"valueName\":\"search_term_string\"}}],\"inLanguage\":\"da-DK\"},{\"@type\":\"Organization\",\"@id\":\"https:\/\/www.ufi.eu\/da\/#organization\",\"name\":\"UFI.EU\",\"url\":\"https:\/\/www.ufi.eu\/da\/\",\"logo\":{\"@type\":\"ImageObject\",\"inLanguage\":\"da-DK\",\"@id\":\"https:\/\/www.ufi.eu\/da\/#\/schema\/logo\/image\/\",\"url\":\"https:\/\/www.ufi.eu\/wp-content\/uploads\/2025\/03\/cropped-logo_ufi3.jpg\",\"contentUrl\":\"https:\/\/www.ufi.eu\/wp-content\/uploads\/2025\/03\/cropped-logo_ufi3.jpg\",\"width\":231,\"height\":78,\"caption\":\"UFI.EU\"},\"image\":{\"@id\":\"https:\/\/www.ufi.eu\/da\/#\/schema\/logo\/image\/\"},\"description\":\"UFI.eu specializes in digital registrations for Poison Centre Notifications (PCN), ensuring your chemical products meet EU regulatory requirements effortlessly. Our streamlined solutions help businesses stay compliant while reducing complexity and administrative burden.\",\"email\":\"info@ufi.eu\",\"legalName\":\"UFI.EU\"}]}<\/script>\n<meta property=\"product:price:amount\" content=\"0.00\" \/>\n<meta property=\"product:price:currency\" content=\"EUR\" \/>\n<meta property=\"og:availability\" content=\"instock\" \/>\n<meta property=\"product:availability\" content=\"instock\" \/>\n<meta property=\"product:retailer_item_id\" content=\"PC-TEC-13\" \/>\n<meta property=\"product:condition\" content=\"new\" \/>\n<!-- \/ Yoast SEO Premium plugin. -->","yoast_head_json":{"title":"PCN og UFI for v\u00e6sker til metalbearbejdning - UFI","description":"F\u00e5 en PCN & UFI for v\u00e6sker til metalbearbejdning. S\u00f8rg for, at EU's giftcenter overholder reglerne med vores hurtige og p\u00e5lidelige anmeldelsesservice!","robots":{"index":"index","follow":"follow","max-snippet":"max-snippet:-1","max-image-preview":"max-image-preview:large","max-video-preview":"max-video-preview:-1"},"canonical":"https:\/\/www.ufi.eu\/da\/product\/pcn-og-ufi-for-vaesker-til-metalbearbejdning\/","og_locale":"da_DK","og_type":"article","og_title":"PCN og UFI for v\u00e6sker til metalbearbejdning","og_description":"F\u00e5 en PCN & UFI for v\u00e6sker til metalbearbejdning. S\u00f8rg for, at EU's giftcenter overholder reglerne med vores hurtige og p\u00e5lidelige anmeldelsesservice!","og_url":"https:\/\/www.ufi.eu\/da\/product\/pcn-og-ufi-for-vaesker-til-metalbearbejdning\/","og_site_name":"UFI","og_image":[{"width":1024,"height":1024,"url":"https:\/\/www.ufi.eu\/wp-content\/uploads\/2025\/03\/PC-TEC-13.jpg","type":"image\/jpeg"}],"twitter_card":"summary_large_image","twitter_misc":{"Pris":"&euro;0.00","Tilg\u00e6ngelighed":"P\u00e5 lager"},"schema":{"@context":"https:\/\/schema.org","@graph":[{"@type":"WebPage","@id":"https:\/\/www.ufi.eu\/da\/product\/pcn-og-ufi-for-vaesker-til-metalbearbejdning\/","url":"https:\/\/www.ufi.eu\/da\/product\/pcn-og-ufi-for-vaesker-til-metalbearbejdning\/","name":"PCN og UFI for v\u00e6sker til metalbearbejdning - UFI","isPartOf":{"@id":"https:\/\/www.ufi.eu\/da\/#website"},"primaryImageOfPage":{"@id":"https:\/\/www.ufi.eu\/da\/product\/pcn-og-ufi-for-vaesker-til-metalbearbejdning\/#primaryimage"},"image":{"@id":"https:\/\/www.ufi.eu\/da\/product\/pcn-og-ufi-for-vaesker-til-metalbearbejdning\/#primaryimage"},"thumbnailUrl":"https:\/\/www.ufi.eu\/wp-content\/uploads\/2025\/03\/PC-TEC-13.jpg","datePublished":"2025-04-17T09:02:29+00:00","description":"F\u00e5 en PCN & UFI for v\u00e6sker til metalbearbejdning. S\u00f8rg for, at EU's giftcenter overholder reglerne med vores hurtige og p\u00e5lidelige anmeldelsesservice!","breadcrumb":{"@id":"https:\/\/www.ufi.eu\/da\/product\/pcn-og-ufi-for-vaesker-til-metalbearbejdning\/#breadcrumb"},"inLanguage":"da-DK","potentialAction":[{"@type":"ReadAction","target":["https:\/\/www.ufi.eu\/da\/product\/pcn-og-ufi-for-vaesker-til-metalbearbejdning\/"]}]},{"@type":"ImageObject","inLanguage":"da-DK","@id":"https:\/\/www.ufi.eu\/da\/product\/pcn-og-ufi-for-vaesker-til-metalbearbejdning\/#primaryimage","url":"https:\/\/www.ufi.eu\/wp-content\/uploads\/2025\/03\/PC-TEC-13.jpg","contentUrl":"https:\/\/www.ufi.eu\/wp-content\/uploads\/2025\/03\/PC-TEC-13.jpg","width":1024,"height":1024},{"@type":"BreadcrumbList","@id":"https:\/\/www.ufi.eu\/da\/product\/pcn-og-ufi-for-vaesker-til-metalbearbejdning\/#breadcrumb","itemListElement":[{"@type":"ListItem","position":1,"name":"Home","item":"https:\/\/www.ufi.eu\/da\/hjem\/"},{"@type":"ListItem","position":2,"name":"Butik","item":"https:\/\/www.ufi.eu\/da\/butik\/"},{"@type":"ListItem","position":3,"name":"PCN og UFI for v\u00e6sker til metalbearbejdning"}]},{"@type":"WebSite","@id":"https:\/\/www.ufi.eu\/da\/#website","url":"https:\/\/www.ufi.eu\/da\/","name":"UFI.EU","description":"Poison Centre Notifications (PCN) and UFI","publisher":{"@id":"https:\/\/www.ufi.eu\/da\/#organization"},"potentialAction":[{"@type":"SearchAction","target":{"@type":"EntryPoint","urlTemplate":"https:\/\/www.ufi.eu\/da\/?s={search_term_string}"},"query-input":{"@type":"PropertyValueSpecification","valueRequired":true,"valueName":"search_term_string"}}],"inLanguage":"da-DK"},{"@type":"Organization","@id":"https:\/\/www.ufi.eu\/da\/#organization","name":"UFI.EU","url":"https:\/\/www.ufi.eu\/da\/","logo":{"@type":"ImageObject","inLanguage":"da-DK","@id":"https:\/\/www.ufi.eu\/da\/#\/schema\/logo\/image\/","url":"https:\/\/www.ufi.eu\/wp-content\/uploads\/2025\/03\/cropped-logo_ufi3.jpg","contentUrl":"https:\/\/www.ufi.eu\/wp-content\/uploads\/2025\/03\/cropped-logo_ufi3.jpg","width":231,"height":78,"caption":"UFI.EU"},"image":{"@id":"https:\/\/www.ufi.eu\/da\/#\/schema\/logo\/image\/"},"description":"UFI.eu specializes in digital registrations for Poison Centre Notifications (PCN), ensuring your chemical products meet EU regulatory requirements effortlessly. Our streamlined solutions help businesses stay compliant while reducing complexity and administrative burden.","email":"info@ufi.eu","legalName":"UFI.EU"}]},"product_price_amount":"0.00","product_price_currency":"EUR","og_availability":"instock","product_availability":"instock","product_retailer_item_id":"PC-TEC-13","product_condition":"new"},"_links":{"self":[{"href":"https:\/\/www.ufi.eu\/da\/wp-json\/wp\/v2\/product\/19761","targetHints":{"allow":["GET"]}}],"collection":[{"href":"https:\/\/www.ufi.eu\/da\/wp-json\/wp\/v2\/product"}],"about":[{"href":"https:\/\/www.ufi.eu\/da\/wp-json\/wp\/v2\/types\/product"}],"wp:featuredmedia":[{"embeddable":true,"href":"https:\/\/www.ufi.eu\/da\/wp-json\/wp\/v2\/media\/19762"}],"wp:attachment":[{"href":"https:\/\/www.ufi.eu\/da\/wp-json\/wp\/v2\/media?parent=19761"}],"wp:term":[{"taxonomy":"product_brand","embeddable":true,"href":"https:\/\/www.ufi.eu\/da\/wp-json\/wp\/v2\/product_brand?post=19761"},{"taxonomy":"product_cat","embeddable":true,"href":"https:\/\/www.ufi.eu\/da\/wp-json\/wp\/v2\/product_cat?post=19761"},{"taxonomy":"product_tag","embeddable":true,"href":"https:\/\/www.ufi.eu\/da\/wp-json\/wp\/v2\/product_tag?post=19761"}],"curies":[{"name":"wp","href":"https:\/\/api.w.org\/{rel}","templated":true}]}}