{"id":15017,"date":"2025-03-20T08:29:19","date_gmt":"2025-04-16T13:15:26","guid":{"rendered":"https:\/\/www.ufi.eu\/pcn\/Ikke kategoriseret\/pcn-ufi-for-rengoeringsmidler-og-hjaelpestoffer\/"},"modified":"2025-04-16T13:15:26","modified_gmt":"2025-04-16T13:15:26","slug":"pcn-ufi-for-rengoeringsmidler-og-hjaelpestoffer","status":"publish","type":"product","link":"https:\/\/www.ufi.eu\/da\/product\/pcn-ufi-for-rengoeringsmidler-og-hjaelpestoffer\/","title":{"rendered":"PCN &amp; UFI for reng\u00f8ringsmidler og hj\u00e6lpestoffer"},"content":{"rendered":"<h2>Hvordan fungerer UFI-oprettelses- og PCN-meddelelsestjenesten?<\/h2>\n<p>N\u00e5r du har k\u00f8bt denne service, f\u00e5r du adgang til den sikre portal. Denne portal indeholder en oversigt over alle trin.  Du udfylder dine produktoplysninger, og s\u00e5 g\u00e5r vi i gang.<\/p>\n<h3>Underretning om giftcenter og UFI<\/h3>\n<p>Det s\u00f8rger vi for:<\/p>\n<ul>\n<li>Dit produkts unikke formelidentifikator (UFI)<\/li>\n<li>En rapport fra Giftinformationscentralen (PCN)<\/li>\n<li>Registrering af dit produkt hos de relevante nationale giftcentre via ECHA.<\/li>\n<\/ul>\n<h3>Lande til PCN-registrering<\/h3>\n<p>Du kan t\u00e6lle antallet af lande, hvor du \u00f8nsker at registrere dit produkt. Dette er antallet af lande, du skal k\u00f8be.  Du vil kunne v\u00e6lge de specifikke lande i portalen. Hvis du planl\u00e6gger at udvide salget af dine produkter til nye lande p\u00e5 et senere tidspunkt, kan du altid bestille yderligere <a href=\"https:\/\/www.ufi.eu\/da\/pcn\/lande\/lande-til-pcn-registrering\/\" target=\"_blank\" title=\"PCN-landsregistreringer\">PCN-landeregistreringer<\/a>.<br \/>EU har 27 lande, og E\u00d8S har 30 (EU+Lichtenstein, Norge og Island) I portalen kan du v\u00e6lge disse lande: <\/p>\n<table cellpadding=\"2\" cellspacing=\"0\" border=\"1\">\n<tbody>\n<tr>\n<td>Belgien<\/td>\n<td>(BE)<\/td>\n<td>Spanien<\/td>\n<td>(ES)<\/td>\n<td>Ungarn<\/td>\n<td>(HU)<\/td>\n<td>Slovakiet<\/td>\n<td>(SK)<\/td>\n<\/tr>\n<tr>\n<td>Bulgarien<\/td>\n<td>(BG)<\/td>\n<td>Frankrig<\/td>\n<td>(FR)<\/td>\n<td>Malta<\/td>\n<td>(MT)<\/td>\n<td>Finland<\/td>\n<td>(FI)<\/td>\n<\/tr>\n<tr>\n<td>Tjekkiet<\/td>\n<td>(CZ)<\/td>\n<td>Kroatien<\/td>\n<td>(HR)<\/td>\n<td>Holland<\/td>\n<td>(NL)<\/td>\n<td>Sverige<\/td>\n<td>(SE)<\/td>\n<\/tr>\n<tr>\n<td>Danmark<\/td>\n<td>(DK)<\/td>\n<td>Italien<\/td>\n<td>(IT)<\/td>\n<td>\u00d8strig<\/td>\n<td>(AT)<\/td>\n<td>Tyskland<\/td>\n<td>(DE)<\/td>\n<\/tr>\n<tr>\n<td>Cypern<\/td>\n<td>(CY)<\/td>\n<td>Polen<\/td>\n<td>(PL)<\/td>\n<td>Island<\/td>\n<td>(IS)<\/td>\n<td>Estland<\/td>\n<td>(EE)<\/td>\n<\/tr>\n<tr>\n<td>Letland<\/td>\n<td>(LV)<\/td>\n<td>Portugal<\/td>\n<td>(PT)<\/td>\n<td>Liechtenstein<\/td>\n<td>(LI)<\/td>\n<td>Irland<\/td>\n<td>(IE)<\/td>\n<\/tr>\n<tr>\n<td>Litauen<\/td>\n<td>(LT)<\/td>\n<td>Rum\u00e6nien<\/td>\n<td>(RO)<\/td>\n<td>Norge<\/td>\n<td>(NO)<\/td>\n<td>Gr\u00e6kenland<\/td>\n<td>(EL)<\/td>\n<\/tr>\n<tr>\n<td>Luxembourg<\/td>\n<td>(LU)<\/td>\n<td>Slovenien<\/td>\n<td>(SI)<\/td>\n<td>Schweiz*<\/td>\n<td>(CH)<\/td>\n<td><\/td>\n<td><\/td>\n<\/tr>\n<\/tbody>\n<\/table>\n<p>*For Schweiz kan vi oprette PCN-dossieret med alle de oplysninger, der er n\u00f8dvendige for at indsende en ans\u00f8gning til den schweiziske portal. Kontakt os for mere information. <\/p>\n<h3>Oplysninger om CLP-m\u00e6rkning<\/h3>\n<p>Vi tilbyder muligheden for at k\u00f8be en CLP-kompatibel produktetiket, der indeholder alle obligatoriske oplysninger i henhold til EU&#8217;s CLP-forordning. Denne vil blive leveret som en PDF.  Dette er ikke et design, men et sammendrag af de n\u00f8dvendige oplysninger. Det g\u00f8r det muligt for dig at integrere de n\u00f8dvendige oplysninger i dit produktm\u00e6rkedesign. Du kan ogs\u00e5 bestille <a href=\"https:\/\/www.ufi.eu\/da\/pcn\/clp-maerkning\/oprettelse-af-clp-label-og-kontrol-af-overholdelse\/\" target=\"_blank\" title=\"CLP-m\u00e6rkningCreation\">oprettelsen af CLP-labels<\/a> separat. Har du allerede en etiket? &#8211; Vi kan <a href=\"https:\/\/www.ufi.eu\/da\/pcn\/clp-maerkning\/oprettelse-af-clp-label-og-kontrol-af-overholdelse\/\" target=\"_blank\" title=\"Kontrol af overholdelse af CLP-label\">tjekke, om din etiket overholder<\/a> CLP-kravene i overensstemmelse med de nuv\u00e6rende CLP-krav. Vi giver detaljeret feedback og rettelser for at sikre, at din label opfylder alle lovm\u00e6ssige standarder.     <\/p>\n<h2>EU&#8217;s giftinformationscenter for reng\u00f8rings-, pleje- og vedligeholdelsesprodukter (undtagen biocidholdige produkter)<\/h2>\n<p>Reng\u00f8rings-, pleje- og vedligeholdelsesprodukter, der ikke er klassificeret som biocidholdige produkter, som f.eks. almindelige reng\u00f8ringsmidler, skyllemidler og vedligeholdelsessprays, skal overholde EU&#8217;s krav om anmeldelse til giftinformationscentret (PCN). Selv om disse produkter er vigtige for hverdagens reng\u00f8rings- og plejeopgaver, kan de udg\u00f8re en sundhedsrisiko, hvis de h\u00e5ndteres forkert eller bruges forkert. Ved at underrette EU&#8217;s Giftinformationscenter sikrer producenterne, at vigtige sikkerhedsoplysninger er tilg\u00e6ngelige for redningsmandskabet i tilf\u00e6lde af en ulykke, hvilket bidrager til at mindske risici og forbedre forbrugernes sikkerhed.  <\/p>\n<h3>Hvad er en UFI?<\/h3>\n<p>En unik formelidentifikator (UFI) er en unik kode, der er tildelt et produkts kemiske formel. Den hj\u00e6lper beredskabspersonalet med hurtigt at identificere produktets kemiske sammens\u00e6tning, hvilket er afg\u00f8rende for at kunne give en pr\u00e6cis og effektiv behandling i tilf\u00e6lde af eksponering. For reng\u00f8rings-, pleje- og vedligeholdelsesprodukter sikrer UFI, at sikkerhedsdata kan tilg\u00e5s uden forsinkelse i n\u00f8dsituationer.  <\/p>\n<h3>Hvad er en PCN?<\/h3>\n<p>En Giftinformationsmeddelelse (PCN) er en rapport, der sendes til EU&#8217;s Giftinformationscenter for at give vigtige sikkerhedsoplysninger om farlige produkter. For reng\u00f8rings-, pleje- og vedligeholdelsesprodukter indeholder PCN detaljerede oplysninger s\u00e5som kemisk sammens\u00e6tning, sundhedsfarer og forholdsregler. Denne meddelelse sikrer, at beredskabspersonalet har \u00f8jeblikkelig adgang til de n\u00f8dvendige data i tilf\u00e6lde af eksponering.  <\/p>\n<h3>Hvad er CLP?<\/h3>\n<p>CLP (Classification, Labelling and Packaging) er en EU-forordning, der klassificerer produkter i henhold til deres farlige egenskaber, m\u00e6rker dem med passende faresymboler og giver klare sikkerhedsinstruktioner. For reng\u00f8rings-, pleje- og vedligeholdelsesprodukter sikrer CLP-forordningen, at de risici, der er forbundet med disse produkter, kommunikeres til forbrugere og brugere, s\u00e5 de kan tage de n\u00f8dvendige forholdsregler. <\/p>\n<h3>Hvad er EU&#8217;s Giftinformationscenter?<\/h3>\n<p>EU&#8217;s Giftinformationscenter er det centrale organ, der er ansvarligt for at modtage og administrere meddelelser om farlige produkter i EU. Det giver adgang til vigtige sikkerhedsoplysninger for beredskabsfolk, sundhedspersonale og offentligheden. Registrering af reng\u00f8rings-, pleje- og vedligeholdelsesprodukter hos EU&#8217;s Giftinformationscenter sikrer, at alle sikkerhedsdata er let tilg\u00e6ngelige i tilf\u00e6lde af en eksponerings- eller forgiftningsh\u00e6ndelse.  <\/p>\n<h3>Hvorfor er det n\u00f8dvendigt?<\/h3>\n<p>For reng\u00f8rings-, pleje- og vedligeholdelsesprodukter kr\u00e6ves der et PCN for at sikre, at beredskabspersonalet hurtigt og pr\u00e6cist kan identificere det produkt, der er involveret i en ulykke. Tilg\u00e6ngeligheden af detaljerede sikkerhedsoplysninger, herunder produktets kemiske sammens\u00e6tning, farer og beredskabsforanstaltninger, er afg\u00f8rende for at sikre en rettidig og effektiv reaktion for at forhindre eller reducere skader i tilf\u00e6lde af eksponering. <\/p>\n<h3>Siden hvorn\u00e5r er dette lovpligtigt?<\/h3>\n<p>Siden 1. januar 2021 har det v\u00e6ret obligatorisk for producenter af farlige reng\u00f8rings-, pleje- og vedligeholdelsesprodukter at indsende en giftmeddelelse (PCN) i henhold til EU-reglerne. Denne lov hj\u00e6lper med at sikre, at sikkerhedsoplysninger er tilg\u00e6ngelige for beredskabspersonale, hvilket forbedrer folkesundheden og sikkerheden i hele EU. <\/p>\n<h2>OFTE STILLEDE SP\u00d8RGSM\u00c5L<\/h2>\n<h3>Sp\u00f8rgsm\u00e5l: Skal alle reng\u00f8rings-, pleje- og vedligeholdelsesprodukter registreres hos EU&#8217;s Giftinformationscenter?<\/h3>\n<p>Svar: Ja: Ja, alle farlige reng\u00f8rings-, pleje- og vedligeholdelsesprodukter, som ikke er biocidholdige, skal registreres hos EU&#8217;s Giftinformationscenter. Det sikrer, at beredskabspersonalet har adgang til vigtige sikkerhedsoplysninger i tilf\u00e6lde af eksponering. <\/p>\n<h3>Sp\u00f8rgsm\u00e5l: Hvad er UFI for reng\u00f8ringsprodukter?<\/h3>\n<p>Svar p\u00e5 sp\u00f8rgsm\u00e5let: UFI (Unique Formula Identifier) er en unik kode, der identificerer den kemiske formulering af et produkt. For reng\u00f8rings-, pleje- og vedligeholdelsesprodukter giver UFI beredskabspersonalet mulighed for hurtigt at f\u00e5 adgang til detaljerede sikkerhedsoplysninger om det p\u00e5g\u00e6ldende produkt i en n\u00f8dsituation. <\/p>\n<h3>Sp\u00f8rgsm\u00e5l: Hvorfor er det n\u00f8dvendigt at indsende en PCN for reng\u00f8ringsprodukter?<\/h3>\n<p>Svar p\u00e5 sp\u00f8rgsm\u00e5let: Det er n\u00f8dvendigt at indsende en Poison Centre Notification (PCN) for reng\u00f8ringsprodukter for at sikre, at beredskabet har hurtig adgang til vigtige sikkerhedsdata. Det hj\u00e6lper med at mindske sundhedsrisici og giver mulighed for en hurtigere og mere effektiv reaktion p\u00e5 eksponeringsh\u00e6ndelser. <\/p>\n<h3>Sp\u00f8rgsm\u00e5l: Hvordan g\u00e6lder CLP-forordningen for reng\u00f8ringsprodukter?<\/h3>\n<p>Svar p\u00e5 sp\u00f8rgsm\u00e5let: CLP-forordningen sikrer, at reng\u00f8rings-, pleje- og vedligeholdelsesprodukter klassificeres p\u00e5 baggrund af deres farer, m\u00e6rkes med passende faresymboler og indeholder sikkerhedsinstruktioner. Det hj\u00e6lper brugerne med at forst\u00e5 de risici, der er forbundet med produktet, og tage de n\u00f8dvendige forholdsregler under brug. <\/p>\n<h3>Sp\u00f8rgsm\u00e5l: Hvorn\u00e5r tr\u00e5dte kravet om at indsende en PCN for reng\u00f8ringsmidler i kraft?<\/h3>\n<p>Svar p\u00e5 sp\u00f8rgsm\u00e5let: Kravet om at indsende en giftmeddelelse (PCN) for reng\u00f8rings-, pleje- og vedligeholdelsesprodukter tr\u00e5dte i kraft den 1. januar 2021. Siden denne dato skal alle farlige produkter registreres hos EU&#8217;s Giftinformationscenter for at sikre, at sikkerhedsoplysninger er tilg\u00e6ngelige i tilf\u00e6lde af n\u00f8dsituationer. <\/p>\n<h3>Sp\u00f8rgsm\u00e5l: Hvor lang tid tager det at indsende UFI- og PCN-meddelelsen?<\/h3>\n<p>Det tager os et par dages arbejde. S\u00e5 snart du har uploadet dokumentationen, g\u00e5r vi i gang med det samme. <\/p>\n<h3>Sp\u00f8rgsm\u00e5l til mig: Er jeg ejer af PCN-meddelelsen?<\/h3>\n<p>Ja, du er ejer af PCN-meddelelsen. Du bevarer det fulde ejerskab af de data, du har leveret.  PCN-meddelelsen vil v\u00e6re tilg\u00e6ngelig p\u00e5 din ECHA-konto.<\/p>\n<h3>Sp\u00f8rgsm\u00e5l: G\u00e6lder denne service for \u00e9t eller flere produkter?<\/h3>\n<p>Servicen g\u00e6lder for \u00e9t produkt.<\/p>\n<h3>Sp\u00f8rgsm\u00e5l: Hvorfor skal jeg betale for at oprette en UFI?<\/h3>\n<p>Den service, vi tilbyder, handler ikke kun om at levere en UFI. UFI&#8217;en er en komponent i en meget mere omfattende proces.  Vores kerneydelse er udarbejdelse og indsendelse af din giftmeddelelse (PCN) til nationale udpegede organer via ECHA-portalen, hvilket er et obligatorisk krav i henhold til EU&#8217;s CLP-forordning for markedsf\u00f8ring af farlige blandinger. At generere en UFI er den nemmeste del. PCN-rapporten er dog kompleks. Den kr\u00e6ver en detaljeret gennemgang af ingredienserne &#8211; kemiske klassifikationer &#8211; som skal formateres pr\u00e6cist til indsendelse til Giftinformationscentralen via ECHA.   <\/p>\n<h3>Sp\u00f8rgsm\u00e5l: Min virksomhed er ikke baseret i EU, hvordan kan jeg indsende en PCN?<\/h3>\n<p>Vi tilbyder en l\u00f8sning til virksomheder, der ikke er baseret i EU. Du kan finde flere oplysninger p\u00e5 siden <a href=\"https:\/\/www.ufi.eu\/da\/pcn\/uden-for-eu\/pcn-ufi-for-virksomheder-uden-for-eu\/\" target=\"_blank\" rel=\"noopener\">PCN &amp; UFI for ikke-EU-virksomheder<\/a>. <\/p>\n<h3>Sp\u00f8rgsm\u00e5l: Kan du levere sikkerhedsdatablade i fuld overensstemmelse med EU-forordningen (REACH &amp; CLP)?<\/h3>\n<p>Ja, vi kan <a href=\"https:\/\/www.ufi.eu\/da\/pcn\/sikkerhedsdatablad\/service-til-oprettelse-af-sikkerhedsdatablade-msds-sds\/\" target=\"_blank\"><strong>lave sikkerhedsdatablade (SDS)<\/strong><\/a>&#8211; ogs\u00e5 kendt som <strong>sikkerhedsdatablade (MSDS)<\/strong>&#8211; skr\u00e6ddersyet til dit produkt og i overensstemmelse med de seneste EU-regler. Uanset om du fremstiller kemiske blandinger, importerer produkter til EU eller distribuerer dem under eget m\u00e6rke, er det lovpligtigt med et SDS, der overholder reglerne, og det er afg\u00f8rende for sikker brug i hele forsyningsk\u00e6den. Du kan l\u00e6se mere p\u00e5 siden om <a href=\"https:\/\/www.ufi.eu\/da\/pcn\/sikkerhedsdatablad\/service-til-oprettelse-af-sikkerhedsdatablade-msds-sds\/\" target=\"_blank\">oprettelse af sikkerhedsdatablade (MSDS\/SDS)<\/a>.  <\/p>\n","protected":false},"excerpt":{"rendered":"<p>Hvordan fungerer UFI-oprettelses- og PCN-meddelelsestjenesten? N\u00e5r du har k\u00f8bt denne service, f\u00e5r du adgang til den sikre portal. Denne portal indeholder en oversigt over alle trin. Du udfylder dine produktoplysninger, og s\u00e5 g\u00e5r vi i gang. Underretning om giftcenter og UFI Det s\u00f8rger vi for: Dit produkts unikke formelidentifikator (UFI) En rapport fra Giftinformationscentralen (PCN) [&hellip;]<\/p>\n","protected":false},"featured_media":15018,"template":"","meta":[],"product_brand":[],"product_cat":[592,593],"product_tag":[],"class_list":{"0":"post-15017","1":"product","2":"type-product","3":"status-publish","4":"has-post-thumbnail","6":"product_cat-rengoringsprodukter","7":"product_cat-rengoringsprodukter-til-indendors-brug","9":"first","10":"instock","11":"virtual","12":"taxable","13":"purchasable","14":"product-type-bundle"},"bundled_by":[],"bundle_stock_status":"instock","bundle_stock_quantity":"","bundle_virtual":false,"bundle_layout":"default","bundle_add_to_cart_form_location":"default","bundle_editable_in_cart":false,"bundle_sold_individually_context":"product","bundle_item_grouping":"parent","bundle_min_size":"","bundle_max_size":"","bundle_price":{"price":{"min":{"incl_tax":"121","excl_tax":"100"},"max":{"incl_tax":"","excl_tax":""}},"regular_price":{"min":{"incl_tax":"121","excl_tax":"100"},"max":{"incl_tax":"","excl_tax":""}}},"bundled_items":[{"bundled_item_id":3692,"product_id":12553,"menu_order":0,"quantity_min":1,"quantity_max":1,"quantity_default":1,"priced_individually":true,"shipped_individually":false,"override_title":false,"title":null,"override_description":false,"description":null,"optional":false,"hide_thumbnail":false,"discount":"","override_variations":false,"allowed_variations":[""],"override_default_variation_attributes":false,"default_variation_attributes":[],"single_product_visibility":"visible","cart_visibility":"visible","order_visibility":"visible","single_product_price_visibility":"visible","cart_price_visibility":"visible","order_price_visibility":"visible","stock_status":"in_stock"},{"bundled_item_id":3693,"product_id":12559,"menu_order":1,"quantity_min":1,"quantity_max":"","quantity_default":1,"priced_individually":true,"shipped_individually":false,"override_title":false,"title":null,"override_description":false,"description":null,"optional":false,"hide_thumbnail":false,"discount":"","override_variations":false,"allowed_variations":[""],"override_default_variation_attributes":false,"default_variation_attributes":[],"single_product_visibility":"visible","cart_visibility":"visible","order_visibility":"visible","single_product_price_visibility":"visible","cart_price_visibility":"visible","order_price_visibility":"visible","stock_status":"in_stock"}],"bundle_sell_ids":[],"yoast_head":"<!-- This site is optimized with the Yoast SEO Premium plugin v25.1 (Yoast SEO v25.1) - https:\/\/yoast.com\/wordpress\/plugins\/seo\/ -->\n<title>PCN &amp; UFI for reng\u00f8ringsmidler og hj\u00e6lpestoffer - UFI<\/title>\n<meta name=\"description\" content=\"S\u00f8rg for overholdelse af PCN og UFI for vaske- og reng\u00f8ringsmidler og hj\u00e6lpestoffer. Vi h\u00e5ndterer giftcentermeddelelser og unikke formelidentifikatorer for dig.\" \/>\n<meta name=\"robots\" content=\"index, follow, max-snippet:-1, max-image-preview:large, max-video-preview:-1\" \/>\n<link rel=\"canonical\" href=\"https:\/\/www.ufi.eu\/da\/product\/pcn-ufi-for-rengoeringsmidler-og-hjaelpestoffer\/\" \/>\n<meta property=\"og:locale\" content=\"da_DK\" \/>\n<meta property=\"og:type\" content=\"article\" \/>\n<meta property=\"og:title\" content=\"PCN &amp; UFI for reng\u00f8ringsmidler og hj\u00e6lpestoffer\" \/>\n<meta property=\"og:description\" content=\"S\u00f8rg for overholdelse af PCN og UFI for vaske- og reng\u00f8ringsmidler og hj\u00e6lpestoffer. Vi h\u00e5ndterer giftcentermeddelelser og unikke formelidentifikatorer for dig.\" \/>\n<meta property=\"og:url\" content=\"https:\/\/www.ufi.eu\/da\/product\/pcn-ufi-for-rengoeringsmidler-og-hjaelpestoffer\/\" \/>\n<meta property=\"og:site_name\" content=\"UFI\" \/>\n<meta property=\"og:image\" content=\"https:\/\/www.ufi.eu\/wp-content\/uploads\/2025\/03\/PC-CLN.jpg\" \/>\n\t<meta property=\"og:image:width\" content=\"1024\" \/>\n\t<meta property=\"og:image:height\" content=\"1024\" \/>\n\t<meta property=\"og:image:type\" content=\"image\/jpeg\" \/>\n<meta name=\"twitter:card\" content=\"summary_large_image\" \/>\n<meta name=\"twitter:label1\" content=\"Pris\" \/>\n\t<meta name=\"twitter:data1\" content=\"&euro;0.00\" \/>\n\t<meta name=\"twitter:label2\" content=\"Tilg\u00e6ngelighed\" \/>\n\t<meta name=\"twitter:data2\" content=\"P\u00e5 lager\" \/>\n<script type=\"application\/ld+json\" class=\"yoast-schema-graph\">{\"@context\":\"https:\/\/schema.org\",\"@graph\":[{\"@type\":\"WebPage\",\"@id\":\"https:\/\/www.ufi.eu\/da\/product\/pcn-ufi-for-rengoeringsmidler-og-hjaelpestoffer\/\",\"url\":\"https:\/\/www.ufi.eu\/da\/product\/pcn-ufi-for-rengoeringsmidler-og-hjaelpestoffer\/\",\"name\":\"PCN &amp; UFI for reng\u00f8ringsmidler og hj\u00e6lpestoffer - UFI\",\"isPartOf\":{\"@id\":\"https:\/\/www.ufi.eu\/da\/#website\"},\"primaryImageOfPage\":{\"@id\":\"https:\/\/www.ufi.eu\/da\/product\/pcn-ufi-for-rengoeringsmidler-og-hjaelpestoffer\/#primaryimage\"},\"image\":{\"@id\":\"https:\/\/www.ufi.eu\/da\/product\/pcn-ufi-for-rengoeringsmidler-og-hjaelpestoffer\/#primaryimage\"},\"thumbnailUrl\":\"https:\/\/www.ufi.eu\/wp-content\/uploads\/2025\/03\/PC-CLN.jpg\",\"datePublished\":\"2025-04-16T13:15:26+00:00\",\"description\":\"S\u00f8rg for overholdelse af PCN og UFI for vaske- og reng\u00f8ringsmidler og hj\u00e6lpestoffer. Vi h\u00e5ndterer giftcentermeddelelser og unikke formelidentifikatorer for dig.\",\"breadcrumb\":{\"@id\":\"https:\/\/www.ufi.eu\/da\/product\/pcn-ufi-for-rengoeringsmidler-og-hjaelpestoffer\/#breadcrumb\"},\"inLanguage\":\"da-DK\",\"potentialAction\":[{\"@type\":\"ReadAction\",\"target\":[\"https:\/\/www.ufi.eu\/da\/product\/pcn-ufi-for-rengoeringsmidler-og-hjaelpestoffer\/\"]}]},{\"@type\":\"ImageObject\",\"inLanguage\":\"da-DK\",\"@id\":\"https:\/\/www.ufi.eu\/da\/product\/pcn-ufi-for-rengoeringsmidler-og-hjaelpestoffer\/#primaryimage\",\"url\":\"https:\/\/www.ufi.eu\/wp-content\/uploads\/2025\/03\/PC-CLN.jpg\",\"contentUrl\":\"https:\/\/www.ufi.eu\/wp-content\/uploads\/2025\/03\/PC-CLN.jpg\",\"width\":1024,\"height\":1024},{\"@type\":\"BreadcrumbList\",\"@id\":\"https:\/\/www.ufi.eu\/da\/product\/pcn-ufi-for-rengoeringsmidler-og-hjaelpestoffer\/#breadcrumb\",\"itemListElement\":[{\"@type\":\"ListItem\",\"position\":1,\"name\":\"Home\",\"item\":\"https:\/\/www.ufi.eu\/da\/hjem\/\"},{\"@type\":\"ListItem\",\"position\":2,\"name\":\"Butik\",\"item\":\"https:\/\/www.ufi.eu\/da\/butik\/\"},{\"@type\":\"ListItem\",\"position\":3,\"name\":\"PCN &amp; UFI for reng\u00f8ringsmidler og hj\u00e6lpestoffer\"}]},{\"@type\":\"WebSite\",\"@id\":\"https:\/\/www.ufi.eu\/da\/#website\",\"url\":\"https:\/\/www.ufi.eu\/da\/\",\"name\":\"UFI.EU\",\"description\":\"Poison Centre Notifications (PCN) and UFI\",\"publisher\":{\"@id\":\"https:\/\/www.ufi.eu\/da\/#organization\"},\"potentialAction\":[{\"@type\":\"SearchAction\",\"target\":{\"@type\":\"EntryPoint\",\"urlTemplate\":\"https:\/\/www.ufi.eu\/da\/?s={search_term_string}\"},\"query-input\":{\"@type\":\"PropertyValueSpecification\",\"valueRequired\":true,\"valueName\":\"search_term_string\"}}],\"inLanguage\":\"da-DK\"},{\"@type\":\"Organization\",\"@id\":\"https:\/\/www.ufi.eu\/da\/#organization\",\"name\":\"UFI.EU\",\"url\":\"https:\/\/www.ufi.eu\/da\/\",\"logo\":{\"@type\":\"ImageObject\",\"inLanguage\":\"da-DK\",\"@id\":\"https:\/\/www.ufi.eu\/da\/#\/schema\/logo\/image\/\",\"url\":\"https:\/\/www.ufi.eu\/wp-content\/uploads\/2025\/03\/cropped-logo_ufi3.jpg\",\"contentUrl\":\"https:\/\/www.ufi.eu\/wp-content\/uploads\/2025\/03\/cropped-logo_ufi3.jpg\",\"width\":231,\"height\":78,\"caption\":\"UFI.EU\"},\"image\":{\"@id\":\"https:\/\/www.ufi.eu\/da\/#\/schema\/logo\/image\/\"},\"description\":\"UFI.eu specializes in digital registrations for Poison Centre Notifications (PCN), ensuring your chemical products meet EU regulatory requirements effortlessly. Our streamlined solutions help businesses stay compliant while reducing complexity and administrative burden.\",\"email\":\"info@ufi.eu\",\"legalName\":\"UFI.EU\"}]}<\/script>\n<meta property=\"product:price:amount\" content=\"0.00\" \/>\n<meta property=\"product:price:currency\" content=\"EUR\" \/>\n<meta property=\"og:availability\" content=\"instock\" \/>\n<meta property=\"product:availability\" content=\"instock\" \/>\n<meta property=\"product:retailer_item_id\" content=\"PC-CLN\" \/>\n<meta property=\"product:condition\" content=\"new\" \/>\n<!-- \/ Yoast SEO Premium plugin. -->","yoast_head_json":{"title":"PCN &amp; UFI for reng\u00f8ringsmidler og hj\u00e6lpestoffer - UFI","description":"S\u00f8rg for overholdelse af PCN og UFI for vaske- og reng\u00f8ringsmidler og hj\u00e6lpestoffer. Vi h\u00e5ndterer giftcentermeddelelser og unikke formelidentifikatorer for dig.","robots":{"index":"index","follow":"follow","max-snippet":"max-snippet:-1","max-image-preview":"max-image-preview:large","max-video-preview":"max-video-preview:-1"},"canonical":"https:\/\/www.ufi.eu\/da\/product\/pcn-ufi-for-rengoeringsmidler-og-hjaelpestoffer\/","og_locale":"da_DK","og_type":"article","og_title":"PCN &amp; UFI for reng\u00f8ringsmidler og hj\u00e6lpestoffer","og_description":"S\u00f8rg for overholdelse af PCN og UFI for vaske- og reng\u00f8ringsmidler og hj\u00e6lpestoffer. Vi h\u00e5ndterer giftcentermeddelelser og unikke formelidentifikatorer for dig.","og_url":"https:\/\/www.ufi.eu\/da\/product\/pcn-ufi-for-rengoeringsmidler-og-hjaelpestoffer\/","og_site_name":"UFI","og_image":[{"width":1024,"height":1024,"url":"https:\/\/www.ufi.eu\/wp-content\/uploads\/2025\/03\/PC-CLN.jpg","type":"image\/jpeg"}],"twitter_card":"summary_large_image","twitter_misc":{"Pris":"&euro;0.00","Tilg\u00e6ngelighed":"P\u00e5 lager"},"schema":{"@context":"https:\/\/schema.org","@graph":[{"@type":"WebPage","@id":"https:\/\/www.ufi.eu\/da\/product\/pcn-ufi-for-rengoeringsmidler-og-hjaelpestoffer\/","url":"https:\/\/www.ufi.eu\/da\/product\/pcn-ufi-for-rengoeringsmidler-og-hjaelpestoffer\/","name":"PCN &amp; UFI for reng\u00f8ringsmidler og hj\u00e6lpestoffer - UFI","isPartOf":{"@id":"https:\/\/www.ufi.eu\/da\/#website"},"primaryImageOfPage":{"@id":"https:\/\/www.ufi.eu\/da\/product\/pcn-ufi-for-rengoeringsmidler-og-hjaelpestoffer\/#primaryimage"},"image":{"@id":"https:\/\/www.ufi.eu\/da\/product\/pcn-ufi-for-rengoeringsmidler-og-hjaelpestoffer\/#primaryimage"},"thumbnailUrl":"https:\/\/www.ufi.eu\/wp-content\/uploads\/2025\/03\/PC-CLN.jpg","datePublished":"2025-04-16T13:15:26+00:00","description":"S\u00f8rg for overholdelse af PCN og UFI for vaske- og reng\u00f8ringsmidler og hj\u00e6lpestoffer. Vi h\u00e5ndterer giftcentermeddelelser og unikke formelidentifikatorer for dig.","breadcrumb":{"@id":"https:\/\/www.ufi.eu\/da\/product\/pcn-ufi-for-rengoeringsmidler-og-hjaelpestoffer\/#breadcrumb"},"inLanguage":"da-DK","potentialAction":[{"@type":"ReadAction","target":["https:\/\/www.ufi.eu\/da\/product\/pcn-ufi-for-rengoeringsmidler-og-hjaelpestoffer\/"]}]},{"@type":"ImageObject","inLanguage":"da-DK","@id":"https:\/\/www.ufi.eu\/da\/product\/pcn-ufi-for-rengoeringsmidler-og-hjaelpestoffer\/#primaryimage","url":"https:\/\/www.ufi.eu\/wp-content\/uploads\/2025\/03\/PC-CLN.jpg","contentUrl":"https:\/\/www.ufi.eu\/wp-content\/uploads\/2025\/03\/PC-CLN.jpg","width":1024,"height":1024},{"@type":"BreadcrumbList","@id":"https:\/\/www.ufi.eu\/da\/product\/pcn-ufi-for-rengoeringsmidler-og-hjaelpestoffer\/#breadcrumb","itemListElement":[{"@type":"ListItem","position":1,"name":"Home","item":"https:\/\/www.ufi.eu\/da\/hjem\/"},{"@type":"ListItem","position":2,"name":"Butik","item":"https:\/\/www.ufi.eu\/da\/butik\/"},{"@type":"ListItem","position":3,"name":"PCN &amp; UFI for reng\u00f8ringsmidler og hj\u00e6lpestoffer"}]},{"@type":"WebSite","@id":"https:\/\/www.ufi.eu\/da\/#website","url":"https:\/\/www.ufi.eu\/da\/","name":"UFI.EU","description":"Poison Centre Notifications (PCN) and UFI","publisher":{"@id":"https:\/\/www.ufi.eu\/da\/#organization"},"potentialAction":[{"@type":"SearchAction","target":{"@type":"EntryPoint","urlTemplate":"https:\/\/www.ufi.eu\/da\/?s={search_term_string}"},"query-input":{"@type":"PropertyValueSpecification","valueRequired":true,"valueName":"search_term_string"}}],"inLanguage":"da-DK"},{"@type":"Organization","@id":"https:\/\/www.ufi.eu\/da\/#organization","name":"UFI.EU","url":"https:\/\/www.ufi.eu\/da\/","logo":{"@type":"ImageObject","inLanguage":"da-DK","@id":"https:\/\/www.ufi.eu\/da\/#\/schema\/logo\/image\/","url":"https:\/\/www.ufi.eu\/wp-content\/uploads\/2025\/03\/cropped-logo_ufi3.jpg","contentUrl":"https:\/\/www.ufi.eu\/wp-content\/uploads\/2025\/03\/cropped-logo_ufi3.jpg","width":231,"height":78,"caption":"UFI.EU"},"image":{"@id":"https:\/\/www.ufi.eu\/da\/#\/schema\/logo\/image\/"},"description":"UFI.eu specializes in digital registrations for Poison Centre Notifications (PCN), ensuring your chemical products meet EU regulatory requirements effortlessly. Our streamlined solutions help businesses stay compliant while reducing complexity and administrative burden.","email":"info@ufi.eu","legalName":"UFI.EU"}]},"product_price_amount":"0.00","product_price_currency":"EUR","og_availability":"instock","product_availability":"instock","product_retailer_item_id":"PC-CLN","product_condition":"new"},"_links":{"self":[{"href":"https:\/\/www.ufi.eu\/da\/wp-json\/wp\/v2\/product\/15017","targetHints":{"allow":["GET"]}}],"collection":[{"href":"https:\/\/www.ufi.eu\/da\/wp-json\/wp\/v2\/product"}],"about":[{"href":"https:\/\/www.ufi.eu\/da\/wp-json\/wp\/v2\/types\/product"}],"wp:featuredmedia":[{"embeddable":true,"href":"https:\/\/www.ufi.eu\/da\/wp-json\/wp\/v2\/media\/15018"}],"wp:attachment":[{"href":"https:\/\/www.ufi.eu\/da\/wp-json\/wp\/v2\/media?parent=15017"}],"wp:term":[{"taxonomy":"product_brand","embeddable":true,"href":"https:\/\/www.ufi.eu\/da\/wp-json\/wp\/v2\/product_brand?post=15017"},{"taxonomy":"product_cat","embeddable":true,"href":"https:\/\/www.ufi.eu\/da\/wp-json\/wp\/v2\/product_cat?post=15017"},{"taxonomy":"product_tag","embeddable":true,"href":"https:\/\/www.ufi.eu\/da\/wp-json\/wp\/v2\/product_tag?post=15017"}],"curies":[{"name":"wp","href":"https:\/\/api.w.org\/{rel}","templated":true}]}}