{"id":12842,"date":"2025-04-15T20:38:21","date_gmt":"2025-04-15T20:38:21","guid":{"rendered":"https:\/\/www.ufi.eu\/pcn\/Ikke%20kategoriseret\/pcn-ufi-for-virksomheder-uden-for-eu\/"},"modified":"2025-04-15T20:38:26","modified_gmt":"2025-04-15T20:38:26","slug":"pcn-ufi-for-virksomheder-uden-for-eu","status":"publish","type":"product","link":"https:\/\/www.ufi.eu\/da\/product\/pcn-ufi-for-virksomheder-uden-for-eu\/","title":{"rendered":"PCN &amp; UFI for virksomheder uden for EU"},"content":{"rendered":"\n<p>At udvide til EU-markedet giver sp\u00e6ndende muligheder &#8211; men det kommer ogs\u00e5 med strenge lovgivningsm\u00e6ssige forpligtelser. Hvis din virksomhed er baseret uden for EU\/E\u00d8S eller Nordirland, og du planl\u00e6gger at s\u00e6lge kemiske blandinger som kosmetik, reng\u00f8ringsprodukter eller andre regulerede produkter i EU, skal du opfylde specifikke krav i henhold til CLP-forordningen (EC No. 1272\/2008), herunder Poison Centre Notification (PCN) og brugen af en Unique Formula Identifier (UFI). <\/p>\n\n<p>Som ikke-EU-virksomhed m\u00e5 du ikke indsende et PCN direkte &#8211; men <strong>vi kan hj\u00e6lpe<\/strong>. Vi tilbyder fuld st\u00f8tte med <strong>vejledning i lovgivningen og forberedelse af etiketter, der overholder reglerne<\/strong>, s\u00e5 du kan navigere trygt i EU-lovgivningen og komme professionelt og effektivt ind p\u00e5 det europ\u00e6iske marked. <\/p>\n\n<p>Hvis din virksomhed er beliggende uden for EU\/E\u00d8S eller Nordirland, m\u00e5 du ikke indsende en giftmeddelelse (PCN) direkte i henhold til bilag VIII i forordning (EF) nr. 1272\/2008 (CLP-forordningen).  <\/p>\n\n<h2 class=\"wp-block-heading\" id=\"h-non-eu-companies-must-appoint-an-eu-based-contact\">Ikke-EU-virksomheder skal udpege en EU-baseret kontaktperson<\/h2>\n\n<p>Bem\u00e6rk: <strong>Virksomheder uden for EU m\u00e5 ikke selv indsende en PCN<\/strong>.<br\/>For at overholde EU-lovgivningen skal du udpege en:<\/p>\n\n<ul class=\"wp-block-list\">\n<li><strong>EU-import\u00f8r<\/strong> eller<\/li>\n\n\n\n<li><strong>EU-baseret &#8220;downstream-bruger&#8221; eller eneste repr\u00e6sentant<\/strong><\/li>\n<\/ul>\n\n<p>Denne udpegede enhed vil v\u00e6re ansvarlig for PCN-ans\u00f8gningen og skal anf\u00f8res i anmeldelsen. Vi kan hj\u00e6lpe dig med at g\u00f8re dit produkt kompatibelt. <\/p>\n\n<h2 class=\"wp-block-heading\">Hvordan fungerer UFI-oprettelses- og PCN-meddelelsestjenesten?<\/h2>\n\n<p>N\u00e5r du har k\u00f8bt denne service, f\u00e5r du adgang til den sikre portal. Denne portal indeholder en oversigt over alle trin.  Du udfylder dine produktoplysninger, og s\u00e5 g\u00e5r vi i gang.<\/p>\n\n<h3 class=\"wp-block-heading\">Underretning om giftcenter og UFI<\/h3>\n\n<p>Det s\u00f8rger vi for:<\/p>\n\n<ul class=\"wp-block-list\">\n<li>Dit produkts unikke formelidentifikator (UFI)<\/li>\n\n\n\n<li>En rapport fra Giftinformationscentralen (PCN)<\/li>\n\n\n\n<li>Registrering af dit produkt hos de relevante nationale giftcentre via ECHA.<\/li>\n<\/ul>\n\n<h3 class=\"wp-block-heading\">Lande til PCN-registrering<\/h3>\n\n<p>T\u00e6l antallet af lande, hvor du \u00f8nsker at registrere dit produkt. Du vil kunne v\u00e6lge de specifikke lande i portalen. Yderligere lande kan tilf\u00f8jes p\u00e5 et senere tidspunkt, og du kan altid bestille yderligere <a href=\"https:\/\/www.ufi.eu\/da\/pcn\/lande\/lande-til-pcn-registrering\/\" target=\"_blank\" rel=\"noreferrer noopener\">PCN-landeregistreringer<\/a>.  <\/p>\n\n<h3 class=\"wp-block-heading\">Oplysninger om CLP-m\u00e6rkning<\/h3>\n\n<p>Vi tilbyder muligheden for at k\u00f8be en CLP-kompatibel produktlabel, der indeholder alle de obligatoriske oplysninger, som kr\u00e6ves i EU&#8217;s CLP-forordning. Den leveres som PDF, s\u00e5 du kan integrere de n\u00f8dvendige oplysninger i dit design af produktetiketten. Du kan ogs\u00e5 bestille <a href=\"https:\/\/www.ufi.eu\/da\/pcn\/clp-maerkning\/oprettelse-af-clp-label-og-kontrol-af-overholdelse\/\" target=\"_blank\" rel=\"noreferrer noopener\">CLP-labeloplysningerne<\/a> separat. Har du allerede en etiket? &#8211; Vi kan gennemg\u00e5 din etiket i overensstemmelse med de nuv\u00e6rende CLP-krav. Vi giver detaljeret feedback og rettelser for at sikre, at din etiket opfylder alle lovm\u00e6ssige standarder.     <\/p>\n","protected":false},"excerpt":{"rendered":"<p>At udvide til EU-markedet giver sp\u00e6ndende muligheder &#8211; men det kommer ogs\u00e5 med strenge lovgivningsm\u00e6ssige forpligtelser. Hvis din virksomhed er baseret uden for EU\/E\u00d8S eller Nordirland, og du planl\u00e6gger at s\u00e6lge kemiske blandinger som kosmetik, reng\u00f8ringsprodukter eller andre regulerede produkter i EU, skal du opfylde specifikke krav i henhold til CLP-forordningen (EC No. 1272\/2008), herunder [&hellip;]<\/p>\n","protected":false},"featured_media":12434,"template":"","meta":[],"product_brand":[],"product_cat":[440],"product_tag":[],"class_list":{"0":"post-12842","1":"product","2":"type-product","3":"status-publish","4":"has-post-thumbnail","6":"product_cat-uden-for-eu","8":"first","9":"instock","10":"virtual","11":"taxable","12":"purchasable","13":"product-type-bundle"},"bundled_by":[],"bundle_stock_status":"instock","bundle_stock_quantity":"","bundle_virtual":false,"bundle_layout":"default","bundle_add_to_cart_form_location":"default","bundle_editable_in_cart":false,"bundle_sold_individually_context":"product","bundle_item_grouping":"parent","bundle_min_size":"","bundle_max_size":"","bundle_price":{"price":{"min":{"incl_tax":"78.65","excl_tax":"65"},"max":{"incl_tax":"","excl_tax":""}},"regular_price":{"min":{"incl_tax":"78.65","excl_tax":"65"},"max":{"incl_tax":"","excl_tax":""}}},"bundled_items":[{"bundled_item_id":1438,"product_id":12553,"menu_order":0,"quantity_min":1,"quantity_max":1,"quantity_default":1,"priced_individually":true,"shipped_individually":true,"override_title":false,"title":null,"override_description":false,"description":null,"optional":false,"hide_thumbnail":false,"discount":"","override_variations":false,"allowed_variations":[""],"override_default_variation_attributes":false,"default_variation_attributes":[],"single_product_visibility":"visible","cart_visibility":"visible","order_visibility":"visible","single_product_price_visibility":"visible","cart_price_visibility":"visible","order_price_visibility":"visible","stock_status":"in_stock"},{"bundled_item_id":1439,"product_id":12559,"menu_order":1,"quantity_min":0,"quantity_max":"","quantity_default":0,"priced_individually":true,"shipped_individually":true,"override_title":false,"title":null,"override_description":false,"description":null,"optional":false,"hide_thumbnail":false,"discount":"","override_variations":false,"allowed_variations":[""],"override_default_variation_attributes":false,"default_variation_attributes":[],"single_product_visibility":"visible","cart_visibility":"visible","order_visibility":"visible","single_product_price_visibility":"visible","cart_price_visibility":"visible","order_price_visibility":"visible","stock_status":"in_stock"},{"bundled_item_id":1440,"product_id":12790,"menu_order":2,"quantity_min":1,"quantity_max":1,"quantity_default":1,"priced_individually":true,"shipped_individually":true,"override_title":false,"title":null,"override_description":false,"description":null,"optional":true,"hide_thumbnail":false,"discount":"","override_variations":false,"allowed_variations":[""],"override_default_variation_attributes":false,"default_variation_attributes":[],"single_product_visibility":"visible","cart_visibility":"visible","order_visibility":"visible","single_product_price_visibility":"visible","cart_price_visibility":"visible","order_price_visibility":"visible","stock_status":"in_stock"}],"bundle_sell_ids":[],"yoast_head":"<!-- This site is optimized with the Yoast SEO Premium plugin v25.1 (Yoast SEO v25.1) - https:\/\/yoast.com\/wordpress\/plugins\/seo\/ -->\n<title>PCN &amp; UFI for virksomheder uden for EU - UFI<\/title>\n<meta name=\"description\" content=\"Vi hj\u00e6lper med PCN og UFI for ikke-EU-virksomheder. Virksomheder med base uden for EU\/E\u00d8S eller Nordirland.\" \/>\n<meta name=\"robots\" content=\"index, follow, max-snippet:-1, max-image-preview:large, max-video-preview:-1\" \/>\n<link rel=\"canonical\" href=\"https:\/\/www.ufi.eu\/da\/product\/pcn-ufi-for-virksomheder-uden-for-eu\/\" \/>\n<meta property=\"og:locale\" content=\"da_DK\" \/>\n<meta property=\"og:type\" content=\"article\" \/>\n<meta property=\"og:title\" content=\"PCN &amp; UFI for virksomheder uden for EU\" \/>\n<meta property=\"og:description\" content=\"Vi hj\u00e6lper med PCN og UFI for ikke-EU-virksomheder. Virksomheder med base uden for EU\/E\u00d8S eller Nordirland.\" \/>\n<meta property=\"og:url\" content=\"https:\/\/www.ufi.eu\/da\/product\/pcn-ufi-for-virksomheder-uden-for-eu\/\" \/>\n<meta property=\"og:site_name\" content=\"UFI\" \/>\n<meta property=\"article:modified_time\" content=\"2025-04-15T20:38:26+00:00\" \/>\n<meta property=\"og:image\" content=\"https:\/\/www.ufi.eu\/wp-content\/uploads\/2025\/03\/pcn_ufi.jpg\" \/>\n\t<meta property=\"og:image:width\" content=\"1024\" \/>\n\t<meta property=\"og:image:height\" content=\"1024\" \/>\n\t<meta property=\"og:image:type\" content=\"image\/jpeg\" \/>\n<meta name=\"twitter:card\" content=\"summary_large_image\" \/>\n<meta name=\"twitter:label1\" content=\"Pris\" \/>\n\t<meta name=\"twitter:data1\" content=\"&euro;0.00\" \/>\n\t<meta name=\"twitter:label2\" content=\"Tilg\u00e6ngelighed\" \/>\n\t<meta name=\"twitter:data2\" content=\"P\u00e5 lager\" \/>\n<script type=\"application\/ld+json\" class=\"yoast-schema-graph\">{\"@context\":\"https:\/\/schema.org\",\"@graph\":[{\"@type\":\"WebPage\",\"@id\":\"https:\/\/www.ufi.eu\/da\/product\/pcn-ufi-for-virksomheder-uden-for-eu\/\",\"url\":\"https:\/\/www.ufi.eu\/da\/product\/pcn-ufi-for-virksomheder-uden-for-eu\/\",\"name\":\"PCN &amp; UFI for virksomheder uden for EU - UFI\",\"isPartOf\":{\"@id\":\"https:\/\/www.ufi.eu\/da\/#website\"},\"primaryImageOfPage\":{\"@id\":\"https:\/\/www.ufi.eu\/da\/product\/pcn-ufi-for-virksomheder-uden-for-eu\/#primaryimage\"},\"image\":{\"@id\":\"https:\/\/www.ufi.eu\/da\/product\/pcn-ufi-for-virksomheder-uden-for-eu\/#primaryimage\"},\"thumbnailUrl\":\"https:\/\/www.ufi.eu\/wp-content\/uploads\/2025\/03\/pcn_ufi.jpg\",\"datePublished\":\"2025-04-15T20:38:21+00:00\",\"dateModified\":\"2025-04-15T20:38:26+00:00\",\"description\":\"Vi hj\u00e6lper med PCN og UFI for ikke-EU-virksomheder. Virksomheder med base uden for EU\/E\u00d8S eller Nordirland.\",\"breadcrumb\":{\"@id\":\"https:\/\/www.ufi.eu\/da\/product\/pcn-ufi-for-virksomheder-uden-for-eu\/#breadcrumb\"},\"inLanguage\":\"da-DK\",\"potentialAction\":[{\"@type\":\"ReadAction\",\"target\":[\"https:\/\/www.ufi.eu\/da\/product\/pcn-ufi-for-virksomheder-uden-for-eu\/\"]}]},{\"@type\":\"ImageObject\",\"inLanguage\":\"da-DK\",\"@id\":\"https:\/\/www.ufi.eu\/da\/product\/pcn-ufi-for-virksomheder-uden-for-eu\/#primaryimage\",\"url\":\"https:\/\/www.ufi.eu\/wp-content\/uploads\/2025\/03\/pcn_ufi.jpg\",\"contentUrl\":\"https:\/\/www.ufi.eu\/wp-content\/uploads\/2025\/03\/pcn_ufi.jpg\",\"width\":1024,\"height\":1024},{\"@type\":\"BreadcrumbList\",\"@id\":\"https:\/\/www.ufi.eu\/da\/product\/pcn-ufi-for-virksomheder-uden-for-eu\/#breadcrumb\",\"itemListElement\":[{\"@type\":\"ListItem\",\"position\":1,\"name\":\"Home\",\"item\":\"https:\/\/www.ufi.eu\/da\/hjem\/\"},{\"@type\":\"ListItem\",\"position\":2,\"name\":\"Butik\",\"item\":\"https:\/\/www.ufi.eu\/da\/butik\/\"},{\"@type\":\"ListItem\",\"position\":3,\"name\":\"PCN &amp; UFI for virksomheder uden for EU\"}]},{\"@type\":\"WebSite\",\"@id\":\"https:\/\/www.ufi.eu\/da\/#website\",\"url\":\"https:\/\/www.ufi.eu\/da\/\",\"name\":\"UFI.EU\",\"description\":\"Poison Centre Notifications (PCN) and UFI\",\"publisher\":{\"@id\":\"https:\/\/www.ufi.eu\/da\/#organization\"},\"potentialAction\":[{\"@type\":\"SearchAction\",\"target\":{\"@type\":\"EntryPoint\",\"urlTemplate\":\"https:\/\/www.ufi.eu\/da\/?s={search_term_string}\"},\"query-input\":{\"@type\":\"PropertyValueSpecification\",\"valueRequired\":true,\"valueName\":\"search_term_string\"}}],\"inLanguage\":\"da-DK\"},{\"@type\":\"Organization\",\"@id\":\"https:\/\/www.ufi.eu\/da\/#organization\",\"name\":\"UFI.EU\",\"url\":\"https:\/\/www.ufi.eu\/da\/\",\"logo\":{\"@type\":\"ImageObject\",\"inLanguage\":\"da-DK\",\"@id\":\"https:\/\/www.ufi.eu\/da\/#\/schema\/logo\/image\/\",\"url\":\"https:\/\/www.ufi.eu\/wp-content\/uploads\/2025\/03\/cropped-logo_ufi3.jpg\",\"contentUrl\":\"https:\/\/www.ufi.eu\/wp-content\/uploads\/2025\/03\/cropped-logo_ufi3.jpg\",\"width\":231,\"height\":78,\"caption\":\"UFI.EU\"},\"image\":{\"@id\":\"https:\/\/www.ufi.eu\/da\/#\/schema\/logo\/image\/\"},\"description\":\"UFI.eu specializes in digital registrations for Poison Centre Notifications (PCN), ensuring your chemical products meet EU regulatory requirements effortlessly. Our streamlined solutions help businesses stay compliant while reducing complexity and administrative burden.\",\"email\":\"info@ufi.eu\",\"legalName\":\"UFI.EU\"}]}<\/script>\n<meta property=\"product:price:amount\" content=\"0.00\" \/>\n<meta property=\"product:price:currency\" content=\"EUR\" \/>\n<meta property=\"og:availability\" content=\"instock\" \/>\n<meta property=\"product:availability\" content=\"instock\" \/>\n<meta property=\"product:condition\" content=\"new\" \/>\n<!-- \/ Yoast SEO Premium plugin. -->","yoast_head_json":{"title":"PCN &amp; UFI for virksomheder uden for EU - UFI","description":"Vi hj\u00e6lper med PCN og UFI for ikke-EU-virksomheder. Virksomheder med base uden for EU\/E\u00d8S eller Nordirland.","robots":{"index":"index","follow":"follow","max-snippet":"max-snippet:-1","max-image-preview":"max-image-preview:large","max-video-preview":"max-video-preview:-1"},"canonical":"https:\/\/www.ufi.eu\/da\/product\/pcn-ufi-for-virksomheder-uden-for-eu\/","og_locale":"da_DK","og_type":"article","og_title":"PCN &amp; UFI for virksomheder uden for EU","og_description":"Vi hj\u00e6lper med PCN og UFI for ikke-EU-virksomheder. Virksomheder med base uden for EU\/E\u00d8S eller Nordirland.","og_url":"https:\/\/www.ufi.eu\/da\/product\/pcn-ufi-for-virksomheder-uden-for-eu\/","og_site_name":"UFI","article_modified_time":"2025-04-15T20:38:26+00:00","og_image":[{"width":1024,"height":1024,"url":"https:\/\/www.ufi.eu\/wp-content\/uploads\/2025\/03\/pcn_ufi.jpg","type":"image\/jpeg"}],"twitter_card":"summary_large_image","twitter_misc":{"Pris":"&euro;0.00","Tilg\u00e6ngelighed":"P\u00e5 lager"},"schema":{"@context":"https:\/\/schema.org","@graph":[{"@type":"WebPage","@id":"https:\/\/www.ufi.eu\/da\/product\/pcn-ufi-for-virksomheder-uden-for-eu\/","url":"https:\/\/www.ufi.eu\/da\/product\/pcn-ufi-for-virksomheder-uden-for-eu\/","name":"PCN &amp; UFI for virksomheder uden for EU - UFI","isPartOf":{"@id":"https:\/\/www.ufi.eu\/da\/#website"},"primaryImageOfPage":{"@id":"https:\/\/www.ufi.eu\/da\/product\/pcn-ufi-for-virksomheder-uden-for-eu\/#primaryimage"},"image":{"@id":"https:\/\/www.ufi.eu\/da\/product\/pcn-ufi-for-virksomheder-uden-for-eu\/#primaryimage"},"thumbnailUrl":"https:\/\/www.ufi.eu\/wp-content\/uploads\/2025\/03\/pcn_ufi.jpg","datePublished":"2025-04-15T20:38:21+00:00","dateModified":"2025-04-15T20:38:26+00:00","description":"Vi hj\u00e6lper med PCN og UFI for ikke-EU-virksomheder. Virksomheder med base uden for EU\/E\u00d8S eller Nordirland.","breadcrumb":{"@id":"https:\/\/www.ufi.eu\/da\/product\/pcn-ufi-for-virksomheder-uden-for-eu\/#breadcrumb"},"inLanguage":"da-DK","potentialAction":[{"@type":"ReadAction","target":["https:\/\/www.ufi.eu\/da\/product\/pcn-ufi-for-virksomheder-uden-for-eu\/"]}]},{"@type":"ImageObject","inLanguage":"da-DK","@id":"https:\/\/www.ufi.eu\/da\/product\/pcn-ufi-for-virksomheder-uden-for-eu\/#primaryimage","url":"https:\/\/www.ufi.eu\/wp-content\/uploads\/2025\/03\/pcn_ufi.jpg","contentUrl":"https:\/\/www.ufi.eu\/wp-content\/uploads\/2025\/03\/pcn_ufi.jpg","width":1024,"height":1024},{"@type":"BreadcrumbList","@id":"https:\/\/www.ufi.eu\/da\/product\/pcn-ufi-for-virksomheder-uden-for-eu\/#breadcrumb","itemListElement":[{"@type":"ListItem","position":1,"name":"Home","item":"https:\/\/www.ufi.eu\/da\/hjem\/"},{"@type":"ListItem","position":2,"name":"Butik","item":"https:\/\/www.ufi.eu\/da\/butik\/"},{"@type":"ListItem","position":3,"name":"PCN &amp; UFI for virksomheder uden for EU"}]},{"@type":"WebSite","@id":"https:\/\/www.ufi.eu\/da\/#website","url":"https:\/\/www.ufi.eu\/da\/","name":"UFI.EU","description":"Poison Centre Notifications (PCN) and UFI","publisher":{"@id":"https:\/\/www.ufi.eu\/da\/#organization"},"potentialAction":[{"@type":"SearchAction","target":{"@type":"EntryPoint","urlTemplate":"https:\/\/www.ufi.eu\/da\/?s={search_term_string}"},"query-input":{"@type":"PropertyValueSpecification","valueRequired":true,"valueName":"search_term_string"}}],"inLanguage":"da-DK"},{"@type":"Organization","@id":"https:\/\/www.ufi.eu\/da\/#organization","name":"UFI.EU","url":"https:\/\/www.ufi.eu\/da\/","logo":{"@type":"ImageObject","inLanguage":"da-DK","@id":"https:\/\/www.ufi.eu\/da\/#\/schema\/logo\/image\/","url":"https:\/\/www.ufi.eu\/wp-content\/uploads\/2025\/03\/cropped-logo_ufi3.jpg","contentUrl":"https:\/\/www.ufi.eu\/wp-content\/uploads\/2025\/03\/cropped-logo_ufi3.jpg","width":231,"height":78,"caption":"UFI.EU"},"image":{"@id":"https:\/\/www.ufi.eu\/da\/#\/schema\/logo\/image\/"},"description":"UFI.eu specializes in digital registrations for Poison Centre Notifications (PCN), ensuring your chemical products meet EU regulatory requirements effortlessly. Our streamlined solutions help businesses stay compliant while reducing complexity and administrative burden.","email":"info@ufi.eu","legalName":"UFI.EU"}]},"product_price_amount":"0.00","product_price_currency":"EUR","og_availability":"instock","product_availability":"instock","product_condition":"new"},"_links":{"self":[{"href":"https:\/\/www.ufi.eu\/da\/wp-json\/wp\/v2\/product\/12842","targetHints":{"allow":["GET"]}}],"collection":[{"href":"https:\/\/www.ufi.eu\/da\/wp-json\/wp\/v2\/product"}],"about":[{"href":"https:\/\/www.ufi.eu\/da\/wp-json\/wp\/v2\/types\/product"}],"wp:featuredmedia":[{"embeddable":true,"href":"https:\/\/www.ufi.eu\/da\/wp-json\/wp\/v2\/media\/12434"}],"wp:attachment":[{"href":"https:\/\/www.ufi.eu\/da\/wp-json\/wp\/v2\/media?parent=12842"}],"wp:term":[{"taxonomy":"product_brand","embeddable":true,"href":"https:\/\/www.ufi.eu\/da\/wp-json\/wp\/v2\/product_brand?post=12842"},{"taxonomy":"product_cat","embeddable":true,"href":"https:\/\/www.ufi.eu\/da\/wp-json\/wp\/v2\/product_cat?post=12842"},{"taxonomy":"product_tag","embeddable":true,"href":"https:\/\/www.ufi.eu\/da\/wp-json\/wp\/v2\/product_tag?post=12842"}],"curies":[{"name":"wp","href":"https:\/\/api.w.org\/{rel}","templated":true}]}}