{"id":12781,"date":"2025-04-05T15:24:57","date_gmt":"2025-04-15T20:26:31","guid":{"rendered":"https:\/\/www.ufi.eu\/pcn\/Ikke%20kategoriseret\/oprettelse-af-clp-label-og-tjek-af-overholdelse-for-rengoeringsmidler\/"},"modified":"2025-04-28T12:21:10","modified_gmt":"2025-04-28T12:21:10","slug":"oprettelse-af-clp-label-og-tjek-af-overholdelse-for-rengoeringsmidler","status":"publish","type":"product","link":"https:\/\/www.ufi.eu\/da\/product\/oprettelse-af-clp-label-og-tjek-af-overholdelse-for-rengoeringsmidler\/","title":{"rendered":"Oprettelse af CLP-label og tjek af overholdelse for reng\u00f8ringsmidler"},"content":{"rendered":"\n<p><strong>S\u00f8rg for fuld overensstemmelse med CLP- og reng\u00f8ringsmiddelforordningen med vores ekspertservice.<\/strong><\/p>\n\n<p>Vi har specialiseret os i at hj\u00e6lpe virksomheder med at opfylde de juridiske krav til markedsf\u00f8ring af vaske- og reng\u00f8ringsmidler p\u00e5 det europ\u00e6iske marked. Vores service til oprettelse og kontrol af CLP-labels sikrer, at dine produktlabels er i fuld overensstemmelse med b\u00e5de <strong>CLP-forordningen (EF nr. 1272\/2008)<\/strong> og forordningen om vaske- og <strong>reng\u00f8ringsmidler (EF nr. 648\/2004<\/strong>). <\/p>\n\n<h2 class=\"wp-block-heading\" id=\"h-why-correct-labeling-for-detergents-is-crucial\">Hvorfor korrekt m\u00e6rkning af reng\u00f8ringsmidler er afg\u00f8rende<\/h2>\n\n<p>Vaskemidler er underlagt to vigtige europ\u00e6iske regler:<\/p>\n\n<ul class=\"wp-block-list\">\n<li><strong>CLP-forordningen<\/strong>, som regulerer klassificering, m\u00e6rkning og emballering af farlige stoffer og blandinger.<\/li>\n\n\n\n<li><strong>Forordning om vaske- og reng\u00f8ringsmidler<\/strong>, som tilf\u00f8jer specifikke m\u00e6rkningsforpligtelser for vaske- og reng\u00f8ringsmidler, is\u00e6r dem, der bruges af forbrugerne.<\/li>\n<\/ul>\n\n<p>Manglende overholdelse kan f\u00f8re til produkttilbagekaldelser, b\u00f8der eller endda markedsforbud. Vores team sikrer, at dine labels er n\u00f8jagtige, komplette og juridisk forsvarlige. <\/p>\n\n<h2 class=\"wp-block-heading\" id=\"h-what-we-offer\">Hvad vi tilbyder<\/h2>\n\n<h4 class=\"wp-block-heading\" id=\"h-1-clp-label-creation-for-detergents\">1. <strong>Oprettelse af CLP-label til reng\u00f8ringsmidler<\/strong><\/h4>\n\n<p>Vi udarbejder din produktetiket baseret p\u00e5 den specifikke fareklassificering af din vaskemiddelformulering. Dette inkluderer: <\/p>\n\n<ul class=\"wp-block-list\">\n<li>Valg af de korrekte <strong>farepiktogrammer<\/strong>, <strong>signalord<\/strong>, <strong>H-s\u00e6tninger<\/strong> og <strong>P-s\u00e6tninger<\/strong>.<\/li>\n\n\n\n<li>Korrekt <strong>UFI-placering<\/strong> og -formatering (hvis relevant).<\/li>\n\n\n\n<li>Obligatoriske leverand\u00f8r- og produktidentifikationsoplysninger.<\/li>\n<\/ul>\n\n<h4 class=\"wp-block-heading\" id=\"h-2-label-check-for-existing-detergent-products\">2. <strong>Etiketkontrol af eksisterende vaskemiddelprodukter<\/strong><\/h4>\n\n<p>Har du allerede et m\u00e6rke? Vi gennemg\u00e5r og verificerer: <\/p>\n\n<ul class=\"wp-block-list\">\n<li>Korrekt fareklassificering i henhold til CLP.<\/li>\n\n\n\n<li>M\u00e6rk tekst og format i forhold til g\u00e6ldende regler.<\/li>\n\n\n\n<li>Vaskemiddelspecifikke krav som oplysning om ingredienssortiment og allergenliste.<\/li>\n<\/ul>\n\n<h4 class=\"wp-block-heading\" id=\"h-3-compliance-with-detergents-regulation-ec-no-648-2004\">3. <strong>Overholdelse af forordning om vaske- og reng\u00f8ringsmidler (EF nr. 648\/2004)<\/strong><\/h4>\n\n<p>Vi sikrer, at din etiket opfylder de specifikke krav til reng\u00f8ringsmidler, herunder:<\/p>\n\n<ul class=\"wp-block-list\">\n<li>Deklarationer af ingrediensintervaller (f.eks. &#8220;5-15 % anioniske overfladeaktive stoffer&#8221;).<\/li>\n\n\n\n<li>Allergifremkaldende duftstoffer (f.eks. limonen, linalool).<\/li>\n\n\n\n<li>Ops\u00e6tning af online ingrediensliste (hvis relevant).<\/li>\n<\/ul>\n\n<h2 class=\"wp-block-heading\" id=\"h-when-is-a-clp-label-and-ufi-required\">Hvorn\u00e5r er en CLP-label og UFI p\u00e5kr\u00e6vet?<\/h2>\n\n<p>En CLP-kompatibel etiket (og potentielt en PCN-anmeldelse med UFI) er p\u00e5kr\u00e6vet, hvis dit vaskemiddel:<\/p>\n\n<ul class=\"wp-block-list\">\n<li>Indeholder farlige ingredienser, der er klassificeret for sundhedsm\u00e6ssige eller fysiske virkninger.<\/li>\n\n\n\n<li>Markedsf\u00f8res til forbrugere eller professionelle.<\/li>\n<\/ul>\n\n<p>Vi hj\u00e6lper dig med at afg\u00f8re, om dit produkt har brug for en <strong>UFI<\/strong>, <strong>PCN-indsendelse<\/strong> eller blot m\u00e6rkning i henhold til forordningen om vaske- og reng\u00f8ringsmidler.<\/p>\n\n<h2 class=\"wp-block-heading\" id=\"h-who-is-this-service-for\">Hvem er denne service til?<\/h2>\n\n<ul class=\"wp-block-list\">\n<li>Producenter af flydende eller pulverformige reng\u00f8ringsmidler.<\/li>\n\n\n\n<li>Import\u00f8rer af reng\u00f8ringsmidler og vaskeprodukter.<\/li>\n\n\n\n<li>Private label-m\u00e6rker, der har brug for fuld support til overholdelse af reglerne.<\/li>\n\n\n\n<li>Virksomheder, der er usikre p\u00e5, om deres produkt er farligt eller ej.<\/li>\n<\/ul>\n\n<h2 class=\"wp-block-heading\" id=\"h-why-choose-ufi-eu\">Hvorfor v\u00e6lge UFI.EU?<\/h2>\n\n<ul class=\"wp-block-list\">\n<li><strong>Eksperter i CLP- og vaskemiddelregulering<\/strong> med mange \u00e5rs erfaring.<\/li>\n\n\n\n<li><strong>Hurtig og pr\u00e6cis service,<\/strong> der er skr\u00e6ddersyet til dit produkts behov.<\/li>\n\n\n\n<li><strong>Klar priss\u00e6tning<\/strong> og personlig kommunikation.<\/li>\n\n\n\n<li><strong>Valgfrie add-ons<\/strong>: PCN-meddelelse, oprettelse af SDS og UFI-generering.<\/li>\n<\/ul>\n\n<h2 class=\"wp-block-heading\" id=\"h-get-started-today\">Kom i gang i dag<\/h2>\n\n<p>Uanset om du har brug for en ny label eller \u00f8nsker at verificere din eksisterende, er UFI.EU her for at st\u00f8tte din compliance-proces.<br\/><strong>Lad os tage os af de juridiske detaljer, s\u00e5 du kan fokusere p\u00e5 din forretning<\/strong>.<\/p>\n\n<p>Klik p\u00e5 knappen nedenfor for at anmode om <strong>oprettelse af CLP-etiketter eller kontrol af reng\u00f8ringsmidler<\/strong>.<\/p>\n","protected":false},"excerpt":{"rendered":"<p>S\u00f8rg for fuld overensstemmelse med CLP- og reng\u00f8ringsmiddelforordningen med vores ekspertservice. Vi har specialiseret os i at hj\u00e6lpe virksomheder med at opfylde de juridiske krav til markedsf\u00f8ring af vaske- og reng\u00f8ringsmidler p\u00e5 det europ\u00e6iske marked. Vores service til oprettelse og kontrol af CLP-labels sikrer, at dine produktlabels er i fuld overensstemmelse med b\u00e5de CLP-forordningen (EF [&hellip;]<\/p>\n","protected":false},"featured_media":12434,"template":"","meta":[],"product_brand":[],"product_cat":[412],"product_tag":[],"class_list":{"0":"post-12781","1":"product","2":"type-product","3":"status-publish","4":"has-post-thumbnail","6":"product_cat-clp-maerkning","8":"first","9":"instock","10":"virtual","11":"taxable","12":"purchasable","13":"product-type-simple"},"bundled_by":[],"bundle_stock_status":"instock","bundle_stock_quantity":null,"bundle_virtual":false,"bundle_layout":"","bundle_add_to_cart_form_location":"","bundle_editable_in_cart":false,"bundle_sold_individually_context":"","bundle_item_grouping":"","bundle_min_size":"","bundle_max_size":"","bundle_price":[],"bundled_items":[],"bundle_sell_ids":[],"yoast_head":"<!-- This site is optimized with the Yoast SEO Premium plugin v25.1 (Yoast SEO v25.1) - https:\/\/yoast.com\/wordpress\/plugins\/seo\/ -->\n<title>Oprettelse af CLP-label og tjek af overholdelse for reng\u00f8ringsmidler - UFI<\/title>\n<meta name=\"description\" content=\"Vores service til oprettelse og kontrol af CLP-etiketter sikrer, at dine produktetiketter er i fuld overensstemmelse med b\u00e5de CLP-forordningen (EF nr. 1272\/2008) og forordningen om vaske- og reng\u00f8ringsmidler (EF nr. 648\/2004).\" \/>\n<meta name=\"robots\" content=\"index, follow, max-snippet:-1, max-image-preview:large, max-video-preview:-1\" \/>\n<link rel=\"canonical\" href=\"https:\/\/www.ufi.eu\/da\/product\/oprettelse-af-clp-label-og-tjek-af-overholdelse-for-rengoeringsmidler\/\" \/>\n<meta property=\"og:locale\" content=\"da_DK\" \/>\n<meta property=\"og:type\" content=\"article\" \/>\n<meta property=\"og:title\" content=\"Oprettelse af CLP-label og tjek af overholdelse for reng\u00f8ringsmidler\" \/>\n<meta property=\"og:description\" content=\"Vores service til oprettelse og kontrol af CLP-etiketter sikrer, at dine produktetiketter er i fuld overensstemmelse med b\u00e5de CLP-forordningen (EF nr. 1272\/2008) og forordningen om vaske- og reng\u00f8ringsmidler (EF nr. 648\/2004).\" \/>\n<meta property=\"og:url\" content=\"https:\/\/www.ufi.eu\/da\/product\/oprettelse-af-clp-label-og-tjek-af-overholdelse-for-rengoeringsmidler\/\" \/>\n<meta property=\"og:site_name\" content=\"UFI\" \/>\n<meta property=\"article:modified_time\" content=\"2025-04-28T12:21:10+00:00\" \/>\n<meta property=\"og:image\" content=\"https:\/\/www.ufi.eu\/wp-content\/uploads\/2025\/03\/pcn_ufi.jpg\" \/>\n\t<meta property=\"og:image:width\" content=\"1024\" \/>\n\t<meta property=\"og:image:height\" content=\"1024\" \/>\n\t<meta property=\"og:image:type\" content=\"image\/jpeg\" \/>\n<meta name=\"twitter:card\" content=\"summary_large_image\" \/>\n<meta name=\"twitter:label1\" content=\"Pris\" \/>\n\t<meta name=\"twitter:data1\" content=\"&euro;50.00\" \/>\n\t<meta name=\"twitter:label2\" content=\"Tilg\u00e6ngelighed\" \/>\n\t<meta name=\"twitter:data2\" content=\"P\u00e5 lager\" \/>\n<script type=\"application\/ld+json\" class=\"yoast-schema-graph\">{\"@context\":\"https:\/\/schema.org\",\"@graph\":[{\"@type\":\"WebPage\",\"@id\":\"https:\/\/www.ufi.eu\/da\/product\/oprettelse-af-clp-label-og-tjek-af-overholdelse-for-rengoeringsmidler\/\",\"url\":\"https:\/\/www.ufi.eu\/da\/product\/oprettelse-af-clp-label-og-tjek-af-overholdelse-for-rengoeringsmidler\/\",\"name\":\"Oprettelse af CLP-label og tjek af overholdelse for reng\u00f8ringsmidler - UFI\",\"isPartOf\":{\"@id\":\"https:\/\/www.ufi.eu\/da\/#website\"},\"primaryImageOfPage\":{\"@id\":\"https:\/\/www.ufi.eu\/da\/product\/oprettelse-af-clp-label-og-tjek-af-overholdelse-for-rengoeringsmidler\/#primaryimage\"},\"image\":{\"@id\":\"https:\/\/www.ufi.eu\/da\/product\/oprettelse-af-clp-label-og-tjek-af-overholdelse-for-rengoeringsmidler\/#primaryimage\"},\"thumbnailUrl\":\"https:\/\/www.ufi.eu\/wp-content\/uploads\/2025\/03\/pcn_ufi.jpg\",\"datePublished\":\"2025-04-15T20:26:31+00:00\",\"dateModified\":\"2025-04-28T12:21:10+00:00\",\"description\":\"Vores service til oprettelse og kontrol af CLP-etiketter sikrer, at dine produktetiketter er i fuld overensstemmelse med b\u00e5de CLP-forordningen (EF nr. 1272\/2008) og forordningen om vaske- og reng\u00f8ringsmidler (EF nr. 648\/2004).\",\"breadcrumb\":{\"@id\":\"https:\/\/www.ufi.eu\/da\/product\/oprettelse-af-clp-label-og-tjek-af-overholdelse-for-rengoeringsmidler\/#breadcrumb\"},\"inLanguage\":\"da-DK\",\"potentialAction\":[{\"@type\":\"ReadAction\",\"target\":[\"https:\/\/www.ufi.eu\/da\/product\/oprettelse-af-clp-label-og-tjek-af-overholdelse-for-rengoeringsmidler\/\"]}]},{\"@type\":\"ImageObject\",\"inLanguage\":\"da-DK\",\"@id\":\"https:\/\/www.ufi.eu\/da\/product\/oprettelse-af-clp-label-og-tjek-af-overholdelse-for-rengoeringsmidler\/#primaryimage\",\"url\":\"https:\/\/www.ufi.eu\/wp-content\/uploads\/2025\/03\/pcn_ufi.jpg\",\"contentUrl\":\"https:\/\/www.ufi.eu\/wp-content\/uploads\/2025\/03\/pcn_ufi.jpg\",\"width\":1024,\"height\":1024},{\"@type\":\"BreadcrumbList\",\"@id\":\"https:\/\/www.ufi.eu\/da\/product\/oprettelse-af-clp-label-og-tjek-af-overholdelse-for-rengoeringsmidler\/#breadcrumb\",\"itemListElement\":[{\"@type\":\"ListItem\",\"position\":1,\"name\":\"Home\",\"item\":\"https:\/\/www.ufi.eu\/da\/hjem\/\"},{\"@type\":\"ListItem\",\"position\":2,\"name\":\"Butik\",\"item\":\"https:\/\/www.ufi.eu\/da\/butik\/\"},{\"@type\":\"ListItem\",\"position\":3,\"name\":\"Oprettelse af CLP-label og tjek af overholdelse for reng\u00f8ringsmidler\"}]},{\"@type\":\"WebSite\",\"@id\":\"https:\/\/www.ufi.eu\/da\/#website\",\"url\":\"https:\/\/www.ufi.eu\/da\/\",\"name\":\"UFI.EU\",\"description\":\"Poison Centre Notifications (PCN) and UFI\",\"publisher\":{\"@id\":\"https:\/\/www.ufi.eu\/da\/#organization\"},\"potentialAction\":[{\"@type\":\"SearchAction\",\"target\":{\"@type\":\"EntryPoint\",\"urlTemplate\":\"https:\/\/www.ufi.eu\/da\/?s={search_term_string}\"},\"query-input\":{\"@type\":\"PropertyValueSpecification\",\"valueRequired\":true,\"valueName\":\"search_term_string\"}}],\"inLanguage\":\"da-DK\"},{\"@type\":\"Organization\",\"@id\":\"https:\/\/www.ufi.eu\/da\/#organization\",\"name\":\"UFI.EU\",\"url\":\"https:\/\/www.ufi.eu\/da\/\",\"logo\":{\"@type\":\"ImageObject\",\"inLanguage\":\"da-DK\",\"@id\":\"https:\/\/www.ufi.eu\/da\/#\/schema\/logo\/image\/\",\"url\":\"https:\/\/www.ufi.eu\/wp-content\/uploads\/2025\/03\/cropped-logo_ufi3.jpg\",\"contentUrl\":\"https:\/\/www.ufi.eu\/wp-content\/uploads\/2025\/03\/cropped-logo_ufi3.jpg\",\"width\":231,\"height\":78,\"caption\":\"UFI.EU\"},\"image\":{\"@id\":\"https:\/\/www.ufi.eu\/da\/#\/schema\/logo\/image\/\"},\"description\":\"UFI.eu specializes in digital registrations for Poison Centre Notifications (PCN), ensuring your chemical products meet EU regulatory requirements effortlessly. Our streamlined solutions help businesses stay compliant while reducing complexity and administrative burden.\",\"email\":\"info@ufi.eu\",\"legalName\":\"UFI.EU\"}]}<\/script>\n<meta property=\"product:price:amount\" content=\"50.00\" \/>\n<meta property=\"product:price:currency\" content=\"EUR\" \/>\n<meta property=\"og:availability\" content=\"instock\" \/>\n<meta property=\"product:availability\" content=\"instock\" \/>\n<meta property=\"product:condition\" content=\"new\" \/>\n<!-- \/ Yoast SEO Premium plugin. -->","yoast_head_json":{"title":"Oprettelse af CLP-label og tjek af overholdelse for reng\u00f8ringsmidler - UFI","description":"Vores service til oprettelse og kontrol af CLP-etiketter sikrer, at dine produktetiketter er i fuld overensstemmelse med b\u00e5de CLP-forordningen (EF nr. 1272\/2008) og forordningen om vaske- og reng\u00f8ringsmidler (EF nr. 648\/2004).","robots":{"index":"index","follow":"follow","max-snippet":"max-snippet:-1","max-image-preview":"max-image-preview:large","max-video-preview":"max-video-preview:-1"},"canonical":"https:\/\/www.ufi.eu\/da\/product\/oprettelse-af-clp-label-og-tjek-af-overholdelse-for-rengoeringsmidler\/","og_locale":"da_DK","og_type":"article","og_title":"Oprettelse af CLP-label og tjek af overholdelse for reng\u00f8ringsmidler","og_description":"Vores service til oprettelse og kontrol af CLP-etiketter sikrer, at dine produktetiketter er i fuld overensstemmelse med b\u00e5de CLP-forordningen (EF nr. 1272\/2008) og forordningen om vaske- og reng\u00f8ringsmidler (EF nr. 648\/2004).","og_url":"https:\/\/www.ufi.eu\/da\/product\/oprettelse-af-clp-label-og-tjek-af-overholdelse-for-rengoeringsmidler\/","og_site_name":"UFI","article_modified_time":"2025-04-28T12:21:10+00:00","og_image":[{"width":1024,"height":1024,"url":"https:\/\/www.ufi.eu\/wp-content\/uploads\/2025\/03\/pcn_ufi.jpg","type":"image\/jpeg"}],"twitter_card":"summary_large_image","twitter_misc":{"Pris":"&euro;50.00","Tilg\u00e6ngelighed":"P\u00e5 lager"},"schema":{"@context":"https:\/\/schema.org","@graph":[{"@type":"WebPage","@id":"https:\/\/www.ufi.eu\/da\/product\/oprettelse-af-clp-label-og-tjek-af-overholdelse-for-rengoeringsmidler\/","url":"https:\/\/www.ufi.eu\/da\/product\/oprettelse-af-clp-label-og-tjek-af-overholdelse-for-rengoeringsmidler\/","name":"Oprettelse af CLP-label og tjek af overholdelse for reng\u00f8ringsmidler - UFI","isPartOf":{"@id":"https:\/\/www.ufi.eu\/da\/#website"},"primaryImageOfPage":{"@id":"https:\/\/www.ufi.eu\/da\/product\/oprettelse-af-clp-label-og-tjek-af-overholdelse-for-rengoeringsmidler\/#primaryimage"},"image":{"@id":"https:\/\/www.ufi.eu\/da\/product\/oprettelse-af-clp-label-og-tjek-af-overholdelse-for-rengoeringsmidler\/#primaryimage"},"thumbnailUrl":"https:\/\/www.ufi.eu\/wp-content\/uploads\/2025\/03\/pcn_ufi.jpg","datePublished":"2025-04-15T20:26:31+00:00","dateModified":"2025-04-28T12:21:10+00:00","description":"Vores service til oprettelse og kontrol af CLP-etiketter sikrer, at dine produktetiketter er i fuld overensstemmelse med b\u00e5de CLP-forordningen (EF nr. 1272\/2008) og forordningen om vaske- og reng\u00f8ringsmidler (EF nr. 648\/2004).","breadcrumb":{"@id":"https:\/\/www.ufi.eu\/da\/product\/oprettelse-af-clp-label-og-tjek-af-overholdelse-for-rengoeringsmidler\/#breadcrumb"},"inLanguage":"da-DK","potentialAction":[{"@type":"ReadAction","target":["https:\/\/www.ufi.eu\/da\/product\/oprettelse-af-clp-label-og-tjek-af-overholdelse-for-rengoeringsmidler\/"]}]},{"@type":"ImageObject","inLanguage":"da-DK","@id":"https:\/\/www.ufi.eu\/da\/product\/oprettelse-af-clp-label-og-tjek-af-overholdelse-for-rengoeringsmidler\/#primaryimage","url":"https:\/\/www.ufi.eu\/wp-content\/uploads\/2025\/03\/pcn_ufi.jpg","contentUrl":"https:\/\/www.ufi.eu\/wp-content\/uploads\/2025\/03\/pcn_ufi.jpg","width":1024,"height":1024},{"@type":"BreadcrumbList","@id":"https:\/\/www.ufi.eu\/da\/product\/oprettelse-af-clp-label-og-tjek-af-overholdelse-for-rengoeringsmidler\/#breadcrumb","itemListElement":[{"@type":"ListItem","position":1,"name":"Home","item":"https:\/\/www.ufi.eu\/da\/hjem\/"},{"@type":"ListItem","position":2,"name":"Butik","item":"https:\/\/www.ufi.eu\/da\/butik\/"},{"@type":"ListItem","position":3,"name":"Oprettelse af CLP-label og tjek af overholdelse for reng\u00f8ringsmidler"}]},{"@type":"WebSite","@id":"https:\/\/www.ufi.eu\/da\/#website","url":"https:\/\/www.ufi.eu\/da\/","name":"UFI.EU","description":"Poison Centre Notifications (PCN) and UFI","publisher":{"@id":"https:\/\/www.ufi.eu\/da\/#organization"},"potentialAction":[{"@type":"SearchAction","target":{"@type":"EntryPoint","urlTemplate":"https:\/\/www.ufi.eu\/da\/?s={search_term_string}"},"query-input":{"@type":"PropertyValueSpecification","valueRequired":true,"valueName":"search_term_string"}}],"inLanguage":"da-DK"},{"@type":"Organization","@id":"https:\/\/www.ufi.eu\/da\/#organization","name":"UFI.EU","url":"https:\/\/www.ufi.eu\/da\/","logo":{"@type":"ImageObject","inLanguage":"da-DK","@id":"https:\/\/www.ufi.eu\/da\/#\/schema\/logo\/image\/","url":"https:\/\/www.ufi.eu\/wp-content\/uploads\/2025\/03\/cropped-logo_ufi3.jpg","contentUrl":"https:\/\/www.ufi.eu\/wp-content\/uploads\/2025\/03\/cropped-logo_ufi3.jpg","width":231,"height":78,"caption":"UFI.EU"},"image":{"@id":"https:\/\/www.ufi.eu\/da\/#\/schema\/logo\/image\/"},"description":"UFI.eu specializes in digital registrations for Poison Centre Notifications (PCN), ensuring your chemical products meet EU regulatory requirements effortlessly. Our streamlined solutions help businesses stay compliant while reducing complexity and administrative burden.","email":"info@ufi.eu","legalName":"UFI.EU"}]},"product_price_amount":"50.00","product_price_currency":"EUR","og_availability":"instock","product_availability":"instock","product_condition":"new"},"_links":{"self":[{"href":"https:\/\/www.ufi.eu\/da\/wp-json\/wp\/v2\/product\/12781","targetHints":{"allow":["GET"]}}],"collection":[{"href":"https:\/\/www.ufi.eu\/da\/wp-json\/wp\/v2\/product"}],"about":[{"href":"https:\/\/www.ufi.eu\/da\/wp-json\/wp\/v2\/types\/product"}],"wp:featuredmedia":[{"embeddable":true,"href":"https:\/\/www.ufi.eu\/da\/wp-json\/wp\/v2\/media\/12434"}],"wp:attachment":[{"href":"https:\/\/www.ufi.eu\/da\/wp-json\/wp\/v2\/media?parent=12781"}],"wp:term":[{"taxonomy":"product_brand","embeddable":true,"href":"https:\/\/www.ufi.eu\/da\/wp-json\/wp\/v2\/product_brand?post=12781"},{"taxonomy":"product_cat","embeddable":true,"href":"https:\/\/www.ufi.eu\/da\/wp-json\/wp\/v2\/product_cat?post=12781"},{"taxonomy":"product_tag","embeddable":true,"href":"https:\/\/www.ufi.eu\/da\/wp-json\/wp\/v2\/product_tag?post=12781"}],"curies":[{"name":"wp","href":"https:\/\/api.w.org\/{rel}","templated":true}]}}