{"id":12450,"date":"2025-04-09T20:22:00","date_gmt":"2025-04-15T19:33:53","guid":{"rendered":"https:\/\/www.ufi.eu\/pcn\/Ikke%20kategoriseret\/oversaettelse-af-sikkerhedsdatablade\/"},"modified":"2026-02-12T11:23:37","modified_gmt":"2026-02-12T11:23:37","slug":"oversaettelse-af-sikkerhedsdatablade","status":"publish","type":"product","link":"https:\/\/www.ufi.eu\/da\/product\/oversaettelse-af-sikkerhedsdatablade\/","title":{"rendered":"Sikkerhedsdatabladets sprog"},"content":{"rendered":"\n<p>P\u00e5 dagens globaliserede marked er overholdelse af internationale sikkerhedsstandarder ikke bare en juridisk n\u00f8dvendighed &#8211; det er en vigtig del af at drive forretning p\u00e5 en ansvarlig og effektiv m\u00e5de. I forbindelse med overholdelse af lovgivningen i den kemiske og kosmetiske industri er det vigtigt at have n\u00f8jagtig og tilg\u00e6ngelig kommunikation af sikkerhedsoplysninger. Det er her, UFI.EU kommer ind i billedet med vores professionelle <strong>MSDS-overs\u00e6ttelsesservice<\/strong>, der tilbyder pr\u00e6cise, lovmedholdelige overs\u00e6ttelser af sikkerhedsdatablade (MSDS), ogs\u00e5 kaldet sikkerhedsdatablade (SDS), p\u00e5 alle EU-sprog og derover.  <\/p>\n\n<h4 class=\"wp-block-heading\" id=\"h-what-is-an-msds\">Hvad er et sikkerhedsdatablad?<\/h4>\n\n<p>Et sikkerhedsdatablad (MSDS) er et dokument, der giver detaljerede oplysninger om et kemisk stof eller en blanding. Det beskriver potentielle farer (sundhed, brand, reaktivitet, milj\u00f8), hvordan man arbejder sikkert med produktet og n\u00f8dforanstaltninger. I henhold til EU-forordninger som <strong>REACH<\/strong> (Registration, Evaluation, Authorisation, and Restriction of Chemicals) og <strong>CLP<\/strong> (Classification, Labelling and Packaging) spiller sikkerhedsdatabladet en vigtig rolle i forhold til at sikre sikker brug og transport af farlige stoffer.   <\/p>\n\n<h4 class=\"wp-block-heading\" id=\"h-why-accurate-translation-is-crucial\">Hvorfor n\u00f8jagtig overs\u00e6ttelse er afg\u00f8rende<\/h4>\n\n<p>Hvert EU-medlemsland har sine egne sprogkrav til SDS-dokumenter. Hvis du eksporterer et produkt til et andet EU-land &#8211; eller importerer et &#8211; skal du levere et sikkerhedsdatablad p\u00e5 det eller de officielle sprog i destinationslandet. Et upr\u00e6cist oversat sikkerhedsdatablad kan f\u00f8re til:<\/p>\n\n<ul class=\"wp-block-list\">\n<li>Regulatoriske b\u00f8der eller juridiske forpligtelser<\/li>\n\n\n\n<li>Forsinkelser i tolden eller transportafbrydelser<\/li>\n\n\n\n<li>Misbrug af farlige stoffer<\/li>\n\n\n\n<li>\u00d8get risiko for ulykker eller milj\u00f8skader<\/li>\n<\/ul>\n\n<p>Vi anerkender kompleksiteten og f\u00f8lsomheden i denne proces. Vores MSDS-overs\u00e6ttelsesservice sikrer, at dine dokumenter ikke kun er sprogligt korrekte, men ogs\u00e5 i fuld overensstemmelse med <strong>bilag II i REACH<\/strong> og den seneste vejledning <strong>fra ECHA (Det Europ\u00e6iske Kemikalieagentur)<\/strong>. <\/p>\n\n<h3 class=\"wp-block-heading\" id=\"h-our-msds-translation-services\">Vores MSDS-overs\u00e6ttelsesydelser<\/h3>\n\n<p>Vi tilbyder en komplet pakke af overs\u00e6ttelsestjenester, der er skr\u00e6ddersyet til kemi-, kosmetik-, parfume-, reng\u00f8rings- og industrisektoren. Vores MSDS-overs\u00e6ttelsesl\u00f8sninger omfatter:<\/p>\n\n<h4 class=\"wp-block-heading\" id=\"h-multilingual-sds-translations\">\u2714 Flersprogede SDS-overs\u00e6ttelser<\/h4>\n\n<p>Vi overs\u00e6tter MSDS-dokumenter til alle officielle EU-sprog samt yderligere sprog, der er n\u00f8dvendige for den globale handel. Hver overs\u00e6ttelse gennemg\u00e5s omhyggeligt for at sikre, at den er i overensstemmelse med lokal kemikalielovgivning, terminologi og formateringsstandarder.<\/p>\n\n<h4 class=\"wp-block-heading\" id=\"h-compliance-verification\">\u2714 Verifikation af overholdelse<\/h4>\n\n<p>Overs\u00e6ttelse er mere end sprog &#8211; det handler ogs\u00e5 om <strong>juridisk n\u00f8jagtighed<\/strong>. Vores team af lovgivningseksperter gennemg\u00e5r dit sikkerhedsdatablad for at sikre, at den oversatte version er i overensstemmelse med REACH- og CLP-kravene, herunder: <\/p>\n\n<ul class=\"wp-block-list\">\n<li>Harmoniseret klassificering og m\u00e6rkning<\/li>\n\n\n\n<li>UFI (Unique Formula Identifier) placering og struktur<\/li>\n\n\n\n<li>Eksponeringsscenarier (n\u00e5r det er n\u00f8dvendigt)<\/li>\n\n\n\n<li>GHS-piktogrammer, signalord og fares\u00e6tninger<\/li>\n<\/ul>\n\n<h4 class=\"wp-block-heading\" id=\"h-sector-specific-terminology\">\u2714 Sektorspecifik terminologi<\/h4>\n\n<p>Vi har specialiseret os i brancher, der kr\u00e6ver en pr\u00e6cis forst\u00e5else af terminologi og lovgivningsm\u00e6ssige nuancer. Disse omfatter:<\/p>\n\n<ul class=\"wp-block-list\">\n<li><strong>Kosmetik og personlig pleje<\/strong><\/li>\n\n\n\n<li><strong>\u00c6teriske olier og duftstoffer<\/strong><\/li>\n\n\n\n<li><strong>Reng\u00f8ringsprodukter til husholdningen<\/strong><\/li>\n\n\n\n<li><strong>Maling og overfladebehandling<\/strong><\/li>\n\n\n\n<li><strong>Laboratoriekemikalier<\/strong><\/li>\n\n\n\n<li><strong>Industrielle r\u00e5materialer<\/strong><\/li>\n<\/ul>\n\n<p>Vores overs\u00e6ttere er fageksperter, ikke generalister, hvilket betyder, at de kender forskellen mellem et overfladeaktivt stof og et opl\u00f8sningsmiddel, og hvorfor det er vigtigt for klassificeringen.<\/p>\n\n<h3 class=\"wp-block-heading\" id=\"h-why-choose-ufi-eu\">Hvorfor v\u00e6lge UFI.EU?<\/h3>\n\n<p>Vi er ikke bare overs\u00e6ttere &#8211; vi er specialister i overholdelse af lovgivningen. Vores team kombinerer <strong>sproglig ekspertise<\/strong> med <strong>teknisk viden om lovgivning<\/strong>, hvilket g\u00f8r os unikt positioneret til at st\u00f8tte din virksomhed i hele Europa. <\/p>\n\n<h4 class=\"wp-block-heading\" id=\"h-fast-turnaround\">\u2705 Hurtig behandling<\/h4>\n\n<p>Vi forst\u00e5r, at SDS-dokumenter ofte er tidsf\u00f8lsomme. Uanset om du lancerer et nyt produkt eller sender internationalt, er vores ekspeditionstider designet til at holde din virksomhed i gang.<\/p>\n\n<h4 class=\"wp-block-heading\" id=\"h-competitive-pricing\">\u2705 Konkurrencedygtige priser<\/h4>\n\n<p>Vi tilbyder gennemsigtige priser uden skjulte gebyrer. Vores priser er faste, og du kan k\u00f8be direkte fra vores hjemmeside.<\/p>\n\n<h4 class=\"wp-block-heading\" id=\"h-confidentiality\">\u2705 Fortrolighed<\/h4>\n\n<p>Alle dine dokumenter behandles strengt fortroligt. Vi underskriver gerne NDA&#8217;er efter anmodning, og alle filoverf\u00f8rsler er krypterede og sikre.<\/p>\n\n<h3 class=\"wp-block-heading\" id=\"h-common-use-cases-for-our-msds-translation-service\">Almindelige brugsscenarier for vores MSDS-overs\u00e6ttelsesservice<\/h3>\n\n<p><strong>1. Eksport af kosmetiske ingredienser:<\/strong><br\/>Hvis du er leverand\u00f8r af \u00e6teriske olier eller kosmetiske stoffer og \u00f8nsker at eksportere til Frankrig, Tyskland eller Spanien, skal du bruge et oversat sikkerhedsdatablad p\u00e5 det relevante sprog for at kunne toldbehandle og overholde lovgivningen.<\/p>\n\n<p><strong>2. Lancering af et nyt reng\u00f8ringsprodukt:<\/strong><br\/>F\u00f8r du markedsf\u00f8rer et reng\u00f8ringsmiddel til husholdningsbrug i EU, skal du levere et sikkerhedsdatablad p\u00e5 det nationale sprog p\u00e5 hvert marked. Vores team kan overs\u00e6tte og validere dine dokumenter p\u00e5 tv\u00e6rs af flere jurisdiktioner. <\/p>\n\n<p><strong>3. PCN Submission Support:<\/strong><br\/>Hvis dit SDS indeholder en UFI, og du indsender en giftmeddelelse (PCN), skal dit oversatte SDS stemme overens med de data, der er indsendt til ECHA-portalen. Vi hj\u00e6lper med at sikre konsistens mellem dit SDS, din produktetiket og din PCN. <\/p>\n\n<p><strong>4. Opk\u00f8b eller leverand\u00f8rskift<\/strong>:<br\/>Hvis din virksomhed for nylig har k\u00f8bt nye kemiske formuleringer fra en udenlandsk leverand\u00f8r, kan vi overs\u00e6tte og lokalisere SDS&#8217;erne til dine interne teams og kunder.<\/p>\n\n<h3 class=\"wp-block-heading\" id=\"h-more-than-just-translation-additional-services\">Mere end bare overs\u00e6ttelse: Yderligere tjenester<\/h3>\n\n<p>Sammen med vores MSDS-overs\u00e6ttelsesservice tilbyder UFI.EU ogs\u00e5:<\/p>\n\n<ul class=\"wp-block-list\">\n<li><strong><a href=\"https:\/\/www.ufi.eu\/pcn\/safety-data-sheet\/safety-data-sheet-creation\/\">Oprettelse af MSDS<\/a><\/strong> af dit produkt<\/li>\n\n\n\n<li><strong>Generering af UFI-kode<\/strong> og placering p\u00e5 etiketter<\/li>\n\n\n\n<li><strong><a href=\"https:\/\/www.ufi.eu\/pcn\/clp-label\/clp-label-creation-compliance-check\/\">CLP-m\u00e6rkningsoplysninger<\/a><\/strong> med farepiktogrammer, signalord og fares\u00e6tninger p\u00e5 det lokale sprog<\/li>\n\n\n\n<li><strong>PCN Submission Services<\/strong> &#8211; komplet support til upload af SDS-data til ECHA-portalen<\/li>\n\n\n\n<li><strong>Toksikologisk pr\u00e6-screening<\/strong> af formuleringer<\/li>\n\n\n\n<li><strong>St\u00f8tte til produktregistrering<\/strong> hos nationale giftcentre<\/li>\n<\/ul>\n\n<p>Denne full-service-tilgang sikrer, at din virksomhed har <strong>\u00e9n p\u00e5lidelig partner<\/strong> til alle sine behov for kemikaliesikkerhed og dokumentation.<\/p>\n","protected":false},"excerpt":{"rendered":"<p>P\u00e5 dagens globaliserede marked er overholdelse af internationale sikkerhedsstandarder ikke bare en juridisk n\u00f8dvendighed &#8211; det er en vigtig del af at drive forretning p\u00e5 en ansvarlig og effektiv m\u00e5de. I forbindelse med overholdelse af lovgivningen i den kemiske og kosmetiske industri er det vigtigt at have n\u00f8jagtig og tilg\u00e6ngelig kommunikation af sikkerhedsoplysninger. Det er [&hellip;]<\/p>\n","protected":false},"featured_media":12560,"template":"","meta":[],"product_brand":[],"product_cat":[282],"product_tag":[],"class_list":{"0":"post-12450","1":"product","2":"type-product","3":"status-publish","4":"has-post-thumbnail","6":"product_cat-sikkerhedsdatablad","8":"first","9":"instock","10":"taxable","11":"shipping-taxable","12":"purchasable","13":"product-type-simple"},"bundled_by":["12856","13193","31737"],"bundle_stock_status":"instock","bundle_stock_quantity":null,"bundle_virtual":false,"bundle_layout":"","bundle_add_to_cart_form_location":"","bundle_editable_in_cart":false,"bundle_sold_individually_context":"","bundle_item_grouping":"","bundle_min_size":"","bundle_max_size":"","bundle_price":[],"bundled_items":[],"bundle_sell_ids":[],"yoast_head":"<!-- This site is optimized with the Yoast SEO Premium plugin v25.1 (Yoast SEO v25.1) - https:\/\/yoast.com\/wordpress\/plugins\/seo\/ -->\n<title>MSDS Translation Service - Overs\u00e6t dit sikkerhedsdatablad (SDS)<\/title>\n<meta name=\"description\" content=\"Vores SDS- og MSDS-overs\u00e6ttelsesservice sikrer, at dine dokumenter ikke kun er sprogligt korrekte, men ogs\u00e5 fuldt ud i overensstemmelse med reglerne.\" \/>\n<meta name=\"robots\" content=\"index, follow, max-snippet:-1, max-image-preview:large, max-video-preview:-1\" \/>\n<link rel=\"canonical\" href=\"https:\/\/www.ufi.eu\/da\/product\/oversaettelse-af-sikkerhedsdatablade\/\" \/>\n<meta property=\"og:locale\" content=\"da_DK\" \/>\n<meta property=\"og:type\" content=\"article\" \/>\n<meta property=\"og:title\" content=\"Sikkerhedsdatabladets sprog\" \/>\n<meta property=\"og:description\" content=\"Vores SDS- og MSDS-overs\u00e6ttelsesservice sikrer, at dine dokumenter ikke kun er sprogligt korrekte, men ogs\u00e5 fuldt ud i overensstemmelse med reglerne.\" \/>\n<meta property=\"og:url\" content=\"https:\/\/www.ufi.eu\/da\/product\/oversaettelse-af-sikkerhedsdatablade\/\" \/>\n<meta property=\"og:site_name\" content=\"UFI\" \/>\n<meta property=\"article:modified_time\" content=\"2026-02-12T11:23:37+00:00\" \/>\n<meta property=\"og:image\" content=\"https:\/\/www.ufi.eu\/wp-content\/uploads\/2025\/03\/eu.jpg\" \/>\n\t<meta property=\"og:image:width\" content=\"800\" \/>\n\t<meta property=\"og:image:height\" content=\"800\" \/>\n\t<meta property=\"og:image:type\" content=\"image\/jpeg\" \/>\n<meta name=\"twitter:card\" content=\"summary_large_image\" \/>\n<meta name=\"twitter:label1\" content=\"Pris\" \/>\n\t<meta name=\"twitter:data1\" content=\"&euro;50.00\" \/>\n\t<meta name=\"twitter:label2\" content=\"Tilg\u00e6ngelighed\" \/>\n\t<meta name=\"twitter:data2\" content=\"P\u00e5 lager\" \/>\n<script type=\"application\/ld+json\" class=\"yoast-schema-graph\">{\"@context\":\"https:\/\/schema.org\",\"@graph\":[{\"@type\":\"WebPage\",\"@id\":\"https:\/\/www.ufi.eu\/da\/product\/oversaettelse-af-sikkerhedsdatablade\/\",\"url\":\"https:\/\/www.ufi.eu\/da\/product\/oversaettelse-af-sikkerhedsdatablade\/\",\"name\":\"MSDS Translation Service - Overs\u00e6t dit sikkerhedsdatablad (SDS)\",\"isPartOf\":{\"@id\":\"https:\/\/www.ufi.eu\/da\/#website\"},\"primaryImageOfPage\":{\"@id\":\"https:\/\/www.ufi.eu\/da\/product\/oversaettelse-af-sikkerhedsdatablade\/#primaryimage\"},\"image\":{\"@id\":\"https:\/\/www.ufi.eu\/da\/product\/oversaettelse-af-sikkerhedsdatablade\/#primaryimage\"},\"thumbnailUrl\":\"https:\/\/www.ufi.eu\/wp-content\/uploads\/2025\/03\/eu.jpg\",\"datePublished\":\"2025-04-15T19:33:53+00:00\",\"dateModified\":\"2026-02-12T11:23:37+00:00\",\"description\":\"Vores SDS- og MSDS-overs\u00e6ttelsesservice sikrer, at dine dokumenter ikke kun er sprogligt korrekte, men ogs\u00e5 fuldt ud i overensstemmelse med reglerne.\",\"breadcrumb\":{\"@id\":\"https:\/\/www.ufi.eu\/da\/product\/oversaettelse-af-sikkerhedsdatablade\/#breadcrumb\"},\"inLanguage\":\"da-DK\",\"potentialAction\":[{\"@type\":\"ReadAction\",\"target\":[\"https:\/\/www.ufi.eu\/da\/product\/oversaettelse-af-sikkerhedsdatablade\/\"]}]},{\"@type\":\"ImageObject\",\"inLanguage\":\"da-DK\",\"@id\":\"https:\/\/www.ufi.eu\/da\/product\/oversaettelse-af-sikkerhedsdatablade\/#primaryimage\",\"url\":\"https:\/\/www.ufi.eu\/wp-content\/uploads\/2025\/03\/eu.jpg\",\"contentUrl\":\"https:\/\/www.ufi.eu\/wp-content\/uploads\/2025\/03\/eu.jpg\",\"width\":800,\"height\":800},{\"@type\":\"BreadcrumbList\",\"@id\":\"https:\/\/www.ufi.eu\/da\/product\/oversaettelse-af-sikkerhedsdatablade\/#breadcrumb\",\"itemListElement\":[{\"@type\":\"ListItem\",\"position\":1,\"name\":\"Home\",\"item\":\"https:\/\/www.ufi.eu\/da\/hjem\/\"},{\"@type\":\"ListItem\",\"position\":2,\"name\":\"Butik\",\"item\":\"https:\/\/www.ufi.eu\/da\/butik\/\"},{\"@type\":\"ListItem\",\"position\":3,\"name\":\"Sikkerhedsdatabladets sprog\"}]},{\"@type\":\"WebSite\",\"@id\":\"https:\/\/www.ufi.eu\/da\/#website\",\"url\":\"https:\/\/www.ufi.eu\/da\/\",\"name\":\"UFI.EU\",\"description\":\"Poison Centre Notifications (PCN) and UFI\",\"publisher\":{\"@id\":\"https:\/\/www.ufi.eu\/da\/#organization\"},\"potentialAction\":[{\"@type\":\"SearchAction\",\"target\":{\"@type\":\"EntryPoint\",\"urlTemplate\":\"https:\/\/www.ufi.eu\/da\/?s={search_term_string}\"},\"query-input\":{\"@type\":\"PropertyValueSpecification\",\"valueRequired\":true,\"valueName\":\"search_term_string\"}}],\"inLanguage\":\"da-DK\"},{\"@type\":\"Organization\",\"@id\":\"https:\/\/www.ufi.eu\/da\/#organization\",\"name\":\"UFI.EU\",\"url\":\"https:\/\/www.ufi.eu\/da\/\",\"logo\":{\"@type\":\"ImageObject\",\"inLanguage\":\"da-DK\",\"@id\":\"https:\/\/www.ufi.eu\/da\/#\/schema\/logo\/image\/\",\"url\":\"https:\/\/www.ufi.eu\/wp-content\/uploads\/2025\/03\/cropped-logo_ufi3.jpg\",\"contentUrl\":\"https:\/\/www.ufi.eu\/wp-content\/uploads\/2025\/03\/cropped-logo_ufi3.jpg\",\"width\":231,\"height\":78,\"caption\":\"UFI.EU\"},\"image\":{\"@id\":\"https:\/\/www.ufi.eu\/da\/#\/schema\/logo\/image\/\"},\"description\":\"UFI.eu specializes in digital registrations for Poison Centre Notifications (PCN), ensuring your chemical products meet EU regulatory requirements effortlessly. Our streamlined solutions help businesses stay compliant while reducing complexity and administrative burden.\",\"email\":\"info@ufi.eu\",\"legalName\":\"UFI.EU\"}]}<\/script>\n<meta property=\"product:price:amount\" content=\"50.00\" \/>\n<meta property=\"product:price:currency\" content=\"EUR\" \/>\n<meta property=\"og:availability\" content=\"instock\" \/>\n<meta property=\"product:availability\" content=\"instock\" \/>\n<meta property=\"product:condition\" content=\"new\" \/>\n<!-- \/ Yoast SEO Premium plugin. -->","yoast_head_json":{"title":"MSDS Translation Service - Overs\u00e6t dit sikkerhedsdatablad (SDS)","description":"Vores SDS- og MSDS-overs\u00e6ttelsesservice sikrer, at dine dokumenter ikke kun er sprogligt korrekte, men ogs\u00e5 fuldt ud i overensstemmelse med reglerne.","robots":{"index":"index","follow":"follow","max-snippet":"max-snippet:-1","max-image-preview":"max-image-preview:large","max-video-preview":"max-video-preview:-1"},"canonical":"https:\/\/www.ufi.eu\/da\/product\/oversaettelse-af-sikkerhedsdatablade\/","og_locale":"da_DK","og_type":"article","og_title":"Sikkerhedsdatabladets sprog","og_description":"Vores SDS- og MSDS-overs\u00e6ttelsesservice sikrer, at dine dokumenter ikke kun er sprogligt korrekte, men ogs\u00e5 fuldt ud i overensstemmelse med reglerne.","og_url":"https:\/\/www.ufi.eu\/da\/product\/oversaettelse-af-sikkerhedsdatablade\/","og_site_name":"UFI","article_modified_time":"2026-02-12T11:23:37+00:00","og_image":[{"width":800,"height":800,"url":"https:\/\/www.ufi.eu\/wp-content\/uploads\/2025\/03\/eu.jpg","type":"image\/jpeg"}],"twitter_card":"summary_large_image","twitter_misc":{"Pris":"&euro;50.00","Tilg\u00e6ngelighed":"P\u00e5 lager"},"schema":{"@context":"https:\/\/schema.org","@graph":[{"@type":"WebPage","@id":"https:\/\/www.ufi.eu\/da\/product\/oversaettelse-af-sikkerhedsdatablade\/","url":"https:\/\/www.ufi.eu\/da\/product\/oversaettelse-af-sikkerhedsdatablade\/","name":"MSDS Translation Service - Overs\u00e6t dit sikkerhedsdatablad (SDS)","isPartOf":{"@id":"https:\/\/www.ufi.eu\/da\/#website"},"primaryImageOfPage":{"@id":"https:\/\/www.ufi.eu\/da\/product\/oversaettelse-af-sikkerhedsdatablade\/#primaryimage"},"image":{"@id":"https:\/\/www.ufi.eu\/da\/product\/oversaettelse-af-sikkerhedsdatablade\/#primaryimage"},"thumbnailUrl":"https:\/\/www.ufi.eu\/wp-content\/uploads\/2025\/03\/eu.jpg","datePublished":"2025-04-15T19:33:53+00:00","dateModified":"2026-02-12T11:23:37+00:00","description":"Vores SDS- og MSDS-overs\u00e6ttelsesservice sikrer, at dine dokumenter ikke kun er sprogligt korrekte, men ogs\u00e5 fuldt ud i overensstemmelse med reglerne.","breadcrumb":{"@id":"https:\/\/www.ufi.eu\/da\/product\/oversaettelse-af-sikkerhedsdatablade\/#breadcrumb"},"inLanguage":"da-DK","potentialAction":[{"@type":"ReadAction","target":["https:\/\/www.ufi.eu\/da\/product\/oversaettelse-af-sikkerhedsdatablade\/"]}]},{"@type":"ImageObject","inLanguage":"da-DK","@id":"https:\/\/www.ufi.eu\/da\/product\/oversaettelse-af-sikkerhedsdatablade\/#primaryimage","url":"https:\/\/www.ufi.eu\/wp-content\/uploads\/2025\/03\/eu.jpg","contentUrl":"https:\/\/www.ufi.eu\/wp-content\/uploads\/2025\/03\/eu.jpg","width":800,"height":800},{"@type":"BreadcrumbList","@id":"https:\/\/www.ufi.eu\/da\/product\/oversaettelse-af-sikkerhedsdatablade\/#breadcrumb","itemListElement":[{"@type":"ListItem","position":1,"name":"Home","item":"https:\/\/www.ufi.eu\/da\/hjem\/"},{"@type":"ListItem","position":2,"name":"Butik","item":"https:\/\/www.ufi.eu\/da\/butik\/"},{"@type":"ListItem","position":3,"name":"Sikkerhedsdatabladets sprog"}]},{"@type":"WebSite","@id":"https:\/\/www.ufi.eu\/da\/#website","url":"https:\/\/www.ufi.eu\/da\/","name":"UFI.EU","description":"Poison Centre Notifications (PCN) and UFI","publisher":{"@id":"https:\/\/www.ufi.eu\/da\/#organization"},"potentialAction":[{"@type":"SearchAction","target":{"@type":"EntryPoint","urlTemplate":"https:\/\/www.ufi.eu\/da\/?s={search_term_string}"},"query-input":{"@type":"PropertyValueSpecification","valueRequired":true,"valueName":"search_term_string"}}],"inLanguage":"da-DK"},{"@type":"Organization","@id":"https:\/\/www.ufi.eu\/da\/#organization","name":"UFI.EU","url":"https:\/\/www.ufi.eu\/da\/","logo":{"@type":"ImageObject","inLanguage":"da-DK","@id":"https:\/\/www.ufi.eu\/da\/#\/schema\/logo\/image\/","url":"https:\/\/www.ufi.eu\/wp-content\/uploads\/2025\/03\/cropped-logo_ufi3.jpg","contentUrl":"https:\/\/www.ufi.eu\/wp-content\/uploads\/2025\/03\/cropped-logo_ufi3.jpg","width":231,"height":78,"caption":"UFI.EU"},"image":{"@id":"https:\/\/www.ufi.eu\/da\/#\/schema\/logo\/image\/"},"description":"UFI.eu specializes in digital registrations for Poison Centre Notifications (PCN), ensuring your chemical products meet EU regulatory requirements effortlessly. Our streamlined solutions help businesses stay compliant while reducing complexity and administrative burden.","email":"info@ufi.eu","legalName":"UFI.EU"}]},"product_price_amount":"50.00","product_price_currency":"EUR","og_availability":"instock","product_availability":"instock","product_condition":"new"},"_links":{"self":[{"href":"https:\/\/www.ufi.eu\/da\/wp-json\/wp\/v2\/product\/12450","targetHints":{"allow":["GET"]}}],"collection":[{"href":"https:\/\/www.ufi.eu\/da\/wp-json\/wp\/v2\/product"}],"about":[{"href":"https:\/\/www.ufi.eu\/da\/wp-json\/wp\/v2\/types\/product"}],"wp:featuredmedia":[{"embeddable":true,"href":"https:\/\/www.ufi.eu\/da\/wp-json\/wp\/v2\/media\/12560"}],"wp:attachment":[{"href":"https:\/\/www.ufi.eu\/da\/wp-json\/wp\/v2\/media?parent=12450"}],"wp:term":[{"taxonomy":"product_brand","embeddable":true,"href":"https:\/\/www.ufi.eu\/da\/wp-json\/wp\/v2\/product_brand?post=12450"},{"taxonomy":"product_cat","embeddable":true,"href":"https:\/\/www.ufi.eu\/da\/wp-json\/wp\/v2\/product_cat?post=12450"},{"taxonomy":"product_tag","embeddable":true,"href":"https:\/\/www.ufi.eu\/da\/wp-json\/wp\/v2\/product_tag?post=12450"}],"curies":[{"name":"wp","href":"https:\/\/api.w.org\/{rel}","templated":true}]}}