{"id":12430,"date":"2025-04-09T20:19:16","date_gmt":"2025-04-15T19:33:43","guid":{"rendered":"https:\/\/www.ufi.eu\/pcn\/Ikke%20kategoriseret\/oprettelse-af-sikkerhedsdatablad\/"},"modified":"2025-08-29T09:16:01","modified_gmt":"2025-08-29T09:16:01","slug":"oprettelse-af-sikkerhedsdatablad","status":"publish","type":"product","link":"https:\/\/www.ufi.eu\/da\/product\/oprettelse-af-sikkerhedsdatablad\/","title":{"rendered":"Oprettelse af sikkerhedsdatablad"},"content":{"rendered":"\n<h3 class=\"wp-block-heading\" id=\"h-please-select-the-bundle-including-a-language-for-the-creation-of-an-sds-without-a-language-we-cannot-create-the-sds\"><strong><a href=\"https:\/\/www.ufi.eu\/da\/product\/service-til-oprettelse-af-sikkerhedsdatablade-msds-sds\/\">V\u00e6lg den pakke,<\/a> der indeholder et sprog til oprettelse af et SDS. Uden et sprog kan vi ikke oprette SDS&#8217;et.   <\/strong><\/h3>\n\n<p><strong>Professionelt skrevne sikkerhedsdatablade i fuld overensstemmelse med EU-forordningen (REACH &amp; CLP<\/strong>)<br\/>Vi leverer <strong>professionelt<\/strong> udarbejdede sikkerhedsdatablade <strong>(SDS<\/strong> ) &#8211; ogs\u00e5 kendt som <strong>materialesikkerhedsdatablade (MSDS)<\/strong> &#8211; skr\u00e6ddersyet til dit produkt og i overensstemmelse med de seneste EU-forordninger. Uanset om du fremstiller kemiske blandinger, importerer produkter til EU eller distribuerer dem under eget m\u00e6rke, er det lovpligtigt med et SDS, der overholder reglerne, og det er afg\u00f8rende for sikker brug i hele forsyningsk\u00e6den. <\/p>\n\n<h2 class=\"wp-block-heading\" id=\"h-what-is-an-safety-data-sheet-msds-sds-and-why-do-you-need-one\">Hvad er et sikkerhedsdatablad (MSDS\/SDS), og hvorfor har du brug for det?<\/h2>\n\n<p>Et <strong>sikkerhedsdatablad<\/strong> er et lovpligtigt dokument, der giver omfattende oplysninger om et kemisk stofs eller en blandings egenskaber. I henhold til <strong>REACH (EF nr. 1907\/2006)<\/strong> og <strong>CLP (EF nr. 1272\/2008<\/strong>) skal leverand\u00f8rer levere et SDS til downstream-brugere for ethvert produkt, der er farligt eller indeholder problematiske stoffer. <\/p>\n\n<p>Manglende levering af et n\u00f8jagtigt, komplet SDS kan f\u00f8re til:<\/p>\n\n<ul class=\"wp-block-list\">\n<li><strong>Juridiske sanktioner<\/strong> eller toldforsinkelser<\/li>\n\n\n\n<li><strong>Afviste forsendelser<\/strong> eller mistede forretningspartnere<\/li>\n\n\n\n<li><strong>Risiko for menneskers sundhed og milj\u00f8et<\/strong><\/li>\n<\/ul>\n\n<h2 class=\"wp-block-heading\" id=\"h-what-our-sds-creation-service-includes\">Hvad vores SDS-oprettelsesservice omfatter<\/h2>\n\n<h4 class=\"wp-block-heading\" id=\"h-1-fully-compliant-sds-creation-16-sections\">1. <strong>Oprettelse af fuldt kompatible SDS&#8217;er (16 sektioner)<\/strong><\/h4>\n\n<p>Vi udarbejder dit SDS fra bunden baseret p\u00e5 din produktformulering og\/eller eksisterende data, herunder:<\/p>\n\n<ul class=\"wp-block-list\">\n<li>Oplysninger om fareklassificering og m\u00e6rkning (CLP-kompatibel)<\/li>\n\n\n\n<li>Oplysning om sammens\u00e6tning og ingredienser<\/li>\n\n\n\n<li>Instruktioner om sikker h\u00e5ndtering, opbevaring og transport<\/li>\n\n\n\n<li>F\u00f8rstehj\u00e6lp, brandbek\u00e6mpelse og foranstaltninger ved utilsigtet udslip<\/li>\n\n\n\n<li>Lovgivningsm\u00e6ssige referencer (REACH bilag II)<\/li>\n<\/ul>\n\n<p>Hvert SDS leveres i overensstemmelse med <strong>bilag II til REACH,<\/strong> tilpasset de seneste opdateringer og harmoniserede klassifikationer.<\/p>\n\n<h4 class=\"wp-block-heading\" id=\"h-2-multilingual-sds-versions\">2. <strong>Flersprogede SDS-versioner<\/strong><\/h4>\n\n<p>Vi tilbyder udarbejdelse af SDS&#8217;er p\u00e5 flere officielle EU-sprog, klar til distribution p\u00e5 tv\u00e6rs af gr\u00e6nserne. Dette inkluderer:<\/p>\n\n<ul class=\"wp-block-list\">\n<li>Overs\u00e6ttelser af eksperter med kendskab til kemisk terminologi<\/li>\n\n\n\n<li>Landespecifikke tilpasninger, n\u00e5r det er n\u00f8dvendigt (f.eks. nationale eksponeringsgr\u00e6nser)<\/li>\n<\/ul>\n\n<h4 class=\"wp-block-heading\" id=\"h-3-update-amp-conversion-service\">3. <strong>Opdaterings- og konverteringsservice<\/strong><\/h4>\n\n<p>Har du allerede et for\u00e6ldet eller ikke-kompatibelt SDS? Det kan vi:<\/p>\n\n<ul class=\"wp-block-list\">\n<li>Gennemg\u00e5 og opdater dit eksisterende ark, s\u00e5 det lever op til de nuv\u00e6rende standarder<\/li>\n\n\n\n<li>Konverter ikke-EU SDS-formater (f.eks. US OSHA) til EU REACH-kompatible versioner<\/li>\n<\/ul>\n\n<h4 class=\"wp-block-heading\" id=\"h-4-optional-add-ons\">4. <strong>Valgfrie tilf\u00f8jelser<\/strong><\/h4>\n\n<ul class=\"wp-block-list\">\n<li>Oprettelse af CLP-label, der matcher SDS&#8217;et<\/li>\n\n\n\n<li>UFI-generering og PCN-meddelelse<\/li>\n\n\n\n<li>Produktklassificering baseret p\u00e5 r\u00e5materialer eller ingredienslister<\/li>\n<\/ul>\n\n<h2 class=\"wp-block-heading\" id=\"h-which-products-need-an-sds\">Hvilke produkter har brug for et SDS?<\/h2>\n\n<p>Et SDS er p\u00e5kr\u00e6vet, hvis dit produkt:<\/p>\n\n<ul class=\"wp-block-list\">\n<li>Er klassificeret som farlig (f.eks. brandfarlig, irriterende, giftig, \u00e6tsende)<\/li>\n\n\n\n<li>Indeholder stoffer, der er farlige eller opf\u00f8rt p\u00e5 specifikke lovgivningslister (f.eks. SVHC)<\/li>\n\n\n\n<li>Er beregnet til professionel eller industriel brug, selv om det ikke er klassificeret som farligt<\/li>\n<\/ul>\n\n<p>Det g\u00e6lder for en lang r\u00e6kke produkter:<\/p>\n\n<ul class=\"wp-block-list\">\n<li>Duft- og \u00e6teriske olieblandinger<\/li>\n\n\n\n<li>Reng\u00f8ringsmidler og overfladespray<\/li>\n\n\n\n<li>Maling, bel\u00e6gninger og harpiks<\/li>\n\n\n\n<li>Vokssmelte, rumspray og luftfriskere<\/li>\n\n\n\n<li>Industrielle kemikalier og mellemprodukter<\/li>\n<\/ul>\n\n<h2 class=\"wp-block-heading\" id=\"h-who-is-this-service-for\">Hvem er denne service til?<\/h2>\n\n<ul class=\"wp-block-list\">\n<li>Producenter og m\u00e6rkevareejere af kemiske blandinger<\/li>\n\n\n\n<li>Import\u00f8rer af produkter fra lande uden for EU<\/li>\n\n\n\n<li>Private label- og white label-distribut\u00f8rer<\/li>\n\n\n\n<li>Virksomheder, der s\u00e6lger farlige varer via online markedspladser eller detailhandel<\/li>\n<\/ul>\n\n<h2 class=\"wp-block-heading\" id=\"h-why-choose-ufi-eu\">Hvorfor v\u00e6lge UFI.EU?<\/h2>\n\n<ul class=\"wp-block-list\">\n<li><strong>Erfarent regulatorisk team<\/strong> med speciale i CLP, REACH og PCN<\/li>\n\n\n\n<li><strong>Pr\u00e6cise og fuldt kompatible SDS&#8217;er<\/strong>, der er skr\u00e6ddersyet til dit produkt<\/li>\n\n\n\n<li><strong>Flersproget st\u00f8tte<\/strong> til EU-d\u00e6kkende compliance<\/li>\n\n\n\n<li><strong>Hurtig ekspeditionstid<\/strong> og gennemsigtige priser<\/li>\n<\/ul>\n\n<h2 class=\"wp-block-heading\" id=\"h-how-it-works\">S\u00e5dan fungerer det<\/h2>\n\n<ol class=\"wp-block-list\">\n<li><strong>Indsend din produktformulering eller eksisterende SDS<\/strong><\/li>\n\n\n\n<li><strong>Vi analyserer ingredienserne og udarbejder SDS&#8217;er<\/strong><\/li>\n\n\n\n<li><strong>Modtag et professionelt formateret dokument klar til distribution eller registrering<\/strong><\/li>\n<\/ol>\n\n<h2 class=\"wp-block-heading\" id=\"h-order-your-sds-today\">Bestil dit SDS i dag<\/h2>\n\n<p>Uanset om du har brug for et nyt SDS, en opdatering eller flersprogede versioner til forskellige markeder, er <strong>UFI.EU<\/strong> din p\u00e5lidelige partner, n\u00e5r det g\u00e6lder overholdelse af<strong>kemikalielovgivningen.<\/strong><br\/><strong>Bestil din SDS-oprettelsesservice nu, og overhold EU-lovgivningen fuldt ud.<\/strong><\/p>\n","protected":false},"excerpt":{"rendered":"<p>V\u00e6lg den pakke, der indeholder et sprog til oprettelse af et SDS. Uden et sprog kan vi ikke oprette SDS&#8217;et. Professionelt skrevne sikkerhedsdatablade i fuld overensstemmelse med EU-forordningen (REACH &amp; CLP)Vi leverer professionelt udarbejdede sikkerhedsdatablade (SDS ) &#8211; ogs\u00e5 kendt som materialesikkerhedsdatablade (MSDS) &#8211; skr\u00e6ddersyet til dit produkt og i overensstemmelse med de seneste EU-forordninger. [&hellip;]<\/p>\n","protected":false},"featured_media":12434,"template":"","meta":[],"product_brand":[],"product_cat":[282],"product_tag":[],"class_list":{"0":"post-12430","1":"product","2":"type-product","3":"status-publish","4":"has-post-thumbnail","6":"product_cat-sikkerhedsdatablad","8":"first","9":"instock","10":"virtual","11":"taxable","12":"purchasable","13":"product-type-simple"},"bundled_by":["12856","13193","31737"],"bundle_stock_status":"instock","bundle_stock_quantity":null,"bundle_virtual":false,"bundle_layout":"","bundle_add_to_cart_form_location":"","bundle_editable_in_cart":false,"bundle_sold_individually_context":"","bundle_item_grouping":"","bundle_min_size":"","bundle_max_size":"","bundle_price":[],"bundled_items":[],"bundle_sell_ids":[],"yoast_head":"<!-- This site is optimized with the Yoast SEO Premium plugin v25.1 (Yoast SEO v25.1) - https:\/\/yoast.com\/wordpress\/plugins\/seo\/ -->\n<title>Oprettelse af sikkerhedsdatablad - UFI<\/title>\n<meta name=\"robots\" content=\"noindex, follow\" \/>\n<meta property=\"og:locale\" content=\"da_DK\" \/>\n<meta property=\"og:type\" content=\"article\" \/>\n<meta property=\"og:title\" content=\"Oprettelse af sikkerhedsdatablad\" \/>\n<meta property=\"og:description\" content=\"V\u00e6lg den pakke, der indeholder et sprog til oprettelse af et SDS. Uden et sprog kan vi ikke oprette SDS&#8217;et. Professionelt skrevne sikkerhedsdatablade i fuld overensstemmelse med EU-forordningen (REACH &amp; CLP)Vi leverer professionelt udarbejdede sikkerhedsdatablade (SDS ) &#8211; ogs\u00e5 kendt som materialesikkerhedsdatablade (MSDS) &#8211; skr\u00e6ddersyet til dit produkt og i overensstemmelse med de seneste EU-forordninger. [&hellip;]\" \/>\n<meta property=\"og:url\" content=\"https:\/\/www.ufi.eu\/da\/product\/oprettelse-af-sikkerhedsdatablad\/\" \/>\n<meta property=\"og:site_name\" content=\"UFI\" \/>\n<meta property=\"article:modified_time\" content=\"2025-08-29T09:16:01+00:00\" \/>\n<meta property=\"og:image\" content=\"https:\/\/www.ufi.eu\/wp-content\/uploads\/2025\/03\/pcn_ufi.jpg\" \/>\n\t<meta property=\"og:image:width\" content=\"1024\" \/>\n\t<meta property=\"og:image:height\" content=\"1024\" \/>\n\t<meta property=\"og:image:type\" content=\"image\/jpeg\" \/>\n<meta name=\"twitter:card\" content=\"summary_large_image\" \/>\n<meta name=\"twitter:label1\" content=\"Pris\" \/>\n\t<meta name=\"twitter:data1\" content=\"&euro;49.00\" \/>\n\t<meta name=\"twitter:label2\" content=\"Tilg\u00e6ngelighed\" \/>\n\t<meta name=\"twitter:data2\" content=\"P\u00e5 lager\" \/>\n<script type=\"application\/ld+json\" class=\"yoast-schema-graph\">{\"@context\":\"https:\/\/schema.org\",\"@graph\":[{\"@type\":\"WebPage\",\"@id\":\"https:\/\/www.ufi.eu\/da\/product\/oprettelse-af-sikkerhedsdatablad\/\",\"url\":\"https:\/\/www.ufi.eu\/da\/product\/oprettelse-af-sikkerhedsdatablad\/\",\"name\":\"Oprettelse af sikkerhedsdatablad - UFI\",\"isPartOf\":{\"@id\":\"https:\/\/www.ufi.eu\/da\/#website\"},\"primaryImageOfPage\":{\"@id\":\"https:\/\/www.ufi.eu\/da\/product\/oprettelse-af-sikkerhedsdatablad\/#primaryimage\"},\"image\":{\"@id\":\"https:\/\/www.ufi.eu\/da\/product\/oprettelse-af-sikkerhedsdatablad\/#primaryimage\"},\"thumbnailUrl\":\"https:\/\/www.ufi.eu\/wp-content\/uploads\/2025\/03\/pcn_ufi.jpg\",\"datePublished\":\"2025-04-15T19:33:43+00:00\",\"dateModified\":\"2025-08-29T09:16:01+00:00\",\"breadcrumb\":{\"@id\":\"https:\/\/www.ufi.eu\/da\/product\/oprettelse-af-sikkerhedsdatablad\/#breadcrumb\"},\"inLanguage\":\"da-DK\",\"potentialAction\":[{\"@type\":\"ReadAction\",\"target\":[\"https:\/\/www.ufi.eu\/da\/product\/oprettelse-af-sikkerhedsdatablad\/\"]}]},{\"@type\":\"ImageObject\",\"inLanguage\":\"da-DK\",\"@id\":\"https:\/\/www.ufi.eu\/da\/product\/oprettelse-af-sikkerhedsdatablad\/#primaryimage\",\"url\":\"https:\/\/www.ufi.eu\/wp-content\/uploads\/2025\/03\/pcn_ufi.jpg\",\"contentUrl\":\"https:\/\/www.ufi.eu\/wp-content\/uploads\/2025\/03\/pcn_ufi.jpg\",\"width\":1024,\"height\":1024},{\"@type\":\"BreadcrumbList\",\"@id\":\"https:\/\/www.ufi.eu\/da\/product\/oprettelse-af-sikkerhedsdatablad\/#breadcrumb\",\"itemListElement\":[{\"@type\":\"ListItem\",\"position\":1,\"name\":\"Home\",\"item\":\"https:\/\/www.ufi.eu\/da\/hjem\/\"},{\"@type\":\"ListItem\",\"position\":2,\"name\":\"Butik\",\"item\":\"https:\/\/www.ufi.eu\/da\/butik\/\"},{\"@type\":\"ListItem\",\"position\":3,\"name\":\"Oprettelse af sikkerhedsdatablad\"}]},{\"@type\":\"WebSite\",\"@id\":\"https:\/\/www.ufi.eu\/da\/#website\",\"url\":\"https:\/\/www.ufi.eu\/da\/\",\"name\":\"UFI.EU\",\"description\":\"Poison Centre Notifications (PCN) and UFI\",\"publisher\":{\"@id\":\"https:\/\/www.ufi.eu\/da\/#organization\"},\"potentialAction\":[{\"@type\":\"SearchAction\",\"target\":{\"@type\":\"EntryPoint\",\"urlTemplate\":\"https:\/\/www.ufi.eu\/da\/?s={search_term_string}\"},\"query-input\":{\"@type\":\"PropertyValueSpecification\",\"valueRequired\":true,\"valueName\":\"search_term_string\"}}],\"inLanguage\":\"da-DK\"},{\"@type\":\"Organization\",\"@id\":\"https:\/\/www.ufi.eu\/da\/#organization\",\"name\":\"UFI.EU\",\"url\":\"https:\/\/www.ufi.eu\/da\/\",\"logo\":{\"@type\":\"ImageObject\",\"inLanguage\":\"da-DK\",\"@id\":\"https:\/\/www.ufi.eu\/da\/#\/schema\/logo\/image\/\",\"url\":\"https:\/\/www.ufi.eu\/wp-content\/uploads\/2025\/03\/cropped-logo_ufi3.jpg\",\"contentUrl\":\"https:\/\/www.ufi.eu\/wp-content\/uploads\/2025\/03\/cropped-logo_ufi3.jpg\",\"width\":231,\"height\":78,\"caption\":\"UFI.EU\"},\"image\":{\"@id\":\"https:\/\/www.ufi.eu\/da\/#\/schema\/logo\/image\/\"},\"description\":\"UFI.eu specializes in digital registrations for Poison Centre Notifications (PCN), ensuring your chemical products meet EU regulatory requirements effortlessly. Our streamlined solutions help businesses stay compliant while reducing complexity and administrative burden.\",\"email\":\"info@ufi.eu\",\"legalName\":\"UFI.EU\"}]}<\/script>\n<meta property=\"product:price:amount\" content=\"49.00\" \/>\n<meta property=\"product:price:currency\" content=\"EUR\" \/>\n<meta property=\"og:availability\" content=\"instock\" \/>\n<meta property=\"product:availability\" content=\"instock\" \/>\n<meta property=\"product:condition\" content=\"new\" \/>\n<!-- \/ Yoast SEO Premium plugin. -->","yoast_head_json":{"title":"Oprettelse af sikkerhedsdatablad - UFI","robots":{"index":"noindex","follow":"follow"},"og_locale":"da_DK","og_type":"article","og_title":"Oprettelse af sikkerhedsdatablad","og_description":"V\u00e6lg den pakke, der indeholder et sprog til oprettelse af et SDS. Uden et sprog kan vi ikke oprette SDS&#8217;et. Professionelt skrevne sikkerhedsdatablade i fuld overensstemmelse med EU-forordningen (REACH &amp; CLP)Vi leverer professionelt udarbejdede sikkerhedsdatablade (SDS ) &#8211; ogs\u00e5 kendt som materialesikkerhedsdatablade (MSDS) &#8211; skr\u00e6ddersyet til dit produkt og i overensstemmelse med de seneste EU-forordninger. [&hellip;]","og_url":"https:\/\/www.ufi.eu\/da\/product\/oprettelse-af-sikkerhedsdatablad\/","og_site_name":"UFI","article_modified_time":"2025-08-29T09:16:01+00:00","og_image":[{"width":1024,"height":1024,"url":"https:\/\/www.ufi.eu\/wp-content\/uploads\/2025\/03\/pcn_ufi.jpg","type":"image\/jpeg"}],"twitter_card":"summary_large_image","twitter_misc":{"Pris":"&euro;49.00","Tilg\u00e6ngelighed":"P\u00e5 lager"},"schema":{"@context":"https:\/\/schema.org","@graph":[{"@type":"WebPage","@id":"https:\/\/www.ufi.eu\/da\/product\/oprettelse-af-sikkerhedsdatablad\/","url":"https:\/\/www.ufi.eu\/da\/product\/oprettelse-af-sikkerhedsdatablad\/","name":"Oprettelse af sikkerhedsdatablad - UFI","isPartOf":{"@id":"https:\/\/www.ufi.eu\/da\/#website"},"primaryImageOfPage":{"@id":"https:\/\/www.ufi.eu\/da\/product\/oprettelse-af-sikkerhedsdatablad\/#primaryimage"},"image":{"@id":"https:\/\/www.ufi.eu\/da\/product\/oprettelse-af-sikkerhedsdatablad\/#primaryimage"},"thumbnailUrl":"https:\/\/www.ufi.eu\/wp-content\/uploads\/2025\/03\/pcn_ufi.jpg","datePublished":"2025-04-15T19:33:43+00:00","dateModified":"2025-08-29T09:16:01+00:00","breadcrumb":{"@id":"https:\/\/www.ufi.eu\/da\/product\/oprettelse-af-sikkerhedsdatablad\/#breadcrumb"},"inLanguage":"da-DK","potentialAction":[{"@type":"ReadAction","target":["https:\/\/www.ufi.eu\/da\/product\/oprettelse-af-sikkerhedsdatablad\/"]}]},{"@type":"ImageObject","inLanguage":"da-DK","@id":"https:\/\/www.ufi.eu\/da\/product\/oprettelse-af-sikkerhedsdatablad\/#primaryimage","url":"https:\/\/www.ufi.eu\/wp-content\/uploads\/2025\/03\/pcn_ufi.jpg","contentUrl":"https:\/\/www.ufi.eu\/wp-content\/uploads\/2025\/03\/pcn_ufi.jpg","width":1024,"height":1024},{"@type":"BreadcrumbList","@id":"https:\/\/www.ufi.eu\/da\/product\/oprettelse-af-sikkerhedsdatablad\/#breadcrumb","itemListElement":[{"@type":"ListItem","position":1,"name":"Home","item":"https:\/\/www.ufi.eu\/da\/hjem\/"},{"@type":"ListItem","position":2,"name":"Butik","item":"https:\/\/www.ufi.eu\/da\/butik\/"},{"@type":"ListItem","position":3,"name":"Oprettelse af sikkerhedsdatablad"}]},{"@type":"WebSite","@id":"https:\/\/www.ufi.eu\/da\/#website","url":"https:\/\/www.ufi.eu\/da\/","name":"UFI.EU","description":"Poison Centre Notifications (PCN) and UFI","publisher":{"@id":"https:\/\/www.ufi.eu\/da\/#organization"},"potentialAction":[{"@type":"SearchAction","target":{"@type":"EntryPoint","urlTemplate":"https:\/\/www.ufi.eu\/da\/?s={search_term_string}"},"query-input":{"@type":"PropertyValueSpecification","valueRequired":true,"valueName":"search_term_string"}}],"inLanguage":"da-DK"},{"@type":"Organization","@id":"https:\/\/www.ufi.eu\/da\/#organization","name":"UFI.EU","url":"https:\/\/www.ufi.eu\/da\/","logo":{"@type":"ImageObject","inLanguage":"da-DK","@id":"https:\/\/www.ufi.eu\/da\/#\/schema\/logo\/image\/","url":"https:\/\/www.ufi.eu\/wp-content\/uploads\/2025\/03\/cropped-logo_ufi3.jpg","contentUrl":"https:\/\/www.ufi.eu\/wp-content\/uploads\/2025\/03\/cropped-logo_ufi3.jpg","width":231,"height":78,"caption":"UFI.EU"},"image":{"@id":"https:\/\/www.ufi.eu\/da\/#\/schema\/logo\/image\/"},"description":"UFI.eu specializes in digital registrations for Poison Centre Notifications (PCN), ensuring your chemical products meet EU regulatory requirements effortlessly. Our streamlined solutions help businesses stay compliant while reducing complexity and administrative burden.","email":"info@ufi.eu","legalName":"UFI.EU"}]},"product_price_amount":"49.00","product_price_currency":"EUR","og_availability":"instock","product_availability":"instock","product_condition":"new"},"_links":{"self":[{"href":"https:\/\/www.ufi.eu\/da\/wp-json\/wp\/v2\/product\/12430","targetHints":{"allow":["GET"]}}],"collection":[{"href":"https:\/\/www.ufi.eu\/da\/wp-json\/wp\/v2\/product"}],"about":[{"href":"https:\/\/www.ufi.eu\/da\/wp-json\/wp\/v2\/types\/product"}],"wp:featuredmedia":[{"embeddable":true,"href":"https:\/\/www.ufi.eu\/da\/wp-json\/wp\/v2\/media\/12434"}],"wp:attachment":[{"href":"https:\/\/www.ufi.eu\/da\/wp-json\/wp\/v2\/media?parent=12430"}],"wp:term":[{"taxonomy":"product_brand","embeddable":true,"href":"https:\/\/www.ufi.eu\/da\/wp-json\/wp\/v2\/product_brand?post=12430"},{"taxonomy":"product_cat","embeddable":true,"href":"https:\/\/www.ufi.eu\/da\/wp-json\/wp\/v2\/product_cat?post=12430"},{"taxonomy":"product_tag","embeddable":true,"href":"https:\/\/www.ufi.eu\/da\/wp-json\/wp\/v2\/product_tag?post=12430"}],"curies":[{"name":"wp","href":"https:\/\/api.w.org\/{rel}","templated":true}]}}