{"id":11128,"date":"2025-04-15T07:32:02","date_gmt":"2025-04-15T07:32:02","guid":{"rendered":"https:\/\/www.ufi.eu\/vilkaar-og-betingelser\/"},"modified":"2025-04-15T07:32:03","modified_gmt":"2025-04-15T07:32:03","slug":"vilkaar-og-betingelser","status":"publish","type":"page","link":"https:\/\/www.ufi.eu\/da\/vilkaar-og-betingelser\/","title":{"rendered":"Vilk\u00e5r og betingelser"},"content":{"rendered":"\n<p><strong>Virksomhed:<\/strong> UFI.EU<br\/><strong>Registreret adresse:<\/strong> Transistorstraat 91 &#8211; 02, 1322 CL Almere, Holland<br\/><strong>Handelskammer (KvK):<\/strong> 61064939<br\/><strong>VAT ID:<\/strong> NL854189543B01<\/p>\n\n<h2 class=\"wp-block-heading\" id=\"h-1-overview\"><strong>1. Overblik<\/strong><\/h2>\n\n<p>Denne hjemmeside drives af <strong>UFI.EU<\/strong>. P\u00e5 hele webstedet henviser udtrykkene &#8220;vi&#8221;, &#8220;os&#8221; og &#8220;vores&#8221; til <strong>UFI<\/strong>. <strong>EU<\/strong>. Ved at bes\u00f8ge vores websted og\/eller k\u00f8be noget fra os bruger du vores &#8220;service&#8221; og accepterer at v\u00e6re bundet af f\u00f8lgende vilk\u00e5r og <strong>betingelser<\/strong> (&#8220;vilk\u00e5r&#8221;), herunder eventuelle yderligere vilk\u00e5r, betingelser og politikker, der henvises til heri eller er linket til fra denne side.  <\/p>\n\n<p>Disse vilk\u00e5r g\u00e6lder for alle brugere af webstedet, herunder, men ikke begr\u00e6nset til, browsere, leverand\u00f8rer, kunder, forhandlere og indholdsbidragsydere. Hvis du ikke accepterer alle vilk\u00e5rene i denne aftale, m\u00e5 du ikke f\u00e5 adgang til webstedet eller bruge nogen tjenester. <\/p>\n\n<p>Vi forbeholder os ret til at opdatere eller \u00e6ndre disse vilk\u00e5r til enhver tid. Det er dit ansvar at tjekke denne side regelm\u00e6ssigt. Fortsat brug af hjemmesiden efter eventuelle \u00e6ndringer udg\u00f8r en accept af disse \u00e6ndringer.  <\/p>\n\n<h2 class=\"wp-block-heading\" id=\"h-2-online-store-terms\"><strong>2. Vilk\u00e5r for onlinebutikker<\/strong><\/h2>\n\n<p>Ved at acceptere disse vilk\u00e5r bekr\u00e6fter du, at du er myndig i det land, hvor du bor, eller at du har givet samtykke til, at mindre\u00e5rige kan bruge dette websted under dit ansvar.<\/p>\n\n<p>Du m\u00e5 ikke bruge vores produkter eller tjenester til noget ulovligt eller uautoriseret form\u00e5l, og du m\u00e5 heller ikke overtr\u00e6de nogen love i din jurisdiktion, mens du bruger tjenesten. En overtr\u00e6delse af nogen af disse vilk\u00e5r vil resultere i \u00f8jeblikkelig opsigelse af din adgang til vores tjenester. <\/p>\n\n<h2 class=\"wp-block-heading\" id=\"h-3-accuracy-completeness-amp-timeliness-of-information\"><strong>3. N\u00f8jagtighed, fuldst\u00e6ndighed og rettidighed af information<\/strong><\/h2>\n\n<p>Vi er ikke ansvarlige, hvis oplysninger, der stilles til r\u00e5dighed p\u00e5 dette websted, ikke er n\u00f8jagtige, fuldst\u00e6ndige eller aktuelle. Materialet er kun til generel information og b\u00f8r ikke bruges som det eneste grundlag for at tr\u00e6ffe beslutninger. <\/p>\n\n<p>Vi kan til enhver tid opdatere indholdet p\u00e5 vores hjemmeside, men vi er ikke forpligtet til at g\u00f8re det. Du accepterer, at det er dit ansvar at overv\u00e5ge \u00e6ndringer p\u00e5 vores websted. <\/p>\n\n<h2 class=\"wp-block-heading\" id=\"h-4-modifications-to-services-amp-prices\"><strong>4. \u00c6ndringer af tjenester og priser<\/strong><\/h2>\n\n<p>Priserne p\u00e5 vores tjenester kan \u00e6ndres uden varsel. Vi forbeholder os til enhver tid ret til at \u00e6ndre eller afbryde en tjeneste (eller en del af den) uden varsel. Vi er ikke ansvarlige for nogen \u00e6ndring, pris\u00e6ndring, suspension eller oph\u00f8r af tjenesten.  <\/p>\n\n<h2 class=\"wp-block-heading\" id=\"h-5-products-amp-services\"><strong>5. Produkter og tjenester<\/strong><\/h2>\n\n<p>Visse tjenester kan v\u00e6re tilg\u00e6ngelige udelukkende online via vores hjemmeside. Disse kan have begr\u00e6nset tilg\u00e6ngelighed og er underlagt vores politik for tilbagebetaling og returnering. <\/p>\n\n<p>Vi forbeholder os ret til at begr\u00e6nse salget af vores tjenester til bestemte regioner, brugere eller jurisdiktioner. Beskrivelser og priser p\u00e5 tjenester kan \u00e6ndres uden varsel. Vi garanterer ikke, at kvaliteten af de k\u00f8bte tjenester lever op til dine forventninger.  <\/p>\n\n<h2 class=\"wp-block-heading\" id=\"h-6-accuracy-of-billing-amp-account-information\"><strong>6. N\u00f8jagtighed af fakturerings- og kontooplysninger<\/strong><\/h2>\n\n<p>Vi forbeholder os ret til at afvise eller annullere enhver ordre. Du accepterer at give aktuelle, komplette og n\u00f8jagtige k\u00f8bs- og kontooplysninger. Du er ansvarlig for straks at opdatere dine konto- og betalingsoplysninger.  <\/p>\n\n<h2 class=\"wp-block-heading\" id=\"h-7-use-of-pcn-and-country-tokens\"><strong>7. Brug af PCN og Country Tokens<\/strong><\/h2>\n\n<p>PCN- og lande-tokens repr\u00e6senterer rettigheder til at indsende PCN-meddelelser til specifikke EU-lande. Tokens tildeles pr. produkt pr. land. Tokens kan ikke refunderes.  <\/p>\n\n<h2 class=\"wp-block-heading\" id=\"h-8-optional-tools-amp-third-party-links\"><strong>8. Valgfrie v\u00e6rkt\u00f8jer og tredjepartslinks<\/strong><\/h2>\n\n<p>Vi kan give adgang til tredjepartsv\u00e6rkt\u00f8jer uden overv\u00e5gning eller kontrol. Du accepterer at bruge disse v\u00e6rkt\u00f8jer p\u00e5 egen risiko. Tredjepartslinks p\u00e5 vores websted kan f\u00f8re dig til eksterne websteder. Vi er ikke ansvarlige for deres indhold eller praksis.   <\/p>\n\n<h2 class=\"wp-block-heading\" id=\"h-9-user-submissions-amp-feedback\"><strong>9. Brugerindl\u00e6g og feedback<\/strong><\/h2>\n\n<p>Hvis du indsender forslag, id\u00e9er eller andet materiale (samlet kaldet &#8220;kommentarer&#8221;), accepterer du, at vi kan bruge dem uden begr\u00e6nsninger. Du m\u00e5 ikke sende ulovligt, \u00e6rekr\u00e6nkende eller skadeligt indhold. Du er alene ansvarlig for dine indsendelser.  <\/p>\n\n<h2 class=\"wp-block-heading\" id=\"h-10-personal-information\"><strong>10. Personlig information<\/strong><\/h2>\n\n<p>Vores h\u00e5ndtering af persondata er reguleret af vores <a href=\"https:\/\/www.ufi.eu\/da\/politik-for-beskyttelse-af-personlige-oplysninger\/\">privatlivspolitik<\/a>. L\u00e6s den for at f\u00e5 flere oplysninger. <\/p>\n\n<h2 class=\"wp-block-heading\" id=\"h-11-errors-inaccuracies-amp-omissions\"><strong>11. Fejl, un\u00f8jagtigheder og udeladelser<\/strong><\/h2>\n\n<p>Vi forbeholder os ret til at rette eventuelle fejl, un\u00f8jagtigheder eller udeladelser og til at annullere eller opdatere ordrer, hvis oplysningerne er ukorrekte, til enhver tid uden forudg\u00e5ende varsel, herunder efter at en ordre er afgivet.<\/p>\n\n<h2 class=\"wp-block-heading\" id=\"h-12-prohibited-uses\"><strong>12. Forbudte anvendelser<\/strong><\/h2>\n\n<p>Det er forbudt at bruge webstedet eller dets indhold til ulovlige form\u00e5l, til at kr\u00e6nke intellektuelle ejendomsrettigheder, chikanere andre, sprede malware, indsamle personlige data eller forstyrre webstedets sikkerhed.<\/p>\n\n<h2 class=\"wp-block-heading\" id=\"h-13-disclaimer-of-warranties-limitation-of-liability\"><strong>13. Fraskrivelse af garantier; begr\u00e6nsning af ansvar<\/strong><\/h2>\n\n<p>Vores tjenester leveres &#8220;som de er&#8221; og &#8220;som tilg\u00e6ngelige&#8221; uden nogen garantier. Vi garanterer ikke uafbrudt eller fejlfri service. Under ingen omst\u00e6ndigheder skal UFI.EU eller dets direkt\u00f8rer, medarbejdere eller tilknyttede virksomheder v\u00e6re ansvarlige for direkte, indirekte, tilf\u00e6ldige eller f\u00f8lgeskader, der opst\u00e5r som f\u00f8lge af brugen af vores tjenester.  <\/p>\n\n<h2 class=\"wp-block-heading\" id=\"h-14-indemnification\"><strong>14. Skadesl\u00f8sholdelse<\/strong><\/h2>\n\n<p>Du accepterer at holde UFI.EU og dets tilknyttede virksomheder skadesl\u00f8se for ethvert krav eller krav, herunder advokatsal\u00e6rer, der opst\u00e5r som f\u00f8lge af din overtr\u00e6delse af disse vilk\u00e5r eller enhver lov eller tredjeparts rettigheder.<\/p>\n\n<h2 class=\"wp-block-heading\" id=\"h-15-severability\"><strong>15. Adskillelse<\/strong><\/h2>\n\n<p>Hvis en bestemmelse i disse vilk\u00e5r viser sig at v\u00e6re ulovlig eller ikke kan h\u00e5ndh\u00e6ves, vil de resterende bestemmelser forblive i kraft.<\/p>\n\n<h2 class=\"wp-block-heading\" id=\"h-16-termination\"><strong>16. Opsigelse<\/strong><\/h2>\n\n<p>Disse vilk\u00e5r er g\u00e6ldende, medmindre de opsiges af dig eller os. Vi kan til enhver tid opsige denne aftale, hvis du overtr\u00e6der disse vilk\u00e5r. Ved opsigelse forbliver du ansvarlig for alle skyldige bel\u00f8b.  <\/p>\n\n<h2 class=\"wp-block-heading\" id=\"h-17-entire-agreement\"><strong>17. Hele aftalen<\/strong><\/h2>\n\n<p>Disse vilk\u00e5r og eventuelle politikker, der er offentliggjort p\u00e5 dette websted, udg\u00f8r hele aftalen mellem dig og UFI.EU vedr\u00f8rende brugen af vores tjenester.<\/p>\n\n<h2 class=\"wp-block-heading\" id=\"h-18-governing-law\"><strong>18. G\u00e6ldende lov<\/strong><\/h2>\n\n<p>Disse vilk\u00e5r og eventuelle tvister i forbindelse med dem skal styres af og fortolkes i overensstemmelse med <strong>hollandsk lov.<\/strong> Alle aftaler anses for at v\u00e6re indg\u00e5et i Almere, Holland. <\/p>\n\n<h2 class=\"wp-block-heading\" id=\"h-19-changes-to-these-terms\"><strong>19. \u00c6ndringer af disse vilk\u00e5r<\/strong><\/h2>\n\n<p>Den aktuelle version af vilk\u00e5rene er altid tilg\u00e6ngelig p\u00e5 denne side. Vi forbeholder os ret til at opdatere, \u00e6ndre eller erstatte enhver del af disse vilk\u00e5r efter eget sk\u00f8n. <\/p>\n","protected":false},"excerpt":{"rendered":"<p>Virksomhed: UFI.EURegistreret adresse: Transistorstraat 91 &#8211; 02, 1322 CL Almere, HollandHandelskammer (KvK): 61064939VAT ID: NL854189543B01 1. Overblik Denne hjemmeside drives af UFI.EU. P\u00e5 hele webstedet henviser udtrykkene &#8220;vi&#8221;, &#8220;os&#8221; og &#8220;vores&#8221; til UFI. EU. Ved at bes\u00f8ge vores websted og\/eller k\u00f8be noget fra os bruger du vores &#8220;service&#8221; og accepterer at v\u00e6re bundet af f\u00f8lgende [&hellip;]<\/p>\n","protected":false},"author":1,"featured_media":0,"parent":0,"menu_order":0,"comment_status":"closed","ping_status":"closed","template":"","meta":{"footnotes":""},"class_list":["post-11128","page","type-page","status-publish","hentry"],"yoast_head":"<!-- This site is optimized with the Yoast SEO Premium plugin v25.1 (Yoast SEO v25.1) - https:\/\/yoast.com\/wordpress\/plugins\/seo\/ -->\n<title>Vilk\u00e5r og betingelser - UFI<\/title>\n<meta name=\"robots\" content=\"index, follow, max-snippet:-1, max-image-preview:large, max-video-preview:-1\" \/>\n<link rel=\"canonical\" href=\"https:\/\/www.ufi.eu\/da\/vilkaar-og-betingelser\/\" \/>\n<meta property=\"og:locale\" content=\"da_DK\" \/>\n<meta property=\"og:type\" content=\"article\" \/>\n<meta property=\"og:title\" content=\"Vilk\u00e5r og betingelser\" \/>\n<meta property=\"og:description\" content=\"Virksomhed: UFI.EURegistreret adresse: Transistorstraat 91 &#8211; 02, 1322 CL Almere, HollandHandelskammer (KvK): 61064939VAT ID: NL854189543B01 1. Overblik Denne hjemmeside drives af UFI.EU. P\u00e5 hele webstedet henviser udtrykkene &#8220;vi&#8221;, &#8220;os&#8221; og &#8220;vores&#8221; til UFI. EU. Ved at bes\u00f8ge vores websted og\/eller k\u00f8be noget fra os bruger du vores &#8220;service&#8221; og accepterer at v\u00e6re bundet af f\u00f8lgende [&hellip;]\" \/>\n<meta property=\"og:url\" content=\"https:\/\/www.ufi.eu\/da\/vilkaar-og-betingelser\/\" \/>\n<meta property=\"og:site_name\" content=\"UFI\" \/>\n<meta property=\"article:modified_time\" content=\"2025-04-15T07:32:03+00:00\" \/>\n<meta name=\"twitter:card\" content=\"summary_large_image\" \/>\n<meta name=\"twitter:label1\" content=\"Estimeret l\u00e6setid\" \/>\n\t<meta name=\"twitter:data1\" content=\"5 minut\" \/>\n<script type=\"application\/ld+json\" class=\"yoast-schema-graph\">{\"@context\":\"https:\/\/schema.org\",\"@graph\":[{\"@type\":\"WebPage\",\"@id\":\"https:\/\/www.ufi.eu\/da\/vilkaar-og-betingelser\/\",\"url\":\"https:\/\/www.ufi.eu\/da\/vilkaar-og-betingelser\/\",\"name\":\"Vilk\u00e5r og betingelser - UFI\",\"isPartOf\":{\"@id\":\"https:\/\/www.ufi.eu\/da\/#website\"},\"datePublished\":\"2025-04-15T07:32:02+00:00\",\"dateModified\":\"2025-04-15T07:32:03+00:00\",\"breadcrumb\":{\"@id\":\"https:\/\/www.ufi.eu\/da\/vilkaar-og-betingelser\/#breadcrumb\"},\"inLanguage\":\"da-DK\",\"potentialAction\":[{\"@type\":\"ReadAction\",\"target\":[\"https:\/\/www.ufi.eu\/da\/vilkaar-og-betingelser\/\"]}]},{\"@type\":\"BreadcrumbList\",\"@id\":\"https:\/\/www.ufi.eu\/da\/vilkaar-og-betingelser\/#breadcrumb\",\"itemListElement\":[{\"@type\":\"ListItem\",\"position\":1,\"name\":\"Home\",\"item\":\"https:\/\/www.ufi.eu\/da\/hjem\/\"},{\"@type\":\"ListItem\",\"position\":2,\"name\":\"Vilk\u00e5r og betingelser\"}]},{\"@type\":\"WebSite\",\"@id\":\"https:\/\/www.ufi.eu\/da\/#website\",\"url\":\"https:\/\/www.ufi.eu\/da\/\",\"name\":\"UFI.EU\",\"description\":\"Poison Centre Notifications (PCN) and UFI\",\"publisher\":{\"@id\":\"https:\/\/www.ufi.eu\/da\/#organization\"},\"potentialAction\":[{\"@type\":\"SearchAction\",\"target\":{\"@type\":\"EntryPoint\",\"urlTemplate\":\"https:\/\/www.ufi.eu\/da\/?s={search_term_string}\"},\"query-input\":{\"@type\":\"PropertyValueSpecification\",\"valueRequired\":true,\"valueName\":\"search_term_string\"}}],\"inLanguage\":\"da-DK\"},{\"@type\":\"Organization\",\"@id\":\"https:\/\/www.ufi.eu\/da\/#organization\",\"name\":\"UFI.EU\",\"url\":\"https:\/\/www.ufi.eu\/da\/\",\"logo\":{\"@type\":\"ImageObject\",\"inLanguage\":\"da-DK\",\"@id\":\"https:\/\/www.ufi.eu\/da\/#\/schema\/logo\/image\/\",\"url\":\"https:\/\/www.ufi.eu\/wp-content\/uploads\/2025\/03\/cropped-logo_ufi3.jpg\",\"contentUrl\":\"https:\/\/www.ufi.eu\/wp-content\/uploads\/2025\/03\/cropped-logo_ufi3.jpg\",\"width\":231,\"height\":78,\"caption\":\"UFI.EU\"},\"image\":{\"@id\":\"https:\/\/www.ufi.eu\/da\/#\/schema\/logo\/image\/\"},\"description\":\"UFI.eu specializes in digital registrations for Poison Centre Notifications (PCN), ensuring your chemical products meet EU regulatory requirements effortlessly. Our streamlined solutions help businesses stay compliant while reducing complexity and administrative burden.\",\"email\":\"info@ufi.eu\",\"legalName\":\"UFI.EU\"}]}<\/script>\n<!-- \/ Yoast SEO Premium plugin. -->","yoast_head_json":{"title":"Vilk\u00e5r og betingelser - UFI","robots":{"index":"index","follow":"follow","max-snippet":"max-snippet:-1","max-image-preview":"max-image-preview:large","max-video-preview":"max-video-preview:-1"},"canonical":"https:\/\/www.ufi.eu\/da\/vilkaar-og-betingelser\/","og_locale":"da_DK","og_type":"article","og_title":"Vilk\u00e5r og betingelser","og_description":"Virksomhed: UFI.EURegistreret adresse: Transistorstraat 91 &#8211; 02, 1322 CL Almere, HollandHandelskammer (KvK): 61064939VAT ID: NL854189543B01 1. Overblik Denne hjemmeside drives af UFI.EU. P\u00e5 hele webstedet henviser udtrykkene &#8220;vi&#8221;, &#8220;os&#8221; og &#8220;vores&#8221; til UFI. EU. Ved at bes\u00f8ge vores websted og\/eller k\u00f8be noget fra os bruger du vores &#8220;service&#8221; og accepterer at v\u00e6re bundet af f\u00f8lgende [&hellip;]","og_url":"https:\/\/www.ufi.eu\/da\/vilkaar-og-betingelser\/","og_site_name":"UFI","article_modified_time":"2025-04-15T07:32:03+00:00","twitter_card":"summary_large_image","twitter_misc":{"Estimeret l\u00e6setid":"5 minut"},"schema":{"@context":"https:\/\/schema.org","@graph":[{"@type":"WebPage","@id":"https:\/\/www.ufi.eu\/da\/vilkaar-og-betingelser\/","url":"https:\/\/www.ufi.eu\/da\/vilkaar-og-betingelser\/","name":"Vilk\u00e5r og betingelser - UFI","isPartOf":{"@id":"https:\/\/www.ufi.eu\/da\/#website"},"datePublished":"2025-04-15T07:32:02+00:00","dateModified":"2025-04-15T07:32:03+00:00","breadcrumb":{"@id":"https:\/\/www.ufi.eu\/da\/vilkaar-og-betingelser\/#breadcrumb"},"inLanguage":"da-DK","potentialAction":[{"@type":"ReadAction","target":["https:\/\/www.ufi.eu\/da\/vilkaar-og-betingelser\/"]}]},{"@type":"BreadcrumbList","@id":"https:\/\/www.ufi.eu\/da\/vilkaar-og-betingelser\/#breadcrumb","itemListElement":[{"@type":"ListItem","position":1,"name":"Home","item":"https:\/\/www.ufi.eu\/da\/hjem\/"},{"@type":"ListItem","position":2,"name":"Vilk\u00e5r og betingelser"}]},{"@type":"WebSite","@id":"https:\/\/www.ufi.eu\/da\/#website","url":"https:\/\/www.ufi.eu\/da\/","name":"UFI.EU","description":"Poison Centre Notifications (PCN) and UFI","publisher":{"@id":"https:\/\/www.ufi.eu\/da\/#organization"},"potentialAction":[{"@type":"SearchAction","target":{"@type":"EntryPoint","urlTemplate":"https:\/\/www.ufi.eu\/da\/?s={search_term_string}"},"query-input":{"@type":"PropertyValueSpecification","valueRequired":true,"valueName":"search_term_string"}}],"inLanguage":"da-DK"},{"@type":"Organization","@id":"https:\/\/www.ufi.eu\/da\/#organization","name":"UFI.EU","url":"https:\/\/www.ufi.eu\/da\/","logo":{"@type":"ImageObject","inLanguage":"da-DK","@id":"https:\/\/www.ufi.eu\/da\/#\/schema\/logo\/image\/","url":"https:\/\/www.ufi.eu\/wp-content\/uploads\/2025\/03\/cropped-logo_ufi3.jpg","contentUrl":"https:\/\/www.ufi.eu\/wp-content\/uploads\/2025\/03\/cropped-logo_ufi3.jpg","width":231,"height":78,"caption":"UFI.EU"},"image":{"@id":"https:\/\/www.ufi.eu\/da\/#\/schema\/logo\/image\/"},"description":"UFI.eu specializes in digital registrations for Poison Centre Notifications (PCN), ensuring your chemical products meet EU regulatory requirements effortlessly. Our streamlined solutions help businesses stay compliant while reducing complexity and administrative burden.","email":"info@ufi.eu","legalName":"UFI.EU"}]}},"_links":{"self":[{"href":"https:\/\/www.ufi.eu\/da\/wp-json\/wp\/v2\/pages\/11128","targetHints":{"allow":["GET"]}}],"collection":[{"href":"https:\/\/www.ufi.eu\/da\/wp-json\/wp\/v2\/pages"}],"about":[{"href":"https:\/\/www.ufi.eu\/da\/wp-json\/wp\/v2\/types\/page"}],"author":[{"embeddable":true,"href":"https:\/\/www.ufi.eu\/da\/wp-json\/wp\/v2\/users\/1"}],"replies":[{"embeddable":true,"href":"https:\/\/www.ufi.eu\/da\/wp-json\/wp\/v2\/comments?post=11128"}],"version-history":[{"count":1,"href":"https:\/\/www.ufi.eu\/da\/wp-json\/wp\/v2\/pages\/11128\/revisions"}],"predecessor-version":[{"id":11132,"href":"https:\/\/www.ufi.eu\/da\/wp-json\/wp\/v2\/pages\/11128\/revisions\/11132"}],"wp:attachment":[{"href":"https:\/\/www.ufi.eu\/da\/wp-json\/wp\/v2\/media?parent=11128"}],"curies":[{"name":"wp","href":"https:\/\/api.w.org\/{rel}","templated":true}]}}