{"id":31738,"date":"2025-06-25T10:04:58","date_gmt":"2025-09-24T14:40:15","guid":{"rendered":"https:\/\/www.ufi.eu\/product\/svazek-pcn-a-ufi\/"},"modified":"2026-01-09T16:12:39","modified_gmt":"2026-01-09T16:12:39","slug":"svazek-pcn-a-ufi","status":"publish","type":"product","link":"https:\/\/www.ufi.eu\/cs\/product\/svazek-pcn-a-ufi\/","title":{"rendered":"Svazek PCN a UFI"},"content":{"rendered":"\n<h2 class=\"wp-block-heading\" id=\"h-how-does-the-ufi-creation-and-pcn-notification-service-work\">Jak funguje slu\u017eba vytv\u00e1\u0159en\u00ed UFI a oznamov\u00e1n\u00ed PCN?<\/h2>\n\n<p>Po zakoupen\u00ed t\u00e9to slu\u017eby z\u00edsk\u00e1te p\u0159\u00edstup k zabezpe\u010den\u00e9mu port\u00e1lu. Tento port\u00e1l obsahuje p\u0159ehled v\u0161ech krok\u016f.  Vypln\u00edte \u00fadaje o sv\u00e9m produktu a my se pust\u00edme do pr\u00e1ce.<\/p>\n\n<h3 class=\"wp-block-heading\" id=\"h-poison-center-notification-amp-ufi\">Hl\u00e1\u0161en\u00ed toxikologick\u00e9ho centra a UFI<\/h3>\n\n<p>Zajist\u00edme:<\/p>\n\n<ul class=\"wp-block-list\">\n<li>Jedine\u010dn\u00fd identifik\u00e1tor slo\u017een\u00ed va\u0161eho produktu (UFI)<\/li>\n\n\n\n<li>Hl\u00e1\u0161en\u00ed toxikologick\u00e9ho centra (PCN)<\/li>\n\n\n\n<li>Registrace va\u0161eho v\u00fdrobku v p\u0159\u00edslu\u0161n\u00fdch n\u00e1rodn\u00edch toxikologick\u00fdch st\u0159edisc\u00edch prost\u0159ednictv\u00edm agentury ECHA.<\/li>\n\n\n\n<li>Bezpe\u010dnostn\u00ed list va\u0161eho v\u00fdrobku<\/li>\n<\/ul>\n\n<h3 class=\"wp-block-heading\" id=\"h-countries-for-pcn-registration\">Zem\u011b pro registraci PCN<\/h3>\n\n<p>M\u016f\u017eete si spo\u010d\u00edtat po\u010det zem\u00ed, ve kter\u00fdch chcete sv\u016fj v\u00fdrobek zaregistrovat. Jedn\u00e1 se o po\u010det zem\u00ed, kter\u00e9 mus\u00edte zakoupit.  Na port\u00e1lu si budete moci vybrat konkr\u00e9tn\u00ed zem\u011b. Pokud pl\u00e1nujete pozd\u011bji roz\u0161\u00ed\u0159it prodej sv\u00fdch v\u00fdrobk\u016f do nov\u00fdch zem\u00ed, m\u016f\u017eete si v\u017edy objednat dal\u0161\u00ed <a href=\"https:\/\/www.ufi.eu\/pcn\/countries\/countries-for-pcn-registration\/\" target=\"_blank\" rel=\"noreferrer noopener\">registrace zem\u00ed PCN<\/a>.<br\/>EU m\u00e1 27 zem\u00ed a EHP m\u00e1 30 zem\u00ed (EU+Lichten\u0161tejnsko, Norsko a Island) Na port\u00e1lu m\u016f\u017eete tyto zem\u011b vybrat: <\/p>\n\n<figure class=\"wp-block-table\"><table class=\"has-fixed-layout\"><tbody><tr><td>Belgie<\/td><td>(BE)<\/td><td>\u0160pan\u011blsko<\/td><td>(ES)<\/td><td>Ma\u010farsko<\/td><td>(HU)<\/td><td>Slovensko<\/td><td>(SK)<\/td><\/tr><tr><td>Bulharsko<\/td><td>(BG)<\/td><td>Francie<\/td><td>(FR)<\/td><td>Malta<\/td><td>(MT)<\/td><td>Finsko<\/td><td>(FI)<\/td><\/tr><tr><td>\u010cesko<\/td><td>(CZ)<\/td><td>Chorvatsko<\/td><td>(HR)<\/td><td>Nizozemsko<\/td><td>(NL)<\/td><td>\u0160v\u00e9dsko<\/td><td>(SE)<\/td><\/tr><tr><td>D\u00e1nsko<\/td><td>(DK)<\/td><td>It\u00e1lie<\/td><td>(IT)<\/td><td>Rakousko<\/td><td>(AT)<\/td><td>N\u011bmecko<\/td><td>(DE)<\/td><\/tr><tr><td>Kypr<\/td><td>(CY)<\/td><td>Polsko<\/td><td>(PL)<\/td><td>Island<\/td><td>(IS)<\/td><td>Estonsko<\/td><td>(EE)<\/td><\/tr><tr><td>Loty\u0161sko<\/td><td>(LV)<\/td><td>Portugalsko<\/td><td>(PT)<\/td><td>Lichten\u0161tejnsko<\/td><td>(LI)<\/td><td>Irsko<\/td><td>(IE)<\/td><\/tr><tr><td>Litva<\/td><td>(LT)<\/td><td>Rumunsko<\/td><td>(RO)<\/td><td>Norsko<\/td><td>(NE)<\/td><td>\u0158ecko<\/td><td>(EL)<\/td><\/tr><tr><td>Lucembursko<\/td><td>(LU)<\/td><td>Slovinsko<\/td><td>(SI)<\/td><td>\u0160v\u00fdcarsko*<\/td><td>(CH)<\/td><td>\u00a0<\/td><td>\u00a0<\/td><\/tr><\/tbody><\/table><\/figure>\n\n<p>*Pro \u0160v\u00fdcarsko m\u016f\u017eeme vytvo\u0159it dokumentaci PCN se v\u0161emi pot\u0159ebn\u00fdmi informacemi pro pod\u00e1n\u00ed \u017e\u00e1dosti na \u0161v\u00fdcarsk\u00e9m port\u00e1lu. Pro v\u00edce informac\u00ed n\u00e1s kontaktujte. <\/p>\n\n<h3 class=\"wp-block-heading\" id=\"h-clp-label-information\">Informace na \u0161t\u00edtku CLP<\/h3>\n\n<p>Nab\u00edz\u00edme mo\u017enost zakoupen\u00ed \u0161t\u00edtku v\u00fdrobku v souladu s na\u0159\u00edzen\u00edm CLP, kter\u00fd obsahuje v\u0161echny povinn\u00e9 informace podle po\u017eadavk\u016f na\u0159\u00edzen\u00ed EU CLP. Tento \u0161t\u00edtek v\u00e1m poskytneme ve form\u00e1tu PDF.  Nejedn\u00e1 se o n\u00e1vrh, ale o shrnut\u00ed po\u017eadovan\u00fdch informac\u00ed. To v\u00e1m umo\u017en\u00ed za\u010dlenit pot\u0159ebn\u00e9 informace do n\u00e1vrhu etikety v\u00fdrobku. <a href=\"https:\/\/www.ufi.eu\/pcn\/clp-label\/clp-label-creation-compliance-check\/\" target=\"_blank\" rel=\"noreferrer noopener\">Tvorbu \u0161t\u00edtku CLP<\/a> si m\u016f\u017eete objednat tak\u00e9 samostatn\u011b. M\u00e1te ji\u017e \u0161t\u00edtek? &#8211; M\u016f\u017eeme prov\u00e9st <a href=\"https:\/\/www.ufi.eu\/pcn\/clp-label\/clp-label-creation-compliance-check\/\" target=\"_blank\" rel=\"noreferrer noopener\">kontrolu shody<\/a> va\u0161eho \u0161t\u00edtku s aktu\u00e1ln\u00edmi po\u017eadavky na\u0159\u00edzen\u00ed CLP. Poskytneme v\u00e1m podrobnou zp\u011btnou vazbu a opravy, abychom zajistili, \u017ee v\u00e1\u0161 \u0161t\u00edtek spl\u0148uje v\u0161echny regula\u010dn\u00ed normy.     <\/p>\n\n<h2 class=\"wp-block-heading\" id=\"h-registering-formulations-with-the-eu-poison-centre\">Registrace p\u0159\u00edpravk\u016f v Toxikologick\u00e9m st\u0159edisku EU<\/h2>\n\n<p>Slo\u017een\u00ed jsou chemick\u00e9 sm\u011bsi ur\u010den\u00e9 k dal\u0161\u00edmu slo\u017een\u00ed do jin\u00fdch sm\u011bs\u00ed nebo ur\u010den\u00e9 k p\u0159\u00edm\u00e9mu kone\u010dn\u00e9mu pou\u017eit\u00ed. Tyto sm\u011bsi mus\u00ed b\u00fdt registrov\u00e1ny v Toxikologick\u00e9m st\u0159edisku EU, aby byl zaji\u0161t\u011bn p\u0159\u00edstup z\u00e1chran\u00e1\u0159\u016f k z\u00e1sadn\u00edm bezpe\u010dnostn\u00edm \u00fadaj\u016fm v p\u0159\u00edpad\u011b n\u00e1hodn\u00e9 expozice. Proces ozn\u00e1men\u00ed toxikologick\u00e9mu st\u0159edisku (PCN) zaji\u0161\u0165uje, \u017ee p\u0159\u00edslu\u0161n\u00e9 klasifikace nebezpe\u010dnosti a toxikologick\u00e9 profily jsou snadno dostupn\u00e9 pro zdravotnick\u00e9 pracovn\u00edky a org\u00e1ny.  <\/p>\n\n<h3 class=\"wp-block-heading\" id=\"h-what-is-a-ufi\">Co je to UFI?<\/h3>\n\n<p>Jedine\u010dn\u00fd identifik\u00e1tor vzorce (UFI) je \u0161estn\u00e1ctim\u00edstn\u00fd alfanumerick\u00fd k\u00f3d pou\u017e\u00edvan\u00fd k jednozna\u010dn\u00e9 identifikaci chemick\u00e9 sm\u011bsi. Mus\u00ed b\u00fdt vyti\u0161t\u011bn na \u0161t\u00edtku v\u00fdrobku a uveden v bezpe\u010dnostn\u00edm listu (SDS). UFI umo\u017e\u0148uje toxikologick\u00fdm st\u0159edisk\u016fm v p\u0159\u00edpad\u011b nehody rychle vyhledat bezpe\u010dnostn\u00ed a toxikologick\u00e9 informace o sm\u011bsi.  <\/p>\n\n<h3 class=\"wp-block-heading\" id=\"h-what-is-a-pcn\">Co je to PCN?<\/h3>\n\n<p>Ozn\u00e1men\u00ed toxikologick\u00e9mu st\u0159edisku (PCN) je p\u0159edpis, kter\u00fd obsahuje podrobn\u00e9 bezpe\u010dnostn\u00ed a toxikologick\u00e9 \u00fadaje o nebezpe\u010dn\u00fdch sm\u011bs\u00edch. PCN obsahuje informace, jako je slo\u017een\u00ed sm\u011bsi, klasifikace, varov\u00e1n\u00ed p\u0159ed nebezpe\u010d\u00edm a opat\u0159en\u00ed pro p\u0159\u00edpad nouze. Je povinn\u00e9 pro ka\u017edou nebezpe\u010dnou sm\u011bs uv\u00e1d\u011bnou na trh EU.  <\/p>\n\n<h3 class=\"wp-block-heading\" id=\"h-what-is-clp\">Co je CLP?<\/h3>\n\n<p>CLP (Classification, Labelling, and Packaging &#8211; klasifikace, ozna\u010dov\u00e1n\u00ed a balen\u00ed) je na\u0159\u00edzen\u00ed EU (ES \u010d. 1272\/2008), kter\u00e9 zaji\u0161\u0165uje, aby byly chemick\u00e9 v\u00fdrobky klasifikov\u00e1ny a ozna\u010dov\u00e1ny podle jejich nebezpe\u010dnosti. Je v souladu s glob\u00e1ln\u011b harmonizovan\u00fdm syst\u00e9mem OSN (GHS) a zaji\u0161\u0165uje, aby v\u0161echny nebezpe\u010dn\u00e9 sm\u011bsi byly opat\u0159eny p\u0159\u00edslu\u0161n\u00fdmi v\u00fdstra\u017en\u00fdmi \u0161t\u00edtky a bezpe\u010dnostn\u00edmi pokyny. <\/p>\n\n<h3 class=\"wp-block-heading\" id=\"h-what-is-the-eu-poison-centre\">Co je Toxikologick\u00e9 st\u0159edisko EU?<\/h3>\n\n<p>Toxikologick\u00e9 st\u0159edisko EU je ofici\u00e1ln\u00ed org\u00e1n, kter\u00fd shroma\u017e\u010fuje a uchov\u00e1v\u00e1 bezpe\u010dnostn\u00ed informace o nebezpe\u010dn\u00fdch sm\u011bs\u00edch. Zdravotn\u00edci a z\u00e1chran\u00e1\u0159i se spol\u00e9haj\u00ed na toxikologick\u00e9 st\u0159edisko, kter\u00e9 poskytuje p\u0159esn\u00e9 \u00fadaje o chemick\u00e9 bezpe\u010dnosti v p\u0159\u00edpad\u011b n\u00e1hodn\u00e9 expozice nebo otravy. <\/p>\n\n<h3 class=\"wp-block-heading\" id=\"h-why-is-this-needed\">Pro\u010d je to nutn\u00e9?<\/h3>\n\n<p>Pr\u016fmyslov\u00e9 p\u0159\u00edpravky \u010dasto obsahuj\u00ed nebezpe\u010dn\u00e9 chemick\u00e9 l\u00e1tky, kter\u00e9 vy\u017eaduj\u00ed jasnou identifikaci v nouzov\u00fdch situac\u00edch. P\u0159edlo\u017een\u00edm PCN podniky zajist\u00ed, \u017ee toxikologick\u00e1 st\u0159ediska a zdravotn\u00edci budou m\u00edt okam\u017eit\u00fd p\u0159\u00edstup k p\u0159\u00edslu\u0161n\u00fdm informac\u00edm, co\u017e zlep\u0161\u00ed bezpe\u010dnostn\u00ed v\u00fdsledky v p\u0159\u00edpad\u011b expozice. <\/p>\n\n<h3 class=\"wp-block-heading\" id=\"h-since-when-is-it-by-law-obligatory\">Od kdy je to ze z\u00e1kona povinn\u00e9?<\/h3>\n\n<p>Z\u00e1konn\u00e1 povinnost p\u0159edkl\u00e1dat PCN pro nebezpe\u010dn\u00e9 sm\u011bsi vstoupila v platnost 1. ledna 2021. Pro pr\u016fmyslov\u00e9 p\u0159\u00edpravky pou\u017e\u00edvan\u00e9 v\u00fdhradn\u011b p\u0159i dal\u0161\u00edm zpracov\u00e1n\u00ed je spln\u011bn\u00ed po\u017eadavk\u016f povinn\u00e9 od 1. ledna 2024. <\/p>\n","protected":false},"excerpt":{"rendered":"<p>Jak funguje slu\u017eba vytv\u00e1\u0159en\u00ed UFI a oznamov\u00e1n\u00ed PCN? Po zakoupen\u00ed t\u00e9to slu\u017eby z\u00edsk\u00e1te p\u0159\u00edstup k zabezpe\u010den\u00e9mu port\u00e1lu. Tento port\u00e1l obsahuje p\u0159ehled v\u0161ech krok\u016f. Vypln\u00edte \u00fadaje o sv\u00e9m produktu a my se pust\u00edme do pr\u00e1ce. Hl\u00e1\u0161en\u00ed toxikologick\u00e9ho centra a UFI Zajist\u00edme: Zem\u011b pro registraci PCN M\u016f\u017eete si spo\u010d\u00edtat po\u010det zem\u00ed, ve kter\u00fdch chcete sv\u016fj v\u00fdrobek zaregistrovat. [&hellip;]<\/p>\n","protected":false},"featured_media":12436,"template":"","meta":[],"product_brand":[],"product_cat":[415],"product_tag":[],"class_list":{"0":"post-31738","1":"product","2":"type-product","3":"status-publish","4":"has-post-thumbnail","6":"product_cat-stitek-clp","8":"first","9":"instock","10":"virtual","11":"taxable","12":"purchasable","13":"product-type-bundle"},"bundled_by":[],"bundle_stock_status":"instock","bundle_stock_quantity":"","bundle_virtual":false,"bundle_layout":"default","bundle_add_to_cart_form_location":"default","bundle_editable_in_cart":false,"bundle_sold_individually_context":"product","bundle_item_grouping":"parent","bundle_min_size":"","bundle_max_size":"","bundle_price":{"price":{"min":{"incl_tax":"78.65","excl_tax":"65"},"max":{"incl_tax":"","excl_tax":""}},"regular_price":{"min":{"incl_tax":"78.65","excl_tax":"65"},"max":{"incl_tax":"","excl_tax":""}}},"bundled_items":[{"bundled_item_id":13057,"product_id":12525,"menu_order":0,"quantity_min":1,"quantity_max":"","quantity_default":1,"priced_individually":true,"shipped_individually":true,"override_title":false,"title":"Hl\u00e1\u0161en\u00ed toxikologick\u00e9ho centra a UFI","override_description":false,"description":"Hl\u00e1\u0161en\u00ed toxikologick\u00e9ho centra a UFI","optional":false,"hide_thumbnail":false,"discount":"","override_variations":false,"allowed_variations":[""],"override_default_variation_attributes":false,"default_variation_attributes":[],"single_product_visibility":"visible","cart_visibility":"visible","order_visibility":"visible","single_product_price_visibility":"visible","cart_price_visibility":"visible","order_price_visibility":"visible","stock_status":"in_stock"},{"bundled_item_id":13058,"product_id":31720,"menu_order":1,"quantity_min":0,"quantity_max":"","quantity_default":0,"priced_individually":true,"shipped_individually":false,"override_title":false,"title":"V\u0161echny zem\u011b EHP pro registraci PCN Svazek","override_description":false,"description":"V\u0161echny zem\u011b EHP pro registraci PCN Svazek","optional":false,"hide_thumbnail":false,"discount":"","override_variations":false,"allowed_variations":[""],"override_default_variation_attributes":false,"default_variation_attributes":[],"single_product_visibility":"visible","cart_visibility":"visible","order_visibility":"visible","single_product_price_visibility":"visible","cart_price_visibility":"visible","order_price_visibility":"visible","stock_status":"in_stock"},{"bundled_item_id":13145,"product_id":12557,"menu_order":1,"quantity_min":0,"quantity_max":"","quantity_default":1,"priced_individually":true,"shipped_individually":true,"override_title":false,"title":"Zem\u011b pro registraci PCN","override_description":false,"description":"Zem\u011b pro registraci PCN","optional":false,"hide_thumbnail":false,"discount":"","override_variations":false,"allowed_variations":[""],"override_default_variation_attributes":false,"default_variation_attributes":[],"single_product_visibility":"visible","cart_visibility":"visible","order_visibility":"visible","single_product_price_visibility":"visible","cart_price_visibility":"visible","order_price_visibility":"visible","stock_status":"in_stock"},{"bundled_item_id":13059,"product_id":12791,"menu_order":2,"quantity_min":0,"quantity_max":"","quantity_default":0,"priced_individually":true,"shipped_individually":true,"override_title":false,"title":"Vytvo\u0159en\u00ed \u0161t\u00edtku CLP a kontrola shody","override_description":true,"description":"","optional":false,"hide_thumbnail":false,"discount":"","override_variations":false,"allowed_variations":[""],"override_default_variation_attributes":false,"default_variation_attributes":[],"single_product_visibility":"visible","cart_visibility":"visible","order_visibility":"visible","single_product_price_visibility":"visible","cart_price_visibility":"visible","order_price_visibility":"visible","stock_status":"in_stock"},{"bundled_item_id":13060,"product_id":12428,"menu_order":3,"quantity_min":0,"quantity_max":"","quantity_default":0,"priced_individually":true,"shipped_individually":true,"override_title":false,"title":"Vytvo\u0159en\u00ed bezpe\u010dnostn\u00edho listu","override_description":false,"description":"Vytvo\u0159en\u00ed bezpe\u010dnostn\u00edho listu","optional":false,"hide_thumbnail":false,"discount":"","override_variations":false,"allowed_variations":[""],"override_default_variation_attributes":false,"default_variation_attributes":[],"single_product_visibility":"visible","cart_visibility":"visible","order_visibility":"visible","single_product_price_visibility":"visible","cart_price_visibility":"visible","order_price_visibility":"visible","stock_status":"in_stock"},{"bundled_item_id":13061,"product_id":12449,"menu_order":4,"quantity_min":0,"quantity_max":"","quantity_default":0,"priced_individually":true,"shipped_individually":false,"override_title":true,"title":"Jazyk bezpe\u010dnostn\u00edho listu","override_description":false,"description":"Jazyk bezpe\u010dnostn\u00edho listu","optional":false,"hide_thumbnail":false,"discount":"","override_variations":false,"allowed_variations":[""],"override_default_variation_attributes":false,"default_variation_attributes":[],"single_product_visibility":"visible","cart_visibility":"visible","order_visibility":"visible","single_product_price_visibility":"visible","cart_price_visibility":"visible","order_price_visibility":"visible","stock_status":"in_stock"}],"bundle_sell_ids":[],"yoast_head":"<!-- This site is optimized with the Yoast SEO Premium plugin v25.1 (Yoast SEO v25.1) - https:\/\/yoast.com\/wordpress\/plugins\/seo\/ -->\n<title>Svazek PCN a UFI - UFI<\/title>\n<meta name=\"description\" content=\"Sada PCN a UFI v\u00e1m poskytne v\u0161e, co pot\u0159ebujete, abyste mohli za\u010d\u00edt prod\u00e1vat sv\u016fj v\u00fdrobek v EU.\" \/>\n<meta name=\"robots\" content=\"index, follow, max-snippet:-1, max-image-preview:large, max-video-preview:-1\" \/>\n<link rel=\"canonical\" href=\"https:\/\/www.ufi.eu\/cs\/product\/svazek-pcn-a-ufi\/\" \/>\n<meta property=\"og:locale\" content=\"cs_CZ\" \/>\n<meta property=\"og:type\" content=\"article\" \/>\n<meta property=\"og:title\" content=\"Svazek PCN a UFI\" \/>\n<meta property=\"og:description\" content=\"Sada PCN a UFI v\u00e1m poskytne v\u0161e, co pot\u0159ebujete, abyste mohli za\u010d\u00edt prod\u00e1vat sv\u016fj v\u00fdrobek v EU.\" \/>\n<meta property=\"og:url\" content=\"https:\/\/www.ufi.eu\/cs\/product\/svazek-pcn-a-ufi\/\" \/>\n<meta property=\"og:site_name\" content=\"UFI\" \/>\n<meta property=\"article:modified_time\" content=\"2026-01-09T16:12:39+00:00\" \/>\n<meta property=\"og:image\" content=\"https:\/\/www.ufi.eu\/wp-content\/uploads\/2025\/03\/pcn_ufi.jpg\" \/>\n\t<meta property=\"og:image:width\" content=\"1024\" \/>\n\t<meta property=\"og:image:height\" content=\"1024\" \/>\n\t<meta property=\"og:image:type\" content=\"image\/jpeg\" \/>\n<meta name=\"twitter:card\" content=\"summary_large_image\" \/>\n<meta name=\"twitter:label1\" content=\"Cena\" \/>\n\t<meta name=\"twitter:data1\" content=\"&euro;0.00\" \/>\n\t<meta name=\"twitter:label2\" content=\"Dostupnost\" \/>\n\t<meta name=\"twitter:data2\" content=\"Skladem\" \/>\n<script type=\"application\/ld+json\" class=\"yoast-schema-graph\">{\"@context\":\"https:\/\/schema.org\",\"@graph\":[{\"@type\":\"WebPage\",\"@id\":\"https:\/\/www.ufi.eu\/cs\/product\/svazek-pcn-a-ufi\/\",\"url\":\"https:\/\/www.ufi.eu\/cs\/product\/svazek-pcn-a-ufi\/\",\"name\":\"Svazek PCN a UFI - UFI\",\"isPartOf\":{\"@id\":\"https:\/\/www.ufi.eu\/cs\/#website\"},\"primaryImageOfPage\":{\"@id\":\"https:\/\/www.ufi.eu\/cs\/product\/svazek-pcn-a-ufi\/#primaryimage\"},\"image\":{\"@id\":\"https:\/\/www.ufi.eu\/cs\/product\/svazek-pcn-a-ufi\/#primaryimage\"},\"thumbnailUrl\":\"https:\/\/www.ufi.eu\/wp-content\/uploads\/2025\/03\/pcn_ufi.jpg\",\"datePublished\":\"2025-09-24T14:40:15+00:00\",\"dateModified\":\"2026-01-09T16:12:39+00:00\",\"description\":\"Sada PCN a UFI v\u00e1m poskytne v\u0161e, co pot\u0159ebujete, abyste mohli za\u010d\u00edt prod\u00e1vat sv\u016fj v\u00fdrobek v EU.\",\"breadcrumb\":{\"@id\":\"https:\/\/www.ufi.eu\/cs\/product\/svazek-pcn-a-ufi\/#breadcrumb\"},\"inLanguage\":\"cs\",\"potentialAction\":[{\"@type\":\"ReadAction\",\"target\":[\"https:\/\/www.ufi.eu\/cs\/product\/svazek-pcn-a-ufi\/\"]}]},{\"@type\":\"ImageObject\",\"inLanguage\":\"cs\",\"@id\":\"https:\/\/www.ufi.eu\/cs\/product\/svazek-pcn-a-ufi\/#primaryimage\",\"url\":\"https:\/\/www.ufi.eu\/wp-content\/uploads\/2025\/03\/pcn_ufi.jpg\",\"contentUrl\":\"https:\/\/www.ufi.eu\/wp-content\/uploads\/2025\/03\/pcn_ufi.jpg\",\"width\":1024,\"height\":1024},{\"@type\":\"BreadcrumbList\",\"@id\":\"https:\/\/www.ufi.eu\/cs\/product\/svazek-pcn-a-ufi\/#breadcrumb\",\"itemListElement\":[{\"@type\":\"ListItem\",\"position\":1,\"name\":\"Home\",\"item\":\"https:\/\/www.ufi.eu\/cs\/home\/\"},{\"@type\":\"ListItem\",\"position\":2,\"name\":\"Obchod\",\"item\":\"https:\/\/www.ufi.eu\/cs\/obchod\/\"},{\"@type\":\"ListItem\",\"position\":3,\"name\":\"Svazek PCN a UFI\"}]},{\"@type\":\"WebSite\",\"@id\":\"https:\/\/www.ufi.eu\/cs\/#website\",\"url\":\"https:\/\/www.ufi.eu\/cs\/\",\"name\":\"UFI.EU\",\"description\":\"Poison Centre Notifications (PCN) and UFI\",\"publisher\":{\"@id\":\"https:\/\/www.ufi.eu\/cs\/#organization\"},\"potentialAction\":[{\"@type\":\"SearchAction\",\"target\":{\"@type\":\"EntryPoint\",\"urlTemplate\":\"https:\/\/www.ufi.eu\/cs\/?s={search_term_string}\"},\"query-input\":{\"@type\":\"PropertyValueSpecification\",\"valueRequired\":true,\"valueName\":\"search_term_string\"}}],\"inLanguage\":\"cs\"},{\"@type\":\"Organization\",\"@id\":\"https:\/\/www.ufi.eu\/cs\/#organization\",\"name\":\"UFI.EU\",\"url\":\"https:\/\/www.ufi.eu\/cs\/\",\"logo\":{\"@type\":\"ImageObject\",\"inLanguage\":\"cs\",\"@id\":\"https:\/\/www.ufi.eu\/cs\/#\/schema\/logo\/image\/\",\"url\":\"https:\/\/www.ufi.eu\/wp-content\/uploads\/2025\/03\/cropped-logo_ufi3.jpg\",\"contentUrl\":\"https:\/\/www.ufi.eu\/wp-content\/uploads\/2025\/03\/cropped-logo_ufi3.jpg\",\"width\":231,\"height\":78,\"caption\":\"UFI.EU\"},\"image\":{\"@id\":\"https:\/\/www.ufi.eu\/cs\/#\/schema\/logo\/image\/\"},\"description\":\"UFI.eu specializes in digital registrations for Poison Centre Notifications (PCN), ensuring your chemical products meet EU regulatory requirements effortlessly. Our streamlined solutions help businesses stay compliant while reducing complexity and administrative burden.\",\"email\":\"info@ufi.eu\",\"legalName\":\"UFI.EU\"}]}<\/script>\n<meta property=\"product:price:amount\" content=\"0.00\" \/>\n<meta property=\"product:price:currency\" content=\"EUR\" \/>\n<meta property=\"og:availability\" content=\"instock\" \/>\n<meta property=\"product:availability\" content=\"instock\" \/>\n<meta property=\"product:condition\" content=\"new\" \/>\n<!-- \/ Yoast SEO Premium plugin. -->","yoast_head_json":{"title":"Svazek PCN a UFI - UFI","description":"Sada PCN a UFI v\u00e1m poskytne v\u0161e, co pot\u0159ebujete, abyste mohli za\u010d\u00edt prod\u00e1vat sv\u016fj v\u00fdrobek v EU.","robots":{"index":"index","follow":"follow","max-snippet":"max-snippet:-1","max-image-preview":"max-image-preview:large","max-video-preview":"max-video-preview:-1"},"canonical":"https:\/\/www.ufi.eu\/cs\/product\/svazek-pcn-a-ufi\/","og_locale":"cs_CZ","og_type":"article","og_title":"Svazek PCN a UFI","og_description":"Sada PCN a UFI v\u00e1m poskytne v\u0161e, co pot\u0159ebujete, abyste mohli za\u010d\u00edt prod\u00e1vat sv\u016fj v\u00fdrobek v EU.","og_url":"https:\/\/www.ufi.eu\/cs\/product\/svazek-pcn-a-ufi\/","og_site_name":"UFI","article_modified_time":"2026-01-09T16:12:39+00:00","og_image":[{"width":1024,"height":1024,"url":"https:\/\/www.ufi.eu\/wp-content\/uploads\/2025\/03\/pcn_ufi.jpg","type":"image\/jpeg"}],"twitter_card":"summary_large_image","twitter_misc":{"Cena":"&euro;0.00","Dostupnost":"Skladem"},"schema":{"@context":"https:\/\/schema.org","@graph":[{"@type":"WebPage","@id":"https:\/\/www.ufi.eu\/cs\/product\/svazek-pcn-a-ufi\/","url":"https:\/\/www.ufi.eu\/cs\/product\/svazek-pcn-a-ufi\/","name":"Svazek PCN a UFI - UFI","isPartOf":{"@id":"https:\/\/www.ufi.eu\/cs\/#website"},"primaryImageOfPage":{"@id":"https:\/\/www.ufi.eu\/cs\/product\/svazek-pcn-a-ufi\/#primaryimage"},"image":{"@id":"https:\/\/www.ufi.eu\/cs\/product\/svazek-pcn-a-ufi\/#primaryimage"},"thumbnailUrl":"https:\/\/www.ufi.eu\/wp-content\/uploads\/2025\/03\/pcn_ufi.jpg","datePublished":"2025-09-24T14:40:15+00:00","dateModified":"2026-01-09T16:12:39+00:00","description":"Sada PCN a UFI v\u00e1m poskytne v\u0161e, co pot\u0159ebujete, abyste mohli za\u010d\u00edt prod\u00e1vat sv\u016fj v\u00fdrobek v EU.","breadcrumb":{"@id":"https:\/\/www.ufi.eu\/cs\/product\/svazek-pcn-a-ufi\/#breadcrumb"},"inLanguage":"cs","potentialAction":[{"@type":"ReadAction","target":["https:\/\/www.ufi.eu\/cs\/product\/svazek-pcn-a-ufi\/"]}]},{"@type":"ImageObject","inLanguage":"cs","@id":"https:\/\/www.ufi.eu\/cs\/product\/svazek-pcn-a-ufi\/#primaryimage","url":"https:\/\/www.ufi.eu\/wp-content\/uploads\/2025\/03\/pcn_ufi.jpg","contentUrl":"https:\/\/www.ufi.eu\/wp-content\/uploads\/2025\/03\/pcn_ufi.jpg","width":1024,"height":1024},{"@type":"BreadcrumbList","@id":"https:\/\/www.ufi.eu\/cs\/product\/svazek-pcn-a-ufi\/#breadcrumb","itemListElement":[{"@type":"ListItem","position":1,"name":"Home","item":"https:\/\/www.ufi.eu\/cs\/home\/"},{"@type":"ListItem","position":2,"name":"Obchod","item":"https:\/\/www.ufi.eu\/cs\/obchod\/"},{"@type":"ListItem","position":3,"name":"Svazek PCN a UFI"}]},{"@type":"WebSite","@id":"https:\/\/www.ufi.eu\/cs\/#website","url":"https:\/\/www.ufi.eu\/cs\/","name":"UFI.EU","description":"Poison Centre Notifications (PCN) and UFI","publisher":{"@id":"https:\/\/www.ufi.eu\/cs\/#organization"},"potentialAction":[{"@type":"SearchAction","target":{"@type":"EntryPoint","urlTemplate":"https:\/\/www.ufi.eu\/cs\/?s={search_term_string}"},"query-input":{"@type":"PropertyValueSpecification","valueRequired":true,"valueName":"search_term_string"}}],"inLanguage":"cs"},{"@type":"Organization","@id":"https:\/\/www.ufi.eu\/cs\/#organization","name":"UFI.EU","url":"https:\/\/www.ufi.eu\/cs\/","logo":{"@type":"ImageObject","inLanguage":"cs","@id":"https:\/\/www.ufi.eu\/cs\/#\/schema\/logo\/image\/","url":"https:\/\/www.ufi.eu\/wp-content\/uploads\/2025\/03\/cropped-logo_ufi3.jpg","contentUrl":"https:\/\/www.ufi.eu\/wp-content\/uploads\/2025\/03\/cropped-logo_ufi3.jpg","width":231,"height":78,"caption":"UFI.EU"},"image":{"@id":"https:\/\/www.ufi.eu\/cs\/#\/schema\/logo\/image\/"},"description":"UFI.eu specializes in digital registrations for Poison Centre Notifications (PCN), ensuring your chemical products meet EU regulatory requirements effortlessly. Our streamlined solutions help businesses stay compliant while reducing complexity and administrative burden.","email":"info@ufi.eu","legalName":"UFI.EU"}]},"product_price_amount":"0.00","product_price_currency":"EUR","og_availability":"instock","product_availability":"instock","product_condition":"new"},"_links":{"self":[{"href":"https:\/\/www.ufi.eu\/cs\/wp-json\/wp\/v2\/product\/31738","targetHints":{"allow":["GET"]}}],"collection":[{"href":"https:\/\/www.ufi.eu\/cs\/wp-json\/wp\/v2\/product"}],"about":[{"href":"https:\/\/www.ufi.eu\/cs\/wp-json\/wp\/v2\/types\/product"}],"wp:featuredmedia":[{"embeddable":true,"href":"https:\/\/www.ufi.eu\/cs\/wp-json\/wp\/v2\/media\/12436"}],"wp:attachment":[{"href":"https:\/\/www.ufi.eu\/cs\/wp-json\/wp\/v2\/media?parent=31738"}],"wp:term":[{"taxonomy":"product_brand","embeddable":true,"href":"https:\/\/www.ufi.eu\/cs\/wp-json\/wp\/v2\/product_brand?post=31738"},{"taxonomy":"product_cat","embeddable":true,"href":"https:\/\/www.ufi.eu\/cs\/wp-json\/wp\/v2\/product_cat?post=31738"},{"taxonomy":"product_tag","embeddable":true,"href":"https:\/\/www.ufi.eu\/cs\/wp-json\/wp\/v2\/product_tag?post=31738"}],"curies":[{"name":"wp","href":"https:\/\/api.w.org\/{rel}","templated":true}]}}